{"id":127,"date":"2023-12-25T08:20:20","date_gmt":"2023-12-25T08:20:20","guid":{"rendered":"https:\/\/unkrautmarkt.com\/narco1\/?post_type=product&#038;p=127"},"modified":"2025-09-01T19:58:05","modified_gmt":"2025-09-01T19:58:05","slug":"acheter-de-la-methamphetamine-crystal-meth-en-ligne","status":"publish","type":"product","link":"https:\/\/poudresdenarco.com\/de\/produkt\/methamphetamin-crystal-meth-online-kaufen\/","title":{"rendered":"Methamphetamin (Crystal Meth) online kaufen"},"content":{"rendered":"<h2><span style=\"vertical-align: inherit;\"><span style=\"vertical-align: inherit;\">Kaufen Sie Methamphetamin (Crystal Meth) online<\/span><\/span><\/h2>\n<h3><span style=\"vertical-align: inherit;\"><span style=\"vertical-align: inherit;\">Was ist Methamphetamin?<\/span><\/span><\/h3>\n<p><span style=\"vertical-align: inherit;\"><span style=\"vertical-align: inherit;\">Stimulanzien wie <a href=\"https:\/\/en.wikipedia.org\/wiki\/Methamphetamine\">methamphetamine<\/a> erm\u00f6glichen es Benutzern, wach zu bleiben und kontinuierlich aktiv zu sein, w\u00e4hrend gleichzeitig das Schlafbed\u00fcrfnis reduziert wird.<\/span><\/span><\/p>\n<p><span style=\"vertical-align: inherit;\"><span style=\"vertical-align: inherit;\">Diese Drogen werden in Form gro\u00dfer Kristalle, sogenannter Ice, als Pillen oder Pulver hergestellt. Ice, oft auch als Crystal Meth bekannt, ist eine weit verbreitete Substanz, insbesondere unter jungen Erwachsenen und Partyg\u00e4ngern, die h\u00e4ufig in Clubs und auf Tanzfl\u00e4chen unterwegs sind.<\/span><\/span><\/p>\n<h3><span style=\"vertical-align: inherit;\"><span style=\"vertical-align: inherit;\">Welchen anderen Namen gibt es f\u00fcr Methamphetamin (Meth)?<\/span><\/span><\/h3>\n<p><span style=\"vertical-align: inherit;\"><span style=\"vertical-align: inherit;\">Crank (vor allem injiziert), Speed, St\u00e4bchen, Methamphetamin, Crystal Meth, Kreide, Eis, Glas und Weihnachtsbaum<\/span><\/span><\/p>\n<h3><span style=\"vertical-align: inherit;\"><span style=\"vertical-align: inherit;\">Methamphetamin oder \u201eMeth\u201c \u2013 wie wird es verwendet?<\/span><\/span><\/h3>\n<p><span style=\"vertical-align: inherit;\"><span style=\"vertical-align: inherit;\">Methamphetamin kann geraucht, eingenommen, inhaliert oder intraven\u00f6s injiziert werden.<\/span><\/span><\/p>\n<h3><span style=\"vertical-align: inherit;\"><span style=\"vertical-align: inherit;\">Welchen anderen Namen gibt es f\u00fcr Methamphetamin (Meth)?<\/span><\/span><\/h3>\n<p><span style=\"vertical-align: inherit;\"><span style=\"vertical-align: inherit;\">Die Wirkung von Methamphetamin, das eingenommen oder geschnupft wird \u2013 auch \u201eBumpin\u2018\u201c genannt \u2013 ist extrem stark. Ein Rausch oder Flash ist die kurzlebige, aber starke und wirksame Wirkung von Injektionen.<\/span><\/span><\/p>\n<p><span style=\"vertical-align: inherit;\"><span style=\"vertical-align: inherit;\">Methamphetaminkonsumenten erleben ein starkes und energiegeladenes High. Sie glauben, dass die Droge ihren K\u00f6rper st\u00e4ndig in Gang h\u00e4lt. Methamphetamin verursacht jedoch ernsthafte Sch\u00e4den an K\u00f6rper und Gehirn, insbesondere bei h\u00e4ufigem Konsum.<\/span><\/span><\/p>\n<p><span style=\"vertical-align: inherit;\"><span style=\"vertical-align: inherit;\">Erh\u00f6hter Blutdruck, unregelm\u00e4\u00dfiger Herzschlag und schnelle Atmung sind Nebenwirkungen. Dar\u00fcber hinaus berichten Anwender von Kopfschmerzen, trockenem Mund, Err\u00f6ten, ver\u00e4ndertem Sehverm\u00f6gen, Schwitzen und Schwindel. Menschen, die schnell abnehmen m\u00f6chten, verwenden dieses Medikament als riskante Di\u00e4tmethode, da es h\u00e4ufig den Appetit verringert oder sogar eliminiert.<\/span><\/span><\/p>\n<p><span style=\"vertical-align: inherit;\"><span style=\"vertical-align: inherit;\">Another concern is \"\u00a0<a href=\"https:\/\/poudresdenarco.com\/de\/produkt\/methamphetamin-crystal-meth-online-kaufen\/\">meth<\/a>. \u00bb Aufgrund chronischer Zahnfleischerkrankungen und Karies brechen oder fallen Z\u00e4hne h\u00e4ufig aus.<\/span><\/span><\/p>\n<p>&nbsp;<\/p>","protected":false},"excerpt":{"rendered":"<p>Buy Methamphetamine (Crystal Meth) Online What is methamphetamine? Stimulants like methamphetamine allow users to stay awake and engage in continuous activity while reducing the need for sleep. These drugs are produced in the form of large crystals called ice, pills or powders. Ice, often known as crystal meth, is a common substance, especially among young&hellip;<\/p>","protected":false},"featured_media":266,"comment_status":"open","ping_status":"closed","template":"","meta":{"_joinchat":[]},"product_cat":[161],"product_tag":[],"class_list":{"0":"post-127","1":"product","2":"type-product","3":"status-publish","4":"has-post-thumbnail","6":"product_cat-du-crystal-meth","8":"first","9":"instock","10":"shipping-taxable","11":"purchasable","12":"product-type-variable","13":"col-xs-6 col-sm-4","14":"col-md-3 col-lg-3","15":"un-4-cols"},"yoast_head":"<!-- This site is optimized with the Yoast SEO plugin v23.8 - https:\/\/yoast.com\/wordpress\/plugins\/seo\/ -->\n<title>Acheter de la m\u00e9thamph\u00e9tamine en ligne \u2013 Vente de m\u00e9thamph\u00e9tamine<\/title>\n<meta name=\"description\" content=\"Achetez de la m\u00e9thamph\u00e9tamine \u00e0 des prix abordables dans notre magasin PoudresDenarco. Nous vous aiderons \u00e0 acheter de la m\u00e9thamph\u00e9tamine en ligne. Acceptez votre commande et livrez-la chez vous sous peu !\" \/>\n<meta name=\"robots\" content=\"index, follow, max-snippet:-1, max-image-preview:large, max-video-preview:-1\" \/>\n<link rel=\"canonical\" href=\"https:\/\/poudresdenarco.com\/de\/produkt\/methamphetamin-crystal-meth-online-kaufen\/\" \/>\n<meta property=\"og:locale\" content=\"de_DE\" \/>\n<meta property=\"og:type\" content=\"article\" \/>\n<meta property=\"og:title\" content=\"Acheter de la m\u00e9thamph\u00e9tamine en ligne \u2013 Vente de m\u00e9thamph\u00e9tamine\" \/>\n<meta property=\"og:description\" content=\"Achetez de la m\u00e9thamph\u00e9tamine \u00e0 des prix abordables dans notre magasin PoudresDenarco. Nous vous aiderons \u00e0 acheter de la m\u00e9thamph\u00e9tamine en ligne. Acceptez votre commande et livrez-la chez vous sous peu !\" \/>\n<meta property=\"og:url\" content=\"https:\/\/poudresdenarco.com\/de\/produkt\/methamphetamin-crystal-meth-online-kaufen\/\" \/>\n<meta property=\"og:site_name\" content=\"Poudresde Narco\" \/>\n<meta property=\"article:modified_time\" content=\"2025-09-01T19:58:05+00:00\" \/>\n<meta property=\"og:image\" content=\"https:\/\/poudresdenarco.com\/wp-content\/uploads\/2023\/12\/Buy-Methamphetamine-online.jpg\" \/>\n\t<meta property=\"og:image:width\" content=\"600\" \/>\n\t<meta property=\"og:image:height\" content=\"600\" \/>\n\t<meta property=\"og:image:type\" content=\"image\/jpeg\" \/>\n<meta name=\"twitter:card\" content=\"summary_large_image\" \/>\n<meta name=\"twitter:label1\" content=\"Gesch\u00e4tzte Lesezeit\" \/>\n\t<meta name=\"twitter:data1\" content=\"2 Minuten\" \/>\n<script type=\"application\/ld+json\" class=\"yoast-schema-graph\">{\"@context\":\"https:\/\/schema.org\",\"@graph\":[{\"@type\":\"WebPage\",\"@id\":\"https:\/\/poudresdenarco.com\/produit\/acheter-de-la-methamphetamine-crystal-meth-en-ligne\/\",\"url\":\"https:\/\/poudresdenarco.com\/produit\/acheter-de-la-methamphetamine-crystal-meth-en-ligne\/\",\"name\":\"Acheter de la m\u00e9thamph\u00e9tamine en ligne \u2013 Vente de m\u00e9thamph\u00e9tamine\",\"isPartOf\":{\"@id\":\"https:\/\/poudresdenarco.com\/#website\"},\"primaryImageOfPage\":{\"@id\":\"https:\/\/poudresdenarco.com\/produit\/acheter-de-la-methamphetamine-crystal-meth-en-ligne\/#primaryimage\"},\"image\":{\"@id\":\"https:\/\/poudresdenarco.com\/produit\/acheter-de-la-methamphetamine-crystal-meth-en-ligne\/#primaryimage\"},\"thumbnailUrl\":\"https:\/\/poudresdenarco.com\/wp-content\/uploads\/2023\/12\/Buy-Methamphetamine-online.jpg\",\"datePublished\":\"2023-12-25T08:20:20+00:00\",\"dateModified\":\"2025-09-01T19:58:05+00:00\",\"description\":\"Achetez de la m\u00e9thamph\u00e9tamine \u00e0 des prix abordables dans notre magasin PoudresDenarco. Nous vous aiderons \u00e0 acheter de la m\u00e9thamph\u00e9tamine en ligne. Acceptez votre commande et livrez-la chez vous sous peu !\",\"breadcrumb\":{\"@id\":\"https:\/\/poudresdenarco.com\/produit\/acheter-de-la-methamphetamine-crystal-meth-en-ligne\/#breadcrumb\"},\"inLanguage\":\"de\",\"potentialAction\":[{\"@type\":\"ReadAction\",\"target\":[\"https:\/\/poudresdenarco.com\/produit\/acheter-de-la-methamphetamine-crystal-meth-en-ligne\/\"]}]},{\"@type\":\"ImageObject\",\"inLanguage\":\"de\",\"@id\":\"https:\/\/poudresdenarco.com\/produit\/acheter-de-la-methamphetamine-crystal-meth-en-ligne\/#primaryimage\",\"url\":\"https:\/\/poudresdenarco.com\/wp-content\/uploads\/2023\/12\/Buy-Methamphetamine-online.jpg\",\"contentUrl\":\"https:\/\/poudresdenarco.com\/wp-content\/uploads\/2023\/12\/Buy-Methamphetamine-online.jpg\",\"width\":600,\"height\":600,\"caption\":\"Buy-Methamphetamine-online\"},{\"@type\":\"BreadcrumbList\",\"@id\":\"https:\/\/poudresdenarco.com\/produit\/acheter-de-la-methamphetamine-crystal-meth-en-ligne\/#breadcrumb\",\"itemListElement\":[{\"@type\":\"ListItem\",\"position\":1,\"name\":\"Home\",\"item\":\"https:\/\/poudresdenarco.com\/\"},{\"@type\":\"ListItem\",\"position\":2,\"name\":\"Boutique\",\"item\":\"https:\/\/poudresdenarco.com\/boutique\/\"},{\"@type\":\"ListItem\",\"position\":3,\"name\":\"Acheter de la m\u00e9thamph\u00e9tamine (Crystal meth) en ligne\"}]},{\"@type\":\"WebSite\",\"@id\":\"https:\/\/poudresdenarco.com\/#website\",\"url\":\"https:\/\/poudresdenarco.com\/\",\"name\":\"Poudresde Narco\",\"description\":\"Acheter de la coca\u00efne et de l&#039;h\u00e9ro\u00efne en ligne\",\"potentialAction\":[{\"@type\":\"SearchAction\",\"target\":{\"@type\":\"EntryPoint\",\"urlTemplate\":\"https:\/\/poudresdenarco.com\/?s={search_term_string}\"},\"query-input\":{\"@type\":\"PropertyValueSpecification\",\"valueRequired\":true,\"valueName\":\"search_term_string\"}}],\"inLanguage\":\"de\"}]}<\/script>\n<!-- \/ Yoast SEO plugin. -->","yoast_head_json":{"title":"Acheter de la m\u00e9thamph\u00e9tamine en ligne \u2013 Vente de m\u00e9thamph\u00e9tamine","description":"Achetez de la m\u00e9thamph\u00e9tamine \u00e0 des prix abordables dans notre magasin PoudresDenarco. Nous vous aiderons \u00e0 acheter de la m\u00e9thamph\u00e9tamine en ligne. Acceptez votre commande et livrez-la chez vous sous peu !","robots":{"index":"index","follow":"follow","max-snippet":"max-snippet:-1","max-image-preview":"max-image-preview:large","max-video-preview":"max-video-preview:-1"},"canonical":"https:\/\/poudresdenarco.com\/de\/produkt\/methamphetamin-crystal-meth-online-kaufen\/","og_locale":"de_DE","og_type":"article","og_title":"Acheter de la m\u00e9thamph\u00e9tamine en ligne \u2013 Vente de m\u00e9thamph\u00e9tamine","og_description":"Achetez de la m\u00e9thamph\u00e9tamine \u00e0 des prix abordables dans notre magasin PoudresDenarco. Nous vous aiderons \u00e0 acheter de la m\u00e9thamph\u00e9tamine en ligne. Acceptez votre commande et livrez-la chez vous sous peu !","og_url":"https:\/\/poudresdenarco.com\/de\/produkt\/methamphetamin-crystal-meth-online-kaufen\/","og_site_name":"Poudresde Narco","article_modified_time":"2025-09-01T19:58:05+00:00","og_image":[{"width":600,"height":600,"url":"https:\/\/poudresdenarco.com\/wp-content\/uploads\/2023\/12\/Buy-Methamphetamine-online.jpg","type":"image\/jpeg"}],"twitter_card":"summary_large_image","twitter_misc":{"Gesch\u00e4tzte Lesezeit":"2 Minuten"},"schema":{"@context":"https:\/\/schema.org","@graph":[{"@type":"WebPage","@id":"https:\/\/poudresdenarco.com\/produit\/acheter-de-la-methamphetamine-crystal-meth-en-ligne\/","url":"https:\/\/poudresdenarco.com\/produit\/acheter-de-la-methamphetamine-crystal-meth-en-ligne\/","name":"Acheter de la m\u00e9thamph\u00e9tamine en ligne \u2013 Vente de m\u00e9thamph\u00e9tamine","isPartOf":{"@id":"https:\/\/poudresdenarco.com\/#website"},"primaryImageOfPage":{"@id":"https:\/\/poudresdenarco.com\/produit\/acheter-de-la-methamphetamine-crystal-meth-en-ligne\/#primaryimage"},"image":{"@id":"https:\/\/poudresdenarco.com\/produit\/acheter-de-la-methamphetamine-crystal-meth-en-ligne\/#primaryimage"},"thumbnailUrl":"https:\/\/poudresdenarco.com\/wp-content\/uploads\/2023\/12\/Buy-Methamphetamine-online.jpg","datePublished":"2023-12-25T08:20:20+00:00","dateModified":"2025-09-01T19:58:05+00:00","description":"Achetez de la m\u00e9thamph\u00e9tamine \u00e0 des prix abordables dans notre magasin PoudresDenarco. Nous vous aiderons \u00e0 acheter de la m\u00e9thamph\u00e9tamine en ligne. Acceptez votre commande et livrez-la chez vous sous peu !","breadcrumb":{"@id":"https:\/\/poudresdenarco.com\/produit\/acheter-de-la-methamphetamine-crystal-meth-en-ligne\/#breadcrumb"},"inLanguage":"de","potentialAction":[{"@type":"ReadAction","target":["https:\/\/poudresdenarco.com\/produit\/acheter-de-la-methamphetamine-crystal-meth-en-ligne\/"]}]},{"@type":"ImageObject","inLanguage":"de","@id":"https:\/\/poudresdenarco.com\/produit\/acheter-de-la-methamphetamine-crystal-meth-en-ligne\/#primaryimage","url":"https:\/\/poudresdenarco.com\/wp-content\/uploads\/2023\/12\/Buy-Methamphetamine-online.jpg","contentUrl":"https:\/\/poudresdenarco.com\/wp-content\/uploads\/2023\/12\/Buy-Methamphetamine-online.jpg","width":600,"height":600,"caption":"Buy-Methamphetamine-online"},{"@type":"BreadcrumbList","@id":"https:\/\/poudresdenarco.com\/produit\/acheter-de-la-methamphetamine-crystal-meth-en-ligne\/#breadcrumb","itemListElement":[{"@type":"ListItem","position":1,"name":"Home","item":"https:\/\/poudresdenarco.com\/"},{"@type":"ListItem","position":2,"name":"Boutique","item":"https:\/\/poudresdenarco.com\/boutique\/"},{"@type":"ListItem","position":3,"name":"Acheter de la m\u00e9thamph\u00e9tamine (Crystal meth) en ligne"}]},{"@type":"WebSite","@id":"https:\/\/poudresdenarco.com\/#website","url":"https:\/\/poudresdenarco.com\/","name":"Poudresde Narco","description":"Acheter de la coca\u00efne et de l&#039;h\u00e9ro\u00efne en ligne","potentialAction":[{"@type":"SearchAction","target":{"@type":"EntryPoint","urlTemplate":"https:\/\/poudresdenarco.com\/?s={search_term_string}"},"query-input":{"@type":"PropertyValueSpecification","valueRequired":true,"valueName":"search_term_string"}}],"inLanguage":"de"}]}},"_links":{"self":[{"href":"https:\/\/poudresdenarco.com\/de\/wp-json\/wp\/v2\/product\/127","targetHints":{"allow":["GET"]}}],"collection":[{"href":"https:\/\/poudresdenarco.com\/de\/wp-json\/wp\/v2\/product"}],"about":[{"href":"https:\/\/poudresdenarco.com\/de\/wp-json\/wp\/v2\/types\/product"}],"replies":[{"embeddable":true,"href":"https:\/\/poudresdenarco.com\/de\/wp-json\/wp\/v2\/comments?post=127"}],"wp:featuredmedia":[{"embeddable":true,"href":"https:\/\/poudresdenarco.com\/de\/wp-json\/wp\/v2\/media\/266"}],"wp:attachment":[{"href":"https:\/\/poudresdenarco.com\/de\/wp-json\/wp\/v2\/media?parent=127"}],"wp:term":[{"taxonomy":"product_cat","embeddable":true,"href":"https:\/\/poudresdenarco.com\/de\/wp-json\/wp\/v2\/product_cat?post=127"},{"taxonomy":"product_tag","embeddable":true,"href":"https:\/\/poudresdenarco.com\/de\/wp-json\/wp\/v2\/product_tag?post=127"}],"curies":[{"name":"wp","href":"https:\/\/api.w.org\/{rel}","templated":true}]}}