{"id":153,"date":"2023-12-25T08:20:26","date_gmt":"2023-12-25T08:20:26","guid":{"rendered":"https:\/\/unkrautmarkt.com\/narco1\/?post_type=product&#038;p=153"},"modified":"2025-06-08T22:07:14","modified_gmt":"2025-06-08T22:07:14","slug":"acheter-de-la-poudre-de-ketamine-anasket","status":"publish","type":"product","link":"https:\/\/poudresdenarco.com\/de\/produkt\/kaufen-ketamin-anasket-pulver\/","title":{"rendered":"Anasket Ketaminpulver kaufen"},"content":{"rendered":"<h2>Anasket Ketaminpulver online kaufen<\/h2>\n<h3>Anasket Ketaminpulver kaufen<\/h3>\n<p>Kaufen Premium Anesket online, 1000 mg\/10 ml. Zu verkaufen ist Anesket 1000 mg\/10 ml.<\/p>\n<p>An\u00e4sthetikum erwerben <a href=\"https:\/\/en.wikipedia.org\/wiki\/Ketamine\">Ketamin<\/a> in Pulverform Der Verkauf von An\u00e4sthetika ist eine unserer Hauptt\u00e4tigkeiten hier. Daher liefern oder verkaufen wir Anesket mit oder ohne Rezept. Anesket kann von Kunden aus aller Welt mit oder ohne Rezept online gekauft werden. Das Medikament wirkt jedoch wie Ketamin. Es wird verwendet, um einen Patienten bei schwierigen Eingriffen zu bet\u00e4uben. Es geh\u00f6rt daher zum selben medizinischen Fachgebiet wie die An\u00e4sthesie.<\/p>\n<p>Das Medikament ist aufgrund seiner sedierenden und halluzinogenen Eigenschaften sehr stark und wird in einem farblosen Fl\u00e4schchen angeboten. Anesket wird in den meisten L\u00e4ndern der Welt h\u00e4ufig als Muskelrelaxans verwendet. Das Medikament wird als Sedativum oder An\u00e4sthetikum verwendet, kann aber auch bei der Behandlung von Schmerzen, Depressionen und verschiedenen anderen Problemen sehr hilfreich sein. Rezeptfreie Bet\u00e4ubungsspritze<\/p>\n<p>Anesket Injektion, rezeptfrei | Anesket 1000mg-10ml L\u00f6sung | Ketamin kaufen online verdeckt in der N\u00e4he<\/p>\n<h3>Was wir tun, ist, die ANESKET SOLUTION 1000MG-10ML in bester Qualit\u00e4t anzubieten.<\/h3>\n<p>Unser <a href=\"https:\/\/poudresdenarco.com\/de\/produkt\/kaufen-ketamin-anasket-pulver\/\">ANESKET-L\u00d6SUNG 1000MG-10ML<\/a> von au\u00dfergew\u00f6hnlicher Qualit\u00e4t hat uns eine einzigartige Nische in der Branche verschafft.<\/p>\n<p>Das Injektionsnarkotikum kann allein oder in Kombination mit anderen Medikamenten verwendet werden, um vor, w\u00e4hrend und nach Operationen oder anderen medizinischen Eingriffen eine Bewusstlosigkeit herbeizuf\u00fchren. Es geh\u00f6rt zu einer Gruppe von Arzneimitteln, die als Allgemeinan\u00e4sthetika bezeichnet werden. Gesetzliche An\u00e4sthesie, 1000 mg\/10 ml. Ketamin Injektion kaufen. Kaufen Sie ein Ketamin-An\u00e4sthetikum in Pulverform.<\/p>\n<p>An\u00e4sthetika d\u00fcrfen nur von qualifiziertem medizinischem Personal und auch dann nur unter dessen strenger Aufsicht verabreicht werden. Wenn Sie Anesket w\u00e4hrend eines chirurgischen Eingriffs ben\u00f6tigen, wird Ihr Arzt oder An\u00e4sthesist Ihnen Medikamente verschreiben und Ihre Genesung genau \u00fcberwachen. Gesetzliche An\u00e4sthesie, 1000 mg\/10 ml. Erwerben Sie ein Ketamin-An\u00e4sthetikum in Pulverform.<\/p>\n<p>&nbsp;<\/p>","protected":false},"excerpt":{"rendered":"<p>Acheter de la poudre de k\u00e9tamine Anasket en ligne Acheter de la poudre de k\u00e9tamine Anasket Achetez Premium Anesket en ligne, 1000 mg\/10 ml. \u00c0 vendre est Anesket 1000 mg\/10 ml. Acqu\u00e9rir de l&rsquo;anesth\u00e9sique k\u00e9tamine en poudre La vente d&rsquo;anesth\u00e9siques est l&rsquo;une de nos principales activit\u00e9s ici. Par cons\u00e9quent, nous fournissons ou vendons de l\u2019anesket&hellip;<\/p>","protected":false},"featured_media":262,"comment_status":"open","ping_status":"closed","template":"","meta":{"_joinchat":[]},"product_cat":[174],"product_tag":[],"class_list":{"0":"post-153","1":"product","2":"type-product","3":"status-publish","4":"has-post-thumbnail","6":"product_cat-la-ketamine","8":"first","9":"instock","10":"shipping-taxable","11":"purchasable","12":"product-type-variable","13":"col-xs-6 col-sm-4","14":"col-md-3 col-lg-3","15":"un-4-cols"},"yoast_head":"<!-- This site is optimized with the Yoast SEO plugin v23.8 - https:\/\/yoast.com\/wordpress\/plugins\/seo\/ -->\n<title>Acheter de la poudre de k\u00e9tamine Anasket en ligne - Poudre de k\u00e9tamine Anasket \u00e0 vendre<\/title>\n<meta name=\"description\" content=\"Votre commande de poudre de k\u00e9tamine Anasket \u00e0 vendre est notre responsabilit\u00e9. Nous prendrons en compte votre demande d&#039;achat de poudre de k\u00e9tamine Anasket en ligne et vous r\u00e9pondrons dans les plus brefs d\u00e9lais. Passez des commandes group\u00e9es d\u00e8s maintenant !\" \/>\n<meta name=\"robots\" content=\"index, follow, max-snippet:-1, max-image-preview:large, max-video-preview:-1\" \/>\n<link rel=\"canonical\" href=\"https:\/\/poudresdenarco.com\/de\/produkt\/kaufen-ketamin-anasket-pulver\/\" \/>\n<meta property=\"og:locale\" content=\"de_DE\" \/>\n<meta property=\"og:type\" content=\"article\" \/>\n<meta property=\"og:title\" content=\"Acheter de la poudre de k\u00e9tamine Anasket en ligne - Poudre de k\u00e9tamine Anasket \u00e0 vendre\" \/>\n<meta property=\"og:description\" content=\"Votre commande de poudre de k\u00e9tamine Anasket \u00e0 vendre est notre responsabilit\u00e9. Nous prendrons en compte votre demande d&#039;achat de poudre de k\u00e9tamine Anasket en ligne et vous r\u00e9pondrons dans les plus brefs d\u00e9lais. Passez des commandes group\u00e9es d\u00e8s maintenant !\" \/>\n<meta property=\"og:url\" content=\"https:\/\/poudresdenarco.com\/de\/produkt\/kaufen-ketamin-anasket-pulver\/\" \/>\n<meta property=\"og:site_name\" content=\"Poudresde Narco\" \/>\n<meta property=\"article:modified_time\" content=\"2025-06-08T22:07:14+00:00\" \/>\n<meta property=\"og:image\" content=\"https:\/\/poudresdenarco.com\/wp-content\/uploads\/2023\/12\/Buy-Ketamine-Anasket-Powder.jpg\" \/>\n\t<meta property=\"og:image:width\" content=\"600\" \/>\n\t<meta property=\"og:image:height\" content=\"600\" \/>\n\t<meta property=\"og:image:type\" content=\"image\/jpeg\" \/>\n<meta name=\"twitter:card\" content=\"summary_large_image\" \/>\n<meta name=\"twitter:label1\" content=\"Gesch\u00e4tzte Lesezeit\" \/>\n\t<meta name=\"twitter:data1\" content=\"2 Minuten\" \/>\n<script type=\"application\/ld+json\" class=\"yoast-schema-graph\">{\"@context\":\"https:\/\/schema.org\",\"@graph\":[{\"@type\":\"WebPage\",\"@id\":\"https:\/\/poudresdenarco.com\/produit\/acheter-de-la-poudre-de-ketamine-anasket\/\",\"url\":\"https:\/\/poudresdenarco.com\/produit\/acheter-de-la-poudre-de-ketamine-anasket\/\",\"name\":\"Acheter de la poudre de k\u00e9tamine Anasket en ligne - Poudre de k\u00e9tamine Anasket \u00e0 vendre\",\"isPartOf\":{\"@id\":\"https:\/\/poudresdenarco.com\/#website\"},\"primaryImageOfPage\":{\"@id\":\"https:\/\/poudresdenarco.com\/produit\/acheter-de-la-poudre-de-ketamine-anasket\/#primaryimage\"},\"image\":{\"@id\":\"https:\/\/poudresdenarco.com\/produit\/acheter-de-la-poudre-de-ketamine-anasket\/#primaryimage\"},\"thumbnailUrl\":\"https:\/\/poudresdenarco.com\/wp-content\/uploads\/2023\/12\/Buy-Ketamine-Anasket-Powder.jpg\",\"datePublished\":\"2023-12-25T08:20:26+00:00\",\"dateModified\":\"2025-06-08T22:07:14+00:00\",\"description\":\"Votre commande de poudre de k\u00e9tamine Anasket \u00e0 vendre est notre responsabilit\u00e9. Nous prendrons en compte votre demande d'achat de poudre de k\u00e9tamine Anasket en ligne et vous r\u00e9pondrons dans les plus brefs d\u00e9lais. Passez des commandes group\u00e9es d\u00e8s maintenant !\",\"breadcrumb\":{\"@id\":\"https:\/\/poudresdenarco.com\/produit\/acheter-de-la-poudre-de-ketamine-anasket\/#breadcrumb\"},\"inLanguage\":\"de\",\"potentialAction\":[{\"@type\":\"ReadAction\",\"target\":[\"https:\/\/poudresdenarco.com\/produit\/acheter-de-la-poudre-de-ketamine-anasket\/\"]}]},{\"@type\":\"ImageObject\",\"inLanguage\":\"de\",\"@id\":\"https:\/\/poudresdenarco.com\/produit\/acheter-de-la-poudre-de-ketamine-anasket\/#primaryimage\",\"url\":\"https:\/\/poudresdenarco.com\/wp-content\/uploads\/2023\/12\/Buy-Ketamine-Anasket-Powder.jpg\",\"contentUrl\":\"https:\/\/poudresdenarco.com\/wp-content\/uploads\/2023\/12\/Buy-Ketamine-Anasket-Powder.jpg\",\"width\":600,\"height\":600},{\"@type\":\"BreadcrumbList\",\"@id\":\"https:\/\/poudresdenarco.com\/produit\/acheter-de-la-poudre-de-ketamine-anasket\/#breadcrumb\",\"itemListElement\":[{\"@type\":\"ListItem\",\"position\":1,\"name\":\"Home\",\"item\":\"https:\/\/poudresdenarco.com\/\"},{\"@type\":\"ListItem\",\"position\":2,\"name\":\"Boutique\",\"item\":\"https:\/\/poudresdenarco.com\/boutique\/\"},{\"@type\":\"ListItem\",\"position\":3,\"name\":\"Acheter de la poudre de k\u00e9tamine Anasket\"}]},{\"@type\":\"WebSite\",\"@id\":\"https:\/\/poudresdenarco.com\/#website\",\"url\":\"https:\/\/poudresdenarco.com\/\",\"name\":\"Poudresde Narco\",\"description\":\"Acheter de la coca\u00efne et de l&#039;h\u00e9ro\u00efne en ligne\",\"potentialAction\":[{\"@type\":\"SearchAction\",\"target\":{\"@type\":\"EntryPoint\",\"urlTemplate\":\"https:\/\/poudresdenarco.com\/?s={search_term_string}\"},\"query-input\":{\"@type\":\"PropertyValueSpecification\",\"valueRequired\":true,\"valueName\":\"search_term_string\"}}],\"inLanguage\":\"de\"}]}<\/script>\n<!-- \/ Yoast SEO plugin. -->","yoast_head_json":{"title":"Acheter de la poudre de k\u00e9tamine Anasket en ligne - Poudre de k\u00e9tamine Anasket \u00e0 vendre","description":"Votre commande de poudre de k\u00e9tamine Anasket \u00e0 vendre est notre responsabilit\u00e9. Nous prendrons en compte votre demande d'achat de poudre de k\u00e9tamine Anasket en ligne et vous r\u00e9pondrons dans les plus brefs d\u00e9lais. Passez des commandes group\u00e9es d\u00e8s maintenant !","robots":{"index":"index","follow":"follow","max-snippet":"max-snippet:-1","max-image-preview":"max-image-preview:large","max-video-preview":"max-video-preview:-1"},"canonical":"https:\/\/poudresdenarco.com\/de\/produkt\/kaufen-ketamin-anasket-pulver\/","og_locale":"de_DE","og_type":"article","og_title":"Acheter de la poudre de k\u00e9tamine Anasket en ligne - Poudre de k\u00e9tamine Anasket \u00e0 vendre","og_description":"Votre commande de poudre de k\u00e9tamine Anasket \u00e0 vendre est notre responsabilit\u00e9. Nous prendrons en compte votre demande d'achat de poudre de k\u00e9tamine Anasket en ligne et vous r\u00e9pondrons dans les plus brefs d\u00e9lais. Passez des commandes group\u00e9es d\u00e8s maintenant !","og_url":"https:\/\/poudresdenarco.com\/de\/produkt\/kaufen-ketamin-anasket-pulver\/","og_site_name":"Poudresde Narco","article_modified_time":"2025-06-08T22:07:14+00:00","og_image":[{"width":600,"height":600,"url":"https:\/\/poudresdenarco.com\/wp-content\/uploads\/2023\/12\/Buy-Ketamine-Anasket-Powder.jpg","type":"image\/jpeg"}],"twitter_card":"summary_large_image","twitter_misc":{"Gesch\u00e4tzte Lesezeit":"2 Minuten"},"schema":{"@context":"https:\/\/schema.org","@graph":[{"@type":"WebPage","@id":"https:\/\/poudresdenarco.com\/produit\/acheter-de-la-poudre-de-ketamine-anasket\/","url":"https:\/\/poudresdenarco.com\/produit\/acheter-de-la-poudre-de-ketamine-anasket\/","name":"Acheter de la poudre de k\u00e9tamine Anasket en ligne - Poudre de k\u00e9tamine Anasket \u00e0 vendre","isPartOf":{"@id":"https:\/\/poudresdenarco.com\/#website"},"primaryImageOfPage":{"@id":"https:\/\/poudresdenarco.com\/produit\/acheter-de-la-poudre-de-ketamine-anasket\/#primaryimage"},"image":{"@id":"https:\/\/poudresdenarco.com\/produit\/acheter-de-la-poudre-de-ketamine-anasket\/#primaryimage"},"thumbnailUrl":"https:\/\/poudresdenarco.com\/wp-content\/uploads\/2023\/12\/Buy-Ketamine-Anasket-Powder.jpg","datePublished":"2023-12-25T08:20:26+00:00","dateModified":"2025-06-08T22:07:14+00:00","description":"Votre commande de poudre de k\u00e9tamine Anasket \u00e0 vendre est notre responsabilit\u00e9. Nous prendrons en compte votre demande d'achat de poudre de k\u00e9tamine Anasket en ligne et vous r\u00e9pondrons dans les plus brefs d\u00e9lais. Passez des commandes group\u00e9es d\u00e8s maintenant !","breadcrumb":{"@id":"https:\/\/poudresdenarco.com\/produit\/acheter-de-la-poudre-de-ketamine-anasket\/#breadcrumb"},"inLanguage":"de","potentialAction":[{"@type":"ReadAction","target":["https:\/\/poudresdenarco.com\/produit\/acheter-de-la-poudre-de-ketamine-anasket\/"]}]},{"@type":"ImageObject","inLanguage":"de","@id":"https:\/\/poudresdenarco.com\/produit\/acheter-de-la-poudre-de-ketamine-anasket\/#primaryimage","url":"https:\/\/poudresdenarco.com\/wp-content\/uploads\/2023\/12\/Buy-Ketamine-Anasket-Powder.jpg","contentUrl":"https:\/\/poudresdenarco.com\/wp-content\/uploads\/2023\/12\/Buy-Ketamine-Anasket-Powder.jpg","width":600,"height":600},{"@type":"BreadcrumbList","@id":"https:\/\/poudresdenarco.com\/produit\/acheter-de-la-poudre-de-ketamine-anasket\/#breadcrumb","itemListElement":[{"@type":"ListItem","position":1,"name":"Home","item":"https:\/\/poudresdenarco.com\/"},{"@type":"ListItem","position":2,"name":"Boutique","item":"https:\/\/poudresdenarco.com\/boutique\/"},{"@type":"ListItem","position":3,"name":"Acheter de la poudre de k\u00e9tamine Anasket"}]},{"@type":"WebSite","@id":"https:\/\/poudresdenarco.com\/#website","url":"https:\/\/poudresdenarco.com\/","name":"Poudresde Narco","description":"Acheter de la coca\u00efne et de l&#039;h\u00e9ro\u00efne en ligne","potentialAction":[{"@type":"SearchAction","target":{"@type":"EntryPoint","urlTemplate":"https:\/\/poudresdenarco.com\/?s={search_term_string}"},"query-input":{"@type":"PropertyValueSpecification","valueRequired":true,"valueName":"search_term_string"}}],"inLanguage":"de"}]}},"_links":{"self":[{"href":"https:\/\/poudresdenarco.com\/de\/wp-json\/wp\/v2\/product\/153","targetHints":{"allow":["GET"]}}],"collection":[{"href":"https:\/\/poudresdenarco.com\/de\/wp-json\/wp\/v2\/product"}],"about":[{"href":"https:\/\/poudresdenarco.com\/de\/wp-json\/wp\/v2\/types\/product"}],"replies":[{"embeddable":true,"href":"https:\/\/poudresdenarco.com\/de\/wp-json\/wp\/v2\/comments?post=153"}],"wp:featuredmedia":[{"embeddable":true,"href":"https:\/\/poudresdenarco.com\/de\/wp-json\/wp\/v2\/media\/262"}],"wp:attachment":[{"href":"https:\/\/poudresdenarco.com\/de\/wp-json\/wp\/v2\/media?parent=153"}],"wp:term":[{"taxonomy":"product_cat","embeddable":true,"href":"https:\/\/poudresdenarco.com\/de\/wp-json\/wp\/v2\/product_cat?post=153"},{"taxonomy":"product_tag","embeddable":true,"href":"https:\/\/poudresdenarco.com\/de\/wp-json\/wp\/v2\/product_tag?post=153"}],"curies":[{"name":"wp","href":"https:\/\/api.w.org\/{rel}","templated":true}]}}