{"id":154,"date":"2023-12-25T08:20:26","date_gmt":"2023-12-25T08:20:26","guid":{"rendered":"https:\/\/unkrautmarkt.com\/narco1\/?post_type=product&#038;p=154"},"modified":"2025-06-10T07:41:15","modified_gmt":"2025-06-10T07:41:15","slug":"acheter-du-cristal-de-ketamine","status":"publish","type":"product","link":"https:\/\/poudresdenarco.com\/de\/produkt\/ketamin-kristall-kaufen\/","title":{"rendered":"Ketaminkristall kaufen"},"content":{"rendered":"<h2>Ketaminkristalle online kaufen<\/h2>\n<h3>Ketaminkristalle online kaufen<\/h3>\n<p>Les fournisseurs les plus r\u00e9put\u00e9s et dignes de confiance aux \u00c9tats-Unis proposent des cristaux de k\u00e9tamine \u00e0 la vente. Nous nous distinguons en tant que principal fournisseur de ce produit, au service des grands et petits laboratoires du monde entier. D&rsquo;autre part, Pureket Ketamine HCL Crystals poss\u00e8de l&rsquo;autorisation et la licence n\u00e9cessaires pour exporter ce produit dans le monde entier. Nos laboratoires sont donc \u00e0 la pointe de la technologie, garantissant que nos cristaux de <a href=\"https:\/\/en.wikipedia.org\/wiki\/Ketamine\">k\u00e9tamine HCl<\/a> sont purs \u00e0 99,9%. Le Canada, l\u2019Europe et les \u00c9tats-Unis font \u00e9galement partie des pays les plus furtifs. Apr\u00e8s tout, la k\u00e9tamine est disponible sous forme de cristaux, de poudre, de liquide, de pilule et de spray nasal. Apr\u00e8s avoir \u00e9t\u00e9 transform\u00e9 du liquide en cristal, les clients le re\u00e7oivent. Achetez des cristaux de k\u00e9tamine en ligne. Achetez des c\u00e9tones en ligne en Australie\u00a0; acheter des c\u00e9tones \u00e0 vendre Victoria, un fournisseur local de k\u00e9tamine \u00e0 Sydney, un revendeur de k\u00e9tamine \u00e0 Melbourne, o\u00f9 se procurer de la k\u00e9tamine \u00e0 Perth, NSW, QLD<\/p>\n<p>Was ist das? Au\u00dferdem ist der beste Ort, um sicher Ketamin HCL Pulver in den USA und Australien zu bestellen, der Ort, an dem man Ketamin-Reiskristalle online kaufen kann.<\/p>\n<p>Jugendliche konsumieren die t\u00f6dliche Substanz Ketamin h\u00e4ufig zu Freizeitzwecken oder auf Partys. Die Halluzinationen und die Realit\u00e4tsferne, die diese Substanz hervorrufen kann, sind die Gr\u00fcnde f\u00fcr ihren Missbrauch. Zu den gef\u00e4hrlichen Nebenwirkungen des Ketaminkonsums k\u00f6nnen Atembeschwerden und in Extremsituationen der Tod geh\u00f6ren. Angesichts des Potenzials an sch\u00e4dlichen Auswirkungen ist es von entscheidender Bedeutung, dass Eltern in der Lage sind, den Ketaminkonsum ihrer Teenager zu erkennen.<\/p>\n<h3>Arten von Ketamin: Ketamin online kaufen gegen Depressionen<\/h3>\n<p>Es gibt legitime medizinische Anwendungen f\u00fcr Ketamin, und es kann als klare Fl\u00fcssigkeit oder in Form von Ketamin bezogen werden. Arten : Ketamin online kaufen gegen Depressionen<\/p>\n<p>Es gibt legitime medizinische Anwendungen f\u00fcr Ketamin, und es kann als klare Fl\u00fcssigkeit oder als wei\u00dfes oder gebrochen wei\u00dfes Pulver bezogen werden. Die beliebtesten Ketaminsorten sind die folgenden:<\/p>\n<p>Zu therapeutischen Zwecken enth\u00e4lt das Ketamin-Nasenspray auch fl\u00fcssiges Ketamin. Ketaminpulver: Ketamin kann als wei\u00dfes oder gebrochen wei\u00dfes Pulver gekauft werden. Um das Ketamin zu injizieren, wird dieses Pulver mit Wasser kombiniert. Um hochwertige Ketaminkristalle oder -pulver herzustellen, die als Freizeitdroge geschluckt oder geschn\u00fcffelt werden k\u00f6nnen, kann fl\u00fcssiges Ketamin auch weiterverarbeitet werden.<\/p>\n<p>Ketaminpillen: Die Pillenversion von Ketamin wird nicht in der Medizin verwendet. Ketamin wird nur dann als Pille verwendet, wenn das Pulver zu Freizeitzwecken eingenommen und in eine Kapsel gef\u00fcllt wird.<\/p>\n<p>Da Ketamin in der Regel als klare Fl\u00fcssigkeit oder wei\u00dfes Pulver auftritt, kann es schwierig sein, festzustellen, ob eine Chemikalie Ketamin ist, ohne sie getestet zu haben, da sie in der Regel als klare Fl\u00fcssigkeit oder wei\u00dfes Pulver auftritt. wei\u00dfes Pulver. Jede Pille, jedes wei\u00dfe Pulver oder jedes Fl\u00e4schchen mit Fl\u00fcssigkeit, das nicht in der Originalverpackung ist und nicht richtig etikettiert ist, k\u00f6nnte Ketamin oder eine andere illegale Substanz sein.<\/p>\n<p>Beste Seite, um Ketaminkristalle online zu kaufen: Der Ketaminlieferant aus Europa und Amerika<\/p>\n<p>Sie sollten die Hilfe eines Spezialisten in Anspruch nehmen, sobald Sie den Verdacht haben, dass er Ketamin missbraucht. Next Generation Village hilft nachweislich jungen Menschen, die mit Drogenmissbrauch zu k\u00e4mpfen haben, n\u00fcchtern zu werden und zu bleiben. Zu verkaufen: Ketaminkristalle<\/p>\n<p>Avis de non-responsabilit\u00e9 m\u00e9dicale\u00a0: L&rsquo;objectif du Next Generation Village est d&rsquo;am\u00e9liorer la vie de ceux qui luttent contre la toxicomanie. ou la maladie mentale avec des informations factuelles concernant les caract\u00e9ristiques des probl\u00e8mes de sant\u00e9 comportementale, les traitements disponibles et les cons\u00e9quences associ\u00e9es. <a href=\"https:\/\/poudresdenarco.com\/de\/produkt\/ketamin-kristall-kaufen\/\">Achetez des cristaux de k\u00e9tamine<\/a>.<\/p>\n<h3><strong>WO KANN ICH KETAMINKRISTALLE ONLINE BEZIEHEN?<\/strong><\/h3>\n<p>Allgemeines An\u00e4sthetikum, das schnell wirkt und Halluzinationen hervorruft. Gelegentlich zur Unterst\u00fctzung bei Verbrechen mit sexuellen \u00dcbergriffen eingesetzt.<\/p>\n<p>Stra\u00dfennamen<\/p>\n<p>Vitamin K, Special K, Purple, Special La Coke, Jet, Cat Valium, Kit Kat, K, Super Acid und Super K<\/p>\n<p>Was ist der Zweck? Reine Reiskristalle mit Ketamin<\/p>\n<p>injiziert<\/p>\n<p>Mischen von Fl\u00fcssigkeiten und<\/p>\n<p>Pulver zum Rauchen oder Schn\u00fcffeln. Wo man Ketamin kaufen kann.<\/p>","protected":false},"excerpt":{"rendered":"<p>Acheter des cristaux de k\u00e9tamine en ligne Acheter des cristaux de k\u00e9tamine en ligne Les fournisseurs les plus r\u00e9put\u00e9s et dignes de confiance aux \u00c9tats-Unis proposent des cristaux de k\u00e9tamine \u00e0 la vente. Nous nous distinguons en tant que principal fournisseur de ce produit, au service des grands et petits laboratoires du monde entier. D&rsquo;autre&hellip;<\/p>","protected":false},"featured_media":261,"comment_status":"open","ping_status":"closed","template":"","meta":{"_joinchat":[]},"product_cat":[174],"product_tag":[],"class_list":{"0":"post-154","1":"product","2":"type-product","3":"status-publish","4":"has-post-thumbnail","6":"product_cat-la-ketamine","8":"first","9":"instock","10":"shipping-taxable","11":"purchasable","12":"product-type-variable","13":"col-xs-6 col-sm-4","14":"col-md-3 col-lg-3","15":"un-4-cols"},"yoast_head":"<!-- This site is optimized with the Yoast SEO plugin v23.8 - https:\/\/yoast.com\/wordpress\/plugins\/seo\/ -->\n<title>Acheter des cristaux de k\u00e9tamine en ligne - Vente de cristaux de k\u00e9tamine<\/title>\n<meta name=\"description\" content=\"C&#039;est le meilleur moment pour visiter notre boutique en ligne et acheter du cristal de k\u00e9tamine en ligne. Nous avons du cristal de k\u00e9tamine de haute qualit\u00e9 \u00e0 vendre ici au prix le plus abordable. Rencontrez-nous en ligne et passez votre commande d\u00e8s aujourd&#039;hui.\" \/>\n<meta name=\"robots\" content=\"index, follow, max-snippet:-1, max-image-preview:large, max-video-preview:-1\" \/>\n<link rel=\"canonical\" href=\"https:\/\/poudresdenarco.com\/de\/produkt\/ketamin-kristall-kaufen\/\" \/>\n<meta property=\"og:locale\" content=\"de_DE\" \/>\n<meta property=\"og:type\" content=\"article\" \/>\n<meta property=\"og:title\" content=\"Acheter des cristaux de k\u00e9tamine en ligne - Vente de cristaux de k\u00e9tamine\" \/>\n<meta property=\"og:description\" content=\"C&#039;est le meilleur moment pour visiter notre boutique en ligne et acheter du cristal de k\u00e9tamine en ligne. Nous avons du cristal de k\u00e9tamine de haute qualit\u00e9 \u00e0 vendre ici au prix le plus abordable. Rencontrez-nous en ligne et passez votre commande d\u00e8s aujourd&#039;hui.\" \/>\n<meta property=\"og:url\" content=\"https:\/\/poudresdenarco.com\/de\/produkt\/ketamin-kristall-kaufen\/\" \/>\n<meta property=\"og:site_name\" content=\"Poudresde Narco\" \/>\n<meta property=\"article:modified_time\" content=\"2025-06-10T07:41:15+00:00\" \/>\n<meta property=\"og:image\" content=\"https:\/\/poudresdenarco.com\/wp-content\/uploads\/2023\/12\/Buy-Ketamine-Crystal.jpg\" \/>\n\t<meta property=\"og:image:width\" content=\"600\" \/>\n\t<meta property=\"og:image:height\" content=\"600\" \/>\n\t<meta property=\"og:image:type\" content=\"image\/jpeg\" \/>\n<meta name=\"twitter:card\" content=\"summary_large_image\" \/>\n<meta name=\"twitter:label1\" content=\"Gesch\u00e4tzte Lesezeit\" \/>\n\t<meta name=\"twitter:data1\" content=\"4 Minuten\" \/>\n<script type=\"application\/ld+json\" class=\"yoast-schema-graph\">{\"@context\":\"https:\/\/schema.org\",\"@graph\":[{\"@type\":\"WebPage\",\"@id\":\"https:\/\/poudresdenarco.com\/produit\/acheter-du-cristal-de-ketamine\/\",\"url\":\"https:\/\/poudresdenarco.com\/produit\/acheter-du-cristal-de-ketamine\/\",\"name\":\"Acheter des cristaux de k\u00e9tamine en ligne - Vente de cristaux de k\u00e9tamine\",\"isPartOf\":{\"@id\":\"https:\/\/poudresdenarco.com\/#website\"},\"primaryImageOfPage\":{\"@id\":\"https:\/\/poudresdenarco.com\/produit\/acheter-du-cristal-de-ketamine\/#primaryimage\"},\"image\":{\"@id\":\"https:\/\/poudresdenarco.com\/produit\/acheter-du-cristal-de-ketamine\/#primaryimage\"},\"thumbnailUrl\":\"https:\/\/poudresdenarco.com\/wp-content\/uploads\/2023\/12\/Buy-Ketamine-Crystal.jpg\",\"datePublished\":\"2023-12-25T08:20:26+00:00\",\"dateModified\":\"2025-06-10T07:41:15+00:00\",\"description\":\"C'est le meilleur moment pour visiter notre boutique en ligne et acheter du cristal de k\u00e9tamine en ligne. Nous avons du cristal de k\u00e9tamine de haute qualit\u00e9 \u00e0 vendre ici au prix le plus abordable. Rencontrez-nous en ligne et passez votre commande d\u00e8s aujourd'hui.\",\"breadcrumb\":{\"@id\":\"https:\/\/poudresdenarco.com\/produit\/acheter-du-cristal-de-ketamine\/#breadcrumb\"},\"inLanguage\":\"de\",\"potentialAction\":[{\"@type\":\"ReadAction\",\"target\":[\"https:\/\/poudresdenarco.com\/produit\/acheter-du-cristal-de-ketamine\/\"]}]},{\"@type\":\"ImageObject\",\"inLanguage\":\"de\",\"@id\":\"https:\/\/poudresdenarco.com\/produit\/acheter-du-cristal-de-ketamine\/#primaryimage\",\"url\":\"https:\/\/poudresdenarco.com\/wp-content\/uploads\/2023\/12\/Buy-Ketamine-Crystal.jpg\",\"contentUrl\":\"https:\/\/poudresdenarco.com\/wp-content\/uploads\/2023\/12\/Buy-Ketamine-Crystal.jpg\",\"width\":600,\"height\":600,\"caption\":\"Buy-Ketamine-Crystal\"},{\"@type\":\"BreadcrumbList\",\"@id\":\"https:\/\/poudresdenarco.com\/produit\/acheter-du-cristal-de-ketamine\/#breadcrumb\",\"itemListElement\":[{\"@type\":\"ListItem\",\"position\":1,\"name\":\"Home\",\"item\":\"https:\/\/poudresdenarco.com\/\"},{\"@type\":\"ListItem\",\"position\":2,\"name\":\"Boutique\",\"item\":\"https:\/\/poudresdenarco.com\/boutique\/\"},{\"@type\":\"ListItem\",\"position\":3,\"name\":\"Acheter du cristal de k\u00e9tamine\"}]},{\"@type\":\"WebSite\",\"@id\":\"https:\/\/poudresdenarco.com\/#website\",\"url\":\"https:\/\/poudresdenarco.com\/\",\"name\":\"Poudresde Narco\",\"description\":\"Acheter de la coca\u00efne et de l&#039;h\u00e9ro\u00efne en ligne\",\"potentialAction\":[{\"@type\":\"SearchAction\",\"target\":{\"@type\":\"EntryPoint\",\"urlTemplate\":\"https:\/\/poudresdenarco.com\/?s={search_term_string}\"},\"query-input\":{\"@type\":\"PropertyValueSpecification\",\"valueRequired\":true,\"valueName\":\"search_term_string\"}}],\"inLanguage\":\"de\"}]}<\/script>\n<!-- \/ Yoast SEO plugin. -->","yoast_head_json":{"title":"Acheter des cristaux de k\u00e9tamine en ligne - Vente de cristaux de k\u00e9tamine","description":"C'est le meilleur moment pour visiter notre boutique en ligne et acheter du cristal de k\u00e9tamine en ligne. Nous avons du cristal de k\u00e9tamine de haute qualit\u00e9 \u00e0 vendre ici au prix le plus abordable. Rencontrez-nous en ligne et passez votre commande d\u00e8s aujourd'hui.","robots":{"index":"index","follow":"follow","max-snippet":"max-snippet:-1","max-image-preview":"max-image-preview:large","max-video-preview":"max-video-preview:-1"},"canonical":"https:\/\/poudresdenarco.com\/de\/produkt\/ketamin-kristall-kaufen\/","og_locale":"de_DE","og_type":"article","og_title":"Acheter des cristaux de k\u00e9tamine en ligne - Vente de cristaux de k\u00e9tamine","og_description":"C'est le meilleur moment pour visiter notre boutique en ligne et acheter du cristal de k\u00e9tamine en ligne. Nous avons du cristal de k\u00e9tamine de haute qualit\u00e9 \u00e0 vendre ici au prix le plus abordable. Rencontrez-nous en ligne et passez votre commande d\u00e8s aujourd'hui.","og_url":"https:\/\/poudresdenarco.com\/de\/produkt\/ketamin-kristall-kaufen\/","og_site_name":"Poudresde Narco","article_modified_time":"2025-06-10T07:41:15+00:00","og_image":[{"width":600,"height":600,"url":"https:\/\/poudresdenarco.com\/wp-content\/uploads\/2023\/12\/Buy-Ketamine-Crystal.jpg","type":"image\/jpeg"}],"twitter_card":"summary_large_image","twitter_misc":{"Gesch\u00e4tzte Lesezeit":"4 Minuten"},"schema":{"@context":"https:\/\/schema.org","@graph":[{"@type":"WebPage","@id":"https:\/\/poudresdenarco.com\/produit\/acheter-du-cristal-de-ketamine\/","url":"https:\/\/poudresdenarco.com\/produit\/acheter-du-cristal-de-ketamine\/","name":"Acheter des cristaux de k\u00e9tamine en ligne - Vente de cristaux de k\u00e9tamine","isPartOf":{"@id":"https:\/\/poudresdenarco.com\/#website"},"primaryImageOfPage":{"@id":"https:\/\/poudresdenarco.com\/produit\/acheter-du-cristal-de-ketamine\/#primaryimage"},"image":{"@id":"https:\/\/poudresdenarco.com\/produit\/acheter-du-cristal-de-ketamine\/#primaryimage"},"thumbnailUrl":"https:\/\/poudresdenarco.com\/wp-content\/uploads\/2023\/12\/Buy-Ketamine-Crystal.jpg","datePublished":"2023-12-25T08:20:26+00:00","dateModified":"2025-06-10T07:41:15+00:00","description":"C'est le meilleur moment pour visiter notre boutique en ligne et acheter du cristal de k\u00e9tamine en ligne. Nous avons du cristal de k\u00e9tamine de haute qualit\u00e9 \u00e0 vendre ici au prix le plus abordable. Rencontrez-nous en ligne et passez votre commande d\u00e8s aujourd'hui.","breadcrumb":{"@id":"https:\/\/poudresdenarco.com\/produit\/acheter-du-cristal-de-ketamine\/#breadcrumb"},"inLanguage":"de","potentialAction":[{"@type":"ReadAction","target":["https:\/\/poudresdenarco.com\/produit\/acheter-du-cristal-de-ketamine\/"]}]},{"@type":"ImageObject","inLanguage":"de","@id":"https:\/\/poudresdenarco.com\/produit\/acheter-du-cristal-de-ketamine\/#primaryimage","url":"https:\/\/poudresdenarco.com\/wp-content\/uploads\/2023\/12\/Buy-Ketamine-Crystal.jpg","contentUrl":"https:\/\/poudresdenarco.com\/wp-content\/uploads\/2023\/12\/Buy-Ketamine-Crystal.jpg","width":600,"height":600,"caption":"Buy-Ketamine-Crystal"},{"@type":"BreadcrumbList","@id":"https:\/\/poudresdenarco.com\/produit\/acheter-du-cristal-de-ketamine\/#breadcrumb","itemListElement":[{"@type":"ListItem","position":1,"name":"Home","item":"https:\/\/poudresdenarco.com\/"},{"@type":"ListItem","position":2,"name":"Boutique","item":"https:\/\/poudresdenarco.com\/boutique\/"},{"@type":"ListItem","position":3,"name":"Acheter du cristal de k\u00e9tamine"}]},{"@type":"WebSite","@id":"https:\/\/poudresdenarco.com\/#website","url":"https:\/\/poudresdenarco.com\/","name":"Poudresde Narco","description":"Acheter de la coca\u00efne et de l&#039;h\u00e9ro\u00efne en ligne","potentialAction":[{"@type":"SearchAction","target":{"@type":"EntryPoint","urlTemplate":"https:\/\/poudresdenarco.com\/?s={search_term_string}"},"query-input":{"@type":"PropertyValueSpecification","valueRequired":true,"valueName":"search_term_string"}}],"inLanguage":"de"}]}},"_links":{"self":[{"href":"https:\/\/poudresdenarco.com\/de\/wp-json\/wp\/v2\/product\/154","targetHints":{"allow":["GET"]}}],"collection":[{"href":"https:\/\/poudresdenarco.com\/de\/wp-json\/wp\/v2\/product"}],"about":[{"href":"https:\/\/poudresdenarco.com\/de\/wp-json\/wp\/v2\/types\/product"}],"replies":[{"embeddable":true,"href":"https:\/\/poudresdenarco.com\/de\/wp-json\/wp\/v2\/comments?post=154"}],"wp:featuredmedia":[{"embeddable":true,"href":"https:\/\/poudresdenarco.com\/de\/wp-json\/wp\/v2\/media\/261"}],"wp:attachment":[{"href":"https:\/\/poudresdenarco.com\/de\/wp-json\/wp\/v2\/media?parent=154"}],"wp:term":[{"taxonomy":"product_cat","embeddable":true,"href":"https:\/\/poudresdenarco.com\/de\/wp-json\/wp\/v2\/product_cat?post=154"},{"taxonomy":"product_tag","embeddable":true,"href":"https:\/\/poudresdenarco.com\/de\/wp-json\/wp\/v2\/product_tag?post=154"}],"curies":[{"name":"wp","href":"https:\/\/api.w.org\/{rel}","templated":true}]}}