{"id":16,"date":"2023-12-25T08:20:00","date_gmt":"2023-12-25T08:20:00","guid":{"rendered":"https:\/\/unkrautmarkt.com\/narco1\/?post_type=product&#038;p=16"},"modified":"2025-11-06T07:00:55","modified_gmt":"2025-11-06T07:00:55","slug":"heroine-de-goudron-noir","status":"publish","type":"product","link":"https:\/\/poudresdenarco.com\/de\/produkt\/schwarz-teer-heroin\/","title":{"rendered":"Heroin aus schwarzem Teer"},"content":{"rendered":"<h2><span style=\"vertical-align: inherit;\"><span style=\"vertical-align: inherit;\">Buy Black Tar Heroin Online<\/span><\/span><\/h2>\n<p><a href=\"https:\/\/poudresdenarco.com\/de\/produkt\/schwarz-teer-heroin\/\"><span style=\"vertical-align: inherit;\"><span style=\"vertical-align: inherit;\">BUY BLACK<\/span><\/span><\/a><span style=\"vertical-align: inherit;\"><span style=\"vertical-align: inherit;\"> TAR HEROIN ONLINE: THIS IS THE BEST STORE TO GET WORKING CLASS ITEMS<\/span><\/span><\/p>\n<p><span style=\"vertical-align: inherit;\"><span style=\"vertical-align: inherit;\">Greetings from the largest site to get Black Tar Heroin, our online store. We sell premium quality Black Tar Heroin in our store at reasonable prices. Our items are diversified and customers can get Black Tar Heroin online from any location.<\/span><\/span><\/p>\n<p><span style=\"vertical-align: inherit;\"><span style=\"vertical-align: inherit;\">Why Buy <\/span><\/span><a href=\"https:\/\/en.wikipedia.org\/wiki\/Heroin\"><span style=\"vertical-align: inherit;\"><span style=\"vertical-align: inherit;\">Black Tar Heroin<\/span><\/span><\/a><span style=\"vertical-align: inherit;\"><span style=\"vertical-align: inherit;\"> Online? Online shopping is a discreet and convenient way to get Black Tar Heroin. A wide selection of products including Black Tar Heroin at a very affordable price are available in our online store. You can be sure that our store offers the best items, discreet packaging and fast and reliable delivery when you buy Black Tar Heroin online.<\/span><\/span><\/p>\n<p><span style=\"vertical-align: inherit;\"><span style=\"vertical-align: inherit;\">Our store is the best place to buy Black Tar heroin online in the UK. Our items are of the highest caliber and we deliver quickly and reliably anywhere in the UK. Browse our website, choose the things you want to buy and buy black tar online in the UK. We accept a number of payment options including Bitcoin, bank transfers and credit cards.<\/span><\/span><\/p>\n<p><span style=\"vertical-align: inherit;\"><span style=\"vertical-align: inherit;\">Ordering Black Tar Heroin is simple and can be done through our website. Start by browsing our online inventory and choose the cheap Black Tar heroin you want to reserve. Proceed to checkout after adding your products to your cart. During checkout, you will be asked for your shipping and payment information. After providing this data, finalize your order and monitor the delivery of your merchandise.<\/span><\/span><\/p>\n<h3><span style=\"vertical-align: inherit;\"><span style=\"vertical-align: inherit;\">Where to Buy Black Tar Heroin: Reputable and Trusted Suppliers<\/span><\/span><\/h3>\n<p><span style=\"vertical-align: inherit;\"><span style=\"vertical-align: inherit;\">It is crucial to get Black Tar heroin from reputable and reliable sources when looking for the best place to acquire it. We have a history of providing top-notch products and top-notch customer support through our online store. We use discreet packaging to ensure your products arrive safely as we take the privacy and safety of our consumers very seriously.<\/span><\/span><\/p>\n<p><span style=\"vertical-align: inherit;\"><span style=\"vertical-align: inherit;\">The best place to get Black Tar Heroin online is our store. We provide premium products at affordable costs, with fast and reliable delivery. Everything you need to buy Black Tar Heroin safely is available at our store, whether you are in the UK or anywhere else in the world. So why wait? Get Black Tar Heroin online by visiting our website now.<\/span><\/span><\/p>","protected":false},"excerpt":{"rendered":"<p>Buy Black Tar Heroin Online BUY BLACK TAR HEROIN ONLINE: THIS IS THE BEST STORE TO GET WORKING CLASS ITEMS Greetings from the largest site to get Black Tar Heroin, our online store. We sell premium quality Black Tar Heroin in our store at reasonable prices. Our items are diversified and customers can get Black&hellip;<\/p>","protected":false},"featured_media":278,"comment_status":"open","ping_status":"closed","template":"","meta":{"_joinchat":[]},"product_cat":[17],"product_tag":[323,325,324,322,317,328,327,326,329,319,321,318,332,331,320,330],"class_list":{"0":"post-16","1":"product","2":"type-product","3":"status-publish","4":"has-post-thumbnail","6":"product_cat-de-heroine","7":"product_tag-acheter-de-lheroine-de-goudron-noir-en-ligne","8":"product_tag-acheter-de-lheroine-de-goudron-noir-en-ligne-aux-etats-unis","9":"product_tag-acheter-de-lheroine-de-goudron-noir-en-ligne-pres-de-chez-moi","10":"product_tag-acheter-de-lheroine-de-goudron-noir-legalement","11":"product_tag-avantages-de-lheroine-de-goudron-noir","12":"product_tag-comment-commander-de-lheroine-de-goudron-noir","13":"product_tag-comment-puis-je-obtenir-la-meilleure-heroine-de-goudron-noir","14":"product_tag-de-lheroine-de-goudron-noir-bon-marche","15":"product_tag-de-lheroine-de-goudron-noir-legitime-en-ligne","16":"product_tag-heroine-de-goudron-noir-a-vendre","17":"product_tag-heroine-de-goudron-noir-en-gros","18":"product_tag-meilleur-endroit-pour-commander-de-lheroine-de-goudron-noir","19":"product_tag-ou-acheter-de-lheroine-au-goudron-noir","20":"product_tag-ou-puis-je-acheter-de-lheroine-de-goudron-noir","21":"product_tag-prix-de-lheroine-de-goudron-noir","22":"product_tag-quest-ce-que-lheroine-de-goudron-noir","24":"first","25":"instock","26":"shipping-taxable","27":"purchasable","28":"product-type-variable","29":"col-xs-6 col-sm-4","30":"col-md-3 col-lg-3","31":"un-4-cols"},"yoast_head":"<!-- This site is optimized with the Yoast SEO plugin v23.8 - https:\/\/yoast.com\/wordpress\/plugins\/seo\/ -->\n<title>Acheter de l&#039;h\u00e9ro\u00efne Black Tar en ligne - Black Tar Heroin \u00e0 vendre<\/title>\n<meta name=\"description\" content=\"PoudresDenarco est le meilleur endroit pour acheter de l&#039;h\u00e9ro\u00efne Black Tar en ligne. Nous proposons de l&#039;h\u00e9ro\u00efne Black Tar \u00e0 la vente aux meilleurs prix. Obtenez le meilleur prix avec des offres incroyables, r\u00e9servez votre commande maintenant !\" \/>\n<meta name=\"robots\" content=\"index, follow, max-snippet:-1, max-image-preview:large, max-video-preview:-1\" \/>\n<link rel=\"canonical\" href=\"https:\/\/poudresdenarco.com\/de\/produkt\/schwarz-teer-heroin\/\" \/>\n<meta property=\"og:locale\" content=\"de_DE\" \/>\n<meta property=\"og:type\" content=\"article\" \/>\n<meta property=\"og:title\" content=\"Acheter de l&#039;h\u00e9ro\u00efne Black Tar en ligne - Black Tar Heroin \u00e0 vendre\" \/>\n<meta property=\"og:description\" content=\"PoudresDenarco est le meilleur endroit pour acheter de l&#039;h\u00e9ro\u00efne Black Tar en ligne. Nous proposons de l&#039;h\u00e9ro\u00efne Black Tar \u00e0 la vente aux meilleurs prix. Obtenez le meilleur prix avec des offres incroyables, r\u00e9servez votre commande maintenant !\" \/>\n<meta property=\"og:url\" content=\"https:\/\/poudresdenarco.com\/de\/produkt\/schwarz-teer-heroin\/\" \/>\n<meta property=\"og:site_name\" content=\"Poudresde Narco\" \/>\n<meta property=\"article:modified_time\" content=\"2025-11-06T07:00:55+00:00\" \/>\n<meta property=\"og:image\" content=\"https:\/\/poudresdenarco.com\/wp-content\/uploads\/2023\/12\/Black-Tar-Heroin.jpg\" \/>\n\t<meta property=\"og:image:width\" content=\"600\" \/>\n\t<meta property=\"og:image:height\" content=\"600\" \/>\n\t<meta property=\"og:image:type\" content=\"image\/jpeg\" \/>\n<meta name=\"twitter:card\" content=\"summary_large_image\" \/>\n<meta name=\"twitter:label1\" content=\"Gesch\u00e4tzte Lesezeit\" \/>\n\t<meta name=\"twitter:data1\" content=\"3 Minuten\" \/>\n<script type=\"application\/ld+json\" class=\"yoast-schema-graph\">{\"@context\":\"https:\/\/schema.org\",\"@graph\":[{\"@type\":\"WebPage\",\"@id\":\"https:\/\/poudresdenarco.com\/produit\/heroine-de-goudron-noir\/\",\"url\":\"https:\/\/poudresdenarco.com\/produit\/heroine-de-goudron-noir\/\",\"name\":\"Acheter de l'h\u00e9ro\u00efne Black Tar en ligne - Black Tar Heroin \u00e0 vendre\",\"isPartOf\":{\"@id\":\"https:\/\/poudresdenarco.com\/#website\"},\"primaryImageOfPage\":{\"@id\":\"https:\/\/poudresdenarco.com\/produit\/heroine-de-goudron-noir\/#primaryimage\"},\"image\":{\"@id\":\"https:\/\/poudresdenarco.com\/produit\/heroine-de-goudron-noir\/#primaryimage\"},\"thumbnailUrl\":\"https:\/\/poudresdenarco.com\/wp-content\/uploads\/2023\/12\/Black-Tar-Heroin.jpg\",\"datePublished\":\"2023-12-25T08:20:00+00:00\",\"dateModified\":\"2025-11-06T07:00:55+00:00\",\"description\":\"PoudresDenarco est le meilleur endroit pour acheter de l'h\u00e9ro\u00efne Black Tar en ligne. Nous proposons de l'h\u00e9ro\u00efne Black Tar \u00e0 la vente aux meilleurs prix. Obtenez le meilleur prix avec des offres incroyables, r\u00e9servez votre commande maintenant !\",\"breadcrumb\":{\"@id\":\"https:\/\/poudresdenarco.com\/produit\/heroine-de-goudron-noir\/#breadcrumb\"},\"inLanguage\":\"de\",\"potentialAction\":[{\"@type\":\"ReadAction\",\"target\":[\"https:\/\/poudresdenarco.com\/produit\/heroine-de-goudron-noir\/\"]}]},{\"@type\":\"ImageObject\",\"inLanguage\":\"de\",\"@id\":\"https:\/\/poudresdenarco.com\/produit\/heroine-de-goudron-noir\/#primaryimage\",\"url\":\"https:\/\/poudresdenarco.com\/wp-content\/uploads\/2023\/12\/Black-Tar-Heroin.jpg\",\"contentUrl\":\"https:\/\/poudresdenarco.com\/wp-content\/uploads\/2023\/12\/Black-Tar-Heroin.jpg\",\"width\":600,\"height\":600,\"caption\":\"Acheter Black-Tar-Heroin en ligne\"},{\"@type\":\"BreadcrumbList\",\"@id\":\"https:\/\/poudresdenarco.com\/produit\/heroine-de-goudron-noir\/#breadcrumb\",\"itemListElement\":[{\"@type\":\"ListItem\",\"position\":1,\"name\":\"Home\",\"item\":\"https:\/\/poudresdenarco.com\/\"},{\"@type\":\"ListItem\",\"position\":2,\"name\":\"Boutique\",\"item\":\"https:\/\/poudresdenarco.com\/boutique\/\"},{\"@type\":\"ListItem\",\"position\":3,\"name\":\"H\u00e9ro\u00efne de goudron noir\"}]},{\"@type\":\"WebSite\",\"@id\":\"https:\/\/poudresdenarco.com\/#website\",\"url\":\"https:\/\/poudresdenarco.com\/\",\"name\":\"Poudresde Narco\",\"description\":\"Acheter de la coca\u00efne et de l&#039;h\u00e9ro\u00efne en ligne\",\"potentialAction\":[{\"@type\":\"SearchAction\",\"target\":{\"@type\":\"EntryPoint\",\"urlTemplate\":\"https:\/\/poudresdenarco.com\/?s={search_term_string}\"},\"query-input\":{\"@type\":\"PropertyValueSpecification\",\"valueRequired\":true,\"valueName\":\"search_term_string\"}}],\"inLanguage\":\"de\"}]}<\/script>\n<!-- \/ Yoast SEO plugin. -->","yoast_head_json":{"title":"Acheter de l'h\u00e9ro\u00efne Black Tar en ligne - Black Tar Heroin \u00e0 vendre","description":"PoudresDenarco est le meilleur endroit pour acheter de l'h\u00e9ro\u00efne Black Tar en ligne. Nous proposons de l'h\u00e9ro\u00efne Black Tar \u00e0 la vente aux meilleurs prix. Obtenez le meilleur prix avec des offres incroyables, r\u00e9servez votre commande maintenant !","robots":{"index":"index","follow":"follow","max-snippet":"max-snippet:-1","max-image-preview":"max-image-preview:large","max-video-preview":"max-video-preview:-1"},"canonical":"https:\/\/poudresdenarco.com\/de\/produkt\/schwarz-teer-heroin\/","og_locale":"de_DE","og_type":"article","og_title":"Acheter de l'h\u00e9ro\u00efne Black Tar en ligne - Black Tar Heroin \u00e0 vendre","og_description":"PoudresDenarco est le meilleur endroit pour acheter de l'h\u00e9ro\u00efne Black Tar en ligne. Nous proposons de l'h\u00e9ro\u00efne Black Tar \u00e0 la vente aux meilleurs prix. Obtenez le meilleur prix avec des offres incroyables, r\u00e9servez votre commande maintenant !","og_url":"https:\/\/poudresdenarco.com\/de\/produkt\/schwarz-teer-heroin\/","og_site_name":"Poudresde Narco","article_modified_time":"2025-11-06T07:00:55+00:00","og_image":[{"width":600,"height":600,"url":"https:\/\/poudresdenarco.com\/wp-content\/uploads\/2023\/12\/Black-Tar-Heroin.jpg","type":"image\/jpeg"}],"twitter_card":"summary_large_image","twitter_misc":{"Gesch\u00e4tzte Lesezeit":"3 Minuten"},"schema":{"@context":"https:\/\/schema.org","@graph":[{"@type":"WebPage","@id":"https:\/\/poudresdenarco.com\/produit\/heroine-de-goudron-noir\/","url":"https:\/\/poudresdenarco.com\/produit\/heroine-de-goudron-noir\/","name":"Acheter de l'h\u00e9ro\u00efne Black Tar en ligne - Black Tar Heroin \u00e0 vendre","isPartOf":{"@id":"https:\/\/poudresdenarco.com\/#website"},"primaryImageOfPage":{"@id":"https:\/\/poudresdenarco.com\/produit\/heroine-de-goudron-noir\/#primaryimage"},"image":{"@id":"https:\/\/poudresdenarco.com\/produit\/heroine-de-goudron-noir\/#primaryimage"},"thumbnailUrl":"https:\/\/poudresdenarco.com\/wp-content\/uploads\/2023\/12\/Black-Tar-Heroin.jpg","datePublished":"2023-12-25T08:20:00+00:00","dateModified":"2025-11-06T07:00:55+00:00","description":"PoudresDenarco est le meilleur endroit pour acheter de l'h\u00e9ro\u00efne Black Tar en ligne. Nous proposons de l'h\u00e9ro\u00efne Black Tar \u00e0 la vente aux meilleurs prix. Obtenez le meilleur prix avec des offres incroyables, r\u00e9servez votre commande maintenant !","breadcrumb":{"@id":"https:\/\/poudresdenarco.com\/produit\/heroine-de-goudron-noir\/#breadcrumb"},"inLanguage":"de","potentialAction":[{"@type":"ReadAction","target":["https:\/\/poudresdenarco.com\/produit\/heroine-de-goudron-noir\/"]}]},{"@type":"ImageObject","inLanguage":"de","@id":"https:\/\/poudresdenarco.com\/produit\/heroine-de-goudron-noir\/#primaryimage","url":"https:\/\/poudresdenarco.com\/wp-content\/uploads\/2023\/12\/Black-Tar-Heroin.jpg","contentUrl":"https:\/\/poudresdenarco.com\/wp-content\/uploads\/2023\/12\/Black-Tar-Heroin.jpg","width":600,"height":600,"caption":"Acheter Black-Tar-Heroin en ligne"},{"@type":"BreadcrumbList","@id":"https:\/\/poudresdenarco.com\/produit\/heroine-de-goudron-noir\/#breadcrumb","itemListElement":[{"@type":"ListItem","position":1,"name":"Home","item":"https:\/\/poudresdenarco.com\/"},{"@type":"ListItem","position":2,"name":"Boutique","item":"https:\/\/poudresdenarco.com\/boutique\/"},{"@type":"ListItem","position":3,"name":"H\u00e9ro\u00efne de goudron noir"}]},{"@type":"WebSite","@id":"https:\/\/poudresdenarco.com\/#website","url":"https:\/\/poudresdenarco.com\/","name":"Poudresde Narco","description":"Acheter de la coca\u00efne et de l&#039;h\u00e9ro\u00efne en ligne","potentialAction":[{"@type":"SearchAction","target":{"@type":"EntryPoint","urlTemplate":"https:\/\/poudresdenarco.com\/?s={search_term_string}"},"query-input":{"@type":"PropertyValueSpecification","valueRequired":true,"valueName":"search_term_string"}}],"inLanguage":"de"}]}},"_links":{"self":[{"href":"https:\/\/poudresdenarco.com\/de\/wp-json\/wp\/v2\/product\/16","targetHints":{"allow":["GET"]}}],"collection":[{"href":"https:\/\/poudresdenarco.com\/de\/wp-json\/wp\/v2\/product"}],"about":[{"href":"https:\/\/poudresdenarco.com\/de\/wp-json\/wp\/v2\/types\/product"}],"replies":[{"embeddable":true,"href":"https:\/\/poudresdenarco.com\/de\/wp-json\/wp\/v2\/comments?post=16"}],"wp:featuredmedia":[{"embeddable":true,"href":"https:\/\/poudresdenarco.com\/de\/wp-json\/wp\/v2\/media\/278"}],"wp:attachment":[{"href":"https:\/\/poudresdenarco.com\/de\/wp-json\/wp\/v2\/media?parent=16"}],"wp:term":[{"taxonomy":"product_cat","embeddable":true,"href":"https:\/\/poudresdenarco.com\/de\/wp-json\/wp\/v2\/product_cat?post=16"},{"taxonomy":"product_tag","embeddable":true,"href":"https:\/\/poudresdenarco.com\/de\/wp-json\/wp\/v2\/product_tag?post=16"}],"curies":[{"name":"wp","href":"https:\/\/api.w.org\/{rel}","templated":true}]}}