{"id":169,"date":"2023-12-25T08:20:31","date_gmt":"2023-12-25T08:20:31","guid":{"rendered":"https:\/\/unkrautmarkt.com\/narco1\/?post_type=product&#038;p=169"},"modified":"2025-06-08T19:52:25","modified_gmt":"2025-06-08T19:52:25","slug":"acheter-ketamine-crystal-rock","status":"publish","type":"product","link":"https:\/\/poudresdenarco.com\/de\/produkt\/ketamin-crystal-rock-kaufen\/","title":{"rendered":"Ketamin Crystal Rock kaufen"},"content":{"rendered":"<h2><span style=\"vertical-align: inherit;\"><span style=\"vertical-align: inherit;\">Kaufen Sie Ketamine Crystal Rock online<\/span><\/span><\/h2>\n<h3><span style=\"vertical-align: inherit;\"><span style=\"vertical-align: inherit;\">Kaufen Sie Ketamine Crystal Rock online<\/span><\/span><\/h3>\n<p><span style=\"vertical-align: inherit;\"><span style=\"vertical-align: inherit;\">Die Hauptanwendung von <a href=\"https:\/\/en.wikipedia.org\/wiki\/Ketamine\">Ketamine Crystal Rock<\/a> ist ein Medikament, das haupts\u00e4chlich in der An\u00e4sthesie verwendet wird. Weitere Anwendungsgebiete sind die intensivmedizinische Sedierung und die Behandlung chronischer Schmerzen.<\/span><\/span><\/p>\n<p><span style=\"vertical-align: inherit;\"><span style=\"vertical-align: inherit;\">Der durch Ketamin hervorgerufene Rausch h\u00e4lt etwa eine Stunde an. Er beginnt zwei bis f\u00fcnf Minuten nach dem Rauchen oder der Einnahme der Dosis. Bei Injektion tritt er etwa 30 Sekunden nach der Injektion ein.<\/span><\/span><\/p>\n<p><span style=\"vertical-align: inherit;\"><span style=\"vertical-align: inherit;\">Das \u00fcberw\u00e4ltigende Gef\u00fchl der Entspannung, das der Benutzer w\u00e4hrend der Wirkung zun\u00e4chst versp\u00fcrt, wird oft als \u201eGanzk\u00f6rperrausch\u201c bezeichnet. Einige Benutzer beschreiben es sogar als das Gef\u00fchl, aus ihrem K\u00f6rper zu schweben. Viele Menschen erleben Halluzinationen, die l\u00e4nger anhalten als die Wirkung der An\u00e4sthesie. <a href=\"https:\/\/poudresdenarco.com\/de\/produkt\/ketamin-crystal-rock-kaufen\/\">Buy Crystalline Ketamine<\/a>.<\/span><\/span><\/p>\n<p><span style=\"vertical-align: inherit;\"><span style=\"vertical-align: inherit;\">J\u00fcngste Fortschritte in der Ketaminforschung unterstreichen die positive Wirkung von Ketamin auf Menschen, die an Depressionen leiden. Besonders f\u00fcr diejenigen, die andere Antidepressiva ausprobiert haben und damit gescheitert sind. Ketamin wirkt im Gehirn anders als SSRIs, die \u00fcblicherweise zur Behandlung von Depressionen empfohlen werden. Sobald Ketamin unter Kontrolle ist, wirkt es schnell.<\/span><\/span><\/p>\n<p><span style=\"vertical-align: inherit;\"><span style=\"vertical-align: inherit;\">Die stimulierende Wirkung von Ketamin ist vierzig Minuten nach Verabreichung der Dosis nachweisbar. In einer aktuellen Studie werden kontrollierte Belege f\u00fcr \u201eeine enorme Verbesserung der belastenden Nebenwirkungen etwa 24 Stunden nach der Ketamin-Gabe im Vergleich zur Scheinbehandlung\u201c vorgelegt.<\/span><\/span><\/p>\n<h3><span style=\"vertical-align: inherit;\"><span style=\"vertical-align: inherit;\">Intranasales Ketamin zeigte eine sehr geringe Wirkung auf psychotomimetisches oder dissoziatives Verhalten.<\/span><\/span><\/h3>\n<p><span style=\"vertical-align: inherit;\"><span style=\"vertical-align: inherit;\">Bei Verwendung gem\u00e4\u00df einem legalen Ketamin-Verabreichungsprotokoll kann dieses Medikament dem Gehirn helfen, neue Verbindungen zwischen Neuronen aufzubauen und eine langfristige Linderung zu verschaffen.<\/span><\/span><\/p>","protected":false},"excerpt":{"rendered":"<p>Buy Ketamine Crystal Rock Online Buy Ketamine Crystal Rock Online The main application of Ketamine Crystal Rock drug is anesthesia. Additional uses include sedation in intensive care and persistent pain. A sudden high from ketamine HCL lasts about an hour. It begins two to five minutes after smoking or ingesting the dose. When injected, it&hellip;<\/p>","protected":false},"featured_media":260,"comment_status":"open","ping_status":"closed","template":"","meta":{"_joinchat":[]},"product_cat":[174],"product_tag":[],"class_list":{"0":"post-169","1":"product","2":"type-product","3":"status-publish","4":"has-post-thumbnail","6":"product_cat-la-ketamine","8":"first","9":"instock","10":"shipping-taxable","11":"purchasable","12":"product-type-variable","13":"col-xs-6 col-sm-4","14":"col-md-3 col-lg-3","15":"un-4-cols"},"yoast_head":"<!-- This site is optimized with the Yoast SEO plugin v23.8 - https:\/\/yoast.com\/wordpress\/plugins\/seo\/ -->\n<title>Acheter du cristal de roche de k\u00e9tamine en ligne - Cristal de roche de k\u00e9tamine \u00e0 vendre<\/title>\n<meta name=\"description\" content=\"Nous sommes le magasin leader proposant de la Ketamine Crystal Rock \u00e0 la vente. Si vous souhaitez acheter de la Ketamine Crystal Rock, contactez-nous imm\u00e9diatement et faites livrer votre commande. Commandez maintenant !\" \/>\n<meta name=\"robots\" content=\"index, follow, max-snippet:-1, max-image-preview:large, max-video-preview:-1\" \/>\n<link rel=\"canonical\" href=\"https:\/\/poudresdenarco.com\/de\/produkt\/ketamin-crystal-rock-kaufen\/\" \/>\n<meta property=\"og:locale\" content=\"de_DE\" \/>\n<meta property=\"og:type\" content=\"article\" \/>\n<meta property=\"og:title\" content=\"Acheter du cristal de roche de k\u00e9tamine en ligne - Cristal de roche de k\u00e9tamine \u00e0 vendre\" \/>\n<meta property=\"og:description\" content=\"Nous sommes le magasin leader proposant de la Ketamine Crystal Rock \u00e0 la vente. Si vous souhaitez acheter de la Ketamine Crystal Rock, contactez-nous imm\u00e9diatement et faites livrer votre commande. Commandez maintenant !\" \/>\n<meta property=\"og:url\" content=\"https:\/\/poudresdenarco.com\/de\/produkt\/ketamin-crystal-rock-kaufen\/\" \/>\n<meta property=\"og:site_name\" content=\"Poudresde Narco\" \/>\n<meta property=\"article:modified_time\" content=\"2025-06-08T19:52:25+00:00\" \/>\n<meta property=\"og:image\" content=\"https:\/\/poudresdenarco.com\/wp-content\/uploads\/2023\/12\/Buy-Ketamine-Crystal-Rock.jpg\" \/>\n\t<meta property=\"og:image:width\" content=\"600\" \/>\n\t<meta property=\"og:image:height\" content=\"600\" \/>\n\t<meta property=\"og:image:type\" content=\"image\/jpeg\" \/>\n<meta name=\"twitter:card\" content=\"summary_large_image\" \/>\n<meta name=\"twitter:label1\" content=\"Gesch\u00e4tzte Lesezeit\" \/>\n\t<meta name=\"twitter:data1\" content=\"2 Minuten\" \/>\n<script type=\"application\/ld+json\" class=\"yoast-schema-graph\">{\"@context\":\"https:\/\/schema.org\",\"@graph\":[{\"@type\":\"WebPage\",\"@id\":\"https:\/\/poudresdenarco.com\/produit\/acheter-ketamine-crystal-rock\/\",\"url\":\"https:\/\/poudresdenarco.com\/produit\/acheter-ketamine-crystal-rock\/\",\"name\":\"Acheter du cristal de roche de k\u00e9tamine en ligne - Cristal de roche de k\u00e9tamine \u00e0 vendre\",\"isPartOf\":{\"@id\":\"https:\/\/poudresdenarco.com\/#website\"},\"primaryImageOfPage\":{\"@id\":\"https:\/\/poudresdenarco.com\/produit\/acheter-ketamine-crystal-rock\/#primaryimage\"},\"image\":{\"@id\":\"https:\/\/poudresdenarco.com\/produit\/acheter-ketamine-crystal-rock\/#primaryimage\"},\"thumbnailUrl\":\"https:\/\/poudresdenarco.com\/wp-content\/uploads\/2023\/12\/Buy-Ketamine-Crystal-Rock.jpg\",\"datePublished\":\"2023-12-25T08:20:31+00:00\",\"dateModified\":\"2025-06-08T19:52:25+00:00\",\"description\":\"Nous sommes le magasin leader proposant de la Ketamine Crystal Rock \u00e0 la vente. Si vous souhaitez acheter de la Ketamine Crystal Rock, contactez-nous imm\u00e9diatement et faites livrer votre commande. Commandez maintenant !\",\"breadcrumb\":{\"@id\":\"https:\/\/poudresdenarco.com\/produit\/acheter-ketamine-crystal-rock\/#breadcrumb\"},\"inLanguage\":\"de\",\"potentialAction\":[{\"@type\":\"ReadAction\",\"target\":[\"https:\/\/poudresdenarco.com\/produit\/acheter-ketamine-crystal-rock\/\"]}]},{\"@type\":\"ImageObject\",\"inLanguage\":\"de\",\"@id\":\"https:\/\/poudresdenarco.com\/produit\/acheter-ketamine-crystal-rock\/#primaryimage\",\"url\":\"https:\/\/poudresdenarco.com\/wp-content\/uploads\/2023\/12\/Buy-Ketamine-Crystal-Rock.jpg\",\"contentUrl\":\"https:\/\/poudresdenarco.com\/wp-content\/uploads\/2023\/12\/Buy-Ketamine-Crystal-Rock.jpg\",\"width\":600,\"height\":600,\"caption\":\"Acheter K\u00e9tamine Crystal Rock\"},{\"@type\":\"BreadcrumbList\",\"@id\":\"https:\/\/poudresdenarco.com\/produit\/acheter-ketamine-crystal-rock\/#breadcrumb\",\"itemListElement\":[{\"@type\":\"ListItem\",\"position\":1,\"name\":\"Home\",\"item\":\"https:\/\/poudresdenarco.com\/\"},{\"@type\":\"ListItem\",\"position\":2,\"name\":\"Boutique\",\"item\":\"https:\/\/poudresdenarco.com\/boutique\/\"},{\"@type\":\"ListItem\",\"position\":3,\"name\":\"Acheter K\u00e9tamine Crystal Rock\"}]},{\"@type\":\"WebSite\",\"@id\":\"https:\/\/poudresdenarco.com\/#website\",\"url\":\"https:\/\/poudresdenarco.com\/\",\"name\":\"Poudresde Narco\",\"description\":\"Acheter de la coca\u00efne et de l&#039;h\u00e9ro\u00efne en ligne\",\"potentialAction\":[{\"@type\":\"SearchAction\",\"target\":{\"@type\":\"EntryPoint\",\"urlTemplate\":\"https:\/\/poudresdenarco.com\/?s={search_term_string}\"},\"query-input\":{\"@type\":\"PropertyValueSpecification\",\"valueRequired\":true,\"valueName\":\"search_term_string\"}}],\"inLanguage\":\"de\"}]}<\/script>\n<!-- \/ Yoast SEO plugin. -->","yoast_head_json":{"title":"Acheter du cristal de roche de k\u00e9tamine en ligne - Cristal de roche de k\u00e9tamine \u00e0 vendre","description":"Nous sommes le magasin leader proposant de la Ketamine Crystal Rock \u00e0 la vente. Si vous souhaitez acheter de la Ketamine Crystal Rock, contactez-nous imm\u00e9diatement et faites livrer votre commande. Commandez maintenant !","robots":{"index":"index","follow":"follow","max-snippet":"max-snippet:-1","max-image-preview":"max-image-preview:large","max-video-preview":"max-video-preview:-1"},"canonical":"https:\/\/poudresdenarco.com\/de\/produkt\/ketamin-crystal-rock-kaufen\/","og_locale":"de_DE","og_type":"article","og_title":"Acheter du cristal de roche de k\u00e9tamine en ligne - Cristal de roche de k\u00e9tamine \u00e0 vendre","og_description":"Nous sommes le magasin leader proposant de la Ketamine Crystal Rock \u00e0 la vente. Si vous souhaitez acheter de la Ketamine Crystal Rock, contactez-nous imm\u00e9diatement et faites livrer votre commande. Commandez maintenant !","og_url":"https:\/\/poudresdenarco.com\/de\/produkt\/ketamin-crystal-rock-kaufen\/","og_site_name":"Poudresde Narco","article_modified_time":"2025-06-08T19:52:25+00:00","og_image":[{"width":600,"height":600,"url":"https:\/\/poudresdenarco.com\/wp-content\/uploads\/2023\/12\/Buy-Ketamine-Crystal-Rock.jpg","type":"image\/jpeg"}],"twitter_card":"summary_large_image","twitter_misc":{"Gesch\u00e4tzte Lesezeit":"2 Minuten"},"schema":{"@context":"https:\/\/schema.org","@graph":[{"@type":"WebPage","@id":"https:\/\/poudresdenarco.com\/produit\/acheter-ketamine-crystal-rock\/","url":"https:\/\/poudresdenarco.com\/produit\/acheter-ketamine-crystal-rock\/","name":"Acheter du cristal de roche de k\u00e9tamine en ligne - Cristal de roche de k\u00e9tamine \u00e0 vendre","isPartOf":{"@id":"https:\/\/poudresdenarco.com\/#website"},"primaryImageOfPage":{"@id":"https:\/\/poudresdenarco.com\/produit\/acheter-ketamine-crystal-rock\/#primaryimage"},"image":{"@id":"https:\/\/poudresdenarco.com\/produit\/acheter-ketamine-crystal-rock\/#primaryimage"},"thumbnailUrl":"https:\/\/poudresdenarco.com\/wp-content\/uploads\/2023\/12\/Buy-Ketamine-Crystal-Rock.jpg","datePublished":"2023-12-25T08:20:31+00:00","dateModified":"2025-06-08T19:52:25+00:00","description":"Nous sommes le magasin leader proposant de la Ketamine Crystal Rock \u00e0 la vente. Si vous souhaitez acheter de la Ketamine Crystal Rock, contactez-nous imm\u00e9diatement et faites livrer votre commande. Commandez maintenant !","breadcrumb":{"@id":"https:\/\/poudresdenarco.com\/produit\/acheter-ketamine-crystal-rock\/#breadcrumb"},"inLanguage":"de","potentialAction":[{"@type":"ReadAction","target":["https:\/\/poudresdenarco.com\/produit\/acheter-ketamine-crystal-rock\/"]}]},{"@type":"ImageObject","inLanguage":"de","@id":"https:\/\/poudresdenarco.com\/produit\/acheter-ketamine-crystal-rock\/#primaryimage","url":"https:\/\/poudresdenarco.com\/wp-content\/uploads\/2023\/12\/Buy-Ketamine-Crystal-Rock.jpg","contentUrl":"https:\/\/poudresdenarco.com\/wp-content\/uploads\/2023\/12\/Buy-Ketamine-Crystal-Rock.jpg","width":600,"height":600,"caption":"Acheter K\u00e9tamine Crystal Rock"},{"@type":"BreadcrumbList","@id":"https:\/\/poudresdenarco.com\/produit\/acheter-ketamine-crystal-rock\/#breadcrumb","itemListElement":[{"@type":"ListItem","position":1,"name":"Home","item":"https:\/\/poudresdenarco.com\/"},{"@type":"ListItem","position":2,"name":"Boutique","item":"https:\/\/poudresdenarco.com\/boutique\/"},{"@type":"ListItem","position":3,"name":"Acheter K\u00e9tamine Crystal Rock"}]},{"@type":"WebSite","@id":"https:\/\/poudresdenarco.com\/#website","url":"https:\/\/poudresdenarco.com\/","name":"Poudresde Narco","description":"Acheter de la coca\u00efne et de l&#039;h\u00e9ro\u00efne en ligne","potentialAction":[{"@type":"SearchAction","target":{"@type":"EntryPoint","urlTemplate":"https:\/\/poudresdenarco.com\/?s={search_term_string}"},"query-input":{"@type":"PropertyValueSpecification","valueRequired":true,"valueName":"search_term_string"}}],"inLanguage":"de"}]}},"_links":{"self":[{"href":"https:\/\/poudresdenarco.com\/de\/wp-json\/wp\/v2\/product\/169","targetHints":{"allow":["GET"]}}],"collection":[{"href":"https:\/\/poudresdenarco.com\/de\/wp-json\/wp\/v2\/product"}],"about":[{"href":"https:\/\/poudresdenarco.com\/de\/wp-json\/wp\/v2\/types\/product"}],"replies":[{"embeddable":true,"href":"https:\/\/poudresdenarco.com\/de\/wp-json\/wp\/v2\/comments?post=169"}],"wp:featuredmedia":[{"embeddable":true,"href":"https:\/\/poudresdenarco.com\/de\/wp-json\/wp\/v2\/media\/260"}],"wp:attachment":[{"href":"https:\/\/poudresdenarco.com\/de\/wp-json\/wp\/v2\/media?parent=169"}],"wp:term":[{"taxonomy":"product_cat","embeddable":true,"href":"https:\/\/poudresdenarco.com\/de\/wp-json\/wp\/v2\/product_cat?post=169"},{"taxonomy":"product_tag","embeddable":true,"href":"https:\/\/poudresdenarco.com\/de\/wp-json\/wp\/v2\/product_tag?post=169"}],"curies":[{"name":"wp","href":"https:\/\/api.w.org\/{rel}","templated":true}]}}