{"id":4390,"date":"2024-01-02T08:53:53","date_gmt":"2024-01-02T08:53:53","guid":{"rendered":"https:\/\/unkrautmarkt.com\/narco1\/?post_type=product&#038;p=4390"},"modified":"2025-06-10T05:34:43","modified_gmt":"2025-06-10T05:34:43","slug":"biscuits-et-creme","status":"publish","type":"product","link":"https:\/\/poudresdenarco.com\/de\/produkt\/kekse-und-creme\/","title":{"rendered":"Kekse und Sahne"},"content":{"rendered":"<h2><strong>KEKSE UND CREME ONLINE KAUFEN - S\u00dcSS, LECKER UND KRAFTVOLL<\/strong><\/h2>\n<p>Cookies and Cream ist ein vielseitiger Cannabishybrid mit einer k\u00f6stlichen Mischung aus Geschmack und Aroma sowie einer gut ausbalancierten Wirkung, die Liebhaber s\u00fc\u00dfer und nachsichtiger Sorten begeistern wird. Auf dieser Seite werden die Genetik, der Geschmack und die Wachstumseigenschaften von Cookies &amp; Cream besprochen, au\u00dferdem ihre Wirkungen, Vorteile, Dosierungsvorschl\u00e4ge und gemeldeten Nebenwirkungen.<\/p>\n<h3><strong>GENCREME UND KEKSBODEN<\/strong><\/h3>\n<p>Exotic Genetix, einem renommierten Cannabisz\u00fcchter aus dem US-Bundesstaat Washington, wird die Entwicklung der Hybridsorte Cookies and Cream zugeschrieben. Girl Scout Cookies und Starfighter wurden gekreuzt, um eine starke und wohlschmeckende Sorte zu schaffen, die die Herzen vieler Cannabis-Fans erobert hat.<\/p>\n<p>Die Girl Scout Cookies sind vor allem f\u00fcr ihren erdigen, aber s\u00fc\u00dfen Geschmack bekannt, der an Backwaren erinnert. Sie haben zahlreiche Auszeichnungen gewonnen, darunter den High Times Cannabis Cup. Die reine Indica-Sorte Starfighter hingegen hat einen fruchtigen Duft und eine entspannende k\u00f6rperliche Wirkung.<\/p>\n<p>Mit einem reichen Aroma und einer gut ausbalancierten Wirkung ist Cookies &amp; Cream eine beliebte Sorte bei einem breiten Spektrum von Cannabis-Aficionados. Sie hat die gr\u00f6\u00dften Qualit\u00e4ten der beiden Elternsorten geerbt.<\/p>\n<h3><strong>DUFT, GESCHMACK UND AUSWIRKUNGEN VON SAHNE UND KEKSEN<\/strong><\/h3>\n<p>Cookies and Cream hat, wie der Name schon sagt, einen s\u00fc\u00dfen, cremigen Geschmack mit erdigen Untert\u00f6nen und nussigen Noten, die gut mit Vanille harmonieren. Dies ist auf ein Terpenprofil zur\u00fcckzuf\u00fchren, das haupts\u00e4chlich aus Myrcen, Caryophyllen und Limonen besteht. Die Sorte riecht aufgrund des Limonen nach Zitrone, hat eine w\u00fcrzige und pfeffrige Note des Caryophyllens und wirkt haupts\u00e4chlich beruhigend aufgrund des Myrcens.<\/p>\n<p>Cookies and Cream ist eine einigerma\u00dfen potente Sorte mit einer THC-Konzentration von 20 % bis 25 %. Die Wirkung hat viele Vorteile, darunter beruhigende und erbauliche Effekte. Ein zunehmender intellektueller Einfluss, der die Stimmung hebt und die Kreativit\u00e4t f\u00f6rdert, dominiert die ersten Z\u00fcge, aber je l\u00e4nger man sie verwendet, desto mehr gewinnt ein k\u00f6rperlich beruhigendes Gef\u00fchl die Oberhand. Diese Sorte funktioniert in kleinen Dosen gut als Muntermacher w\u00e4hrend des Tages, aber in h\u00f6heren Dosen erzeugt sie ein fr\u00f6hliches High-Gef\u00fchl, das sie zum idealen Schlummertrunk macht.<\/p>\n<h3><strong>VORTEILE DES ESSENS VON SAHNE UND KEKSEN<\/strong><\/h3>\n<p>Es wird angenommen, dass Kekse und Sahne eine Reihe von besonderen Vorteilen bieten k\u00f6nnen, wie z. B. die Verringerung von Schmerzen und Stress, die Anregung des Hungergef\u00fchls und einen besseren Schlaf. Die schmerzlindernden Eigenschaften der Sorte k\u00f6nnen bei der Bew\u00e4ltigung chronischer Schmerzen helfen, w\u00e4hrend ihre beruhigende Wirkung Spannungen und \u00c4ngste abbauen kann. Cookies &amp; Cream hat auch die F\u00e4higkeit, den Appetit zu steigern, daher ist es eine gute Option f\u00fcr diejenigen, die aufgrund von Krankheiten ihren Appetit verloren haben.<\/p>\n<h3><strong>NEBENWIRKUNGEN UND DOSIERUNGSRICHTLINIEN F\u00dcR KEKSE UND SAHNE.<\/strong><\/h3>\n<p>Da Cookies and Cream eine starke Sorte ist, sollte man beim Umgang mit ihr vorsichtig sein. Anf\u00e4nger sollten mit 1 bis 2 Z\u00fcgen beginnen und warten, bis die Wirkung sp\u00fcrbar wird, bevor sie weitere Z\u00fcge nehmen. Wenn Sie zu viel nehmen, kann es zu Nebenwirkungen wie Mundtrockenheit und Schwindel kommen.<\/p>\n<h3><strong>CANNABIS CREME UND KEKSE AUS ANBAU<\/strong><\/h3>\n<p>Cookies &amp; Cream ist eine recht einfach zu kultivierende Sorte, die sowohl drinnen als auch drau\u00dfen angebaut werden kann. Dennoch ist es wichtig, dass sie mit ausreichend Licht, Wasser und N\u00e4hrstoffen versorgt wird.<\/p>\n<h3><strong>TEMPERATUR UND WISSENSCHAFT<\/strong><\/h3>\n<p>Ein warmes und trockenes Klima ist ideal f\u00fcr das Gedeihen von Cookies &amp; Cream. Es wird empfohlen, eine Innentemperatur von 20-27\u00b0C am Tag und 16-21\u00b0C in der Nacht zu halten. Eine relative Luftfeuchtigkeit von 40 bis 50 % ist der ideale Bereich, der eingehalten werden sollte. Beim Anbau im Freien ist ein trockener, sonniger Platz ideal, um Cookies and Cream zu pflanzen.<\/p>\n<h3><strong>SAHNE UND KEKSE: IHR GANZER TRAUM<\/strong> <strong>MAGIQUE<\/strong> <strong>WIRD WIRKLICHKEIT<\/strong><\/h3>\n<p>Eine wunderbare Sorte, Cookies and Cream wird sicher sowohl den Liebhabern s\u00fc\u00dfer Drogen als auch denjenigen gefallen, die eine beruhigende, aber aufbauende Wirkung suchen. Es ist ratsam, diese Sorte jeweils nur eine Dosis zu nehmen, sei es zu Freizeitzwecken oder zur Behandlung bestimmter Probleme.<\/p>\n<p>Wenn man ihr gen\u00fcgend Licht, N\u00e4hrstoffe und Wasser gibt, ist Cookies &amp; Cream ein robustes, schnell wachsendes Hybridexemplar, das sowohl Indoor- als auch Outdoor-Growern gef\u00e4llt.<\/p>","protected":false},"excerpt":{"rendered":"<p>ACHETER DES BISCUITS ET DE LA CR\u00c8ME EN LIGNE &#8211; DOUX, D\u00c9LICIEUX ET PUISSANTS Cookies and Cream est un hybride de cannabis polyvalent avec un m\u00e9lange gourmand de saveurs et de parfums ainsi que des effets bien \u00e9quilibr\u00e9s qui s\u00e9duiront les amateurs de vari\u00e9t\u00e9s douces et indulgentes. Cette page discutera de la g\u00e9n\u00e9tique, de la&hellip;<\/p>","protected":false},"featured_media":4507,"comment_status":"open","ping_status":"closed","template":"","meta":{"_joinchat":[]},"product_cat":[473],"product_tag":[],"class_list":{"0":"post-4390","1":"product","2":"type-product","3":"status-publish","4":"has-post-thumbnail","6":"product_cat-herbe","8":"first","9":"instock","10":"shipping-taxable","11":"purchasable","12":"product-type-variable","13":"col-xs-6 col-sm-4","14":"col-md-3 col-lg-3","15":"un-4-cols"},"yoast_head":"<!-- This site is optimized with the Yoast SEO plugin v23.8 - https:\/\/yoast.com\/wordpress\/plugins\/seo\/ -->\n<title>Achetez des biscuits et de la cr\u00e8me en ligne - Biscuits et cr\u00e8me \u00e0 vendre<\/title>\n<meta name=\"description\" content=\"Si vous \u00eates passionn\u00e9 par les biscuits et la cr\u00e8me, notre magasin est le meilleur endroit pour acheter des biscuits et de la cr\u00e8me en ligne. Vous pouvez avoir des biscuits et de la cr\u00e8me en vente au prix le plus bas. Commandez maintenant et recevez-le sous peu !\" \/>\n<meta name=\"robots\" content=\"index, follow, max-snippet:-1, max-image-preview:large, max-video-preview:-1\" \/>\n<link rel=\"canonical\" href=\"https:\/\/poudresdenarco.com\/de\/produkt\/kekse-und-creme\/\" \/>\n<meta property=\"og:locale\" content=\"de_DE\" \/>\n<meta property=\"og:type\" content=\"article\" \/>\n<meta property=\"og:title\" content=\"Achetez des biscuits et de la cr\u00e8me en ligne - Biscuits et cr\u00e8me \u00e0 vendre\" \/>\n<meta property=\"og:description\" content=\"Si vous \u00eates passionn\u00e9 par les biscuits et la cr\u00e8me, notre magasin est le meilleur endroit pour acheter des biscuits et de la cr\u00e8me en ligne. Vous pouvez avoir des biscuits et de la cr\u00e8me en vente au prix le plus bas. Commandez maintenant et recevez-le sous peu !\" \/>\n<meta property=\"og:url\" content=\"https:\/\/poudresdenarco.com\/de\/produkt\/kekse-und-creme\/\" \/>\n<meta property=\"og:site_name\" content=\"Poudresde Narco\" \/>\n<meta property=\"article:modified_time\" content=\"2025-06-10T05:34:43+00:00\" \/>\n<meta property=\"og:image\" content=\"https:\/\/poudresdenarco.com\/wp-content\/uploads\/2024\/01\/COOKIES-CREAM.jpg\" \/>\n\t<meta property=\"og:image:width\" content=\"600\" \/>\n\t<meta property=\"og:image:height\" content=\"600\" \/>\n\t<meta property=\"og:image:type\" content=\"image\/jpeg\" \/>\n<meta name=\"twitter:card\" content=\"summary_large_image\" \/>\n<meta name=\"twitter:label1\" content=\"Gesch\u00e4tzte Lesezeit\" \/>\n\t<meta name=\"twitter:data1\" content=\"4 Minuten\" \/>\n<script type=\"application\/ld+json\" class=\"yoast-schema-graph\">{\"@context\":\"https:\/\/schema.org\",\"@graph\":[{\"@type\":\"WebPage\",\"@id\":\"https:\/\/poudresdenarco.com\/produit\/biscuits-et-creme\/\",\"url\":\"https:\/\/poudresdenarco.com\/produit\/biscuits-et-creme\/\",\"name\":\"Achetez des biscuits et de la cr\u00e8me en ligne - Biscuits et cr\u00e8me \u00e0 vendre\",\"isPartOf\":{\"@id\":\"https:\/\/poudresdenarco.com\/#website\"},\"primaryImageOfPage\":{\"@id\":\"https:\/\/poudresdenarco.com\/produit\/biscuits-et-creme\/#primaryimage\"},\"image\":{\"@id\":\"https:\/\/poudresdenarco.com\/produit\/biscuits-et-creme\/#primaryimage\"},\"thumbnailUrl\":\"https:\/\/poudresdenarco.com\/wp-content\/uploads\/2024\/01\/COOKIES-CREAM.jpg\",\"datePublished\":\"2024-01-02T08:53:53+00:00\",\"dateModified\":\"2025-06-10T05:34:43+00:00\",\"description\":\"Si vous \u00eates passionn\u00e9 par les biscuits et la cr\u00e8me, notre magasin est le meilleur endroit pour acheter des biscuits et de la cr\u00e8me en ligne. Vous pouvez avoir des biscuits et de la cr\u00e8me en vente au prix le plus bas. Commandez maintenant et recevez-le sous peu !\",\"breadcrumb\":{\"@id\":\"https:\/\/poudresdenarco.com\/produit\/biscuits-et-creme\/#breadcrumb\"},\"inLanguage\":\"de\",\"potentialAction\":[{\"@type\":\"ReadAction\",\"target\":[\"https:\/\/poudresdenarco.com\/produit\/biscuits-et-creme\/\"]}]},{\"@type\":\"ImageObject\",\"inLanguage\":\"de\",\"@id\":\"https:\/\/poudresdenarco.com\/produit\/biscuits-et-creme\/#primaryimage\",\"url\":\"https:\/\/poudresdenarco.com\/wp-content\/uploads\/2024\/01\/COOKIES-CREAM.jpg\",\"contentUrl\":\"https:\/\/poudresdenarco.com\/wp-content\/uploads\/2024\/01\/COOKIES-CREAM.jpg\",\"width\":600,\"height\":600,\"caption\":\"Achetez des COOKIES-CREAM en ligne\"},{\"@type\":\"BreadcrumbList\",\"@id\":\"https:\/\/poudresdenarco.com\/produit\/biscuits-et-creme\/#breadcrumb\",\"itemListElement\":[{\"@type\":\"ListItem\",\"position\":1,\"name\":\"Home\",\"item\":\"https:\/\/poudresdenarco.com\/\"},{\"@type\":\"ListItem\",\"position\":2,\"name\":\"Boutique\",\"item\":\"https:\/\/poudresdenarco.com\/boutique\/\"},{\"@type\":\"ListItem\",\"position\":3,\"name\":\"biscuits et cr\u00e8me\"}]},{\"@type\":\"WebSite\",\"@id\":\"https:\/\/poudresdenarco.com\/#website\",\"url\":\"https:\/\/poudresdenarco.com\/\",\"name\":\"Poudresde Narco\",\"description\":\"Acheter de la coca\u00efne et de l&#039;h\u00e9ro\u00efne en ligne\",\"potentialAction\":[{\"@type\":\"SearchAction\",\"target\":{\"@type\":\"EntryPoint\",\"urlTemplate\":\"https:\/\/poudresdenarco.com\/?s={search_term_string}\"},\"query-input\":{\"@type\":\"PropertyValueSpecification\",\"valueRequired\":true,\"valueName\":\"search_term_string\"}}],\"inLanguage\":\"de\"}]}<\/script>\n<!-- \/ Yoast SEO plugin. -->","yoast_head_json":{"title":"Achetez des biscuits et de la cr\u00e8me en ligne - Biscuits et cr\u00e8me \u00e0 vendre","description":"Si vous \u00eates passionn\u00e9 par les biscuits et la cr\u00e8me, notre magasin est le meilleur endroit pour acheter des biscuits et de la cr\u00e8me en ligne. Vous pouvez avoir des biscuits et de la cr\u00e8me en vente au prix le plus bas. Commandez maintenant et recevez-le sous peu !","robots":{"index":"index","follow":"follow","max-snippet":"max-snippet:-1","max-image-preview":"max-image-preview:large","max-video-preview":"max-video-preview:-1"},"canonical":"https:\/\/poudresdenarco.com\/de\/produkt\/kekse-und-creme\/","og_locale":"de_DE","og_type":"article","og_title":"Achetez des biscuits et de la cr\u00e8me en ligne - Biscuits et cr\u00e8me \u00e0 vendre","og_description":"Si vous \u00eates passionn\u00e9 par les biscuits et la cr\u00e8me, notre magasin est le meilleur endroit pour acheter des biscuits et de la cr\u00e8me en ligne. Vous pouvez avoir des biscuits et de la cr\u00e8me en vente au prix le plus bas. Commandez maintenant et recevez-le sous peu !","og_url":"https:\/\/poudresdenarco.com\/de\/produkt\/kekse-und-creme\/","og_site_name":"Poudresde Narco","article_modified_time":"2025-06-10T05:34:43+00:00","og_image":[{"width":600,"height":600,"url":"https:\/\/poudresdenarco.com\/wp-content\/uploads\/2024\/01\/COOKIES-CREAM.jpg","type":"image\/jpeg"}],"twitter_card":"summary_large_image","twitter_misc":{"Gesch\u00e4tzte Lesezeit":"4 Minuten"},"schema":{"@context":"https:\/\/schema.org","@graph":[{"@type":"WebPage","@id":"https:\/\/poudresdenarco.com\/produit\/biscuits-et-creme\/","url":"https:\/\/poudresdenarco.com\/produit\/biscuits-et-creme\/","name":"Achetez des biscuits et de la cr\u00e8me en ligne - Biscuits et cr\u00e8me \u00e0 vendre","isPartOf":{"@id":"https:\/\/poudresdenarco.com\/#website"},"primaryImageOfPage":{"@id":"https:\/\/poudresdenarco.com\/produit\/biscuits-et-creme\/#primaryimage"},"image":{"@id":"https:\/\/poudresdenarco.com\/produit\/biscuits-et-creme\/#primaryimage"},"thumbnailUrl":"https:\/\/poudresdenarco.com\/wp-content\/uploads\/2024\/01\/COOKIES-CREAM.jpg","datePublished":"2024-01-02T08:53:53+00:00","dateModified":"2025-06-10T05:34:43+00:00","description":"Si vous \u00eates passionn\u00e9 par les biscuits et la cr\u00e8me, notre magasin est le meilleur endroit pour acheter des biscuits et de la cr\u00e8me en ligne. Vous pouvez avoir des biscuits et de la cr\u00e8me en vente au prix le plus bas. Commandez maintenant et recevez-le sous peu !","breadcrumb":{"@id":"https:\/\/poudresdenarco.com\/produit\/biscuits-et-creme\/#breadcrumb"},"inLanguage":"de","potentialAction":[{"@type":"ReadAction","target":["https:\/\/poudresdenarco.com\/produit\/biscuits-et-creme\/"]}]},{"@type":"ImageObject","inLanguage":"de","@id":"https:\/\/poudresdenarco.com\/produit\/biscuits-et-creme\/#primaryimage","url":"https:\/\/poudresdenarco.com\/wp-content\/uploads\/2024\/01\/COOKIES-CREAM.jpg","contentUrl":"https:\/\/poudresdenarco.com\/wp-content\/uploads\/2024\/01\/COOKIES-CREAM.jpg","width":600,"height":600,"caption":"Achetez des COOKIES-CREAM en ligne"},{"@type":"BreadcrumbList","@id":"https:\/\/poudresdenarco.com\/produit\/biscuits-et-creme\/#breadcrumb","itemListElement":[{"@type":"ListItem","position":1,"name":"Home","item":"https:\/\/poudresdenarco.com\/"},{"@type":"ListItem","position":2,"name":"Boutique","item":"https:\/\/poudresdenarco.com\/boutique\/"},{"@type":"ListItem","position":3,"name":"biscuits et cr\u00e8me"}]},{"@type":"WebSite","@id":"https:\/\/poudresdenarco.com\/#website","url":"https:\/\/poudresdenarco.com\/","name":"Poudresde Narco","description":"Acheter de la coca\u00efne et de l&#039;h\u00e9ro\u00efne en ligne","potentialAction":[{"@type":"SearchAction","target":{"@type":"EntryPoint","urlTemplate":"https:\/\/poudresdenarco.com\/?s={search_term_string}"},"query-input":{"@type":"PropertyValueSpecification","valueRequired":true,"valueName":"search_term_string"}}],"inLanguage":"de"}]}},"_links":{"self":[{"href":"https:\/\/poudresdenarco.com\/de\/wp-json\/wp\/v2\/product\/4390","targetHints":{"allow":["GET"]}}],"collection":[{"href":"https:\/\/poudresdenarco.com\/de\/wp-json\/wp\/v2\/product"}],"about":[{"href":"https:\/\/poudresdenarco.com\/de\/wp-json\/wp\/v2\/types\/product"}],"replies":[{"embeddable":true,"href":"https:\/\/poudresdenarco.com\/de\/wp-json\/wp\/v2\/comments?post=4390"}],"wp:featuredmedia":[{"embeddable":true,"href":"https:\/\/poudresdenarco.com\/de\/wp-json\/wp\/v2\/media\/4507"}],"wp:attachment":[{"href":"https:\/\/poudresdenarco.com\/de\/wp-json\/wp\/v2\/media?parent=4390"}],"wp:term":[{"taxonomy":"product_cat","embeddable":true,"href":"https:\/\/poudresdenarco.com\/de\/wp-json\/wp\/v2\/product_cat?post=4390"},{"taxonomy":"product_tag","embeddable":true,"href":"https:\/\/poudresdenarco.com\/de\/wp-json\/wp\/v2\/product_tag?post=4390"}],"curies":[{"name":"wp","href":"https:\/\/api.w.org\/{rel}","templated":true}]}}