{"id":4394,"date":"2024-01-02T09:12:14","date_gmt":"2024-01-02T09:12:14","guid":{"rendered":"https:\/\/unkrautmarkt.com\/narco1\/?post_type=product&#038;p=4394"},"modified":"2024-08-23T09:30:34","modified_gmt":"2024-08-23T09:30:34","slug":"jack-skellington","status":"publish","type":"product","link":"https:\/\/poudresdenarco.com\/de\/produkt\/jack-skellington\/","title":{"rendered":"Jack Skellington"},"content":{"rendered":"<h2><strong><span style=\"vertical-align: inherit;\"><span style=\"vertical-align: inherit;\">Buy JACK Skellington online<\/span><\/span><\/strong><\/h2>\n<h3><strong><span style=\"vertical-align: inherit;\"><span style=\"vertical-align: inherit;\">ACK SKELLINGTON: TWO KILLED VARIETIES COMBINED<\/span><\/span><\/strong><\/h3>\n<p><span style=\"vertical-align: inherit;\"><span style=\"vertical-align: inherit;\">Die Z\u00fcchter dieser Sorte arbeiten seit etwa zehn Jahren an Killer Queen. Der Gro\u00dfteil von Killer Queens genetischem Makeup ist G13, aber auch ein wenig Cinderella 99 ist vorhanden. Jack Skellington wurde geboren, nachdem Jack The Ripper zu dem Mix hinzugef\u00fcgt wurde.<\/span><\/span><\/p>\n<p><span style=\"vertical-align: inherit;\"><span style=\"vertical-align: inherit;\">Mit hohen THC-Werten erzeugt diese 70% Sativa- und 30% Indica-Sorte euphorische und deutliche Effekte. Die Aromen und der Geschmack sind stark pungent, erinnernd an reife Limetten.<\/span><\/span><\/p>\n<p><span style=\"vertical-align: inherit;\"><span style=\"vertical-align: inherit;\">Obwohl Jack Skellington eine gro\u00dfartige Sorte f\u00fcr SoG-Arrangements ist, erfordert die Kontrolle der H\u00f6he ein regelm\u00e4\u00dfiges Topping der Pflanzen. Die 56-t\u00e4gige Bl\u00fctezeit ist der Zeitpunkt, an dem dies geschieht. Die mittelgro\u00dfen Ertr\u00e4ge und die gro\u00dfen Mengen an harzbedeckten Buds machen sie ideal f\u00fcr die Haschischproduktion. Diese Sorte ist au\u00dfergew\u00f6hnlich hoch und die Z\u00fcchter verwenden verschiedene Trainingstechniken, um die H\u00f6he zu kontrollieren.<\/span><\/span><\/p>","protected":false},"excerpt":{"rendered":"<p>Buy JACK Skellington online ACK SKELLINGTON: TWO KILLED VARIETIES COMBINED The breeders of this strain have been working on Killer Queen for about a dozen years. Most of Killer Queen&rsquo;s genetic makeup is G13, while a bit of Cinderella 99 is also present. Jack Skellington was born after adding Jack The Ripper to the mix.&hellip;<\/p>","protected":false},"featured_media":4514,"comment_status":"open","ping_status":"closed","template":"","meta":{"_joinchat":[]},"product_cat":[473],"product_tag":[],"class_list":{"0":"post-4394","1":"product","2":"type-product","3":"status-publish","4":"has-post-thumbnail","6":"product_cat-herbe","8":"first","9":"instock","10":"shipping-taxable","11":"purchasable","12":"product-type-variable","13":"col-xs-6 col-sm-4","14":"col-md-3 col-lg-3","15":"un-4-cols"},"yoast_head":"<!-- This site is optimized with the Yoast SEO plugin v23.8 - https:\/\/yoast.com\/wordpress\/plugins\/seo\/ -->\n<title>Acheter Jack Skellington en ligne - Jack Skellington \u00e0 vendre en ligne<\/title>\n<meta name=\"description\" content=\"&quot;Si vous n&#039;avez pas encore essay\u00e9 Jack Skellington dans notre magasin, vous passez \u00e0 c\u00f4t\u00e9 de beaucoup de choses. Nous vous aiderons \u00e0 acheter Jack Skellingtonen ligne \u00e0 des prix avantageux. Achetez Jack Skellington en vente d\u00e8s aujourd&#039;hui\u00a0!&quot;\" \/>\n<meta name=\"robots\" content=\"index, follow, max-snippet:-1, max-image-preview:large, max-video-preview:-1\" \/>\n<link rel=\"canonical\" href=\"https:\/\/poudresdenarco.com\/de\/produkt\/jack-skellington\/\" \/>\n<meta property=\"og:locale\" content=\"de_DE\" \/>\n<meta property=\"og:type\" content=\"article\" \/>\n<meta property=\"og:title\" content=\"Acheter Jack Skellington en ligne - Jack Skellington \u00e0 vendre en ligne\" \/>\n<meta property=\"og:description\" content=\"&quot;Si vous n&#039;avez pas encore essay\u00e9 Jack Skellington dans notre magasin, vous passez \u00e0 c\u00f4t\u00e9 de beaucoup de choses. Nous vous aiderons \u00e0 acheter Jack Skellingtonen ligne \u00e0 des prix avantageux. Achetez Jack Skellington en vente d\u00e8s aujourd&#039;hui\u00a0!&quot;\" \/>\n<meta property=\"og:url\" content=\"https:\/\/poudresdenarco.com\/de\/produkt\/jack-skellington\/\" \/>\n<meta property=\"og:site_name\" content=\"Poudresde Narco\" \/>\n<meta property=\"article:modified_time\" content=\"2024-08-23T09:30:34+00:00\" \/>\n<meta property=\"og:image\" content=\"https:\/\/poudresdenarco.com\/wp-content\/uploads\/2024\/01\/JACK-SKELLINGTON.jpg\" \/>\n\t<meta property=\"og:image:width\" content=\"600\" \/>\n\t<meta property=\"og:image:height\" content=\"600\" \/>\n\t<meta property=\"og:image:type\" content=\"image\/jpeg\" \/>\n<meta name=\"twitter:card\" content=\"summary_large_image\" \/>\n<meta name=\"twitter:label1\" content=\"Gesch\u00e4tzte Lesezeit\" \/>\n\t<meta name=\"twitter:data1\" content=\"1 Minute\" \/>\n<script type=\"application\/ld+json\" class=\"yoast-schema-graph\">{\"@context\":\"https:\/\/schema.org\",\"@graph\":[{\"@type\":\"WebPage\",\"@id\":\"https:\/\/poudresdenarco.com\/produit\/jack-skellington\/\",\"url\":\"https:\/\/poudresdenarco.com\/produit\/jack-skellington\/\",\"name\":\"Acheter Jack Skellington en ligne - Jack Skellington \u00e0 vendre en ligne\",\"isPartOf\":{\"@id\":\"https:\/\/poudresdenarco.com\/#website\"},\"primaryImageOfPage\":{\"@id\":\"https:\/\/poudresdenarco.com\/produit\/jack-skellington\/#primaryimage\"},\"image\":{\"@id\":\"https:\/\/poudresdenarco.com\/produit\/jack-skellington\/#primaryimage\"},\"thumbnailUrl\":\"https:\/\/poudresdenarco.com\/wp-content\/uploads\/2024\/01\/JACK-SKELLINGTON.jpg\",\"datePublished\":\"2024-01-02T09:12:14+00:00\",\"dateModified\":\"2024-08-23T09:30:34+00:00\",\"description\":\"\\\"Si vous n'avez pas encore essay\u00e9 Jack Skellington dans notre magasin, vous passez \u00e0 c\u00f4t\u00e9 de beaucoup de choses. Nous vous aiderons \u00e0 acheter Jack Skellingtonen ligne \u00e0 des prix avantageux. Achetez Jack Skellington en vente d\u00e8s aujourd'hui\u00a0!\\\"\",\"breadcrumb\":{\"@id\":\"https:\/\/poudresdenarco.com\/produit\/jack-skellington\/#breadcrumb\"},\"inLanguage\":\"de\",\"potentialAction\":[{\"@type\":\"ReadAction\",\"target\":[\"https:\/\/poudresdenarco.com\/produit\/jack-skellington\/\"]}]},{\"@type\":\"ImageObject\",\"inLanguage\":\"de\",\"@id\":\"https:\/\/poudresdenarco.com\/produit\/jack-skellington\/#primaryimage\",\"url\":\"https:\/\/poudresdenarco.com\/wp-content\/uploads\/2024\/01\/JACK-SKELLINGTON.jpg\",\"contentUrl\":\"https:\/\/poudresdenarco.com\/wp-content\/uploads\/2024\/01\/JACK-SKELLINGTON.jpg\",\"width\":600,\"height\":600,\"caption\":\"Acheter Jack Skellington en ligne\"},{\"@type\":\"BreadcrumbList\",\"@id\":\"https:\/\/poudresdenarco.com\/produit\/jack-skellington\/#breadcrumb\",\"itemListElement\":[{\"@type\":\"ListItem\",\"position\":1,\"name\":\"Home\",\"item\":\"https:\/\/poudresdenarco.com\/\"},{\"@type\":\"ListItem\",\"position\":2,\"name\":\"Boutique\",\"item\":\"https:\/\/poudresdenarco.com\/boutique\/\"},{\"@type\":\"ListItem\",\"position\":3,\"name\":\"Jack Skellington\"}]},{\"@type\":\"WebSite\",\"@id\":\"https:\/\/poudresdenarco.com\/#website\",\"url\":\"https:\/\/poudresdenarco.com\/\",\"name\":\"Poudresde Narco\",\"description\":\"Acheter de la coca\u00efne et de l&#039;h\u00e9ro\u00efne en ligne\",\"potentialAction\":[{\"@type\":\"SearchAction\",\"target\":{\"@type\":\"EntryPoint\",\"urlTemplate\":\"https:\/\/poudresdenarco.com\/?s={search_term_string}\"},\"query-input\":{\"@type\":\"PropertyValueSpecification\",\"valueRequired\":true,\"valueName\":\"search_term_string\"}}],\"inLanguage\":\"de\"}]}<\/script>\n<!-- \/ Yoast SEO plugin. -->","yoast_head_json":{"title":"Acheter Jack Skellington en ligne - Jack Skellington \u00e0 vendre en ligne","description":"\"Si vous n'avez pas encore essay\u00e9 Jack Skellington dans notre magasin, vous passez \u00e0 c\u00f4t\u00e9 de beaucoup de choses. Nous vous aiderons \u00e0 acheter Jack Skellingtonen ligne \u00e0 des prix avantageux. Achetez Jack Skellington en vente d\u00e8s aujourd'hui\u00a0!\"","robots":{"index":"index","follow":"follow","max-snippet":"max-snippet:-1","max-image-preview":"max-image-preview:large","max-video-preview":"max-video-preview:-1"},"canonical":"https:\/\/poudresdenarco.com\/de\/produkt\/jack-skellington\/","og_locale":"de_DE","og_type":"article","og_title":"Acheter Jack Skellington en ligne - Jack Skellington \u00e0 vendre en ligne","og_description":"\"Si vous n'avez pas encore essay\u00e9 Jack Skellington dans notre magasin, vous passez \u00e0 c\u00f4t\u00e9 de beaucoup de choses. Nous vous aiderons \u00e0 acheter Jack Skellingtonen ligne \u00e0 des prix avantageux. Achetez Jack Skellington en vente d\u00e8s aujourd'hui\u00a0!\"","og_url":"https:\/\/poudresdenarco.com\/de\/produkt\/jack-skellington\/","og_site_name":"Poudresde Narco","article_modified_time":"2024-08-23T09:30:34+00:00","og_image":[{"width":600,"height":600,"url":"https:\/\/poudresdenarco.com\/wp-content\/uploads\/2024\/01\/JACK-SKELLINGTON.jpg","type":"image\/jpeg"}],"twitter_card":"summary_large_image","twitter_misc":{"Gesch\u00e4tzte Lesezeit":"1 Minute"},"schema":{"@context":"https:\/\/schema.org","@graph":[{"@type":"WebPage","@id":"https:\/\/poudresdenarco.com\/produit\/jack-skellington\/","url":"https:\/\/poudresdenarco.com\/produit\/jack-skellington\/","name":"Acheter Jack Skellington en ligne - Jack Skellington \u00e0 vendre en ligne","isPartOf":{"@id":"https:\/\/poudresdenarco.com\/#website"},"primaryImageOfPage":{"@id":"https:\/\/poudresdenarco.com\/produit\/jack-skellington\/#primaryimage"},"image":{"@id":"https:\/\/poudresdenarco.com\/produit\/jack-skellington\/#primaryimage"},"thumbnailUrl":"https:\/\/poudresdenarco.com\/wp-content\/uploads\/2024\/01\/JACK-SKELLINGTON.jpg","datePublished":"2024-01-02T09:12:14+00:00","dateModified":"2024-08-23T09:30:34+00:00","description":"\"Si vous n'avez pas encore essay\u00e9 Jack Skellington dans notre magasin, vous passez \u00e0 c\u00f4t\u00e9 de beaucoup de choses. Nous vous aiderons \u00e0 acheter Jack Skellingtonen ligne \u00e0 des prix avantageux. Achetez Jack Skellington en vente d\u00e8s aujourd'hui\u00a0!\"","breadcrumb":{"@id":"https:\/\/poudresdenarco.com\/produit\/jack-skellington\/#breadcrumb"},"inLanguage":"de","potentialAction":[{"@type":"ReadAction","target":["https:\/\/poudresdenarco.com\/produit\/jack-skellington\/"]}]},{"@type":"ImageObject","inLanguage":"de","@id":"https:\/\/poudresdenarco.com\/produit\/jack-skellington\/#primaryimage","url":"https:\/\/poudresdenarco.com\/wp-content\/uploads\/2024\/01\/JACK-SKELLINGTON.jpg","contentUrl":"https:\/\/poudresdenarco.com\/wp-content\/uploads\/2024\/01\/JACK-SKELLINGTON.jpg","width":600,"height":600,"caption":"Acheter Jack Skellington en ligne"},{"@type":"BreadcrumbList","@id":"https:\/\/poudresdenarco.com\/produit\/jack-skellington\/#breadcrumb","itemListElement":[{"@type":"ListItem","position":1,"name":"Home","item":"https:\/\/poudresdenarco.com\/"},{"@type":"ListItem","position":2,"name":"Boutique","item":"https:\/\/poudresdenarco.com\/boutique\/"},{"@type":"ListItem","position":3,"name":"Jack Skellington"}]},{"@type":"WebSite","@id":"https:\/\/poudresdenarco.com\/#website","url":"https:\/\/poudresdenarco.com\/","name":"Poudresde Narco","description":"Acheter de la coca\u00efne et de l&#039;h\u00e9ro\u00efne en ligne","potentialAction":[{"@type":"SearchAction","target":{"@type":"EntryPoint","urlTemplate":"https:\/\/poudresdenarco.com\/?s={search_term_string}"},"query-input":{"@type":"PropertyValueSpecification","valueRequired":true,"valueName":"search_term_string"}}],"inLanguage":"de"}]}},"_links":{"self":[{"href":"https:\/\/poudresdenarco.com\/de\/wp-json\/wp\/v2\/product\/4394","targetHints":{"allow":["GET"]}}],"collection":[{"href":"https:\/\/poudresdenarco.com\/de\/wp-json\/wp\/v2\/product"}],"about":[{"href":"https:\/\/poudresdenarco.com\/de\/wp-json\/wp\/v2\/types\/product"}],"replies":[{"embeddable":true,"href":"https:\/\/poudresdenarco.com\/de\/wp-json\/wp\/v2\/comments?post=4394"}],"wp:featuredmedia":[{"embeddable":true,"href":"https:\/\/poudresdenarco.com\/de\/wp-json\/wp\/v2\/media\/4514"}],"wp:attachment":[{"href":"https:\/\/poudresdenarco.com\/de\/wp-json\/wp\/v2\/media?parent=4394"}],"wp:term":[{"taxonomy":"product_cat","embeddable":true,"href":"https:\/\/poudresdenarco.com\/de\/wp-json\/wp\/v2\/product_cat?post=4394"},{"taxonomy":"product_tag","embeddable":true,"href":"https:\/\/poudresdenarco.com\/de\/wp-json\/wp\/v2\/product_tag?post=4394"}],"curies":[{"name":"wp","href":"https:\/\/api.w.org\/{rel}","templated":true}]}}