{"id":4397,"date":"2024-01-02T09:40:25","date_gmt":"2024-01-02T09:40:25","guid":{"rendered":"https:\/\/unkrautmarkt.com\/narco1\/?post_type=product&#038;p=4397"},"modified":"2025-11-10T18:59:44","modified_gmt":"2025-11-10T18:59:44","slug":"quatre-quarts-de-londres","status":"publish","type":"product","link":"https:\/\/poudresdenarco.com\/de\/produkt\/vierviertel-von-london\/","title":{"rendered":"Londoner Vierling"},"content":{"rendered":"<h2><strong><span style=\"vertical-align: inherit;\"><span style=\"vertical-align: inherit;\">Buy London Pound Cake Online<\/span><\/span><\/strong><\/h2>\n<h3><strong><span style=\"vertical-align: inherit;\"><span style=\"vertical-align: inherit;\">LONDON POUND CAKE: A DELICIOUSLY SWEET INDICA-DOMINANT STRAIN<\/span><\/span><\/strong><\/h3>\n<p><span style=\"vertical-align: inherit;\"><span style=\"vertical-align: inherit;\">London Pound Cake ist eine gro\u00dfartige Option, wenn du nach einer Sorte suchst, die einen s\u00fc\u00dfen, fast dessertartigen Geschmack hat und trotzdem eine starke, beruhigende Wirkung hat. Diese \u00fcberwiegend indische Sorte ist eine Mischung aus dem ber\u00fchmten Sunset Sherbet und einer unidentifizierten potenten Sorte. Sie hat opulente Aromen, eine beruhigende Wirkung und einen entspannten Wachstumszyklus, der eine F\u00fclle von dichten, k\u00f6stlichen Buds hervorbringt. In den folgenden Abschnitten werden wir die wichtigsten Merkmale und Empfehlungen dieser Sorte kurz zusammenfassen.<\/span><\/span><\/p>\n<h3><strong><span style=\"vertical-align: inherit;\"><span style=\"vertical-align: inherit;\">THE GENETIC HISTORY OF THE LONDON POUND CAKE: SEMI-SECRET ORIGIN<\/span><\/span><\/strong><\/h3>\n<p><span style=\"vertical-align: inherit;\"><span style=\"vertical-align: inherit;\">London Pound Cake ist eine relativ neue Sorte, die vor allem unter Stonern mit einem s\u00fc\u00dfen Zahn bekannt geworden ist. Entwickelt von den kalifornischen Z\u00fcchtern Cookies Fam, die auch f\u00fcr die Herstellung bekannter Strains wie Runtz &amp; Gelato verantwortlich sind: W\u00e4hrend ihre leistungsf\u00e4hige Strain unbekannt ist, wird angenommen, dass sie ein Ph\u00e4notyp der ber\u00fchmten Girl Scout Cookies Strain ist. Diese ist das Schwergewicht, das f\u00fcr die Herstellung von London Pound Cake verwendet wird.<\/span><\/span><\/p>\n<h3><strong><span style=\"vertical-align: inherit;\"><span style=\"vertical-align: inherit;\">SUNSET SORBET<\/span><\/span><\/strong><\/h3>\n<p><span style=\"vertical-align: inherit;\"><span style=\"vertical-align: inherit;\">Die zuvor genannte unbenannte Indica-Sorte wurde mit Sunset Sherbet gekreuzt, um London Pound Cake zu kreieren. Sunset Sherbet ist eine Hybridsorte, die von der ber\u00fchmten OG Kush abstammt und eine Kreuzung zwischen Girl Scout Cookies und Pink Panty ist.<\/span><\/span><\/p>\n<p><span style=\"vertical-align: inherit;\"><span style=\"vertical-align: inherit;\">Diese Sorte ist daf\u00fcr bekannt, dass sie einen fruchtigen und s\u00fc\u00dfen Geschmack mit Zitrus- und Minzuntert\u00f6nen hat. Ihr reicher Duft kombiniert s\u00fc\u00dfe, w\u00fcrzige und erdige Noten. Sunset Sherbet ist bekannt daf\u00fcr, Spannungen aus K\u00f6rper und Geist zu l\u00f6sen und dabei eine beruhigende und energetisierende Wirkung zu erzielen. Seine weitreichenden Wirkungen machen ihn zu einer beliebten Wahl.<\/span><\/span><\/p>\n<h3><strong><span style=\"vertical-align: inherit;\"><span style=\"vertical-align: inherit;\">AROMA AND FLAVOR OF LONDON POUND CAKE: PURE DECADENCE<\/span><\/span><\/strong><\/h3>\n<p><span style=\"vertical-align: inherit;\"><span style=\"vertical-align: inherit;\">Neben anderen Attributen ist London Pound Cake wegen seiner einzigartigen Kombination von Aromen und Geschm\u00e4ckern sehr begehrt. Die Sorte hat ein k\u00f6stlich s\u00fc\u00dfes und fruchtiges Aroma, das durch Ankl\u00e4nge von Vanille und Nussigkeit erg\u00e4nzt wird. Das Aroma von London Pound Cake ist ebenso k\u00f6stlich, mit einem s\u00fc\u00dfen, kakaoartigen Geschmack, der sich auf der Zunge festsetzt und Sie nach mehr verlangen l\u00e4sst.<\/span><\/span><\/p>\n<p><span style=\"vertical-align: inherit;\"><span style=\"vertical-align: inherit;\">Diese bemerkenswerten Aromen und Geschmacksrichtungen sind auf ein Terpenprofil zur\u00fcckzuf\u00fchren, das von Terpenen dominiert wird:<\/span><\/span><\/p>\n<ul>\n<li><span style=\"vertical-align: inherit;\"><span style=\"vertical-align: inherit;\">Caryophyllen<\/span><\/span><\/li>\n<li><span style=\"vertical-align: inherit;\"><span style=\"vertical-align: inherit;\">Limonene<\/span><\/span><\/li>\n<li><span style=\"vertical-align: inherit;\"><span style=\"vertical-align: inherit;\">Myrcene<\/span><\/span><\/li>\n<\/ul>\n<h3><strong><span style=\"vertical-align: inherit;\"><span style=\"vertical-align: inherit;\">POWER AND EFFECTS OF LONDON POUND CAKE SOOTHING AND SLEEPING<\/span><\/span><\/strong><\/h3>\n<p><span style=\"vertical-align: inherit;\"><span style=\"vertical-align: inherit;\">London Pound Cake ist nicht die st\u00e4rkste verf\u00fcgbare Sorte, aber mit THC-Werten von etwa 20% ist sie keineswegs eine schwache Sorte. Zus\u00e4tzlich zu den bereits erw\u00e4hnten Terpenen und einer CBG-Konzentration von 1% beginnt LPC schnell eine starke sedative Wirkung zu entfalten.<\/span><\/span><\/p>\n<p><span style=\"vertical-align: inherit;\"><span style=\"vertical-align: inherit;\">Zu den wichtigsten Auswirkungen des Streiks, die aufgezeichnet wurden, geh\u00f6ren:<\/span><\/span><\/p>\n<ul>\n<li><span style=\"vertical-align: inherit;\"><span style=\"vertical-align: inherit;\">Entspannung<\/span><\/span><\/li>\n<li><span style=\"vertical-align: inherit;\"><span style=\"vertical-align: inherit;\">euphoria<\/span><\/span><\/li>\n<li><span style=\"vertical-align: inherit;\"><span style=\"vertical-align: inherit;\">Joy<\/span><\/span><\/li>\n<li><span style=\"vertical-align: inherit;\"><span style=\"vertical-align: inherit;\">positive Einstellung<\/span><\/span><\/li>\n<li><span style=\"vertical-align: inherit;\"><span style=\"vertical-align: inherit;\">Originalit\u00e4t<\/span><\/span><\/li>\n<\/ul>\n<h3><strong><span style=\"vertical-align: inherit;\"><span style=\"vertical-align: inherit;\">SIDE EFFECTS<\/span><\/span><\/strong><\/h3>\n<p><span style=\"vertical-align: inherit;\"><span style=\"vertical-align: inherit;\">Wie bei jeder Sorte mit hohen THC-Werten ist es wichtig, London Pound Cake in Ma\u00dfen zu konsumieren, um negative Auswirkungen zu vermeiden. Bei verantwortungsvollem Gebrauch kann diese Sorte jedoch sowohl Freizeit- als auch medizinischen Nutzern eine Reihe von Vorteilen bieten.<\/span><\/span><\/p>\n<p><span style=\"vertical-align: inherit;\"><span style=\"vertical-align: inherit;\">That said, possible side effects of LPC use include:<\/span><\/span><\/p>\n<ul>\n<li><span style=\"vertical-align: inherit;\"><span style=\"vertical-align: inherit;\">Trockener Mund<\/span><\/span><\/li>\n<li><span style=\"vertical-align: inherit;\"><span style=\"vertical-align: inherit;\">Trockene Augen<\/span><\/span><\/li>\n<li><span style=\"vertical-align: inherit;\"><span style=\"vertical-align: inherit;\">Anxiety\/paranoia<\/span><\/span><\/li>\n<li><span style=\"vertical-align: inherit;\"><span style=\"vertical-align: inherit;\">Dizziness\/headache<\/span><\/span><\/li>\n<\/ul>\n<h3><strong><span style=\"vertical-align: inherit;\"><span style=\"vertical-align: inherit;\">LONDON POUND CAKE CULTURE: SCHNELL UND PRODUKTIV<\/span><\/span><\/strong><\/h3>\n<p><span style=\"vertical-align: inherit;\"><span style=\"vertical-align: inherit;\">London Pound Cake ist eine gro\u00dfartige Sorte f\u00fcr erfahrene Grower, die nach gro\u00dfen Ertr\u00e4gen ohne all die Arbeit suchen, und f\u00fcr Anf\u00e4nger, die eine einfache Anbauerfahrung suchen. Selbst die erfahrensten Z\u00fcchter werden von den reichen, harzigen Buds beeindruckt sein, die diese Pflanze trotz ihres einfachen Wachstums produziert.<\/span><\/span><\/p>\n<p><span style=\"vertical-align: inherit;\"><span style=\"vertical-align: inherit;\">Aufgrund seiner geringen Gr\u00f6\u00dfe ist der London Pound Cake eine gute Wahl f\u00fcr alle, die sich um den Platz sorgen. Trotz seiner geringen Gr\u00f6\u00dfe kann er erstaunliche Mengen produzieren: Indoor-Ertr\u00e4ge k\u00f6nnen bis zu 500 g\/m\u00b2 betragen, Outdoor-Ertr\u00e4ge bis zu 600 g\/Pflanze.<\/span><\/span><\/p>\n<p><span style=\"vertical-align: inherit;\"><span style=\"vertical-align: inherit;\">Es gibt noch weitere Vorteile der Zucht von London Pound Cake, wie zum Beispiel die schnelle Bl\u00fctezeit. Im Vergleich zu vielen anderen Strains, vor allem anderen Indicas, bl\u00fcht diese Sorte typischerweise in 8-9 Wochen. Somit k\u00f6nnen Grower.<\/span><\/span><\/p>\n<h3><strong><span style=\"vertical-align: inherit;\"><span style=\"vertical-align: inherit;\">TIPPS ZUM INDOOR GROWING<\/span><\/span><\/strong><\/h3>\n<p><span style=\"vertical-align: inherit;\"><span style=\"vertical-align: inherit;\">Sowohl Boden- als auch Hydrokulturen k\u00f6nnen verwendet werden, um London Pound Cake effektiv indoors anzubauen. Die Sorte reagiert positiv auf die Screen-of-Green-Technik (ScrOG), die die Licht- und Platzverf\u00fcgbarkeit maximieren kann und gleichzeitig zu h\u00f6heren Ertr\u00e4gen beitr\u00e4gt. Da diese Sorte dichte Buds produziert, ist es wichtig, die Luftfeuchtigkeit zu \u00fcberwachen, vor allem in den sp\u00e4teren Stadien der Bl\u00fcte, um zu verhindern, dass Schimmel und andere Infektionen Ihre Ernte gef\u00e4hrden.<\/span><\/span><\/p>\n<h3><strong><span style=\"vertical-align: inherit;\"><span style=\"vertical-align: inherit;\">TIPPS ZUM ANBAU IM FREIEN<\/span><\/span><\/strong><\/h3>\n<p><span style=\"vertical-align: inherit;\"><span style=\"vertical-align: inherit;\">London Pound Cake liebt gutes Wetter und Sonnenschein im Freien. Die Sorte kann problemlos h\u00f6here Temperaturen vertragen und gedeiht am besten in einem mediterranen Klima. Versuchen Sie, sie so zu platzieren, dass sie jeden Tag 6 bis 8 Stunden direkte Sonneneinstrahlung genie\u00dfen kann. Unabh\u00e4ngig davon, wo im Freien Sie sie anbauen m\u00f6chten.<\/span><\/span><\/p>\n<h3><strong><span style=\"vertical-align: inherit;\"><span style=\"vertical-align: inherit;\">FOR THE GARDEN London Pound CakeINIERS<\/span><\/span><\/strong><\/h3>\n<p><span style=\"vertical-align: inherit;\"><span style=\"vertical-align: inherit;\">London Pound Cake ist eine gro\u00dfartige Sorte f\u00fcr Anf\u00e4nger oder diejenigen, die eine Hands-Off-Growing-Erfahrung suchen, da sie sehr einfach zu growen ist. Au\u00dferdem produziert diese Sorte extrem harzige Buds, was sie zu einer guten Wahl f\u00fcr Leute macht, die Extrakte oder Konzentrate herstellen wollen.<\/span><\/span><\/p>\n<h3><strong><span style=\"vertical-align: inherit;\"><span style=\"vertical-align: inherit;\">UNTERHALTUNGSNUTZER<\/span><\/span><\/strong><\/h3>\n<p><span style=\"vertical-align: inherit;\"><span style=\"vertical-align: inherit;\">Aufgrund seiner euphorischen und beruhigenden Wirkung ist London Pound Cake eine gute Wahl f\u00fcr Freizeitnutzer, die sich entspannen oder auf eine erholsame Nachtruhe vorbereiten wollen. Aufgrund seiner stimmungsaufhellenden Eigenschaften ist er auch eine gute Wahl f\u00fcr niedrigschwellige kreative Verfolgungen.<\/span><\/span><\/p>\n<h3><strong><span style=\"vertical-align: inherit;\"><span style=\"vertical-align: inherit;\">FOR MEDICAL USERS<\/span><\/span><\/strong><\/h3>\n<p><span style=\"vertical-align: inherit;\"><span style=\"vertical-align: inherit;\">The relaxing, even sleep-inducing effects of London Pound Cake make it an excellent choice for medical users dealing with issues such as insomnia, body aches, anxiety, and depression.<\/span><\/span><\/p>\n<p><span style=\"vertical-align: inherit;\"><span style=\"vertical-align: inherit;\">Mit seinem s\u00fc\u00dfen und cremigen Geschmack ist es kein Wunder, dass London Pound Cake ein Favorit unter allen Arten von Cannabis-Enthusiasten ist. Seine entspannende und euphorische Wirkung macht ihn zu einer idealen Wahl f\u00fcr alle, die sich entspannen wollen oder die sich von Stress, Angst und Schmerzen erholen wollen. Lehnen Sie sich zur\u00fcck, entspannen Sie sich und lassen Sie sich von dem s\u00fc\u00dfen Aroma des London Pound Cake in eine Welt der reinen Bliss transportieren.<\/span><\/span><\/p>","protected":false},"excerpt":{"rendered":"<p>Buy London Pound Cake Online LONDON POUND CAKE: A DELICIOUSLY SWEET INDICA-DOMINANT STRAIN London Pound Cake is a great option if you\u2019re looking for a strain that has a sweet, almost dessert-like taste while still delivering a powerful, calming effect. This mostly indica strain is a cross between the famous Sunset Sherbet and an unidentified&hellip;<\/p>","protected":false},"featured_media":4520,"comment_status":"open","ping_status":"closed","template":"","meta":{"_joinchat":[]},"product_cat":[473],"product_tag":[],"class_list":{"0":"post-4397","1":"product","2":"type-product","3":"status-publish","4":"has-post-thumbnail","6":"product_cat-herbe","8":"first","9":"instock","10":"shipping-taxable","11":"purchasable","12":"product-type-variable","13":"col-xs-6 col-sm-4","14":"col-md-3 col-lg-3","15":"un-4-cols"},"yoast_head":"<!-- This site is optimized with the Yoast SEO plugin v23.8 - https:\/\/yoast.com\/wordpress\/plugins\/seo\/ -->\n<title>Achetez des g\u00e2teaux London Pound Cake - Vente de g\u00e2teaux London Pound Cake<\/title>\n<meta name=\"description\" content=\"Chez PoudresDenarco, vous pouvez vous procurer du London Pound Cake \u00e0 des prix avantageux. Ici, vous pouvez acheter du London Pound Cake en ligne de haute qualit\u00e9 dans notre magasin maintenant avec un service d&#039;exp\u00e9dition rapide et s\u00e9curis\u00e9. Commandez maintenant !\" \/>\n<meta name=\"robots\" content=\"index, follow, max-snippet:-1, max-image-preview:large, max-video-preview:-1\" \/>\n<link rel=\"canonical\" href=\"https:\/\/poudresdenarco.com\/de\/produkt\/vierviertel-von-london\/\" \/>\n<meta property=\"og:locale\" content=\"de_DE\" \/>\n<meta property=\"og:type\" content=\"article\" \/>\n<meta property=\"og:title\" content=\"Achetez des g\u00e2teaux London Pound Cake - Vente de g\u00e2teaux London Pound Cake\" \/>\n<meta property=\"og:description\" content=\"Chez PoudresDenarco, vous pouvez vous procurer du London Pound Cake \u00e0 des prix avantageux. Ici, vous pouvez acheter du London Pound Cake en ligne de haute qualit\u00e9 dans notre magasin maintenant avec un service d&#039;exp\u00e9dition rapide et s\u00e9curis\u00e9. Commandez maintenant !\" \/>\n<meta property=\"og:url\" content=\"https:\/\/poudresdenarco.com\/de\/produkt\/vierviertel-von-london\/\" \/>\n<meta property=\"og:site_name\" content=\"Poudresde Narco\" \/>\n<meta property=\"article:modified_time\" content=\"2025-11-10T18:59:44+00:00\" \/>\n<meta property=\"og:image\" content=\"https:\/\/poudresdenarco.com\/wp-content\/uploads\/2024\/01\/LONDON-POUND-CAKE.jpg\" \/>\n\t<meta property=\"og:image:width\" content=\"600\" \/>\n\t<meta property=\"og:image:height\" content=\"600\" \/>\n\t<meta property=\"og:image:type\" content=\"image\/jpeg\" \/>\n<meta name=\"twitter:card\" content=\"summary_large_image\" \/>\n<meta name=\"twitter:label1\" content=\"Gesch\u00e4tzte Lesezeit\" \/>\n\t<meta name=\"twitter:data1\" content=\"5 Minuten\" \/>\n<script type=\"application\/ld+json\" class=\"yoast-schema-graph\">{\"@context\":\"https:\/\/schema.org\",\"@graph\":[{\"@type\":\"WebPage\",\"@id\":\"https:\/\/poudresdenarco.com\/produit\/quatre-quarts-de-londres\/\",\"url\":\"https:\/\/poudresdenarco.com\/produit\/quatre-quarts-de-londres\/\",\"name\":\"Achetez des g\u00e2teaux London Pound Cake - Vente de g\u00e2teaux London Pound Cake\",\"isPartOf\":{\"@id\":\"https:\/\/poudresdenarco.com\/#website\"},\"primaryImageOfPage\":{\"@id\":\"https:\/\/poudresdenarco.com\/produit\/quatre-quarts-de-londres\/#primaryimage\"},\"image\":{\"@id\":\"https:\/\/poudresdenarco.com\/produit\/quatre-quarts-de-londres\/#primaryimage\"},\"thumbnailUrl\":\"https:\/\/poudresdenarco.com\/wp-content\/uploads\/2024\/01\/LONDON-POUND-CAKE.jpg\",\"datePublished\":\"2024-01-02T09:40:25+00:00\",\"dateModified\":\"2025-11-10T18:59:44+00:00\",\"description\":\"Chez PoudresDenarco, vous pouvez vous procurer du London Pound Cake \u00e0 des prix avantageux. Ici, vous pouvez acheter du London Pound Cake en ligne de haute qualit\u00e9 dans notre magasin maintenant avec un service d'exp\u00e9dition rapide et s\u00e9curis\u00e9. Commandez maintenant !\",\"breadcrumb\":{\"@id\":\"https:\/\/poudresdenarco.com\/produit\/quatre-quarts-de-londres\/#breadcrumb\"},\"inLanguage\":\"de\",\"potentialAction\":[{\"@type\":\"ReadAction\",\"target\":[\"https:\/\/poudresdenarco.com\/produit\/quatre-quarts-de-londres\/\"]}]},{\"@type\":\"ImageObject\",\"inLanguage\":\"de\",\"@id\":\"https:\/\/poudresdenarco.com\/produit\/quatre-quarts-de-londres\/#primaryimage\",\"url\":\"https:\/\/poudresdenarco.com\/wp-content\/uploads\/2024\/01\/LONDON-POUND-CAKE.jpg\",\"contentUrl\":\"https:\/\/poudresdenarco.com\/wp-content\/uploads\/2024\/01\/LONDON-POUND-CAKE.jpg\",\"width\":600,\"height\":600,\"caption\":\"Achetez LONDON-POUND-CAKE en ligne\"},{\"@type\":\"BreadcrumbList\",\"@id\":\"https:\/\/poudresdenarco.com\/produit\/quatre-quarts-de-londres\/#breadcrumb\",\"itemListElement\":[{\"@type\":\"ListItem\",\"position\":1,\"name\":\"Home\",\"item\":\"https:\/\/poudresdenarco.com\/\"},{\"@type\":\"ListItem\",\"position\":2,\"name\":\"Boutique\",\"item\":\"https:\/\/poudresdenarco.com\/boutique\/\"},{\"@type\":\"ListItem\",\"position\":3,\"name\":\"Quatre-quarts de Londres\"}]},{\"@type\":\"WebSite\",\"@id\":\"https:\/\/poudresdenarco.com\/#website\",\"url\":\"https:\/\/poudresdenarco.com\/\",\"name\":\"Poudresde Narco\",\"description\":\"Acheter de la coca\u00efne et de l&#039;h\u00e9ro\u00efne en ligne\",\"potentialAction\":[{\"@type\":\"SearchAction\",\"target\":{\"@type\":\"EntryPoint\",\"urlTemplate\":\"https:\/\/poudresdenarco.com\/?s={search_term_string}\"},\"query-input\":{\"@type\":\"PropertyValueSpecification\",\"valueRequired\":true,\"valueName\":\"search_term_string\"}}],\"inLanguage\":\"de\"}]}<\/script>\n<!-- \/ Yoast SEO plugin. -->","yoast_head_json":{"title":"Achetez des g\u00e2teaux London Pound Cake - Vente de g\u00e2teaux London Pound Cake","description":"Chez PoudresDenarco, vous pouvez vous procurer du London Pound Cake \u00e0 des prix avantageux. Ici, vous pouvez acheter du London Pound Cake en ligne de haute qualit\u00e9 dans notre magasin maintenant avec un service d'exp\u00e9dition rapide et s\u00e9curis\u00e9. Commandez maintenant !","robots":{"index":"index","follow":"follow","max-snippet":"max-snippet:-1","max-image-preview":"max-image-preview:large","max-video-preview":"max-video-preview:-1"},"canonical":"https:\/\/poudresdenarco.com\/de\/produkt\/vierviertel-von-london\/","og_locale":"de_DE","og_type":"article","og_title":"Achetez des g\u00e2teaux London Pound Cake - Vente de g\u00e2teaux London Pound Cake","og_description":"Chez PoudresDenarco, vous pouvez vous procurer du London Pound Cake \u00e0 des prix avantageux. Ici, vous pouvez acheter du London Pound Cake en ligne de haute qualit\u00e9 dans notre magasin maintenant avec un service d'exp\u00e9dition rapide et s\u00e9curis\u00e9. Commandez maintenant !","og_url":"https:\/\/poudresdenarco.com\/de\/produkt\/vierviertel-von-london\/","og_site_name":"Poudresde Narco","article_modified_time":"2025-11-10T18:59:44+00:00","og_image":[{"width":600,"height":600,"url":"https:\/\/poudresdenarco.com\/wp-content\/uploads\/2024\/01\/LONDON-POUND-CAKE.jpg","type":"image\/jpeg"}],"twitter_card":"summary_large_image","twitter_misc":{"Gesch\u00e4tzte Lesezeit":"5 Minuten"},"schema":{"@context":"https:\/\/schema.org","@graph":[{"@type":"WebPage","@id":"https:\/\/poudresdenarco.com\/produit\/quatre-quarts-de-londres\/","url":"https:\/\/poudresdenarco.com\/produit\/quatre-quarts-de-londres\/","name":"Achetez des g\u00e2teaux London Pound Cake - Vente de g\u00e2teaux London Pound Cake","isPartOf":{"@id":"https:\/\/poudresdenarco.com\/#website"},"primaryImageOfPage":{"@id":"https:\/\/poudresdenarco.com\/produit\/quatre-quarts-de-londres\/#primaryimage"},"image":{"@id":"https:\/\/poudresdenarco.com\/produit\/quatre-quarts-de-londres\/#primaryimage"},"thumbnailUrl":"https:\/\/poudresdenarco.com\/wp-content\/uploads\/2024\/01\/LONDON-POUND-CAKE.jpg","datePublished":"2024-01-02T09:40:25+00:00","dateModified":"2025-11-10T18:59:44+00:00","description":"Chez PoudresDenarco, vous pouvez vous procurer du London Pound Cake \u00e0 des prix avantageux. Ici, vous pouvez acheter du London Pound Cake en ligne de haute qualit\u00e9 dans notre magasin maintenant avec un service d'exp\u00e9dition rapide et s\u00e9curis\u00e9. Commandez maintenant !","breadcrumb":{"@id":"https:\/\/poudresdenarco.com\/produit\/quatre-quarts-de-londres\/#breadcrumb"},"inLanguage":"de","potentialAction":[{"@type":"ReadAction","target":["https:\/\/poudresdenarco.com\/produit\/quatre-quarts-de-londres\/"]}]},{"@type":"ImageObject","inLanguage":"de","@id":"https:\/\/poudresdenarco.com\/produit\/quatre-quarts-de-londres\/#primaryimage","url":"https:\/\/poudresdenarco.com\/wp-content\/uploads\/2024\/01\/LONDON-POUND-CAKE.jpg","contentUrl":"https:\/\/poudresdenarco.com\/wp-content\/uploads\/2024\/01\/LONDON-POUND-CAKE.jpg","width":600,"height":600,"caption":"Achetez LONDON-POUND-CAKE en ligne"},{"@type":"BreadcrumbList","@id":"https:\/\/poudresdenarco.com\/produit\/quatre-quarts-de-londres\/#breadcrumb","itemListElement":[{"@type":"ListItem","position":1,"name":"Home","item":"https:\/\/poudresdenarco.com\/"},{"@type":"ListItem","position":2,"name":"Boutique","item":"https:\/\/poudresdenarco.com\/boutique\/"},{"@type":"ListItem","position":3,"name":"Quatre-quarts de Londres"}]},{"@type":"WebSite","@id":"https:\/\/poudresdenarco.com\/#website","url":"https:\/\/poudresdenarco.com\/","name":"Poudresde Narco","description":"Acheter de la coca\u00efne et de l&#039;h\u00e9ro\u00efne en ligne","potentialAction":[{"@type":"SearchAction","target":{"@type":"EntryPoint","urlTemplate":"https:\/\/poudresdenarco.com\/?s={search_term_string}"},"query-input":{"@type":"PropertyValueSpecification","valueRequired":true,"valueName":"search_term_string"}}],"inLanguage":"de"}]}},"_links":{"self":[{"href":"https:\/\/poudresdenarco.com\/de\/wp-json\/wp\/v2\/product\/4397","targetHints":{"allow":["GET"]}}],"collection":[{"href":"https:\/\/poudresdenarco.com\/de\/wp-json\/wp\/v2\/product"}],"about":[{"href":"https:\/\/poudresdenarco.com\/de\/wp-json\/wp\/v2\/types\/product"}],"replies":[{"embeddable":true,"href":"https:\/\/poudresdenarco.com\/de\/wp-json\/wp\/v2\/comments?post=4397"}],"wp:featuredmedia":[{"embeddable":true,"href":"https:\/\/poudresdenarco.com\/de\/wp-json\/wp\/v2\/media\/4520"}],"wp:attachment":[{"href":"https:\/\/poudresdenarco.com\/de\/wp-json\/wp\/v2\/media?parent=4397"}],"wp:term":[{"taxonomy":"product_cat","embeddable":true,"href":"https:\/\/poudresdenarco.com\/de\/wp-json\/wp\/v2\/product_cat?post=4397"},{"taxonomy":"product_tag","embeddable":true,"href":"https:\/\/poudresdenarco.com\/de\/wp-json\/wp\/v2\/product_tag?post=4397"}],"curies":[{"name":"wp","href":"https:\/\/api.w.org\/{rel}","templated":true}]}}