{"id":4456,"date":"2024-01-02T10:49:48","date_gmt":"2024-01-02T10:49:48","guid":{"rendered":"https:\/\/unkrautmarkt.com\/narco1\/?post_type=product&#038;p=4456"},"modified":"2025-06-02T20:15:55","modified_gmt":"2025-06-02T20:15:55","slug":"amnesie-hash","status":"publish","type":"product","link":"https:\/\/poudresdenarco.com\/de\/produkt\/amnesie-hash\/","title":{"rendered":"Hash-Amnesie"},"content":{"rendered":"<h2><strong><span style=\"vertical-align: inherit;\"><span style=\"vertical-align: inherit;\">AMNESIA HASH ONLINE KAUFEN<\/span><\/span><\/strong><\/h2>\n<h3><strong><span style=\"vertical-align: inherit;\"><span style=\"vertical-align: inherit;\">EINE WELTBER\u00dcHMTE PSYCHEDELISCHE KRAFT: AMNESIA HASH<\/span><\/span><\/strong><\/h3>\n<p><span style=\"vertical-align: inherit;\"><span style=\"vertical-align: inherit;\">Mit einem Hauch von Deep Mountain Indica ist Amnesia Hazes charakteristische lange und reife psychedelische Sativa-Abstammung zur\u00fcckhaltend. Diese Sorte wurde fachm\u00e4nnisch aus zwei Landrassen und einem Hybrid gemischt und ist ein THC-Kraftpaket mit einer Wirkung, die selbst den erfahrensten Cannabiskenner dazu zwingt, sie anzuerkennen.<\/span><\/span><\/p>\n<p><span style=\"vertical-align: inherit;\"><span style=\"vertical-align: inherit;\">Wenn Amnesia Haze sorgf\u00e4ltig getrocknet wird, f\u00fchlen sich die dicken Bl\u00fctenst\u00e4nde fest an. Die festen Nuggets sind so gut kristallisiert, dass es aussieht, als w\u00e4ren sie sanft mit einem schimmernden, lichtbrechenden Karamell \u00fcberzogen, das nach exotischem Kardamom, Limette, Majoran und Mandarine schmeckt.<\/span><\/span><\/p>\n<p><span style=\"vertical-align: inherit;\"><span style=\"vertical-align: inherit;\">Amnesia Haze wird aufgrund seiner \u00fcberm\u00e4\u00dfigen Trichomproduktion f\u00fcr Haschisch und andere Extrakte hoch gesch\u00e4tzt. Die Kaskaden aus reinem, honigfarbenem Harz mit 22 % THC sind ein klebriger Anblick und eine beispiellose duftende Entdeckung, wenn sie von zwanzig Tonnen erhitzt und zerkleinert werden.<\/span><\/span><\/p>\n<h3><strong><span style=\"vertical-align: inherit;\"><span style=\"vertical-align: inherit;\">AUSWIRKUNGEN VON AMNESIA-NEBELN<\/span><\/span><\/strong><\/h3>\n<p><span style=\"vertical-align: inherit;\"><span style=\"vertical-align: inherit;\">Die Wirkung ist stark, auch wenn sie schwer einzusch\u00e4tzen ist. Ein wichtiger Faktor ist die Benutzererfahrung. Mit dieser starken Sorte kann ein Marihuana-Anf\u00e4nger sein erstes gr\u00fcnes Erlebnis erleben. Ich kann sie leicht missbrauchen, weil sie so k\u00f6stlich und seidig ist.<\/span><\/span><\/p>\n<p><span style=\"vertical-align: inherit;\"><span style=\"vertical-align: inherit;\">Ein erfahrener Sativa-Liebhaber wird von der au\u00dfergew\u00f6hnlichen Konzentration und kreativen Stimulation, die diese fast halluzinogene Sorte bietet, fasziniert sein. Die freie Natur mit ihrer lebendigen Umgebung und der lebhaften Luft lockt. Nat\u00fcrlich ist es sehr zu empfehlen, sich einfach mit etwas Musik auf der Couch zusammenzurollen und einen sch\u00f6nen Nachmittag mit Freunden zu verbringen und einen gedanklichen Ausflug zu genie\u00dfen. Oder wagen Sie es, gro\u00dfe und k\u00fchne Tr\u00e4ume zu haben.<\/span><\/span><\/p>\n<p><span style=\"vertical-align: inherit;\"><span style=\"vertical-align: inherit;\">Manchmal kann es chim\u00e4risch sein und es dauert f\u00fcnfzehn Minuten, bis seine neurochemischen Effekte vollst\u00e4ndig aktiviert sind. Vielleicht ertappst du dich dabei, wie du an einer Zigarette ziehst und dich fragst, was dieser ganze L\u00e4rm soll. Im n\u00e4chsten Moment fragst du dich, wie zum Teufel du hierher gekommen bist, wie jemand mit Amnesie. Du lachst erstaunt und sch\u00fcttelst deinen Kopf wie ein Sieb.<\/span><\/span><\/p>\n<p><span style=\"vertical-align: inherit;\"><span style=\"vertical-align: inherit;\">Amnesia Haze hat einen euphorischen Zitrusgeschmack und ist recht CBD-arm. Dies macht es zu einer n\u00fctzlichen Sorte f\u00fcr therapeutische Zwecke. Die psychotrope Wirkung des Smileys bezieht sich auf Therapien gegen Angstzust\u00e4nde, die mit Schmerzen, Verzweiflung und PTBS verbunden sind.<\/span><\/span><\/p>\n<h3><strong><span style=\"vertical-align: inherit;\"><span style=\"vertical-align: inherit;\">Wie man Amnesie herbeif\u00fchrt<\/span><\/span><\/strong><\/h3>\n<p><span style=\"vertical-align: inherit;\"><span style=\"vertical-align: inherit;\">Outdoor: Ihre nat\u00fcrliche Affinit\u00e4t zu langen, warmen Tagen verdankt sie ihrer Sativa-dominanten Abstammung. Amnesia Haze wird dem Versprechen der tropischen Sativa-Genetik am besten gerecht, je n\u00e4her man dem \u00c4quator kommt. In S\u00fcdspanien, Nordaustralien, Nordafrika und sogar Nordkalifornien werden Sie au\u00dfergew\u00f6hnliche Ergebnisse erzielen.<\/span><\/span><\/p>\n<p><span style=\"vertical-align: inherit;\"><span style=\"vertical-align: inherit;\">Wenn die Samen eine ganze Saison lang gepflanzt werden, sind monstr\u00f6se Pflanzen mit langen Speeren aus dicken Bl\u00fctenst\u00e4nden garantiert, die zw\u00f6lf bis vierzehn Wochen brauchen, um vollst\u00e4ndig auszureifen. Eine gut gepflegte Amnesia Haze-Pflanze wird, wenn sie mit erstklassiger 100 % organischer Erde, angereichert mit saisonalen organischen Erg\u00e4nzungsmitteln, beginnt, eine F\u00fclle von duftenden Bl\u00fcten produzieren.<\/span><\/span><\/p>\n<p><span style=\"vertical-align: inherit;\"><span style=\"vertical-align: inherit;\">Im Innenbereich, direkt aus dem Klonschrank, weist Amnesia Haze deutliche Sativa-Merkmale auf und neigt zu einer deutlichen Streckung, insbesondere unter 12-st\u00fcndigen Lichtbedingungen.<\/span><\/span><\/p>\n<p><span style=\"vertical-align: inherit;\"><span style=\"vertical-align: inherit;\">Amnesia Haze bevorzugt eine gute Ern\u00e4hrung, kann aber wie viele andere Sativas schnell in den toxischen Bereich geraten. Daher ist bei der Messung der N\u00e4hrstoffe Vorsicht geboten.<\/span><\/span><\/p>\n<p><span style=\"vertical-align: inherit;\"><span style=\"vertical-align: inherit;\">Wenn Blumen Saison haben, ist es ein echtes Geduldsspiel. Es kann zw\u00f6lf Wochen dauern, bis sich die langen Knospen mit den d\u00fcnnen Bl\u00e4ttern vollst\u00e4ndig \u00f6ffnen. Bei manchen anspruchsvollen Sorten kann es sogar zwanzig Wochen dauern!<\/span><\/span><\/p>\n<p><span style=\"vertical-align: inherit;\"><span style=\"vertical-align: inherit;\">Die Pflanzen wachsen langsam, aber wenn sie es tun, produzieren sie ein zufriedenstellend dichtes und sch\u00f6n kristallisiertes Produkt, das bei 600 W Beleuchtung 600 g\/m\u00b2 wiegt. Bioverf\u00fcgbarkeit. Das ist alles, was dazu zu sagen ist! Lesen Sie hier unsere vollst\u00e4ndige Anleitung zur Verwendung unseres CBD-Haschischs.<\/span><\/span><\/p>","protected":false},"excerpt":{"rendered":"<p>BUY AMNESIA HASH ONLINE A WORLD FAMOUS PSYCHEDELIC POWER: AMNESIA HASH With a hint of deep mountain indica, Amnesia Haze\u2019s signature long and mature psychedelic sativa lineage is restrained. Expertly blended from two landraces and a hybrid, this strain is a THC powerhouse with an effect that will force even the most seasoned cannabis connoisseur&hellip;<\/p>","protected":false},"featured_media":4523,"comment_status":"open","ping_status":"closed","template":"","meta":{"_joinchat":[]},"product_cat":[474],"product_tag":[],"class_list":{"0":"post-4456","1":"product","2":"type-product","3":"status-publish","4":"has-post-thumbnail","6":"product_cat-haschisch","8":"first","9":"instock","10":"shipping-taxable","11":"purchasable","12":"product-type-variable","13":"col-xs-6 col-sm-4","14":"col-md-3 col-lg-3","15":"un-4-cols"},"yoast_head":"<!-- This site is optimized with the Yoast SEO plugin v23.8 - https:\/\/yoast.com\/wordpress\/plugins\/seo\/ -->\n<title>Acheter du haschisch Amnesia en ligne - Vente de haschisch Amnesia<\/title>\n<meta name=\"description\" content=\"O\u00f9 acheter Amnesia Hash en ligne au meilleur prix ? Trouvez du Hash Amnesia de haute qualit\u00e9 \u00e0 vendre dans notre boutique en ligne s\u00e9curis\u00e9e, r\u00e9pondant \u00e0 vos besoins de recherche. Commandez maintenant !\" \/>\n<meta name=\"robots\" content=\"index, follow, max-snippet:-1, max-image-preview:large, max-video-preview:-1\" \/>\n<link rel=\"canonical\" href=\"https:\/\/poudresdenarco.com\/de\/produkt\/amnesie-hash\/\" \/>\n<meta property=\"og:locale\" content=\"de_DE\" \/>\n<meta property=\"og:type\" content=\"article\" \/>\n<meta property=\"og:title\" content=\"Acheter du haschisch Amnesia en ligne - Vente de haschisch Amnesia\" \/>\n<meta property=\"og:description\" content=\"O\u00f9 acheter Amnesia Hash en ligne au meilleur prix ? Trouvez du Hash Amnesia de haute qualit\u00e9 \u00e0 vendre dans notre boutique en ligne s\u00e9curis\u00e9e, r\u00e9pondant \u00e0 vos besoins de recherche. Commandez maintenant !\" \/>\n<meta property=\"og:url\" content=\"https:\/\/poudresdenarco.com\/de\/produkt\/amnesie-hash\/\" \/>\n<meta property=\"og:site_name\" content=\"Poudresde Narco\" \/>\n<meta property=\"article:modified_time\" content=\"2025-06-02T20:15:55+00:00\" \/>\n<meta property=\"og:image\" content=\"https:\/\/poudresdenarco.com\/wp-content\/uploads\/2024\/01\/AMNESIA-HASH.jpg\" \/>\n\t<meta property=\"og:image:width\" content=\"600\" \/>\n\t<meta property=\"og:image:height\" content=\"600\" \/>\n\t<meta property=\"og:image:type\" content=\"image\/jpeg\" \/>\n<meta name=\"twitter:card\" content=\"summary_large_image\" \/>\n<meta name=\"twitter:label1\" content=\"Gesch\u00e4tzte Lesezeit\" \/>\n\t<meta name=\"twitter:data1\" content=\"3 Minuten\" \/>\n<script type=\"application\/ld+json\" class=\"yoast-schema-graph\">{\"@context\":\"https:\/\/schema.org\",\"@graph\":[{\"@type\":\"WebPage\",\"@id\":\"https:\/\/poudresdenarco.com\/produit\/amnesie-hash\/\",\"url\":\"https:\/\/poudresdenarco.com\/produit\/amnesie-hash\/\",\"name\":\"Acheter du haschisch Amnesia en ligne - Vente de haschisch Amnesia\",\"isPartOf\":{\"@id\":\"https:\/\/poudresdenarco.com\/#website\"},\"primaryImageOfPage\":{\"@id\":\"https:\/\/poudresdenarco.com\/produit\/amnesie-hash\/#primaryimage\"},\"image\":{\"@id\":\"https:\/\/poudresdenarco.com\/produit\/amnesie-hash\/#primaryimage\"},\"thumbnailUrl\":\"https:\/\/poudresdenarco.com\/wp-content\/uploads\/2024\/01\/AMNESIA-HASH.jpg\",\"datePublished\":\"2024-01-02T10:49:48+00:00\",\"dateModified\":\"2025-06-02T20:15:55+00:00\",\"description\":\"O\u00f9 acheter Amnesia Hash en ligne au meilleur prix ? Trouvez du Hash Amnesia de haute qualit\u00e9 \u00e0 vendre dans notre boutique en ligne s\u00e9curis\u00e9e, r\u00e9pondant \u00e0 vos besoins de recherche. Commandez maintenant !\",\"breadcrumb\":{\"@id\":\"https:\/\/poudresdenarco.com\/produit\/amnesie-hash\/#breadcrumb\"},\"inLanguage\":\"de\",\"potentialAction\":[{\"@type\":\"ReadAction\",\"target\":[\"https:\/\/poudresdenarco.com\/produit\/amnesie-hash\/\"]}]},{\"@type\":\"ImageObject\",\"inLanguage\":\"de\",\"@id\":\"https:\/\/poudresdenarco.com\/produit\/amnesie-hash\/#primaryimage\",\"url\":\"https:\/\/poudresdenarco.com\/wp-content\/uploads\/2024\/01\/AMNESIA-HASH.jpg\",\"contentUrl\":\"https:\/\/poudresdenarco.com\/wp-content\/uploads\/2024\/01\/AMNESIA-HASH.jpg\",\"width\":600,\"height\":600,\"caption\":\"Achetez AMNESIA-HASH en ligne\"},{\"@type\":\"BreadcrumbList\",\"@id\":\"https:\/\/poudresdenarco.com\/produit\/amnesie-hash\/#breadcrumb\",\"itemListElement\":[{\"@type\":\"ListItem\",\"position\":1,\"name\":\"Home\",\"item\":\"https:\/\/poudresdenarco.com\/\"},{\"@type\":\"ListItem\",\"position\":2,\"name\":\"Boutique\",\"item\":\"https:\/\/poudresdenarco.com\/boutique\/\"},{\"@type\":\"ListItem\",\"position\":3,\"name\":\"Amn\u00e9sie Hash\"}]},{\"@type\":\"WebSite\",\"@id\":\"https:\/\/poudresdenarco.com\/#website\",\"url\":\"https:\/\/poudresdenarco.com\/\",\"name\":\"Poudresde Narco\",\"description\":\"Acheter de la coca\u00efne et de l&#039;h\u00e9ro\u00efne en ligne\",\"potentialAction\":[{\"@type\":\"SearchAction\",\"target\":{\"@type\":\"EntryPoint\",\"urlTemplate\":\"https:\/\/poudresdenarco.com\/?s={search_term_string}\"},\"query-input\":{\"@type\":\"PropertyValueSpecification\",\"valueRequired\":true,\"valueName\":\"search_term_string\"}}],\"inLanguage\":\"de\"}]}<\/script>\n<!-- \/ Yoast SEO plugin. -->","yoast_head_json":{"title":"Acheter du haschisch Amnesia en ligne - Vente de haschisch Amnesia","description":"O\u00f9 acheter Amnesia Hash en ligne au meilleur prix ? Trouvez du Hash Amnesia de haute qualit\u00e9 \u00e0 vendre dans notre boutique en ligne s\u00e9curis\u00e9e, r\u00e9pondant \u00e0 vos besoins de recherche. Commandez maintenant !","robots":{"index":"index","follow":"follow","max-snippet":"max-snippet:-1","max-image-preview":"max-image-preview:large","max-video-preview":"max-video-preview:-1"},"canonical":"https:\/\/poudresdenarco.com\/de\/produkt\/amnesie-hash\/","og_locale":"de_DE","og_type":"article","og_title":"Acheter du haschisch Amnesia en ligne - Vente de haschisch Amnesia","og_description":"O\u00f9 acheter Amnesia Hash en ligne au meilleur prix ? Trouvez du Hash Amnesia de haute qualit\u00e9 \u00e0 vendre dans notre boutique en ligne s\u00e9curis\u00e9e, r\u00e9pondant \u00e0 vos besoins de recherche. Commandez maintenant !","og_url":"https:\/\/poudresdenarco.com\/de\/produkt\/amnesie-hash\/","og_site_name":"Poudresde Narco","article_modified_time":"2025-06-02T20:15:55+00:00","og_image":[{"width":600,"height":600,"url":"https:\/\/poudresdenarco.com\/wp-content\/uploads\/2024\/01\/AMNESIA-HASH.jpg","type":"image\/jpeg"}],"twitter_card":"summary_large_image","twitter_misc":{"Gesch\u00e4tzte Lesezeit":"3 Minuten"},"schema":{"@context":"https:\/\/schema.org","@graph":[{"@type":"WebPage","@id":"https:\/\/poudresdenarco.com\/produit\/amnesie-hash\/","url":"https:\/\/poudresdenarco.com\/produit\/amnesie-hash\/","name":"Acheter du haschisch Amnesia en ligne - Vente de haschisch Amnesia","isPartOf":{"@id":"https:\/\/poudresdenarco.com\/#website"},"primaryImageOfPage":{"@id":"https:\/\/poudresdenarco.com\/produit\/amnesie-hash\/#primaryimage"},"image":{"@id":"https:\/\/poudresdenarco.com\/produit\/amnesie-hash\/#primaryimage"},"thumbnailUrl":"https:\/\/poudresdenarco.com\/wp-content\/uploads\/2024\/01\/AMNESIA-HASH.jpg","datePublished":"2024-01-02T10:49:48+00:00","dateModified":"2025-06-02T20:15:55+00:00","description":"O\u00f9 acheter Amnesia Hash en ligne au meilleur prix ? Trouvez du Hash Amnesia de haute qualit\u00e9 \u00e0 vendre dans notre boutique en ligne s\u00e9curis\u00e9e, r\u00e9pondant \u00e0 vos besoins de recherche. Commandez maintenant !","breadcrumb":{"@id":"https:\/\/poudresdenarco.com\/produit\/amnesie-hash\/#breadcrumb"},"inLanguage":"de","potentialAction":[{"@type":"ReadAction","target":["https:\/\/poudresdenarco.com\/produit\/amnesie-hash\/"]}]},{"@type":"ImageObject","inLanguage":"de","@id":"https:\/\/poudresdenarco.com\/produit\/amnesie-hash\/#primaryimage","url":"https:\/\/poudresdenarco.com\/wp-content\/uploads\/2024\/01\/AMNESIA-HASH.jpg","contentUrl":"https:\/\/poudresdenarco.com\/wp-content\/uploads\/2024\/01\/AMNESIA-HASH.jpg","width":600,"height":600,"caption":"Achetez AMNESIA-HASH en ligne"},{"@type":"BreadcrumbList","@id":"https:\/\/poudresdenarco.com\/produit\/amnesie-hash\/#breadcrumb","itemListElement":[{"@type":"ListItem","position":1,"name":"Home","item":"https:\/\/poudresdenarco.com\/"},{"@type":"ListItem","position":2,"name":"Boutique","item":"https:\/\/poudresdenarco.com\/boutique\/"},{"@type":"ListItem","position":3,"name":"Amn\u00e9sie Hash"}]},{"@type":"WebSite","@id":"https:\/\/poudresdenarco.com\/#website","url":"https:\/\/poudresdenarco.com\/","name":"Poudresde Narco","description":"Acheter de la coca\u00efne et de l&#039;h\u00e9ro\u00efne en ligne","potentialAction":[{"@type":"SearchAction","target":{"@type":"EntryPoint","urlTemplate":"https:\/\/poudresdenarco.com\/?s={search_term_string}"},"query-input":{"@type":"PropertyValueSpecification","valueRequired":true,"valueName":"search_term_string"}}],"inLanguage":"de"}]}},"_links":{"self":[{"href":"https:\/\/poudresdenarco.com\/de\/wp-json\/wp\/v2\/product\/4456","targetHints":{"allow":["GET"]}}],"collection":[{"href":"https:\/\/poudresdenarco.com\/de\/wp-json\/wp\/v2\/product"}],"about":[{"href":"https:\/\/poudresdenarco.com\/de\/wp-json\/wp\/v2\/types\/product"}],"replies":[{"embeddable":true,"href":"https:\/\/poudresdenarco.com\/de\/wp-json\/wp\/v2\/comments?post=4456"}],"wp:featuredmedia":[{"embeddable":true,"href":"https:\/\/poudresdenarco.com\/de\/wp-json\/wp\/v2\/media\/4523"}],"wp:attachment":[{"href":"https:\/\/poudresdenarco.com\/de\/wp-json\/wp\/v2\/media?parent=4456"}],"wp:term":[{"taxonomy":"product_cat","embeddable":true,"href":"https:\/\/poudresdenarco.com\/de\/wp-json\/wp\/v2\/product_cat?post=4456"},{"taxonomy":"product_tag","embeddable":true,"href":"https:\/\/poudresdenarco.com\/de\/wp-json\/wp\/v2\/product_tag?post=4456"}],"curies":[{"name":"wp","href":"https:\/\/api.w.org\/{rel}","templated":true}]}}