{"id":4459,"date":"2024-01-02T10:58:31","date_gmt":"2024-01-02T10:58:31","guid":{"rendered":"https:\/\/unkrautmarkt.com\/narco1\/?post_type=product&#038;p=4459"},"modified":"2025-04-05T23:33:57","modified_gmt":"2025-04-05T23:33:57","slug":"fendi-et-hachage","status":"publish","type":"product","link":"https:\/\/poudresdenarco.com\/de\/produkt\/fendi-und-hacken\/","title":{"rendered":"Fendi UND Hacken"},"content":{"rendered":"<h2><strong><span style=\"vertical-align: inherit;\"><span style=\"vertical-align: inherit;\">Kaufen Sie Fendi OG Hash online<\/span><\/span><\/strong><\/h2>\n<p><span style=\"vertical-align: inherit;\"><span style=\"vertical-align: inherit;\">Fendi Hashing online in Europa bestellen Fendi Hash in Europa zu verkaufen Wo in Europa kann ich Fendi Hash online bekommen? Bestellen Sie Fendi Hash online in Gro\u00dfbritannien. Suchen Sie nach hochwertigem Hash, das ganz einfach direkt an Ihre Haust\u00fcr geliefert werden kann? Besuchen Sie einfach Buy My Weed Online. W\u00e4hlen Sie aus einer gro\u00dfen Auswahl an afghanischem und marokkanischem Hash der G\u00fcteklasse AAAAA und AAAA, indem Sie in unserer Apotheke st\u00f6bern. Es ist jetzt einfacher als je zuvor, Hash online zu kaufen. Hier ist Ihr Leitfaden zu dieser einzigartigen Art von Cannabisprodukt, wenn Sie neu beim Online-Kauf von Cannabis sind, und zu den verschiedenen Arten von Marihuanaprodukten, die Ihnen zur Verf\u00fcgung stehen. Erfahren Sie, was Hash ist und wie Sie es in Ihrer t\u00e4glichen Cannabisroutine verwenden k\u00f6nnen.<\/span><\/span><\/p>\n<p><span style=\"vertical-align: inherit;\"><span style=\"vertical-align: inherit;\">Es ist wichtig zu verstehen, was Haschisch eigentlich ist, in welcher Beziehung es zu Cannabis steht und wie es sich von anderen Marihuana-Produkten unterscheidet, bevor man einen Online-Kauf t\u00e4tigt. Haschisch, die Kurzform von \u201eHaschisch\u201c, ist ein Cannabis-Konzentrat, das durch Destillieren des Harzes einer Marihuana-Pflanze hergestellt wird. Dies wird erreicht, indem die Trichome oder Harzdr\u00fcsen aus den Bl\u00fcten einer Cannabis-Pflanze herausgeschnitten werden. Die Verbindungen, von denen angenommen wird, dass sie Marihuana-Produkten ihre besonderen Eigenschaften und Merkmale verleihen, Terpene und Cannabinoide, kommen in den h\u00f6chsten Konzentrationen in diesen Trichomen vor. Haschisch hat aufgrund seiner hohen Konzentration an Terpenen und Cannabinoiden eine bemerkenswerte F\u00e4higkeit, Cannabis-Konsumenten starke euphorische und therapeutische Wirkungen zu verleihen. Fendi ET Hachage<\/span><\/span><\/p>\n<p><span style=\"vertical-align: inherit;\"><span style=\"vertical-align: inherit;\">Haschisch war schon immer ein Klassiker und bleibt eine der beliebtesten Sorten. Derzeit sind Hunderte von Cannabiskonzentraten erh\u00e4ltlich. Haschisch, das sich durch sein festes, schwarzes, ziegelartiges Aussehen auszeichnet, wird h\u00e4ufig von Cannabisliebhabern gew\u00e4hlt, die ein st\u00e4rkeres Produkt als Bl\u00fcten suchen.<\/span><\/span><\/p>\n<p><span style=\"vertical-align: inherit;\"><span style=\"vertical-align: inherit;\">Haschisch ist eine sehr starke und vielseitige Substanz, die auf viele einzigartige, angenehme und kreative Arten verwendet werden kann. Das Rauchen in einer Pfeife oder einem Joint bleibt jedoch die traditionelle Methode.<\/span><\/span><\/p>\n<p><span style=\"vertical-align: inherit;\"><span style=\"vertical-align: inherit;\">Fendi Hash online in Europa bestellen Fendi Hash in Europa zu verkaufen Wo in Europa kann ich Fendi Hash online kaufen? Fendi Hash online in Deutschland kaufen<\/span><\/span><\/p>\n<p><span style=\"vertical-align: inherit;\"><span style=\"vertical-align: inherit;\">Wir empfehlen dringend, Ihr Haschisch mit einigen trockenen Kr\u00e4utern zu kombinieren, wenn Sie es in einem Joint rauchen m\u00f6chten. Da Haschisch allein nicht sehr effizient verbrennt und wahrscheinlich nicht die gew\u00fcnschten Ergebnisse liefert, ben\u00f6tigen Sie mehr davon.<\/span><\/span><\/p>\n<p><span style=\"vertical-align: inherit;\"><span style=\"vertical-align: inherit;\">Es in einem Joint zu rauchen ist einfach. Drehen Sie zuerst einen etwas weniger vollen Joint, bereiten Sie dann etwas Haschisch vor, zerbr\u00f6seln Sie es und genie\u00dfen Sie es. Das Cannabis brennt gleichm\u00e4\u00dfig ab und die THC-reiche Wirkung des Haschischs setzt kurz darauf ein. Kaufen Sie Fendi ET Hachage online\u00a0<\/span><\/span><\/p>\n<p><span style=\"vertical-align: inherit;\"><span style=\"vertical-align: inherit;\">Ebenso k\u00f6nnen Sie Haschisch in einer Pfeife rauchen, indem Sie es einfach \u00fcber Tabak oder Bl\u00fcten streuen, die sich bereits in der Pfeife befinden. Z\u00fcnden Sie Ihre Pfeife an, nehmen Sie einen Zug und genie\u00dfen Sie einfach die verst\u00e4rkten Vorteile von Haschisch und Cannabis zusammen.<\/span><\/span><\/p>","protected":false},"excerpt":{"rendered":"<p>Buy Fendi OG Hash online Order Fendi Hashing Online in Europe Fendi Hash in Europe for Sale Where in Europe can I get Fendi Hash online? Get Fendi Hash online in the UK. Are you looking to find high-quality hash that can be easily delivered straight to your door? Just visit Buy My Weed Online.&hellip;<\/p>","protected":false},"featured_media":4530,"comment_status":"open","ping_status":"closed","template":"","meta":{"_joinchat":[]},"product_cat":[474],"product_tag":[],"class_list":{"0":"post-4459","1":"product","2":"type-product","3":"status-publish","4":"has-post-thumbnail","6":"product_cat-haschisch","8":"first","9":"instock","10":"shipping-taxable","11":"purchasable","12":"product-type-variable","13":"col-xs-6 col-sm-4","14":"col-md-3 col-lg-3","15":"un-4-cols"},"yoast_head":"<!-- This site is optimized with the Yoast SEO plugin v23.8 - https:\/\/yoast.com\/wordpress\/plugins\/seo\/ -->\n<title>Acheter Fendi et Hash en ligne - Fendi et Hash \u00e0 vendre | PD<\/title>\n<meta name=\"description\" content=\"D\u00e9couvrez les produits Fendi et Hash de premier ordre en vente dans notre boutique en ligne - achetez Fendi et Hash de mani\u00e8re pratique et s\u00e9curis\u00e9e pour alimenter vos recherches. Explorez et commandez Fendi et Hash en ligne, faisant progresser vos efforts scientifiques en toute simplicit\u00e9. Commandez maintenant !\" \/>\n<meta name=\"robots\" content=\"index, follow, max-snippet:-1, max-image-preview:large, max-video-preview:-1\" \/>\n<link rel=\"canonical\" href=\"https:\/\/poudresdenarco.com\/de\/produkt\/fendi-und-hacken\/\" \/>\n<meta property=\"og:locale\" content=\"de_DE\" \/>\n<meta property=\"og:type\" content=\"article\" \/>\n<meta property=\"og:title\" content=\"Acheter Fendi et Hash en ligne - Fendi et Hash \u00e0 vendre | PD\" \/>\n<meta property=\"og:description\" content=\"D\u00e9couvrez les produits Fendi et Hash de premier ordre en vente dans notre boutique en ligne - achetez Fendi et Hash de mani\u00e8re pratique et s\u00e9curis\u00e9e pour alimenter vos recherches. Explorez et commandez Fendi et Hash en ligne, faisant progresser vos efforts scientifiques en toute simplicit\u00e9. Commandez maintenant !\" \/>\n<meta property=\"og:url\" content=\"https:\/\/poudresdenarco.com\/de\/produkt\/fendi-und-hacken\/\" \/>\n<meta property=\"og:site_name\" content=\"Poudresde Narco\" \/>\n<meta property=\"article:modified_time\" content=\"2025-04-05T23:33:57+00:00\" \/>\n<meta property=\"og:image\" content=\"https:\/\/poudresdenarco.com\/wp-content\/uploads\/2024\/01\/FENDI-OG-HASH.jpg\" \/>\n\t<meta property=\"og:image:width\" content=\"600\" \/>\n\t<meta property=\"og:image:height\" content=\"600\" \/>\n\t<meta property=\"og:image:type\" content=\"image\/jpeg\" \/>\n<meta name=\"twitter:card\" content=\"summary_large_image\" \/>\n<meta name=\"twitter:label1\" content=\"Gesch\u00e4tzte Lesezeit\" \/>\n\t<meta name=\"twitter:data1\" content=\"3 Minuten\" \/>\n<script type=\"application\/ld+json\" class=\"yoast-schema-graph\">{\"@context\":\"https:\/\/schema.org\",\"@graph\":[{\"@type\":\"WebPage\",\"@id\":\"https:\/\/poudresdenarco.com\/produit\/fendi-et-hachage\/\",\"url\":\"https:\/\/poudresdenarco.com\/produit\/fendi-et-hachage\/\",\"name\":\"Acheter Fendi et Hash en ligne - Fendi et Hash \u00e0 vendre | PD\",\"isPartOf\":{\"@id\":\"https:\/\/poudresdenarco.com\/#website\"},\"primaryImageOfPage\":{\"@id\":\"https:\/\/poudresdenarco.com\/produit\/fendi-et-hachage\/#primaryimage\"},\"image\":{\"@id\":\"https:\/\/poudresdenarco.com\/produit\/fendi-et-hachage\/#primaryimage\"},\"thumbnailUrl\":\"https:\/\/poudresdenarco.com\/wp-content\/uploads\/2024\/01\/FENDI-OG-HASH.jpg\",\"datePublished\":\"2024-01-02T10:58:31+00:00\",\"dateModified\":\"2025-04-05T23:33:57+00:00\",\"description\":\"D\u00e9couvrez les produits Fendi et Hash de premier ordre en vente dans notre boutique en ligne - achetez Fendi et Hash de mani\u00e8re pratique et s\u00e9curis\u00e9e pour alimenter vos recherches. Explorez et commandez Fendi et Hash en ligne, faisant progresser vos efforts scientifiques en toute simplicit\u00e9. Commandez maintenant !\",\"breadcrumb\":{\"@id\":\"https:\/\/poudresdenarco.com\/produit\/fendi-et-hachage\/#breadcrumb\"},\"inLanguage\":\"de\",\"potentialAction\":[{\"@type\":\"ReadAction\",\"target\":[\"https:\/\/poudresdenarco.com\/produit\/fendi-et-hachage\/\"]}]},{\"@type\":\"ImageObject\",\"inLanguage\":\"de\",\"@id\":\"https:\/\/poudresdenarco.com\/produit\/fendi-et-hachage\/#primaryimage\",\"url\":\"https:\/\/poudresdenarco.com\/wp-content\/uploads\/2024\/01\/FENDI-OG-HASH.jpg\",\"contentUrl\":\"https:\/\/poudresdenarco.com\/wp-content\/uploads\/2024\/01\/FENDI-OG-HASH.jpg\",\"width\":600,\"height\":600,\"caption\":\"Achetez FENDI-AND-HASH en ligne\"},{\"@type\":\"BreadcrumbList\",\"@id\":\"https:\/\/poudresdenarco.com\/produit\/fendi-et-hachage\/#breadcrumb\",\"itemListElement\":[{\"@type\":\"ListItem\",\"position\":1,\"name\":\"Home\",\"item\":\"https:\/\/poudresdenarco.com\/\"},{\"@type\":\"ListItem\",\"position\":2,\"name\":\"Boutique\",\"item\":\"https:\/\/poudresdenarco.com\/boutique\/\"},{\"@type\":\"ListItem\",\"position\":3,\"name\":\"Fendi ET Hachage\"}]},{\"@type\":\"WebSite\",\"@id\":\"https:\/\/poudresdenarco.com\/#website\",\"url\":\"https:\/\/poudresdenarco.com\/\",\"name\":\"Poudresde Narco\",\"description\":\"Acheter de la coca\u00efne et de l&#039;h\u00e9ro\u00efne en ligne\",\"potentialAction\":[{\"@type\":\"SearchAction\",\"target\":{\"@type\":\"EntryPoint\",\"urlTemplate\":\"https:\/\/poudresdenarco.com\/?s={search_term_string}\"},\"query-input\":{\"@type\":\"PropertyValueSpecification\",\"valueRequired\":true,\"valueName\":\"search_term_string\"}}],\"inLanguage\":\"de\"}]}<\/script>\n<!-- \/ Yoast SEO plugin. -->","yoast_head_json":{"title":"Acheter Fendi et Hash en ligne - Fendi et Hash \u00e0 vendre | PD","description":"D\u00e9couvrez les produits Fendi et Hash de premier ordre en vente dans notre boutique en ligne - achetez Fendi et Hash de mani\u00e8re pratique et s\u00e9curis\u00e9e pour alimenter vos recherches. Explorez et commandez Fendi et Hash en ligne, faisant progresser vos efforts scientifiques en toute simplicit\u00e9. Commandez maintenant !","robots":{"index":"index","follow":"follow","max-snippet":"max-snippet:-1","max-image-preview":"max-image-preview:large","max-video-preview":"max-video-preview:-1"},"canonical":"https:\/\/poudresdenarco.com\/de\/produkt\/fendi-und-hacken\/","og_locale":"de_DE","og_type":"article","og_title":"Acheter Fendi et Hash en ligne - Fendi et Hash \u00e0 vendre | PD","og_description":"D\u00e9couvrez les produits Fendi et Hash de premier ordre en vente dans notre boutique en ligne - achetez Fendi et Hash de mani\u00e8re pratique et s\u00e9curis\u00e9e pour alimenter vos recherches. Explorez et commandez Fendi et Hash en ligne, faisant progresser vos efforts scientifiques en toute simplicit\u00e9. Commandez maintenant !","og_url":"https:\/\/poudresdenarco.com\/de\/produkt\/fendi-und-hacken\/","og_site_name":"Poudresde Narco","article_modified_time":"2025-04-05T23:33:57+00:00","og_image":[{"width":600,"height":600,"url":"https:\/\/poudresdenarco.com\/wp-content\/uploads\/2024\/01\/FENDI-OG-HASH.jpg","type":"image\/jpeg"}],"twitter_card":"summary_large_image","twitter_misc":{"Gesch\u00e4tzte Lesezeit":"3 Minuten"},"schema":{"@context":"https:\/\/schema.org","@graph":[{"@type":"WebPage","@id":"https:\/\/poudresdenarco.com\/produit\/fendi-et-hachage\/","url":"https:\/\/poudresdenarco.com\/produit\/fendi-et-hachage\/","name":"Acheter Fendi et Hash en ligne - Fendi et Hash \u00e0 vendre | PD","isPartOf":{"@id":"https:\/\/poudresdenarco.com\/#website"},"primaryImageOfPage":{"@id":"https:\/\/poudresdenarco.com\/produit\/fendi-et-hachage\/#primaryimage"},"image":{"@id":"https:\/\/poudresdenarco.com\/produit\/fendi-et-hachage\/#primaryimage"},"thumbnailUrl":"https:\/\/poudresdenarco.com\/wp-content\/uploads\/2024\/01\/FENDI-OG-HASH.jpg","datePublished":"2024-01-02T10:58:31+00:00","dateModified":"2025-04-05T23:33:57+00:00","description":"D\u00e9couvrez les produits Fendi et Hash de premier ordre en vente dans notre boutique en ligne - achetez Fendi et Hash de mani\u00e8re pratique et s\u00e9curis\u00e9e pour alimenter vos recherches. Explorez et commandez Fendi et Hash en ligne, faisant progresser vos efforts scientifiques en toute simplicit\u00e9. Commandez maintenant !","breadcrumb":{"@id":"https:\/\/poudresdenarco.com\/produit\/fendi-et-hachage\/#breadcrumb"},"inLanguage":"de","potentialAction":[{"@type":"ReadAction","target":["https:\/\/poudresdenarco.com\/produit\/fendi-et-hachage\/"]}]},{"@type":"ImageObject","inLanguage":"de","@id":"https:\/\/poudresdenarco.com\/produit\/fendi-et-hachage\/#primaryimage","url":"https:\/\/poudresdenarco.com\/wp-content\/uploads\/2024\/01\/FENDI-OG-HASH.jpg","contentUrl":"https:\/\/poudresdenarco.com\/wp-content\/uploads\/2024\/01\/FENDI-OG-HASH.jpg","width":600,"height":600,"caption":"Achetez FENDI-AND-HASH en ligne"},{"@type":"BreadcrumbList","@id":"https:\/\/poudresdenarco.com\/produit\/fendi-et-hachage\/#breadcrumb","itemListElement":[{"@type":"ListItem","position":1,"name":"Home","item":"https:\/\/poudresdenarco.com\/"},{"@type":"ListItem","position":2,"name":"Boutique","item":"https:\/\/poudresdenarco.com\/boutique\/"},{"@type":"ListItem","position":3,"name":"Fendi ET Hachage"}]},{"@type":"WebSite","@id":"https:\/\/poudresdenarco.com\/#website","url":"https:\/\/poudresdenarco.com\/","name":"Poudresde Narco","description":"Acheter de la coca\u00efne et de l&#039;h\u00e9ro\u00efne en ligne","potentialAction":[{"@type":"SearchAction","target":{"@type":"EntryPoint","urlTemplate":"https:\/\/poudresdenarco.com\/?s={search_term_string}"},"query-input":{"@type":"PropertyValueSpecification","valueRequired":true,"valueName":"search_term_string"}}],"inLanguage":"de"}]}},"_links":{"self":[{"href":"https:\/\/poudresdenarco.com\/de\/wp-json\/wp\/v2\/product\/4459","targetHints":{"allow":["GET"]}}],"collection":[{"href":"https:\/\/poudresdenarco.com\/de\/wp-json\/wp\/v2\/product"}],"about":[{"href":"https:\/\/poudresdenarco.com\/de\/wp-json\/wp\/v2\/types\/product"}],"replies":[{"embeddable":true,"href":"https:\/\/poudresdenarco.com\/de\/wp-json\/wp\/v2\/comments?post=4459"}],"wp:featuredmedia":[{"embeddable":true,"href":"https:\/\/poudresdenarco.com\/de\/wp-json\/wp\/v2\/media\/4530"}],"wp:attachment":[{"href":"https:\/\/poudresdenarco.com\/de\/wp-json\/wp\/v2\/media?parent=4459"}],"wp:term":[{"taxonomy":"product_cat","embeddable":true,"href":"https:\/\/poudresdenarco.com\/de\/wp-json\/wp\/v2\/product_cat?post=4459"},{"taxonomy":"product_tag","embeddable":true,"href":"https:\/\/poudresdenarco.com\/de\/wp-json\/wp\/v2\/product_tag?post=4459"}],"curies":[{"name":"wp","href":"https:\/\/api.w.org\/{rel}","templated":true}]}}