{"id":4483,"date":"2024-01-02T11:19:47","date_gmt":"2024-01-02T11:19:47","guid":{"rendered":"https:\/\/unkrautmarkt.com\/narco1\/?post_type=product&#038;p=4483"},"modified":"2025-06-10T06:38:28","modified_gmt":"2025-06-10T06:38:28","slug":"tangie-hash","status":"publish","type":"product","link":"https:\/\/poudresdenarco.com\/de\/produkt\/tangie-hash\/","title":{"rendered":"Tangie Hash"},"content":{"rendered":"<h2><strong><span style=\"vertical-align: inherit;\"><span style=\"vertical-align: inherit;\">Kaufen Tangie Hash online<\/span><\/span><\/strong><\/h2>\n<h3><strong><span style=\"vertical-align: inherit;\"><span style=\"vertical-align: inherit;\">Suchen<\/span><\/span><\/strong><\/h3>\n<p><span style=\"vertical-align: inherit;\"><span style=\"vertical-align: inherit;\">Diese Probe hatte einen braunen Schimmer und eine dunkle Goldfarbe, was normalerweise ein Hinweis darauf ist, dass noch Pflanzenmaterial im Hasch verblieben ist. Diese Charge scheint zu Trocknungszwecken entnommen worden zu sein; sie hatte die Konsistenz von gro\u00dfen Sandpellets (im Gegensatz zu mikroplanem oder gefrorenem Sand). F\u00fcr eine optimale Trocknung empfehlen wir kleinere Pelletgr\u00f6\u00dfen. The absence of trichome heads and\/or terpenes was indicated by the dryness of the resin and lack of fat when stored at room temperature. Bei der Untersuchung der Probe mit einer Juwelierlupe stellte sich heraus, dass sie Pflanzenk\u00f6pfe und -abf\u00e4lle sowie eine erhebliche Menge an Trichomestem enthielt. Dies deutet auf die Existenz von Pflanzenmaterial hin. Am wahrscheinlichsten stammt dieser Inhalt entweder aus einer zweiten oder dritten W\u00e4sche oder er wurde w\u00e4hrend des gesamten Extraktionsprozesses einfach stark ger\u00fchrt. Die Probe hatte nach dem Auspressen ein kreidendes, braunes Aussehen und enth\u00fcllte sichtbares Pflanzenmaterial. <a href=\"https:\/\/poudresdenarco.com\/de\/produkt\/tangie-hash\/\">buy tangie hash online<\/a><\/span><\/span><\/p>\n<h3><strong><span style=\"vertical-align: inherit;\"><span style=\"vertical-align: inherit;\">Duft<\/span><\/span><\/strong><\/h3>\n<p><span style=\"vertical-align: inherit;\"><span style=\"vertical-align: inherit;\">Der anf\u00e4ngliche Geruch des Produkts war nicht besonders stark. Die Probe roch haupts\u00e4chlich nach Zitrusfr\u00fcchten mit einem subtilen orangefarbenen Unterton. Das Aroma vor dem Pressen kann als orange, zitronig und s\u00fc\u00df charakterisiert werden. Der Duft k\u00f6nnte mit einem leichten \u00e4therischen Orangen\u00f6l verglichen werden. Es waren darunter liegende, dunstige D\u00fcfte mit traditionellen moschusartigen und s\u00fc\u00dfen Untert\u00f6nen vorhanden. Es ist ersichtlich, dass der Duft nach dem Pressen nicht merklich st\u00e4rker wurde.<\/span><\/span><\/p>\n<h3><strong><span style=\"vertical-align: inherit;\"><span style=\"vertical-align: inherit;\">Schmecken<\/span><\/span><\/strong><\/h3>\n<p><span style=\"vertical-align: inherit;\"><span style=\"vertical-align: inherit;\">Geschmack und Geruch wiesen Zitrusnoten auf, was auf das Vorhandensein von Limonenterpenen hindeutet. Es ist nicht \u00fcberraschend, dass die Probe einen schwachen Geschmack hatte, da Trichomk\u00f6pfe Terpene speichern und die Probe weniger Trichomk\u00f6pfe enthielt als St\u00e4ngel und anderes Pflanzenmaterial. Es roch nach Orange und Mandarine, aber der Geschmack war recht erfrischend mit einer Zitrusnote. Es war zu erwarten, dass die Spitze des Tupfens nach dem Abtupfen eines Nagels aufgrund der hohen Konzentration an Pflanzenmaterial in der Probe nach verbranntem Pflanzenmaterial schmecken w\u00fcrde.<\/span><\/span><\/p>\n<p><span style=\"vertical-align: inherit;\"><span style=\"vertical-align: inherit;\">Diese Probe wurde nach dem Aussto\u00dfen auf einen Titannagel getupft. Der sanfte Rauch deutete darauf hin, dass das Haschisch vor dem Verkauf gen\u00fcgend Zeit zum Trocknen hatte. Das Haschisch sprudelte nur ein paar Mal und verbrannte den Nagel dann schwarz und braun, was darauf hindeutet, dass es nicht besonders schmelzend war. Anstatt zu tupfen, empfehlen wir, diese Probe als Kolophoniummaterial oder zum Bef\u00fcllen von Schalen oder Rollern zu verwenden, da nach dem Tupfen viel Pflanzenmaterial auf dem Nagel zur\u00fcckbleibt.<\/span><\/span><\/p>\n<h3><strong><span style=\"vertical-align: inherit;\"><span style=\"vertical-align: inherit;\">Auswirkungen<\/span><\/span><\/strong><\/h3>\n<p><span style=\"vertical-align: inherit;\"><span style=\"vertical-align: inherit;\">In Bezug auf Bubble Hash waren die Folgen wirklich minimal. Die Probe gab den Rohstoff nicht an, aber angesichts seines milderen Geschmacks und seiner St\u00e4rke wurde er wahrscheinlich aus getrockneten Abf\u00e4llen hergestellt. Der typische Sativa-Buzz hinter den Augen ist sofort sp\u00fcrbar, wenn die Wirkung im Kopf einsetzt. Tangies Schnitt war ein Sativa-Hybrid, der den Benutzern ein leichtes Kribbeln am ganzen K\u00f6rper verursachte. bevor er verkauft wurde. Das Hasch blubberte nur ein paar Mal und verbrannte dann den Nagel schwarz und braun, was darauf hindeutet, dass es nicht besonders schmelzend war. Wir empfehlen, diese Erg\u00e4nzung auf den Kopf aufzutragen, da nach dem Dabbing noch viel Pflanzenmaterial auf dem Nagel zur\u00fcckbleibt. Die Probe erzeugte einen \u00e4u\u00dferst n\u00fctzlichen Effekt, der gro\u00dfartig ist, um weiterhin produktiv und einigerma\u00dfen klar im Kopf zu sein. Wir denken, dass dieses Produkt fantastisch f\u00fcr diejenigen w\u00e4re, die sich den ganzen Tag \u00fcber inspirieren lassen m\u00f6chten, um produktiv und positiv zu bleiben, obwohl wir keine medizinischen Spezialisten sind.<\/span><\/span><\/p>","protected":false},"excerpt":{"rendered":"<p>Buy Tangie Hash Online Look This sample had a brown hue and a dark gold color, which is usually an indication of some plant material remaining in the hash. This batch appears to have been sieved for drying purposes; it had the consistency of large sand pellets (as opposed to microplaned or freeze-dried sand). For&hellip;<\/p>","protected":false},"featured_media":4539,"comment_status":"open","ping_status":"closed","template":"","meta":{"_joinchat":[]},"product_cat":[474],"product_tag":[],"class_list":{"0":"post-4483","1":"product","2":"type-product","3":"status-publish","4":"has-post-thumbnail","6":"product_cat-haschisch","8":"first","9":"instock","10":"shipping-taxable","11":"purchasable","12":"product-type-variable","13":"col-xs-6 col-sm-4","14":"col-md-3 col-lg-3","15":"un-4-cols"},"yoast_head":"<!-- This site is optimized with the Yoast SEO plugin v23.8 - https:\/\/yoast.com\/wordpress\/plugins\/seo\/ -->\n<title>Tangie Hash \u00e0 vendre - Achetez Tangie Hash en ligne<\/title>\n<meta name=\"description\" content=\"D\u00e9couvrez notre boutique en ligne de haschisch Tangie \u00e0 vendre, proposant du haschisch Tangie de haute qualit\u00e9. Achetez du haschisch Tangie en ligne en toute s\u00e9curit\u00e9 et lancez-vous dans votre recherche en toute confiance.\" \/>\n<meta name=\"robots\" content=\"index, follow, max-snippet:-1, max-image-preview:large, max-video-preview:-1\" \/>\n<link rel=\"canonical\" href=\"https:\/\/poudresdenarco.com\/de\/produkt\/tangie-hash\/\" \/>\n<meta property=\"og:locale\" content=\"de_DE\" \/>\n<meta property=\"og:type\" content=\"article\" \/>\n<meta property=\"og:title\" content=\"Tangie Hash \u00e0 vendre - Achetez Tangie Hash en ligne\" \/>\n<meta property=\"og:description\" content=\"D\u00e9couvrez notre boutique en ligne de haschisch Tangie \u00e0 vendre, proposant du haschisch Tangie de haute qualit\u00e9. Achetez du haschisch Tangie en ligne en toute s\u00e9curit\u00e9 et lancez-vous dans votre recherche en toute confiance.\" \/>\n<meta property=\"og:url\" content=\"https:\/\/poudresdenarco.com\/de\/produkt\/tangie-hash\/\" \/>\n<meta property=\"og:site_name\" content=\"Poudresde Narco\" \/>\n<meta property=\"article:modified_time\" content=\"2025-06-10T06:38:28+00:00\" \/>\n<meta property=\"og:image\" content=\"https:\/\/poudresdenarco.com\/wp-content\/uploads\/2024\/01\/TANGIE-HASH.jpg\" \/>\n\t<meta property=\"og:image:width\" content=\"600\" \/>\n\t<meta property=\"og:image:height\" content=\"600\" \/>\n\t<meta property=\"og:image:type\" content=\"image\/jpeg\" \/>\n<meta name=\"twitter:card\" content=\"summary_large_image\" \/>\n<meta name=\"twitter:label1\" content=\"Gesch\u00e4tzte Lesezeit\" \/>\n\t<meta name=\"twitter:data1\" content=\"3 Minuten\" \/>\n<script type=\"application\/ld+json\" class=\"yoast-schema-graph\">{\"@context\":\"https:\/\/schema.org\",\"@graph\":[{\"@type\":\"WebPage\",\"@id\":\"https:\/\/poudresdenarco.com\/produit\/tangie-hash\/\",\"url\":\"https:\/\/poudresdenarco.com\/produit\/tangie-hash\/\",\"name\":\"Tangie Hash \u00e0 vendre - Achetez Tangie Hash en ligne\",\"isPartOf\":{\"@id\":\"https:\/\/poudresdenarco.com\/#website\"},\"primaryImageOfPage\":{\"@id\":\"https:\/\/poudresdenarco.com\/produit\/tangie-hash\/#primaryimage\"},\"image\":{\"@id\":\"https:\/\/poudresdenarco.com\/produit\/tangie-hash\/#primaryimage\"},\"thumbnailUrl\":\"https:\/\/poudresdenarco.com\/wp-content\/uploads\/2024\/01\/TANGIE-HASH.jpg\",\"datePublished\":\"2024-01-02T11:19:47+00:00\",\"dateModified\":\"2025-06-10T06:38:28+00:00\",\"description\":\"D\u00e9couvrez notre boutique en ligne de haschisch Tangie \u00e0 vendre, proposant du haschisch Tangie de haute qualit\u00e9. Achetez du haschisch Tangie en ligne en toute s\u00e9curit\u00e9 et lancez-vous dans votre recherche en toute confiance.\",\"breadcrumb\":{\"@id\":\"https:\/\/poudresdenarco.com\/produit\/tangie-hash\/#breadcrumb\"},\"inLanguage\":\"de\",\"potentialAction\":[{\"@type\":\"ReadAction\",\"target\":[\"https:\/\/poudresdenarco.com\/produit\/tangie-hash\/\"]}]},{\"@type\":\"ImageObject\",\"inLanguage\":\"de\",\"@id\":\"https:\/\/poudresdenarco.com\/produit\/tangie-hash\/#primaryimage\",\"url\":\"https:\/\/poudresdenarco.com\/wp-content\/uploads\/2024\/01\/TANGIE-HASH.jpg\",\"contentUrl\":\"https:\/\/poudresdenarco.com\/wp-content\/uploads\/2024\/01\/TANGIE-HASH.jpg\",\"width\":600,\"height\":600,\"caption\":\"Achetez TANGIE-HASH en ligne\"},{\"@type\":\"BreadcrumbList\",\"@id\":\"https:\/\/poudresdenarco.com\/produit\/tangie-hash\/#breadcrumb\",\"itemListElement\":[{\"@type\":\"ListItem\",\"position\":1,\"name\":\"Home\",\"item\":\"https:\/\/poudresdenarco.com\/\"},{\"@type\":\"ListItem\",\"position\":2,\"name\":\"Boutique\",\"item\":\"https:\/\/poudresdenarco.com\/boutique\/\"},{\"@type\":\"ListItem\",\"position\":3,\"name\":\"Tangie Hash\"}]},{\"@type\":\"WebSite\",\"@id\":\"https:\/\/poudresdenarco.com\/#website\",\"url\":\"https:\/\/poudresdenarco.com\/\",\"name\":\"Poudresde Narco\",\"description\":\"Acheter de la coca\u00efne et de l&#039;h\u00e9ro\u00efne en ligne\",\"potentialAction\":[{\"@type\":\"SearchAction\",\"target\":{\"@type\":\"EntryPoint\",\"urlTemplate\":\"https:\/\/poudresdenarco.com\/?s={search_term_string}\"},\"query-input\":{\"@type\":\"PropertyValueSpecification\",\"valueRequired\":true,\"valueName\":\"search_term_string\"}}],\"inLanguage\":\"de\"}]}<\/script>\n<!-- \/ Yoast SEO plugin. -->","yoast_head_json":{"title":"Tangie Hash \u00e0 vendre - Achetez Tangie Hash en ligne","description":"D\u00e9couvrez notre boutique en ligne de haschisch Tangie \u00e0 vendre, proposant du haschisch Tangie de haute qualit\u00e9. Achetez du haschisch Tangie en ligne en toute s\u00e9curit\u00e9 et lancez-vous dans votre recherche en toute confiance.","robots":{"index":"index","follow":"follow","max-snippet":"max-snippet:-1","max-image-preview":"max-image-preview:large","max-video-preview":"max-video-preview:-1"},"canonical":"https:\/\/poudresdenarco.com\/de\/produkt\/tangie-hash\/","og_locale":"de_DE","og_type":"article","og_title":"Tangie Hash \u00e0 vendre - Achetez Tangie Hash en ligne","og_description":"D\u00e9couvrez notre boutique en ligne de haschisch Tangie \u00e0 vendre, proposant du haschisch Tangie de haute qualit\u00e9. Achetez du haschisch Tangie en ligne en toute s\u00e9curit\u00e9 et lancez-vous dans votre recherche en toute confiance.","og_url":"https:\/\/poudresdenarco.com\/de\/produkt\/tangie-hash\/","og_site_name":"Poudresde Narco","article_modified_time":"2025-06-10T06:38:28+00:00","og_image":[{"width":600,"height":600,"url":"https:\/\/poudresdenarco.com\/wp-content\/uploads\/2024\/01\/TANGIE-HASH.jpg","type":"image\/jpeg"}],"twitter_card":"summary_large_image","twitter_misc":{"Gesch\u00e4tzte Lesezeit":"3 Minuten"},"schema":{"@context":"https:\/\/schema.org","@graph":[{"@type":"WebPage","@id":"https:\/\/poudresdenarco.com\/produit\/tangie-hash\/","url":"https:\/\/poudresdenarco.com\/produit\/tangie-hash\/","name":"Tangie Hash \u00e0 vendre - Achetez Tangie Hash en ligne","isPartOf":{"@id":"https:\/\/poudresdenarco.com\/#website"},"primaryImageOfPage":{"@id":"https:\/\/poudresdenarco.com\/produit\/tangie-hash\/#primaryimage"},"image":{"@id":"https:\/\/poudresdenarco.com\/produit\/tangie-hash\/#primaryimage"},"thumbnailUrl":"https:\/\/poudresdenarco.com\/wp-content\/uploads\/2024\/01\/TANGIE-HASH.jpg","datePublished":"2024-01-02T11:19:47+00:00","dateModified":"2025-06-10T06:38:28+00:00","description":"D\u00e9couvrez notre boutique en ligne de haschisch Tangie \u00e0 vendre, proposant du haschisch Tangie de haute qualit\u00e9. Achetez du haschisch Tangie en ligne en toute s\u00e9curit\u00e9 et lancez-vous dans votre recherche en toute confiance.","breadcrumb":{"@id":"https:\/\/poudresdenarco.com\/produit\/tangie-hash\/#breadcrumb"},"inLanguage":"de","potentialAction":[{"@type":"ReadAction","target":["https:\/\/poudresdenarco.com\/produit\/tangie-hash\/"]}]},{"@type":"ImageObject","inLanguage":"de","@id":"https:\/\/poudresdenarco.com\/produit\/tangie-hash\/#primaryimage","url":"https:\/\/poudresdenarco.com\/wp-content\/uploads\/2024\/01\/TANGIE-HASH.jpg","contentUrl":"https:\/\/poudresdenarco.com\/wp-content\/uploads\/2024\/01\/TANGIE-HASH.jpg","width":600,"height":600,"caption":"Achetez TANGIE-HASH en ligne"},{"@type":"BreadcrumbList","@id":"https:\/\/poudresdenarco.com\/produit\/tangie-hash\/#breadcrumb","itemListElement":[{"@type":"ListItem","position":1,"name":"Home","item":"https:\/\/poudresdenarco.com\/"},{"@type":"ListItem","position":2,"name":"Boutique","item":"https:\/\/poudresdenarco.com\/boutique\/"},{"@type":"ListItem","position":3,"name":"Tangie Hash"}]},{"@type":"WebSite","@id":"https:\/\/poudresdenarco.com\/#website","url":"https:\/\/poudresdenarco.com\/","name":"Poudresde Narco","description":"Acheter de la coca\u00efne et de l&#039;h\u00e9ro\u00efne en ligne","potentialAction":[{"@type":"SearchAction","target":{"@type":"EntryPoint","urlTemplate":"https:\/\/poudresdenarco.com\/?s={search_term_string}"},"query-input":{"@type":"PropertyValueSpecification","valueRequired":true,"valueName":"search_term_string"}}],"inLanguage":"de"}]}},"_links":{"self":[{"href":"https:\/\/poudresdenarco.com\/de\/wp-json\/wp\/v2\/product\/4483","targetHints":{"allow":["GET"]}}],"collection":[{"href":"https:\/\/poudresdenarco.com\/de\/wp-json\/wp\/v2\/product"}],"about":[{"href":"https:\/\/poudresdenarco.com\/de\/wp-json\/wp\/v2\/types\/product"}],"replies":[{"embeddable":true,"href":"https:\/\/poudresdenarco.com\/de\/wp-json\/wp\/v2\/comments?post=4483"}],"wp:featuredmedia":[{"embeddable":true,"href":"https:\/\/poudresdenarco.com\/de\/wp-json\/wp\/v2\/media\/4539"}],"wp:attachment":[{"href":"https:\/\/poudresdenarco.com\/de\/wp-json\/wp\/v2\/media?parent=4483"}],"wp:term":[{"taxonomy":"product_cat","embeddable":true,"href":"https:\/\/poudresdenarco.com\/de\/wp-json\/wp\/v2\/product_cat?post=4483"},{"taxonomy":"product_tag","embeddable":true,"href":"https:\/\/poudresdenarco.com\/de\/wp-json\/wp\/v2\/product_tag?post=4483"}],"curies":[{"name":"wp","href":"https:\/\/api.w.org\/{rel}","templated":true}]}}