{"id":4754,"date":"2024-10-16T11:01:47","date_gmt":"2024-10-16T11:01:47","guid":{"rendered":"https:\/\/poudresdenarco.com\/?post_type=product&#038;p=4754"},"modified":"2024-12-23T10:09:24","modified_gmt":"2024-12-23T10:09:24","slug":"2-fa","status":"publish","type":"product","link":"https:\/\/poudresdenarco.com\/de\/produkt\/2-fa\/","title":{"rendered":"2-FA"},"content":{"rendered":"<h2>2-FA Hydrochlorid online kaufen<\/h2>\n<p>Willkommen bei pulverdenarco, Ihrer zuverl\u00e4ssigen Quelle f\u00fcr den Kauf von Hydrochlorid <a href=\"https:\/\/poudresdenarco.com\/de\/produkt\/2-fa\/\">2-FA<\/a> online zu bestellen. Als Inhaber von poudresdenarco sind wir stolz darauf, Suchenden Produkte von h\u00f6chster Qualit\u00e4t und einen au\u00dfergew\u00f6hnlichen Kundenservice zu bieten. In diesem Artikel teilen wir die \u00fcberzeugenden Gr\u00fcnde, warum Sie poudresdenarco w\u00e4hlen sollten, um 2-FA-Hydrochlorid zu kaufen, sowie die Zusicherung, dass wir einen weltweiten Versand anbieten, um den Bed\u00fcrfnissen von Forschern auf der ganzen Welt gerecht zu werden.<\/p>\n<h3>Hochwertige Produkte :<\/h3>\n<p>Bei <a href=\"https:\/\/poudresdenarco.com\/de\/\">pulverdenarco<\/a>Die Qualit\u00e4t unserer Forschungschemikalien hat f\u00fcr uns h\u00f6chste Priorit\u00e4t. Unser 2-FA-Hydrochlorid wird strengen Qualit\u00e4tskontrollma\u00dfnahmen unterzogen, um Reinheit, Konsistenz und eine genaue Dosierung zu gew\u00e4hrleisten. Wir arbeiten mit renommierten Herstellern und Lieferanten zusammen, um nur Chemikalien von h\u00f6chster Qualit\u00e4t zu beziehen, damit die Forscher ihre Experimente mit Zuversicht durchf\u00fchren k\u00f6nnen. Wenn Sie 2-FA-Hydrochlorid bei poudresdenarco kaufen, k\u00f6nnen Sie sicher sein, ein Produkt von h\u00f6chster Qualit\u00e4t zu erhalten<a href=\"https:\/\/poudresdenarco.com\/de\/produkt\/1p-lsd\/\">.<\/a><\/p>\n<h3>Erweiterte Auswahl an Forschungschemikalien :<\/h3>\n<p>poudresdenarco bietet eine gro\u00dfe Auswahl an Forschungschemikalien, um den unterschiedlichen Bed\u00fcrfnissen von Forschern gerecht zu werden. Unser Online-Shop bietet eine gro\u00dfe Auswahl an hochwertigen Substanzen, darunter das Hydrochlorid von <a href=\"https:\/\/en.wikipedia.org\/wiki\/Multi-factor_authentication\">2-FA<\/a>. Unabh\u00e4ngig davon, ob Sie Studien im Bereich Pharmazie, Chemie oder anderen wissenschaftlichen Bereichen durchf\u00fchren, ist es unser Ziel, Ihr One-Stop-Shop f\u00fcr alle Ihre Bed\u00fcrfnisse in Bezug auf Forschungschemikalien zu sein. Erkunden Sie unsere Sammlung und entdecken Sie spannende M\u00f6glichkeiten f\u00fcr Ihre Forschung.<\/p>\n<h4><strong>Hochreines 2-FA f\u00fcr die Forschung kaufen - Narco-Pulver<\/strong><\/h4>\n<p>Narco Powders ist Ihr zuverl\u00e4ssiger Lieferant f\u00fcr das <strong>2-FA in Forschungsqualit\u00e4t<\/strong>Die Website ist ausschlie\u00dflich f\u00fcr <strong>Laboranwendungen und wissenschaftliche Studien<\/strong>. Unser 2-FA wird nach strengen Reinheits- und Qualit\u00e4tsstandards hergestellt und gew\u00e4hrleistet zuverl\u00e4ssige Ergebnisse f\u00fcr Fachleute in der Chemie und Pharmakologie.<\/p>\n<h3>Warum 2-FA aus Narco-Pulvern w\u00e4hlen?<\/h3>\n<p>Als <strong>2-FA-Lieferant f\u00fcr die Forschung<\/strong>Narco Powders verpflichtet sich, ein Produkt zu liefern, das den hohen Qualit\u00e4ts- und Sicherheitsstandards entspricht:<\/p>\n<ul>\n<li><strong>Zertifizierte Reinheit<\/strong> 2-FA: Jede Charge von 2-FA wird streng getestet, um die h\u00f6chste Reinheit zu gew\u00e4hrleisten, die f\u00fcr wissenschaftliche Experimente unerl\u00e4sslich ist.<\/li>\n<li><strong>Konstante Qualit\u00e4t<\/strong> : Unser 2-FA wird hergestellt, um stabile und genaue Ergebnisse zu liefern, die den Anforderungen von Labors entsprechen.<\/li>\n<li><strong>Sichere Online-Bestellung<\/strong> : Wir erleichtern die<strong>Kauf von 2-FA f\u00fcr wissenschaftliche Anwendungen<\/strong>Das bedeutet, dass Sie mit einer sicheren und konformen Bestellplattform arbeiten k\u00f6nnen.<\/li>\n<\/ul>\n<h3>Anwendungen und Sicherheitshinweise<\/h3>\n<p>Die <strong>2-FA<\/strong> von Narco-Pulvern wird in verschiedenen Forschungskontexten im Labor verwendet. Um eine sichere und ordnungsgem\u00e4\u00dfe Verwendung zu gew\u00e4hrleisten, stellen wir Protokolle f\u00fcr die Handhabung und Lagerung :<\/p>\n<ul>\n<li><strong>Sichere Aufbewahrung<\/strong> : Bewahren Sie 2-FA an einem k\u00fchlen, trockenen Ort auf, der vor direktem Licht gesch\u00fctzt ist.<\/li>\n<li><strong>Umgang<\/strong> : Verwenden Sie eine pers\u00f6nliche Schutzausr\u00fcstung (PSA) und arbeiten Sie in einer gut bel\u00fcfteten Umgebung.<\/li>\n<li><strong>Streng auf die Forschung beschr\u00e4nkte Nutzung<\/strong> : Dieses Produkt ist f\u00fcr professionelle Forscher in kontrollierten Umgebungen bestimmt.<\/li>\n<\/ul>\n<h3>Bestellen Sie hochwertiges 2-FA f\u00fcr Ihre Forschungsstudien<\/h3>\n<p>Narco-Pulver ist die ideale Wahl f\u00fcr einen <strong>Versorgung mit hochwertigem 2-FA<\/strong> f\u00fcr die Forschung. <strong>Kontaktieren Sie uns<\/strong> f\u00fcr ein Angebot oder f\u00fcr weitere Informationen \u00fcber unsere Produkte und Dienstleistungen f\u00fcr wissenschaftliche Anwendungen.<\/p>\n<p>&nbsp;<\/p>","protected":false},"excerpt":{"rendered":"<p>Acheter du chlorhydrate de 2-FA en ligne Bienvenue chez poudresdenarco, votre source fiable pour acheter du chlorhydrate de 2-FA en ligne. En tant que propri\u00e9taire de poudresdenarco, nous sommes fiers d&rsquo;offrir aux chercheurs des produits de la plus haute qualit\u00e9 et un service client exceptionnel. Dans cet article, nous partagerons les raisons convaincantes pour lesquelles&hellip;<\/p>","protected":false},"featured_media":6151,"comment_status":"open","ping_status":"closed","template":"","meta":{"_joinchat":[]},"product_cat":[558,751],"product_tag":[],"class_list":{"0":"post-4754","1":"product","2":"type-product","3":"status-publish","4":"has-post-thumbnail","6":"product_cat-chimiques-de-recherche","7":"product_cat-stimulants","9":"first","10":"instock","11":"shipping-taxable","12":"purchasable","13":"product-type-variable","14":"col-xs-6 col-sm-4","15":"col-md-3 col-lg-3","16":"un-4-cols"},"yoast_head":"<!-- This site is optimized with the Yoast SEO plugin v23.8 - https:\/\/yoast.com\/wordpress\/plugins\/seo\/ -->\n<title>Acheter 2-FA de Qualit\u00e9 pour la Recherche | Poudres de Narco<\/title>\n<meta name=\"description\" content=\"Fournisseur de 2-FA pour applications scientifiques. Puret\u00e9 garantie pour la recherche en laboratoire chez Poudres de Narco.\" \/>\n<meta name=\"robots\" content=\"index, follow, max-snippet:-1, max-image-preview:large, max-video-preview:-1\" \/>\n<link rel=\"canonical\" href=\"https:\/\/poudresdenarco.com\/de\/produkt\/2-fa\/\" \/>\n<meta property=\"og:locale\" content=\"de_DE\" \/>\n<meta property=\"og:type\" content=\"article\" \/>\n<meta property=\"og:title\" content=\"Acheter 2-FA de Qualit\u00e9 pour la Recherche | Poudres de Narco\" \/>\n<meta property=\"og:description\" content=\"Fournisseur de 2-FA pour applications scientifiques. Puret\u00e9 garantie pour la recherche en laboratoire chez Poudres de Narco.\" \/>\n<meta property=\"og:url\" content=\"https:\/\/poudresdenarco.com\/de\/produkt\/2-fa\/\" \/>\n<meta property=\"og:site_name\" content=\"Poudresde Narco\" \/>\n<meta property=\"article:modified_time\" content=\"2024-12-23T10:09:24+00:00\" \/>\n<meta property=\"og:image\" content=\"https:\/\/poudresdenarco.com\/wp-content\/uploads\/2024\/10\/2-FA.gif\" \/>\n\t<meta property=\"og:image:width\" content=\"600\" \/>\n\t<meta property=\"og:image:height\" content=\"600\" \/>\n\t<meta property=\"og:image:type\" content=\"image\/gif\" \/>\n<meta name=\"twitter:card\" content=\"summary_large_image\" \/>\n<meta name=\"twitter:label1\" content=\"Gesch\u00e4tzte Lesezeit\" \/>\n\t<meta name=\"twitter:data1\" content=\"3 Minuten\" \/>\n<script type=\"application\/ld+json\" class=\"yoast-schema-graph\">{\"@context\":\"https:\/\/schema.org\",\"@graph\":[{\"@type\":\"WebPage\",\"@id\":\"https:\/\/poudresdenarco.com\/produit\/2-fa\/\",\"url\":\"https:\/\/poudresdenarco.com\/produit\/2-fa\/\",\"name\":\"Acheter 2-FA de Qualit\u00e9 pour la Recherche | Poudres de Narco\",\"isPartOf\":{\"@id\":\"https:\/\/poudresdenarco.com\/#website\"},\"primaryImageOfPage\":{\"@id\":\"https:\/\/poudresdenarco.com\/produit\/2-fa\/#primaryimage\"},\"image\":{\"@id\":\"https:\/\/poudresdenarco.com\/produit\/2-fa\/#primaryimage\"},\"thumbnailUrl\":\"https:\/\/poudresdenarco.com\/wp-content\/uploads\/2024\/10\/2-FA.gif\",\"datePublished\":\"2024-10-16T11:01:47+00:00\",\"dateModified\":\"2024-12-23T10:09:24+00:00\",\"description\":\"Fournisseur de 2-FA pour applications scientifiques. Puret\u00e9 garantie pour la recherche en laboratoire chez Poudres de Narco.\",\"breadcrumb\":{\"@id\":\"https:\/\/poudresdenarco.com\/produit\/2-fa\/#breadcrumb\"},\"inLanguage\":\"de\",\"potentialAction\":[{\"@type\":\"ReadAction\",\"target\":[\"https:\/\/poudresdenarco.com\/produit\/2-fa\/\"]}]},{\"@type\":\"ImageObject\",\"inLanguage\":\"de\",\"@id\":\"https:\/\/poudresdenarco.com\/produit\/2-fa\/#primaryimage\",\"url\":\"https:\/\/poudresdenarco.com\/wp-content\/uploads\/2024\/10\/2-FA.gif\",\"contentUrl\":\"https:\/\/poudresdenarco.com\/wp-content\/uploads\/2024\/10\/2-FA.gif\",\"width\":600,\"height\":600,\"caption\":\"2-FA\"},{\"@type\":\"BreadcrumbList\",\"@id\":\"https:\/\/poudresdenarco.com\/produit\/2-fa\/#breadcrumb\",\"itemListElement\":[{\"@type\":\"ListItem\",\"position\":1,\"name\":\"Home\",\"item\":\"https:\/\/poudresdenarco.com\/\"},{\"@type\":\"ListItem\",\"position\":2,\"name\":\"Boutique\",\"item\":\"https:\/\/poudresdenarco.com\/boutique\/\"},{\"@type\":\"ListItem\",\"position\":3,\"name\":\"2-FA\"}]},{\"@type\":\"WebSite\",\"@id\":\"https:\/\/poudresdenarco.com\/#website\",\"url\":\"https:\/\/poudresdenarco.com\/\",\"name\":\"Poudresde Narco\",\"description\":\"Acheter de la coca\u00efne et de l&#039;h\u00e9ro\u00efne en ligne\",\"potentialAction\":[{\"@type\":\"SearchAction\",\"target\":{\"@type\":\"EntryPoint\",\"urlTemplate\":\"https:\/\/poudresdenarco.com\/?s={search_term_string}\"},\"query-input\":{\"@type\":\"PropertyValueSpecification\",\"valueRequired\":true,\"valueName\":\"search_term_string\"}}],\"inLanguage\":\"de\"}]}<\/script>\n<!-- \/ Yoast SEO plugin. -->","yoast_head_json":{"title":"Acheter 2-FA de Qualit\u00e9 pour la Recherche | Poudres de Narco","description":"Fournisseur de 2-FA pour applications scientifiques. Puret\u00e9 garantie pour la recherche en laboratoire chez Poudres de Narco.","robots":{"index":"index","follow":"follow","max-snippet":"max-snippet:-1","max-image-preview":"max-image-preview:large","max-video-preview":"max-video-preview:-1"},"canonical":"https:\/\/poudresdenarco.com\/de\/produkt\/2-fa\/","og_locale":"de_DE","og_type":"article","og_title":"Acheter 2-FA de Qualit\u00e9 pour la Recherche | Poudres de Narco","og_description":"Fournisseur de 2-FA pour applications scientifiques. Puret\u00e9 garantie pour la recherche en laboratoire chez Poudres de Narco.","og_url":"https:\/\/poudresdenarco.com\/de\/produkt\/2-fa\/","og_site_name":"Poudresde Narco","article_modified_time":"2024-12-23T10:09:24+00:00","og_image":[{"width":600,"height":600,"url":"https:\/\/poudresdenarco.com\/wp-content\/uploads\/2024\/10\/2-FA.gif","type":"image\/gif"}],"twitter_card":"summary_large_image","twitter_misc":{"Gesch\u00e4tzte Lesezeit":"3 Minuten"},"schema":{"@context":"https:\/\/schema.org","@graph":[{"@type":"WebPage","@id":"https:\/\/poudresdenarco.com\/produit\/2-fa\/","url":"https:\/\/poudresdenarco.com\/produit\/2-fa\/","name":"Acheter 2-FA de Qualit\u00e9 pour la Recherche | Poudres de Narco","isPartOf":{"@id":"https:\/\/poudresdenarco.com\/#website"},"primaryImageOfPage":{"@id":"https:\/\/poudresdenarco.com\/produit\/2-fa\/#primaryimage"},"image":{"@id":"https:\/\/poudresdenarco.com\/produit\/2-fa\/#primaryimage"},"thumbnailUrl":"https:\/\/poudresdenarco.com\/wp-content\/uploads\/2024\/10\/2-FA.gif","datePublished":"2024-10-16T11:01:47+00:00","dateModified":"2024-12-23T10:09:24+00:00","description":"Fournisseur de 2-FA pour applications scientifiques. Puret\u00e9 garantie pour la recherche en laboratoire chez Poudres de Narco.","breadcrumb":{"@id":"https:\/\/poudresdenarco.com\/produit\/2-fa\/#breadcrumb"},"inLanguage":"de","potentialAction":[{"@type":"ReadAction","target":["https:\/\/poudresdenarco.com\/produit\/2-fa\/"]}]},{"@type":"ImageObject","inLanguage":"de","@id":"https:\/\/poudresdenarco.com\/produit\/2-fa\/#primaryimage","url":"https:\/\/poudresdenarco.com\/wp-content\/uploads\/2024\/10\/2-FA.gif","contentUrl":"https:\/\/poudresdenarco.com\/wp-content\/uploads\/2024\/10\/2-FA.gif","width":600,"height":600,"caption":"2-FA"},{"@type":"BreadcrumbList","@id":"https:\/\/poudresdenarco.com\/produit\/2-fa\/#breadcrumb","itemListElement":[{"@type":"ListItem","position":1,"name":"Home","item":"https:\/\/poudresdenarco.com\/"},{"@type":"ListItem","position":2,"name":"Boutique","item":"https:\/\/poudresdenarco.com\/boutique\/"},{"@type":"ListItem","position":3,"name":"2-FA"}]},{"@type":"WebSite","@id":"https:\/\/poudresdenarco.com\/#website","url":"https:\/\/poudresdenarco.com\/","name":"Poudresde Narco","description":"Acheter de la coca\u00efne et de l&#039;h\u00e9ro\u00efne en ligne","potentialAction":[{"@type":"SearchAction","target":{"@type":"EntryPoint","urlTemplate":"https:\/\/poudresdenarco.com\/?s={search_term_string}"},"query-input":{"@type":"PropertyValueSpecification","valueRequired":true,"valueName":"search_term_string"}}],"inLanguage":"de"}]}},"_links":{"self":[{"href":"https:\/\/poudresdenarco.com\/de\/wp-json\/wp\/v2\/product\/4754","targetHints":{"allow":["GET"]}}],"collection":[{"href":"https:\/\/poudresdenarco.com\/de\/wp-json\/wp\/v2\/product"}],"about":[{"href":"https:\/\/poudresdenarco.com\/de\/wp-json\/wp\/v2\/types\/product"}],"replies":[{"embeddable":true,"href":"https:\/\/poudresdenarco.com\/de\/wp-json\/wp\/v2\/comments?post=4754"}],"wp:featuredmedia":[{"embeddable":true,"href":"https:\/\/poudresdenarco.com\/de\/wp-json\/wp\/v2\/media\/6151"}],"wp:attachment":[{"href":"https:\/\/poudresdenarco.com\/de\/wp-json\/wp\/v2\/media?parent=4754"}],"wp:term":[{"taxonomy":"product_cat","embeddable":true,"href":"https:\/\/poudresdenarco.com\/de\/wp-json\/wp\/v2\/product_cat?post=4754"},{"taxonomy":"product_tag","embeddable":true,"href":"https:\/\/poudresdenarco.com\/de\/wp-json\/wp\/v2\/product_tag?post=4754"}],"curies":[{"name":"wp","href":"https:\/\/api.w.org\/{rel}","templated":true}]}}