{"id":4757,"date":"2024-10-16T10:53:11","date_gmt":"2024-10-16T10:53:11","guid":{"rendered":"https:\/\/poudresdenarco.com\/?post_type=product&#038;p=4757"},"modified":"2025-06-09T06:46:58","modified_gmt":"2025-06-09T06:46:58","slug":"5-mapd","status":"publish","type":"product","link":"https:\/\/poudresdenarco.com\/de\/produkt\/5-mapd\/","title":{"rendered":"5-MAPD"},"content":{"rendered":"<h2>Kaufen Sie 5-MAPD online<\/h2>\n<p>Chemikalie zur Erforschung von <a href=\"https:\/\/poudresdenarco.com\/de\/produkt\/5-mapd\/\">MAPD<\/a>B. Die chemische Formel von 5-MAPDB HCL lautet C12H17NO und die CAS-Nummer 1354631-78-9. Da die Chemikalie neu auf dem Markt ist, liegen derzeit keine Forschungsergebnisse vor. 5-EAPB ist das Analogon von C12H17NO, daher k\u00f6nnen wir es als Beispiel in dieser Forschungschemikalie verwenden.<br \/>\n5-EAPB ist unter der IUPAC-Bezeichnung 1-(1-Benzofuran-5-yl)-N-ethyl-2-propanamin bekannt. Seine durchschnittliche Masse betr\u00e4gt 203,280 und seine chemische Formel lautet C13H17NO 5-MAPD kaufen .<\/p>\n<p>ACD\/Labs und poudredenarco.com f\u00fchrten Untersuchungen zu 5-eapb durch. Mit einem Brechungsindex von 1,554 und einer Oberfl\u00e4chenspannung von 36,5\u00b13,0 dyne\/cm ergab ACD\/Labs zwei H-Bindungsakzeptoren, einen H-Bindungsdonator, vier frei rotierende Bindungen, einen Flammpunkt von 133,2\u00b120,4 \u00b0C und einen Siedepunkt von 296,6\u00b115,0 \u00b0C bei 760 mmHg.<a href=\"https:\/\/k2spices.com\/pt\/produto\/comprar-diablo-powder\/\">.<\/a><\/p>\n<p>Eine Atomzahl von 32, eine Bindungszahl von 33, eine zyklomatische Zahl von 2, eine Kettenatomzahl von 6, eine Kettenbindungszahl von 6, eine asymmetrische Atomzahl von 1 und eine rotierende Bindungszahl von 4 wurden in einer von NembutalHouse ver\u00f6ffentlichten Topologiestudie gefunden. Der Geometriebericht ergab, dass die Eintauchenergie 42,55 kcal\/mol, das Volumen 203,78 \u00c53, die minimale Projektionsfl\u00e4che 30,80 \u00c52 und die maximale Projektionsfl\u00e4che 69,85 \u00c52 betrug.<\/p>\n<h2><strong>5-MAPD mit hoher Reinheit f\u00fcr die Forschung kaufen - Narco-Pulver<\/strong><\/h2>\n<p><strong>Narco-Pulver<\/strong> ist Ihr zuverl\u00e4ssiger Lieferant f\u00fcr den <strong>5-MAPD in Forschungsqualit\u00e4t<\/strong>Die Software ist ausschlie\u00dflich f\u00fcr den Einsatz in <strong>wissenschaftliche Anwendungen im Labor<\/strong>. Unser 5-MAPD wird nach strengen Reinheits- und Qualit\u00e4tsstandards hergestellt und garantiert zuverl\u00e4ssige Ergebnisse f\u00fcr Forscher in der Chemie und Pharmakologie. 5-MAPD kaufen .<\/p>\n<h3>Warum 5-MAPD bei Narco Powders kaufen?<\/h3>\n<p>Als <strong>Lieferant von 5-MAPD f\u00fcr die Forschung<\/strong>, <strong>Narco-Pulver<\/strong> gew\u00e4hrleistet die Qualit\u00e4t und Sicherheit jeder Charge und erf\u00fcllt die Bed\u00fcrfnisse der <strong>zertifizierte Labore<\/strong> :<\/p>\n<ul>\n<li><strong>5-MAPD von hoher Reinheit f\u00fcr Labore<\/strong> 5-MAPD: Unser streng getestetes 5-MAPD garantiert eine optimale Reinheit, die f\u00fcr die <strong>wissenschaftliche Anwendungen<\/strong> pr\u00e4zise.<\/li>\n<li><strong>Konstante und zuverl\u00e4ssige Qualit\u00e4t<\/strong> : Unser 5-MAPD ist so formuliert, dass es eine gleichbleibende Leistung bietet, die an die <strong>Laborstudien<\/strong>.<\/li>\n<li><strong>Sichere Bestellung<\/strong> : <strong>Narco-Pulver<\/strong> erleichtert die<strong>5-MAPD online kaufen<\/strong>Sie k\u00f6nnen sich mit einem sicheren Bestellvorgang anmelden, der den Anforderungen von Forschern entspricht.<\/li>\n<\/ul>\n<h3>Anwendungen und Sicherheitshinweise<\/h3>\n<p>Die <strong>5-MAPD f\u00fcr die Suche<\/strong> von <strong>Narco-Pulver<\/strong> richtet sich an <strong>analytische Anwendungen und wissenschaftliche Studien<\/strong>. Um einen sicheren und bestimmungsgem\u00e4\u00dfen Gebrauch zu gew\u00e4hrleisten, stellen wir genaue Sicherheitshinweise zur Verf\u00fcgung :<\/p>\n<ul>\n<li><strong>Sichere Aufbewahrung<\/strong> : Bewahren Sie 5-MAPD an einem k\u00fchlen, trockenen Ort auf, der vor direktem Licht gesch\u00fctzt ist.<\/li>\n<li><strong>Handhabung mit Vorsichtsma\u00dfnahmen<\/strong> : Tragen Sie pers\u00f6nliche Schutzausr\u00fcstung (PSA) und arbeiten Sie in gut bel\u00fcfteten R\u00e4umen.<\/li>\n<li><strong>Streng auf die Forschung beschr\u00e4nkte Nutzung<\/strong> : Dieses Produkt ist ausschlie\u00dflich f\u00fcr Forscher und zertifizierte Labore bestimmt.<\/li>\n<\/ul>\n<h3>Bestellen Sie hochreines 5-MAPD f\u00fcr Ihre wissenschaftlichen Studien<\/h3>\n<p>Mit <strong>Narco-Pulver<\/strong>profitieren Sie von einem <strong>zuverl\u00e4ssige Versorgung mit 5-MAPD f\u00fcr Laboranwendungen<\/strong>. <strong>Kontaktieren Sie uns<\/strong> f\u00fcr einen Kostenvoranschlag oder um mehr \u00fcber unsere wissenschaftliche Produktpalette zu erfahren <strong>5-MAPD kaufen <\/strong>.<\/p>\n<p>&nbsp;<\/p>","protected":false},"excerpt":{"rendered":"<p>Acheter 5-MAPD en ligne Produit chimique de recherche de MAPDB. La formule chimique du 5-MAPDB HCL est C12H17NO et son num\u00e9ro CAS est 1354631-78-9. Comme le produit chimique est nouveau sur le march\u00e9, aucune recherche n&rsquo;est actuellement disponible. Le 5-EAPB est l&rsquo;analogue du C12H17NO, nous pouvons donc l&rsquo;utiliser comme exemple dans ce produit chimique de&hellip;<\/p>","protected":false},"featured_media":6147,"comment_status":"open","ping_status":"closed","template":"","meta":{"_joinchat":[]},"product_cat":[558],"product_tag":[],"class_list":{"0":"post-4757","1":"product","2":"type-product","3":"status-publish","4":"has-post-thumbnail","6":"product_cat-chimiques-de-recherche","8":"first","9":"instock","10":"shipping-taxable","11":"purchasable","12":"product-type-variable","13":"col-xs-6 col-sm-4","14":"col-md-3 col-lg-3","15":"un-4-cols"},"yoast_head":"<!-- This site is optimized with the Yoast SEO plugin v23.8 - https:\/\/yoast.com\/wordpress\/plugins\/seo\/ -->\n<title>Acheter 5-MAPD | Poudres de Narco&quot;<\/title>\n<meta name=\"description\" content=\"Fournisseur de 5-MAPD pour la recherche en laboratoire. Qualit\u00e9 et s\u00e9curit\u00e9 garanties pour applications scientifiques chez Poudres de Narco.\" \/>\n<meta name=\"robots\" content=\"index, follow, max-snippet:-1, max-image-preview:large, max-video-preview:-1\" \/>\n<link rel=\"canonical\" href=\"https:\/\/poudresdenarco.com\/de\/produkt\/5-mapd\/\" \/>\n<meta property=\"og:locale\" content=\"de_DE\" \/>\n<meta property=\"og:type\" content=\"article\" \/>\n<meta property=\"og:title\" content=\"Acheter 5-MAPD | Poudres de Narco&quot;\" \/>\n<meta property=\"og:description\" content=\"Fournisseur de 5-MAPD pour la recherche en laboratoire. Qualit\u00e9 et s\u00e9curit\u00e9 garanties pour applications scientifiques chez Poudres de Narco.\" \/>\n<meta property=\"og:url\" content=\"https:\/\/poudresdenarco.com\/de\/produkt\/5-mapd\/\" \/>\n<meta property=\"og:site_name\" content=\"Poudresde Narco\" \/>\n<meta property=\"article:modified_time\" content=\"2025-06-09T06:46:58+00:00\" \/>\n<meta property=\"og:image\" content=\"https:\/\/poudresdenarco.com\/wp-content\/uploads\/2024\/10\/5-MAPD.gif\" \/>\n\t<meta property=\"og:image:width\" content=\"600\" \/>\n\t<meta property=\"og:image:height\" content=\"600\" \/>\n\t<meta property=\"og:image:type\" content=\"image\/gif\" \/>\n<meta name=\"twitter:card\" content=\"summary_large_image\" \/>\n<meta name=\"twitter:label1\" content=\"Gesch\u00e4tzte Lesezeit\" \/>\n\t<meta name=\"twitter:data1\" content=\"3 Minuten\" \/>\n<script type=\"application\/ld+json\" class=\"yoast-schema-graph\">{\"@context\":\"https:\/\/schema.org\",\"@graph\":[{\"@type\":\"WebPage\",\"@id\":\"https:\/\/poudresdenarco.com\/produit\/5-mapd\/\",\"url\":\"https:\/\/poudresdenarco.com\/produit\/5-mapd\/\",\"name\":\"Acheter 5-MAPD | Poudres de Narco\\\"\",\"isPartOf\":{\"@id\":\"https:\/\/poudresdenarco.com\/#website\"},\"primaryImageOfPage\":{\"@id\":\"https:\/\/poudresdenarco.com\/produit\/5-mapd\/#primaryimage\"},\"image\":{\"@id\":\"https:\/\/poudresdenarco.com\/produit\/5-mapd\/#primaryimage\"},\"thumbnailUrl\":\"https:\/\/poudresdenarco.com\/wp-content\/uploads\/2024\/10\/5-MAPD.gif\",\"datePublished\":\"2024-10-16T10:53:11+00:00\",\"dateModified\":\"2025-06-09T06:46:58+00:00\",\"description\":\"Fournisseur de 5-MAPD pour la recherche en laboratoire. Qualit\u00e9 et s\u00e9curit\u00e9 garanties pour applications scientifiques chez Poudres de Narco.\",\"breadcrumb\":{\"@id\":\"https:\/\/poudresdenarco.com\/produit\/5-mapd\/#breadcrumb\"},\"inLanguage\":\"de\",\"potentialAction\":[{\"@type\":\"ReadAction\",\"target\":[\"https:\/\/poudresdenarco.com\/produit\/5-mapd\/\"]}]},{\"@type\":\"ImageObject\",\"inLanguage\":\"de\",\"@id\":\"https:\/\/poudresdenarco.com\/produit\/5-mapd\/#primaryimage\",\"url\":\"https:\/\/poudresdenarco.com\/wp-content\/uploads\/2024\/10\/5-MAPD.gif\",\"contentUrl\":\"https:\/\/poudresdenarco.com\/wp-content\/uploads\/2024\/10\/5-MAPD.gif\",\"width\":600,\"height\":600,\"caption\":\"5-MAPD\"},{\"@type\":\"BreadcrumbList\",\"@id\":\"https:\/\/poudresdenarco.com\/produit\/5-mapd\/#breadcrumb\",\"itemListElement\":[{\"@type\":\"ListItem\",\"position\":1,\"name\":\"Home\",\"item\":\"https:\/\/poudresdenarco.com\/\"},{\"@type\":\"ListItem\",\"position\":2,\"name\":\"Boutique\",\"item\":\"https:\/\/poudresdenarco.com\/boutique\/\"},{\"@type\":\"ListItem\",\"position\":3,\"name\":\"5-MAPD\"}]},{\"@type\":\"WebSite\",\"@id\":\"https:\/\/poudresdenarco.com\/#website\",\"url\":\"https:\/\/poudresdenarco.com\/\",\"name\":\"Poudresde Narco\",\"description\":\"Acheter de la coca\u00efne et de l&#039;h\u00e9ro\u00efne en ligne\",\"potentialAction\":[{\"@type\":\"SearchAction\",\"target\":{\"@type\":\"EntryPoint\",\"urlTemplate\":\"https:\/\/poudresdenarco.com\/?s={search_term_string}\"},\"query-input\":{\"@type\":\"PropertyValueSpecification\",\"valueRequired\":true,\"valueName\":\"search_term_string\"}}],\"inLanguage\":\"de\"}]}<\/script>\n<!-- \/ Yoast SEO plugin. -->","yoast_head_json":{"title":"Acheter 5-MAPD | Poudres de Narco\"","description":"Fournisseur de 5-MAPD pour la recherche en laboratoire. Qualit\u00e9 et s\u00e9curit\u00e9 garanties pour applications scientifiques chez Poudres de Narco.","robots":{"index":"index","follow":"follow","max-snippet":"max-snippet:-1","max-image-preview":"max-image-preview:large","max-video-preview":"max-video-preview:-1"},"canonical":"https:\/\/poudresdenarco.com\/de\/produkt\/5-mapd\/","og_locale":"de_DE","og_type":"article","og_title":"Acheter 5-MAPD | Poudres de Narco\"","og_description":"Fournisseur de 5-MAPD pour la recherche en laboratoire. Qualit\u00e9 et s\u00e9curit\u00e9 garanties pour applications scientifiques chez Poudres de Narco.","og_url":"https:\/\/poudresdenarco.com\/de\/produkt\/5-mapd\/","og_site_name":"Poudresde Narco","article_modified_time":"2025-06-09T06:46:58+00:00","og_image":[{"width":600,"height":600,"url":"https:\/\/poudresdenarco.com\/wp-content\/uploads\/2024\/10\/5-MAPD.gif","type":"image\/gif"}],"twitter_card":"summary_large_image","twitter_misc":{"Gesch\u00e4tzte Lesezeit":"3 Minuten"},"schema":{"@context":"https:\/\/schema.org","@graph":[{"@type":"WebPage","@id":"https:\/\/poudresdenarco.com\/produit\/5-mapd\/","url":"https:\/\/poudresdenarco.com\/produit\/5-mapd\/","name":"Acheter 5-MAPD | Poudres de Narco\"","isPartOf":{"@id":"https:\/\/poudresdenarco.com\/#website"},"primaryImageOfPage":{"@id":"https:\/\/poudresdenarco.com\/produit\/5-mapd\/#primaryimage"},"image":{"@id":"https:\/\/poudresdenarco.com\/produit\/5-mapd\/#primaryimage"},"thumbnailUrl":"https:\/\/poudresdenarco.com\/wp-content\/uploads\/2024\/10\/5-MAPD.gif","datePublished":"2024-10-16T10:53:11+00:00","dateModified":"2025-06-09T06:46:58+00:00","description":"Fournisseur de 5-MAPD pour la recherche en laboratoire. Qualit\u00e9 et s\u00e9curit\u00e9 garanties pour applications scientifiques chez Poudres de Narco.","breadcrumb":{"@id":"https:\/\/poudresdenarco.com\/produit\/5-mapd\/#breadcrumb"},"inLanguage":"de","potentialAction":[{"@type":"ReadAction","target":["https:\/\/poudresdenarco.com\/produit\/5-mapd\/"]}]},{"@type":"ImageObject","inLanguage":"de","@id":"https:\/\/poudresdenarco.com\/produit\/5-mapd\/#primaryimage","url":"https:\/\/poudresdenarco.com\/wp-content\/uploads\/2024\/10\/5-MAPD.gif","contentUrl":"https:\/\/poudresdenarco.com\/wp-content\/uploads\/2024\/10\/5-MAPD.gif","width":600,"height":600,"caption":"5-MAPD"},{"@type":"BreadcrumbList","@id":"https:\/\/poudresdenarco.com\/produit\/5-mapd\/#breadcrumb","itemListElement":[{"@type":"ListItem","position":1,"name":"Home","item":"https:\/\/poudresdenarco.com\/"},{"@type":"ListItem","position":2,"name":"Boutique","item":"https:\/\/poudresdenarco.com\/boutique\/"},{"@type":"ListItem","position":3,"name":"5-MAPD"}]},{"@type":"WebSite","@id":"https:\/\/poudresdenarco.com\/#website","url":"https:\/\/poudresdenarco.com\/","name":"Poudresde Narco","description":"Acheter de la coca\u00efne et de l&#039;h\u00e9ro\u00efne en ligne","potentialAction":[{"@type":"SearchAction","target":{"@type":"EntryPoint","urlTemplate":"https:\/\/poudresdenarco.com\/?s={search_term_string}"},"query-input":{"@type":"PropertyValueSpecification","valueRequired":true,"valueName":"search_term_string"}}],"inLanguage":"de"}]}},"_links":{"self":[{"href":"https:\/\/poudresdenarco.com\/de\/wp-json\/wp\/v2\/product\/4757","targetHints":{"allow":["GET"]}}],"collection":[{"href":"https:\/\/poudresdenarco.com\/de\/wp-json\/wp\/v2\/product"}],"about":[{"href":"https:\/\/poudresdenarco.com\/de\/wp-json\/wp\/v2\/types\/product"}],"replies":[{"embeddable":true,"href":"https:\/\/poudresdenarco.com\/de\/wp-json\/wp\/v2\/comments?post=4757"}],"wp:featuredmedia":[{"embeddable":true,"href":"https:\/\/poudresdenarco.com\/de\/wp-json\/wp\/v2\/media\/6147"}],"wp:attachment":[{"href":"https:\/\/poudresdenarco.com\/de\/wp-json\/wp\/v2\/media?parent=4757"}],"wp:term":[{"taxonomy":"product_cat","embeddable":true,"href":"https:\/\/poudresdenarco.com\/de\/wp-json\/wp\/v2\/product_cat?post=4757"},{"taxonomy":"product_tag","embeddable":true,"href":"https:\/\/poudresdenarco.com\/de\/wp-json\/wp\/v2\/product_tag?post=4757"}],"curies":[{"name":"wp","href":"https:\/\/api.w.org\/{rel}","templated":true}]}}