{"id":4952,"date":"2024-10-16T11:22:28","date_gmt":"2024-10-16T11:22:28","guid":{"rendered":"https:\/\/poudresdenarco.com\/?post_type=product&#038;p=4952"},"modified":"2024-11-02T13:43:27","modified_gmt":"2024-11-02T13:43:27","slug":"3cmc","status":"publish","type":"product","link":"https:\/\/poudresdenarco.com\/de\/produkt\/3cmc\/","title":{"rendered":"3cmc"},"content":{"rendered":"<h2>3-CMC : qu&rsquo;est-ce que c&rsquo;est ?<\/h2>\n<p>Die <a href=\"https:\/\/poudresdenarco.com\/de\/produkt\/3cmc\/\">3-chlorom\u00e9thcathinone<\/a>, ou 3-CMC comme on l&rsquo;appelle plus commun\u00e9ment, est un produit chimique de recherche appartenant \u00e0 la classe des cathinones. La sous-classe des amph\u00e9tamines connue sous le nom de cathinone est structurellement similaire \u00e0 l&rsquo;antid\u00e9presseur bupropion. Cependant, la 3-CMC et le bupropion ont des caract\u00e9ristiques pharmacologiques diff\u00e9rentes Acheter 3-CMC<a href=\"https:\/\/legitgrams.com\/de\/produktkategorie\/kokain\/\">.<\/a><\/p>\n<p>Le carbone b\u00eata de la structure de l&rsquo;amph\u00e9tamine peut \u00eatre utilis\u00e9 pour identifier les cathinones, telles que la 3-CMC, par substitution c\u00e9tonique. Deux substitutions m\u00e9thyliques sont pr\u00e9sentes dans le squelette de la cathinone de la 3-CMC, l&rsquo;une au niveau du cycle ph\u00e9nyle et l&rsquo;autre au niveau du groupe azot\u00e9. La 3-CMC et la m\u00e9ph\u00e9drone sont assez comparables dans<\/p>\n<p>leur structure. L&#8217;emplacement de leurs groupes m\u00e9thyles est la seule distinction que l&rsquo;on peut voir dans ce cas. Dans la m\u00e9ph\u00e9drone, ce sp\u00e9cimen sp\u00e9cifique est situ\u00e9 au niveau de R4, alors qu&rsquo;ici il se trouve au niveau de <a href=\"https:\/\/poudresdenarco.com\/de\/\">poudresdenarco.<\/a><\/p>\n<p>REMARQUE : Ce produit n&rsquo;est autoris\u00e9 que pour une utilisation en laboratoire ; il n&rsquo;est pas autoris\u00e9 pour la consommation humaine. Comme il peut absorber des quantit\u00e9s dangereuses de produits chimiques par la peau, portez toujours des gants et des lunettes de protection lors de la manipulation pour \u00e9viter toute contamination involontaire.<\/p>\n<h3><strong>Acheter du 3-CMC de Haute Puret\u00e9 pour la Recherche Scientifique &#8211; Poudres de Narco<\/strong><\/h3>\n<p>Chez Poudres de Narco, nous proposons du <strong>3-CMC de haute puret\u00e9 pour applications scientifiques<\/strong>Die Website ist ausschlie\u00dflich f\u00fcr <strong>laboratoires et \u00e9tudes en environnement contr\u00f4l\u00e9<\/strong>. Als <strong>fournisseur de 3-CMC pour usage en laboratoire<\/strong>, nous garantissons la qualit\u00e9 et la s\u00e9curit\u00e9 pour les <strong>chercheurs en chimie et pharmacologie<\/strong>.<\/p>\n<h3>Pourquoi Choisir le 3-CMC de Poudres de Narco ?<\/h3>\n<p>En choisissant <strong>Poudres de Narco comme fournisseur de 3-CMC<\/strong>, vous acc\u00e9dez \u00e0 un produit test\u00e9 et conforme aux standards \u00e9lev\u00e9s de la recherche scientifique :<\/p>\n<ul>\n<li><strong>3-CMC Haute Puret\u00e9 pour Laboratoires<\/strong> : Chaque lot est soumis \u00e0 des contr\u00f4les stricts pour garantir une puret\u00e9 optimale, essentielle pour des <strong>applications de recherche professionnelle<\/strong> et des r\u00e9sultats fiables en <strong>analytische Studien im Labor<\/strong>.<\/li>\n<li><strong>H\u00f6chste Qualit\u00e4t<\/strong> : Notre <strong>3-CMC de qualit\u00e9 pour analyse en laboratoire<\/strong> offre des performances constantes, r\u00e9pondant aux attentes des chercheurs.<\/li>\n<li><strong>Sichere Online-Bestellung<\/strong> : Wir erleichtern die<strong>achat de 3-CMC en ligne pour applications scientifiques<\/strong>, avec un processus de commande discret, s\u00e9curis\u00e9 et conforme.<\/li>\n<\/ul>\n<h3>Applications du 3-CMC et Consignes de S\u00e9curit\u00e9<\/h3>\n<p>Die <strong>3-CMC pour \u00e9tudes en laboratoire<\/strong> von Narco-Pulvern ist f\u00fcr die <strong>wissenschaftliche Anwendungen<\/strong> rigoureuses. Pour assurer un usage conforme et s\u00e9curis\u00e9, nous fournissons des consignes d\u00e9taill\u00e9es\u202f:<\/p>\n<ul>\n<li><strong>Sichere Aufbewahrung<\/strong> : Conservez le 3-CMC dans un endroit frais et sec, prot\u00e9g\u00e9 de la lumi\u00e8re directe.<\/li>\n<li><strong>Manipulation in Compliance<\/strong> : Utilisez des \u00e9quipements de protection individuelle (EPI) et travaillez dans un environnement bien ventil\u00e9 pour garantir la s\u00e9curit\u00e9 des exp\u00e9rimentations.<\/li>\n<li><strong>Usage Strictement R\u00e9serv\u00e9 aux Laboratoires Certifi\u00e9s<\/strong> : Ce produit est destin\u00e9 aux laboratoires et aux chercheurs qualifi\u00e9s pour des <strong>exp\u00e9rimentations en environnement contr\u00f4l\u00e9 Acheter 3-CMC<\/strong>.<\/li>\n<\/ul>\n<h3>Commandez du 3-CMC de Qualit\u00e9 Sup\u00e9rieure pour Vos \u00c9tudes Scientifiques<\/h3>\n<p>Mit Narco Powders profitieren Sie von einem <strong>approvisionnement en 3-CMC pour laboratoires certifi\u00e9s<\/strong>, r\u00e9pondant aux besoins des chercheurs pour des <strong>analytische Anwendungen und wissenschaftliche Studien<\/strong>. <strong>Kontaktieren Sie uns<\/strong> pour obtenir un devis ou pour en savoir plus sur notre <strong>3-CMC de qualit\u00e9 sup\u00e9rieure pour \u00e9tudes en laboratoire<\/strong>.<\/p>\n<p>&nbsp;<\/p>","protected":false},"excerpt":{"rendered":"<p>3-CMC : qu&rsquo;est-ce que c&rsquo;est ? La 3-chlorom\u00e9thcathinone, ou 3-CMC comme on l&rsquo;appelle plus commun\u00e9ment, est un produit chimique de recherche appartenant \u00e0 la classe des cathinones. La sous-classe des amph\u00e9tamines connue sous le nom de cathinone est structurellement similaire \u00e0 l&rsquo;antid\u00e9presseur bupropion. Cependant, la 3-CMC et le bupropion ont des caract\u00e9ristiques pharmacologiques diff\u00e9rentes Acheter&hellip;<\/p>","protected":false},"featured_media":6171,"comment_status":"closed","ping_status":"closed","template":"","meta":{"_joinchat":[]},"product_cat":[558],"product_tag":[],"class_list":{"0":"post-4952","1":"product","2":"type-product","3":"status-publish","4":"has-post-thumbnail","6":"product_cat-chimiques-de-recherche","8":"first","9":"instock","10":"shipping-taxable","11":"purchasable","12":"product-type-variable","13":"col-xs-6 col-sm-4","14":"col-md-3 col-lg-3","15":"un-4-cols"},"yoast_head":"<!-- This site is optimized with the Yoast SEO plugin v23.8 - https:\/\/yoast.com\/wordpress\/plugins\/seo\/ -->\n<title>Acheter 3-CMC de pour la Recherche | Poudres de Narco<\/title>\n<meta name=\"description\" content=\"Fournisseur de 3-CMC pour applications scientifiques en laboratoire. Puret\u00e9 et s\u00e9curit\u00e9 garanties pour la recherche chez Poudres de Narco.\" \/>\n<meta name=\"robots\" content=\"index, follow, max-snippet:-1, max-image-preview:large, max-video-preview:-1\" \/>\n<link rel=\"canonical\" href=\"https:\/\/poudresdenarco.com\/de\/produkt\/3cmc\/\" \/>\n<meta property=\"og:locale\" content=\"de_DE\" \/>\n<meta property=\"og:type\" content=\"article\" \/>\n<meta property=\"og:title\" content=\"Acheter 3-CMC de pour la Recherche | Poudres de Narco\" \/>\n<meta property=\"og:description\" content=\"Fournisseur de 3-CMC pour applications scientifiques en laboratoire. Puret\u00e9 et s\u00e9curit\u00e9 garanties pour la recherche chez Poudres de Narco.\" \/>\n<meta property=\"og:url\" content=\"https:\/\/poudresdenarco.com\/de\/produkt\/3cmc\/\" \/>\n<meta property=\"og:site_name\" content=\"Poudresde Narco\" \/>\n<meta property=\"article:modified_time\" content=\"2024-11-02T13:43:27+00:00\" \/>\n<meta property=\"og:image\" content=\"https:\/\/poudresdenarco.com\/wp-content\/uploads\/2024\/10\/3-cmc.gif\" \/>\n\t<meta property=\"og:image:width\" content=\"600\" \/>\n\t<meta property=\"og:image:height\" content=\"600\" \/>\n\t<meta property=\"og:image:type\" content=\"image\/gif\" \/>\n<meta name=\"twitter:card\" content=\"summary_large_image\" \/>\n<meta name=\"twitter:label1\" content=\"Gesch\u00e4tzte Lesezeit\" \/>\n\t<meta name=\"twitter:data1\" content=\"3 Minuten\" \/>\n<script type=\"application\/ld+json\" class=\"yoast-schema-graph\">{\"@context\":\"https:\/\/schema.org\",\"@graph\":[{\"@type\":\"WebPage\",\"@id\":\"https:\/\/poudresdenarco.com\/produit\/3cmc\/\",\"url\":\"https:\/\/poudresdenarco.com\/produit\/3cmc\/\",\"name\":\"Acheter 3-CMC de pour la Recherche | Poudres de Narco\",\"isPartOf\":{\"@id\":\"https:\/\/poudresdenarco.com\/#website\"},\"primaryImageOfPage\":{\"@id\":\"https:\/\/poudresdenarco.com\/produit\/3cmc\/#primaryimage\"},\"image\":{\"@id\":\"https:\/\/poudresdenarco.com\/produit\/3cmc\/#primaryimage\"},\"thumbnailUrl\":\"https:\/\/poudresdenarco.com\/wp-content\/uploads\/2024\/10\/3-cmc.gif\",\"datePublished\":\"2024-10-16T11:22:28+00:00\",\"dateModified\":\"2024-11-02T13:43:27+00:00\",\"description\":\"Fournisseur de 3-CMC pour applications scientifiques en laboratoire. Puret\u00e9 et s\u00e9curit\u00e9 garanties pour la recherche chez Poudres de Narco.\",\"breadcrumb\":{\"@id\":\"https:\/\/poudresdenarco.com\/produit\/3cmc\/#breadcrumb\"},\"inLanguage\":\"de\",\"potentialAction\":[{\"@type\":\"ReadAction\",\"target\":[\"https:\/\/poudresdenarco.com\/produit\/3cmc\/\"]}]},{\"@type\":\"ImageObject\",\"inLanguage\":\"de\",\"@id\":\"https:\/\/poudresdenarco.com\/produit\/3cmc\/#primaryimage\",\"url\":\"https:\/\/poudresdenarco.com\/wp-content\/uploads\/2024\/10\/3-cmc.gif\",\"contentUrl\":\"https:\/\/poudresdenarco.com\/wp-content\/uploads\/2024\/10\/3-cmc.gif\",\"width\":600,\"height\":600,\"caption\":\"3-cmc\"},{\"@type\":\"BreadcrumbList\",\"@id\":\"https:\/\/poudresdenarco.com\/produit\/3cmc\/#breadcrumb\",\"itemListElement\":[{\"@type\":\"ListItem\",\"position\":1,\"name\":\"Home\",\"item\":\"https:\/\/poudresdenarco.com\/\"},{\"@type\":\"ListItem\",\"position\":2,\"name\":\"Boutique\",\"item\":\"https:\/\/poudresdenarco.com\/boutique\/\"},{\"@type\":\"ListItem\",\"position\":3,\"name\":\"3cmc\"}]},{\"@type\":\"WebSite\",\"@id\":\"https:\/\/poudresdenarco.com\/#website\",\"url\":\"https:\/\/poudresdenarco.com\/\",\"name\":\"Poudresde Narco\",\"description\":\"Acheter de la coca\u00efne et de l&#039;h\u00e9ro\u00efne en ligne\",\"potentialAction\":[{\"@type\":\"SearchAction\",\"target\":{\"@type\":\"EntryPoint\",\"urlTemplate\":\"https:\/\/poudresdenarco.com\/?s={search_term_string}\"},\"query-input\":{\"@type\":\"PropertyValueSpecification\",\"valueRequired\":true,\"valueName\":\"search_term_string\"}}],\"inLanguage\":\"de\"}]}<\/script>\n<!-- \/ Yoast SEO plugin. -->","yoast_head_json":{"title":"Acheter 3-CMC de pour la Recherche | Poudres de Narco","description":"Fournisseur de 3-CMC pour applications scientifiques en laboratoire. Puret\u00e9 et s\u00e9curit\u00e9 garanties pour la recherche chez Poudres de Narco.","robots":{"index":"index","follow":"follow","max-snippet":"max-snippet:-1","max-image-preview":"max-image-preview:large","max-video-preview":"max-video-preview:-1"},"canonical":"https:\/\/poudresdenarco.com\/de\/produkt\/3cmc\/","og_locale":"de_DE","og_type":"article","og_title":"Acheter 3-CMC de pour la Recherche | Poudres de Narco","og_description":"Fournisseur de 3-CMC pour applications scientifiques en laboratoire. Puret\u00e9 et s\u00e9curit\u00e9 garanties pour la recherche chez Poudres de Narco.","og_url":"https:\/\/poudresdenarco.com\/de\/produkt\/3cmc\/","og_site_name":"Poudresde Narco","article_modified_time":"2024-11-02T13:43:27+00:00","og_image":[{"width":600,"height":600,"url":"https:\/\/poudresdenarco.com\/wp-content\/uploads\/2024\/10\/3-cmc.gif","type":"image\/gif"}],"twitter_card":"summary_large_image","twitter_misc":{"Gesch\u00e4tzte Lesezeit":"3 Minuten"},"schema":{"@context":"https:\/\/schema.org","@graph":[{"@type":"WebPage","@id":"https:\/\/poudresdenarco.com\/produit\/3cmc\/","url":"https:\/\/poudresdenarco.com\/produit\/3cmc\/","name":"Acheter 3-CMC de pour la Recherche | Poudres de Narco","isPartOf":{"@id":"https:\/\/poudresdenarco.com\/#website"},"primaryImageOfPage":{"@id":"https:\/\/poudresdenarco.com\/produit\/3cmc\/#primaryimage"},"image":{"@id":"https:\/\/poudresdenarco.com\/produit\/3cmc\/#primaryimage"},"thumbnailUrl":"https:\/\/poudresdenarco.com\/wp-content\/uploads\/2024\/10\/3-cmc.gif","datePublished":"2024-10-16T11:22:28+00:00","dateModified":"2024-11-02T13:43:27+00:00","description":"Fournisseur de 3-CMC pour applications scientifiques en laboratoire. Puret\u00e9 et s\u00e9curit\u00e9 garanties pour la recherche chez Poudres de Narco.","breadcrumb":{"@id":"https:\/\/poudresdenarco.com\/produit\/3cmc\/#breadcrumb"},"inLanguage":"de","potentialAction":[{"@type":"ReadAction","target":["https:\/\/poudresdenarco.com\/produit\/3cmc\/"]}]},{"@type":"ImageObject","inLanguage":"de","@id":"https:\/\/poudresdenarco.com\/produit\/3cmc\/#primaryimage","url":"https:\/\/poudresdenarco.com\/wp-content\/uploads\/2024\/10\/3-cmc.gif","contentUrl":"https:\/\/poudresdenarco.com\/wp-content\/uploads\/2024\/10\/3-cmc.gif","width":600,"height":600,"caption":"3-cmc"},{"@type":"BreadcrumbList","@id":"https:\/\/poudresdenarco.com\/produit\/3cmc\/#breadcrumb","itemListElement":[{"@type":"ListItem","position":1,"name":"Home","item":"https:\/\/poudresdenarco.com\/"},{"@type":"ListItem","position":2,"name":"Boutique","item":"https:\/\/poudresdenarco.com\/boutique\/"},{"@type":"ListItem","position":3,"name":"3cmc"}]},{"@type":"WebSite","@id":"https:\/\/poudresdenarco.com\/#website","url":"https:\/\/poudresdenarco.com\/","name":"Poudresde Narco","description":"Acheter de la coca\u00efne et de l&#039;h\u00e9ro\u00efne en ligne","potentialAction":[{"@type":"SearchAction","target":{"@type":"EntryPoint","urlTemplate":"https:\/\/poudresdenarco.com\/?s={search_term_string}"},"query-input":{"@type":"PropertyValueSpecification","valueRequired":true,"valueName":"search_term_string"}}],"inLanguage":"de"}]}},"_links":{"self":[{"href":"https:\/\/poudresdenarco.com\/de\/wp-json\/wp\/v2\/product\/4952","targetHints":{"allow":["GET"]}}],"collection":[{"href":"https:\/\/poudresdenarco.com\/de\/wp-json\/wp\/v2\/product"}],"about":[{"href":"https:\/\/poudresdenarco.com\/de\/wp-json\/wp\/v2\/types\/product"}],"replies":[{"embeddable":true,"href":"https:\/\/poudresdenarco.com\/de\/wp-json\/wp\/v2\/comments?post=4952"}],"wp:featuredmedia":[{"embeddable":true,"href":"https:\/\/poudresdenarco.com\/de\/wp-json\/wp\/v2\/media\/6171"}],"wp:attachment":[{"href":"https:\/\/poudresdenarco.com\/de\/wp-json\/wp\/v2\/media?parent=4952"}],"wp:term":[{"taxonomy":"product_cat","embeddable":true,"href":"https:\/\/poudresdenarco.com\/de\/wp-json\/wp\/v2\/product_cat?post=4952"},{"taxonomy":"product_tag","embeddable":true,"href":"https:\/\/poudresdenarco.com\/de\/wp-json\/wp\/v2\/product_tag?post=4952"}],"curies":[{"name":"wp","href":"https:\/\/api.w.org\/{rel}","templated":true}]}}