{"id":5067,"date":"2024-10-16T11:24:28","date_gmt":"2024-10-16T11:24:28","guid":{"rendered":"https:\/\/poudresdenarco.com\/?post_type=product&#038;p=5067"},"modified":"2024-11-03T11:11:56","modified_gmt":"2024-11-03T11:11:56","slug":"alprazolam","status":"publish","type":"product","link":"https:\/\/poudresdenarco.com\/de\/produkt\/alprazolam\/","title":{"rendered":"Alprazolam"},"content":{"rendered":"<h2><strong>Hochreines Alprazolam f\u00fcr die Forschung kaufen <a href=\"https:\/\/poudresdenarco.com\/de\/produkt\/alpha-pvp\/\">&#8211;<\/a> Narco-Pulver<\/strong><\/h2>\n<p><strong>Narco-Pulver<\/strong> ist Ihr zuverl\u00e4ssiger Lieferant f\u00fcr die<strong>Alprazolam Qualit\u00e4t Forschung<\/strong>Die Software ist ausschlie\u00dflich f\u00fcr den Einsatz in <strong>wissenschaftliche und analytische Anwendungen im Labor<\/strong>. Unser Alprazolam wird nach strengen Reinheits- und Qualit\u00e4tsstandards hergestellt, die konstante und zuverl\u00e4ssige Ergebnisse f\u00fcr Forscher in Pharmakologie und Chemie garantieren, Alprazolam kaufen<a href=\"https:\/\/cokebricks.com\/it\/\">.<\/a><\/p>\n<h3>Warum sollte man Alprazolam von Narco Powders kaufen?<\/h3>\n<p>Als <strong>Lieferant von Alprazolam f\u00fcr die Forschung<\/strong>, <strong>Narco-Pulver<\/strong> gew\u00e4hrleistet die Sicherheit und Qualit\u00e4t jeder einzelnen Charge, die wesentlich f\u00fcr <strong>Anwendungen in zertifizierten Laboren<\/strong> :<\/p>\n<ul>\n<li><strong>Hochreines Alprazolam f\u00fcr Laboratorien<\/strong> : Jede Charge wird streng getestet, um eine optimale Reinheit zu gew\u00e4hrleisten, die entscheidend ist f\u00fcr <strong>wissenschaftliche Anwendungen<\/strong> und Pr\u00e4zisionsstudien.<\/li>\n<li><strong>Konstante Qualit\u00e4t und Zuverl\u00e4ssigkeit<\/strong> : Unser Alprazolam ist f\u00fcr eine stabile Leistung formuliert, die den Anforderungen von <strong>fortgeschrittene pharmakologische Forschung<\/strong>.<\/li>\n<li><strong>Sichere Online-Bestellung<\/strong> : <strong>Narco-Pulver<\/strong> erleichtert die<strong>Kauf von Alprazolam online<\/strong> mit einem sicheren Verfahren, das den Anforderungen von Forschungsexperten entspricht.<\/li>\n<\/ul>\n<h3>Anwendungen und Sicherheitshinweise<\/h3>\n<p>L'<strong>Alprazolam Qualit\u00e4t Forschung<\/strong> von <strong>Narco-Pulver<\/strong> richtet sich an <strong>analytische Anwendungen und wissenschaftliche Studien<\/strong>. Wir stellen Sicherheitshinweise f\u00fcr eine optimale und bestimmungsgem\u00e4\u00dfe Nutzung zur Verf\u00fcgung :<\/p>\n<ul>\n<li><strong>Sichere Aufbewahrung<\/strong> : Bewahren Sie Alprazolam an einem k\u00fchlen, trockenen und lichtgesch\u00fctzten Ort auf, um seine Qualit\u00e4t zu gew\u00e4hrleisten.<\/li>\n<li><strong>Handhabung mit Vorsichtsma\u00dfnahmen<\/strong> : Verwenden Sie pers\u00f6nliche Schutzausr\u00fcstung (PSA) und arbeiten Sie in einer gut bel\u00fcfteten Umgebung, um die Sicherheit zu gew\u00e4hrleisten.<\/li>\n<li><strong>Streng auf die Forschung beschr\u00e4nkte Nutzung<\/strong> : Dieses Produkt ist ausschlie\u00dflich f\u00fcr zertifizierte Labore und qualifizierte Forscher f\u00fcr <strong>fortgeschrittene wissenschaftliche Studien<\/strong>.<\/li>\n<\/ul>\n<h3>Bestellen Sie hochreines Alprazolam f\u00fcr Ihre wissenschaftlichen Studien<\/h3>\n<p>Mit <strong>Narco-Pulver<\/strong>Sie haben Zugang zu einem <strong>zuverl\u00e4ssige Versorgung mit Alprazolam f\u00fcr Laboranwendungen<\/strong>. Unsere Qualit\u00e4ts- und Sicherheitsstandards machen <strong>Narco-Pulver<\/strong> die vertrauensw\u00fcrdige Wahl f\u00fcr Forschungsprofis. <strong>Kontaktieren Sie uns<\/strong> f\u00fcr ein Angebot oder um mehr \u00fcber unser Angebot an hochreinen Produkten f\u00fcr wissenschaftliche Anwendungen zu erfahren.<\/p>","protected":false},"excerpt":{"rendered":"<p>Acheter de l&rsquo;Alprazolam de Haute Puret\u00e9 pour la Recherche &#8211; Poudres de Narco Poudres de Narco est votre fournisseur fiable pour l&rsquo;Alprazolam de qualit\u00e9 recherche, con\u00e7u exclusivement pour des applications scientifiques et analytiques en laboratoire. Notre Alprazolam est produit selon des normes strictes de puret\u00e9 et de qualit\u00e9, garantissant des r\u00e9sultats constants et fiables pour&hellip;<\/p>","protected":false},"featured_media":5073,"comment_status":"open","ping_status":"closed","template":"","meta":{"_joinchat":[]},"product_cat":[558],"product_tag":[],"class_list":{"0":"post-5067","1":"product","2":"type-product","3":"status-publish","4":"has-post-thumbnail","6":"product_cat-chimiques-de-recherche","8":"first","9":"instock","10":"shipping-taxable","11":"purchasable","12":"product-type-variable","13":"col-xs-6 col-sm-4","14":"col-md-3 col-lg-3","15":"un-4-cols"},"yoast_head":"<!-- This site is optimized with the Yoast SEO plugin v23.8 - https:\/\/yoast.com\/wordpress\/plugins\/seo\/ -->\n<title>Acheter de la poudre d&#039;alprazolam en ligne - Poudre d&#039;alprazolam<\/title>\n<meta name=\"description\" content=\"Poudres de Narco, fournisseur d&#039;Alprazolam pour applications scientifiques en laboratoire. Puret\u00e9 et s\u00e9curit\u00e9 garanties pour recherches avanc\u00e9es. Acheter de l&#039;alprazolam\" \/>\n<meta name=\"robots\" content=\"index, follow, max-snippet:-1, max-image-preview:large, max-video-preview:-1\" \/>\n<link rel=\"canonical\" href=\"https:\/\/poudresdenarco.com\/de\/produkt\/alprazolam\/\" \/>\n<meta property=\"og:locale\" content=\"de_DE\" \/>\n<meta property=\"og:type\" content=\"article\" \/>\n<meta property=\"og:title\" content=\"Acheter de la poudre d&#039;alprazolam en ligne - Poudre d&#039;alprazolam\" \/>\n<meta property=\"og:description\" content=\"Poudres de Narco, fournisseur d&#039;Alprazolam pour applications scientifiques en laboratoire. Puret\u00e9 et s\u00e9curit\u00e9 garanties pour recherches avanc\u00e9es. Acheter de l&#039;alprazolam\" \/>\n<meta property=\"og:url\" content=\"https:\/\/poudresdenarco.com\/de\/produkt\/alprazolam\/\" \/>\n<meta property=\"og:site_name\" content=\"Poudresde Narco\" \/>\n<meta property=\"article:modified_time\" content=\"2024-11-03T11:11:56+00:00\" \/>\n<meta property=\"og:image\" content=\"https:\/\/poudresdenarco.com\/wp-content\/uploads\/2024\/10\/alprazolam.gif\" \/>\n\t<meta property=\"og:image:width\" content=\"600\" \/>\n\t<meta property=\"og:image:height\" content=\"600\" \/>\n\t<meta property=\"og:image:type\" content=\"image\/gif\" \/>\n<meta name=\"twitter:card\" content=\"summary_large_image\" \/>\n<meta name=\"twitter:label1\" content=\"Gesch\u00e4tzte Lesezeit\" \/>\n\t<meta name=\"twitter:data1\" content=\"2 Minuten\" \/>\n<script type=\"application\/ld+json\" class=\"yoast-schema-graph\">{\"@context\":\"https:\/\/schema.org\",\"@graph\":[{\"@type\":\"WebPage\",\"@id\":\"https:\/\/poudresdenarco.com\/produit\/alprazolam\/\",\"url\":\"https:\/\/poudresdenarco.com\/produit\/alprazolam\/\",\"name\":\"Acheter de la poudre d'alprazolam en ligne - Poudre d'alprazolam\",\"isPartOf\":{\"@id\":\"https:\/\/poudresdenarco.com\/#website\"},\"primaryImageOfPage\":{\"@id\":\"https:\/\/poudresdenarco.com\/produit\/alprazolam\/#primaryimage\"},\"image\":{\"@id\":\"https:\/\/poudresdenarco.com\/produit\/alprazolam\/#primaryimage\"},\"thumbnailUrl\":\"https:\/\/poudresdenarco.com\/wp-content\/uploads\/2024\/10\/alprazolam.gif\",\"datePublished\":\"2024-10-16T11:24:28+00:00\",\"dateModified\":\"2024-11-03T11:11:56+00:00\",\"description\":\"Poudres de Narco, fournisseur d'Alprazolam pour applications scientifiques en laboratoire. Puret\u00e9 et s\u00e9curit\u00e9 garanties pour recherches avanc\u00e9es. Acheter de l'alprazolam\",\"breadcrumb\":{\"@id\":\"https:\/\/poudresdenarco.com\/produit\/alprazolam\/#breadcrumb\"},\"inLanguage\":\"de\",\"potentialAction\":[{\"@type\":\"ReadAction\",\"target\":[\"https:\/\/poudresdenarco.com\/produit\/alprazolam\/\"]}]},{\"@type\":\"ImageObject\",\"inLanguage\":\"de\",\"@id\":\"https:\/\/poudresdenarco.com\/produit\/alprazolam\/#primaryimage\",\"url\":\"https:\/\/poudresdenarco.com\/wp-content\/uploads\/2024\/10\/alprazolam.gif\",\"contentUrl\":\"https:\/\/poudresdenarco.com\/wp-content\/uploads\/2024\/10\/alprazolam.gif\",\"width\":600,\"height\":600},{\"@type\":\"BreadcrumbList\",\"@id\":\"https:\/\/poudresdenarco.com\/produit\/alprazolam\/#breadcrumb\",\"itemListElement\":[{\"@type\":\"ListItem\",\"position\":1,\"name\":\"Home\",\"item\":\"https:\/\/poudresdenarco.com\/\"},{\"@type\":\"ListItem\",\"position\":2,\"name\":\"Boutique\",\"item\":\"https:\/\/poudresdenarco.com\/boutique\/\"},{\"@type\":\"ListItem\",\"position\":3,\"name\":\"Alprazolam\"}]},{\"@type\":\"WebSite\",\"@id\":\"https:\/\/poudresdenarco.com\/#website\",\"url\":\"https:\/\/poudresdenarco.com\/\",\"name\":\"Poudresde Narco\",\"description\":\"Acheter de la coca\u00efne et de l&#039;h\u00e9ro\u00efne en ligne\",\"potentialAction\":[{\"@type\":\"SearchAction\",\"target\":{\"@type\":\"EntryPoint\",\"urlTemplate\":\"https:\/\/poudresdenarco.com\/?s={search_term_string}\"},\"query-input\":{\"@type\":\"PropertyValueSpecification\",\"valueRequired\":true,\"valueName\":\"search_term_string\"}}],\"inLanguage\":\"de\"}]}<\/script>\n<!-- \/ Yoast SEO plugin. -->","yoast_head_json":{"title":"Acheter de la poudre d'alprazolam en ligne - Poudre d'alprazolam","description":"Poudres de Narco, fournisseur d'Alprazolam pour applications scientifiques en laboratoire. Puret\u00e9 et s\u00e9curit\u00e9 garanties pour recherches avanc\u00e9es. Acheter de l'alprazolam","robots":{"index":"index","follow":"follow","max-snippet":"max-snippet:-1","max-image-preview":"max-image-preview:large","max-video-preview":"max-video-preview:-1"},"canonical":"https:\/\/poudresdenarco.com\/de\/produkt\/alprazolam\/","og_locale":"de_DE","og_type":"article","og_title":"Acheter de la poudre d'alprazolam en ligne - Poudre d'alprazolam","og_description":"Poudres de Narco, fournisseur d'Alprazolam pour applications scientifiques en laboratoire. Puret\u00e9 et s\u00e9curit\u00e9 garanties pour recherches avanc\u00e9es. Acheter de l'alprazolam","og_url":"https:\/\/poudresdenarco.com\/de\/produkt\/alprazolam\/","og_site_name":"Poudresde Narco","article_modified_time":"2024-11-03T11:11:56+00:00","og_image":[{"width":600,"height":600,"url":"https:\/\/poudresdenarco.com\/wp-content\/uploads\/2024\/10\/alprazolam.gif","type":"image\/gif"}],"twitter_card":"summary_large_image","twitter_misc":{"Gesch\u00e4tzte Lesezeit":"2 Minuten"},"schema":{"@context":"https:\/\/schema.org","@graph":[{"@type":"WebPage","@id":"https:\/\/poudresdenarco.com\/produit\/alprazolam\/","url":"https:\/\/poudresdenarco.com\/produit\/alprazolam\/","name":"Acheter de la poudre d'alprazolam en ligne - Poudre d'alprazolam","isPartOf":{"@id":"https:\/\/poudresdenarco.com\/#website"},"primaryImageOfPage":{"@id":"https:\/\/poudresdenarco.com\/produit\/alprazolam\/#primaryimage"},"image":{"@id":"https:\/\/poudresdenarco.com\/produit\/alprazolam\/#primaryimage"},"thumbnailUrl":"https:\/\/poudresdenarco.com\/wp-content\/uploads\/2024\/10\/alprazolam.gif","datePublished":"2024-10-16T11:24:28+00:00","dateModified":"2024-11-03T11:11:56+00:00","description":"Poudres de Narco, fournisseur d'Alprazolam pour applications scientifiques en laboratoire. Puret\u00e9 et s\u00e9curit\u00e9 garanties pour recherches avanc\u00e9es. Acheter de l'alprazolam","breadcrumb":{"@id":"https:\/\/poudresdenarco.com\/produit\/alprazolam\/#breadcrumb"},"inLanguage":"de","potentialAction":[{"@type":"ReadAction","target":["https:\/\/poudresdenarco.com\/produit\/alprazolam\/"]}]},{"@type":"ImageObject","inLanguage":"de","@id":"https:\/\/poudresdenarco.com\/produit\/alprazolam\/#primaryimage","url":"https:\/\/poudresdenarco.com\/wp-content\/uploads\/2024\/10\/alprazolam.gif","contentUrl":"https:\/\/poudresdenarco.com\/wp-content\/uploads\/2024\/10\/alprazolam.gif","width":600,"height":600},{"@type":"BreadcrumbList","@id":"https:\/\/poudresdenarco.com\/produit\/alprazolam\/#breadcrumb","itemListElement":[{"@type":"ListItem","position":1,"name":"Home","item":"https:\/\/poudresdenarco.com\/"},{"@type":"ListItem","position":2,"name":"Boutique","item":"https:\/\/poudresdenarco.com\/boutique\/"},{"@type":"ListItem","position":3,"name":"Alprazolam"}]},{"@type":"WebSite","@id":"https:\/\/poudresdenarco.com\/#website","url":"https:\/\/poudresdenarco.com\/","name":"Poudresde Narco","description":"Acheter de la coca\u00efne et de l&#039;h\u00e9ro\u00efne en ligne","potentialAction":[{"@type":"SearchAction","target":{"@type":"EntryPoint","urlTemplate":"https:\/\/poudresdenarco.com\/?s={search_term_string}"},"query-input":{"@type":"PropertyValueSpecification","valueRequired":true,"valueName":"search_term_string"}}],"inLanguage":"de"}]}},"_links":{"self":[{"href":"https:\/\/poudresdenarco.com\/de\/wp-json\/wp\/v2\/product\/5067","targetHints":{"allow":["GET"]}}],"collection":[{"href":"https:\/\/poudresdenarco.com\/de\/wp-json\/wp\/v2\/product"}],"about":[{"href":"https:\/\/poudresdenarco.com\/de\/wp-json\/wp\/v2\/types\/product"}],"replies":[{"embeddable":true,"href":"https:\/\/poudresdenarco.com\/de\/wp-json\/wp\/v2\/comments?post=5067"}],"wp:featuredmedia":[{"embeddable":true,"href":"https:\/\/poudresdenarco.com\/de\/wp-json\/wp\/v2\/media\/5073"}],"wp:attachment":[{"href":"https:\/\/poudresdenarco.com\/de\/wp-json\/wp\/v2\/media?parent=5067"}],"wp:term":[{"taxonomy":"product_cat","embeddable":true,"href":"https:\/\/poudresdenarco.com\/de\/wp-json\/wp\/v2\/product_cat?post=5067"},{"taxonomy":"product_tag","embeddable":true,"href":"https:\/\/poudresdenarco.com\/de\/wp-json\/wp\/v2\/product_tag?post=5067"}],"curies":[{"name":"wp","href":"https:\/\/api.w.org\/{rel}","templated":true}]}}