{"id":5194,"date":"2024-10-16T11:25:36","date_gmt":"2024-10-16T11:25:36","guid":{"rendered":"https:\/\/poudresdenarco.com\/?post_type=product&#038;p=5194"},"modified":"2024-11-04T08:07:07","modified_gmt":"2024-11-04T08:07:07","slug":"lisotonitazene","status":"publish","type":"product","link":"https:\/\/poudresdenarco.com\/de\/produkt\/lisotonitazene\/","title":{"rendered":"Isotonitazen"},"content":{"rendered":"<h2><strong>Hochreines Isotonitazen f\u00fcr die Forschung kaufen <a href=\"https:\/\/cokebricks.com\/de\/produkt\/5f-mdemb-2201\/\">&#8211;<\/a> Narco-Pulver<\/strong><\/h2>\n<p><strong>Narco-Pulver<\/strong> ist Ihre Vertrauensquelle f\u00fcr die<strong>Isotonitazen in Forschungsqualit\u00e4t<\/strong>Die Software ist ausschlie\u00dflich f\u00fcr den Einsatz in <strong>wissenschaftliche Anwendungen im Labor<\/strong>. Unser Isotonitazen wird nach strengen Reinheits- und Qualit\u00e4tsstandards hergestellt und bietet zuverl\u00e4ssige Ergebnisse f\u00fcr Forscher in der Chemie und Pharmakologie Isotonitazen zum Verkauf<a href=\"https:\/\/poudresdenarco.com\/de\/produkt\/4f-pv8\/\">.<\/a><\/p>\n<h3>Warum Isotonitazen aus Narco Powders w\u00e4hlen?<\/h3>\n<p>Als <strong>Lieferant von Isotonitazen f\u00fcr die Forschung<\/strong>, <strong>Narco-Pulver<\/strong> garantiert Produkte, die den Anforderungen der <strong>zertifizierte Labore<\/strong> :<\/p>\n<ul>\n<li><strong>Hochreines Isotonitazen f\u00fcr Laboratorien<\/strong> : Jede Charge wird streng getestet, um eine optimale Reinheit zu gew\u00e4hrleisten, die entscheidend ist f\u00fcr <strong>wissenschaftliche Pr\u00e4zisionsanwendungen<\/strong>.<\/li>\n<li><strong>Konstante und zuverl\u00e4ssige Qualit\u00e4t<\/strong> : Unser Isotonitazen ist f\u00fcr eine stabile und zuverl\u00e4ssige Leistung formuliert, geeignet f\u00fcr <strong>analytische Studien im Labor<\/strong>.<\/li>\n<li><strong>Sichere Online-Bestellung<\/strong> : <strong>Narco-Pulver<\/strong> erleichtert die<strong>Kauf von Isotonitazen online<\/strong>Sie k\u00f6nnen das Buch mit einem sicheren Bestellvorgang bestellen, der auf die Bed\u00fcrfnisse von Forschern zugeschnitten ist.<\/li>\n<\/ul>\n<h3>Anwendungen und Sicherheitshinweise<\/h3>\n<p>L'<strong>Isotonitazen zur Suche<\/strong> von <strong>Narco-Pulver<\/strong> richtet sich speziell an <strong>analytische Anwendungen und wissenschaftliche Studien<\/strong>. Wir stellen Sicherheitshinweise zur Verf\u00fcgung, um einen bestimmungsgem\u00e4\u00dfen und sicheren Gebrauch zu gew\u00e4hrleisten :<\/p>\n<ul>\n<li><strong>Sichere Aufbewahrung<\/strong> : Bewahren Sie Isotonitazen an einem k\u00fchlen, trockenen und lichtgesch\u00fctzten Ort auf, um seine Qualit\u00e4t zu erhalten.<\/li>\n<li><strong>Handhabung mit Vorsichtsma\u00dfnahmen<\/strong> : Verwenden Sie pers\u00f6nliche Schutzausr\u00fcstung (PSA) und arbeiten Sie in einer gut bel\u00fcfteten Umgebung.<\/li>\n<li><strong>Streng auf die Forschung beschr\u00e4nkte Nutzung<\/strong> : Dieses Produkt ist ausschlie\u00dflich f\u00fcr qualifizierte Forscher und zertifizierte Labore bestimmt.<\/li>\n<\/ul>\n<h3>Bestellen Sie hochreines Isotonitazen f\u00fcr Ihre wissenschaftlichen Studien<\/h3>\n<p>Mit <strong>Narco-Pulver<\/strong>profitieren Sie von einem <strong>zuverl\u00e4ssige Versorgung mit Isotonitazen f\u00fcr Laboranwendungen<\/strong>. Unsere Qualit\u00e4ts- und Sicherheitsstandards machen <strong>Narco-Pulver<\/strong> die vertrauensw\u00fcrdige Wahl f\u00fcr Forschungsprofis. <strong>Kontaktieren Sie uns<\/strong> um ein Angebot zu erhalten oder um mehr \u00fcber unser Sortiment an hochreinen Produkten f\u00fcr die wissenschaftliche Forschung zu erfahren Isotonitazen zum Verkauf.<\/p>","protected":false},"excerpt":{"rendered":"<p>Acheter de l&rsquo;Isotonitaz\u00e8ne de Haute Puret\u00e9 pour la Recherche &#8211; Poudres de Narco Poudres de Narco est votre source de confiance pour l&rsquo;Isotonitaz\u00e8ne de qualit\u00e9 recherche, con\u00e7u exclusivement pour des applications scientifiques en laboratoire. Notre Isotonitaz\u00e8ne est produit selon des normes rigoureuses de puret\u00e9 et de qualit\u00e9, offrant des r\u00e9sultats fiables pour les chercheurs en&hellip;<\/p>","protected":false},"featured_media":5212,"comment_status":"open","ping_status":"closed","template":"","meta":{"_joinchat":[]},"product_cat":[558],"product_tag":[],"class_list":{"0":"post-5194","1":"product","2":"type-product","3":"status-publish","4":"has-post-thumbnail","6":"product_cat-chimiques-de-recherche","8":"first","9":"instock","10":"shipping-taxable","11":"purchasable","12":"product-type-variable","13":"col-xs-6 col-sm-4","14":"col-md-3 col-lg-3","15":"un-4-cols"},"yoast_head":"<!-- This site is optimized with the Yoast SEO plugin v23.8 - https:\/\/yoast.com\/wordpress\/plugins\/seo\/ -->\n<title>Isotonitaz\u00e8ne \u00e0 vendre - Achetez de l&#039;isotonitaz\u00e8ne en ligne<\/title>\n<meta name=\"description\" content=\"Vous recherchez une source fiable pour acheter de la poudre d&#039;isotonitaz\u00e8ne en ligne ? Votre recherche s&#039;arr\u00eate ici. Commandez de la poudre d&#039;isotonitaz\u00e8ne en ligne dans notre magasin de confiance et profitez d&#039;un processus d&#039;achat transparent adapt\u00e9 \u00e0 vos besoins de recherche. Isotonitaz\u00e8ne \u00e0 vendre\" \/>\n<meta name=\"robots\" content=\"index, follow, max-snippet:-1, max-image-preview:large, max-video-preview:-1\" \/>\n<link rel=\"canonical\" href=\"https:\/\/poudresdenarco.com\/de\/produkt\/lisotonitazene\/\" \/>\n<meta property=\"og:locale\" content=\"de_DE\" \/>\n<meta property=\"og:type\" content=\"article\" \/>\n<meta property=\"og:title\" content=\"Isotonitaz\u00e8ne \u00e0 vendre - Achetez de l&#039;isotonitaz\u00e8ne en ligne\" \/>\n<meta property=\"og:description\" content=\"Vous recherchez une source fiable pour acheter de la poudre d&#039;isotonitaz\u00e8ne en ligne ? Votre recherche s&#039;arr\u00eate ici. Commandez de la poudre d&#039;isotonitaz\u00e8ne en ligne dans notre magasin de confiance et profitez d&#039;un processus d&#039;achat transparent adapt\u00e9 \u00e0 vos besoins de recherche. Isotonitaz\u00e8ne \u00e0 vendre\" \/>\n<meta property=\"og:url\" content=\"https:\/\/poudresdenarco.com\/de\/produkt\/lisotonitazene\/\" \/>\n<meta property=\"og:site_name\" content=\"Poudresde Narco\" \/>\n<meta property=\"article:modified_time\" content=\"2024-11-04T08:07:07+00:00\" \/>\n<meta property=\"og:image\" content=\"https:\/\/poudresdenarco.com\/wp-content\/uploads\/2024\/10\/Asotonitazene.gif\" \/>\n\t<meta property=\"og:image:width\" content=\"600\" \/>\n\t<meta property=\"og:image:height\" content=\"600\" \/>\n\t<meta property=\"og:image:type\" content=\"image\/gif\" \/>\n<meta name=\"twitter:card\" content=\"summary_large_image\" \/>\n<meta name=\"twitter:label1\" content=\"Gesch\u00e4tzte Lesezeit\" \/>\n\t<meta name=\"twitter:data1\" content=\"2 Minuten\" \/>\n<script type=\"application\/ld+json\" class=\"yoast-schema-graph\">{\"@context\":\"https:\/\/schema.org\",\"@graph\":[{\"@type\":\"WebPage\",\"@id\":\"https:\/\/poudresdenarco.com\/produit\/lisotonitazene\/\",\"url\":\"https:\/\/poudresdenarco.com\/produit\/lisotonitazene\/\",\"name\":\"Isotonitaz\u00e8ne \u00e0 vendre - Achetez de l'isotonitaz\u00e8ne en ligne\",\"isPartOf\":{\"@id\":\"https:\/\/poudresdenarco.com\/#website\"},\"primaryImageOfPage\":{\"@id\":\"https:\/\/poudresdenarco.com\/produit\/lisotonitazene\/#primaryimage\"},\"image\":{\"@id\":\"https:\/\/poudresdenarco.com\/produit\/lisotonitazene\/#primaryimage\"},\"thumbnailUrl\":\"https:\/\/poudresdenarco.com\/wp-content\/uploads\/2024\/10\/Asotonitazene.gif\",\"datePublished\":\"2024-10-16T11:25:36+00:00\",\"dateModified\":\"2024-11-04T08:07:07+00:00\",\"description\":\"Vous recherchez une source fiable pour acheter de la poudre d'isotonitaz\u00e8ne en ligne ? Votre recherche s'arr\u00eate ici. Commandez de la poudre d'isotonitaz\u00e8ne en ligne dans notre magasin de confiance et profitez d'un processus d'achat transparent adapt\u00e9 \u00e0 vos besoins de recherche. Isotonitaz\u00e8ne \u00e0 vendre\",\"breadcrumb\":{\"@id\":\"https:\/\/poudresdenarco.com\/produit\/lisotonitazene\/#breadcrumb\"},\"inLanguage\":\"de\",\"potentialAction\":[{\"@type\":\"ReadAction\",\"target\":[\"https:\/\/poudresdenarco.com\/produit\/lisotonitazene\/\"]}]},{\"@type\":\"ImageObject\",\"inLanguage\":\"de\",\"@id\":\"https:\/\/poudresdenarco.com\/produit\/lisotonitazene\/#primaryimage\",\"url\":\"https:\/\/poudresdenarco.com\/wp-content\/uploads\/2024\/10\/Asotonitazene.gif\",\"contentUrl\":\"https:\/\/poudresdenarco.com\/wp-content\/uploads\/2024\/10\/Asotonitazene.gif\",\"width\":600,\"height\":600},{\"@type\":\"BreadcrumbList\",\"@id\":\"https:\/\/poudresdenarco.com\/produit\/lisotonitazene\/#breadcrumb\",\"itemListElement\":[{\"@type\":\"ListItem\",\"position\":1,\"name\":\"Home\",\"item\":\"https:\/\/poudresdenarco.com\/\"},{\"@type\":\"ListItem\",\"position\":2,\"name\":\"Boutique\",\"item\":\"https:\/\/poudresdenarco.com\/boutique\/\"},{\"@type\":\"ListItem\",\"position\":3,\"name\":\"l&#8217;isotonitaz\u00e8ne\"}]},{\"@type\":\"WebSite\",\"@id\":\"https:\/\/poudresdenarco.com\/#website\",\"url\":\"https:\/\/poudresdenarco.com\/\",\"name\":\"Poudresde Narco\",\"description\":\"Acheter de la coca\u00efne et de l&#039;h\u00e9ro\u00efne en ligne\",\"potentialAction\":[{\"@type\":\"SearchAction\",\"target\":{\"@type\":\"EntryPoint\",\"urlTemplate\":\"https:\/\/poudresdenarco.com\/?s={search_term_string}\"},\"query-input\":{\"@type\":\"PropertyValueSpecification\",\"valueRequired\":true,\"valueName\":\"search_term_string\"}}],\"inLanguage\":\"de\"}]}<\/script>\n<!-- \/ Yoast SEO plugin. -->","yoast_head_json":{"title":"Isotonitaz\u00e8ne \u00e0 vendre - Achetez de l'isotonitaz\u00e8ne en ligne","description":"Vous recherchez une source fiable pour acheter de la poudre d'isotonitaz\u00e8ne en ligne ? Votre recherche s'arr\u00eate ici. Commandez de la poudre d'isotonitaz\u00e8ne en ligne dans notre magasin de confiance et profitez d'un processus d'achat transparent adapt\u00e9 \u00e0 vos besoins de recherche. Isotonitaz\u00e8ne \u00e0 vendre","robots":{"index":"index","follow":"follow","max-snippet":"max-snippet:-1","max-image-preview":"max-image-preview:large","max-video-preview":"max-video-preview:-1"},"canonical":"https:\/\/poudresdenarco.com\/de\/produkt\/lisotonitazene\/","og_locale":"de_DE","og_type":"article","og_title":"Isotonitaz\u00e8ne \u00e0 vendre - Achetez de l'isotonitaz\u00e8ne en ligne","og_description":"Vous recherchez une source fiable pour acheter de la poudre d'isotonitaz\u00e8ne en ligne ? Votre recherche s'arr\u00eate ici. Commandez de la poudre d'isotonitaz\u00e8ne en ligne dans notre magasin de confiance et profitez d'un processus d'achat transparent adapt\u00e9 \u00e0 vos besoins de recherche. Isotonitaz\u00e8ne \u00e0 vendre","og_url":"https:\/\/poudresdenarco.com\/de\/produkt\/lisotonitazene\/","og_site_name":"Poudresde Narco","article_modified_time":"2024-11-04T08:07:07+00:00","og_image":[{"width":600,"height":600,"url":"https:\/\/poudresdenarco.com\/wp-content\/uploads\/2024\/10\/Asotonitazene.gif","type":"image\/gif"}],"twitter_card":"summary_large_image","twitter_misc":{"Gesch\u00e4tzte Lesezeit":"2 Minuten"},"schema":{"@context":"https:\/\/schema.org","@graph":[{"@type":"WebPage","@id":"https:\/\/poudresdenarco.com\/produit\/lisotonitazene\/","url":"https:\/\/poudresdenarco.com\/produit\/lisotonitazene\/","name":"Isotonitaz\u00e8ne \u00e0 vendre - Achetez de l'isotonitaz\u00e8ne en ligne","isPartOf":{"@id":"https:\/\/poudresdenarco.com\/#website"},"primaryImageOfPage":{"@id":"https:\/\/poudresdenarco.com\/produit\/lisotonitazene\/#primaryimage"},"image":{"@id":"https:\/\/poudresdenarco.com\/produit\/lisotonitazene\/#primaryimage"},"thumbnailUrl":"https:\/\/poudresdenarco.com\/wp-content\/uploads\/2024\/10\/Asotonitazene.gif","datePublished":"2024-10-16T11:25:36+00:00","dateModified":"2024-11-04T08:07:07+00:00","description":"Vous recherchez une source fiable pour acheter de la poudre d'isotonitaz\u00e8ne en ligne ? Votre recherche s'arr\u00eate ici. Commandez de la poudre d'isotonitaz\u00e8ne en ligne dans notre magasin de confiance et profitez d'un processus d'achat transparent adapt\u00e9 \u00e0 vos besoins de recherche. Isotonitaz\u00e8ne \u00e0 vendre","breadcrumb":{"@id":"https:\/\/poudresdenarco.com\/produit\/lisotonitazene\/#breadcrumb"},"inLanguage":"de","potentialAction":[{"@type":"ReadAction","target":["https:\/\/poudresdenarco.com\/produit\/lisotonitazene\/"]}]},{"@type":"ImageObject","inLanguage":"de","@id":"https:\/\/poudresdenarco.com\/produit\/lisotonitazene\/#primaryimage","url":"https:\/\/poudresdenarco.com\/wp-content\/uploads\/2024\/10\/Asotonitazene.gif","contentUrl":"https:\/\/poudresdenarco.com\/wp-content\/uploads\/2024\/10\/Asotonitazene.gif","width":600,"height":600},{"@type":"BreadcrumbList","@id":"https:\/\/poudresdenarco.com\/produit\/lisotonitazene\/#breadcrumb","itemListElement":[{"@type":"ListItem","position":1,"name":"Home","item":"https:\/\/poudresdenarco.com\/"},{"@type":"ListItem","position":2,"name":"Boutique","item":"https:\/\/poudresdenarco.com\/boutique\/"},{"@type":"ListItem","position":3,"name":"l&#8217;isotonitaz\u00e8ne"}]},{"@type":"WebSite","@id":"https:\/\/poudresdenarco.com\/#website","url":"https:\/\/poudresdenarco.com\/","name":"Poudresde Narco","description":"Acheter de la coca\u00efne et de l&#039;h\u00e9ro\u00efne en ligne","potentialAction":[{"@type":"SearchAction","target":{"@type":"EntryPoint","urlTemplate":"https:\/\/poudresdenarco.com\/?s={search_term_string}"},"query-input":{"@type":"PropertyValueSpecification","valueRequired":true,"valueName":"search_term_string"}}],"inLanguage":"de"}]}},"_links":{"self":[{"href":"https:\/\/poudresdenarco.com\/de\/wp-json\/wp\/v2\/product\/5194","targetHints":{"allow":["GET"]}}],"collection":[{"href":"https:\/\/poudresdenarco.com\/de\/wp-json\/wp\/v2\/product"}],"about":[{"href":"https:\/\/poudresdenarco.com\/de\/wp-json\/wp\/v2\/types\/product"}],"replies":[{"embeddable":true,"href":"https:\/\/poudresdenarco.com\/de\/wp-json\/wp\/v2\/comments?post=5194"}],"wp:featuredmedia":[{"embeddable":true,"href":"https:\/\/poudresdenarco.com\/de\/wp-json\/wp\/v2\/media\/5212"}],"wp:attachment":[{"href":"https:\/\/poudresdenarco.com\/de\/wp-json\/wp\/v2\/media?parent=5194"}],"wp:term":[{"taxonomy":"product_cat","embeddable":true,"href":"https:\/\/poudresdenarco.com\/de\/wp-json\/wp\/v2\/product_cat?post=5194"},{"taxonomy":"product_tag","embeddable":true,"href":"https:\/\/poudresdenarco.com\/de\/wp-json\/wp\/v2\/product_tag?post=5194"}],"curies":[{"name":"wp","href":"https:\/\/api.w.org\/{rel}","templated":true}]}}