{"id":5424,"date":"2024-10-16T11:27:22","date_gmt":"2024-10-16T11:27:22","guid":{"rendered":"https:\/\/poudresdenarco.com\/?post_type=product&#038;p=5424"},"modified":"2025-06-09T12:31:25","modified_gmt":"2025-06-09T12:31:25","slug":"lethylphenidate","status":"publish","type":"product","link":"https:\/\/poudresdenarco.com\/de\/produkt\/lethylphenidat\/","title":{"rendered":"Ethylphenidat"},"content":{"rendered":"<h2><strong>Hochreines Ethylphenidat f\u00fcr die Forschung kaufen - Narco-Pulver<\/strong><!--more--><\/h2>\n<p><strong>Narco-Pulver<\/strong> ist Ihre Vertrauensquelle f\u00fcr die<strong>Ethylphenidat in Forschungsqualit\u00e4t<\/strong>Die Software ist ausschlie\u00dflich f\u00fcr den Einsatz in <strong>wissenschaftliche Anwendungen im Labor<\/strong>. Unser Ethylphenidat wird nach strengen Reinheits- und Qualit\u00e4tsstandards hergestellt und bietet zuverl\u00e4ssige Ergebnisse f\u00fcr Forscher in der Chemie und Pharmakologie Ethylphenidat kaufen<a href=\"https:\/\/cokebricks.com\/de\/produkt\/5f-mdemb-2201\/\">.<\/a><\/p>\n<h3>Warum Ethylphenidat von Narco Powders w\u00e4hlen?<\/h3>\n<p>Als <strong>Lieferant von Ethylphenidat zu Forschungszwecken<\/strong>, <strong>Narco-Pulver<\/strong> garantiert qualitativ hochwertige Produkte, die den Anforderungen der <strong>zertifizierte Labore<\/strong> <a href=\"https:\/\/poudresdenarco.com\/de\/produkt\/3cl\/\">:<\/a><\/p>\n<ul>\n<li><strong>Hochreines Ethylphenidat f\u00fcr Laboratorien<\/strong> : Jede Charge wird streng getestet, um eine optimale Reinheit zu gew\u00e4hrleisten, die entscheidend ist f\u00fcr <strong>wissenschaftliche Pr\u00e4zisionsanwendungen<\/strong>.<\/li>\n<li><strong>Konstante und zuverl\u00e4ssige Qualit\u00e4t<\/strong> Unser Ethylphenidat ist f\u00fcr eine stabile und zuverl\u00e4ssige Leistung formuliert, die auf die <strong>analytische Studien im Labor<\/strong>.<\/li>\n<li><strong>Sichere Online-Bestellung<\/strong> : <strong>Narco-Pulver<\/strong> schl\u00e4gt ein vereinfachtes Verfahren f\u00fcr die<strong>Kauf von Ethylphenidat online<\/strong>Die Daten werden in einer Datenbank gespeichert, die Sicherheit und Konformit\u00e4t f\u00fcr Forscher gew\u00e4hrleistet.<\/li>\n<\/ul>\n<h3>Anwendungen und Sicherheitshinweise<\/h3>\n<p>L'<strong>Ethylphenidat zur Suche<\/strong> von <strong>Narco-Pulver<\/strong> ist f\u00fcr <strong>analytische Anwendungen und wissenschaftliche Studien<\/strong>. Wir stellen Sicherheitsprotokolle zur Verf\u00fcgung, um eine bestimmungsgem\u00e4\u00dfe und sichere Nutzung zu gew\u00e4hrleisten :<\/p>\n<ul>\n<li><strong>Sichere Aufbewahrung<\/strong> : Bewahren Sie Ethylphenidat an einem k\u00fchlen, trockenen und lichtgesch\u00fctzten Ort auf, um seine Qualit\u00e4t zu erhalten.<\/li>\n<li><strong>Handhabung mit Vorsichtsma\u00dfnahmen<\/strong> : Verwenden Sie pers\u00f6nliche Schutzausr\u00fcstung (PSA) und arbeiten Sie in einer gut bel\u00fcfteten Umgebung.<\/li>\n<li><strong>Streng auf die Forschung beschr\u00e4nkte Nutzung<\/strong> : Dieses Produkt ist ausschlie\u00dflich f\u00fcr qualifizierte Forscher und zertifizierte Labore bestimmt.<\/li>\n<\/ul>\n<h3>Bestellen Sie hochreines Ethylphenidat f\u00fcr Ihre wissenschaftlichen Studien<\/h3>\n<p>Mit <strong>Narco-Pulver<\/strong>profitieren Sie von einem <strong>zuverl\u00e4ssige Versorgung mit Ethylphenidat f\u00fcr Laboranwendungen<\/strong>. Unsere Qualit\u00e4ts- und Sicherheitsstandards machen <strong>Narco-Pulver<\/strong> die vertrauensw\u00fcrdige Wahl f\u00fcr Forschungsprofis. <strong>Kontaktieren Sie uns<\/strong> um ein Angebot zu erhalten oder um mehr \u00fcber unsere hochreinen Produkte f\u00fcr die wissenschaftliche Forschung zu erfahren Ethylphenidat kaufen.<\/p>","protected":false},"excerpt":{"rendered":"<p>Hochreines Ethylphenidat f\u00fcr die Forschung kaufen - Narco-Pulver<\/p>","protected":false},"featured_media":5446,"comment_status":"open","ping_status":"closed","template":"","meta":{"_joinchat":[]},"product_cat":[558],"product_tag":[],"class_list":{"0":"post-5424","1":"product","2":"type-product","3":"status-publish","4":"has-post-thumbnail","6":"product_cat-chimiques-de-recherche","8":"first","9":"instock","10":"shipping-taxable","11":"purchasable","12":"product-type-variable","13":"col-xs-6 col-sm-4","14":"col-md-3 col-lg-3","15":"un-4-cols"},"yoast_head":"<!-- This site is optimized with the Yoast SEO plugin v23.8 - https:\/\/yoast.com\/wordpress\/plugins\/seo\/ -->\n<title>Acheter de l&#039;\u00e9thylph\u00e9nidate en ligne - \u00c9thylph\u00e9nidate \u00e0 vendre<\/title>\n<meta name=\"description\" content=\"Dans notre boutique en ligne Nembutal Boutique, nous proposons de l&#039;\u00e9thylph\u00e9nidate \u00e0 la vente. Vous pouvez facilement acheter de l&#039;\u00e9thylph\u00e9nidate en ligne de qualit\u00e9 sup\u00e9rieure chez nous, disponible aux meilleurs prix. Commandez maintenant !\" \/>\n<meta name=\"robots\" content=\"index, follow, max-snippet:-1, max-image-preview:large, max-video-preview:-1\" \/>\n<link rel=\"canonical\" href=\"https:\/\/poudresdenarco.com\/de\/produkt\/lethylphenidat\/\" \/>\n<meta property=\"og:locale\" content=\"de_DE\" \/>\n<meta property=\"og:type\" content=\"article\" \/>\n<meta property=\"og:title\" content=\"Acheter de l&#039;\u00e9thylph\u00e9nidate en ligne - \u00c9thylph\u00e9nidate \u00e0 vendre\" \/>\n<meta property=\"og:description\" content=\"Dans notre boutique en ligne Nembutal Boutique, nous proposons de l&#039;\u00e9thylph\u00e9nidate \u00e0 la vente. Vous pouvez facilement acheter de l&#039;\u00e9thylph\u00e9nidate en ligne de qualit\u00e9 sup\u00e9rieure chez nous, disponible aux meilleurs prix. Commandez maintenant !\" \/>\n<meta property=\"og:url\" content=\"https:\/\/poudresdenarco.com\/de\/produkt\/lethylphenidat\/\" \/>\n<meta property=\"og:site_name\" content=\"Poudresde Narco\" \/>\n<meta property=\"article:modified_time\" content=\"2025-06-09T12:31:25+00:00\" \/>\n<meta property=\"og:image\" content=\"https:\/\/poudresdenarco.com\/wp-content\/uploads\/2024\/10\/Ethylphenidate.gif\" \/>\n\t<meta property=\"og:image:width\" content=\"600\" \/>\n\t<meta property=\"og:image:height\" content=\"600\" \/>\n\t<meta property=\"og:image:type\" content=\"image\/gif\" \/>\n<meta name=\"twitter:card\" content=\"summary_large_image\" \/>\n<meta name=\"twitter:label1\" content=\"Gesch\u00e4tzte Lesezeit\" \/>\n\t<meta name=\"twitter:data1\" content=\"2 Minuten\" \/>\n<script type=\"application\/ld+json\" class=\"yoast-schema-graph\">{\"@context\":\"https:\/\/schema.org\",\"@graph\":[{\"@type\":\"WebPage\",\"@id\":\"https:\/\/poudresdenarco.com\/produit\/lethylphenidate\/\",\"url\":\"https:\/\/poudresdenarco.com\/produit\/lethylphenidate\/\",\"name\":\"Acheter de l'\u00e9thylph\u00e9nidate en ligne - \u00c9thylph\u00e9nidate \u00e0 vendre\",\"isPartOf\":{\"@id\":\"https:\/\/poudresdenarco.com\/#website\"},\"primaryImageOfPage\":{\"@id\":\"https:\/\/poudresdenarco.com\/produit\/lethylphenidate\/#primaryimage\"},\"image\":{\"@id\":\"https:\/\/poudresdenarco.com\/produit\/lethylphenidate\/#primaryimage\"},\"thumbnailUrl\":\"https:\/\/poudresdenarco.com\/wp-content\/uploads\/2024\/10\/Ethylphenidate.gif\",\"datePublished\":\"2024-10-16T11:27:22+00:00\",\"dateModified\":\"2025-06-09T12:31:25+00:00\",\"description\":\"Dans notre boutique en ligne Nembutal Boutique, nous proposons de l'\u00e9thylph\u00e9nidate \u00e0 la vente. Vous pouvez facilement acheter de l'\u00e9thylph\u00e9nidate en ligne de qualit\u00e9 sup\u00e9rieure chez nous, disponible aux meilleurs prix. Commandez maintenant !\",\"breadcrumb\":{\"@id\":\"https:\/\/poudresdenarco.com\/produit\/lethylphenidate\/#breadcrumb\"},\"inLanguage\":\"de\",\"potentialAction\":[{\"@type\":\"ReadAction\",\"target\":[\"https:\/\/poudresdenarco.com\/produit\/lethylphenidate\/\"]}]},{\"@type\":\"ImageObject\",\"inLanguage\":\"de\",\"@id\":\"https:\/\/poudresdenarco.com\/produit\/lethylphenidate\/#primaryimage\",\"url\":\"https:\/\/poudresdenarco.com\/wp-content\/uploads\/2024\/10\/Ethylphenidate.gif\",\"contentUrl\":\"https:\/\/poudresdenarco.com\/wp-content\/uploads\/2024\/10\/Ethylphenidate.gif\",\"width\":600,\"height\":600},{\"@type\":\"BreadcrumbList\",\"@id\":\"https:\/\/poudresdenarco.com\/produit\/lethylphenidate\/#breadcrumb\",\"itemListElement\":[{\"@type\":\"ListItem\",\"position\":1,\"name\":\"Home\",\"item\":\"https:\/\/poudresdenarco.com\/\"},{\"@type\":\"ListItem\",\"position\":2,\"name\":\"Boutique\",\"item\":\"https:\/\/poudresdenarco.com\/boutique\/\"},{\"@type\":\"ListItem\",\"position\":3,\"name\":\"l&#8217;\u00e9thylph\u00e9nidate\"}]},{\"@type\":\"WebSite\",\"@id\":\"https:\/\/poudresdenarco.com\/#website\",\"url\":\"https:\/\/poudresdenarco.com\/\",\"name\":\"Poudresde Narco\",\"description\":\"Acheter de la coca\u00efne et de l&#039;h\u00e9ro\u00efne en ligne\",\"potentialAction\":[{\"@type\":\"SearchAction\",\"target\":{\"@type\":\"EntryPoint\",\"urlTemplate\":\"https:\/\/poudresdenarco.com\/?s={search_term_string}\"},\"query-input\":{\"@type\":\"PropertyValueSpecification\",\"valueRequired\":true,\"valueName\":\"search_term_string\"}}],\"inLanguage\":\"de\"}]}<\/script>\n<!-- \/ Yoast SEO plugin. -->","yoast_head_json":{"title":"Acheter de l'\u00e9thylph\u00e9nidate en ligne - \u00c9thylph\u00e9nidate \u00e0 vendre","description":"Dans notre boutique en ligne Nembutal Boutique, nous proposons de l'\u00e9thylph\u00e9nidate \u00e0 la vente. Vous pouvez facilement acheter de l'\u00e9thylph\u00e9nidate en ligne de qualit\u00e9 sup\u00e9rieure chez nous, disponible aux meilleurs prix. Commandez maintenant !","robots":{"index":"index","follow":"follow","max-snippet":"max-snippet:-1","max-image-preview":"max-image-preview:large","max-video-preview":"max-video-preview:-1"},"canonical":"https:\/\/poudresdenarco.com\/de\/produkt\/lethylphenidat\/","og_locale":"de_DE","og_type":"article","og_title":"Acheter de l'\u00e9thylph\u00e9nidate en ligne - \u00c9thylph\u00e9nidate \u00e0 vendre","og_description":"Dans notre boutique en ligne Nembutal Boutique, nous proposons de l'\u00e9thylph\u00e9nidate \u00e0 la vente. Vous pouvez facilement acheter de l'\u00e9thylph\u00e9nidate en ligne de qualit\u00e9 sup\u00e9rieure chez nous, disponible aux meilleurs prix. Commandez maintenant !","og_url":"https:\/\/poudresdenarco.com\/de\/produkt\/lethylphenidat\/","og_site_name":"Poudresde Narco","article_modified_time":"2025-06-09T12:31:25+00:00","og_image":[{"width":600,"height":600,"url":"https:\/\/poudresdenarco.com\/wp-content\/uploads\/2024\/10\/Ethylphenidate.gif","type":"image\/gif"}],"twitter_card":"summary_large_image","twitter_misc":{"Gesch\u00e4tzte Lesezeit":"2 Minuten"},"schema":{"@context":"https:\/\/schema.org","@graph":[{"@type":"WebPage","@id":"https:\/\/poudresdenarco.com\/produit\/lethylphenidate\/","url":"https:\/\/poudresdenarco.com\/produit\/lethylphenidate\/","name":"Acheter de l'\u00e9thylph\u00e9nidate en ligne - \u00c9thylph\u00e9nidate \u00e0 vendre","isPartOf":{"@id":"https:\/\/poudresdenarco.com\/#website"},"primaryImageOfPage":{"@id":"https:\/\/poudresdenarco.com\/produit\/lethylphenidate\/#primaryimage"},"image":{"@id":"https:\/\/poudresdenarco.com\/produit\/lethylphenidate\/#primaryimage"},"thumbnailUrl":"https:\/\/poudresdenarco.com\/wp-content\/uploads\/2024\/10\/Ethylphenidate.gif","datePublished":"2024-10-16T11:27:22+00:00","dateModified":"2025-06-09T12:31:25+00:00","description":"Dans notre boutique en ligne Nembutal Boutique, nous proposons de l'\u00e9thylph\u00e9nidate \u00e0 la vente. Vous pouvez facilement acheter de l'\u00e9thylph\u00e9nidate en ligne de qualit\u00e9 sup\u00e9rieure chez nous, disponible aux meilleurs prix. Commandez maintenant !","breadcrumb":{"@id":"https:\/\/poudresdenarco.com\/produit\/lethylphenidate\/#breadcrumb"},"inLanguage":"de","potentialAction":[{"@type":"ReadAction","target":["https:\/\/poudresdenarco.com\/produit\/lethylphenidate\/"]}]},{"@type":"ImageObject","inLanguage":"de","@id":"https:\/\/poudresdenarco.com\/produit\/lethylphenidate\/#primaryimage","url":"https:\/\/poudresdenarco.com\/wp-content\/uploads\/2024\/10\/Ethylphenidate.gif","contentUrl":"https:\/\/poudresdenarco.com\/wp-content\/uploads\/2024\/10\/Ethylphenidate.gif","width":600,"height":600},{"@type":"BreadcrumbList","@id":"https:\/\/poudresdenarco.com\/produit\/lethylphenidate\/#breadcrumb","itemListElement":[{"@type":"ListItem","position":1,"name":"Home","item":"https:\/\/poudresdenarco.com\/"},{"@type":"ListItem","position":2,"name":"Boutique","item":"https:\/\/poudresdenarco.com\/boutique\/"},{"@type":"ListItem","position":3,"name":"l&#8217;\u00e9thylph\u00e9nidate"}]},{"@type":"WebSite","@id":"https:\/\/poudresdenarco.com\/#website","url":"https:\/\/poudresdenarco.com\/","name":"Poudresde Narco","description":"Acheter de la coca\u00efne et de l&#039;h\u00e9ro\u00efne en ligne","potentialAction":[{"@type":"SearchAction","target":{"@type":"EntryPoint","urlTemplate":"https:\/\/poudresdenarco.com\/?s={search_term_string}"},"query-input":{"@type":"PropertyValueSpecification","valueRequired":true,"valueName":"search_term_string"}}],"inLanguage":"de"}]}},"_links":{"self":[{"href":"https:\/\/poudresdenarco.com\/de\/wp-json\/wp\/v2\/product\/5424","targetHints":{"allow":["GET"]}}],"collection":[{"href":"https:\/\/poudresdenarco.com\/de\/wp-json\/wp\/v2\/product"}],"about":[{"href":"https:\/\/poudresdenarco.com\/de\/wp-json\/wp\/v2\/types\/product"}],"replies":[{"embeddable":true,"href":"https:\/\/poudresdenarco.com\/de\/wp-json\/wp\/v2\/comments?post=5424"}],"wp:featuredmedia":[{"embeddable":true,"href":"https:\/\/poudresdenarco.com\/de\/wp-json\/wp\/v2\/media\/5446"}],"wp:attachment":[{"href":"https:\/\/poudresdenarco.com\/de\/wp-json\/wp\/v2\/media?parent=5424"}],"wp:term":[{"taxonomy":"product_cat","embeddable":true,"href":"https:\/\/poudresdenarco.com\/de\/wp-json\/wp\/v2\/product_cat?post=5424"},{"taxonomy":"product_tag","embeddable":true,"href":"https:\/\/poudresdenarco.com\/de\/wp-json\/wp\/v2\/product_tag?post=5424"}],"curies":[{"name":"wp","href":"https:\/\/api.w.org\/{rel}","templated":true}]}}