{"id":5967,"date":"2024-10-16T11:32:11","date_gmt":"2024-10-16T11:32:11","guid":{"rendered":"https:\/\/poudresdenarco.com\/?post_type=product&#038;p=5967"},"modified":"2025-12-08T10:13:09","modified_gmt":"2025-12-08T10:13:09","slug":"4fmph","status":"publish","type":"product","link":"https:\/\/poudresdenarco.com\/de\/produkt\/4fmph\/","title":{"rendered":"4fmph"},"content":{"rendered":"<h2>Kaufen Sie 4F-MPH online<\/h2>\n<p>Kaufen <a href=\"https:\/\/poudresdenarco.com\/de\/produkt\/4fmph\/\">4F-MPH<\/a> ist ein synthetisches Molek\u00fcl aus den Klassen der substituierten Phenethylamine und Piperidine und ein fluoriertes Analogon von Methylphenidat. Es enth\u00e4lt einen Phenethylamin-Kern mit einem Phenylring, der \u00fcber eine Ethylkette an eine Aminogruppe -NH2 gebunden ist. Es ist strukturell dem Amphetamin \u00e4hnlich und weist eine Substitution an R\u03b1 auf, die in einen Piperidinring eingebaut ist, der am terminalen Amin der Phenethylaminkette endet. Dar\u00fcber hinaus enth\u00e4lt es ein Methylacetat, das an R2 oder seine Struktur gebunden ist. Das <a href=\"https:\/\/en.wikipedia.org\/wiki\/4-Fluoromethylphenidate\">4F-MPH<\/a> ist strukturell identisch mit Methylphenidat, mit Ausnahme eines einzelnen Fluoratoms, das an die Position vier am Phenethylaminring gebunden ist. <a href=\"https:\/\/poudresdenarco.com\/de\/\">pulverdenarco<\/a><\/p>\n<h2><strong>Hochreines 4F-MPH f\u00fcr die Forschung kaufen - Narco-Pulver<\/strong><\/h2>\n<p>Narco Powders ist ein zuverl\u00e4ssiger Lieferant von <strong>4F-MPH in Forschungsqualit\u00e4t<\/strong>Die Software ist ausschlie\u00dflich f\u00fcr den Einsatz in <strong>wissenschaftliche Anwendungen im Labor<\/strong>. Unser 4F-MPH wird nach strengen Reinheits- und Qualit\u00e4tsstandards hergestellt und gew\u00e4hrleistet konstante Ergebnisse f\u00fcr Forscher in der Chemie und Pharmakologie Kaufen 4F-MPH<a href=\"https:\/\/poudresdenarco.com\/de\/produkt\/2fdck\/\">.<\/a><\/p>\n<h3>Warum 4F-MPH von Narco Powders w\u00e4hlen?<\/h3>\n<p>Als <strong>Lieferant von 4F-MPH f\u00fcr die Forschung<\/strong>Narco Powders bietet getestete Produkte, die den h\u00f6chsten Qualit\u00e4tsstandards entsprechen:<\/p>\n<ul>\n<li><strong>4F-MPH Hohe Reinheit<\/strong> : Jede Charge wird streng getestet, um die h\u00f6chste Reinheit zu gew\u00e4hrleisten, die f\u00fcr genaue Ergebnisse unerl\u00e4sslich ist.<\/li>\n<li><strong>Konstante und zuverl\u00e4ssige Qualit\u00e4t<\/strong> : Unser 4F-MPH wurde f\u00fcr stabile Leistung in kontrollierten Forschungsumgebungen entwickelt.<\/li>\n<li><strong>Sichere Online-Bestellung<\/strong> : Wir erleichtern die<strong>Kauf von 4F-MPH f\u00fcr wissenschaftliche Anwendungen<\/strong> mit einem sicheren und vertraulichen Bestellvorgang.<\/li>\n<\/ul>\n<h3>Anwendungen und Sicherheitshinweise<\/h3>\n<p>Die <strong>4F-MPH<\/strong> von Narco-Pulvern ist f\u00fcr die <strong>Forschungsanwendungen im Labor<\/strong>. Wir stellen Handhabungs- und Lagerungsprotokolle zur Verf\u00fcgung, um eine vorschriftsm\u00e4\u00dfige und sichere Verwendung zu gew\u00e4hrleisten :<\/p>\n<ul>\n<li><strong>Sichere Aufbewahrung<\/strong> : Bewahren Sie 4F-MPH an einem k\u00fchlen, trockenen Ort auf, der vor direktem Licht gesch\u00fctzt ist.<\/li>\n<li><strong>Handhabung mit Vorsichtsma\u00dfnahmen<\/strong> : Verwenden Sie pers\u00f6nliche Schutzausr\u00fcstung (PSA) und arbeiten Sie in einem gut bel\u00fcfteten Raum.<\/li>\n<li><strong>Streng auf die Forschung beschr\u00e4nkte Nutzung<\/strong> : Dieses Produkt ist ausschlie\u00dflich f\u00fcr qualifizierte Forscher und autorisierte Labore bestimmt.<\/li>\n<\/ul>\n<h3>Bestellen Sie hochreines 4F-MPH f\u00fcr Ihre wissenschaftlichen Studien<\/h3>\n<p>Narco-Pulver garantiert eine zuverl\u00e4ssige Versorgung mit <strong>4F-MPH von hoher Qualit\u00e4t<\/strong> f\u00fcr Ihre Forschungszwecke. <strong>Kontaktieren Sie uns<\/strong> um einen Kostenvoranschlag zu erhalten oder um mehr \u00fcber unsere Produktpalette f\u00fcr das Labor zu erfahren Kaufen Sie 4F-MPH .<\/p>","protected":false},"excerpt":{"rendered":"<p>Acheter 4F-MPH en ligne Acheter 4F-MPH est une mol\u00e9cule synth\u00e9tique des classes de ph\u00e9n\u00e9thylamine et de pip\u00e9ridine substitu\u00e9es, et un analogue fluor\u00e9 du m\u00e9thylph\u00e9nidate. Il contient un noyau de ph\u00e9n\u00e9thylamine comportant un cycle ph\u00e9nyle li\u00e9 \u00e0 un groupe amino -NH2 par une cha\u00eene \u00e9thyle. Il est structurellement similaire \u00e0 l&rsquo;amph\u00e9tamine, pr\u00e9sentant une substitution au niveau&hellip;<\/p>","protected":false},"featured_media":6176,"comment_status":"open","ping_status":"closed","template":"","meta":{"_joinchat":[]},"product_cat":[558],"product_tag":[],"class_list":{"0":"post-5967","1":"product","2":"type-product","3":"status-publish","4":"has-post-thumbnail","6":"product_cat-chimiques-de-recherche","8":"first","9":"instock","10":"shipping-taxable","11":"purchasable","12":"product-type-variable","13":"col-xs-6 col-sm-4","14":"col-md-3 col-lg-3","15":"un-4-cols"},"yoast_head":"<!-- This site is optimized with the Yoast SEO plugin v23.8 - https:\/\/yoast.com\/wordpress\/plugins\/seo\/ -->\n<title>Acheter 4F-MPH | Poudres de Narco<\/title>\n<meta name=\"description\" content=\"Fournisseur de 4F-MPH pour applications scientifiques en laboratoire. Puret\u00e9 et s\u00e9curit\u00e9 garanties pour recherches chez Poudres de Narco, Acheter 4F-MPH\" \/>\n<meta name=\"robots\" content=\"index, follow, max-snippet:-1, max-image-preview:large, max-video-preview:-1\" \/>\n<link rel=\"canonical\" href=\"https:\/\/poudresdenarco.com\/de\/produkt\/4fmph\/\" \/>\n<meta property=\"og:locale\" content=\"de_DE\" \/>\n<meta property=\"og:type\" content=\"article\" \/>\n<meta property=\"og:title\" content=\"Acheter 4F-MPH | Poudres de Narco\" \/>\n<meta property=\"og:description\" content=\"Fournisseur de 4F-MPH pour applications scientifiques en laboratoire. Puret\u00e9 et s\u00e9curit\u00e9 garanties pour recherches chez Poudres de Narco, Acheter 4F-MPH\" \/>\n<meta property=\"og:url\" content=\"https:\/\/poudresdenarco.com\/de\/produkt\/4fmph\/\" \/>\n<meta property=\"og:site_name\" content=\"Poudresde Narco\" \/>\n<meta property=\"article:modified_time\" content=\"2025-12-08T10:13:09+00:00\" \/>\n<meta property=\"og:image\" content=\"https:\/\/poudresdenarco.com\/wp-content\/uploads\/2024\/10\/4fmph.gif\" \/>\n\t<meta property=\"og:image:width\" content=\"600\" \/>\n\t<meta property=\"og:image:height\" content=\"600\" \/>\n\t<meta property=\"og:image:type\" content=\"image\/gif\" \/>\n<meta name=\"twitter:card\" content=\"summary_large_image\" \/>\n<meta name=\"twitter:label1\" content=\"Gesch\u00e4tzte Lesezeit\" \/>\n\t<meta name=\"twitter:data1\" content=\"2 Minuten\" \/>\n<script type=\"application\/ld+json\" class=\"yoast-schema-graph\">{\"@context\":\"https:\/\/schema.org\",\"@graph\":[{\"@type\":\"WebPage\",\"@id\":\"https:\/\/poudresdenarco.com\/produit\/4fmph\/\",\"url\":\"https:\/\/poudresdenarco.com\/produit\/4fmph\/\",\"name\":\"Acheter 4F-MPH | Poudres de Narco\",\"isPartOf\":{\"@id\":\"https:\/\/poudresdenarco.com\/#website\"},\"primaryImageOfPage\":{\"@id\":\"https:\/\/poudresdenarco.com\/produit\/4fmph\/#primaryimage\"},\"image\":{\"@id\":\"https:\/\/poudresdenarco.com\/produit\/4fmph\/#primaryimage\"},\"thumbnailUrl\":\"https:\/\/poudresdenarco.com\/wp-content\/uploads\/2024\/10\/4fmph.gif\",\"datePublished\":\"2024-10-16T11:32:11+00:00\",\"dateModified\":\"2025-12-08T10:13:09+00:00\",\"description\":\"Fournisseur de 4F-MPH pour applications scientifiques en laboratoire. Puret\u00e9 et s\u00e9curit\u00e9 garanties pour recherches chez Poudres de Narco, Acheter 4F-MPH\",\"breadcrumb\":{\"@id\":\"https:\/\/poudresdenarco.com\/produit\/4fmph\/#breadcrumb\"},\"inLanguage\":\"de\",\"potentialAction\":[{\"@type\":\"ReadAction\",\"target\":[\"https:\/\/poudresdenarco.com\/produit\/4fmph\/\"]}]},{\"@type\":\"ImageObject\",\"inLanguage\":\"de\",\"@id\":\"https:\/\/poudresdenarco.com\/produit\/4fmph\/#primaryimage\",\"url\":\"https:\/\/poudresdenarco.com\/wp-content\/uploads\/2024\/10\/4fmph.gif\",\"contentUrl\":\"https:\/\/poudresdenarco.com\/wp-content\/uploads\/2024\/10\/4fmph.gif\",\"width\":600,\"height\":600,\"caption\":\"4fmph\"},{\"@type\":\"BreadcrumbList\",\"@id\":\"https:\/\/poudresdenarco.com\/produit\/4fmph\/#breadcrumb\",\"itemListElement\":[{\"@type\":\"ListItem\",\"position\":1,\"name\":\"Home\",\"item\":\"https:\/\/poudresdenarco.com\/\"},{\"@type\":\"ListItem\",\"position\":2,\"name\":\"Boutique\",\"item\":\"https:\/\/poudresdenarco.com\/boutique\/\"},{\"@type\":\"ListItem\",\"position\":3,\"name\":\"4fmph\"}]},{\"@type\":\"WebSite\",\"@id\":\"https:\/\/poudresdenarco.com\/#website\",\"url\":\"https:\/\/poudresdenarco.com\/\",\"name\":\"Poudresde Narco\",\"description\":\"Acheter de la coca\u00efne et de l&#039;h\u00e9ro\u00efne en ligne\",\"potentialAction\":[{\"@type\":\"SearchAction\",\"target\":{\"@type\":\"EntryPoint\",\"urlTemplate\":\"https:\/\/poudresdenarco.com\/?s={search_term_string}\"},\"query-input\":{\"@type\":\"PropertyValueSpecification\",\"valueRequired\":true,\"valueName\":\"search_term_string\"}}],\"inLanguage\":\"de\"}]}<\/script>\n<!-- \/ Yoast SEO plugin. -->","yoast_head_json":{"title":"Acheter 4F-MPH | Poudres de Narco","description":"Fournisseur de 4F-MPH pour applications scientifiques en laboratoire. Puret\u00e9 et s\u00e9curit\u00e9 garanties pour recherches chez Poudres de Narco, Acheter 4F-MPH","robots":{"index":"index","follow":"follow","max-snippet":"max-snippet:-1","max-image-preview":"max-image-preview:large","max-video-preview":"max-video-preview:-1"},"canonical":"https:\/\/poudresdenarco.com\/de\/produkt\/4fmph\/","og_locale":"de_DE","og_type":"article","og_title":"Acheter 4F-MPH | Poudres de Narco","og_description":"Fournisseur de 4F-MPH pour applications scientifiques en laboratoire. Puret\u00e9 et s\u00e9curit\u00e9 garanties pour recherches chez Poudres de Narco, Acheter 4F-MPH","og_url":"https:\/\/poudresdenarco.com\/de\/produkt\/4fmph\/","og_site_name":"Poudresde Narco","article_modified_time":"2025-12-08T10:13:09+00:00","og_image":[{"width":600,"height":600,"url":"https:\/\/poudresdenarco.com\/wp-content\/uploads\/2024\/10\/4fmph.gif","type":"image\/gif"}],"twitter_card":"summary_large_image","twitter_misc":{"Gesch\u00e4tzte Lesezeit":"2 Minuten"},"schema":{"@context":"https:\/\/schema.org","@graph":[{"@type":"WebPage","@id":"https:\/\/poudresdenarco.com\/produit\/4fmph\/","url":"https:\/\/poudresdenarco.com\/produit\/4fmph\/","name":"Acheter 4F-MPH | Poudres de Narco","isPartOf":{"@id":"https:\/\/poudresdenarco.com\/#website"},"primaryImageOfPage":{"@id":"https:\/\/poudresdenarco.com\/produit\/4fmph\/#primaryimage"},"image":{"@id":"https:\/\/poudresdenarco.com\/produit\/4fmph\/#primaryimage"},"thumbnailUrl":"https:\/\/poudresdenarco.com\/wp-content\/uploads\/2024\/10\/4fmph.gif","datePublished":"2024-10-16T11:32:11+00:00","dateModified":"2025-12-08T10:13:09+00:00","description":"Fournisseur de 4F-MPH pour applications scientifiques en laboratoire. Puret\u00e9 et s\u00e9curit\u00e9 garanties pour recherches chez Poudres de Narco, Acheter 4F-MPH","breadcrumb":{"@id":"https:\/\/poudresdenarco.com\/produit\/4fmph\/#breadcrumb"},"inLanguage":"de","potentialAction":[{"@type":"ReadAction","target":["https:\/\/poudresdenarco.com\/produit\/4fmph\/"]}]},{"@type":"ImageObject","inLanguage":"de","@id":"https:\/\/poudresdenarco.com\/produit\/4fmph\/#primaryimage","url":"https:\/\/poudresdenarco.com\/wp-content\/uploads\/2024\/10\/4fmph.gif","contentUrl":"https:\/\/poudresdenarco.com\/wp-content\/uploads\/2024\/10\/4fmph.gif","width":600,"height":600,"caption":"4fmph"},{"@type":"BreadcrumbList","@id":"https:\/\/poudresdenarco.com\/produit\/4fmph\/#breadcrumb","itemListElement":[{"@type":"ListItem","position":1,"name":"Home","item":"https:\/\/poudresdenarco.com\/"},{"@type":"ListItem","position":2,"name":"Boutique","item":"https:\/\/poudresdenarco.com\/boutique\/"},{"@type":"ListItem","position":3,"name":"4fmph"}]},{"@type":"WebSite","@id":"https:\/\/poudresdenarco.com\/#website","url":"https:\/\/poudresdenarco.com\/","name":"Poudresde Narco","description":"Acheter de la coca\u00efne et de l&#039;h\u00e9ro\u00efne en ligne","potentialAction":[{"@type":"SearchAction","target":{"@type":"EntryPoint","urlTemplate":"https:\/\/poudresdenarco.com\/?s={search_term_string}"},"query-input":{"@type":"PropertyValueSpecification","valueRequired":true,"valueName":"search_term_string"}}],"inLanguage":"de"}]}},"_links":{"self":[{"href":"https:\/\/poudresdenarco.com\/de\/wp-json\/wp\/v2\/product\/5967","targetHints":{"allow":["GET"]}}],"collection":[{"href":"https:\/\/poudresdenarco.com\/de\/wp-json\/wp\/v2\/product"}],"about":[{"href":"https:\/\/poudresdenarco.com\/de\/wp-json\/wp\/v2\/types\/product"}],"replies":[{"embeddable":true,"href":"https:\/\/poudresdenarco.com\/de\/wp-json\/wp\/v2\/comments?post=5967"}],"wp:featuredmedia":[{"embeddable":true,"href":"https:\/\/poudresdenarco.com\/de\/wp-json\/wp\/v2\/media\/6176"}],"wp:attachment":[{"href":"https:\/\/poudresdenarco.com\/de\/wp-json\/wp\/v2\/media?parent=5967"}],"wp:term":[{"taxonomy":"product_cat","embeddable":true,"href":"https:\/\/poudresdenarco.com\/de\/wp-json\/wp\/v2\/product_cat?post=5967"},{"taxonomy":"product_tag","embeddable":true,"href":"https:\/\/poudresdenarco.com\/de\/wp-json\/wp\/v2\/product_tag?post=5967"}],"curies":[{"name":"wp","href":"https:\/\/api.w.org\/{rel}","templated":true}]}}