{"id":6005,"date":"2024-10-16T11:32:20","date_gmt":"2024-10-16T11:32:20","guid":{"rendered":"https:\/\/poudresdenarco.com\/?post_type=product&#038;p=6005"},"modified":"2024-12-23T09:43:19","modified_gmt":"2024-12-23T09:43:19","slug":"flualprazolam","status":"publish","type":"product","link":"https:\/\/poudresdenarco.com\/de\/produkt\/flualprazolam\/","title":{"rendered":"Flualprazolam"},"content":{"rendered":"<h1><strong>Hochreines Flualprazolam f\u00fcr die Forschung kaufen <a href=\"https:\/\/cokebricks.com\/de\/shop\/\">&#8211;<\/a> Narco-Pulver<\/strong><\/h1>\n<p><strong>Narco-Pulver<\/strong> ist Ihr vertrauensw\u00fcrdiger Anbieter f\u00fcr den <strong>Flualprazolam in Forschungsqualit\u00e4t<\/strong>Die Software ist ausschlie\u00dflich f\u00fcr den Einsatz in <strong>wissenschaftliche Anwendungen im Labor<\/strong>. Unser Flualprazolam wird nach strengen Reinheits- und Qualit\u00e4tsstandards hergestellt und gew\u00e4hrleistet zuverl\u00e4ssige Ergebnisse f\u00fcr Forscher in der Chemie und Pharmakologie. Flualprazolam kaufen\u00a0<a href=\"https:\/\/poudresdenarco.com\/de\/produkt\/ghb\/\">.<\/a><\/p>\n<h3>Warum sollte man sich f\u00fcr Flualprazolam von Narco Powders entscheiden?<\/h3>\n<p>Als <strong>Anbieter von Flualprazolam zur Recherche<\/strong>, <strong>Narco-Pulver<\/strong> garantiert qualitativ hochwertige Produkte, die f\u00fcr <strong>zertifizierte Labore<\/strong> :<\/p>\n<ul>\n<li><strong>Hochreines Flualprazolam f\u00fcr Laboratorien<\/strong> : Jede Charge wird streng getestet, um eine optimale Reinheit zu gew\u00e4hrleisten, die entscheidend ist f\u00fcr <strong>wissenschaftliche Pr\u00e4zisionsanwendungen<\/strong>.<\/li>\n<li><strong>Konstante und zuverl\u00e4ssige Qualit\u00e4t<\/strong> : Unser Flualprazolam ist f\u00fcr eine stabile und zuverl\u00e4ssige Leistung formuliert, die auf die <strong>analytische Studien im Labor<\/strong>.<\/li>\n<li><strong>Sichere Online-Bestellung<\/strong> : <strong>Narco-Pulver<\/strong> schl\u00e4gt ein vereinfachtes Verfahren f\u00fcr die<strong>Kauf von Flualprazolam online<\/strong>Die Daten werden in einer Datenbank gespeichert, die Sicherheit und Konformit\u00e4t f\u00fcr Forscher gew\u00e4hrleistet.<\/li>\n<\/ul>\n<h3>Anwendungen und Sicherheitshinweise<\/h3>\n<p>Die <strong>Flualprazolam zur Suche<\/strong> von <strong>Narco-Pulver<\/strong> richtet sich an <strong>analytische Anwendungen und wissenschaftliche Studien<\/strong>. Um den bestimmungsgem\u00e4\u00dfen Gebrauch zu gew\u00e4hrleisten, stellen wir Sicherheitsprotokolle zur Verf\u00fcgung :<\/p>\n<ul>\n<li><strong>Sichere Aufbewahrung<\/strong> : Bewahren Sie Flualprazolam an einem k\u00fchlen, trockenen und lichtgesch\u00fctzten Ort auf, um seine Qualit\u00e4t zu erhalten.<\/li>\n<li><strong>Handhabung mit Vorsichtsma\u00dfnahmen<\/strong> : Verwenden Sie pers\u00f6nliche Schutzausr\u00fcstung (PSA) und arbeiten Sie in einer gut bel\u00fcfteten Umgebung.<\/li>\n<li><strong>Streng auf die Forschung beschr\u00e4nkte Nutzung<\/strong> : Dieses Produkt ist ausschlie\u00dflich f\u00fcr qualifizierte Forscher und zertifizierte Labore f\u00fcr <strong>fortgeschrittene wissenschaftliche Studien<\/strong>.<\/li>\n<\/ul>\n<h4>Bestellen Sie hochreines Flualprazolam f\u00fcr Ihre Wissenschaftlichen Studien<\/h4>\n<p>Mit <strong>Narco-Pulver<\/strong>Sie erhalten einen <strong>zuverl\u00e4ssige Versorgung mit Flualprazolam f\u00fcr Laboranwendungen<\/strong>. Unsere hohen Qualit\u00e4ts- und Sicherheitsstandards machen <strong>Narco-Pulver<\/strong> die ideale Wahl f\u00fcr Forschungsprofis. <strong>Kontaktieren Sie uns<\/strong> um ein Angebot zu erhalten oder um mehr \u00fcber unser Angebot an hochreinen Produkten f\u00fcr die wissenschaftliche Forschung zu erfahren.<\/p>\n<h4>Wie wirkt Flubromazepam?<\/h4>\n<p>Die <a href=\"https:\/\/en.wikipedia.org\/wiki\/Flualprazolam\">Flubromazepam<\/a> ist eine Forschungschemikalie, die zur Familie der Triazolobenzodiazepine geh\u00f6rt. Es handelt sich um ein Derivat der Benzodiazepine.<br \/>\nDie aktuelle Forschung befasst sich mit strukturellen Effekten, die mit denen von Pyrazolam vergleichbar sind, trotz seiner Seltenheit. Dar\u00fcber hinaus \u00e4hnelt es anderen Benzodiazepinen. Innerhalb der Familie der Benzodiazepine wird es als Depressivum in der Klasse der Psychopharmaka eingestuft. Aufgrund der Ersetzungen von Brom und Fluor an seinem Skelett erhielt die Forschungschemikalie diesen Namen.<\/p>\n<p>* Bitte beachten Sie, dass der <a href=\"https:\/\/poudresdenarco.com\/de\/produkt\/flualprazolam\/\">Flubromazepam<\/a> ist nur f\u00fcr die Verwendung in der Forschung zugelassen und darf nicht von Menschen verzehrt werden.<\/p>\n<p>Chemische Zusammensetzung von Flubromazepam<br \/>\nVollst\u00e4ndiger Name: C15H10BrFN2O (Symbol) Iso-Flubromazepam, ein Derivat der Benzodiazepine<\/p>\n<p>Molmasse (g\/mol): 333,160<\/p>\n<p>98 % Reinheit<\/p>\n<p>Verwenden Sie eine geeignete pers\u00f6nliche Schutzausr\u00fcstung (Brille, Maske und Overall), um exponierte Hautbereiche abzudecken, wenn Sie mit Flubromazepam forschen.<\/p>\n<p>* Wichtiger Hinweis: F\u00fcr eine optimale Haltbarkeit sollten Sie das Produkt stets an einem k\u00fchlen und trockenen Ort aufbewahren. Dieses Produkt ist nur f\u00fcr die Verwendung in forensischen und Forschungskontexten vorgesehen. Es ist daher NICHT f\u00fcr In-vivo-Experimente jeglicher Art an Tieren oder anderen Lebewesen oder f\u00fcr den menschlichen Verzehr bestimmt.<\/p>\n<h3>Wo kann ich es kaufen?<\/h3>\n<p>Laborreine Flubromazepams sind bei poudresdenarco erh\u00e4ltlich. Die beste Quelle f\u00fcr den Kauf von Forschungschemikalien ist poudresdenarco. Bitte beachten Sie, dass der Kauf von Flubromazepam bei <a href=\"https:\/\/poudresdenarco.com\/de\/\">pulverdenarco<\/a> erfordert, dass Sie mindestens achtzehn Jahre alt sind. Alle kommerziellen Forschungschemikalien sind nicht f\u00fcr den menschlichen Verzehr bestimmt; sie sollten vielmehr nur zu Forschungszwecken und f\u00fcr Laborexperimente verwendet werden Flualprazolam kaufen .<\/p>","protected":false},"excerpt":{"rendered":"<p>Acheter du Flualprazolam de Haute Puret\u00e9 pour la Recherche &#8211; Poudres de Narco Poudres de Narco est votre fournisseur de confiance pour le Flualprazolam de qualit\u00e9 recherche, con\u00e7u exclusivement pour des applications scientifiques en laboratoire. Notre Flualprazolam est produit selon des normes rigoureuses de puret\u00e9 et de qualit\u00e9, assurant des r\u00e9sultats fiables pour les chercheurs&hellip;<\/p>","protected":false},"featured_media":6178,"comment_status":"open","ping_status":"closed","template":"","meta":{"_joinchat":[]},"product_cat":[558,751],"product_tag":[],"class_list":{"0":"post-6005","1":"product","2":"type-product","3":"status-publish","4":"has-post-thumbnail","6":"product_cat-chimiques-de-recherche","7":"product_cat-stimulants","9":"first","10":"instock","11":"shipping-taxable","12":"purchasable","13":"product-type-variable","14":"col-xs-6 col-sm-4","15":"col-md-3 col-lg-3","16":"un-4-cols"},"yoast_head":"<!-- This site is optimized with the Yoast SEO plugin v23.8 - https:\/\/yoast.com\/wordpress\/plugins\/seo\/ -->\n<title>Acheter Flualprazolam Pur pour Recherche | Poudres de Narco<\/title>\n<meta name=\"description\" content=\"Flualprazolam de haute puret\u00e9 pour laboratoires. Fournisseur fiable pour applications scientifiques chez Poudres de Narco.\" \/>\n<meta name=\"robots\" content=\"index, follow, max-snippet:-1, max-image-preview:large, max-video-preview:-1\" \/>\n<link rel=\"canonical\" href=\"https:\/\/poudresdenarco.com\/de\/produkt\/flualprazolam\/\" \/>\n<meta property=\"og:locale\" content=\"de_DE\" \/>\n<meta property=\"og:type\" content=\"article\" \/>\n<meta property=\"og:title\" content=\"Acheter Flualprazolam Pur pour Recherche | Poudres de Narco\" \/>\n<meta property=\"og:description\" content=\"Flualprazolam de haute puret\u00e9 pour laboratoires. Fournisseur fiable pour applications scientifiques chez Poudres de Narco.\" \/>\n<meta property=\"og:url\" content=\"https:\/\/poudresdenarco.com\/de\/produkt\/flualprazolam\/\" \/>\n<meta property=\"og:site_name\" content=\"Poudresde Narco\" \/>\n<meta property=\"article:modified_time\" content=\"2024-12-23T09:43:19+00:00\" \/>\n<meta property=\"og:image\" content=\"https:\/\/poudresdenarco.com\/wp-content\/uploads\/2024\/10\/Flualprazolam.gif\" \/>\n\t<meta property=\"og:image:width\" content=\"600\" \/>\n\t<meta property=\"og:image:height\" content=\"600\" \/>\n\t<meta property=\"og:image:type\" content=\"image\/gif\" \/>\n<meta name=\"twitter:card\" content=\"summary_large_image\" \/>\n<meta name=\"twitter:label1\" content=\"Gesch\u00e4tzte Lesezeit\" \/>\n\t<meta name=\"twitter:data1\" content=\"3 Minuten\" \/>\n<script type=\"application\/ld+json\" class=\"yoast-schema-graph\">{\"@context\":\"https:\/\/schema.org\",\"@graph\":[{\"@type\":\"WebPage\",\"@id\":\"https:\/\/poudresdenarco.com\/produit\/flualprazolam\/\",\"url\":\"https:\/\/poudresdenarco.com\/produit\/flualprazolam\/\",\"name\":\"Acheter Flualprazolam Pur pour Recherche | Poudres de Narco\",\"isPartOf\":{\"@id\":\"https:\/\/poudresdenarco.com\/#website\"},\"primaryImageOfPage\":{\"@id\":\"https:\/\/poudresdenarco.com\/produit\/flualprazolam\/#primaryimage\"},\"image\":{\"@id\":\"https:\/\/poudresdenarco.com\/produit\/flualprazolam\/#primaryimage\"},\"thumbnailUrl\":\"https:\/\/poudresdenarco.com\/wp-content\/uploads\/2024\/10\/Flualprazolam.gif\",\"datePublished\":\"2024-10-16T11:32:20+00:00\",\"dateModified\":\"2024-12-23T09:43:19+00:00\",\"description\":\"Flualprazolam de haute puret\u00e9 pour laboratoires. Fournisseur fiable pour applications scientifiques chez Poudres de Narco.\",\"breadcrumb\":{\"@id\":\"https:\/\/poudresdenarco.com\/produit\/flualprazolam\/#breadcrumb\"},\"inLanguage\":\"de\",\"potentialAction\":[{\"@type\":\"ReadAction\",\"target\":[\"https:\/\/poudresdenarco.com\/produit\/flualprazolam\/\"]}]},{\"@type\":\"ImageObject\",\"inLanguage\":\"de\",\"@id\":\"https:\/\/poudresdenarco.com\/produit\/flualprazolam\/#primaryimage\",\"url\":\"https:\/\/poudresdenarco.com\/wp-content\/uploads\/2024\/10\/Flualprazolam.gif\",\"contentUrl\":\"https:\/\/poudresdenarco.com\/wp-content\/uploads\/2024\/10\/Flualprazolam.gif\",\"width\":600,\"height\":600,\"caption\":\"Flualprazolam\"},{\"@type\":\"BreadcrumbList\",\"@id\":\"https:\/\/poudresdenarco.com\/produit\/flualprazolam\/#breadcrumb\",\"itemListElement\":[{\"@type\":\"ListItem\",\"position\":1,\"name\":\"Home\",\"item\":\"https:\/\/poudresdenarco.com\/\"},{\"@type\":\"ListItem\",\"position\":2,\"name\":\"Boutique\",\"item\":\"https:\/\/poudresdenarco.com\/boutique\/\"},{\"@type\":\"ListItem\",\"position\":3,\"name\":\"Flualprazolam\"}]},{\"@type\":\"WebSite\",\"@id\":\"https:\/\/poudresdenarco.com\/#website\",\"url\":\"https:\/\/poudresdenarco.com\/\",\"name\":\"Poudresde Narco\",\"description\":\"Acheter de la coca\u00efne et de l&#039;h\u00e9ro\u00efne en ligne\",\"potentialAction\":[{\"@type\":\"SearchAction\",\"target\":{\"@type\":\"EntryPoint\",\"urlTemplate\":\"https:\/\/poudresdenarco.com\/?s={search_term_string}\"},\"query-input\":{\"@type\":\"PropertyValueSpecification\",\"valueRequired\":true,\"valueName\":\"search_term_string\"}}],\"inLanguage\":\"de\"}]}<\/script>\n<!-- \/ Yoast SEO plugin. -->","yoast_head_json":{"title":"Acheter Flualprazolam Pur pour Recherche | Poudres de Narco","description":"Flualprazolam de haute puret\u00e9 pour laboratoires. Fournisseur fiable pour applications scientifiques chez Poudres de Narco.","robots":{"index":"index","follow":"follow","max-snippet":"max-snippet:-1","max-image-preview":"max-image-preview:large","max-video-preview":"max-video-preview:-1"},"canonical":"https:\/\/poudresdenarco.com\/de\/produkt\/flualprazolam\/","og_locale":"de_DE","og_type":"article","og_title":"Acheter Flualprazolam Pur pour Recherche | Poudres de Narco","og_description":"Flualprazolam de haute puret\u00e9 pour laboratoires. Fournisseur fiable pour applications scientifiques chez Poudres de Narco.","og_url":"https:\/\/poudresdenarco.com\/de\/produkt\/flualprazolam\/","og_site_name":"Poudresde Narco","article_modified_time":"2024-12-23T09:43:19+00:00","og_image":[{"width":600,"height":600,"url":"https:\/\/poudresdenarco.com\/wp-content\/uploads\/2024\/10\/Flualprazolam.gif","type":"image\/gif"}],"twitter_card":"summary_large_image","twitter_misc":{"Gesch\u00e4tzte Lesezeit":"3 Minuten"},"schema":{"@context":"https:\/\/schema.org","@graph":[{"@type":"WebPage","@id":"https:\/\/poudresdenarco.com\/produit\/flualprazolam\/","url":"https:\/\/poudresdenarco.com\/produit\/flualprazolam\/","name":"Acheter Flualprazolam Pur pour Recherche | Poudres de Narco","isPartOf":{"@id":"https:\/\/poudresdenarco.com\/#website"},"primaryImageOfPage":{"@id":"https:\/\/poudresdenarco.com\/produit\/flualprazolam\/#primaryimage"},"image":{"@id":"https:\/\/poudresdenarco.com\/produit\/flualprazolam\/#primaryimage"},"thumbnailUrl":"https:\/\/poudresdenarco.com\/wp-content\/uploads\/2024\/10\/Flualprazolam.gif","datePublished":"2024-10-16T11:32:20+00:00","dateModified":"2024-12-23T09:43:19+00:00","description":"Flualprazolam de haute puret\u00e9 pour laboratoires. Fournisseur fiable pour applications scientifiques chez Poudres de Narco.","breadcrumb":{"@id":"https:\/\/poudresdenarco.com\/produit\/flualprazolam\/#breadcrumb"},"inLanguage":"de","potentialAction":[{"@type":"ReadAction","target":["https:\/\/poudresdenarco.com\/produit\/flualprazolam\/"]}]},{"@type":"ImageObject","inLanguage":"de","@id":"https:\/\/poudresdenarco.com\/produit\/flualprazolam\/#primaryimage","url":"https:\/\/poudresdenarco.com\/wp-content\/uploads\/2024\/10\/Flualprazolam.gif","contentUrl":"https:\/\/poudresdenarco.com\/wp-content\/uploads\/2024\/10\/Flualprazolam.gif","width":600,"height":600,"caption":"Flualprazolam"},{"@type":"BreadcrumbList","@id":"https:\/\/poudresdenarco.com\/produit\/flualprazolam\/#breadcrumb","itemListElement":[{"@type":"ListItem","position":1,"name":"Home","item":"https:\/\/poudresdenarco.com\/"},{"@type":"ListItem","position":2,"name":"Boutique","item":"https:\/\/poudresdenarco.com\/boutique\/"},{"@type":"ListItem","position":3,"name":"Flualprazolam"}]},{"@type":"WebSite","@id":"https:\/\/poudresdenarco.com\/#website","url":"https:\/\/poudresdenarco.com\/","name":"Poudresde Narco","description":"Acheter de la coca\u00efne et de l&#039;h\u00e9ro\u00efne en ligne","potentialAction":[{"@type":"SearchAction","target":{"@type":"EntryPoint","urlTemplate":"https:\/\/poudresdenarco.com\/?s={search_term_string}"},"query-input":{"@type":"PropertyValueSpecification","valueRequired":true,"valueName":"search_term_string"}}],"inLanguage":"de"}]}},"_links":{"self":[{"href":"https:\/\/poudresdenarco.com\/de\/wp-json\/wp\/v2\/product\/6005","targetHints":{"allow":["GET"]}}],"collection":[{"href":"https:\/\/poudresdenarco.com\/de\/wp-json\/wp\/v2\/product"}],"about":[{"href":"https:\/\/poudresdenarco.com\/de\/wp-json\/wp\/v2\/types\/product"}],"replies":[{"embeddable":true,"href":"https:\/\/poudresdenarco.com\/de\/wp-json\/wp\/v2\/comments?post=6005"}],"wp:featuredmedia":[{"embeddable":true,"href":"https:\/\/poudresdenarco.com\/de\/wp-json\/wp\/v2\/media\/6178"}],"wp:attachment":[{"href":"https:\/\/poudresdenarco.com\/de\/wp-json\/wp\/v2\/media?parent=6005"}],"wp:term":[{"taxonomy":"product_cat","embeddable":true,"href":"https:\/\/poudresdenarco.com\/de\/wp-json\/wp\/v2\/product_cat?post=6005"},{"taxonomy":"product_tag","embeddable":true,"href":"https:\/\/poudresdenarco.com\/de\/wp-json\/wp\/v2\/product_tag?post=6005"}],"curies":[{"name":"wp","href":"https:\/\/api.w.org\/{rel}","templated":true}]}}