{"id":6030,"date":"2024-10-16T11:32:29","date_gmt":"2024-10-16T11:32:29","guid":{"rendered":"https:\/\/poudresdenarco.com\/?post_type=product&#038;p=6030"},"modified":"2024-12-23T09:29:29","modified_gmt":"2024-12-23T09:29:29","slug":"alpha-pihp","status":"publish","type":"product","link":"https:\/\/poudresdenarco.com\/de\/produkt\/alpha-pihp\/","title":{"rendered":"Alpha-Pihp"},"content":{"rendered":"<h2>Was ist \u03b1-PHiP?<\/h2>\n<p>Kaufen Sie die<a href=\"https:\/\/poudresdenarco.com\/de\/produkt\/alpha-pihp\/\">\u03b1-PHiP<\/a>ist ein strukturelles Isomer seines Muttermolek\u00fcls Pyrovaleron und ein Mitglied der Klasse der Cathinone.<br \/>\nDar\u00fcber hinaus teilt es viele \u00c4hnlichkeiten mit den anderen bekannteren Chemikalien MDPV und A-PHP<a href=\"https:\/\/cokebricks.com\/es\/\">.<\/a><\/p>\n<p>Trotz struktureller \u00c4hnlichkeiten mit Substanzen, die getestet wurden und gr\u00fcnes Licht f\u00fcr die Aufnahme durch den Menschen erhalten haben, ist \u03b1-PHiP streng f\u00fcr Forschungszwecke bestimmt und darf nicht konsumiert werden.<\/p>\n<p>Chemische Eigenschaften von \u03b1-PHiP<\/p>\n<p>Formel der Chemikalien: C23H27N3O2<\/p>\n<p>Vollst\u00e4ndiger Name: 4-Phenyl-2-(pyrrolidin-1-yl)pentan-1-on<\/p>\n<p>Gewicht in Molek\u00fclen: g\/mol<\/p>\n<p>&gt; 98 % Reinheit<\/p>\n<h3>Wo wird das \u03b1-PHiP verkauft?<\/h3>\n<p><a href=\"https:\/\/poudresdenarco.com\/de\/\">PuderDenarco<\/a>, ein zuverl\u00e4ssiger N1-Lieferant, bietet \u03b1-PHiP in Laborqualit\u00e4t in Form von hochwertigem Pulversalz an. PulverDenarco ist die beste Quelle f\u00fcr den Kauf von Forschungschemikalien. Bitte beachten Sie, dass Sie mindestens 18 Jahre alt sein m\u00fcssen, um \u03b1-PHiP bei PoudresDenarco zu kaufen. Nicht alle kommerziellen Forschungschemikalien sind f\u00fcr den menschlichen Verzehr bestimmt; sie d\u00fcrfen nur f\u00fcr Forschungszwecke und Laborexperimente verwendet werden.<\/p>\n<h4><strong>Hochreines Alpha-PiHP f\u00fcr die Forschung kaufen - Narco-Pulver<\/strong><\/h4>\n<p><strong>Narco-Pulver<\/strong> ist Ihre Vertrauensquelle f\u00fcr den <strong>Alpha-PiHP in Forschungsqualit\u00e4t<\/strong>, die speziell f\u00fcr <strong>wissenschaftliche Anwendungen im Labor<\/strong>. Unser Alpha-PiHP wird nach strengen Reinheits- und Qualit\u00e4tsstandards hergestellt und bietet Forschern in der Chemie und Pharmakologie gleichbleibende Ergebnisse.<\/p>\n<h3>Warum sollten Sie sich f\u00fcr Alpha-PiHP von Narco Powders entscheiden?<\/h3>\n<p>Als <strong>Anbieter von Alpha-PiHP f\u00fcr die Forschung<\/strong>, <strong>Narco-Pulver<\/strong> garantiert Produkte, die den Anforderungen der <strong>zertifizierte Labore<\/strong> :<\/p>\n<ul>\n<li><strong>Hochreines Alpha-PiHP f\u00fcr Laboratorien<\/strong> : Jede Charge wird streng getestet, um eine optimale Reinheit zu gew\u00e4hrleisten, die entscheidend ist f\u00fcr <strong>hochpr\u00e4zise wissenschaftliche Anwendungen<\/strong>.<\/li>\n<li><strong>Konstante und zuverl\u00e4ssige Qualit\u00e4t<\/strong> : Unser Alpha-PiHP ist f\u00fcr eine stabile und zuverl\u00e4ssige Leistung formuliert, die an die <strong>analytische Studien im Labor<\/strong>.<\/li>\n<li><strong>Sichere Online-Bestellung<\/strong> : <strong>Narco-Pulver<\/strong> schl\u00e4gt ein vereinfachtes Verfahren f\u00fcr die<strong>online Kauf von Alpha-PiHP<\/strong>Die Daten werden in einer Datenbank gespeichert, die Sicherheit und Konformit\u00e4t f\u00fcr Forscher gew\u00e4hrleistet.<\/li>\n<\/ul>\n<h3>Anwendungen und Sicherheitshinweise<\/h3>\n<p>Die <strong>Alpha-PiHP f\u00fcr die Suche<\/strong> von <strong>Narco-Pulver<\/strong> ist f\u00fcr <strong>analytische Anwendungen und wissenschaftliche Studien<\/strong>. Wir geben Sicherheitsempfehlungen f\u00fcr eine optimale Nutzung :<\/p>\n<ul>\n<li><strong>Sichere Aufbewahrung<\/strong> : Bewahren Sie Alpha-PiHP an einem k\u00fchlen, trockenen und lichtgesch\u00fctzten Ort auf, um seine Qualit\u00e4t zu erhalten.<\/li>\n<li><strong>Handhabung mit Vorsichtsma\u00dfnahmen<\/strong> : Verwenden Sie pers\u00f6nliche Schutzausr\u00fcstung (PSA) und arbeiten Sie in einem gut bel\u00fcfteten Raum, um die Sicherheit zu gew\u00e4hrleisten.<\/li>\n<li><strong>Streng auf die Forschung beschr\u00e4nkte Nutzung<\/strong> : Dieses Produkt ist ausschlie\u00dflich f\u00fcr zertifizierte Labore und qualifizierte Forscher in kontrollierter Umgebung bestimmt.<\/li>\n<\/ul>\n<h3>Bestellen Sie hochreines Alpha-PiHP f\u00fcr Ihre wissenschaftlichen Studien<\/h3>\n<p>Mit <strong>Narco-Pulver<\/strong>Sie erhalten einen <strong>zuverl\u00e4ssige Versorgung mit Alpha-PiHP f\u00fcr Laboranwendungen<\/strong>. Unsere Qualit\u00e4ts- und Sicherheitsstandards machen <strong>Narco-Pulver<\/strong> die vertrauensw\u00fcrdige Wahl f\u00fcr Forschungsprofis. <strong>Kontaktieren Sie uns<\/strong> um ein Angebot zu erhalten oder um mehr \u00fcber unser Angebot an hochreinen Produkten f\u00fcr die wissenschaftliche Forschung zu erfahren.<\/p>","protected":false},"excerpt":{"rendered":"<p>Qu&rsquo;est-ce que l&rsquo;\u03b1-PHiP\u00a0? Acheter l&rsquo;\u03b1-PHiP, parfois appel\u00e9 alpha-PHiP, est un isom\u00e8re structurel de sa mol\u00e9cule m\u00e8re Pyrovalerone et un membre de la classe des cathinones. De plus, il partage de nombreuses similitudes avec les autres produits chimiques plus connus MDPV et A-PHP. Malgr\u00e9 des similitudes structurelles avec des substances qui ont subi des tests et&hellip;<\/p>","protected":false},"featured_media":6192,"comment_status":"open","ping_status":"closed","template":"","meta":{"_joinchat":[]},"product_cat":[558,751],"product_tag":[],"class_list":{"0":"post-6030","1":"product","2":"type-product","3":"status-publish","4":"has-post-thumbnail","6":"product_cat-chimiques-de-recherche","7":"product_cat-stimulants","9":"first","10":"instock","11":"shipping-taxable","12":"purchasable","13":"product-type-variable","14":"col-xs-6 col-sm-4","15":"col-md-3 col-lg-3","16":"un-4-cols"},"yoast_head":"<!-- This site is optimized with the Yoast SEO plugin v23.8 - https:\/\/yoast.com\/wordpress\/plugins\/seo\/ -->\n<title>Acheter Alpha-PiHP pour la Recherche | Poudres de Narco<\/title>\n<meta name=\"description\" content=\"Fournisseur de Alpha-PiHP pour applications scientifiques en laboratoire. Puret\u00e9 et s\u00e9curit\u00e9 garanties pour recherches avanc\u00e9es chez Poudres de Narco.\" \/>\n<meta name=\"robots\" content=\"index, follow, max-snippet:-1, max-image-preview:large, max-video-preview:-1\" \/>\n<link rel=\"canonical\" href=\"https:\/\/poudresdenarco.com\/de\/produkt\/alpha-pihp\/\" \/>\n<meta property=\"og:locale\" content=\"de_DE\" \/>\n<meta property=\"og:type\" content=\"article\" \/>\n<meta property=\"og:title\" content=\"Acheter Alpha-PiHP pour la Recherche | Poudres de Narco\" \/>\n<meta property=\"og:description\" content=\"Fournisseur de Alpha-PiHP pour applications scientifiques en laboratoire. Puret\u00e9 et s\u00e9curit\u00e9 garanties pour recherches avanc\u00e9es chez Poudres de Narco.\" \/>\n<meta property=\"og:url\" content=\"https:\/\/poudresdenarco.com\/de\/produkt\/alpha-pihp\/\" \/>\n<meta property=\"og:site_name\" content=\"Poudresde Narco\" \/>\n<meta property=\"article:modified_time\" content=\"2024-12-23T09:29:29+00:00\" \/>\n<meta property=\"og:image\" content=\"https:\/\/poudresdenarco.com\/wp-content\/uploads\/2024\/10\/Alpha-Pihp.gif\" \/>\n\t<meta property=\"og:image:width\" content=\"600\" \/>\n\t<meta property=\"og:image:height\" content=\"600\" \/>\n\t<meta property=\"og:image:type\" content=\"image\/gif\" \/>\n<meta name=\"twitter:card\" content=\"summary_large_image\" \/>\n<meta name=\"twitter:label1\" content=\"Gesch\u00e4tzte Lesezeit\" \/>\n\t<meta name=\"twitter:data1\" content=\"3 Minuten\" \/>\n<script type=\"application\/ld+json\" class=\"yoast-schema-graph\">{\"@context\":\"https:\/\/schema.org\",\"@graph\":[{\"@type\":\"WebPage\",\"@id\":\"https:\/\/poudresdenarco.com\/produit\/alpha-pihp\/\",\"url\":\"https:\/\/poudresdenarco.com\/produit\/alpha-pihp\/\",\"name\":\"Acheter Alpha-PiHP pour la Recherche | Poudres de Narco\",\"isPartOf\":{\"@id\":\"https:\/\/poudresdenarco.com\/#website\"},\"primaryImageOfPage\":{\"@id\":\"https:\/\/poudresdenarco.com\/produit\/alpha-pihp\/#primaryimage\"},\"image\":{\"@id\":\"https:\/\/poudresdenarco.com\/produit\/alpha-pihp\/#primaryimage\"},\"thumbnailUrl\":\"https:\/\/poudresdenarco.com\/wp-content\/uploads\/2024\/10\/Alpha-Pihp.gif\",\"datePublished\":\"2024-10-16T11:32:29+00:00\",\"dateModified\":\"2024-12-23T09:29:29+00:00\",\"description\":\"Fournisseur de Alpha-PiHP pour applications scientifiques en laboratoire. Puret\u00e9 et s\u00e9curit\u00e9 garanties pour recherches avanc\u00e9es chez Poudres de Narco.\",\"breadcrumb\":{\"@id\":\"https:\/\/poudresdenarco.com\/produit\/alpha-pihp\/#breadcrumb\"},\"inLanguage\":\"de\",\"potentialAction\":[{\"@type\":\"ReadAction\",\"target\":[\"https:\/\/poudresdenarco.com\/produit\/alpha-pihp\/\"]}]},{\"@type\":\"ImageObject\",\"inLanguage\":\"de\",\"@id\":\"https:\/\/poudresdenarco.com\/produit\/alpha-pihp\/#primaryimage\",\"url\":\"https:\/\/poudresdenarco.com\/wp-content\/uploads\/2024\/10\/Alpha-Pihp.gif\",\"contentUrl\":\"https:\/\/poudresdenarco.com\/wp-content\/uploads\/2024\/10\/Alpha-Pihp.gif\",\"width\":600,\"height\":600,\"caption\":\"Alpha-Pihp\"},{\"@type\":\"BreadcrumbList\",\"@id\":\"https:\/\/poudresdenarco.com\/produit\/alpha-pihp\/#breadcrumb\",\"itemListElement\":[{\"@type\":\"ListItem\",\"position\":1,\"name\":\"Home\",\"item\":\"https:\/\/poudresdenarco.com\/\"},{\"@type\":\"ListItem\",\"position\":2,\"name\":\"Boutique\",\"item\":\"https:\/\/poudresdenarco.com\/boutique\/\"},{\"@type\":\"ListItem\",\"position\":3,\"name\":\"Alpha-Pihp\"}]},{\"@type\":\"WebSite\",\"@id\":\"https:\/\/poudresdenarco.com\/#website\",\"url\":\"https:\/\/poudresdenarco.com\/\",\"name\":\"Poudresde Narco\",\"description\":\"Acheter de la coca\u00efne et de l&#039;h\u00e9ro\u00efne en ligne\",\"potentialAction\":[{\"@type\":\"SearchAction\",\"target\":{\"@type\":\"EntryPoint\",\"urlTemplate\":\"https:\/\/poudresdenarco.com\/?s={search_term_string}\"},\"query-input\":{\"@type\":\"PropertyValueSpecification\",\"valueRequired\":true,\"valueName\":\"search_term_string\"}}],\"inLanguage\":\"de\"}]}<\/script>\n<!-- \/ Yoast SEO plugin. -->","yoast_head_json":{"title":"Acheter Alpha-PiHP pour la Recherche | Poudres de Narco","description":"Fournisseur de Alpha-PiHP pour applications scientifiques en laboratoire. Puret\u00e9 et s\u00e9curit\u00e9 garanties pour recherches avanc\u00e9es chez Poudres de Narco.","robots":{"index":"index","follow":"follow","max-snippet":"max-snippet:-1","max-image-preview":"max-image-preview:large","max-video-preview":"max-video-preview:-1"},"canonical":"https:\/\/poudresdenarco.com\/de\/produkt\/alpha-pihp\/","og_locale":"de_DE","og_type":"article","og_title":"Acheter Alpha-PiHP pour la Recherche | Poudres de Narco","og_description":"Fournisseur de Alpha-PiHP pour applications scientifiques en laboratoire. Puret\u00e9 et s\u00e9curit\u00e9 garanties pour recherches avanc\u00e9es chez Poudres de Narco.","og_url":"https:\/\/poudresdenarco.com\/de\/produkt\/alpha-pihp\/","og_site_name":"Poudresde Narco","article_modified_time":"2024-12-23T09:29:29+00:00","og_image":[{"width":600,"height":600,"url":"https:\/\/poudresdenarco.com\/wp-content\/uploads\/2024\/10\/Alpha-Pihp.gif","type":"image\/gif"}],"twitter_card":"summary_large_image","twitter_misc":{"Gesch\u00e4tzte Lesezeit":"3 Minuten"},"schema":{"@context":"https:\/\/schema.org","@graph":[{"@type":"WebPage","@id":"https:\/\/poudresdenarco.com\/produit\/alpha-pihp\/","url":"https:\/\/poudresdenarco.com\/produit\/alpha-pihp\/","name":"Acheter Alpha-PiHP pour la Recherche | Poudres de Narco","isPartOf":{"@id":"https:\/\/poudresdenarco.com\/#website"},"primaryImageOfPage":{"@id":"https:\/\/poudresdenarco.com\/produit\/alpha-pihp\/#primaryimage"},"image":{"@id":"https:\/\/poudresdenarco.com\/produit\/alpha-pihp\/#primaryimage"},"thumbnailUrl":"https:\/\/poudresdenarco.com\/wp-content\/uploads\/2024\/10\/Alpha-Pihp.gif","datePublished":"2024-10-16T11:32:29+00:00","dateModified":"2024-12-23T09:29:29+00:00","description":"Fournisseur de Alpha-PiHP pour applications scientifiques en laboratoire. Puret\u00e9 et s\u00e9curit\u00e9 garanties pour recherches avanc\u00e9es chez Poudres de Narco.","breadcrumb":{"@id":"https:\/\/poudresdenarco.com\/produit\/alpha-pihp\/#breadcrumb"},"inLanguage":"de","potentialAction":[{"@type":"ReadAction","target":["https:\/\/poudresdenarco.com\/produit\/alpha-pihp\/"]}]},{"@type":"ImageObject","inLanguage":"de","@id":"https:\/\/poudresdenarco.com\/produit\/alpha-pihp\/#primaryimage","url":"https:\/\/poudresdenarco.com\/wp-content\/uploads\/2024\/10\/Alpha-Pihp.gif","contentUrl":"https:\/\/poudresdenarco.com\/wp-content\/uploads\/2024\/10\/Alpha-Pihp.gif","width":600,"height":600,"caption":"Alpha-Pihp"},{"@type":"BreadcrumbList","@id":"https:\/\/poudresdenarco.com\/produit\/alpha-pihp\/#breadcrumb","itemListElement":[{"@type":"ListItem","position":1,"name":"Home","item":"https:\/\/poudresdenarco.com\/"},{"@type":"ListItem","position":2,"name":"Boutique","item":"https:\/\/poudresdenarco.com\/boutique\/"},{"@type":"ListItem","position":3,"name":"Alpha-Pihp"}]},{"@type":"WebSite","@id":"https:\/\/poudresdenarco.com\/#website","url":"https:\/\/poudresdenarco.com\/","name":"Poudresde Narco","description":"Acheter de la coca\u00efne et de l&#039;h\u00e9ro\u00efne en ligne","potentialAction":[{"@type":"SearchAction","target":{"@type":"EntryPoint","urlTemplate":"https:\/\/poudresdenarco.com\/?s={search_term_string}"},"query-input":{"@type":"PropertyValueSpecification","valueRequired":true,"valueName":"search_term_string"}}],"inLanguage":"de"}]}},"_links":{"self":[{"href":"https:\/\/poudresdenarco.com\/de\/wp-json\/wp\/v2\/product\/6030","targetHints":{"allow":["GET"]}}],"collection":[{"href":"https:\/\/poudresdenarco.com\/de\/wp-json\/wp\/v2\/product"}],"about":[{"href":"https:\/\/poudresdenarco.com\/de\/wp-json\/wp\/v2\/types\/product"}],"replies":[{"embeddable":true,"href":"https:\/\/poudresdenarco.com\/de\/wp-json\/wp\/v2\/comments?post=6030"}],"wp:featuredmedia":[{"embeddable":true,"href":"https:\/\/poudresdenarco.com\/de\/wp-json\/wp\/v2\/media\/6192"}],"wp:attachment":[{"href":"https:\/\/poudresdenarco.com\/de\/wp-json\/wp\/v2\/media?parent=6030"}],"wp:term":[{"taxonomy":"product_cat","embeddable":true,"href":"https:\/\/poudresdenarco.com\/de\/wp-json\/wp\/v2\/product_cat?post=6030"},{"taxonomy":"product_tag","embeddable":true,"href":"https:\/\/poudresdenarco.com\/de\/wp-json\/wp\/v2\/product_tag?post=6030"}],"curies":[{"name":"wp","href":"https:\/\/api.w.org\/{rel}","templated":true}]}}