{"id":6040,"date":"2024-10-16T11:32:31","date_gmt":"2024-10-16T11:32:31","guid":{"rendered":"https:\/\/poudresdenarco.com\/?post_type=product&#038;p=6040"},"modified":"2024-11-02T12:23:46","modified_gmt":"2024-11-02T12:23:46","slug":"2c-b","status":"publish","type":"product","link":"https:\/\/poudresdenarco.com\/de\/produkt\/2c-b\/","title":{"rendered":"2c-B"},"content":{"rendered":"<h2>2c-B (2-Aminoindan)<br \/>\nBeschreibung<\/h2>\n<p><a href=\"https:\/\/poudresdenarco.com\/de\/produkt\/2c-b\/\">2c-B<\/a> aufgrund des Mangels an Forschung zu der Substanz, basiert jede Diskussion \u00fcber ihre Pharmakologie rein auf ihrer Struktur und den \u00c4hnlichkeiten in den subjektiven Wirkungen mit anderen Stimulanzien wie Amphetamin, Methamphetamin und 2C-B kaufen.<\/p>\n<p>2c-B wirkt h\u00f6chstwahrscheinlich sowohl als Dopamin- als auch als Noradrenalin freisetzendes Mittel.<\/p>\n<p>2c-B erh\u00f6ht wirksam die Spiegel der Neurotransmitter Noradrenalin und Dopamin im Gehirn, indem es die Transportproteine, die diese Monoamine normalerweise aus dem synaptischen Spalt entfernen, bindet und teilweise blockiert. <a href=\"https:\/\/poudresdenarco.com\/de\/\">PuderDenarco<\/a><\/p>\n<p>Dadurch k\u00f6nnen sich Dopamin und Noradrenalin im Gehirn ansammeln, was zu stimulierenden und euphorisierenden Effekten f\u00fchrt.<\/p>\n<h3>Physische Auswirkungen von 2c-B<\/h3>\n<p>2c-B-Stimulation - In Bezug auf die Auswirkungen auf das k\u00f6rperliche Energieniveau des Anwenders wird 2c-B allgemein als energetisch und stimulierend in einer Weise angesehen, die der von Amphetamin \u00e4hnelt, aber st\u00e4rker ist als die von Modafinil oder Koffein.<\/p>\n<p>Es ist \u00e4hnlich, aber unterscheidet sich von der Stimulation, die mit MDMA empfunden wird, und ermutigt zu k\u00f6rperlichen Aktivit\u00e4ten wie Tanzen, Sozialisierung, Laufen oder Hausarbeit.<\/p>\n<p>Der besondere Stil der Stimulation, den die 2-AI aufweist, kann als erzwungen beschrieben werden.<\/p>\n<p>Das bedeutet, dass es bei h\u00f6heren Dosen schwierig bis unm\u00f6glich wird, stillzustehen, da es zu Kieferpressen, unwillk\u00fcrlichem K\u00f6rperzittern und Vibrationen kommt, was zu extremem Zittern des ganzen K\u00f6rpers, instabilen H\u00e4nden und einem allgemeinen Mangel an motorischer Kontrolle f\u00fchrt.<\/p>\n<p>Linderung der Schmerzen des<a href=\"https:\/\/en.wikipedia.org\/wiki\/2C-B\"> 2c-B<\/a> - Viele anekdotische Berichte deuten darauf hin, dass diese Verbindung Schmerzen auf eine Art und Weise unterdr\u00fccken kann, die den Opioiden etwas \u00e4hnelt, ohne die deutliche k\u00f6rperliche Euphorie.<\/p>\n<p><strong>Hochreines 2C-B f\u00fcr die Forschung kaufen - Narco-Pulver<\/strong><\/p>\n<p>Narco Powders ist Ihre vertrauensw\u00fcrdige Quelle f\u00fcr den <strong>2C-B Qualit\u00e4t suchen<\/strong>Die Website ist ausschlie\u00dflich f\u00fcr <strong>Laboranwendungen und wissenschaftliche Studien<\/strong>. Unser 2C-B wird nach strengen Reinheitsstandards hergestellt und gew\u00e4hrleistet zuverl\u00e4ssige Ergebnisse f\u00fcr Forscher in der Chemie und Pharmakologie, die Produkte von gleichbleibend hoher und sicherer Qualit\u00e4t ben\u00f6tigen.<\/p>\n<h3>Warum sollten Sie sich f\u00fcr 2C-B von Narco Powders entscheiden?<\/h3>\n<p>Als <strong>2C-B-Lieferant f\u00fcr die Forschung<\/strong>Wir haben uns verpflichtet, ein Produkt anzubieten, das getestet wurde und den hohen Sicherheitsstandards f\u00fcr Forschungsumgebungen entspricht:<\/p>\n<ul>\n<li><strong>Reinheit Hoch<\/strong> 2C-B: Jede Charge von 2C-B wird streng analysiert, um die h\u00f6chste Reinheit zu gew\u00e4hrleisten, die f\u00fcr pr\u00e4zise Experimente unerl\u00e4sslich ist.<\/li>\n<li><strong>Konstante Qualit\u00e4t<\/strong> : Unser 2C-B wurde entwickelt, um in spezialisierten Forschungslabors konsistente Ergebnisse zu liefern.<\/li>\n<li><strong>Sichere Bestellung<\/strong> : Wir erleichtern die<strong>Kauf von 2C-B f\u00fcr wissenschaftliche Anwendungen<\/strong>Sie k\u00f6nnen Ihre Bestellung \u00fcber einen sicheren und vertraulichen Bestellvorgang aufgeben.<\/li>\n<\/ul>\n<h3>Anwendungen und Sicherheitshinweise<\/h3>\n<p>Die <strong>2C-B<\/strong> von Narco-Pulvern ist f\u00fcr Forscher im Labor f\u00fcr <strong>analytische Anwendungen<\/strong> und <strong>Chemiestudien<\/strong>. Um einen bestimmungsgem\u00e4\u00dfen und sicheren Gebrauch zu gew\u00e4hrleisten, geben wir Empfehlungen f\u00fcr die Handhabung :<\/p>\n<ul>\n<li><strong>Sichere Aufbewahrung<\/strong> : Bewahren Sie 2C-B an einem k\u00fchlen, trockenen Ort auf, der vor direktem Licht gesch\u00fctzt ist.<\/li>\n<li><strong>Handhabung mit Vorsicht<\/strong> : Verwenden Sie pers\u00f6nliche Schutzausr\u00fcstung (PSA) und arbeiten Sie in einer gut bel\u00fcfteten Umgebung.<\/li>\n<li><strong>Streng auf die Forschung beschr\u00e4nkte Nutzung<\/strong> : Dieses Produkt ist f\u00fcr autorisierte Labore und Forscher in kontrollierten Umgebungen bestimmt Kaufen 2C-B.<\/li>\n<\/ul>\n<h3>Bestellen Sie 2C-B f\u00fcr Ihre Forschungsstudien<\/h3>\n<p>Narco Powders bietet Ihnen eine zuverl\u00e4ssige L\u00f6sung f\u00fcr die Versorgung mit <strong>2C-B von hoher Reinheit<\/strong>. <strong>Kontaktieren Sie uns<\/strong> f\u00fcr weitere Informationen oder ein Angebot \u00fcber unser Produktangebot f\u00fcr Laboranwendungen.<\/p>\n<p>&nbsp;<\/p>","protected":false},"excerpt":{"rendered":"<p>2c-B (2-Aminoindane) Description 2c-B en raison du manque de recherche concernant la substance, toute discussion concernant sa pharmacologie est purement bas\u00e9e sur sa structure et ses similitudes d&rsquo;effets subjectifs avec d&rsquo;autres stimulants tels que l&rsquo;amph\u00e9tamine, la m\u00e9thamph\u00e9tamine et le Acheter 2C-B. Le 2c-B agit tr\u00e8s probablement \u00e0 la fois comme un agent lib\u00e9rateur de dopamine&hellip;<\/p>","protected":false},"featured_media":6199,"comment_status":"open","ping_status":"closed","template":"","meta":{"_joinchat":[]},"product_cat":[744],"product_tag":[],"class_list":{"0":"post-6040","1":"product","2":"type-product","3":"status-publish","4":"has-post-thumbnail","6":"product_cat-cocaine","8":"first","9":"instock","10":"shipping-taxable","11":"purchasable","12":"product-type-variable","13":"col-xs-6 col-sm-4","14":"col-md-3 col-lg-3","15":"un-4-cols"},"yoast_head":"<!-- This site is optimized with the Yoast SEO plugin v23.8 - https:\/\/yoast.com\/wordpress\/plugins\/seo\/ -->\n<title>Acheter 2C-B de Qualit\u00e9 pour la Recherche | Poudres de Narco<\/title>\n<meta name=\"description\" content=\"Fournisseur de 2C-B pour la recherche scientifique. Puret\u00e9 garantie pour applications en laboratoire chez Poudres de Narco.\" \/>\n<meta name=\"robots\" content=\"index, follow, max-snippet:-1, max-image-preview:large, max-video-preview:-1\" \/>\n<link rel=\"canonical\" href=\"https:\/\/poudresdenarco.com\/de\/produkt\/2c-b\/\" \/>\n<meta property=\"og:locale\" content=\"de_DE\" \/>\n<meta property=\"og:type\" content=\"article\" \/>\n<meta property=\"og:title\" content=\"Acheter 2C-B de Qualit\u00e9 pour la Recherche | Poudres de Narco\" \/>\n<meta property=\"og:description\" content=\"Fournisseur de 2C-B pour la recherche scientifique. Puret\u00e9 garantie pour applications en laboratoire chez Poudres de Narco.\" \/>\n<meta property=\"og:url\" content=\"https:\/\/poudresdenarco.com\/de\/produkt\/2c-b\/\" \/>\n<meta property=\"og:site_name\" content=\"Poudresde Narco\" \/>\n<meta property=\"article:modified_time\" content=\"2024-11-02T12:23:46+00:00\" \/>\n<meta property=\"og:image\" content=\"https:\/\/poudresdenarco.com\/wp-content\/uploads\/2024\/10\/2c-B.gif\" \/>\n\t<meta property=\"og:image:width\" content=\"600\" \/>\n\t<meta property=\"og:image:height\" content=\"600\" \/>\n\t<meta property=\"og:image:type\" content=\"image\/gif\" \/>\n<meta name=\"twitter:card\" content=\"summary_large_image\" \/>\n<meta name=\"twitter:label1\" content=\"Gesch\u00e4tzte Lesezeit\" \/>\n\t<meta name=\"twitter:data1\" content=\"3 Minuten\" \/>\n<script type=\"application\/ld+json\" class=\"yoast-schema-graph\">{\"@context\":\"https:\/\/schema.org\",\"@graph\":[{\"@type\":\"WebPage\",\"@id\":\"https:\/\/poudresdenarco.com\/produit\/2c-b\/\",\"url\":\"https:\/\/poudresdenarco.com\/produit\/2c-b\/\",\"name\":\"Acheter 2C-B de Qualit\u00e9 pour la Recherche | Poudres de Narco\",\"isPartOf\":{\"@id\":\"https:\/\/poudresdenarco.com\/#website\"},\"primaryImageOfPage\":{\"@id\":\"https:\/\/poudresdenarco.com\/produit\/2c-b\/#primaryimage\"},\"image\":{\"@id\":\"https:\/\/poudresdenarco.com\/produit\/2c-b\/#primaryimage\"},\"thumbnailUrl\":\"https:\/\/poudresdenarco.com\/wp-content\/uploads\/2024\/10\/2c-B.gif\",\"datePublished\":\"2024-10-16T11:32:31+00:00\",\"dateModified\":\"2024-11-02T12:23:46+00:00\",\"description\":\"Fournisseur de 2C-B pour la recherche scientifique. Puret\u00e9 garantie pour applications en laboratoire chez Poudres de Narco.\",\"breadcrumb\":{\"@id\":\"https:\/\/poudresdenarco.com\/produit\/2c-b\/#breadcrumb\"},\"inLanguage\":\"de\",\"potentialAction\":[{\"@type\":\"ReadAction\",\"target\":[\"https:\/\/poudresdenarco.com\/produit\/2c-b\/\"]}]},{\"@type\":\"ImageObject\",\"inLanguage\":\"de\",\"@id\":\"https:\/\/poudresdenarco.com\/produit\/2c-b\/#primaryimage\",\"url\":\"https:\/\/poudresdenarco.com\/wp-content\/uploads\/2024\/10\/2c-B.gif\",\"contentUrl\":\"https:\/\/poudresdenarco.com\/wp-content\/uploads\/2024\/10\/2c-B.gif\",\"width\":600,\"height\":600,\"caption\":\"2c-B\"},{\"@type\":\"BreadcrumbList\",\"@id\":\"https:\/\/poudresdenarco.com\/produit\/2c-b\/#breadcrumb\",\"itemListElement\":[{\"@type\":\"ListItem\",\"position\":1,\"name\":\"Home\",\"item\":\"https:\/\/poudresdenarco.com\/\"},{\"@type\":\"ListItem\",\"position\":2,\"name\":\"Boutique\",\"item\":\"https:\/\/poudresdenarco.com\/boutique\/\"},{\"@type\":\"ListItem\",\"position\":3,\"name\":\"2c-B\"}]},{\"@type\":\"WebSite\",\"@id\":\"https:\/\/poudresdenarco.com\/#website\",\"url\":\"https:\/\/poudresdenarco.com\/\",\"name\":\"Poudresde Narco\",\"description\":\"Acheter de la coca\u00efne et de l&#039;h\u00e9ro\u00efne en ligne\",\"potentialAction\":[{\"@type\":\"SearchAction\",\"target\":{\"@type\":\"EntryPoint\",\"urlTemplate\":\"https:\/\/poudresdenarco.com\/?s={search_term_string}\"},\"query-input\":{\"@type\":\"PropertyValueSpecification\",\"valueRequired\":true,\"valueName\":\"search_term_string\"}}],\"inLanguage\":\"de\"}]}<\/script>\n<!-- \/ Yoast SEO plugin. -->","yoast_head_json":{"title":"Acheter 2C-B de Qualit\u00e9 pour la Recherche | Poudres de Narco","description":"Fournisseur de 2C-B pour la recherche scientifique. Puret\u00e9 garantie pour applications en laboratoire chez Poudres de Narco.","robots":{"index":"index","follow":"follow","max-snippet":"max-snippet:-1","max-image-preview":"max-image-preview:large","max-video-preview":"max-video-preview:-1"},"canonical":"https:\/\/poudresdenarco.com\/de\/produkt\/2c-b\/","og_locale":"de_DE","og_type":"article","og_title":"Acheter 2C-B de Qualit\u00e9 pour la Recherche | Poudres de Narco","og_description":"Fournisseur de 2C-B pour la recherche scientifique. Puret\u00e9 garantie pour applications en laboratoire chez Poudres de Narco.","og_url":"https:\/\/poudresdenarco.com\/de\/produkt\/2c-b\/","og_site_name":"Poudresde Narco","article_modified_time":"2024-11-02T12:23:46+00:00","og_image":[{"width":600,"height":600,"url":"https:\/\/poudresdenarco.com\/wp-content\/uploads\/2024\/10\/2c-B.gif","type":"image\/gif"}],"twitter_card":"summary_large_image","twitter_misc":{"Gesch\u00e4tzte Lesezeit":"3 Minuten"},"schema":{"@context":"https:\/\/schema.org","@graph":[{"@type":"WebPage","@id":"https:\/\/poudresdenarco.com\/produit\/2c-b\/","url":"https:\/\/poudresdenarco.com\/produit\/2c-b\/","name":"Acheter 2C-B de Qualit\u00e9 pour la Recherche | Poudres de Narco","isPartOf":{"@id":"https:\/\/poudresdenarco.com\/#website"},"primaryImageOfPage":{"@id":"https:\/\/poudresdenarco.com\/produit\/2c-b\/#primaryimage"},"image":{"@id":"https:\/\/poudresdenarco.com\/produit\/2c-b\/#primaryimage"},"thumbnailUrl":"https:\/\/poudresdenarco.com\/wp-content\/uploads\/2024\/10\/2c-B.gif","datePublished":"2024-10-16T11:32:31+00:00","dateModified":"2024-11-02T12:23:46+00:00","description":"Fournisseur de 2C-B pour la recherche scientifique. Puret\u00e9 garantie pour applications en laboratoire chez Poudres de Narco.","breadcrumb":{"@id":"https:\/\/poudresdenarco.com\/produit\/2c-b\/#breadcrumb"},"inLanguage":"de","potentialAction":[{"@type":"ReadAction","target":["https:\/\/poudresdenarco.com\/produit\/2c-b\/"]}]},{"@type":"ImageObject","inLanguage":"de","@id":"https:\/\/poudresdenarco.com\/produit\/2c-b\/#primaryimage","url":"https:\/\/poudresdenarco.com\/wp-content\/uploads\/2024\/10\/2c-B.gif","contentUrl":"https:\/\/poudresdenarco.com\/wp-content\/uploads\/2024\/10\/2c-B.gif","width":600,"height":600,"caption":"2c-B"},{"@type":"BreadcrumbList","@id":"https:\/\/poudresdenarco.com\/produit\/2c-b\/#breadcrumb","itemListElement":[{"@type":"ListItem","position":1,"name":"Home","item":"https:\/\/poudresdenarco.com\/"},{"@type":"ListItem","position":2,"name":"Boutique","item":"https:\/\/poudresdenarco.com\/boutique\/"},{"@type":"ListItem","position":3,"name":"2c-B"}]},{"@type":"WebSite","@id":"https:\/\/poudresdenarco.com\/#website","url":"https:\/\/poudresdenarco.com\/","name":"Poudresde Narco","description":"Acheter de la coca\u00efne et de l&#039;h\u00e9ro\u00efne en ligne","potentialAction":[{"@type":"SearchAction","target":{"@type":"EntryPoint","urlTemplate":"https:\/\/poudresdenarco.com\/?s={search_term_string}"},"query-input":{"@type":"PropertyValueSpecification","valueRequired":true,"valueName":"search_term_string"}}],"inLanguage":"de"}]}},"_links":{"self":[{"href":"https:\/\/poudresdenarco.com\/de\/wp-json\/wp\/v2\/product\/6040","targetHints":{"allow":["GET"]}}],"collection":[{"href":"https:\/\/poudresdenarco.com\/de\/wp-json\/wp\/v2\/product"}],"about":[{"href":"https:\/\/poudresdenarco.com\/de\/wp-json\/wp\/v2\/types\/product"}],"replies":[{"embeddable":true,"href":"https:\/\/poudresdenarco.com\/de\/wp-json\/wp\/v2\/comments?post=6040"}],"wp:featuredmedia":[{"embeddable":true,"href":"https:\/\/poudresdenarco.com\/de\/wp-json\/wp\/v2\/media\/6199"}],"wp:attachment":[{"href":"https:\/\/poudresdenarco.com\/de\/wp-json\/wp\/v2\/media?parent=6040"}],"wp:term":[{"taxonomy":"product_cat","embeddable":true,"href":"https:\/\/poudresdenarco.com\/de\/wp-json\/wp\/v2\/product_cat?post=6040"},{"taxonomy":"product_tag","embeddable":true,"href":"https:\/\/poudresdenarco.com\/de\/wp-json\/wp\/v2\/product_tag?post=6040"}],"curies":[{"name":"wp","href":"https:\/\/api.w.org\/{rel}","templated":true}]}}