{"id":6043,"date":"2024-10-16T11:32:31","date_gmt":"2024-10-16T11:32:31","guid":{"rendered":"https:\/\/poudresdenarco.com\/?post_type=product&#038;p=6043"},"modified":"2024-12-23T09:34:13","modified_gmt":"2024-12-23T09:34:13","slug":"mdma","status":"publish","type":"product","link":"https:\/\/poudresdenarco.com\/de\/produkt\/mdma\/","title":{"rendered":"MDMA"},"content":{"rendered":"<h2>Acheter MDMA en ligne.<\/h2>\n<p>Les cristaux de poudre <a href=\"https:\/\/poudresdenarco.com\/de\/produkt\/mdma\/\">MDMA<\/a> sont une combinaison stimulante et psych\u00e9d\u00e9lique qui provoque des distorsions \u00e9nerg\u00e9tiques, une perception alt\u00e9r\u00e9e du temps et un plaisir accru des stimuli tactile Acheter MDMA.<br \/>\n1, 2 Les effets de la MDMA, qui signifie 3,4-m\u00e9thyl\u00e8nedioxym\u00e9thamph\u00e9tamine, sont g\u00e9n\u00e9ralement ressentis trois \u00e0 six heures apr\u00e8s une administration orale, g\u00e9n\u00e9ralement sous forme de comprim\u00e9 ou de capsule.<\/p>\n<p>Une \u00e0 deux pilules, contenant chacune entre 60 et 120 milligrammes de MDMA, est la dose habituellement rapport\u00e9e.<\/p>\n<p>Lorsque les effets de la premi\u00e8re dose commencent \u00e0 s&rsquo;estomper, il est habituel que les utilisateurs prennent une deuxi\u00e8me dose du m\u00e9dicament.<\/p>\n<p>La 3,4-m\u00e9thyl\u00e8nedioxym\u00e9thamph\u00e9tamine, ou cristaux de poudre MDMA, est une substance synth\u00e9tique qui affecte l&rsquo;humeur et la perception (conscience de l&rsquo;environnement). <a href=\"https:\/\/poudresdenarco.com\/de\/\">PuderDenarco<\/a><\/p>\n<p>Elle produit des sentiments d&rsquo;\u00e9nergie accrue, de plaisir, de chaleur \u00e9motionnelle et de perception sensorielle et temporelle biais\u00e9e. Chimiquement, elle est comparable \u00e0 la fois aux stimulants et aux hallucinog\u00e8nes.<\/p>\n<p>Les cristaux de poudre de <a href=\"https:\/\/en.wikipedia.org\/wiki\/MDMA\">MDMA<\/a> ont gagn\u00e9 en popularit\u00e9 dans l\u2019industrie des bo\u00eetes de nuit et lors des soir\u00e9es dansantes, ou \u00ab raves \u00bb, mais les consommateurs actuels de cette substance sont plus diversifi\u00e9s et plus susceptibles de l\u2019appeler Molly ou Ecstasy.<\/p>\n<h3><strong>Acheter du MDMA de Haute Puret\u00e9 pour la Recherche &#8211; Poudres de Narco<\/strong><\/h3>\n<p><strong>Narco-Pulver<\/strong> ist Ihre Vertrauensquelle f\u00fcr den <strong>MDMA de qualit\u00e9 recherche<\/strong>Die Software ist ausschlie\u00dflich f\u00fcr den Einsatz in <strong>wissenschaftliche Anwendungen im Labor<\/strong>. Notre MDMA est produit selon des normes rigoureuses de puret\u00e9 et de qualit\u00e9, garantissant des r\u00e9sultats fiables pour les chercheurs en chimie et pharmacologie.<\/p>\n<h3>Pourquoi Choisir le MDMA de Poudres de Narco ?<\/h3>\n<p>Als <strong>fournisseur de MDMA pour la recherche<\/strong>, <strong>Narco-Pulver<\/strong> verpflichtet sich, Produkte zu liefern, die den Anforderungen der <strong>zertifizierte Labore<\/strong> :<\/p>\n<ul>\n<li><strong>MDMA de Haute Puret\u00e9 pour Laboratoires<\/strong> : Jede Charge wird streng getestet, um eine optimale Reinheit zu gew\u00e4hrleisten, die entscheidend ist f\u00fcr <strong>wissenschaftliche Pr\u00e4zisionsanwendungen<\/strong>.<\/li>\n<li><strong>Konstante und zuverl\u00e4ssige Qualit\u00e4t<\/strong> : Notre MDMA est formul\u00e9 pour des performances stables et fiables, adapt\u00e9es aux <strong>analytische Studien im Labor<\/strong>.<\/li>\n<li><strong>Sichere Online-Bestellung<\/strong> : <strong>Narco-Pulver<\/strong> propose un processus simplifi\u00e9 et s\u00e9curis\u00e9 pour l\u2019<strong>achat de MDMA en ligne<\/strong>Die Daten werden in einer Datenbank gespeichert, die Sicherheit und Konformit\u00e4t f\u00fcr Forscher gew\u00e4hrleistet.<\/li>\n<\/ul>\n<h3>Anwendungen und Sicherheitshinweise<\/h3>\n<p>Die <strong>MDMA pour recherche<\/strong> von <strong>Narco-Pulver<\/strong> richtet sich an <strong>analytische Anwendungen und wissenschaftliche Studien<\/strong>. Um einen bestimmungsgem\u00e4\u00dfen und sicheren Gebrauch zu gew\u00e4hrleisten, stellen wir genaue Sicherheitshinweise zur Verf\u00fcgung :<\/p>\n<ul>\n<li><strong>Sichere Aufbewahrung<\/strong> : Conservez le MDMA dans un endroit frais, sec, et \u00e0 l\u2019abri de la lumi\u00e8re pour maintenir sa qualit\u00e9.<\/li>\n<li><strong>Handhabung mit Vorsichtsma\u00dfnahmen<\/strong> : Verwenden Sie pers\u00f6nliche Schutzausr\u00fcstung (PSA) und arbeiten Sie in einer gut bel\u00fcfteten Umgebung, um die Sicherheit zu gew\u00e4hrleisten.<\/li>\n<li><strong>Streng auf die Forschung beschr\u00e4nkte Nutzung<\/strong> : Dieses Produkt ist ausschlie\u00dflich f\u00fcr qualifizierte Forscher und zertifizierte Labore bestimmt.<\/li>\n<\/ul>\n<h3>Commandez du MDMA de Haute Puret\u00e9 pour vos \u00c9tudes Scientifiques<\/h3>\n<p>Mit <strong>Narco-Pulver<\/strong>profitieren Sie von einem <strong>approvisionnement fiable en MDMA pour applications de laboratoire<\/strong>. Unsere hohen Qualit\u00e4ts- und Sicherheitsstandards machen <strong>Narco-Pulver<\/strong> die ideale Wahl f\u00fcr Forschungsprofis. <strong>Kontaktieren Sie uns<\/strong> um ein Angebot zu erhalten oder um mehr \u00fcber unser Angebot an hochreinen Produkten f\u00fcr die wissenschaftliche Forschung zu erfahren.<\/p>\n<p>&nbsp;<\/p>","protected":false},"excerpt":{"rendered":"<p>Acheter MDMA en ligne. Les cristaux de poudre MDMA sont une combinaison stimulante et psych\u00e9d\u00e9lique qui provoque des distorsions \u00e9nerg\u00e9tiques, une perception alt\u00e9r\u00e9e du temps et un plaisir accru des stimuli tactile Acheter MDMA. 1, 2 Les effets de la MDMA, qui signifie 3,4-m\u00e9thyl\u00e8nedioxym\u00e9thamph\u00e9tamine, sont g\u00e9n\u00e9ralement ressentis trois \u00e0 six heures apr\u00e8s une administration orale,&hellip;<\/p>","protected":false},"featured_media":6196,"comment_status":"open","ping_status":"closed","template":"","meta":{"_joinchat":[]},"product_cat":[558,751],"product_tag":[],"class_list":{"0":"post-6043","1":"product","2":"type-product","3":"status-publish","4":"has-post-thumbnail","6":"product_cat-chimiques-de-recherche","7":"product_cat-stimulants","9":"first","10":"instock","11":"shipping-taxable","12":"purchasable","13":"product-type-variable","14":"col-xs-6 col-sm-4","15":"col-md-3 col-lg-3","16":"un-4-cols"},"yoast_head":"<!-- This site is optimized with the Yoast SEO plugin v23.8 - https:\/\/yoast.com\/wordpress\/plugins\/seo\/ -->\n<title>Acheter MDMA de Haute la Recherche | Poudres de Narco<\/title>\n<meta name=\"description\" content=\"Fournisseur de MDMA pour applications scientifiques en laboratoire. Puret\u00e9 et s\u00e9curit\u00e9 garanties pour recherches avanc\u00e9es chez Poudres de Narco.\" \/>\n<meta name=\"robots\" content=\"index, follow, max-snippet:-1, max-image-preview:large, max-video-preview:-1\" \/>\n<link rel=\"canonical\" href=\"https:\/\/poudresdenarco.com\/de\/produkt\/mdma\/\" \/>\n<meta property=\"og:locale\" content=\"de_DE\" \/>\n<meta property=\"og:type\" content=\"article\" \/>\n<meta property=\"og:title\" content=\"Acheter MDMA de Haute la Recherche | Poudres de Narco\" \/>\n<meta property=\"og:description\" content=\"Fournisseur de MDMA pour applications scientifiques en laboratoire. Puret\u00e9 et s\u00e9curit\u00e9 garanties pour recherches avanc\u00e9es chez Poudres de Narco.\" \/>\n<meta property=\"og:url\" content=\"https:\/\/poudresdenarco.com\/de\/produkt\/mdma\/\" \/>\n<meta property=\"og:site_name\" content=\"Poudresde Narco\" \/>\n<meta property=\"article:modified_time\" content=\"2024-12-23T09:34:13+00:00\" \/>\n<meta property=\"og:image\" content=\"https:\/\/poudresdenarco.com\/wp-content\/uploads\/2024\/10\/MDMA-1.gif\" \/>\n\t<meta property=\"og:image:width\" content=\"600\" \/>\n\t<meta property=\"og:image:height\" content=\"600\" \/>\n\t<meta property=\"og:image:type\" content=\"image\/gif\" \/>\n<meta name=\"twitter:card\" content=\"summary_large_image\" \/>\n<meta name=\"twitter:label1\" content=\"Gesch\u00e4tzte Lesezeit\" \/>\n\t<meta name=\"twitter:data1\" content=\"3 Minuten\" \/>\n<script type=\"application\/ld+json\" class=\"yoast-schema-graph\">{\"@context\":\"https:\/\/schema.org\",\"@graph\":[{\"@type\":\"WebPage\",\"@id\":\"https:\/\/poudresdenarco.com\/produit\/mdma\/\",\"url\":\"https:\/\/poudresdenarco.com\/produit\/mdma\/\",\"name\":\"Acheter MDMA de Haute la Recherche | Poudres de Narco\",\"isPartOf\":{\"@id\":\"https:\/\/poudresdenarco.com\/#website\"},\"primaryImageOfPage\":{\"@id\":\"https:\/\/poudresdenarco.com\/produit\/mdma\/#primaryimage\"},\"image\":{\"@id\":\"https:\/\/poudresdenarco.com\/produit\/mdma\/#primaryimage\"},\"thumbnailUrl\":\"https:\/\/poudresdenarco.com\/wp-content\/uploads\/2024\/10\/MDMA-1.gif\",\"datePublished\":\"2024-10-16T11:32:31+00:00\",\"dateModified\":\"2024-12-23T09:34:13+00:00\",\"description\":\"Fournisseur de MDMA pour applications scientifiques en laboratoire. Puret\u00e9 et s\u00e9curit\u00e9 garanties pour recherches avanc\u00e9es chez Poudres de Narco.\",\"breadcrumb\":{\"@id\":\"https:\/\/poudresdenarco.com\/produit\/mdma\/#breadcrumb\"},\"inLanguage\":\"de\",\"potentialAction\":[{\"@type\":\"ReadAction\",\"target\":[\"https:\/\/poudresdenarco.com\/produit\/mdma\/\"]}]},{\"@type\":\"ImageObject\",\"inLanguage\":\"de\",\"@id\":\"https:\/\/poudresdenarco.com\/produit\/mdma\/#primaryimage\",\"url\":\"https:\/\/poudresdenarco.com\/wp-content\/uploads\/2024\/10\/MDMA-1.gif\",\"contentUrl\":\"https:\/\/poudresdenarco.com\/wp-content\/uploads\/2024\/10\/MDMA-1.gif\",\"width\":600,\"height\":600,\"caption\":\"MDMA\"},{\"@type\":\"BreadcrumbList\",\"@id\":\"https:\/\/poudresdenarco.com\/produit\/mdma\/#breadcrumb\",\"itemListElement\":[{\"@type\":\"ListItem\",\"position\":1,\"name\":\"Home\",\"item\":\"https:\/\/poudresdenarco.com\/\"},{\"@type\":\"ListItem\",\"position\":2,\"name\":\"Boutique\",\"item\":\"https:\/\/poudresdenarco.com\/boutique\/\"},{\"@type\":\"ListItem\",\"position\":3,\"name\":\"MDMA\"}]},{\"@type\":\"WebSite\",\"@id\":\"https:\/\/poudresdenarco.com\/#website\",\"url\":\"https:\/\/poudresdenarco.com\/\",\"name\":\"Poudresde Narco\",\"description\":\"Acheter de la coca\u00efne et de l&#039;h\u00e9ro\u00efne en ligne\",\"potentialAction\":[{\"@type\":\"SearchAction\",\"target\":{\"@type\":\"EntryPoint\",\"urlTemplate\":\"https:\/\/poudresdenarco.com\/?s={search_term_string}\"},\"query-input\":{\"@type\":\"PropertyValueSpecification\",\"valueRequired\":true,\"valueName\":\"search_term_string\"}}],\"inLanguage\":\"de\"}]}<\/script>\n<!-- \/ Yoast SEO plugin. -->","yoast_head_json":{"title":"Acheter MDMA de Haute la Recherche | Poudres de Narco","description":"Fournisseur de MDMA pour applications scientifiques en laboratoire. Puret\u00e9 et s\u00e9curit\u00e9 garanties pour recherches avanc\u00e9es chez Poudres de Narco.","robots":{"index":"index","follow":"follow","max-snippet":"max-snippet:-1","max-image-preview":"max-image-preview:large","max-video-preview":"max-video-preview:-1"},"canonical":"https:\/\/poudresdenarco.com\/de\/produkt\/mdma\/","og_locale":"de_DE","og_type":"article","og_title":"Acheter MDMA de Haute la Recherche | Poudres de Narco","og_description":"Fournisseur de MDMA pour applications scientifiques en laboratoire. Puret\u00e9 et s\u00e9curit\u00e9 garanties pour recherches avanc\u00e9es chez Poudres de Narco.","og_url":"https:\/\/poudresdenarco.com\/de\/produkt\/mdma\/","og_site_name":"Poudresde Narco","article_modified_time":"2024-12-23T09:34:13+00:00","og_image":[{"width":600,"height":600,"url":"https:\/\/poudresdenarco.com\/wp-content\/uploads\/2024\/10\/MDMA-1.gif","type":"image\/gif"}],"twitter_card":"summary_large_image","twitter_misc":{"Gesch\u00e4tzte Lesezeit":"3 Minuten"},"schema":{"@context":"https:\/\/schema.org","@graph":[{"@type":"WebPage","@id":"https:\/\/poudresdenarco.com\/produit\/mdma\/","url":"https:\/\/poudresdenarco.com\/produit\/mdma\/","name":"Acheter MDMA de Haute la Recherche | Poudres de Narco","isPartOf":{"@id":"https:\/\/poudresdenarco.com\/#website"},"primaryImageOfPage":{"@id":"https:\/\/poudresdenarco.com\/produit\/mdma\/#primaryimage"},"image":{"@id":"https:\/\/poudresdenarco.com\/produit\/mdma\/#primaryimage"},"thumbnailUrl":"https:\/\/poudresdenarco.com\/wp-content\/uploads\/2024\/10\/MDMA-1.gif","datePublished":"2024-10-16T11:32:31+00:00","dateModified":"2024-12-23T09:34:13+00:00","description":"Fournisseur de MDMA pour applications scientifiques en laboratoire. Puret\u00e9 et s\u00e9curit\u00e9 garanties pour recherches avanc\u00e9es chez Poudres de Narco.","breadcrumb":{"@id":"https:\/\/poudresdenarco.com\/produit\/mdma\/#breadcrumb"},"inLanguage":"de","potentialAction":[{"@type":"ReadAction","target":["https:\/\/poudresdenarco.com\/produit\/mdma\/"]}]},{"@type":"ImageObject","inLanguage":"de","@id":"https:\/\/poudresdenarco.com\/produit\/mdma\/#primaryimage","url":"https:\/\/poudresdenarco.com\/wp-content\/uploads\/2024\/10\/MDMA-1.gif","contentUrl":"https:\/\/poudresdenarco.com\/wp-content\/uploads\/2024\/10\/MDMA-1.gif","width":600,"height":600,"caption":"MDMA"},{"@type":"BreadcrumbList","@id":"https:\/\/poudresdenarco.com\/produit\/mdma\/#breadcrumb","itemListElement":[{"@type":"ListItem","position":1,"name":"Home","item":"https:\/\/poudresdenarco.com\/"},{"@type":"ListItem","position":2,"name":"Boutique","item":"https:\/\/poudresdenarco.com\/boutique\/"},{"@type":"ListItem","position":3,"name":"MDMA"}]},{"@type":"WebSite","@id":"https:\/\/poudresdenarco.com\/#website","url":"https:\/\/poudresdenarco.com\/","name":"Poudresde Narco","description":"Acheter de la coca\u00efne et de l&#039;h\u00e9ro\u00efne en ligne","potentialAction":[{"@type":"SearchAction","target":{"@type":"EntryPoint","urlTemplate":"https:\/\/poudresdenarco.com\/?s={search_term_string}"},"query-input":{"@type":"PropertyValueSpecification","valueRequired":true,"valueName":"search_term_string"}}],"inLanguage":"de"}]}},"_links":{"self":[{"href":"https:\/\/poudresdenarco.com\/de\/wp-json\/wp\/v2\/product\/6043","targetHints":{"allow":["GET"]}}],"collection":[{"href":"https:\/\/poudresdenarco.com\/de\/wp-json\/wp\/v2\/product"}],"about":[{"href":"https:\/\/poudresdenarco.com\/de\/wp-json\/wp\/v2\/types\/product"}],"replies":[{"embeddable":true,"href":"https:\/\/poudresdenarco.com\/de\/wp-json\/wp\/v2\/comments?post=6043"}],"wp:featuredmedia":[{"embeddable":true,"href":"https:\/\/poudresdenarco.com\/de\/wp-json\/wp\/v2\/media\/6196"}],"wp:attachment":[{"href":"https:\/\/poudresdenarco.com\/de\/wp-json\/wp\/v2\/media?parent=6043"}],"wp:term":[{"taxonomy":"product_cat","embeddable":true,"href":"https:\/\/poudresdenarco.com\/de\/wp-json\/wp\/v2\/product_cat?post=6043"},{"taxonomy":"product_tag","embeddable":true,"href":"https:\/\/poudresdenarco.com\/de\/wp-json\/wp\/v2\/product_tag?post=6043"}],"curies":[{"name":"wp","href":"https:\/\/api.w.org\/{rel}","templated":true}]}}