{"id":6044,"date":"2024-10-16T11:32:31","date_gmt":"2024-10-16T11:32:31","guid":{"rendered":"https:\/\/poudresdenarco.com\/?post_type=product&#038;p=6044"},"modified":"2026-01-23T08:05:46","modified_gmt":"2026-01-23T08:05:46","slug":"mdphp-free-base","status":"publish","type":"product","link":"https:\/\/poudresdenarco.com\/de\/produkt\/mdphp-free-base\/","title":{"rendered":"Mdphp free-base"},"content":{"rendered":"<h2>MDPHP Free-Base online kaufen<\/h2>\n<p>Kaufen <a href=\"https:\/\/poudresdenarco.com\/de\/produkt\/mdphp-free-base\/\">MDPHP<\/a> ist ein naher Verwandter des bekannteren Stimulans MDPV, das urspr\u00fcnglich von einem deutschen Pharmaunternehmen in den 1960er Jahren entwickelt wurde MDPHP kaufen Free-Niederlande<a href=\"https:\/\/cokebricks.com\/de\/produkt\/etizolam\/\">.<\/a><\/p>\n<p>Auch bekannt als (3\u2032,4\u2032-Methylendioxy-\u03b1-pyrrolidinohexiophenon) oder \"Monkey Dust\", wirkt MDPHP als Noradrenalin- und Dopamin-Wiederaufnahmehemmer (NDRI) und sieht als Hydrochlorid (HCL) wie ein sehr feines, kristallines Pulver aus. Eine erhebliche Menge an Informationen \u00fcber MDPHP und seine Wirkungen wird in Studien aus verschiedenen Internetforen und wissenschaftlichen Studien berichtet, jedoch ist die zuk\u00fcnftige Legalit\u00e4t und die m\u00f6gliche Aufnahme in das Opiumgesetz unklar. Derzeit ist es in weiten Teilen Europas noch legal, daher freuen wir uns bei Chemical Planet, MDPHP-Pulver in Laborqualit\u00e4t f\u00fcr Forschungszwecke anbieten zu k\u00f6nnen. Weitere technische Informationen sind unten f\u00fcr Ihren visuellen Genuss aufgelistet!<\/p>\n<p>IUPAC-Name: 3\u2032,4\u2032-Methylendioxy-\u03b1-pyrrolidinohexiophenon<\/p>\n<p>CAS-Nummer: 776994-64-0<\/p>\n<p>Form: freie Basis<\/p>\n<p>NMR-Analyse: C17H23NO3<\/p>\n<p>Sicherheitsma\u00dfnahmen<\/p>\n<p>Es wird empfohlen, beim Umgang mit MDPHP-Pulver im Labor Handschuhe, Schutzbrille und Atemschutzger\u00e4te zu tragen; es handelt sich um ein feines Pulver, das sich leicht in der Luft verbreiten und versehentlich eingeatmet werden k\u00f6nnte.<\/p>\n<p>Im Falle einer versehentlichen Exposition wird empfohlen, das Produktetikett (mit IUPAC- und CAS-Informationen) dem medizinischen Fachpersonal zu zeigen.<\/p>\n<p>Versehentlicher Kontakt mit den Augen sollte sofort behandelt werden, indem man nach dem Entfernen der Kontaktlinsen mit viel Wasser sp\u00fclt.<\/p>\n<h3><strong>Hochreine MDPHP Free-Base f\u00fcr Forschungszwecke kaufen - Narco-Pulver<\/strong><\/h3>\n<p><strong>Narco-Pulver<\/strong> ist Ihr vertrauensw\u00fcrdiger Anbieter f\u00fcr den <strong>MDPHP Free-Base Qualit\u00e4t sucht<\/strong>, speziell entwickelt f\u00fcr <strong>wissenschaftliche Anwendungen im Labor<\/strong>. Unser MDPHP Free-Base wird nach strengen Reinheits- und Qualit\u00e4tsstandards hergestellt und garantiert zuverl\u00e4ssige Ergebnisse f\u00fcr Forscher in der Chemie und Pharmakologie, MDPHP Free-Base kaufen.<\/p>\n<h3>Warum sollten Sie sich f\u00fcr Narcos Free-Based MDPHP entscheiden?<\/h3>\n<p>Als <strong>Anbieter von MDPHP Free-Base f\u00fcr die Forschung<\/strong>, <strong>Narco-Pulver<\/strong> garantiert streng getestete Produkte, die den Anforderungen der <strong>zertifizierte Labore<\/strong> :<\/p>\n<ul>\n<li><strong>MDPHP Free-Base mit hoher Reinheit f\u00fcr Laboratorien<\/strong> : Jede Charge wird streng getestet, um eine optimale Reinheit zu gew\u00e4hrleisten, die entscheidend ist f\u00fcr <strong>wissenschaftliche Pr\u00e4zisionsanwendungen<\/strong>.<\/li>\n<li><strong>Konstante und zuverl\u00e4ssige Qualit\u00e4t<\/strong> : Unser MDPHP Free-Base ist f\u00fcr eine stabile und zuverl\u00e4ssige Leistung formuliert, geeignet f\u00fcr <strong>analytische Studien im Labor<\/strong>.<\/li>\n<li><strong>Sichere Online-Bestellung<\/strong> : <strong>Narco-Pulver<\/strong> bietet einen sicheren und vereinfachten Prozess f\u00fcr die<strong>online MDPHP Free-Base kaufen<\/strong>Die Daten werden in einer Datenbank gespeichert, die Sicherheit und Konformit\u00e4t f\u00fcr Forscher gew\u00e4hrleistet.<\/li>\n<\/ul>\n<h3>Anwendungen und Sicherheitshinweise<\/h3>\n<p>Die <strong>MDPHP Free-Base f\u00fcr die Suche<\/strong> von <strong>Narco-Pulver<\/strong> ist f\u00fcr <strong>analytische Anwendungen und wissenschaftliche Studien<\/strong>. Um einen bestimmungsgem\u00e4\u00dfen und sicheren Gebrauch zu gew\u00e4hrleisten, stellen wir genaue Sicherheitshinweise zur Verf\u00fcgung :<\/p>\n<ul>\n<li><strong>Sichere Aufbewahrung<\/strong> : Bewahren Sie MDPHP Free-Base an einem k\u00fchlen, trockenen und lichtgesch\u00fctzten Ort auf, um seine Qualit\u00e4t zu erhalten.<\/li>\n<li><strong>Handhabung mit Vorsichtsma\u00dfnahmen<\/strong> : Verwenden Sie pers\u00f6nliche Schutzausr\u00fcstung (PSA) und arbeiten Sie in einer gut bel\u00fcfteten Umgebung, um die Sicherheit zu gew\u00e4hrleisten.<\/li>\n<li><strong>Streng auf die Forschung beschr\u00e4nkte Nutzung<\/strong> : Dieses Produkt ist ausschlie\u00dflich f\u00fcr qualifizierte Forscher und zertifizierte Labore bestimmt.<\/li>\n<\/ul>\n<h3>Bestellen Sie hochreines MDPHP Free-Base f\u00fcr Ihre wissenschaftlichen Studien<\/h3>\n<p>Mit <strong>Narco-Pulver<\/strong>profitieren Sie von einem <strong>zuverl\u00e4ssige Versorgung mit MDPHP Free-Base f\u00fcr Laboranwendungen<\/strong>. Unsere hohen Qualit\u00e4ts- und Sicherheitsstandards machen <strong>Narco-Pulver<\/strong> die vertrauensw\u00fcrdige Wahl f\u00fcr Forschungsprofis. <strong>Kontaktieren Sie uns<\/strong> um ein Angebot zu erhalten oder um mehr \u00fcber unser Angebot an hochreinen Produkten f\u00fcr die wissenschaftliche Forschung zu erfahren.<\/p>\n<hr \/>\n<h3>Wo kann man MDPHP kaufen?<\/h3>\n<p>Bei <a href=\"https:\/\/poudresdenarco.com\/de\/\">PuderDenarco<\/a>Wir sind stolz darauf, das hochwertigste verf\u00fcgbare HDPCM in Laborqualit\u00e4t anbieten zu k\u00f6nnen. PulverDenarco ist die erste Wahl f\u00fcr diejenigen, die Forschungschemikalien kaufen wollen. Wir testen alle unsere Best\u00e4nde rigoros mit GC MS, bevor wir sie zum Verkauf anbieten.<\/p>\n<p>Bitte beachte, dass du mindestens 18 Jahre alt oder \u00e4lter sein musst, um <a href=\"https:\/\/en.wikipedia.org\/wiki\/MDPHP\">MDPHP<\/a> bei PoudresDenarco. Alle verkauften Forschungschemikalien sind ausschlie\u00dflich f\u00fcr die Verwendung in der Laborforschung bestimmt und streng genommen nicht f\u00fcr den menschlichen Verzehr.<\/p>\n<h3>Ist das MDPHP legal?<\/h3>\n<p>In Bezug auf die Legalit\u00e4t von MDPHP raten wir Ihnen dringend, sich auf die entsprechenden Gesetze in Ihrem Wohnsitzland\/Ihrer Lieferadresse zu beziehen.<\/p>\n<p>Wir bem\u00fchen uns, das Risiko f\u00fcr unsere Kunden durch unsere aktiven Versandbeschr\u00e4nkungen zu minimieren.<\/p>\n<p>ABER: Die Gesetzgebung \u00e4ndert sich weltweit st\u00e4ndig, und PuderDenarco kann keine Verantwortung f\u00fcr etwaige Komplikationen \u00fcbernehmen. Letztendlich liegt es in der Verantwortung des K\u00e4ufers, sicherzustellen, dass das Produkt nicht gegen irgendwelche Gesetze oder Rechtsvorschriften am Bestimmungsort der Sendung verst\u00f6\u00dft Kaufen MDPHP Free-Niederlande.<\/p>","protected":false},"excerpt":{"rendered":"<p>Acheter MDPHP Free-Base en ligne Acheter MDPHP est un proche parent d&rsquo;un stimulant plus connu, le MDPV, qui a \u00e9t\u00e9 d\u00e9velopp\u00e9 \u00e0 l&rsquo;origine par une soci\u00e9t\u00e9 pharmaceutique allemande dans les ann\u00e9es 1960 Acheter MDPHP Free-Bas. \u00c9galement connu sous le nom de (3&prime;,4&prime;-m\u00e9thyl\u00e8nedioxy-\u03b1-pyrrolidinohexioph\u00e9none) ou \u00ab Monkey Dust \u00bb, le MDPHP agit comme un inhibiteur de la&hellip;<\/p>","protected":false},"featured_media":6195,"comment_status":"open","ping_status":"closed","template":"","meta":{"_joinchat":[]},"product_cat":[558],"product_tag":[],"class_list":{"0":"post-6044","1":"product","2":"type-product","3":"status-publish","4":"has-post-thumbnail","6":"product_cat-chimiques-de-recherche","8":"first","9":"instock","10":"shipping-taxable","11":"purchasable","12":"product-type-variable","13":"col-xs-6 col-sm-4","14":"col-md-3 col-lg-3","15":"un-4-cols"},"yoast_head":"<!-- This site is optimized with the Yoast SEO plugin v23.8 - https:\/\/yoast.com\/wordpress\/plugins\/seo\/ -->\n<title>Acheter MDPHP Free-Base | Poudres de Narco<\/title>\n<meta name=\"description\" content=\"Fournisseur de MDPHP Free-Base pour applications scientifiques en laboratoire. Puret\u00e9 et s\u00e9curit\u00e9 garanties pour recherches avanc\u00e9es chez Poudres de Narco. Acheter MDPHP Free-Bas\" \/>\n<meta name=\"robots\" content=\"index, follow, max-snippet:-1, max-image-preview:large, max-video-preview:-1\" \/>\n<link rel=\"canonical\" href=\"https:\/\/poudresdenarco.com\/de\/produkt\/mdphp-free-base\/\" \/>\n<meta property=\"og:locale\" content=\"de_DE\" \/>\n<meta property=\"og:type\" content=\"article\" \/>\n<meta property=\"og:title\" content=\"Acheter MDPHP Free-Base | Poudres de Narco\" \/>\n<meta property=\"og:description\" content=\"Fournisseur de MDPHP Free-Base pour applications scientifiques en laboratoire. Puret\u00e9 et s\u00e9curit\u00e9 garanties pour recherches avanc\u00e9es chez Poudres de Narco. Acheter MDPHP Free-Bas\" \/>\n<meta property=\"og:url\" content=\"https:\/\/poudresdenarco.com\/de\/produkt\/mdphp-free-base\/\" \/>\n<meta property=\"og:site_name\" content=\"Poudresde Narco\" \/>\n<meta property=\"article:modified_time\" content=\"2026-01-23T08:05:46+00:00\" \/>\n<meta property=\"og:image\" content=\"https:\/\/poudresdenarco.com\/wp-content\/uploads\/2024\/10\/Mdphp-free-base.gif\" \/>\n\t<meta property=\"og:image:width\" content=\"600\" \/>\n\t<meta property=\"og:image:height\" content=\"600\" \/>\n\t<meta property=\"og:image:type\" content=\"image\/gif\" \/>\n<meta name=\"twitter:card\" content=\"summary_large_image\" \/>\n<meta name=\"twitter:label1\" content=\"Gesch\u00e4tzte Lesezeit\" \/>\n\t<meta name=\"twitter:data1\" content=\"4 Minuten\" \/>\n<script type=\"application\/ld+json\" class=\"yoast-schema-graph\">{\"@context\":\"https:\/\/schema.org\",\"@graph\":[{\"@type\":\"WebPage\",\"@id\":\"https:\/\/poudresdenarco.com\/produit\/mdphp-free-base\/\",\"url\":\"https:\/\/poudresdenarco.com\/produit\/mdphp-free-base\/\",\"name\":\"Acheter MDPHP Free-Base | Poudres de Narco\",\"isPartOf\":{\"@id\":\"https:\/\/poudresdenarco.com\/#website\"},\"primaryImageOfPage\":{\"@id\":\"https:\/\/poudresdenarco.com\/produit\/mdphp-free-base\/#primaryimage\"},\"image\":{\"@id\":\"https:\/\/poudresdenarco.com\/produit\/mdphp-free-base\/#primaryimage\"},\"thumbnailUrl\":\"https:\/\/poudresdenarco.com\/wp-content\/uploads\/2024\/10\/Mdphp-free-base.gif\",\"datePublished\":\"2024-10-16T11:32:31+00:00\",\"dateModified\":\"2026-01-23T08:05:46+00:00\",\"description\":\"Fournisseur de MDPHP Free-Base pour applications scientifiques en laboratoire. Puret\u00e9 et s\u00e9curit\u00e9 garanties pour recherches avanc\u00e9es chez Poudres de Narco. Acheter MDPHP Free-Bas\",\"breadcrumb\":{\"@id\":\"https:\/\/poudresdenarco.com\/produit\/mdphp-free-base\/#breadcrumb\"},\"inLanguage\":\"de\",\"potentialAction\":[{\"@type\":\"ReadAction\",\"target\":[\"https:\/\/poudresdenarco.com\/produit\/mdphp-free-base\/\"]}]},{\"@type\":\"ImageObject\",\"inLanguage\":\"de\",\"@id\":\"https:\/\/poudresdenarco.com\/produit\/mdphp-free-base\/#primaryimage\",\"url\":\"https:\/\/poudresdenarco.com\/wp-content\/uploads\/2024\/10\/Mdphp-free-base.gif\",\"contentUrl\":\"https:\/\/poudresdenarco.com\/wp-content\/uploads\/2024\/10\/Mdphp-free-base.gif\",\"width\":600,\"height\":600,\"caption\":\"Mdphp-free-base\"},{\"@type\":\"BreadcrumbList\",\"@id\":\"https:\/\/poudresdenarco.com\/produit\/mdphp-free-base\/#breadcrumb\",\"itemListElement\":[{\"@type\":\"ListItem\",\"position\":1,\"name\":\"Home\",\"item\":\"https:\/\/poudresdenarco.com\/\"},{\"@type\":\"ListItem\",\"position\":2,\"name\":\"Boutique\",\"item\":\"https:\/\/poudresdenarco.com\/boutique\/\"},{\"@type\":\"ListItem\",\"position\":3,\"name\":\"Mdphp free-base\"}]},{\"@type\":\"WebSite\",\"@id\":\"https:\/\/poudresdenarco.com\/#website\",\"url\":\"https:\/\/poudresdenarco.com\/\",\"name\":\"Poudresde Narco\",\"description\":\"Acheter de la coca\u00efne et de l&#039;h\u00e9ro\u00efne en ligne\",\"potentialAction\":[{\"@type\":\"SearchAction\",\"target\":{\"@type\":\"EntryPoint\",\"urlTemplate\":\"https:\/\/poudresdenarco.com\/?s={search_term_string}\"},\"query-input\":{\"@type\":\"PropertyValueSpecification\",\"valueRequired\":true,\"valueName\":\"search_term_string\"}}],\"inLanguage\":\"de\"}]}<\/script>\n<!-- \/ Yoast SEO plugin. -->","yoast_head_json":{"title":"Acheter MDPHP Free-Base | Poudres de Narco","description":"Fournisseur de MDPHP Free-Base pour applications scientifiques en laboratoire. Puret\u00e9 et s\u00e9curit\u00e9 garanties pour recherches avanc\u00e9es chez Poudres de Narco. Acheter MDPHP Free-Bas","robots":{"index":"index","follow":"follow","max-snippet":"max-snippet:-1","max-image-preview":"max-image-preview:large","max-video-preview":"max-video-preview:-1"},"canonical":"https:\/\/poudresdenarco.com\/de\/produkt\/mdphp-free-base\/","og_locale":"de_DE","og_type":"article","og_title":"Acheter MDPHP Free-Base | Poudres de Narco","og_description":"Fournisseur de MDPHP Free-Base pour applications scientifiques en laboratoire. Puret\u00e9 et s\u00e9curit\u00e9 garanties pour recherches avanc\u00e9es chez Poudres de Narco. Acheter MDPHP Free-Bas","og_url":"https:\/\/poudresdenarco.com\/de\/produkt\/mdphp-free-base\/","og_site_name":"Poudresde Narco","article_modified_time":"2026-01-23T08:05:46+00:00","og_image":[{"width":600,"height":600,"url":"https:\/\/poudresdenarco.com\/wp-content\/uploads\/2024\/10\/Mdphp-free-base.gif","type":"image\/gif"}],"twitter_card":"summary_large_image","twitter_misc":{"Gesch\u00e4tzte Lesezeit":"4 Minuten"},"schema":{"@context":"https:\/\/schema.org","@graph":[{"@type":"WebPage","@id":"https:\/\/poudresdenarco.com\/produit\/mdphp-free-base\/","url":"https:\/\/poudresdenarco.com\/produit\/mdphp-free-base\/","name":"Acheter MDPHP Free-Base | Poudres de Narco","isPartOf":{"@id":"https:\/\/poudresdenarco.com\/#website"},"primaryImageOfPage":{"@id":"https:\/\/poudresdenarco.com\/produit\/mdphp-free-base\/#primaryimage"},"image":{"@id":"https:\/\/poudresdenarco.com\/produit\/mdphp-free-base\/#primaryimage"},"thumbnailUrl":"https:\/\/poudresdenarco.com\/wp-content\/uploads\/2024\/10\/Mdphp-free-base.gif","datePublished":"2024-10-16T11:32:31+00:00","dateModified":"2026-01-23T08:05:46+00:00","description":"Fournisseur de MDPHP Free-Base pour applications scientifiques en laboratoire. Puret\u00e9 et s\u00e9curit\u00e9 garanties pour recherches avanc\u00e9es chez Poudres de Narco. Acheter MDPHP Free-Bas","breadcrumb":{"@id":"https:\/\/poudresdenarco.com\/produit\/mdphp-free-base\/#breadcrumb"},"inLanguage":"de","potentialAction":[{"@type":"ReadAction","target":["https:\/\/poudresdenarco.com\/produit\/mdphp-free-base\/"]}]},{"@type":"ImageObject","inLanguage":"de","@id":"https:\/\/poudresdenarco.com\/produit\/mdphp-free-base\/#primaryimage","url":"https:\/\/poudresdenarco.com\/wp-content\/uploads\/2024\/10\/Mdphp-free-base.gif","contentUrl":"https:\/\/poudresdenarco.com\/wp-content\/uploads\/2024\/10\/Mdphp-free-base.gif","width":600,"height":600,"caption":"Mdphp-free-base"},{"@type":"BreadcrumbList","@id":"https:\/\/poudresdenarco.com\/produit\/mdphp-free-base\/#breadcrumb","itemListElement":[{"@type":"ListItem","position":1,"name":"Home","item":"https:\/\/poudresdenarco.com\/"},{"@type":"ListItem","position":2,"name":"Boutique","item":"https:\/\/poudresdenarco.com\/boutique\/"},{"@type":"ListItem","position":3,"name":"Mdphp free-base"}]},{"@type":"WebSite","@id":"https:\/\/poudresdenarco.com\/#website","url":"https:\/\/poudresdenarco.com\/","name":"Poudresde Narco","description":"Acheter de la coca\u00efne et de l&#039;h\u00e9ro\u00efne en ligne","potentialAction":[{"@type":"SearchAction","target":{"@type":"EntryPoint","urlTemplate":"https:\/\/poudresdenarco.com\/?s={search_term_string}"},"query-input":{"@type":"PropertyValueSpecification","valueRequired":true,"valueName":"search_term_string"}}],"inLanguage":"de"}]}},"_links":{"self":[{"href":"https:\/\/poudresdenarco.com\/de\/wp-json\/wp\/v2\/product\/6044","targetHints":{"allow":["GET"]}}],"collection":[{"href":"https:\/\/poudresdenarco.com\/de\/wp-json\/wp\/v2\/product"}],"about":[{"href":"https:\/\/poudresdenarco.com\/de\/wp-json\/wp\/v2\/types\/product"}],"replies":[{"embeddable":true,"href":"https:\/\/poudresdenarco.com\/de\/wp-json\/wp\/v2\/comments?post=6044"}],"wp:featuredmedia":[{"embeddable":true,"href":"https:\/\/poudresdenarco.com\/de\/wp-json\/wp\/v2\/media\/6195"}],"wp:attachment":[{"href":"https:\/\/poudresdenarco.com\/de\/wp-json\/wp\/v2\/media?parent=6044"}],"wp:term":[{"taxonomy":"product_cat","embeddable":true,"href":"https:\/\/poudresdenarco.com\/de\/wp-json\/wp\/v2\/product_cat?post=6044"},{"taxonomy":"product_tag","embeddable":true,"href":"https:\/\/poudresdenarco.com\/de\/wp-json\/wp\/v2\/product_tag?post=6044"}],"curies":[{"name":"wp","href":"https:\/\/api.w.org\/{rel}","templated":true}]}}