{"id":6091,"date":"2024-10-16T11:32:47","date_gmt":"2024-10-16T11:32:47","guid":{"rendered":"https:\/\/poudresdenarco.com\/?post_type=product&#038;p=6091"},"modified":"2024-11-02T12:27:21","modified_gmt":"2024-11-02T12:27:21","slug":"2cd","status":"publish","type":"product","link":"https:\/\/poudresdenarco.com\/de\/produkt\/2cd\/","title":{"rendered":"2CD"},"content":{"rendered":"<h2>Was ist 2CD?<\/h2>\n<p><a href=\"https:\/\/poudresdenarco.com\/de\/produkt\/2cd\/\">2C-D kaufen<\/a> ist die Abk\u00fcrzung f\u00fcr 2,5-Dimethoxy-4-ethylphenethylamin. Diese Forschungschemikalie ist psychedelischer Natur und geh\u00f6rt zur Klasse der Phenylethylamin-Chemikalien. Seine chemische Struktur \u00e4hnelt der von Meskalin. Diese Chemikalie wurde erstmals 1977 synthetisiert. 2CD besitzt einen Phenylring, der \u00fcber eine Ethylkette an eine Aminogruppe (NH2) gebunden ist. Es produziert eine Reihe von Forschungsergebnissen, die f\u00fcr viele Experimentatoren in der chemischen Forschungsgemeinschaft w\u00fcnschenswert sind. <a href=\"https:\/\/poudresdenarco.com\/de\/\">PuderDenarco<\/a><\/p>\n<h3>Wo kann man 2CD kaufen?<\/h3>\n<p>2CD kann hier auf dieser Website gekauft werden. Wir haben 2C-E in sehr hoher Qualit\u00e4t, meist in Pulverform. Wenn Sie es jedoch in einer anderen Form w\u00fcnschen, fragen Sie bitte nach, da wir oft auch andere Formen verf\u00fcgbar haben. Unser 2CD ist nicht f\u00fcr den Gebrauch bei Tieren oder Menschen bestimmt. Sie ist ausschlie\u00dflich f\u00fcr Forschungszwecke bestimmt. Sie m\u00fcssen mindestens 18 Jahre alt sein, um 2C-E bei uns zu kaufen, und Sie m\u00fcssen die Gesetze zu Forschungschemikalien in Ihrem Land vollst\u00e4ndig einhalten.<\/p>\n<h4><strong>Hochreines 2C-D f\u00fcr die Forschung kaufen - Narco-Pulver<\/strong><\/h4>\n<p>Narco Powders ist Ihr zuverl\u00e4ssiger Partner f\u00fcr die <strong>2C-D Qualit\u00e4t suchen<\/strong>Die Website ist ausschlie\u00dflich f\u00fcr <strong>Laboranwendungen<\/strong> und zu <strong>wissenschaftliche Studien<\/strong>. Unser 2C-D wird nach strengen Reinheits- und Qualit\u00e4tsstandards hergestellt, was es zu einer zuverl\u00e4ssigen Wahl f\u00fcr Forscher in der Chemie und Pharmakologie macht, die konstante und sichere Produkte ben\u00f6tigen.<\/p>\n<h3>Warum 2C-D von Narco Powders w\u00e4hlen?<\/h3>\n<p>Als <strong>2C-D-Lieferant f\u00fcr die Forschung<\/strong>Narco Powders stellt sicher, dass die Produkte im Labor getestet werden und den Sicherheitsstandards entsprechen:<\/p>\n<ul>\n<li><strong>Garantierte Reinheit<\/strong> 2C-D: Jede Charge von 2C-D wird streng kontrolliert, um einen optimalen Reinheitsgrad zu gew\u00e4hrleisten, der f\u00fcr genaue Forschungsergebnisse unerl\u00e4sslich ist.<\/li>\n<li><strong>Zuverl\u00e4ssige Qualit\u00e4t<\/strong> : Unser 2C-D wird hergestellt, um eine gleichbleibende Leistung zu erbringen, die den Anforderungen von Studien in kontrollierter Umgebung entspricht.<\/li>\n<li><strong>Sichere Bestellung<\/strong> : Wir erleichtern die<strong>Kauf von 2C-D f\u00fcr wissenschaftliche Anwendungen<\/strong>Sie k\u00f6nnen Ihre Bestellung \u00fcber einen sicheren und vertraulichen Bestellvorgang aufgeben.<\/li>\n<\/ul>\n<h3>Anwendungen und Sicherheitshinweise<\/h3>\n<p>Die <strong>2C-D<\/strong> von Narco-Pulvern ist f\u00fcr Forscher zur <strong>analytische Anwendungen und Laborstudien<\/strong>. Wir stellen ausf\u00fchrliche Sicherheitshinweise zur Verf\u00fcgung, um eine sichere und bestimmungsgem\u00e4\u00dfe Nutzung zu gew\u00e4hrleisten :<\/p>\n<ul>\n<li><strong>Sichere Aufbewahrung<\/strong> : Bewahren Sie 2C-D an einem k\u00fchlen, trockenen und lichtgesch\u00fctzten Ort auf.<\/li>\n<li><strong>Manipulation in Compliance<\/strong> : Verwenden Sie pers\u00f6nliche Schutzausr\u00fcstung (PSA) und arbeiten Sie in gut bel\u00fcfteten R\u00e4umen.<\/li>\n<li><strong>Streng auf die Forschung beschr\u00e4nkte Nutzung<\/strong> : Dieses Produkt ist f\u00fcr Labore und Forscher in autorisierten Forschungsumgebungen bestimmt.<\/li>\n<\/ul>\n<h3>Bestellen Sie 2C-D f\u00fcr Ihre wissenschaftlichen Studien<\/h3>\n<p>Mit Narco Powders profitieren Sie von einer zuverl\u00e4ssigen Versorgung mit <strong>2C-D von hoher Reinheit<\/strong> f\u00fcr Ihre Forschungszwecke. <strong>Kontaktieren Sie uns<\/strong> f\u00fcr ein Angebot oder weitere Informationen \u00fcber unser Angebot an wissenschaftlichen Produkten f\u00fcr Laboranwendungen.<\/p>\n<p>&nbsp;<\/p>","protected":false},"excerpt":{"rendered":"<p>Qu&rsquo;est-ce que le 2CD ? Acheter 2C-D est l&rsquo;abr\u00e9viation de 2,5-Dimethoxy-4-ethylphenethylamine. Ce produit chimique de recherche est de nature psych\u00e9d\u00e9lique et fait partie de la classe des produits chimiques ph\u00e9nyl\u00e9thylamine. Sa structure chimique est similaire \u00e0 celle de la mescaline. Ce produit chimique a \u00e9t\u00e9 synth\u00e9tis\u00e9 pour la premi\u00e8re fois en 1977. Le 2CD poss\u00e8de&hellip;<\/p>","protected":false},"featured_media":6207,"comment_status":"open","ping_status":"closed","template":"","meta":{"_joinchat":[]},"product_cat":[558],"product_tag":[],"class_list":{"0":"post-6091","1":"product","2":"type-product","3":"status-publish","4":"has-post-thumbnail","6":"product_cat-chimiques-de-recherche","8":"first","9":"instock","10":"shipping-taxable","11":"purchasable","12":"product-type-variable","13":"col-xs-6 col-sm-4","14":"col-md-3 col-lg-3","15":"un-4-cols"},"yoast_head":"<!-- This site is optimized with the Yoast SEO plugin v23.8 - https:\/\/yoast.com\/wordpress\/plugins\/seo\/ -->\n<title>Acheter 2C-D de Qualit\u00e9 pour la Recherche | Poudres de Narco<\/title>\n<meta name=\"description\" content=\"Fournisseur de 2C-D pour la recherche scientifique. Puret\u00e9 garantie pour applications en laboratoire chez Poudres de Narco.\" \/>\n<meta name=\"robots\" content=\"index, follow, max-snippet:-1, max-image-preview:large, max-video-preview:-1\" \/>\n<link rel=\"canonical\" href=\"https:\/\/poudresdenarco.com\/de\/produkt\/2cd\/\" \/>\n<meta property=\"og:locale\" content=\"de_DE\" \/>\n<meta property=\"og:type\" content=\"article\" \/>\n<meta property=\"og:title\" content=\"Acheter 2C-D de Qualit\u00e9 pour la Recherche | Poudres de Narco\" \/>\n<meta property=\"og:description\" content=\"Fournisseur de 2C-D pour la recherche scientifique. Puret\u00e9 garantie pour applications en laboratoire chez Poudres de Narco.\" \/>\n<meta property=\"og:url\" content=\"https:\/\/poudresdenarco.com\/de\/produkt\/2cd\/\" \/>\n<meta property=\"og:site_name\" content=\"Poudresde Narco\" \/>\n<meta property=\"article:modified_time\" content=\"2024-11-02T12:27:21+00:00\" \/>\n<meta property=\"og:image\" content=\"https:\/\/poudresdenarco.com\/wp-content\/uploads\/2024\/10\/2CD.gif\" \/>\n\t<meta property=\"og:image:width\" content=\"600\" \/>\n\t<meta property=\"og:image:height\" content=\"600\" \/>\n\t<meta property=\"og:image:type\" content=\"image\/gif\" \/>\n<meta name=\"twitter:card\" content=\"summary_large_image\" \/>\n<meta name=\"twitter:label1\" content=\"Gesch\u00e4tzte Lesezeit\" \/>\n\t<meta name=\"twitter:data1\" content=\"3 Minuten\" \/>\n<script type=\"application\/ld+json\" class=\"yoast-schema-graph\">{\"@context\":\"https:\/\/schema.org\",\"@graph\":[{\"@type\":\"WebPage\",\"@id\":\"https:\/\/poudresdenarco.com\/produit\/2cd\/\",\"url\":\"https:\/\/poudresdenarco.com\/produit\/2cd\/\",\"name\":\"Acheter 2C-D de Qualit\u00e9 pour la Recherche | Poudres de Narco\",\"isPartOf\":{\"@id\":\"https:\/\/poudresdenarco.com\/#website\"},\"primaryImageOfPage\":{\"@id\":\"https:\/\/poudresdenarco.com\/produit\/2cd\/#primaryimage\"},\"image\":{\"@id\":\"https:\/\/poudresdenarco.com\/produit\/2cd\/#primaryimage\"},\"thumbnailUrl\":\"https:\/\/poudresdenarco.com\/wp-content\/uploads\/2024\/10\/2CD.gif\",\"datePublished\":\"2024-10-16T11:32:47+00:00\",\"dateModified\":\"2024-11-02T12:27:21+00:00\",\"description\":\"Fournisseur de 2C-D pour la recherche scientifique. Puret\u00e9 garantie pour applications en laboratoire chez Poudres de Narco.\",\"breadcrumb\":{\"@id\":\"https:\/\/poudresdenarco.com\/produit\/2cd\/#breadcrumb\"},\"inLanguage\":\"de\",\"potentialAction\":[{\"@type\":\"ReadAction\",\"target\":[\"https:\/\/poudresdenarco.com\/produit\/2cd\/\"]}]},{\"@type\":\"ImageObject\",\"inLanguage\":\"de\",\"@id\":\"https:\/\/poudresdenarco.com\/produit\/2cd\/#primaryimage\",\"url\":\"https:\/\/poudresdenarco.com\/wp-content\/uploads\/2024\/10\/2CD.gif\",\"contentUrl\":\"https:\/\/poudresdenarco.com\/wp-content\/uploads\/2024\/10\/2CD.gif\",\"width\":600,\"height\":600,\"caption\":\"2CD\"},{\"@type\":\"BreadcrumbList\",\"@id\":\"https:\/\/poudresdenarco.com\/produit\/2cd\/#breadcrumb\",\"itemListElement\":[{\"@type\":\"ListItem\",\"position\":1,\"name\":\"Home\",\"item\":\"https:\/\/poudresdenarco.com\/\"},{\"@type\":\"ListItem\",\"position\":2,\"name\":\"Boutique\",\"item\":\"https:\/\/poudresdenarco.com\/boutique\/\"},{\"@type\":\"ListItem\",\"position\":3,\"name\":\"2CD\"}]},{\"@type\":\"WebSite\",\"@id\":\"https:\/\/poudresdenarco.com\/#website\",\"url\":\"https:\/\/poudresdenarco.com\/\",\"name\":\"Poudresde Narco\",\"description\":\"Acheter de la coca\u00efne et de l&#039;h\u00e9ro\u00efne en ligne\",\"potentialAction\":[{\"@type\":\"SearchAction\",\"target\":{\"@type\":\"EntryPoint\",\"urlTemplate\":\"https:\/\/poudresdenarco.com\/?s={search_term_string}\"},\"query-input\":{\"@type\":\"PropertyValueSpecification\",\"valueRequired\":true,\"valueName\":\"search_term_string\"}}],\"inLanguage\":\"de\"}]}<\/script>\n<!-- \/ Yoast SEO plugin. -->","yoast_head_json":{"title":"Acheter 2C-D de Qualit\u00e9 pour la Recherche | Poudres de Narco","description":"Fournisseur de 2C-D pour la recherche scientifique. Puret\u00e9 garantie pour applications en laboratoire chez Poudres de Narco.","robots":{"index":"index","follow":"follow","max-snippet":"max-snippet:-1","max-image-preview":"max-image-preview:large","max-video-preview":"max-video-preview:-1"},"canonical":"https:\/\/poudresdenarco.com\/de\/produkt\/2cd\/","og_locale":"de_DE","og_type":"article","og_title":"Acheter 2C-D de Qualit\u00e9 pour la Recherche | Poudres de Narco","og_description":"Fournisseur de 2C-D pour la recherche scientifique. Puret\u00e9 garantie pour applications en laboratoire chez Poudres de Narco.","og_url":"https:\/\/poudresdenarco.com\/de\/produkt\/2cd\/","og_site_name":"Poudresde Narco","article_modified_time":"2024-11-02T12:27:21+00:00","og_image":[{"width":600,"height":600,"url":"https:\/\/poudresdenarco.com\/wp-content\/uploads\/2024\/10\/2CD.gif","type":"image\/gif"}],"twitter_card":"summary_large_image","twitter_misc":{"Gesch\u00e4tzte Lesezeit":"3 Minuten"},"schema":{"@context":"https:\/\/schema.org","@graph":[{"@type":"WebPage","@id":"https:\/\/poudresdenarco.com\/produit\/2cd\/","url":"https:\/\/poudresdenarco.com\/produit\/2cd\/","name":"Acheter 2C-D de Qualit\u00e9 pour la Recherche | Poudres de Narco","isPartOf":{"@id":"https:\/\/poudresdenarco.com\/#website"},"primaryImageOfPage":{"@id":"https:\/\/poudresdenarco.com\/produit\/2cd\/#primaryimage"},"image":{"@id":"https:\/\/poudresdenarco.com\/produit\/2cd\/#primaryimage"},"thumbnailUrl":"https:\/\/poudresdenarco.com\/wp-content\/uploads\/2024\/10\/2CD.gif","datePublished":"2024-10-16T11:32:47+00:00","dateModified":"2024-11-02T12:27:21+00:00","description":"Fournisseur de 2C-D pour la recherche scientifique. Puret\u00e9 garantie pour applications en laboratoire chez Poudres de Narco.","breadcrumb":{"@id":"https:\/\/poudresdenarco.com\/produit\/2cd\/#breadcrumb"},"inLanguage":"de","potentialAction":[{"@type":"ReadAction","target":["https:\/\/poudresdenarco.com\/produit\/2cd\/"]}]},{"@type":"ImageObject","inLanguage":"de","@id":"https:\/\/poudresdenarco.com\/produit\/2cd\/#primaryimage","url":"https:\/\/poudresdenarco.com\/wp-content\/uploads\/2024\/10\/2CD.gif","contentUrl":"https:\/\/poudresdenarco.com\/wp-content\/uploads\/2024\/10\/2CD.gif","width":600,"height":600,"caption":"2CD"},{"@type":"BreadcrumbList","@id":"https:\/\/poudresdenarco.com\/produit\/2cd\/#breadcrumb","itemListElement":[{"@type":"ListItem","position":1,"name":"Home","item":"https:\/\/poudresdenarco.com\/"},{"@type":"ListItem","position":2,"name":"Boutique","item":"https:\/\/poudresdenarco.com\/boutique\/"},{"@type":"ListItem","position":3,"name":"2CD"}]},{"@type":"WebSite","@id":"https:\/\/poudresdenarco.com\/#website","url":"https:\/\/poudresdenarco.com\/","name":"Poudresde Narco","description":"Acheter de la coca\u00efne et de l&#039;h\u00e9ro\u00efne en ligne","potentialAction":[{"@type":"SearchAction","target":{"@type":"EntryPoint","urlTemplate":"https:\/\/poudresdenarco.com\/?s={search_term_string}"},"query-input":{"@type":"PropertyValueSpecification","valueRequired":true,"valueName":"search_term_string"}}],"inLanguage":"de"}]}},"_links":{"self":[{"href":"https:\/\/poudresdenarco.com\/de\/wp-json\/wp\/v2\/product\/6091","targetHints":{"allow":["GET"]}}],"collection":[{"href":"https:\/\/poudresdenarco.com\/de\/wp-json\/wp\/v2\/product"}],"about":[{"href":"https:\/\/poudresdenarco.com\/de\/wp-json\/wp\/v2\/types\/product"}],"replies":[{"embeddable":true,"href":"https:\/\/poudresdenarco.com\/de\/wp-json\/wp\/v2\/comments?post=6091"}],"wp:featuredmedia":[{"embeddable":true,"href":"https:\/\/poudresdenarco.com\/de\/wp-json\/wp\/v2\/media\/6207"}],"wp:attachment":[{"href":"https:\/\/poudresdenarco.com\/de\/wp-json\/wp\/v2\/media?parent=6091"}],"wp:term":[{"taxonomy":"product_cat","embeddable":true,"href":"https:\/\/poudresdenarco.com\/de\/wp-json\/wp\/v2\/product_cat?post=6091"},{"taxonomy":"product_tag","embeddable":true,"href":"https:\/\/poudresdenarco.com\/de\/wp-json\/wp\/v2\/product_tag?post=6091"}],"curies":[{"name":"wp","href":"https:\/\/api.w.org\/{rel}","templated":true}]}}