{"id":6129,"date":"2024-10-16T11:32:57","date_gmt":"2024-10-16T11:32:57","guid":{"rendered":"https:\/\/poudresdenarco.com\/?post_type=product&#038;p=6129"},"modified":"2026-05-01T02:30:23","modified_gmt":"2026-05-01T02:30:23","slug":"5-meo-dalt","status":"publish","type":"product","link":"https:\/\/poudresdenarco.com\/de\/produkt\/5-meo-dalt\/","title":{"rendered":"5-MEO-DALT"},"content":{"rendered":"<h2><strong>5-MeO-DALT f\u00fcr die Forschung kaufen <a href=\"https:\/\/poudresdenarco.com\/de\/produkt\/3cl\/\">&#8211;<\/a> Narco-Pulver<\/strong><\/h2>\n<p>Narco Powders ist Ihr zuverl\u00e4ssiger Lieferant f\u00fcr das <strong>5-MeO-DALT von hoher Reinheit<\/strong>. Ausschlie\u00dflich bestimmt f\u00fcr <strong>wissenschaftliche und Laboranwendungen<\/strong>Unser 5-MeO-DALT erf\u00fcllt die strengen Standards, die f\u00fcr umfassende chemische Studien und Analysen erforderlich sind. Wenn Sie sich f\u00fcr unser Produkt entscheiden, erhalten Sie Zugang zu einem <strong>Lieferant von 5-MeO-DALT f\u00fcr die Forschung<\/strong> unter Einhaltung der Qualit\u00e4ts- und Sicherheitsstandards, 5-MeO-DALT kaufen\u00a0<a href=\"https:\/\/k2spices.com\/nl\/\">.<\/a><\/p>\n<h3>Warum sollte man 5-MeO-DALT von Narco Powders w\u00e4hlen?<\/h3>\n<p>Als <strong>Verteiler von 5-MeO-DALT f\u00fcr wissenschaftliche Anwendungen<\/strong>Narco Powders stellt sicher, dass jede Charge die hohen Qualit\u00e4ts- und Reinheitskriterien f\u00fcr Laborstudien erf\u00fcllt:<\/p>\n<ul>\n<li><strong>Hohe Reinheit<\/strong> : Unser 5-MeO-DALT wird auf optimale Reinheit getestet, die f\u00fcr zuverl\u00e4ssige Forschungsergebnisse unerl\u00e4sslich ist.<\/li>\n<li><strong>Compliance und Sicherheit<\/strong> : Speziell f\u00fcr <strong>autorisierte Labore<\/strong>Unser Produkt ist ausschlie\u00dflich f\u00fcr <strong>Suchgebrauch<\/strong>.<\/li>\n<li><strong>Sichere Online-Bestellung<\/strong> : Wir erleichtern die<strong>Kauf von 5-MeO-DALT f\u00fcr Forschungsanwendungen<\/strong>Sie k\u00f6nnen Ihre Bestellung \u00fcber einen sicheren und vertraulichen Bestellvorgang aufgeben.<\/li>\n<\/ul>\n<h3>Anwendungen von 5-MeO-DALT in der Forschung<\/h3>\n<p>Die <strong>5-MeO-DALT<\/strong> von Narco-Pulvern wird in verschiedenen <strong>chemische Studien und Laboranalysen<\/strong>. Forscher k\u00f6nnen sich auf unser Produkt f\u00fcr Anwendungen wie :<\/p>\n<ul>\n<li><strong>Chemische Analysen<\/strong> : F\u00fcr kontrollierte Experimente im Labor.<\/li>\n<li><strong>Studien zu Verbindungen<\/strong> : Richtet sich an Forscher in den Bereichen Chemie und Pharmakologie.<\/li>\n<li><strong>Tests und Qualit\u00e4tskontrollen<\/strong> : F\u00fcr Berufst\u00e4tige, die in ihrer wissenschaftlichen Arbeit Genauigkeit ben\u00f6tigen.<\/li>\n<\/ul>\n<p><strong>Sind Sie bereit, Ihren hochwertigen 5-MeO-DALT zu bestellen?<\/strong> Verlassen Sie sich auf Narco Powders f\u00fcr eine zuverl\u00e4ssige und konforme Versorgung. <strong>Kontaktieren Sie uns<\/strong> f\u00fcr weitere Informationen oder um eine sichere Bestellung aufzugeben.<\/p>","protected":false},"excerpt":{"rendered":"<p>Acheter du 5-MeO-DALT pour la Recherche &#8211; Poudres de Narco Poudres de Narco est votre fournisseur de confiance pour le 5-MeO-DALT de haute puret\u00e9. Destin\u00e9 exclusivement \u00e0 des applications scientifiques et de laboratoire, notre 5-MeO-DALT r\u00e9pond aux normes rigoureuses requises pour des \u00e9tudes et analyses chimiques approfondies. En choisissant notre produit, vous acc\u00e9dez \u00e0 un&hellip;<\/p>","protected":false},"featured_media":6211,"comment_status":"open","ping_status":"closed","template":"","meta":{"_joinchat":[]},"product_cat":[558],"product_tag":[],"class_list":{"0":"post-6129","1":"product","2":"type-product","3":"status-publish","4":"has-post-thumbnail","6":"product_cat-chimiques-de-recherche","8":"first","9":"instock","10":"shipping-taxable","11":"purchasable","12":"product-type-variable","13":"col-xs-6 col-sm-4","14":"col-md-3 col-lg-3","15":"un-4-cols"},"yoast_head":"<!-- This site is optimized with the Yoast SEO plugin v23.8 - https:\/\/yoast.com\/wordpress\/plugins\/seo\/ -->\n<title>Acheter 5-MeO-DALT de Qualit\u00e9 | Poudres de Narco<\/title>\n<meta name=\"description\" content=\"de 5-MeO-DALT pour la recherche scientifique. Achetez du 5-MeO-DALT de haute puret\u00e9 chez Poudres de Narco pour des applications de laboratoire.\" \/>\n<meta name=\"robots\" content=\"index, follow, max-snippet:-1, max-image-preview:large, max-video-preview:-1\" \/>\n<link rel=\"canonical\" href=\"https:\/\/poudresdenarco.com\/de\/produkt\/5-meo-dalt\/\" \/>\n<meta property=\"og:locale\" content=\"de_DE\" \/>\n<meta property=\"og:type\" content=\"article\" \/>\n<meta property=\"og:title\" content=\"Acheter 5-MeO-DALT de Qualit\u00e9 | Poudres de Narco\" \/>\n<meta property=\"og:description\" content=\"de 5-MeO-DALT pour la recherche scientifique. Achetez du 5-MeO-DALT de haute puret\u00e9 chez Poudres de Narco pour des applications de laboratoire.\" \/>\n<meta property=\"og:url\" content=\"https:\/\/poudresdenarco.com\/de\/produkt\/5-meo-dalt\/\" \/>\n<meta property=\"og:site_name\" content=\"Poudresde Narco\" \/>\n<meta property=\"article:modified_time\" content=\"2026-05-01T02:30:23+00:00\" \/>\n<meta property=\"og:image\" content=\"https:\/\/poudresdenarco.com\/wp-content\/uploads\/2024\/10\/5-MEO-DALT-1.gif\" \/>\n\t<meta property=\"og:image:width\" content=\"600\" \/>\n\t<meta property=\"og:image:height\" content=\"600\" \/>\n\t<meta property=\"og:image:type\" content=\"image\/gif\" \/>\n<meta name=\"twitter:card\" content=\"summary_large_image\" \/>\n<meta name=\"twitter:label1\" content=\"Gesch\u00e4tzte Lesezeit\" \/>\n\t<meta name=\"twitter:data1\" content=\"2 Minuten\" \/>\n<script type=\"application\/ld+json\" class=\"yoast-schema-graph\">{\"@context\":\"https:\/\/schema.org\",\"@graph\":[{\"@type\":\"WebPage\",\"@id\":\"https:\/\/poudresdenarco.com\/produit\/5-meo-dalt\/\",\"url\":\"https:\/\/poudresdenarco.com\/produit\/5-meo-dalt\/\",\"name\":\"Acheter 5-MeO-DALT de Qualit\u00e9 | Poudres de Narco\",\"isPartOf\":{\"@id\":\"https:\/\/poudresdenarco.com\/#website\"},\"primaryImageOfPage\":{\"@id\":\"https:\/\/poudresdenarco.com\/produit\/5-meo-dalt\/#primaryimage\"},\"image\":{\"@id\":\"https:\/\/poudresdenarco.com\/produit\/5-meo-dalt\/#primaryimage\"},\"thumbnailUrl\":\"https:\/\/poudresdenarco.com\/wp-content\/uploads\/2024\/10\/5-MEO-DALT-1.gif\",\"datePublished\":\"2024-10-16T11:32:57+00:00\",\"dateModified\":\"2026-05-01T02:30:23+00:00\",\"description\":\"de 5-MeO-DALT pour la recherche scientifique. Achetez du 5-MeO-DALT de haute puret\u00e9 chez Poudres de Narco pour des applications de laboratoire.\",\"breadcrumb\":{\"@id\":\"https:\/\/poudresdenarco.com\/produit\/5-meo-dalt\/#breadcrumb\"},\"inLanguage\":\"de\",\"potentialAction\":[{\"@type\":\"ReadAction\",\"target\":[\"https:\/\/poudresdenarco.com\/produit\/5-meo-dalt\/\"]}]},{\"@type\":\"ImageObject\",\"inLanguage\":\"de\",\"@id\":\"https:\/\/poudresdenarco.com\/produit\/5-meo-dalt\/#primaryimage\",\"url\":\"https:\/\/poudresdenarco.com\/wp-content\/uploads\/2024\/10\/5-MEO-DALT-1.gif\",\"contentUrl\":\"https:\/\/poudresdenarco.com\/wp-content\/uploads\/2024\/10\/5-MEO-DALT-1.gif\",\"width\":600,\"height\":600,\"caption\":\"5-MEO-DALT\"},{\"@type\":\"BreadcrumbList\",\"@id\":\"https:\/\/poudresdenarco.com\/produit\/5-meo-dalt\/#breadcrumb\",\"itemListElement\":[{\"@type\":\"ListItem\",\"position\":1,\"name\":\"Home\",\"item\":\"https:\/\/poudresdenarco.com\/\"},{\"@type\":\"ListItem\",\"position\":2,\"name\":\"Boutique\",\"item\":\"https:\/\/poudresdenarco.com\/boutique\/\"},{\"@type\":\"ListItem\",\"position\":3,\"name\":\"5-MEO-DALT\"}]},{\"@type\":\"WebSite\",\"@id\":\"https:\/\/poudresdenarco.com\/#website\",\"url\":\"https:\/\/poudresdenarco.com\/\",\"name\":\"Poudresde Narco\",\"description\":\"Acheter de la coca\u00efne et de l&#039;h\u00e9ro\u00efne en ligne\",\"potentialAction\":[{\"@type\":\"SearchAction\",\"target\":{\"@type\":\"EntryPoint\",\"urlTemplate\":\"https:\/\/poudresdenarco.com\/?s={search_term_string}\"},\"query-input\":{\"@type\":\"PropertyValueSpecification\",\"valueRequired\":true,\"valueName\":\"search_term_string\"}}],\"inLanguage\":\"de\"}]}<\/script>\n<!-- \/ Yoast SEO plugin. -->","yoast_head_json":{"title":"Acheter 5-MeO-DALT de Qualit\u00e9 | Poudres de Narco","description":"de 5-MeO-DALT pour la recherche scientifique. Achetez du 5-MeO-DALT de haute puret\u00e9 chez Poudres de Narco pour des applications de laboratoire.","robots":{"index":"index","follow":"follow","max-snippet":"max-snippet:-1","max-image-preview":"max-image-preview:large","max-video-preview":"max-video-preview:-1"},"canonical":"https:\/\/poudresdenarco.com\/de\/produkt\/5-meo-dalt\/","og_locale":"de_DE","og_type":"article","og_title":"Acheter 5-MeO-DALT de Qualit\u00e9 | Poudres de Narco","og_description":"de 5-MeO-DALT pour la recherche scientifique. Achetez du 5-MeO-DALT de haute puret\u00e9 chez Poudres de Narco pour des applications de laboratoire.","og_url":"https:\/\/poudresdenarco.com\/de\/produkt\/5-meo-dalt\/","og_site_name":"Poudresde Narco","article_modified_time":"2026-05-01T02:30:23+00:00","og_image":[{"width":600,"height":600,"url":"https:\/\/poudresdenarco.com\/wp-content\/uploads\/2024\/10\/5-MEO-DALT-1.gif","type":"image\/gif"}],"twitter_card":"summary_large_image","twitter_misc":{"Gesch\u00e4tzte Lesezeit":"2 Minuten"},"schema":{"@context":"https:\/\/schema.org","@graph":[{"@type":"WebPage","@id":"https:\/\/poudresdenarco.com\/produit\/5-meo-dalt\/","url":"https:\/\/poudresdenarco.com\/produit\/5-meo-dalt\/","name":"Acheter 5-MeO-DALT de Qualit\u00e9 | Poudres de Narco","isPartOf":{"@id":"https:\/\/poudresdenarco.com\/#website"},"primaryImageOfPage":{"@id":"https:\/\/poudresdenarco.com\/produit\/5-meo-dalt\/#primaryimage"},"image":{"@id":"https:\/\/poudresdenarco.com\/produit\/5-meo-dalt\/#primaryimage"},"thumbnailUrl":"https:\/\/poudresdenarco.com\/wp-content\/uploads\/2024\/10\/5-MEO-DALT-1.gif","datePublished":"2024-10-16T11:32:57+00:00","dateModified":"2026-05-01T02:30:23+00:00","description":"de 5-MeO-DALT pour la recherche scientifique. Achetez du 5-MeO-DALT de haute puret\u00e9 chez Poudres de Narco pour des applications de laboratoire.","breadcrumb":{"@id":"https:\/\/poudresdenarco.com\/produit\/5-meo-dalt\/#breadcrumb"},"inLanguage":"de","potentialAction":[{"@type":"ReadAction","target":["https:\/\/poudresdenarco.com\/produit\/5-meo-dalt\/"]}]},{"@type":"ImageObject","inLanguage":"de","@id":"https:\/\/poudresdenarco.com\/produit\/5-meo-dalt\/#primaryimage","url":"https:\/\/poudresdenarco.com\/wp-content\/uploads\/2024\/10\/5-MEO-DALT-1.gif","contentUrl":"https:\/\/poudresdenarco.com\/wp-content\/uploads\/2024\/10\/5-MEO-DALT-1.gif","width":600,"height":600,"caption":"5-MEO-DALT"},{"@type":"BreadcrumbList","@id":"https:\/\/poudresdenarco.com\/produit\/5-meo-dalt\/#breadcrumb","itemListElement":[{"@type":"ListItem","position":1,"name":"Home","item":"https:\/\/poudresdenarco.com\/"},{"@type":"ListItem","position":2,"name":"Boutique","item":"https:\/\/poudresdenarco.com\/boutique\/"},{"@type":"ListItem","position":3,"name":"5-MEO-DALT"}]},{"@type":"WebSite","@id":"https:\/\/poudresdenarco.com\/#website","url":"https:\/\/poudresdenarco.com\/","name":"Poudresde Narco","description":"Acheter de la coca\u00efne et de l&#039;h\u00e9ro\u00efne en ligne","potentialAction":[{"@type":"SearchAction","target":{"@type":"EntryPoint","urlTemplate":"https:\/\/poudresdenarco.com\/?s={search_term_string}"},"query-input":{"@type":"PropertyValueSpecification","valueRequired":true,"valueName":"search_term_string"}}],"inLanguage":"de"}]}},"_links":{"self":[{"href":"https:\/\/poudresdenarco.com\/de\/wp-json\/wp\/v2\/product\/6129","targetHints":{"allow":["GET"]}}],"collection":[{"href":"https:\/\/poudresdenarco.com\/de\/wp-json\/wp\/v2\/product"}],"about":[{"href":"https:\/\/poudresdenarco.com\/de\/wp-json\/wp\/v2\/types\/product"}],"replies":[{"embeddable":true,"href":"https:\/\/poudresdenarco.com\/de\/wp-json\/wp\/v2\/comments?post=6129"}],"wp:featuredmedia":[{"embeddable":true,"href":"https:\/\/poudresdenarco.com\/de\/wp-json\/wp\/v2\/media\/6211"}],"wp:attachment":[{"href":"https:\/\/poudresdenarco.com\/de\/wp-json\/wp\/v2\/media?parent=6129"}],"wp:term":[{"taxonomy":"product_cat","embeddable":true,"href":"https:\/\/poudresdenarco.com\/de\/wp-json\/wp\/v2\/product_cat?post=6129"},{"taxonomy":"product_tag","embeddable":true,"href":"https:\/\/poudresdenarco.com\/de\/wp-json\/wp\/v2\/product_tag?post=6129"}],"curies":[{"name":"wp","href":"https:\/\/api.w.org\/{rel}","templated":true}]}}