{"id":6219,"date":"2024-10-18T05:38:30","date_gmt":"2024-10-18T05:38:30","guid":{"rendered":"https:\/\/poudresdenarco.com\/?post_type=product&#038;p=6219"},"modified":"2025-12-04T12:30:53","modified_gmt":"2025-12-04T12:30:53","slug":"3fma","status":"publish","type":"product","link":"https:\/\/poudresdenarco.com\/de\/produkt\/3fma\/","title":{"rendered":"3FMA"},"content":{"rendered":"<h2><strong>3FMA de Qualit\u00e9 Sup\u00e9rieure pour Applications de Recherche <a href=\"https:\/\/poudresdenarco.com\/de\/produkt\/dmxe\/\">-<\/a> Narco-Pulver<\/strong><\/h2>\n<p>Bei Narco Powders liefern wir <strong>3FMA de qualit\u00e9 recherche<\/strong>, un produit d\u00e9velopp\u00e9 pour r\u00e9pondre aux besoins sp\u00e9cifiques des laboratoires et des chercheurs en chimie et pharmacologie. Gr\u00e2ce \u00e0 un contr\u00f4le rigoureux, notre 3FMA offre une puret\u00e9 et une qualit\u00e9 constantes, garantissant des r\u00e9sultats fiables pour les \u00e9tudes et exp\u00e9rimentations Acheter 3FMA<a href=\"https:\/\/k2spices.com\/\">.<\/a><\/p>\n<h3>Pourquoi Choisir le 3FMA de Poudres de Narco ?<\/h3>\n<p>En optant pour le 3FMA de Poudres de Narco, les chercheurs acc\u00e8dent \u00e0 un produit conforme aux plus hautes exigences de qualit\u00e9 et de s\u00e9curit\u00e9 :<\/p>\n<ul>\n<li><strong>Zertifizierte Reinheit<\/strong> : Chaque lot de 3FMA est soumis \u00e0 des tests de qualit\u00e9 pour assurer une puret\u00e9 maximale, indispensable aux recherches pr\u00e9cises.<\/li>\n<li><strong>Zuverl\u00e4ssige und gleichbleibende Qualit\u00e4t<\/strong> : Notre 3FMA est con\u00e7u pour offrir des performances constantes, r\u00e9pondant aux normes des environnements de recherche rigoureux.<\/li>\n<li><strong>Assistance Technique<\/strong> : Notre \u00e9quipe sp\u00e9cialis\u00e9e est disponible pour fournir des conseils sur les m\u00e9thodes de stockage et de manipulation s\u00e9curis\u00e9e, soutenant les pratiques de laboratoire les plus strictes.<\/li>\n<\/ul>\n<h3>Anwendungen und Sicherheit<\/h3>\n<p>In verschiedenen Forschungskontexten verwendet, ist der <strong>3FMA<\/strong> von Narco-Pulver wird mit ausf\u00fchrlichen Sicherheitshinweisen f\u00fcr den vorschriftsm\u00e4\u00dfigen Umgang geliefert:<\/p>\n<ul>\n<li><strong>Sichere Aufbewahrung<\/strong> : Bewahren Sie 3FMA an einem k\u00fchlen, trockenen Ort auf, an dem es keiner direkten Lichteinstrahlung ausgesetzt ist.<\/li>\n<li><strong>Gesch\u00fctzte Manipulation<\/strong> : Verwenden Sie pers\u00f6nliche Schutzausr\u00fcstung (PSA) und arbeiten Sie in gut bel\u00fcfteten Bereichen, um sichere Bedingungen zu gew\u00e4hrleisten.<\/li>\n<li><strong>Usage Reserved for Research (Nur f\u00fcr Forschungszwecke)<\/strong> : Dieses Produkt ist ausschlie\u00dflich f\u00fcr autorisierte Labors und kontrollierte wissenschaftliche Studien bestimmt.<\/li>\n<\/ul>\n<h3>Sichere Online-Bestellung f\u00fcr die Forschung<\/h3>\n<p>Mit Narco Powders haben Sie Zugang zu einem sicheren und diskreten Kaufprozess, der speziell f\u00fcr Forscher und Labore entwickelt wurde. Jede Bestellung wird mit gr\u00f6\u00dfter Aufmerksamkeit f\u00fcr Compliance und Sicherheit bearbeitet. <strong>Kontaktieren Sie uns<\/strong> pour en savoir plus sur nos options de 3FMA de qualit\u00e9 recherche ou pour demander un devis Acheter 3FMA .<\/p>","protected":false},"excerpt":{"rendered":"<p>3-FMA, oder <strong>3-Fluoromethamphetamin<\/strong>ist ein synthetisches Stimulans, das zu den Klassen der Phenethylamine und Amphetamine geh\u00f6rt. Hier einige Schl\u00fcsseldetails :<\/p>\n<ul>\n<li><strong>Chemische Formel<\/strong> : C\u2089H\u2081\u2083F\u2081N<\/li>\n<li><strong>CAS-Nummer<\/strong> : 1182600-29-6<\/li>\n<\/ul>","protected":false},"featured_media":6294,"comment_status":"open","ping_status":"closed","template":"","meta":{"_joinchat":[]},"product_cat":[558],"product_tag":[],"class_list":{"0":"post-6219","1":"product","2":"type-product","3":"status-publish","4":"has-post-thumbnail","6":"product_cat-chimiques-de-recherche","8":"first","9":"instock","10":"shipping-taxable","11":"purchasable","12":"product-type-variable","13":"col-xs-6 col-sm-4","14":"col-md-3 col-lg-3","15":"un-4-cols"},"yoast_head":"<!-- This site is optimized with the Yoast SEO plugin v23.8 - https:\/\/yoast.com\/wordpress\/plugins\/seo\/ -->\n<title>Acheter 3FMA de Qualit\u00e9 Recherche | Poudres de Narco<\/title>\n<meta name=\"description\" content=\"3FMA de haute qualit\u00e9 pour la recherche chez Poudres de Narco. Puret\u00e9 et s\u00e9curit\u00e9 assur\u00e9es pour applications en laboratoire. Acheter 3FMA.\" \/>\n<meta name=\"robots\" content=\"index, follow, max-snippet:-1, max-image-preview:large, max-video-preview:-1\" \/>\n<link rel=\"canonical\" href=\"https:\/\/poudresdenarco.com\/de\/produkt\/3fma\/\" \/>\n<meta property=\"og:locale\" content=\"de_DE\" \/>\n<meta property=\"og:type\" content=\"article\" \/>\n<meta property=\"og:title\" content=\"Acheter 3FMA de Qualit\u00e9 Recherche | Poudres de Narco\" \/>\n<meta property=\"og:description\" content=\"3FMA de haute qualit\u00e9 pour la recherche chez Poudres de Narco. Puret\u00e9 et s\u00e9curit\u00e9 assur\u00e9es pour applications en laboratoire. Acheter 3FMA.\" \/>\n<meta property=\"og:url\" content=\"https:\/\/poudresdenarco.com\/de\/produkt\/3fma\/\" \/>\n<meta property=\"og:site_name\" content=\"Poudresde Narco\" \/>\n<meta property=\"article:modified_time\" content=\"2025-12-04T12:30:53+00:00\" \/>\n<meta property=\"og:image\" content=\"https:\/\/poudresdenarco.com\/wp-content\/uploads\/2024\/10\/3FMA-1.gif\" \/>\n\t<meta property=\"og:image:width\" content=\"600\" \/>\n\t<meta property=\"og:image:height\" content=\"600\" \/>\n\t<meta property=\"og:image:type\" content=\"image\/gif\" \/>\n<meta name=\"twitter:card\" content=\"summary_large_image\" \/>\n<meta name=\"twitter:label1\" content=\"Gesch\u00e4tzte Lesezeit\" \/>\n\t<meta name=\"twitter:data1\" content=\"2 Minuten\" \/>\n<script type=\"application\/ld+json\" class=\"yoast-schema-graph\">{\"@context\":\"https:\/\/schema.org\",\"@graph\":[{\"@type\":\"WebPage\",\"@id\":\"https:\/\/poudresdenarco.com\/produit\/3fma\/\",\"url\":\"https:\/\/poudresdenarco.com\/produit\/3fma\/\",\"name\":\"Acheter 3FMA de Qualit\u00e9 Recherche | Poudres de Narco\",\"isPartOf\":{\"@id\":\"https:\/\/poudresdenarco.com\/#website\"},\"primaryImageOfPage\":{\"@id\":\"https:\/\/poudresdenarco.com\/produit\/3fma\/#primaryimage\"},\"image\":{\"@id\":\"https:\/\/poudresdenarco.com\/produit\/3fma\/#primaryimage\"},\"thumbnailUrl\":\"https:\/\/poudresdenarco.com\/wp-content\/uploads\/2024\/10\/3FMA-1.gif\",\"datePublished\":\"2024-10-18T05:38:30+00:00\",\"dateModified\":\"2025-12-04T12:30:53+00:00\",\"description\":\"3FMA de haute qualit\u00e9 pour la recherche chez Poudres de Narco. Puret\u00e9 et s\u00e9curit\u00e9 assur\u00e9es pour applications en laboratoire. Acheter 3FMA.\",\"breadcrumb\":{\"@id\":\"https:\/\/poudresdenarco.com\/produit\/3fma\/#breadcrumb\"},\"inLanguage\":\"de\",\"potentialAction\":[{\"@type\":\"ReadAction\",\"target\":[\"https:\/\/poudresdenarco.com\/produit\/3fma\/\"]}]},{\"@type\":\"ImageObject\",\"inLanguage\":\"de\",\"@id\":\"https:\/\/poudresdenarco.com\/produit\/3fma\/#primaryimage\",\"url\":\"https:\/\/poudresdenarco.com\/wp-content\/uploads\/2024\/10\/3FMA-1.gif\",\"contentUrl\":\"https:\/\/poudresdenarco.com\/wp-content\/uploads\/2024\/10\/3FMA-1.gif\",\"width\":600,\"height\":600,\"caption\":\"3FMA\"},{\"@type\":\"BreadcrumbList\",\"@id\":\"https:\/\/poudresdenarco.com\/produit\/3fma\/#breadcrumb\",\"itemListElement\":[{\"@type\":\"ListItem\",\"position\":1,\"name\":\"Home\",\"item\":\"https:\/\/poudresdenarco.com\/\"},{\"@type\":\"ListItem\",\"position\":2,\"name\":\"Boutique\",\"item\":\"https:\/\/poudresdenarco.com\/boutique\/\"},{\"@type\":\"ListItem\",\"position\":3,\"name\":\"3FMA\"}]},{\"@type\":\"WebSite\",\"@id\":\"https:\/\/poudresdenarco.com\/#website\",\"url\":\"https:\/\/poudresdenarco.com\/\",\"name\":\"Poudresde Narco\",\"description\":\"Acheter de la coca\u00efne et de l&#039;h\u00e9ro\u00efne en ligne\",\"potentialAction\":[{\"@type\":\"SearchAction\",\"target\":{\"@type\":\"EntryPoint\",\"urlTemplate\":\"https:\/\/poudresdenarco.com\/?s={search_term_string}\"},\"query-input\":{\"@type\":\"PropertyValueSpecification\",\"valueRequired\":true,\"valueName\":\"search_term_string\"}}],\"inLanguage\":\"de\"}]}<\/script>\n<!-- \/ Yoast SEO plugin. -->","yoast_head_json":{"title":"Acheter 3FMA de Qualit\u00e9 Recherche | Poudres de Narco","description":"3FMA de haute qualit\u00e9 pour la recherche chez Poudres de Narco. Puret\u00e9 et s\u00e9curit\u00e9 assur\u00e9es pour applications en laboratoire. Acheter 3FMA.","robots":{"index":"index","follow":"follow","max-snippet":"max-snippet:-1","max-image-preview":"max-image-preview:large","max-video-preview":"max-video-preview:-1"},"canonical":"https:\/\/poudresdenarco.com\/de\/produkt\/3fma\/","og_locale":"de_DE","og_type":"article","og_title":"Acheter 3FMA de Qualit\u00e9 Recherche | Poudres de Narco","og_description":"3FMA de haute qualit\u00e9 pour la recherche chez Poudres de Narco. Puret\u00e9 et s\u00e9curit\u00e9 assur\u00e9es pour applications en laboratoire. Acheter 3FMA.","og_url":"https:\/\/poudresdenarco.com\/de\/produkt\/3fma\/","og_site_name":"Poudresde Narco","article_modified_time":"2025-12-04T12:30:53+00:00","og_image":[{"width":600,"height":600,"url":"https:\/\/poudresdenarco.com\/wp-content\/uploads\/2024\/10\/3FMA-1.gif","type":"image\/gif"}],"twitter_card":"summary_large_image","twitter_misc":{"Gesch\u00e4tzte Lesezeit":"2 Minuten"},"schema":{"@context":"https:\/\/schema.org","@graph":[{"@type":"WebPage","@id":"https:\/\/poudresdenarco.com\/produit\/3fma\/","url":"https:\/\/poudresdenarco.com\/produit\/3fma\/","name":"Acheter 3FMA de Qualit\u00e9 Recherche | Poudres de Narco","isPartOf":{"@id":"https:\/\/poudresdenarco.com\/#website"},"primaryImageOfPage":{"@id":"https:\/\/poudresdenarco.com\/produit\/3fma\/#primaryimage"},"image":{"@id":"https:\/\/poudresdenarco.com\/produit\/3fma\/#primaryimage"},"thumbnailUrl":"https:\/\/poudresdenarco.com\/wp-content\/uploads\/2024\/10\/3FMA-1.gif","datePublished":"2024-10-18T05:38:30+00:00","dateModified":"2025-12-04T12:30:53+00:00","description":"3FMA de haute qualit\u00e9 pour la recherche chez Poudres de Narco. Puret\u00e9 et s\u00e9curit\u00e9 assur\u00e9es pour applications en laboratoire. Acheter 3FMA.","breadcrumb":{"@id":"https:\/\/poudresdenarco.com\/produit\/3fma\/#breadcrumb"},"inLanguage":"de","potentialAction":[{"@type":"ReadAction","target":["https:\/\/poudresdenarco.com\/produit\/3fma\/"]}]},{"@type":"ImageObject","inLanguage":"de","@id":"https:\/\/poudresdenarco.com\/produit\/3fma\/#primaryimage","url":"https:\/\/poudresdenarco.com\/wp-content\/uploads\/2024\/10\/3FMA-1.gif","contentUrl":"https:\/\/poudresdenarco.com\/wp-content\/uploads\/2024\/10\/3FMA-1.gif","width":600,"height":600,"caption":"3FMA"},{"@type":"BreadcrumbList","@id":"https:\/\/poudresdenarco.com\/produit\/3fma\/#breadcrumb","itemListElement":[{"@type":"ListItem","position":1,"name":"Home","item":"https:\/\/poudresdenarco.com\/"},{"@type":"ListItem","position":2,"name":"Boutique","item":"https:\/\/poudresdenarco.com\/boutique\/"},{"@type":"ListItem","position":3,"name":"3FMA"}]},{"@type":"WebSite","@id":"https:\/\/poudresdenarco.com\/#website","url":"https:\/\/poudresdenarco.com\/","name":"Poudresde Narco","description":"Acheter de la coca\u00efne et de l&#039;h\u00e9ro\u00efne en ligne","potentialAction":[{"@type":"SearchAction","target":{"@type":"EntryPoint","urlTemplate":"https:\/\/poudresdenarco.com\/?s={search_term_string}"},"query-input":{"@type":"PropertyValueSpecification","valueRequired":true,"valueName":"search_term_string"}}],"inLanguage":"de"}]}},"_links":{"self":[{"href":"https:\/\/poudresdenarco.com\/de\/wp-json\/wp\/v2\/product\/6219","targetHints":{"allow":["GET"]}}],"collection":[{"href":"https:\/\/poudresdenarco.com\/de\/wp-json\/wp\/v2\/product"}],"about":[{"href":"https:\/\/poudresdenarco.com\/de\/wp-json\/wp\/v2\/types\/product"}],"replies":[{"embeddable":true,"href":"https:\/\/poudresdenarco.com\/de\/wp-json\/wp\/v2\/comments?post=6219"}],"wp:featuredmedia":[{"embeddable":true,"href":"https:\/\/poudresdenarco.com\/de\/wp-json\/wp\/v2\/media\/6294"}],"wp:attachment":[{"href":"https:\/\/poudresdenarco.com\/de\/wp-json\/wp\/v2\/media?parent=6219"}],"wp:term":[{"taxonomy":"product_cat","embeddable":true,"href":"https:\/\/poudresdenarco.com\/de\/wp-json\/wp\/v2\/product_cat?post=6219"},{"taxonomy":"product_tag","embeddable":true,"href":"https:\/\/poudresdenarco.com\/de\/wp-json\/wp\/v2\/product_tag?post=6219"}],"curies":[{"name":"wp","href":"https:\/\/api.w.org\/{rel}","templated":true}]}}