{"id":6222,"date":"2024-10-18T05:40:12","date_gmt":"2024-10-18T05:40:12","guid":{"rendered":"https:\/\/poudresdenarco.com\/?post_type=product&#038;p=6222"},"modified":"2026-01-17T02:57:21","modified_gmt":"2026-01-17T02:57:21","slug":"3cl","status":"publish","type":"product","link":"https:\/\/poudresdenarco.com\/de\/produkt\/3cl\/","title":{"rendered":"3-Aminoindan (3-CI)"},"content":{"rendered":"<h2><strong>Kaufen 3-Aminoindan (3-AI) f\u00fcr die Forschung <a href=\"https:\/\/poudresdenarco.com\/de\/produkt\/5f-adb\/\">|<\/a> Anbieter von hochwertigen Chemikalien<\/strong><\/h2>\n<p>Sie w\u00fcnschen <strong>3-Aminoindan kaufen<\/strong> f\u00fcr Ihre Forschungsprojekte? Bei [Name Ihres Unternehmens] sind wir spezialisiert auf die Bereitstellung von <strong>3-Aminoindan (3-AI)<\/strong>eine einzigartige Forschungschemikalie, die f\u00fcr ihre Anwendungen in der Pharmakologie und den Neurowissenschaften bekannt ist. Mit strengen Qualit\u00e4tskontrollen stellen wir sicher, dass unser <strong>3-AI<\/strong> h\u00e4lt sich an Industriestandards, ideal f\u00fcr Labore und Forschungseinrichtungen<a href=\"https:\/\/k2spices.com\/product\/buy-liquid-k2-spice-paper\/\">.<\/a><\/p>\n<h3>Was ist 3-Aminoindan (3-AI)?<\/h3>\n<p><strong>3-Aminoindan<\/strong> ist eine Verbindung aus der Familie der Aminoindane, die f\u00fcr ihre strukturelle \u00c4hnlichkeit mit einigen Stimulanzien bekannt ist, obwohl ihre einzigartigen Eigenschaften sie zu einem wertvollen Werkzeug in der wissenschaftlichen Forschung machen. Die <strong>3-Aminoindan (3-AI)<\/strong> wird haupts\u00e4chlich f\u00fcr wissenschaftliche Studien im Labor verwendet.<\/p>\n<h3>Eigenschaften und Anwendungen von 3-Aminoindan<\/h3>\n<p>Unser <strong>3-Aminoindan<\/strong> ist f\u00fcr umfangreiche Recherchen in <strong>Pharmakologie und Chemie<\/strong>. Zu den g\u00e4ngigen Anwendungen geh\u00f6ren Studien \u00fcber die <strong>Synthese von 3-Aminoindan<\/strong>seine <strong>Pharmakologie<\/strong>und seine <strong>chemische Eigenschaften<\/strong>. Forscher erforschen oft die Wechselwirkungen des <strong>3-Aminoindan mit Neurotransmittern<\/strong>Das macht es f\u00fcr die Neurowissenschaften so wertvoll.<\/p>\n<ul>\n<li><strong>Reinheit Hoch<\/strong> : Jede Charge von 3-AI wird auf die Einhaltung von Industriestandards getestet, um sichere und genaue Ergebnisse f\u00fcr wissenschaftliche Anwendungen zu gew\u00e4hrleisten.<\/li>\n<li><strong>Zuverl\u00e4ssiger Anbieter<\/strong> : Als <strong>Lieferant von 3-Aminoindan<\/strong>In der Regel sind wir auf Transparenz, Qualit\u00e4t und die Einhaltung von Industrieprotokollen bedacht.<\/li>\n<li><strong>Sicherheitsdatenblatt<\/strong> : Wir schlie\u00dfen umfassende Daten \u00fcber die <strong>Sicherheit von 3-Aminoindan<\/strong> um sichere Handhabungspraktiken im Labor zu unterst\u00fctzen.<\/li>\n<\/ul>\n<h3>Wo man 3-Aminoindan (3-AI) kaufen kann<\/h3>\n<p>Wenn Sie nach einer zuverl\u00e4ssigen Quelle f\u00fcr <strong>wo kann ich 3-Aminoindane kaufen?<\/strong>[Name Ihres Unternehmens] bietet sichere Einkaufsm\u00f6glichkeiten und eine schnelle Lieferung f\u00fcr autorisierte Gesch\u00e4ftsleute. Jede Bestellung umfasst <strong>Sicherheitsdaten<\/strong>Die Informationen, die Sie hier finden, sind rechtlich bindend, und ein <strong>Zertifikat der chemischen Eigenschaften<\/strong>Die Daten werden in einer Datenbank gespeichert, die die Integrit\u00e4t des Produkts f\u00fcr die Verwendung in einer zugelassenen Forschungsumgebung gew\u00e4hrleistet.<\/p>\n<h3>Gesetzlicher Status und Sicherheitsbedenken<\/h3>\n<p>Die <strong>3-Aminoindan<\/strong> ist ausschlie\u00dflich f\u00fcr Forschungszwecke bestimmt und nicht f\u00fcr den menschlichen Verzehr gedacht. <strong>\u00dcberpr\u00fcfen Sie den rechtlichen Status von 3-Aminoindan<\/strong> in Ihrer Region, bevor Sie es kaufen. Unser Team h\u00e4lt sich an alle regulatorischen Anforderungen und garantiert so einen legalen und sicheren Zugang zum <strong>3-Aminoindan<\/strong> nur f\u00fcr den professionellen Gebrauch.<\/p>\n<p>F\u00fcr Forscherinnen und Forscher, die <strong>Hochwertiges 3-Aminoindan (3-AI)<\/strong>Wir bieten einen zuverl\u00e4ssigen Zugang und strenge Qualit\u00e4tskontrollen, um eine sichere und autorisierte Nutzung f\u00fcr wissenschaftliche und industrielle Anwendungen zu erm\u00f6glichen. Kontaktieren Sie uns noch heute, um <strong>3-Aminoindan kaufen<\/strong> mit Vertrauen und Transparenz.<\/p>","protected":false},"excerpt":{"rendered":"<p>3-Aminoindan hat eine bicyclische Struktur mit einer Aminogruppe in Position 3 und wird wegen seiner m\u00f6glichen Auswirkungen auf Neurotransmittersysteme erforscht. Wenn Sie weitere Informationen oder spezifische Details ben\u00f6tigen, fragen Sie bitte!<\/p>\n<p>3-Aminoindan (3-AI) hat die folgenden Details:<\/p>\n<ul>\n<li><strong>Chemische Formel<\/strong> : C\u2089H\u2081\u2081N<\/li>\n<li><strong>CAS-Nummer<\/strong> : 101-54-0<\/li>\n<\/ul>","protected":false},"featured_media":6297,"comment_status":"open","ping_status":"closed","template":"","meta":{"_joinchat":[]},"product_cat":[558],"product_tag":[],"class_list":{"0":"post-6222","1":"product","2":"type-product","3":"status-publish","4":"has-post-thumbnail","6":"product_cat-chimiques-de-recherche","8":"first","9":"instock","10":"shipping-taxable","11":"purchasable","12":"product-type-variable","13":"col-xs-6 col-sm-4","14":"col-md-3 col-lg-3","15":"un-4-cols"},"yoast_head":"<!-- This site is optimized with the Yoast SEO plugin v23.8 - https:\/\/yoast.com\/wordpress\/plugins\/seo\/ -->\n<title>Acheter 3-Aminoindane (3-AI) | Fournisseur de Qualit\u00e9<\/title>\n<meta name=\"description\" content=\"Achetez 3-Aminoindane (3-AI) de haute qualit\u00e9 pour la recherche. Fournisseur fiable avec livraison s\u00e9curis\u00e9e et fiche de s\u00e9curit\u00e9 incluse.\" \/>\n<meta name=\"robots\" content=\"index, follow, max-snippet:-1, max-image-preview:large, max-video-preview:-1\" \/>\n<link rel=\"canonical\" href=\"https:\/\/poudresdenarco.com\/de\/produkt\/3cl\/\" \/>\n<meta property=\"og:locale\" content=\"de_DE\" \/>\n<meta property=\"og:type\" content=\"article\" \/>\n<meta property=\"og:title\" content=\"Acheter 3-Aminoindane (3-AI) | Fournisseur de Qualit\u00e9\" \/>\n<meta property=\"og:description\" content=\"Achetez 3-Aminoindane (3-AI) de haute qualit\u00e9 pour la recherche. Fournisseur fiable avec livraison s\u00e9curis\u00e9e et fiche de s\u00e9curit\u00e9 incluse.\" \/>\n<meta property=\"og:url\" content=\"https:\/\/poudresdenarco.com\/de\/produkt\/3cl\/\" \/>\n<meta property=\"og:site_name\" content=\"Poudresde Narco\" \/>\n<meta property=\"article:modified_time\" content=\"2026-01-17T02:57:21+00:00\" \/>\n<meta property=\"og:image\" content=\"https:\/\/poudresdenarco.com\/wp-content\/uploads\/2024\/10\/3cl-1.gif\" \/>\n\t<meta property=\"og:image:width\" content=\"600\" \/>\n\t<meta property=\"og:image:height\" content=\"600\" \/>\n\t<meta property=\"og:image:type\" content=\"image\/gif\" \/>\n<meta name=\"twitter:card\" content=\"summary_large_image\" \/>\n<meta name=\"twitter:label1\" content=\"Gesch\u00e4tzte Lesezeit\" \/>\n\t<meta name=\"twitter:data1\" content=\"2 Minuten\" \/>\n<script type=\"application\/ld+json\" class=\"yoast-schema-graph\">{\"@context\":\"https:\/\/schema.org\",\"@graph\":[{\"@type\":\"WebPage\",\"@id\":\"https:\/\/poudresdenarco.com\/produit\/3cl\/\",\"url\":\"https:\/\/poudresdenarco.com\/produit\/3cl\/\",\"name\":\"Acheter 3-Aminoindane (3-AI) | Fournisseur de Qualit\u00e9\",\"isPartOf\":{\"@id\":\"https:\/\/poudresdenarco.com\/#website\"},\"primaryImageOfPage\":{\"@id\":\"https:\/\/poudresdenarco.com\/produit\/3cl\/#primaryimage\"},\"image\":{\"@id\":\"https:\/\/poudresdenarco.com\/produit\/3cl\/#primaryimage\"},\"thumbnailUrl\":\"https:\/\/poudresdenarco.com\/wp-content\/uploads\/2024\/10\/3cl-1.gif\",\"datePublished\":\"2024-10-18T05:40:12+00:00\",\"dateModified\":\"2026-01-17T02:57:21+00:00\",\"description\":\"Achetez 3-Aminoindane (3-AI) de haute qualit\u00e9 pour la recherche. Fournisseur fiable avec livraison s\u00e9curis\u00e9e et fiche de s\u00e9curit\u00e9 incluse.\",\"breadcrumb\":{\"@id\":\"https:\/\/poudresdenarco.com\/produit\/3cl\/#breadcrumb\"},\"inLanguage\":\"de\",\"potentialAction\":[{\"@type\":\"ReadAction\",\"target\":[\"https:\/\/poudresdenarco.com\/produit\/3cl\/\"]}]},{\"@type\":\"ImageObject\",\"inLanguage\":\"de\",\"@id\":\"https:\/\/poudresdenarco.com\/produit\/3cl\/#primaryimage\",\"url\":\"https:\/\/poudresdenarco.com\/wp-content\/uploads\/2024\/10\/3cl-1.gif\",\"contentUrl\":\"https:\/\/poudresdenarco.com\/wp-content\/uploads\/2024\/10\/3cl-1.gif\",\"width\":600,\"height\":600,\"caption\":\"3cl\"},{\"@type\":\"BreadcrumbList\",\"@id\":\"https:\/\/poudresdenarco.com\/produit\/3cl\/#breadcrumb\",\"itemListElement\":[{\"@type\":\"ListItem\",\"position\":1,\"name\":\"Home\",\"item\":\"https:\/\/poudresdenarco.com\/\"},{\"@type\":\"ListItem\",\"position\":2,\"name\":\"Boutique\",\"item\":\"https:\/\/poudresdenarco.com\/boutique\/\"},{\"@type\":\"ListItem\",\"position\":3,\"name\":\"3-Aminoindane (3-CI)\"}]},{\"@type\":\"WebSite\",\"@id\":\"https:\/\/poudresdenarco.com\/#website\",\"url\":\"https:\/\/poudresdenarco.com\/\",\"name\":\"Poudresde Narco\",\"description\":\"Acheter de la coca\u00efne et de l&#039;h\u00e9ro\u00efne en ligne\",\"potentialAction\":[{\"@type\":\"SearchAction\",\"target\":{\"@type\":\"EntryPoint\",\"urlTemplate\":\"https:\/\/poudresdenarco.com\/?s={search_term_string}\"},\"query-input\":{\"@type\":\"PropertyValueSpecification\",\"valueRequired\":true,\"valueName\":\"search_term_string\"}}],\"inLanguage\":\"de\"}]}<\/script>\n<!-- \/ Yoast SEO plugin. -->","yoast_head_json":{"title":"Acheter 3-Aminoindane (3-AI) | Fournisseur de Qualit\u00e9","description":"Achetez 3-Aminoindane (3-AI) de haute qualit\u00e9 pour la recherche. Fournisseur fiable avec livraison s\u00e9curis\u00e9e et fiche de s\u00e9curit\u00e9 incluse.","robots":{"index":"index","follow":"follow","max-snippet":"max-snippet:-1","max-image-preview":"max-image-preview:large","max-video-preview":"max-video-preview:-1"},"canonical":"https:\/\/poudresdenarco.com\/de\/produkt\/3cl\/","og_locale":"de_DE","og_type":"article","og_title":"Acheter 3-Aminoindane (3-AI) | Fournisseur de Qualit\u00e9","og_description":"Achetez 3-Aminoindane (3-AI) de haute qualit\u00e9 pour la recherche. Fournisseur fiable avec livraison s\u00e9curis\u00e9e et fiche de s\u00e9curit\u00e9 incluse.","og_url":"https:\/\/poudresdenarco.com\/de\/produkt\/3cl\/","og_site_name":"Poudresde Narco","article_modified_time":"2026-01-17T02:57:21+00:00","og_image":[{"width":600,"height":600,"url":"https:\/\/poudresdenarco.com\/wp-content\/uploads\/2024\/10\/3cl-1.gif","type":"image\/gif"}],"twitter_card":"summary_large_image","twitter_misc":{"Gesch\u00e4tzte Lesezeit":"2 Minuten"},"schema":{"@context":"https:\/\/schema.org","@graph":[{"@type":"WebPage","@id":"https:\/\/poudresdenarco.com\/produit\/3cl\/","url":"https:\/\/poudresdenarco.com\/produit\/3cl\/","name":"Acheter 3-Aminoindane (3-AI) | Fournisseur de Qualit\u00e9","isPartOf":{"@id":"https:\/\/poudresdenarco.com\/#website"},"primaryImageOfPage":{"@id":"https:\/\/poudresdenarco.com\/produit\/3cl\/#primaryimage"},"image":{"@id":"https:\/\/poudresdenarco.com\/produit\/3cl\/#primaryimage"},"thumbnailUrl":"https:\/\/poudresdenarco.com\/wp-content\/uploads\/2024\/10\/3cl-1.gif","datePublished":"2024-10-18T05:40:12+00:00","dateModified":"2026-01-17T02:57:21+00:00","description":"Achetez 3-Aminoindane (3-AI) de haute qualit\u00e9 pour la recherche. Fournisseur fiable avec livraison s\u00e9curis\u00e9e et fiche de s\u00e9curit\u00e9 incluse.","breadcrumb":{"@id":"https:\/\/poudresdenarco.com\/produit\/3cl\/#breadcrumb"},"inLanguage":"de","potentialAction":[{"@type":"ReadAction","target":["https:\/\/poudresdenarco.com\/produit\/3cl\/"]}]},{"@type":"ImageObject","inLanguage":"de","@id":"https:\/\/poudresdenarco.com\/produit\/3cl\/#primaryimage","url":"https:\/\/poudresdenarco.com\/wp-content\/uploads\/2024\/10\/3cl-1.gif","contentUrl":"https:\/\/poudresdenarco.com\/wp-content\/uploads\/2024\/10\/3cl-1.gif","width":600,"height":600,"caption":"3cl"},{"@type":"BreadcrumbList","@id":"https:\/\/poudresdenarco.com\/produit\/3cl\/#breadcrumb","itemListElement":[{"@type":"ListItem","position":1,"name":"Home","item":"https:\/\/poudresdenarco.com\/"},{"@type":"ListItem","position":2,"name":"Boutique","item":"https:\/\/poudresdenarco.com\/boutique\/"},{"@type":"ListItem","position":3,"name":"3-Aminoindane (3-CI)"}]},{"@type":"WebSite","@id":"https:\/\/poudresdenarco.com\/#website","url":"https:\/\/poudresdenarco.com\/","name":"Poudresde Narco","description":"Acheter de la coca\u00efne et de l&#039;h\u00e9ro\u00efne en ligne","potentialAction":[{"@type":"SearchAction","target":{"@type":"EntryPoint","urlTemplate":"https:\/\/poudresdenarco.com\/?s={search_term_string}"},"query-input":{"@type":"PropertyValueSpecification","valueRequired":true,"valueName":"search_term_string"}}],"inLanguage":"de"}]}},"_links":{"self":[{"href":"https:\/\/poudresdenarco.com\/de\/wp-json\/wp\/v2\/product\/6222","targetHints":{"allow":["GET"]}}],"collection":[{"href":"https:\/\/poudresdenarco.com\/de\/wp-json\/wp\/v2\/product"}],"about":[{"href":"https:\/\/poudresdenarco.com\/de\/wp-json\/wp\/v2\/types\/product"}],"replies":[{"embeddable":true,"href":"https:\/\/poudresdenarco.com\/de\/wp-json\/wp\/v2\/comments?post=6222"}],"wp:featuredmedia":[{"embeddable":true,"href":"https:\/\/poudresdenarco.com\/de\/wp-json\/wp\/v2\/media\/6297"}],"wp:attachment":[{"href":"https:\/\/poudresdenarco.com\/de\/wp-json\/wp\/v2\/media?parent=6222"}],"wp:term":[{"taxonomy":"product_cat","embeddable":true,"href":"https:\/\/poudresdenarco.com\/de\/wp-json\/wp\/v2\/product_cat?post=6222"},{"taxonomy":"product_tag","embeddable":true,"href":"https:\/\/poudresdenarco.com\/de\/wp-json\/wp\/v2\/product_tag?post=6222"}],"curies":[{"name":"wp","href":"https:\/\/api.w.org\/{rel}","templated":true}]}}