{"id":127,"date":"2023-12-25T08:20:20","date_gmt":"2023-12-25T08:20:20","guid":{"rendered":"https:\/\/unkrautmarkt.com\/narco1\/?post_type=product&#038;p=127"},"modified":"2025-09-01T19:58:05","modified_gmt":"2025-09-01T19:58:05","slug":"acheter-de-la-methamphetamine-crystal-meth-en-ligne","status":"publish","type":"product","link":"https:\/\/poudresdenarco.com\/el\/\u03c0\u03c1\u03bf\u03ca\u03cc\u03bd\/acheter-de-la-methamphetamine-crystal-meth-en-ligne\/","title":{"rendered":"\u0391\u03b3\u03bf\u03c1\u03ac\u03c3\u03c4\u03b5 \u03bc\u03b5\u03b8\u03b1\u03bc\u03c6\u03b5\u03c4\u03b1\u03bc\u03af\u03bd\u03b7 (Crystal meth) online"},"content":{"rendered":"<h2><span style=\"vertical-align: inherit;\"><span style=\"vertical-align: inherit;\">\u0391\u03b3\u03bf\u03c1\u03ac\u03c3\u03c4\u03b5 \u03bc\u03b5\u03b8\u03b1\u03bc\u03c6\u03b5\u03c4\u03b1\u03bc\u03af\u03bd\u03b7 (Crystal Meth) \u03c3\u03b5 \u03b1\u03c0\u03b5\u03c5\u03b8\u03b5\u03af\u03b1\u03c2 \u03c3\u03cd\u03bd\u03b4\u03b5\u03c3\u03b7<\/span><\/span><\/h2>\n<h3><span style=\"vertical-align: inherit;\"><span style=\"vertical-align: inherit;\">\u03a4\u03b9 \u03b5\u03af\u03bd\u03b1\u03b9 \u03b7 \u03bc\u03b5\u03b8\u03b1\u03bc\u03c6\u03b5\u03c4\u03b1\u03bc\u03af\u03bd\u03b7;<\/span><\/span><\/h3>\n<p><span style=\"vertical-align: inherit;\"><span style=\"vertical-align: inherit;\">\u0394\u03b9\u03b5\u03b3\u03b5\u03c1\u03c4\u03b9\u03ba\u03ac \u03cc\u03c0\u03c9\u03c2 <a href=\"https:\/\/en.wikipedia.org\/wiki\/Methamphetamine\">methamphetamine<\/a> \u03b5\u03c0\u03b9\u03c4\u03c1\u03ad\u03c0\u03bf\u03c5\u03bd \u03c3\u03c4\u03bf\u03c5\u03c2 \u03c7\u03c1\u03ae\u03c3\u03c4\u03b5\u03c2 \u03bd\u03b1 \u03bc\u03ad\u03bd\u03bf\u03c5\u03bd \u03be\u03cd\u03c0\u03bd\u03b9\u03bf\u03b9 \u03ba\u03b1\u03b9 \u03bd\u03b1 \u03c3\u03c5\u03bc\u03bc\u03b5\u03c4\u03ad\u03c7\u03bf\u03c5\u03bd \u03c3\u03b5 \u03c3\u03c5\u03bd\u03b5\u03c7\u03ae \u03b4\u03c1\u03b1\u03c3\u03c4\u03b7\u03c1\u03b9\u03cc\u03c4\u03b7\u03c4\u03b1, \u03b5\u03bd\u03ce \u03bc\u03b5\u03b9\u03ce\u03bd\u03bf\u03c5\u03bd \u03c4\u03b7\u03bd \u03b1\u03bd\u03ac\u03b3\u03ba\u03b7 \u03b3\u03b9\u03b1 \u03cd\u03c0\u03bd\u03bf.<\/span><\/span><\/p>\n<p><span style=\"vertical-align: inherit;\"><span style=\"vertical-align: inherit;\">\u0391\u03c5\u03c4\u03ac \u03c4\u03b1 \u03c6\u03ac\u03c1\u03bc\u03b1\u03ba\u03b1 \u03c0\u03b1\u03c1\u03ac\u03b3\u03bf\u03bd\u03c4\u03b1\u03b9 \u03bc\u03b5 \u03c4\u03b7 \u03bc\u03bf\u03c1\u03c6\u03ae \u03bc\u03b5\u03b3\u03ac\u03bb\u03c9\u03bd \u03ba\u03c1\u03c5\u03c3\u03c4\u03ac\u03bb\u03bb\u03c9\u03bd \u03c0\u03bf\u03c5 \u03bf\u03bd\u03bf\u03bc\u03ac\u03b6\u03bf\u03bd\u03c4\u03b1\u03b9 \u03c0\u03ac\u03b3\u03bf\u03c2, \u03c7\u03ac\u03c0\u03b9\u03b1 \u03ae \u03c3\u03ba\u03cc\u03bd\u03b5\u03c2. \u039f \u03c0\u03ac\u03b3\u03bf\u03c2, \u03c3\u03c5\u03c7\u03bd\u03ac \u03b3\u03bd\u03c9\u03c3\u03c4\u03cc\u03c2 \u03c9\u03c2 \u03ba\u03c1\u03c5\u03c3\u03c4\u03b1\u03bb\u03bb\u03b9\u03ba\u03ae \u03bc\u03b5\u03b8\u03b1\u03bc\u03c6\u03b5\u03c4\u03b1\u03bc\u03af\u03bd\u03b7, \u03b5\u03af\u03bd\u03b1\u03b9 \u03bc\u03b9\u03b1 \u03ba\u03bf\u03b9\u03bd\u03ae \u03bf\u03c5\u03c3\u03af\u03b1, \u03b5\u03b9\u03b4\u03b9\u03ba\u03ac \u03bc\u03b5\u03c4\u03b1\u03be\u03cd \u03c4\u03c9\u03bd \u03bd\u03b5\u03b1\u03c1\u03ce\u03bd \u03b5\u03bd\u03b7\u03bb\u03af\u03ba\u03c9\u03bd \u03ba\u03b1\u03b9 \u03c4\u03c9\u03bd \u03b8\u03b5\u03b1\u03c4\u03ce\u03bd \u03c3\u03b5 \u03c0\u03ac\u03c1\u03c4\u03b9 \u03c0\u03bf\u03c5 \u03c3\u03c5\u03c7\u03bd\u03ac\u03b6\u03bf\u03c5\u03bd \u03c3\u03b5 \u03ba\u03bb\u03b1\u03bc\u03c0 \u03ba\u03b1\u03b9 \u03c0\u03af\u03c3\u03c4\u03b5\u03c2 \u03c7\u03bf\u03c1\u03bf\u03cd.<\/span><\/span><\/p>\n<h3><span style=\"vertical-align: inherit;\"><span style=\"vertical-align: inherit;\">\u03a4\u03b9 \u03ac\u03bb\u03bb\u03bf \u03cc\u03bd\u03bf\u03bc\u03b1 \u03c5\u03c0\u03ac\u03c1\u03c7\u03b5\u03b9 \u03b3\u03b9\u03b1 \u03c4\u03b7 \u03bc\u03b5\u03b8\u03b1\u03bc\u03c6\u03b5\u03c4\u03b1\u03bc\u03af\u03bd\u03b7 (Meth);<\/span><\/span><\/h3>\n<p><span style=\"vertical-align: inherit;\"><span style=\"vertical-align: inherit;\">\u03bc\u03b1\u03bd\u03b9\u03b2\u03ad\u03bb\u03b1 (\u03b5\u03b9\u03b4\u03b9\u03ba\u03ac \u03cc\u03c4\u03b1\u03bd \u03b3\u03af\u03bd\u03b5\u03c4\u03b1\u03b9 \u03ad\u03b3\u03c7\u03c5\u03c3\u03b7), \u03c4\u03b1\u03c7\u03cd\u03c4\u03b7\u03c4\u03b1, \u03c1\u03ac\u03b2\u03b4\u03bf\u03b9, \u03bc\u03b5\u03b8\u03b1\u03bc\u03c6\u03b5\u03c4\u03b1\u03bc\u03af\u03bd\u03b7, \u03ba\u03c1\u03cd\u03c3\u03c4\u03b1\u03bb\u03bb\u03bf, \u03ba\u03b9\u03bc\u03c9\u03bb\u03af\u03b1, \u03c0\u03ac\u03b3\u03bf\u03c2, \u03b3\u03c5\u03b1\u03bb\u03af \u03ba\u03b1\u03b9 \u03c7\u03c1\u03b9\u03c3\u03c4\u03bf\u03c5\u03b3\u03b5\u03bd\u03bd\u03b9\u03ac\u03c4\u03b9\u03ba\u03bf \u03b4\u03ad\u03bd\u03c4\u03c1\u03bf<\/span><\/span><\/p>\n<h3><span style=\"vertical-align: inherit;\"><span style=\"vertical-align: inherit;\">\u039c\u03b5\u03b8\u03b1\u03bc\u03c6\u03b5\u03c4\u03b1\u03bc\u03af\u03bd\u03b7, \u03ae \"Meth,\" \u03a0\u03ce\u03c2 \u03c7\u03c1\u03b7\u03c3\u03b9\u03bc\u03bf\u03c0\u03bf\u03b9\u03b5\u03af\u03c4\u03b1\u03b9;<\/span><\/span><\/h3>\n<p><span style=\"vertical-align: inherit;\"><span style=\"vertical-align: inherit;\">\u0397 \u03bc\u03b5\u03b8\u03b1\u03bc\u03c6\u03b5\u03c4\u03b1\u03bc\u03af\u03bd\u03b7 \u03bc\u03c0\u03bf\u03c1\u03b5\u03af \u03bd\u03b1 \u03ba\u03b1\u03c0\u03bd\u03b9\u03c3\u03c4\u03b5\u03af, \u03bd\u03b1 \u03ba\u03b1\u03c4\u03b1\u03c0\u03bf\u03b8\u03b5\u03af, \u03bd\u03b1 \u03b5\u03b9\u03c3\u03c0\u03bd\u03b5\u03c5\u03c3\u03c4\u03b5\u03af \u03ae \u03bd\u03b1 \u03c7\u03bf\u03c1\u03b7\u03b3\u03b7\u03b8\u03b5\u03af \u03b5\u03bd\u03b4\u03bf\u03c6\u03bb\u03ad\u03b2\u03b9\u03b1.<\/span><\/span><\/p>\n<h3><span style=\"vertical-align: inherit;\"><span style=\"vertical-align: inherit;\">\u03a4\u03b9 \u03ac\u03bb\u03bb\u03bf \u03cc\u03bd\u03bf\u03bc\u03b1 \u03c5\u03c0\u03ac\u03c1\u03c7\u03b5\u03b9 \u03b3\u03b9\u03b1 \u03c4\u03b7 \u03bc\u03b5\u03b8\u03b1\u03bc\u03c6\u03b5\u03c4\u03b1\u03bc\u03af\u03bd\u03b7 (Meth);<\/span><\/span><\/h3>\n<p><span style=\"vertical-align: inherit;\"><span style=\"vertical-align: inherit;\">\u03a4\u03b1 \u03b1\u03c0\u03bf\u03c4\u03b5\u03bb\u03ad\u03c3\u03bc\u03b1\u03c4\u03b1 \u03c4\u03b7\u03c2 \u03ba\u03b1\u03c4\u03ac\u03c0\u03bf\u03c3\u03b7\u03c2 \u03ae \u03c4\u03bf\u03c5 \u03c1\u03bf\u03c5\u03b8\u03bf\u03cd\u03bd\u03b9\u03bf\u03c5 \u03bc\u03b5\u03b8\u03b1\u03bc\u03c6\u03b5\u03c4\u03b1\u03bc\u03af\u03bd\u03b7\u03c2 - \u03c0\u03bf\u03c5 \u03bf\u03bd\u03bf\u03bc\u03ac\u03b6\u03b5\u03c4\u03b1\u03b9 \u03b5\u03c0\u03af\u03c3\u03b7\u03c2 \"bumpin\" - \u03b5\u03af\u03bd\u03b1\u03b9 \u03b5\u03be\u03b1\u03b9\u03c1\u03b5\u03c4\u03b9\u03ba\u03ac \u03b9\u03c3\u03c7\u03c5\u03c1\u03ac. \u039c\u03b9\u03b1 \u03b2\u03b9\u03b1\u03c3\u03cd\u03bd\u03b7 \u03ae \u03c6\u03bb\u03b1\u03c2 \u03b5\u03af\u03bd\u03b1\u03b9 \u03c4\u03bf \u03b2\u03c1\u03b1\u03c7\u03cd\u03b2\u03b9\u03bf \u03b1\u03bb\u03bb\u03ac \u03b9\u03c3\u03c7\u03c5\u03c1\u03cc \u03ba\u03b1\u03b9 \u03b9\u03c3\u03c7\u03c5\u03c1\u03cc \u03b1\u03c0\u03bf\u03c4\u03ad\u03bb\u03b5\u03c3\u03bc\u03b1 \u03c0\u03bf\u03c5 \u03c0\u03b1\u03c1\u03ac\u03b3\u03b5\u03c4\u03b1\u03b9 \u03b1\u03c0\u03cc \u03c4\u03b9\u03c2 \u03b5\u03bd\u03ad\u03c3\u03b5\u03b9\u03c2.<\/span><\/span><\/p>\n<p><span style=\"vertical-align: inherit;\"><span style=\"vertical-align: inherit;\">\u039f\u03b9 \u03c7\u03c1\u03ae\u03c3\u03c4\u03b5\u03c2 \u03bc\u03b5\u03b8\u03b1\u03bc\u03c6\u03b5\u03c4\u03b1\u03bc\u03af\u03bd\u03b7\u03c2 \u03c0\u03b1\u03af\u03c1\u03bd\u03bf\u03c5\u03bd \u03ad\u03bd\u03b1 \u03b4\u03c5\u03bd\u03b1\u03c4\u03cc \u03ba\u03b1\u03b9 \u03b5\u03bd\u03b5\u03c1\u03b3\u03b7\u03c4\u03b9\u03ba\u03cc \u03c5\u03c8\u03b7\u03bb\u03cc. \u03a0\u03b9\u03c3\u03c4\u03b5\u03cd\u03bf\u03c5\u03bd \u03cc\u03c4\u03b9 \u03c4\u03bf \u03c6\u03ac\u03c1\u03bc\u03b1\u03ba\u03bf \u03b8\u03b1 \u03ba\u03c1\u03b1\u03c4\u03ae\u03c3\u03b5\u03b9 \u03c4\u03bf \u03c3\u03ce\u03bc\u03b1 \u03c4\u03bf\u03c5\u03c2 \u03c3\u03b5 \u03c3\u03c5\u03bd\u03b5\u03c7\u03ae \u03bb\u03b5\u03b9\u03c4\u03bf\u03c5\u03c1\u03b3\u03af\u03b1. \u03a9\u03c3\u03c4\u03cc\u03c3\u03bf, \u03b7 \u03bc\u03b5\u03b8\u03b1\u03bc\u03c6\u03b5\u03c4\u03b1\u03bc\u03af\u03bd\u03b7 \u03c0\u03c1\u03bf\u03ba\u03b1\u03bb\u03b5\u03af \u03c3\u03bf\u03b2\u03b1\u03c1\u03ad\u03c2 \u03b2\u03bb\u03ac\u03b2\u03b5\u03c2 \u03c3\u03c4\u03bf \u03c3\u03ce\u03bc\u03b1 \u03ba\u03b1\u03b9 \u03c4\u03bf\u03bd \u03b5\u03b3\u03ba\u03ad\u03c6\u03b1\u03bb\u03bf, \u03b5\u03b9\u03b4\u03b9\u03ba\u03ac \u03cc\u03c4\u03b1\u03bd \u03c7\u03c1\u03b7\u03c3\u03b9\u03bc\u03bf\u03c0\u03bf\u03b9\u03b5\u03af\u03c4\u03b1\u03b9 \u03c3\u03c5\u03c7\u03bd\u03ac.<\/span><\/span><\/p>\n<p><span style=\"vertical-align: inherit;\"><span style=\"vertical-align: inherit;\">\u0397 \u03b1\u03c5\u03be\u03b7\u03bc\u03ad\u03bd\u03b7 \u03b1\u03c1\u03c4\u03b7\u03c1\u03b9\u03b1\u03ba\u03ae \u03c0\u03af\u03b5\u03c3\u03b7, \u03bf \u03b1\u03ba\u03b1\u03bd\u03cc\u03bd\u03b9\u03c3\u03c4\u03bf\u03c2 \u03ba\u03b1\u03c1\u03b4\u03b9\u03b1\u03ba\u03cc\u03c2 \u03c0\u03b1\u03bb\u03bc\u03cc\u03c2 \u03ba\u03b1\u03b9 \u03b7 \u03b3\u03c1\u03ae\u03b3\u03bf\u03c1\u03b7 \u03b1\u03bd\u03b1\u03c0\u03bd\u03bf\u03ae \u03b5\u03af\u03bd\u03b1\u03b9 \u03c0\u03b1\u03c1\u03b5\u03bd\u03ad\u03c1\u03b3\u03b5\u03b9\u03b5\u03c2. \u0395\u03c0\u03b9\u03c0\u03bb\u03ad\u03bf\u03bd, \u03bf\u03b9 \u03c7\u03c1\u03ae\u03c3\u03c4\u03b5\u03c2 \u03b1\u03bd\u03b1\u03c6\u03ad\u03c1\u03bf\u03c5\u03bd \u03c0\u03bf\u03bd\u03bf\u03ba\u03ad\u03c6\u03b1\u03bb\u03bf, \u03be\u03b7\u03c1\u03bf\u03c3\u03c4\u03bf\u03bc\u03af\u03b1, \u03ad\u03be\u03b1\u03c8\u03b7, \u03b1\u03bb\u03bb\u03bf\u03b9\u03c9\u03bc\u03ad\u03bd\u03b7 \u03cc\u03c1\u03b1\u03c3\u03b7, \u03b5\u03c6\u03af\u03b4\u03c1\u03c9\u03c3\u03b7 \u03ba\u03b1\u03b9 \u03b6\u03ac\u03bb\u03b7. \u039f\u03b9 \u03ac\u03bd\u03b8\u03c1\u03c9\u03c0\u03bf\u03b9 \u03c0\u03bf\u03c5 \u03b8\u03ad\u03bb\u03bf\u03c5\u03bd \u03bd\u03b1 \u03c7\u03ac\u03c3\u03bf\u03c5\u03bd \u03b2\u03ac\u03c1\u03bf\u03c2 \u03b3\u03c1\u03ae\u03b3\u03bf\u03c1\u03b1 \u03c7\u03c1\u03b7\u03c3\u03b9\u03bc\u03bf\u03c0\u03bf\u03b9\u03bf\u03cd\u03bd \u03b1\u03c5\u03c4\u03cc \u03c4\u03bf \u03c6\u03ac\u03c1\u03bc\u03b1\u03ba\u03bf \u03c9\u03c2 \u03b5\u03c0\u03b9\u03ba\u03af\u03bd\u03b4\u03c5\u03bd\u03b7 \u03b4\u03af\u03b1\u03b9\u03c4\u03b1, \u03b5\u03c0\u03b5\u03b9\u03b4\u03ae \u03c3\u03c5\u03c7\u03bd\u03ac \u03bc\u03b5\u03b9\u03ce\u03bd\u03b5\u03b9 \u03ae \u03b1\u03ba\u03cc\u03bc\u03b1 \u03ba\u03b1\u03b9 \u03b5\u03be\u03b1\u03bb\u03b5\u03af\u03c6\u03b5\u03b9 \u03c4\u03b7\u03bd \u03cc\u03c1\u03b5\u03be\u03b7.<\/span><\/span><\/p>\n<p><span style=\"vertical-align: inherit;\"><span style=\"vertical-align: inherit;\">Another concern is \u00ab\u00a0<a href=\"https:\/\/poudresdenarco.com\/el\/\u03c0\u03c1\u03bf\u03ca\u03cc\u03bd\/acheter-de-la-methamphetamine-crystal-meth-en-ligne\/\">meth<\/a>.\u00bb \u03a4\u03b1 \u03b4\u03cc\u03bd\u03c4\u03b9\u03b1 \u03c3\u03c0\u03ac\u03bd\u03b5 \u03ae \u03c0\u03ad\u03c6\u03c4\u03bf\u03c5\u03bd \u03c3\u03c5\u03c7\u03bd\u03ac \u03bb\u03cc\u03b3\u03c9 \u03c7\u03c1\u03cc\u03bd\u03b9\u03b1\u03c2 \u03bf\u03c5\u03bb\u03af\u03c4\u03b9\u03b4\u03b1\u03c2 \u03ba\u03b1\u03b9 \u03c4\u03b5\u03c1\u03b7\u03b4\u03cc\u03bd\u03b1\u03c2.<\/span><\/span><\/p>\n<p>&nbsp;<\/p>","protected":false},"excerpt":{"rendered":"<p>Buy Methamphetamine (Crystal Meth) Online What is methamphetamine? Stimulants like methamphetamine allow users to stay awake and engage in continuous activity while reducing the need for sleep. These drugs are produced in the form of large crystals called ice, pills or powders. Ice, often known as crystal meth, is a common substance, especially among young&hellip;<\/p>","protected":false},"featured_media":266,"comment_status":"open","ping_status":"closed","template":"","meta":{"_joinchat":[]},"product_cat":[161],"product_tag":[],"class_list":{"0":"post-127","1":"product","2":"type-product","3":"status-publish","4":"has-post-thumbnail","6":"product_cat-du-crystal-meth","8":"first","9":"instock","10":"shipping-taxable","11":"purchasable","12":"product-type-variable","13":"col-xs-6 col-sm-4","14":"col-md-3 col-lg-3","15":"un-4-cols"},"yoast_head":"<!-- This site is optimized with the Yoast SEO plugin v23.8 - https:\/\/yoast.com\/wordpress\/plugins\/seo\/ -->\n<title>Acheter de la m\u00e9thamph\u00e9tamine en ligne \u2013 Vente de m\u00e9thamph\u00e9tamine<\/title>\n<meta name=\"description\" content=\"Achetez de la m\u00e9thamph\u00e9tamine \u00e0 des prix abordables dans notre magasin PoudresDenarco. Nous vous aiderons \u00e0 acheter de la m\u00e9thamph\u00e9tamine en ligne. Acceptez votre commande et livrez-la chez vous sous peu !\" \/>\n<meta name=\"robots\" content=\"index, follow, max-snippet:-1, max-image-preview:large, max-video-preview:-1\" \/>\n<link rel=\"canonical\" href=\"https:\/\/poudresdenarco.com\/el\/\u03c0\u03c1\u03bf\u03ca\u03cc\u03bd\/acheter-de-la-methamphetamine-crystal-meth-en-ligne\/\" \/>\n<meta property=\"og:locale\" content=\"el_GR\" \/>\n<meta property=\"og:type\" content=\"article\" \/>\n<meta property=\"og:title\" content=\"Acheter de la m\u00e9thamph\u00e9tamine en ligne \u2013 Vente de m\u00e9thamph\u00e9tamine\" \/>\n<meta property=\"og:description\" content=\"Achetez de la m\u00e9thamph\u00e9tamine \u00e0 des prix abordables dans notre magasin PoudresDenarco. Nous vous aiderons \u00e0 acheter de la m\u00e9thamph\u00e9tamine en ligne. Acceptez votre commande et livrez-la chez vous sous peu !\" \/>\n<meta property=\"og:url\" content=\"https:\/\/poudresdenarco.com\/el\/\u03c0\u03c1\u03bf\u03ca\u03cc\u03bd\/acheter-de-la-methamphetamine-crystal-meth-en-ligne\/\" \/>\n<meta property=\"og:site_name\" content=\"Poudresde Narco\" \/>\n<meta property=\"article:modified_time\" content=\"2025-09-01T19:58:05+00:00\" \/>\n<meta property=\"og:image\" content=\"https:\/\/poudresdenarco.com\/wp-content\/uploads\/2023\/12\/Buy-Methamphetamine-online.jpg\" \/>\n\t<meta property=\"og:image:width\" content=\"600\" \/>\n\t<meta property=\"og:image:height\" content=\"600\" \/>\n\t<meta property=\"og:image:type\" content=\"image\/jpeg\" \/>\n<meta name=\"twitter:card\" content=\"summary_large_image\" \/>\n<meta name=\"twitter:label1\" content=\"\u0395\u03ba\u03c4\u03b9\u03bc\u03ce\u03bc\u03b5\u03bd\u03bf\u03c2 \u03c7\u03c1\u03cc\u03bd\u03bf\u03c2 \u03b1\u03bd\u03ac\u03b3\u03bd\u03c9\u03c3\u03b7\u03c2\" \/>\n\t<meta name=\"twitter:data1\" content=\"2 \u03bb\u03b5\u03c0\u03c4\u03ac\" \/>\n<script type=\"application\/ld+json\" class=\"yoast-schema-graph\">{\"@context\":\"https:\/\/schema.org\",\"@graph\":[{\"@type\":\"WebPage\",\"@id\":\"https:\/\/poudresdenarco.com\/produit\/acheter-de-la-methamphetamine-crystal-meth-en-ligne\/\",\"url\":\"https:\/\/poudresdenarco.com\/produit\/acheter-de-la-methamphetamine-crystal-meth-en-ligne\/\",\"name\":\"Acheter de la m\u00e9thamph\u00e9tamine en ligne \u2013 Vente de m\u00e9thamph\u00e9tamine\",\"isPartOf\":{\"@id\":\"https:\/\/poudresdenarco.com\/#website\"},\"primaryImageOfPage\":{\"@id\":\"https:\/\/poudresdenarco.com\/produit\/acheter-de-la-methamphetamine-crystal-meth-en-ligne\/#primaryimage\"},\"image\":{\"@id\":\"https:\/\/poudresdenarco.com\/produit\/acheter-de-la-methamphetamine-crystal-meth-en-ligne\/#primaryimage\"},\"thumbnailUrl\":\"https:\/\/poudresdenarco.com\/wp-content\/uploads\/2023\/12\/Buy-Methamphetamine-online.jpg\",\"datePublished\":\"2023-12-25T08:20:20+00:00\",\"dateModified\":\"2025-09-01T19:58:05+00:00\",\"description\":\"Achetez de la m\u00e9thamph\u00e9tamine \u00e0 des prix abordables dans notre magasin PoudresDenarco. Nous vous aiderons \u00e0 acheter de la m\u00e9thamph\u00e9tamine en ligne. Acceptez votre commande et livrez-la chez vous sous peu !\",\"breadcrumb\":{\"@id\":\"https:\/\/poudresdenarco.com\/produit\/acheter-de-la-methamphetamine-crystal-meth-en-ligne\/#breadcrumb\"},\"inLanguage\":\"el\",\"potentialAction\":[{\"@type\":\"ReadAction\",\"target\":[\"https:\/\/poudresdenarco.com\/produit\/acheter-de-la-methamphetamine-crystal-meth-en-ligne\/\"]}]},{\"@type\":\"ImageObject\",\"inLanguage\":\"el\",\"@id\":\"https:\/\/poudresdenarco.com\/produit\/acheter-de-la-methamphetamine-crystal-meth-en-ligne\/#primaryimage\",\"url\":\"https:\/\/poudresdenarco.com\/wp-content\/uploads\/2023\/12\/Buy-Methamphetamine-online.jpg\",\"contentUrl\":\"https:\/\/poudresdenarco.com\/wp-content\/uploads\/2023\/12\/Buy-Methamphetamine-online.jpg\",\"width\":600,\"height\":600,\"caption\":\"Buy-Methamphetamine-online\"},{\"@type\":\"BreadcrumbList\",\"@id\":\"https:\/\/poudresdenarco.com\/produit\/acheter-de-la-methamphetamine-crystal-meth-en-ligne\/#breadcrumb\",\"itemListElement\":[{\"@type\":\"ListItem\",\"position\":1,\"name\":\"Home\",\"item\":\"https:\/\/poudresdenarco.com\/\"},{\"@type\":\"ListItem\",\"position\":2,\"name\":\"Boutique\",\"item\":\"https:\/\/poudresdenarco.com\/boutique\/\"},{\"@type\":\"ListItem\",\"position\":3,\"name\":\"Acheter de la m\u00e9thamph\u00e9tamine (Crystal meth) en ligne\"}]},{\"@type\":\"WebSite\",\"@id\":\"https:\/\/poudresdenarco.com\/#website\",\"url\":\"https:\/\/poudresdenarco.com\/\",\"name\":\"Poudresde Narco\",\"description\":\"Acheter de la coca\u00efne et de l&#039;h\u00e9ro\u00efne en ligne\",\"potentialAction\":[{\"@type\":\"SearchAction\",\"target\":{\"@type\":\"EntryPoint\",\"urlTemplate\":\"https:\/\/poudresdenarco.com\/?s={search_term_string}\"},\"query-input\":{\"@type\":\"PropertyValueSpecification\",\"valueRequired\":true,\"valueName\":\"search_term_string\"}}],\"inLanguage\":\"el\"}]}<\/script>\n<!-- \/ Yoast SEO plugin. -->","yoast_head_json":{"title":"Acheter de la m\u00e9thamph\u00e9tamine en ligne \u2013 Vente de m\u00e9thamph\u00e9tamine","description":"Achetez de la m\u00e9thamph\u00e9tamine \u00e0 des prix abordables dans notre magasin PoudresDenarco. Nous vous aiderons \u00e0 acheter de la m\u00e9thamph\u00e9tamine en ligne. Acceptez votre commande et livrez-la chez vous sous peu !","robots":{"index":"index","follow":"follow","max-snippet":"max-snippet:-1","max-image-preview":"max-image-preview:large","max-video-preview":"max-video-preview:-1"},"canonical":"https:\/\/poudresdenarco.com\/el\/\u03c0\u03c1\u03bf\u03ca\u03cc\u03bd\/acheter-de-la-methamphetamine-crystal-meth-en-ligne\/","og_locale":"el_GR","og_type":"article","og_title":"Acheter de la m\u00e9thamph\u00e9tamine en ligne \u2013 Vente de m\u00e9thamph\u00e9tamine","og_description":"Achetez de la m\u00e9thamph\u00e9tamine \u00e0 des prix abordables dans notre magasin PoudresDenarco. Nous vous aiderons \u00e0 acheter de la m\u00e9thamph\u00e9tamine en ligne. Acceptez votre commande et livrez-la chez vous sous peu !","og_url":"https:\/\/poudresdenarco.com\/el\/\u03c0\u03c1\u03bf\u03ca\u03cc\u03bd\/acheter-de-la-methamphetamine-crystal-meth-en-ligne\/","og_site_name":"Poudresde Narco","article_modified_time":"2025-09-01T19:58:05+00:00","og_image":[{"width":600,"height":600,"url":"https:\/\/poudresdenarco.com\/wp-content\/uploads\/2023\/12\/Buy-Methamphetamine-online.jpg","type":"image\/jpeg"}],"twitter_card":"summary_large_image","twitter_misc":{"\u0395\u03ba\u03c4\u03b9\u03bc\u03ce\u03bc\u03b5\u03bd\u03bf\u03c2 \u03c7\u03c1\u03cc\u03bd\u03bf\u03c2 \u03b1\u03bd\u03ac\u03b3\u03bd\u03c9\u03c3\u03b7\u03c2":"2 \u03bb\u03b5\u03c0\u03c4\u03ac"},"schema":{"@context":"https:\/\/schema.org","@graph":[{"@type":"WebPage","@id":"https:\/\/poudresdenarco.com\/produit\/acheter-de-la-methamphetamine-crystal-meth-en-ligne\/","url":"https:\/\/poudresdenarco.com\/produit\/acheter-de-la-methamphetamine-crystal-meth-en-ligne\/","name":"Acheter de la m\u00e9thamph\u00e9tamine en ligne \u2013 Vente de m\u00e9thamph\u00e9tamine","isPartOf":{"@id":"https:\/\/poudresdenarco.com\/#website"},"primaryImageOfPage":{"@id":"https:\/\/poudresdenarco.com\/produit\/acheter-de-la-methamphetamine-crystal-meth-en-ligne\/#primaryimage"},"image":{"@id":"https:\/\/poudresdenarco.com\/produit\/acheter-de-la-methamphetamine-crystal-meth-en-ligne\/#primaryimage"},"thumbnailUrl":"https:\/\/poudresdenarco.com\/wp-content\/uploads\/2023\/12\/Buy-Methamphetamine-online.jpg","datePublished":"2023-12-25T08:20:20+00:00","dateModified":"2025-09-01T19:58:05+00:00","description":"Achetez de la m\u00e9thamph\u00e9tamine \u00e0 des prix abordables dans notre magasin PoudresDenarco. Nous vous aiderons \u00e0 acheter de la m\u00e9thamph\u00e9tamine en ligne. Acceptez votre commande et livrez-la chez vous sous peu !","breadcrumb":{"@id":"https:\/\/poudresdenarco.com\/produit\/acheter-de-la-methamphetamine-crystal-meth-en-ligne\/#breadcrumb"},"inLanguage":"el","potentialAction":[{"@type":"ReadAction","target":["https:\/\/poudresdenarco.com\/produit\/acheter-de-la-methamphetamine-crystal-meth-en-ligne\/"]}]},{"@type":"ImageObject","inLanguage":"el","@id":"https:\/\/poudresdenarco.com\/produit\/acheter-de-la-methamphetamine-crystal-meth-en-ligne\/#primaryimage","url":"https:\/\/poudresdenarco.com\/wp-content\/uploads\/2023\/12\/Buy-Methamphetamine-online.jpg","contentUrl":"https:\/\/poudresdenarco.com\/wp-content\/uploads\/2023\/12\/Buy-Methamphetamine-online.jpg","width":600,"height":600,"caption":"Buy-Methamphetamine-online"},{"@type":"BreadcrumbList","@id":"https:\/\/poudresdenarco.com\/produit\/acheter-de-la-methamphetamine-crystal-meth-en-ligne\/#breadcrumb","itemListElement":[{"@type":"ListItem","position":1,"name":"Home","item":"https:\/\/poudresdenarco.com\/"},{"@type":"ListItem","position":2,"name":"Boutique","item":"https:\/\/poudresdenarco.com\/boutique\/"},{"@type":"ListItem","position":3,"name":"Acheter de la m\u00e9thamph\u00e9tamine (Crystal meth) en ligne"}]},{"@type":"WebSite","@id":"https:\/\/poudresdenarco.com\/#website","url":"https:\/\/poudresdenarco.com\/","name":"Poudresde Narco","description":"Acheter de la coca\u00efne et de l&#039;h\u00e9ro\u00efne en ligne","potentialAction":[{"@type":"SearchAction","target":{"@type":"EntryPoint","urlTemplate":"https:\/\/poudresdenarco.com\/?s={search_term_string}"},"query-input":{"@type":"PropertyValueSpecification","valueRequired":true,"valueName":"search_term_string"}}],"inLanguage":"el"}]}},"_links":{"self":[{"href":"https:\/\/poudresdenarco.com\/el\/wp-json\/wp\/v2\/product\/127","targetHints":{"allow":["GET"]}}],"collection":[{"href":"https:\/\/poudresdenarco.com\/el\/wp-json\/wp\/v2\/product"}],"about":[{"href":"https:\/\/poudresdenarco.com\/el\/wp-json\/wp\/v2\/types\/product"}],"replies":[{"embeddable":true,"href":"https:\/\/poudresdenarco.com\/el\/wp-json\/wp\/v2\/comments?post=127"}],"wp:featuredmedia":[{"embeddable":true,"href":"https:\/\/poudresdenarco.com\/el\/wp-json\/wp\/v2\/media\/266"}],"wp:attachment":[{"href":"https:\/\/poudresdenarco.com\/el\/wp-json\/wp\/v2\/media?parent=127"}],"wp:term":[{"taxonomy":"product_cat","embeddable":true,"href":"https:\/\/poudresdenarco.com\/el\/wp-json\/wp\/v2\/product_cat?post=127"},{"taxonomy":"product_tag","embeddable":true,"href":"https:\/\/poudresdenarco.com\/el\/wp-json\/wp\/v2\/product_tag?post=127"}],"curies":[{"name":"wp","href":"https:\/\/api.w.org\/{rel}","templated":true}]}}