{"id":202,"date":"2023-12-25T08:20:39","date_gmt":"2023-12-25T08:20:39","guid":{"rendered":"https:\/\/unkrautmarkt.com\/narco1\/?post_type=product&#038;p=202"},"modified":"2024-08-23T09:38:21","modified_gmt":"2024-08-23T09:38:21","slug":"acheter-des-eclats-de-ketamine","status":"publish","type":"product","link":"https:\/\/poudresdenarco.com\/el\/\u03c0\u03c1\u03bf\u03ca\u03cc\u03bd\/\u03b1\u03b3\u03bf\u03c1\u03ac\u03b6\u03bf\u03c5\u03bd-\u03c4\u03c3\u03b9\u03c0\u03c2-\u03ba\u03b5\u03c4\u03b1\u03bc\u03af\u03bd\u03b7\u03c2\/","title":{"rendered":"\u0391\u03b3\u03bf\u03c1\u03ac\u03c3\u03c4\u03b5 \u03c4\u03c3\u03b9\u03c0\u03c2 \u03ba\u03b5\u03c4\u03b1\u03bc\u03af\u03bd\u03b7\u03c2"},"content":{"rendered":"<h2><span style=\"vertical-align: inherit;\"><span style=\"vertical-align: inherit;\">\u0391\u03b3\u03bf\u03c1\u03ac\u03c3\u03c4\u03b5 \u03b8\u03c1\u03b1\u03cd\u03c3\u03bc\u03b1\u03c4\u03b1 \u03ba\u03b5\u03c4\u03b1\u03bc\u03af\u03bd\u03b7\u03c2 \u03b4\u03b9\u03b1\u03b4\u03b9\u03ba\u03c4\u03c5\u03b1\u03ba\u03ac<\/span><\/span><\/h2>\n<h3><span style=\"vertical-align: inherit;\"><span style=\"vertical-align: inherit;\">\u0391\u03b3\u03bf\u03c1\u03ac\u03c3\u03c4\u03b5 \u03b8\u03c1\u03b1\u03cd\u03c3\u03bc\u03b1\u03c4\u03b1 \u03ba\u03b5\u03c4\u03b1\u03bc\u03af\u03bd\u03b7\u03c2 \u03b4\u03b9\u03b1\u03b4\u03b9\u03ba\u03c4\u03c5\u03b1\u03ba\u03ac<\/span><\/span><\/h3>\n<p><span style=\"vertical-align: inherit;\"><span style=\"vertical-align: inherit;\"><a href=\"https:\/\/en.wikipedia.org\/wiki\/Ketamine\">Ketamine HCL Shards<\/a> \u03b5\u03af\u03bd\u03b1\u03b9 \u03ad\u03bd\u03b1 \u03c6\u03ac\u03c1\u03bc\u03b1\u03ba\u03bf \u03c0\u03bf\u03c5 \u03c7\u03c1\u03b7\u03c3\u03b9\u03bc\u03bf\u03c0\u03bf\u03b9\u03b5\u03af\u03c4\u03b1\u03b9 \u03ba\u03c5\u03c1\u03af\u03c9\u03c2 \u03c3\u03c4\u03b7\u03bd \u03b1\u03bd\u03b1\u03b9\u03c3\u03b8\u03b7\u03c3\u03af\u03b1. \u039f\u03b9 \u03c0\u03c1\u03cc\u03c3\u03b8\u03b5\u03c4\u03b5\u03c2 \u03c7\u03c1\u03ae\u03c3\u03b5\u03b9\u03c2 \u03c0\u03b5\u03c1\u03b9\u03bb\u03b1\u03bc\u03b2\u03ac\u03bd\u03bf\u03c5\u03bd \u03ba\u03b1\u03c4\u03b1\u03c3\u03c4\u03bf\u03bb\u03ae \u03b5\u03bd\u03c4\u03b1\u03c4\u03b9\u03ba\u03ae\u03c2 \u03b8\u03b5\u03c1\u03b1\u03c0\u03b5\u03af\u03b1\u03c2 \u03ba\u03b1\u03b9 \u03b5\u03c0\u03af\u03bc\u03bf\u03bd\u03bf \u03c0\u03cc\u03bd\u03bf.<\/span><\/span><\/p>\n<p><span style=\"vertical-align: inherit;\"><span style=\"vertical-align: inherit;\">\u03a4\u03bf \u03c5\u03c8\u03b7\u03bb\u03cc \u03c0\u03bf\u03c5 \u03c0\u03c1\u03bf\u03ba\u03b1\u03bb\u03b5\u03af \u03b7 \u03ba\u03b5\u03c4\u03b1\u03bc\u03af\u03bd\u03b7 \u03b4\u03b9\u03b1\u03c1\u03ba\u03b5\u03af \u03c0\u03b5\u03c1\u03af\u03c0\u03bf\u03c5 \u03bc\u03af\u03b1 \u03ce\u03c1\u03b1. \u039e\u03b5\u03ba\u03b9\u03bd\u03ac \u03b4\u03cd\u03bf \u03ad\u03c9\u03c2 \u03c0\u03ad\u03bd\u03c4\u03b5 \u03bb\u03b5\u03c0\u03c4\u03ac \u03bc\u03b5\u03c4\u03ac \u03c4\u03bf \u03ba\u03ac\u03c0\u03bd\u03b9\u03c3\u03bc\u03b1 \u03ae \u03c4\u03b7\u03bd \u03ba\u03b1\u03c4\u03ac\u03c0\u03bf\u03c3\u03b7 \u03c4\u03b7\u03c2 \u03b4\u03cc\u03c3\u03b7\u03c2. \u038c\u03c4\u03b1\u03bd \u03b5\u03bd\u03af\u03b5\u03c4\u03b1\u03b9, \u03b5\u03bc\u03c6\u03b1\u03bd\u03af\u03b6\u03b5\u03c4\u03b1\u03b9 \u03c0\u03b5\u03c1\u03af\u03c0\u03bf\u03c5 30 \u03b4\u03b5\u03c5\u03c4\u03b5\u03c1\u03cc\u03bb\u03b5\u03c0\u03c4\u03b1 \u03bc\u03b5\u03c4\u03ac \u03c4\u03b7\u03bd \u03ad\u03bd\u03b5\u03c3\u03b7.<\/span><\/span><\/p>\n<p><span style=\"vertical-align: inherit;\"><span style=\"vertical-align: inherit;\">\u03a4\u03bf \u03c3\u03c5\u03bd\u03c4\u03c1\u03b9\u03c0\u03c4\u03b9\u03ba\u03cc \u03b1\u03af\u03c3\u03b8\u03b7\u03bc\u03b1 \u03c7\u03b1\u03bb\u03ac\u03c1\u03c9\u03c3\u03b7\u03c2 \u03c0\u03bf\u03c5 \u03b2\u03b9\u03ce\u03bd\u03b5\u03b9 \u03b1\u03c1\u03c7\u03b9\u03ba\u03ac \u03bf \u03c7\u03c1\u03ae\u03c3\u03c4\u03b7\u03c2 \u03ba\u03b1\u03c4\u03ac \u03c4\u03b7 \u03b4\u03b9\u03ac\u03c1\u03ba\u03b5\u03b9\u03b1 \u03c4\u03bf\u03c5 \u03b5\u03c6\u03ad \u03b1\u03bd\u03b1\u03c6\u03ad\u03c1\u03b5\u03c4\u03b1\u03b9 \u03c3\u03c5\u03c7\u03bd\u03ac \u03c9\u03c2 \u00ab\u00a0full-body buzz.\u00bb \u039f\u03c1\u03b9\u03c3\u03bc\u03ad\u03bd\u03bf\u03b9 \u03c7\u03c1\u03ae\u03c3\u03c4\u03b5\u03c2 \u03c4\u03bf \u03c0\u03b5\u03c1\u03b9\u03b3\u03c1\u03ac\u03c6\u03bf\u03c5\u03bd \u03b1\u03ba\u03cc\u03bc\u03b7 \u03ba\u03b1\u03b9 \u03c3\u03b1\u03bd \u03bd\u03b1 \u03b1\u03b9\u03c3\u03b8\u03ac\u03bd\u03bf\u03bd\u03c4\u03b1\u03b9 \u03c3\u03b1\u03bd \u03bd\u03b1 \u03b5\u03c0\u03b9\u03c0\u03bb\u03ad\u03bf\u03c5\u03bd \u03ad\u03be\u03c9 \u03b1\u03c0\u03cc \u03c4\u03bf \u03c3\u03ce\u03bc\u03b1 \u03c4\u03bf\u03c5\u03c2. \u03a0\u03bf\u03bb\u03bb\u03bf\u03af \u03ac\u03bd\u03b8\u03c1\u03c9\u03c0\u03bf\u03b9 \u03b2\u03b9\u03ce\u03bd\u03bf\u03c5\u03bd \u03c0\u03b1\u03c1\u03b1\u03b9\u03c3\u03b8\u03ae\u03c3\u03b5\u03b9\u03c2 \u03c0\u03bf\u03c5 \u03b4\u03b9\u03b1\u03c1\u03ba\u03bf\u03cd\u03bd \u03c0\u03b5\u03c1\u03b9\u03c3\u03c3\u03cc\u03c4\u03b5\u03c1\u03bf \u03b1\u03c0\u03cc \u03c4\u03b1 \u03b1\u03c0\u03bf\u03c4\u03b5\u03bb\u03ad\u03c3\u03bc\u03b1\u03c4\u03b1 \u03c4\u03b7\u03c2 \u03b1\u03bd\u03b1\u03b9\u03c3\u03b8\u03b7\u03c3\u03af\u03b1\u03c2.<\/span><\/span><\/p>\n<p><span style=\"vertical-align: inherit;\"><span style=\"vertical-align: inherit;\">\u039f\u03b9 \u03c5\u03c8\u03b7\u03bb\u03cc\u03c4\u03b5\u03c1\u03b5\u03c2 \u03b4\u03cc\u03c3\u03b5\u03b9\u03c2 \u03bc\u03c0\u03bf\u03c1\u03bf\u03cd\u03bd \u03bd\u03b1 \u03bf\u03b4\u03b7\u03b3\u03ae\u03c3\u03bf\u03c5\u03bd \u03c3\u03b5 \u03c0\u03b9\u03bf \u03b9\u03c3\u03c7\u03c5\u03c1\u03ac \u03b1\u03c0\u03bf\u03c4\u03b5\u03bb\u03ad\u03c3\u03bc\u03b1\u03c4\u03b1. \u03a4\u03b1 \u03ac\u03c4\u03bf\u03bc\u03b1 \u03ad\u03c7\u03bf\u03c5\u03bd \u03c0\u03b5\u03c1\u03b9\u03b3\u03c1\u03ac\u03c8\u03b5\u03b9 \u03c0\u03bb\u03ae\u03c1\u03b7 \u03ba\u03b1\u03b9 \u03c0\u03bb\u03ae\u03c1\u03b7 \u03b1\u03c0\u03bf\u03c3\u03cd\u03bd\u03b4\u03b5\u03c3\u03b7 \u03b1\u03c0\u03cc \u03c4\u03bf \u03c3\u03ce\u03bc\u03b1 \u03c4\u03bf\u03c5\u03c2. \u0386\u03bd\u03b8\u03c1\u03c9\u03c0\u03bf\u03b9 \u03c0\u03bf\u03c5 \u03b5\u03af\u03c7\u03b1\u03bd \u03b5\u03bc\u03c0\u03b5\u03b9\u03c1\u03af\u03b5\u03c2 \u03ba\u03bf\u03bd\u03c4\u03ac \u03c3\u03c4\u03bf \u03b8\u03ac\u03bd\u03b1\u03c4\u03bf \u03ad\u03c7\u03bf\u03c5\u03bd \u03c0\u03b5\u03c1\u03b9\u03b3\u03c1\u03ac\u03c8\u03b5\u03b9 \u03c0\u03b1\u03c1\u03cc\u03bc\u03bf\u03b9\u03b1 \u03c3\u03c5\u03bd\u03b1\u03b9\u03c3\u03b8\u03ae\u03bc\u03b1\u03c4\u03b1, \u03c0\u03b1\u03c1\u03cc\u03bc\u03bf\u03b9\u03b1 \u03bc\u03b5 \u03b1\u03c5\u03c4\u03ac \u03bc\u03b9\u03b1\u03c2 \u00ab\u03c4\u03c1\u03cd\u03c0\u03b1\u03c2 K.\u00bb<\/span><\/span><\/p>\n<p><span style=\"vertical-align: inherit;\"><span style=\"vertical-align: inherit;\">\u039c\u03c0\u03bf\u03c1\u03b5\u03af\u03c4\u03b5 <a href=\"https:\/\/poudresdenarco.com\/el\/\u03c0\u03c1\u03bf\u03ca\u03cc\u03bd\/\u03b1\u03b3\u03bf\u03c1\u03ac\u03b6\u03bf\u03c5\u03bd-\u03c4\u03c3\u03b9\u03c0\u03c2-\u03ba\u03b5\u03c4\u03b1\u03bc\u03af\u03bd\u03b7\u03c2\/\">\u03b1\u03b3\u03bf\u03c1\u03ac\u03c3\u03c4\u03b5 \u03b5\u03ba\u03c1\u03ae\u03be\u03b5\u03b9\u03c2 \u03ba\u03b5\u03c4\u03b1\u03bc\u03af\u03bd\u03b7\u03c2 online<\/a> \u03c3\u03b5 \u03c7\u03b1\u03bc\u03b7\u03bb\u03ae \u03c4\u03b9\u03bc\u03ae.<\/span><\/span><\/p>","protected":false},"excerpt":{"rendered":"<p>Buy Ketamine Shards Online Buy Ketamine Shards Online Ketamine HCL Shards is a medication used primarily in anesthesia. Other applications include chronic pain and intensive care sedation. A sudden high from ketamine bursts lasts about an hour. It begins two to five minutes after smoking or ingesting the dose. When injected, it occurs about 30&hellip;<\/p>","protected":false},"featured_media":255,"comment_status":"open","ping_status":"closed","template":"","meta":{"_joinchat":[]},"product_cat":[174],"product_tag":[],"class_list":{"0":"post-202","1":"product","2":"type-product","3":"status-publish","4":"has-post-thumbnail","6":"product_cat-la-ketamine","8":"first","9":"instock","10":"shipping-taxable","11":"purchasable","12":"product-type-variable","13":"col-xs-6 col-sm-4","14":"col-md-3 col-lg-3","15":"un-4-cols"},"yoast_head":"<!-- This site is optimized with the Yoast SEO plugin v23.8 - https:\/\/yoast.com\/wordpress\/plugins\/seo\/ -->\n<title>Acheter des \u00e9clats de k\u00e9tamine en ligne - \u00c9clats de k\u00e9tamine \u00e0 vendre<\/title>\n<meta name=\"description\" content=\"Vous cherchez \u00e0 acheter des \u00e9clats de k\u00e9tamine en ligne \u00e0 un prix raisonnable ? Visitez notre magasin de produits chimiques en ligne r\u00e9put\u00e9 et obtenez des \u00e9clats de k\u00e9tamine en vente d\u00e8s aujourd&#039;hui. Passez une commande maintenant et obtenez le meilleur tarif dans notre magasin.\" \/>\n<meta name=\"robots\" content=\"index, follow, max-snippet:-1, max-image-preview:large, max-video-preview:-1\" \/>\n<link rel=\"canonical\" href=\"https:\/\/poudresdenarco.com\/el\/\u03c0\u03c1\u03bf\u03ca\u03cc\u03bd\/\u03b1\u03b3\u03bf\u03c1\u03ac\u03b6\u03bf\u03c5\u03bd-\u03c4\u03c3\u03b9\u03c0\u03c2-\u03ba\u03b5\u03c4\u03b1\u03bc\u03af\u03bd\u03b7\u03c2\/\" \/>\n<meta property=\"og:locale\" content=\"el_GR\" \/>\n<meta property=\"og:type\" content=\"article\" \/>\n<meta property=\"og:title\" content=\"Acheter des \u00e9clats de k\u00e9tamine en ligne - \u00c9clats de k\u00e9tamine \u00e0 vendre\" \/>\n<meta property=\"og:description\" content=\"Vous cherchez \u00e0 acheter des \u00e9clats de k\u00e9tamine en ligne \u00e0 un prix raisonnable ? Visitez notre magasin de produits chimiques en ligne r\u00e9put\u00e9 et obtenez des \u00e9clats de k\u00e9tamine en vente d\u00e8s aujourd&#039;hui. Passez une commande maintenant et obtenez le meilleur tarif dans notre magasin.\" \/>\n<meta property=\"og:url\" content=\"https:\/\/poudresdenarco.com\/el\/\u03c0\u03c1\u03bf\u03ca\u03cc\u03bd\/\u03b1\u03b3\u03bf\u03c1\u03ac\u03b6\u03bf\u03c5\u03bd-\u03c4\u03c3\u03b9\u03c0\u03c2-\u03ba\u03b5\u03c4\u03b1\u03bc\u03af\u03bd\u03b7\u03c2\/\" \/>\n<meta property=\"og:site_name\" content=\"Poudresde Narco\" \/>\n<meta property=\"article:modified_time\" content=\"2024-08-23T09:38:21+00:00\" \/>\n<meta property=\"og:image\" content=\"https:\/\/poudresdenarco.com\/wp-content\/uploads\/2023\/12\/Buy-Ketamine-Shards.jpg\" \/>\n\t<meta property=\"og:image:width\" content=\"600\" \/>\n\t<meta property=\"og:image:height\" content=\"600\" \/>\n\t<meta property=\"og:image:type\" content=\"image\/jpeg\" \/>\n<meta name=\"twitter:card\" content=\"summary_large_image\" \/>\n<meta name=\"twitter:label1\" content=\"\u0395\u03ba\u03c4\u03b9\u03bc\u03ce\u03bc\u03b5\u03bd\u03bf\u03c2 \u03c7\u03c1\u03cc\u03bd\u03bf\u03c2 \u03b1\u03bd\u03ac\u03b3\u03bd\u03c9\u03c3\u03b7\u03c2\" \/>\n\t<meta name=\"twitter:data1\" content=\"1 \u03bb\u03b5\u03c0\u03c4\u03cc\" \/>\n<script type=\"application\/ld+json\" class=\"yoast-schema-graph\">{\"@context\":\"https:\/\/schema.org\",\"@graph\":[{\"@type\":\"WebPage\",\"@id\":\"https:\/\/poudresdenarco.com\/produit\/acheter-des-eclats-de-ketamine\/\",\"url\":\"https:\/\/poudresdenarco.com\/produit\/acheter-des-eclats-de-ketamine\/\",\"name\":\"Acheter des \u00e9clats de k\u00e9tamine en ligne - \u00c9clats de k\u00e9tamine \u00e0 vendre\",\"isPartOf\":{\"@id\":\"https:\/\/poudresdenarco.com\/#website\"},\"primaryImageOfPage\":{\"@id\":\"https:\/\/poudresdenarco.com\/produit\/acheter-des-eclats-de-ketamine\/#primaryimage\"},\"image\":{\"@id\":\"https:\/\/poudresdenarco.com\/produit\/acheter-des-eclats-de-ketamine\/#primaryimage\"},\"thumbnailUrl\":\"https:\/\/poudresdenarco.com\/wp-content\/uploads\/2023\/12\/Buy-Ketamine-Shards.jpg\",\"datePublished\":\"2023-12-25T08:20:39+00:00\",\"dateModified\":\"2024-08-23T09:38:21+00:00\",\"description\":\"Vous cherchez \u00e0 acheter des \u00e9clats de k\u00e9tamine en ligne \u00e0 un prix raisonnable ? Visitez notre magasin de produits chimiques en ligne r\u00e9put\u00e9 et obtenez des \u00e9clats de k\u00e9tamine en vente d\u00e8s aujourd'hui. Passez une commande maintenant et obtenez le meilleur tarif dans notre magasin.\",\"breadcrumb\":{\"@id\":\"https:\/\/poudresdenarco.com\/produit\/acheter-des-eclats-de-ketamine\/#breadcrumb\"},\"inLanguage\":\"el\",\"potentialAction\":[{\"@type\":\"ReadAction\",\"target\":[\"https:\/\/poudresdenarco.com\/produit\/acheter-des-eclats-de-ketamine\/\"]}]},{\"@type\":\"ImageObject\",\"inLanguage\":\"el\",\"@id\":\"https:\/\/poudresdenarco.com\/produit\/acheter-des-eclats-de-ketamine\/#primaryimage\",\"url\":\"https:\/\/poudresdenarco.com\/wp-content\/uploads\/2023\/12\/Buy-Ketamine-Shards.jpg\",\"contentUrl\":\"https:\/\/poudresdenarco.com\/wp-content\/uploads\/2023\/12\/Buy-Ketamine-Shards.jpg\",\"width\":600,\"height\":600,\"caption\":\"Acheter-Ketamine-Shards-en-ligne\"},{\"@type\":\"BreadcrumbList\",\"@id\":\"https:\/\/poudresdenarco.com\/produit\/acheter-des-eclats-de-ketamine\/#breadcrumb\",\"itemListElement\":[{\"@type\":\"ListItem\",\"position\":1,\"name\":\"Home\",\"item\":\"https:\/\/poudresdenarco.com\/\"},{\"@type\":\"ListItem\",\"position\":2,\"name\":\"Boutique\",\"item\":\"https:\/\/poudresdenarco.com\/boutique\/\"},{\"@type\":\"ListItem\",\"position\":3,\"name\":\"Acheter des \u00e9clats de k\u00e9tamine\"}]},{\"@type\":\"WebSite\",\"@id\":\"https:\/\/poudresdenarco.com\/#website\",\"url\":\"https:\/\/poudresdenarco.com\/\",\"name\":\"Poudresde Narco\",\"description\":\"Acheter de la coca\u00efne et de l&#039;h\u00e9ro\u00efne en ligne\",\"potentialAction\":[{\"@type\":\"SearchAction\",\"target\":{\"@type\":\"EntryPoint\",\"urlTemplate\":\"https:\/\/poudresdenarco.com\/?s={search_term_string}\"},\"query-input\":{\"@type\":\"PropertyValueSpecification\",\"valueRequired\":true,\"valueName\":\"search_term_string\"}}],\"inLanguage\":\"el\"}]}<\/script>\n<!-- \/ Yoast SEO plugin. -->","yoast_head_json":{"title":"Acheter des \u00e9clats de k\u00e9tamine en ligne - \u00c9clats de k\u00e9tamine \u00e0 vendre","description":"Vous cherchez \u00e0 acheter des \u00e9clats de k\u00e9tamine en ligne \u00e0 un prix raisonnable ? Visitez notre magasin de produits chimiques en ligne r\u00e9put\u00e9 et obtenez des \u00e9clats de k\u00e9tamine en vente d\u00e8s aujourd'hui. Passez une commande maintenant et obtenez le meilleur tarif dans notre magasin.","robots":{"index":"index","follow":"follow","max-snippet":"max-snippet:-1","max-image-preview":"max-image-preview:large","max-video-preview":"max-video-preview:-1"},"canonical":"https:\/\/poudresdenarco.com\/el\/\u03c0\u03c1\u03bf\u03ca\u03cc\u03bd\/\u03b1\u03b3\u03bf\u03c1\u03ac\u03b6\u03bf\u03c5\u03bd-\u03c4\u03c3\u03b9\u03c0\u03c2-\u03ba\u03b5\u03c4\u03b1\u03bc\u03af\u03bd\u03b7\u03c2\/","og_locale":"el_GR","og_type":"article","og_title":"Acheter des \u00e9clats de k\u00e9tamine en ligne - \u00c9clats de k\u00e9tamine \u00e0 vendre","og_description":"Vous cherchez \u00e0 acheter des \u00e9clats de k\u00e9tamine en ligne \u00e0 un prix raisonnable ? Visitez notre magasin de produits chimiques en ligne r\u00e9put\u00e9 et obtenez des \u00e9clats de k\u00e9tamine en vente d\u00e8s aujourd'hui. Passez une commande maintenant et obtenez le meilleur tarif dans notre magasin.","og_url":"https:\/\/poudresdenarco.com\/el\/\u03c0\u03c1\u03bf\u03ca\u03cc\u03bd\/\u03b1\u03b3\u03bf\u03c1\u03ac\u03b6\u03bf\u03c5\u03bd-\u03c4\u03c3\u03b9\u03c0\u03c2-\u03ba\u03b5\u03c4\u03b1\u03bc\u03af\u03bd\u03b7\u03c2\/","og_site_name":"Poudresde Narco","article_modified_time":"2024-08-23T09:38:21+00:00","og_image":[{"width":600,"height":600,"url":"https:\/\/poudresdenarco.com\/wp-content\/uploads\/2023\/12\/Buy-Ketamine-Shards.jpg","type":"image\/jpeg"}],"twitter_card":"summary_large_image","twitter_misc":{"\u0395\u03ba\u03c4\u03b9\u03bc\u03ce\u03bc\u03b5\u03bd\u03bf\u03c2 \u03c7\u03c1\u03cc\u03bd\u03bf\u03c2 \u03b1\u03bd\u03ac\u03b3\u03bd\u03c9\u03c3\u03b7\u03c2":"1 \u03bb\u03b5\u03c0\u03c4\u03cc"},"schema":{"@context":"https:\/\/schema.org","@graph":[{"@type":"WebPage","@id":"https:\/\/poudresdenarco.com\/produit\/acheter-des-eclats-de-ketamine\/","url":"https:\/\/poudresdenarco.com\/produit\/acheter-des-eclats-de-ketamine\/","name":"Acheter des \u00e9clats de k\u00e9tamine en ligne - \u00c9clats de k\u00e9tamine \u00e0 vendre","isPartOf":{"@id":"https:\/\/poudresdenarco.com\/#website"},"primaryImageOfPage":{"@id":"https:\/\/poudresdenarco.com\/produit\/acheter-des-eclats-de-ketamine\/#primaryimage"},"image":{"@id":"https:\/\/poudresdenarco.com\/produit\/acheter-des-eclats-de-ketamine\/#primaryimage"},"thumbnailUrl":"https:\/\/poudresdenarco.com\/wp-content\/uploads\/2023\/12\/Buy-Ketamine-Shards.jpg","datePublished":"2023-12-25T08:20:39+00:00","dateModified":"2024-08-23T09:38:21+00:00","description":"Vous cherchez \u00e0 acheter des \u00e9clats de k\u00e9tamine en ligne \u00e0 un prix raisonnable ? Visitez notre magasin de produits chimiques en ligne r\u00e9put\u00e9 et obtenez des \u00e9clats de k\u00e9tamine en vente d\u00e8s aujourd'hui. Passez une commande maintenant et obtenez le meilleur tarif dans notre magasin.","breadcrumb":{"@id":"https:\/\/poudresdenarco.com\/produit\/acheter-des-eclats-de-ketamine\/#breadcrumb"},"inLanguage":"el","potentialAction":[{"@type":"ReadAction","target":["https:\/\/poudresdenarco.com\/produit\/acheter-des-eclats-de-ketamine\/"]}]},{"@type":"ImageObject","inLanguage":"el","@id":"https:\/\/poudresdenarco.com\/produit\/acheter-des-eclats-de-ketamine\/#primaryimage","url":"https:\/\/poudresdenarco.com\/wp-content\/uploads\/2023\/12\/Buy-Ketamine-Shards.jpg","contentUrl":"https:\/\/poudresdenarco.com\/wp-content\/uploads\/2023\/12\/Buy-Ketamine-Shards.jpg","width":600,"height":600,"caption":"Acheter-Ketamine-Shards-en-ligne"},{"@type":"BreadcrumbList","@id":"https:\/\/poudresdenarco.com\/produit\/acheter-des-eclats-de-ketamine\/#breadcrumb","itemListElement":[{"@type":"ListItem","position":1,"name":"Home","item":"https:\/\/poudresdenarco.com\/"},{"@type":"ListItem","position":2,"name":"Boutique","item":"https:\/\/poudresdenarco.com\/boutique\/"},{"@type":"ListItem","position":3,"name":"Acheter des \u00e9clats de k\u00e9tamine"}]},{"@type":"WebSite","@id":"https:\/\/poudresdenarco.com\/#website","url":"https:\/\/poudresdenarco.com\/","name":"Poudresde Narco","description":"Acheter de la coca\u00efne et de l&#039;h\u00e9ro\u00efne en ligne","potentialAction":[{"@type":"SearchAction","target":{"@type":"EntryPoint","urlTemplate":"https:\/\/poudresdenarco.com\/?s={search_term_string}"},"query-input":{"@type":"PropertyValueSpecification","valueRequired":true,"valueName":"search_term_string"}}],"inLanguage":"el"}]}},"_links":{"self":[{"href":"https:\/\/poudresdenarco.com\/el\/wp-json\/wp\/v2\/product\/202","targetHints":{"allow":["GET"]}}],"collection":[{"href":"https:\/\/poudresdenarco.com\/el\/wp-json\/wp\/v2\/product"}],"about":[{"href":"https:\/\/poudresdenarco.com\/el\/wp-json\/wp\/v2\/types\/product"}],"replies":[{"embeddable":true,"href":"https:\/\/poudresdenarco.com\/el\/wp-json\/wp\/v2\/comments?post=202"}],"wp:featuredmedia":[{"embeddable":true,"href":"https:\/\/poudresdenarco.com\/el\/wp-json\/wp\/v2\/media\/255"}],"wp:attachment":[{"href":"https:\/\/poudresdenarco.com\/el\/wp-json\/wp\/v2\/media?parent=202"}],"wp:term":[{"taxonomy":"product_cat","embeddable":true,"href":"https:\/\/poudresdenarco.com\/el\/wp-json\/wp\/v2\/product_cat?post=202"},{"taxonomy":"product_tag","embeddable":true,"href":"https:\/\/poudresdenarco.com\/el\/wp-json\/wp\/v2\/product_tag?post=202"}],"curies":[{"name":"wp","href":"https:\/\/api.w.org\/{rel}","templated":true}]}}