{"id":37,"date":"2023-12-25T08:20:02","date_gmt":"2023-12-25T08:20:02","guid":{"rendered":"https:\/\/unkrautmarkt.com\/narco1\/?post_type=product&#038;p=37"},"modified":"2025-06-04T03:27:10","modified_gmt":"2025-06-04T03:27:10","slug":"crack-de-cocaine","status":"publish","type":"product","link":"https:\/\/poudresdenarco.com\/el\/\u03c0\u03c1\u03bf\u03ca\u03cc\u03bd\/\u03ba\u03bf\u03ba\u03b1\u0390\u03bd\u03b7-\u03ba\u03c1\u03b1\u03ba\/","title":{"rendered":"\u039a\u03bf\u03ba\u03b1\u0390\u03bd\u03b7 \u03ba\u03c1\u03b1\u03ba"},"content":{"rendered":"<h2><span style=\"vertical-align: inherit;\"><span style=\"vertical-align: inherit;\">\u0391\u03b3\u03bf\u03c1\u03ac\u03c3\u03c4\u03b5 \u03ba\u03c1\u03b1\u03ba online<\/span><\/span><\/h2>\n<h3><span style=\"vertical-align: inherit;\"><span style=\"vertical-align: inherit;\">\u0391\u03b3\u03bf\u03c1\u03ac\u03c3\u03c4\u03b5 \u03ba\u03c1\u03b1\u03ba online<\/span><\/span><\/h3>\n<p><a href=\"https:\/\/poudresdenarco.com\/el\/\u03c0\u03c1\u03bf\u03ca\u03cc\u03bd\/\u03ba\u03bf\u03ba\u03b1\u0390\u03bd\u03b7-\u03ba\u03c1\u03b1\u03ba\/\"><span style=\"vertical-align: inherit;\"><span style=\"vertical-align: inherit;\">\u0391\u03b3\u03bf\u03c1\u03ac\u03c3\u03c4\u03b5 \u03ba\u03c1\u03b1\u03ba online<\/span><\/span><\/a><span style=\"vertical-align: inherit;\"><span style=\"vertical-align: inherit;\"> . \u0391\u03bd \u03ba\u03b1\u03b9 \u03ad\u03c7\u03b5\u03b9 \u03b4\u03b9\u03b1\u03c6\u03bf\u03c1\u03b5\u03c4\u03b9\u03ba\u03ae \u03bc\u03bf\u03c1\u03c6\u03ae, \u03c4\u03bf \u03ba\u03c1\u03b1\u03ba \u03b5\u03af\u03bd\u03b1\u03b9 \u03b2\u03b1\u03c3\u03b9\u03ba\u03ac \u03c4\u03bf \u03af\u03b4\u03b9\u03bf \u03c5\u03bb\u03b9\u03ba\u03cc \u03bc\u03b5 \u03c4\u03b7\u03bd \u03ba\u03bf\u03ba\u03b1\u0390\u03bd\u03b7 \u03c3\u03b5 \u03c3\u03ba\u03cc\u03bd\u03b7. \u0397 \u03c0\u03b1\u03c1\u03b1\u03c3\u03ba\u03b5\u03c5\u03ae \u03ba\u03c1\u03b1\u03ba \u03c0\u03b5\u03c1\u03b9\u03bb\u03b1\u03bc\u03b2\u03ac\u03bd\u03b5\u03b9 \u03c4\u03bf \u03c3\u03c5\u03bd\u03b4\u03c5\u03b1\u03c3\u03bc\u03cc \u03ba\u03bf\u03ba\u03b1\u0390\u03bd\u03b7\u03c2 \u03c3\u03b5 \u03c3\u03ba\u03cc\u03bd\u03b7 \u03bc\u03b5 \u03bc\u03b9\u03b1 \u03b2\u03ac\u03c3\u03b7 - \u03b3\u03b9\u03b1 \u03c0\u03b1\u03c1\u03ac\u03b4\u03b5\u03b9\u03b3\u03bc\u03b1 \u03bc\u03b1\u03b3\u03b5\u03b9\u03c1\u03b9\u03ba\u03ae \u03c3\u03cc\u03b4\u03b1 - \u03b2\u03c1\u03ac\u03b6\u03bf\u03bd\u03c4\u03b1\u03c2 \u03c4\u03bf \u03bc\u03b5\u03af\u03b3\u03bc\u03b1 \u03c3\u03b5 \u03bd\u03b5\u03c1\u03cc \u03ba\u03b1\u03b9 \u03c3\u03c4\u03b7 \u03c3\u03c5\u03bd\u03ad\u03c7\u03b5\u03b9\u03b1 \u03b1\u03c6\u03b1\u03b9\u03c1\u03ce\u03bd\u03c4\u03b1\u03c2 \u03c4\u03b7 \u03bc\u03b1\u03b3\u03b5\u03b9\u03c1\u03b9\u03ba\u03ae \u03c3\u03cc\u03b4\u03b1, \u03b7 \u03bf\u03c0\u03bf\u03af\u03b1 \u03b1\u03c6\u03b1\u03b9\u03c1\u03b5\u03af \u03c4\u03bf \u03c5\u03b4\u03c1\u03bf\u03c7\u03bb\u03c9\u03c1\u03af\u03b4\u03b9\u03bf. \u0391\u03c5\u03c4\u03cc \u03ba\u03b1\u03b8\u03b9\u03c3\u03c4\u03ac \u03b5\u03c5\u03ba\u03bf\u03bb\u03cc\u03c4\u03b5\u03c1\u03bf \u03c4\u03bf \u03ba\u03ac\u03c0\u03bd\u03b9\u03c3\u03bc\u03b1 \u03c4\u03bf\u03c5 \u03b5\u03bd\u03b5\u03c1\u03b3\u03bf\u03cd \u03c3\u03c5\u03c3\u03c4\u03b1\u03c4\u03b9\u03ba\u03bf\u03cd \u03c4\u03b7\u03c2 \u03ba\u03bf\u03ba\u03b1\u0390\u03bd\u03b7\u03c2.<\/span><\/span><\/p>\n<p><span style=\"vertical-align: inherit;\"><span style=\"vertical-align: inherit;\">\u0395\u03c0\u03b9\u03c0\u03bb\u03ad\u03bf\u03bd, \u03bf\u03b9 \u03b4\u03cd\u03bf \u03b5\u03bd\u03ce\u03c3\u03b5\u03b9\u03c2 \u03b5\u03af\u03bd\u03b1\u03b9 \u03c7\u03b7\u03bc\u03b9\u03ba\u03ac \u03c3\u03c7\u03b5\u03b4\u03cc\u03bd \u03c0\u03b1\u03bd\u03bf\u03bc\u03bf\u03b9\u03cc\u03c4\u03c5\u03c0\u03b5\u03c2- \u03b7 \u03bc\u03cc\u03bd\u03b7 \u03b4\u03b9\u03b1\u03c6\u03bf\u03c1\u03ac \u03b5\u03af\u03bd\u03b1\u03b9 \u03cc\u03c4\u03b9 \u03c4\u03bf \u03ba\u03c1\u03b1\u03ba \u03ad\u03c7\u03b5\u03b9 \u03b1\u03c6\u03b1\u03b9\u03c1\u03ad\u03c3\u03b5\u03b9 \u03c4\u03bf \u03c5\u03b4\u03c1\u03bf\u03c7\u03bb\u03c9\u03c1\u03b9\u03ba\u03cc \u03ac\u03bb\u03b1\u03c2, \u03c4\u03bf \u03bf\u03c0\u03bf\u03af\u03bf \u03b4\u03b5\u03bd \u03ad\u03c7\u03b5\u03b9 \u03c8\u03c5\u03c7\u03bf\u03b4\u03c1\u03b1\u03c3\u03c4\u03b9\u03ba\u03ad\u03c2 \u03b9\u03b4\u03b9\u03cc\u03c4\u03b7\u03c4\u03b5\u03c2. \u0388\u03c4\u03c3\u03b9, \u03c4\u03bf \u03ba\u03c1\u03b1\u03ba \u03ad\u03c7\u03b5\u03b9 \u03b5\u03bb\u03b1\u03c6\u03c1\u03ce\u03c2 \u03c5\u03c8\u03b7\u03bb\u03cc\u03c4\u03b5\u03c1\u03b7 \u03c3\u03c5\u03b3\u03ba\u03ad\u03bd\u03c4\u03c1\u03c9\u03c3\u03b7<\/span><\/span><\/p>\n<p><span style=\"vertical-align: inherit;\"><span style=\"vertical-align: inherit;\">\u039f \u03ba\u03c1\u03bf\u03c4\u03b1\u03bb\u03af\u03b6\u03c9\u03bd \u03ae\u03c7\u03bf\u03c2 \u03c4\u03b7\u03c2 \u03bf\u03c5\u03c3\u03af\u03b1\u03c2 \u03cc\u03c4\u03b1\u03bd \u03ba\u03b1\u03c0\u03bd\u03af\u03b6\u03b5\u03c4\u03b1\u03b9 \u03c3\u03b5 \u03c4\u03c3\u03b9\u03b3\u03ac\u03c1\u03bf \u03ae \u03c0\u03af\u03c0\u03b1 \u03ad\u03b4\u03c9\u03c3\u03b5 \u03c4\u03bf \u03ad\u03bd\u03b1\u03c5\u03c3\u03bc\u03b1 \u03b3\u03b9\u03b1 \u03c4\u03bf\u03bd \u03cc\u03c1\u03bf \"\u03ba\u03c1\u03b1\u03ba\". \u03a4\u03bf \u03ba\u03ac\u03c0\u03bd\u03b9\u03c3\u03bc\u03b1 \u03c4\u03bf\u03c5 \u03bd\u03b1\u03c1\u03ba\u03c9\u03c4\u03b9\u03ba\u03bf\u03cd \u03b5\u03af\u03bd\u03b1\u03b9 \u03ad\u03bd\u03b1\u03c2 \u03c0\u03bf\u03bb\u03cd \u03c0\u03b9\u03bf \u03b1\u03c0\u03bf\u03c4\u03b5\u03bb\u03b5\u03c3\u03bc\u03b1\u03c4\u03b9\u03ba\u03cc\u03c2 \u03c4\u03c1\u03cc\u03c0\u03bf\u03c2 \u03b3\u03b9\u03b1 \u03bd\u03b1 \u03b5\u03b9\u03c3\u03ad\u03bb\u03b8\u03b5\u03b9 \u03c3\u03c4\u03bf\u03bd \u03bf\u03c1\u03b3\u03b1\u03bd\u03b9\u03c3\u03bc\u03cc \u03ba\u03b1\u03b9 \u03c4\u03bf \u03ac\u03c4\u03bf\u03bc\u03bf \u03b1\u03b9\u03c3\u03b8\u03ac\u03bd\u03b5\u03c4\u03b1\u03b9 \u03c4\u03b9\u03c2 \u03b5\u03c0\u03b9\u03b4\u03c1\u03ac\u03c3\u03b5\u03b9\u03c2 \u03c0\u03bf\u03bb\u03cd \u03c0\u03b9\u03bf \u03ad\u03bd\u03c4\u03bf\u03bd\u03b1- \u03c9\u03c3\u03c4\u03cc\u03c3\u03bf, \u03bf\u03b9 \u03b5\u03c0\u03b9\u03b4\u03c1\u03ac\u03c3\u03b5\u03b9\u03c2 \u03b5\u03be\u03b1\u03c3\u03b8\u03b5\u03bd\u03bf\u03cd\u03bd \u03b3\u03c1\u03ae\u03b3\u03bf\u03c1\u03b1.<\/span><\/span><\/p>\n<h3><span style=\"vertical-align: inherit;\"><span style=\"vertical-align: inherit;\">\u03a6\u03c4\u03b7\u03bd\u03ae \u03ba\u03bf\u03ba\u03b1\u0390\u03bd\u03b7 \u03ba\u03c1\u03b1\u03ba \u03c0\u03c1\u03bf\u03c2 \u03c0\u03ce\u03bb\u03b7\u03c3\u03b7: \u0391\u03c0\u03bf\u03ba\u03c4\u03ae\u03c3\u03c4\u03b5 \u03bd\u03cc\u03bc\u03b9\u03bc\u03bf, \u03c0\u03c1\u03bf\u03c3\u03b9\u03c4\u03cc \u03ba\u03c1\u03b1\u03ba \u03c3\u03b5 \u03b1\u03c0\u03b5\u03c5\u03b8\u03b5\u03af\u03b1\u03c2 \u03c3\u03cd\u03bd\u03b4\u03b5\u03c3\u03b7.<\/span><\/span><\/h3>\n<p><span style=\"vertical-align: inherit;\"><span style=\"vertical-align: inherit;\">\u03a4\u03bf \u03ba\u03c1\u03b1\u03ba \u03b5\u03af\u03bd\u03b1\u03b9 \u03ad\u03bd\u03b1 \u03b9\u03b4\u03b9\u03b1\u03af\u03c4\u03b5\u03c1\u03b1 \u03b5\u03b8\u03b9\u03c3\u03c4\u03b9\u03ba\u03cc \u03b4\u03b9\u03b5\u03b3\u03b5\u03c1\u03c4\u03b9\u03ba\u03cc \u03c0\u03bf\u03c5 \u03c3\u03b1\u03c2 \u03b4\u03af\u03bd\u03b5\u03b9 \u03c0\u03b5\u03c1\u03b9\u03c3\u03c3\u03cc\u03c4\u03b5\u03c1\u03b7 \u03b5\u03bd\u03ad\u03c1\u03b3\u03b5\u03b9\u03b1 \u03ba\u03b1\u03b9 \u03b5\u03b3\u03c1\u03ae\u03b3\u03bf\u03c1\u03c3\u03b7. \u0395\u03c0\u03b5\u03b9\u03b4\u03ae \u03c0\u03c1\u03bf\u03ad\u03c1\u03c7\u03b5\u03c4\u03b1\u03b9 \u03b1\u03c0\u03cc \u03c4\u03bf \u03c6\u03c5\u03c4\u03cc \u03ba\u03cc\u03ba\u03b1, \u03c4\u03bf \u03bf\u03c0\u03bf\u03af\u03bf \u03ba\u03b1\u03c4\u03ac\u03b3\u03b5\u03c4\u03b1\u03b9 \u03b1\u03c0\u03cc \u03c4\u03b7 \u039d\u03cc\u03c4\u03b9\u03b1 \u0391\u03bc\u03b5\u03c1\u03b9\u03ba\u03ae, \u03bc\u03c0\u03bf\u03c1\u03b5\u03af \u03bd\u03b1 \u03c7\u03b1\u03c1\u03b1\u03ba\u03c4\u03b7\u03c1\u03b9\u03c3\u03c4\u03b5\u03af \u03b4\u03b9\u03b5\u03b3\u03b5\u03c1\u03c4\u03b9\u03ba\u03cc. \u0391\u03c0\u03b1\u03b3\u03bf\u03c1\u03b5\u03cd\u03b5\u03c4\u03b1\u03b9 \u03c3\u03c4\u03b7 \u0393\u03b5\u03c1\u03bc\u03b1\u03bd\u03af\u03b1. \u03a7\u03c1\u03b7\u03c3\u03b9\u03bc\u03bf\u03c0\u03bf\u03b9\u03b5\u03af\u03c4\u03b1\u03b9 \u03b5\u03c0\u03af\u03c3\u03b7\u03c2 \u03bc\u03b5 \u03c4\u03b1 \u03bf\u03bd\u03cc\u03bc\u03b1\u03c4\u03b1 Coke, Snow, Rock, Blow \u03ba\u03b1\u03b9 Crack.<\/span><\/span><\/p>\n<p><span style=\"vertical-align: inherit;\"><span style=\"vertical-align: inherit;\">\u039c\u03b5\u03b3\u03ac\u03bb\u03b5\u03c2 \u03c0\u03bf\u03c3\u03cc\u03c4\u03b7\u03c4\u03b5\u03c2 \u03bd\u03c4\u03bf\u03c0\u03b1\u03bc\u03af\u03bd\u03b7\u03c2, \u03bf \u03c6\u03c5\u03c3\u03b9\u03ba\u03cc\u03c2 \u03c7\u03b7\u03bc\u03b9\u03ba\u03cc\u03c2 \u03b1\u03b3\u03b3\u03b5\u03bb\u03b9\u03bf\u03c6\u03cc\u03c1\u03bf\u03c2 \u03c4\u03bf\u03c5 \u03c3\u03ce\u03bc\u03b1\u03c4\u03bf\u03c2, \u03b1\u03c0\u03bf\u03c3\u03c4\u03ad\u03bb\u03bb\u03bf\u03bd\u03c4\u03b1\u03b9 \u03c3\u03c4\u03b9\u03c2 \u03c0\u03b5\u03c1\u03b9\u03bf\u03c7\u03ad\u03c2 \u03c4\u03bf\u03c5 \u03b5\u03b3\u03ba\u03b5\u03c6\u03ac\u03bb\u03bf\u03c5 \u03c0\u03bf\u03c5 \u03b5\u03af\u03bd\u03b1\u03b9 \u03c5\u03c0\u03b5\u03cd\u03b8\u03c5\u03bd\u03b5\u03c2 \u03b3\u03b9\u03b1 \u03c4\u03b7\u03bd \u03b5\u03c5\u03c7\u03b1\u03c1\u03af\u03c3\u03c4\u03b7\u03c3\u03b7 \u03c0\u03bf\u03c5 \u03c0\u03c1\u03bf\u03ba\u03b1\u03bb\u03b5\u03af \u03b7 \u03bf\u03c5\u03c3\u03af\u03b1. \u0397 \u03b1\u03ba\u03c1\u03b1\u03af\u03b1 \u03b5\u03bd\u03ad\u03c1\u03b3\u03b5\u03b9\u03b1 \u03ba\u03b1\u03b9 \u03b7 \u03b5\u03b3\u03c1\u03ae\u03b3\u03bf\u03c1\u03c3\u03b7 \u03c0\u03bf\u03c5 \u03c0\u03c1\u03bf\u03ba\u03cd\u03c0\u03c4\u03b5\u03b9 \u03b1\u03c0\u03cc \u03b1\u03c5\u03c4\u03ae \u03c4\u03b7 \u03c3\u03c5\u03c3\u03c3\u03ce\u03c1\u03b5\u03c5\u03c3\u03b7 \u03bf\u03bd\u03bf\u03bc\u03ac\u03b6\u03b5\u03c4\u03b1\u03b9 \"\u03b5\u03c5\u03c6\u03bf\u03c1\u03af\u03b1\".<\/span><\/span><\/p>\n<h3><span style=\"vertical-align: inherit;\"><span style=\"vertical-align: inherit;\">\u0391\u03b3\u03bf\u03c1\u03ac\u03c3\u03c4\u03b5 \u03ba\u03c1\u03b1\u03ba online<\/span><\/span><\/h3>\n<p><span style=\"vertical-align: inherit;\"><span style=\"vertical-align: inherit;\">\u0391\u03b3\u03bf\u03c1\u03ac\u03c3\u03c4\u03b5 \u03ba\u03bf\u03ba\u03b1\u0390\u03bd\u03b7 online. \u039a\u03b1\u03b9 \u03bb\u03ac\u03b2\u03b5\u03c4\u03b5 \u03b4\u03b9\u03b1\u03ba\u03c1\u03b9\u03c4\u03b9\u03ba\u03ae \u03c0\u03b1\u03b3\u03ba\u03cc\u03c3\u03bc\u03b9\u03b1 \u03b1\u03c0\u03bf\u03c3\u03c4\u03bf\u03bb\u03ae. \u03b1\u03b3\u03bf\u03c1\u03ac\u03c3\u03c4\u03b5 \u03ba\u03bf\u03ba\u03b1\u0390\u03bd\u03b7. \u0391\u03b3\u03bf\u03c1\u03ac\u03c3\u03c4\u03b5 \u03bd\u03cc\u03bc\u03b9\u03bc\u03b7 \u03ba\u03bf\u03ba\u03b1\u0390\u03bd\u03b7. \u039a\u03b1\u03b8\u03b1\u03c1\u03ae \u03bb\u03b5\u03c5\u03ba\u03ae \u03c3\u03ba\u03cc\u03bd\u03b7 \u03b4\u03b9\u03b1\u03b8\u03ad\u03c3\u03b9\u03bc\u03b7 \u03ac\u03ba\u03bf\u03c0\u03b7 \u03ba\u03b1\u03b9 \u03ba\u03bf\u03bc\u03bc\u03ad\u03bd\u03b7 \u03c3\u03b5 \u03b1\u03c0\u03cc\u03b8\u03b5\u03bc\u03b1. \u0397 \u03c3\u03c5\u03c3\u03ba\u03b5\u03c5\u03b1\u03c3\u03af\u03b1 \u03ba\u03b1\u03b9 \u03b7 \u03b1\u03c0\u03bf\u03c3\u03c4\u03bf\u03bb\u03ae \u03b5\u03af\u03bd\u03b1\u03b9 \u03c0\u03bf\u03bb\u03cd \u03b4\u03b9\u03b1\u03ba\u03c1\u03b9\u03c4\u03b9\u03ba\u03ae. \u039a\u03b1\u03b9 \u03c0\u03b1\u03c1\u03b1\u03ba\u03ac\u03bc\u03c8\u03c4\u03b5 \u03cc\u03bb\u03bf\u03c5\u03c2 \u03c4\u03bf\u03c5\u03c2 \u03b4\u03b1\u03c3\u03bc\u03bf\u03cd\u03c2. \u0391\u03b3\u03bf\u03c1\u03ac\u03c3\u03c4\u03b5 \u03c6\u03c4\u03b7\u03bd\u03cc \u03ba\u03b1\u03b9 \u03bd\u03cc\u03bc\u03b9\u03bc\u03bf \u03ba\u03c1\u03b1\u03ba online.<\/span><\/span><\/p>\n<h3><span style=\"vertical-align: inherit;\"><span style=\"vertical-align: inherit;\">\u0393\u03b9\u03b1\u03c4\u03af \u03c0\u03c1\u03ad\u03c0\u03b5\u03b9 \u03bd\u03b1 \u03b1\u03b3\u03bf\u03c1\u03ac\u03c3\u03b5\u03c4\u03b5 \u03ba\u03c1\u03b1\u03ba \u03b1\u03c0\u03cc \u03b5\u03bc\u03ac\u03c2 \u03bc\u03b5 \u03b1\u03c3\u03c6\u03ac\u03bb\u03b5\u03b9\u03b1;<\/span><\/span><\/h3>\n<p><span style=\"vertical-align: inherit;\"><span style=\"vertical-align: inherit;\">\u03a3\u03c4\u03b9\u03c2 \u03bc\u03ad\u03c1\u03b5\u03c2 \u03bc\u03b1\u03c2 \u03b1\u03b3\u03bf\u03c1\u03ac\u03b6\u03bf\u03c5\u03bd \u03b5\u03c0\u03af\u03c3\u03b7\u03c2 \u03bd\u03b1\u03c1\u03ba\u03c9\u03c4\u03b9\u03ba\u03ac online \u03cc\u03c0\u03c9\u03c2 \u03ba\u03bf\u03ba\u03b1\u0390\u03bd\u03b7 \u03ba\u03b1\u03b9 \u03c3\u03ba\u03cc\u03bd\u03b7 \u03ba\u03bf\u03ba\u03b1\u0390\u03bd\u03b7\u03c2 online. \u03a7\u03b9\u03cc\u03bd\u03b9, \u03bd\u03b9\u03c6\u03ac\u03b4\u03b5\u03c2, \u03c7\u03c4\u03cd\u03c0\u03b7\u03bc\u03b1 \u03c0\u03c1\u03bf\u03c2 \u03c0\u03ce\u03bb\u03b7\u03c3\u03b7, <\/span><\/span><a href=\"https:\/\/en.wikipedia.org\/wiki\/Crack_cocaine\"><span style=\"vertical-align: inherit;\"><span style=\"vertical-align: inherit;\">\u03c1\u03b1\u03b3\u03b9\u03c3\u03bc\u03ad\u03bd\u03bf<\/span><\/span><\/a><span style=\"vertical-align: inherit;\"><span style=\"vertical-align: inherit;\"> , \u03c4\u03bf \u03ba\u03b1\u03b8\u03b1\u03c1\u03cc \u03ba\u03bf\u03ba \u03c0\u03c1\u03bf\u03c2 \u03c0\u03ce\u03bb\u03b7\u03c3\u03b7 \u03ad\u03c7\u03b5\u03b9 \u03b3\u03af\u03bd\u03b5\u03b9 \u03bc\u03b9\u03b1 \u03c3\u03c5\u03c7\u03bd\u03ae \u03b4\u03c1\u03b1\u03c3\u03c4\u03b7\u03c1\u03b9\u03cc\u03c4\u03b7\u03c4\u03b1 \u03b3\u03b9\u03b1 \u03b5\u03bc\u03ac\u03c2. \u0391\u03bb\u03bb\u03ac \u03ba\u03ac\u03c0\u03bf\u03b9\u03bf\u03b9 \u03bc\u03c0\u03bf\u03c1\u03b5\u03af \u03bd\u03b1 \u03b5\u03be\u03b1\u03ba\u03bf\u03bb\u03bf\u03c5\u03b8\u03bf\u03cd\u03bd \u03bd\u03b1 \u03b4\u03c5\u03c3\u03ba\u03bf\u03bb\u03b5\u03cd\u03bf\u03bd\u03c4\u03b1\u03b9 \u03bd\u03b1 \u03c0\u03bf\u03c5\u03bb\u03ae\u03c3\u03bf\u03c5\u03bd \u03ba\u03bf\u03ba\u03b1\u0390\u03bd\u03b7. \u039c\u03b5 \u03c4\u03b9\u03c2 \u03c5\u03c0\u03b7\u03c1\u03b5\u03c3\u03af\u03b5\u03c2 \u03bc\u03b1\u03c2, \u03bc\u03c0\u03bf\u03c1\u03b5\u03af\u03c4\u03b5 \u03cc\u03c7\u03b9 \u03bc\u03cc\u03bd\u03bf \u03bd\u03b1 \u03b1\u03b3\u03bf\u03c1\u03ac\u03c3\u03b5\u03c4\u03b5 \u03ba\u03bf\u03ba\u03b1\u0390\u03bd\u03b7 online \u03b1\u03bb\u03bb\u03ac \u03ba\u03b1\u03b9 \u03bd\u03b1 \u03c4\u03b7\u03bd \u03c0\u03b1\u03c1\u03b1\u03b3\u03b3\u03b5\u03af\u03bb\u03b5\u03c4\u03b5 online \u03b1\u03c0\u03cc \u03b5\u03bc\u03ac\u03c2. \u0391\u03b3\u03bf\u03c1\u03ac\u03c3\u03c4\u03b5 \u03ba\u03c1\u03b1\u03ba \u03c6\u03b8\u03b7\u03bd\u03ac \u03ba\u03b1\u03b9 \u03bd\u03cc\u03bc\u03b9\u03bc\u03b1.<\/span><\/span><\/p>","protected":false},"excerpt":{"rendered":"<p>Buy crack online Buy crack online Buy crack online . Although it comes in a different form, crack is basically the same material as powder cocaine. Making crack involves combining powdered cocaine with a base\u2014baking soda, for example\u2014by boiling the mixture in water and then removing the baking soda, which removes the hydrochloride. This makes&hellip;<\/p>","protected":false},"featured_media":275,"comment_status":"open","ping_status":"closed","template":"","meta":{"_joinchat":[]},"product_cat":[66],"product_tag":[392,394,393,391,389,400,399,396,395,398,401,390,404,403,397,402],"class_list":{"0":"post-37","1":"product","2":"type-product","3":"status-publish","4":"has-post-thumbnail","6":"product_cat-de-la-cocaine","7":"product_tag-acheter-du-crack-en-ligne","8":"product_tag-acheter-du-crack-en-ligne-aux-etats-unis","9":"product_tag-acheter-du-crack-en-ligne-pres-de-chez-moi","10":"product_tag-acheter-du-crack-legalement","11":"product_tag-avantages-du-crack","12":"product_tag-comment-commander-du-crack","13":"product_tag-comment-puis-je-obtenir-la-meilleure-crack","14":"product_tag-crack-a-vendre","15":"product_tag-crack-pas-cher","16":"product_tag-crack-vente-en-gros","17":"product_tag-du-crack-legitime-en-ligne","18":"product_tag-meilleur-endroit-pour-commander-du-crack","19":"product_tag-ou-acheter-du-crack","20":"product_tag-ou-puis-je-acheter-du-crack","21":"product_tag-prix-du-crack","22":"product_tag-quest-ce-que-le-crack","24":"first","25":"instock","26":"shipping-taxable","27":"purchasable","28":"product-type-variable","29":"col-xs-6 col-sm-4","30":"col-md-3 col-lg-3","31":"un-4-cols"},"yoast_head":"<!-- This site is optimized with the Yoast SEO plugin v23.8 - https:\/\/yoast.com\/wordpress\/plugins\/seo\/ -->\n<title>Acheter du crack en ligne - Vente de crack<\/title>\n<meta name=\"description\" content=\"Notre magasin propose \u00e0 la vente du crack de qualit\u00e9 sup\u00e9rieure. Vous ne pourrez jamais vous passer de la qualit\u00e9 de nos produits. Si vous en avez besoin, achetez du crack en ligne tout de suite. Commandez maintenant !\" \/>\n<meta name=\"robots\" content=\"index, follow, max-snippet:-1, max-image-preview:large, max-video-preview:-1\" \/>\n<link rel=\"canonical\" href=\"https:\/\/poudresdenarco.com\/el\/\u03c0\u03c1\u03bf\u03ca\u03cc\u03bd\/\u03ba\u03bf\u03ba\u03b1\u0390\u03bd\u03b7-\u03ba\u03c1\u03b1\u03ba\/\" \/>\n<meta property=\"og:locale\" content=\"el_GR\" \/>\n<meta property=\"og:type\" content=\"article\" \/>\n<meta property=\"og:title\" content=\"Acheter du crack en ligne - Vente de crack\" \/>\n<meta property=\"og:description\" content=\"Notre magasin propose \u00e0 la vente du crack de qualit\u00e9 sup\u00e9rieure. Vous ne pourrez jamais vous passer de la qualit\u00e9 de nos produits. Si vous en avez besoin, achetez du crack en ligne tout de suite. Commandez maintenant !\" \/>\n<meta property=\"og:url\" content=\"https:\/\/poudresdenarco.com\/el\/\u03c0\u03c1\u03bf\u03ca\u03cc\u03bd\/\u03ba\u03bf\u03ba\u03b1\u0390\u03bd\u03b7-\u03ba\u03c1\u03b1\u03ba\/\" \/>\n<meta property=\"og:site_name\" content=\"Poudresde Narco\" \/>\n<meta property=\"article:modified_time\" content=\"2025-06-04T03:27:10+00:00\" \/>\n<meta property=\"og:image\" content=\"https:\/\/poudresdenarco.com\/wp-content\/uploads\/2023\/12\/Crack-Cocaine.jpg\" \/>\n\t<meta property=\"og:image:width\" content=\"600\" \/>\n\t<meta property=\"og:image:height\" content=\"600\" \/>\n\t<meta property=\"og:image:type\" content=\"image\/jpeg\" \/>\n<meta name=\"twitter:card\" content=\"summary_large_image\" \/>\n<meta name=\"twitter:label1\" content=\"\u0395\u03ba\u03c4\u03b9\u03bc\u03ce\u03bc\u03b5\u03bd\u03bf\u03c2 \u03c7\u03c1\u03cc\u03bd\u03bf\u03c2 \u03b1\u03bd\u03ac\u03b3\u03bd\u03c9\u03c3\u03b7\u03c2\" \/>\n\t<meta name=\"twitter:data1\" content=\"3 \u03bb\u03b5\u03c0\u03c4\u03ac\" \/>\n<script type=\"application\/ld+json\" class=\"yoast-schema-graph\">{\"@context\":\"https:\/\/schema.org\",\"@graph\":[{\"@type\":\"WebPage\",\"@id\":\"https:\/\/poudresdenarco.com\/produit\/crack-de-cocaine\/\",\"url\":\"https:\/\/poudresdenarco.com\/produit\/crack-de-cocaine\/\",\"name\":\"Acheter du crack en ligne - Vente de crack\",\"isPartOf\":{\"@id\":\"https:\/\/poudresdenarco.com\/#website\"},\"primaryImageOfPage\":{\"@id\":\"https:\/\/poudresdenarco.com\/produit\/crack-de-cocaine\/#primaryimage\"},\"image\":{\"@id\":\"https:\/\/poudresdenarco.com\/produit\/crack-de-cocaine\/#primaryimage\"},\"thumbnailUrl\":\"https:\/\/poudresdenarco.com\/wp-content\/uploads\/2023\/12\/Crack-Cocaine.jpg\",\"datePublished\":\"2023-12-25T08:20:02+00:00\",\"dateModified\":\"2025-06-04T03:27:10+00:00\",\"description\":\"Notre magasin propose \u00e0 la vente du crack de qualit\u00e9 sup\u00e9rieure. Vous ne pourrez jamais vous passer de la qualit\u00e9 de nos produits. Si vous en avez besoin, achetez du crack en ligne tout de suite. Commandez maintenant !\",\"breadcrumb\":{\"@id\":\"https:\/\/poudresdenarco.com\/produit\/crack-de-cocaine\/#breadcrumb\"},\"inLanguage\":\"el\",\"potentialAction\":[{\"@type\":\"ReadAction\",\"target\":[\"https:\/\/poudresdenarco.com\/produit\/crack-de-cocaine\/\"]}]},{\"@type\":\"ImageObject\",\"inLanguage\":\"el\",\"@id\":\"https:\/\/poudresdenarco.com\/produit\/crack-de-cocaine\/#primaryimage\",\"url\":\"https:\/\/poudresdenarco.com\/wp-content\/uploads\/2023\/12\/Crack-Cocaine.jpg\",\"contentUrl\":\"https:\/\/poudresdenarco.com\/wp-content\/uploads\/2023\/12\/Crack-Cocaine.jpg\",\"width\":600,\"height\":600,\"caption\":\"Acheter Crack-Cocaine en ligne\"},{\"@type\":\"BreadcrumbList\",\"@id\":\"https:\/\/poudresdenarco.com\/produit\/crack-de-cocaine\/#breadcrumb\",\"itemListElement\":[{\"@type\":\"ListItem\",\"position\":1,\"name\":\"Home\",\"item\":\"https:\/\/poudresdenarco.com\/\"},{\"@type\":\"ListItem\",\"position\":2,\"name\":\"Boutique\",\"item\":\"https:\/\/poudresdenarco.com\/boutique\/\"},{\"@type\":\"ListItem\",\"position\":3,\"name\":\"Crack de coca\u00efne\"}]},{\"@type\":\"WebSite\",\"@id\":\"https:\/\/poudresdenarco.com\/#website\",\"url\":\"https:\/\/poudresdenarco.com\/\",\"name\":\"Poudresde Narco\",\"description\":\"Acheter de la coca\u00efne et de l&#039;h\u00e9ro\u00efne en ligne\",\"potentialAction\":[{\"@type\":\"SearchAction\",\"target\":{\"@type\":\"EntryPoint\",\"urlTemplate\":\"https:\/\/poudresdenarco.com\/?s={search_term_string}\"},\"query-input\":{\"@type\":\"PropertyValueSpecification\",\"valueRequired\":true,\"valueName\":\"search_term_string\"}}],\"inLanguage\":\"el\"}]}<\/script>\n<!-- \/ Yoast SEO plugin. -->","yoast_head_json":{"title":"Acheter du crack en ligne - Vente de crack","description":"Notre magasin propose \u00e0 la vente du crack de qualit\u00e9 sup\u00e9rieure. Vous ne pourrez jamais vous passer de la qualit\u00e9 de nos produits. Si vous en avez besoin, achetez du crack en ligne tout de suite. Commandez maintenant !","robots":{"index":"index","follow":"follow","max-snippet":"max-snippet:-1","max-image-preview":"max-image-preview:large","max-video-preview":"max-video-preview:-1"},"canonical":"https:\/\/poudresdenarco.com\/el\/\u03c0\u03c1\u03bf\u03ca\u03cc\u03bd\/\u03ba\u03bf\u03ba\u03b1\u0390\u03bd\u03b7-\u03ba\u03c1\u03b1\u03ba\/","og_locale":"el_GR","og_type":"article","og_title":"Acheter du crack en ligne - Vente de crack","og_description":"Notre magasin propose \u00e0 la vente du crack de qualit\u00e9 sup\u00e9rieure. Vous ne pourrez jamais vous passer de la qualit\u00e9 de nos produits. Si vous en avez besoin, achetez du crack en ligne tout de suite. Commandez maintenant !","og_url":"https:\/\/poudresdenarco.com\/el\/\u03c0\u03c1\u03bf\u03ca\u03cc\u03bd\/\u03ba\u03bf\u03ba\u03b1\u0390\u03bd\u03b7-\u03ba\u03c1\u03b1\u03ba\/","og_site_name":"Poudresde Narco","article_modified_time":"2025-06-04T03:27:10+00:00","og_image":[{"width":600,"height":600,"url":"https:\/\/poudresdenarco.com\/wp-content\/uploads\/2023\/12\/Crack-Cocaine.jpg","type":"image\/jpeg"}],"twitter_card":"summary_large_image","twitter_misc":{"\u0395\u03ba\u03c4\u03b9\u03bc\u03ce\u03bc\u03b5\u03bd\u03bf\u03c2 \u03c7\u03c1\u03cc\u03bd\u03bf\u03c2 \u03b1\u03bd\u03ac\u03b3\u03bd\u03c9\u03c3\u03b7\u03c2":"3 \u03bb\u03b5\u03c0\u03c4\u03ac"},"schema":{"@context":"https:\/\/schema.org","@graph":[{"@type":"WebPage","@id":"https:\/\/poudresdenarco.com\/produit\/crack-de-cocaine\/","url":"https:\/\/poudresdenarco.com\/produit\/crack-de-cocaine\/","name":"Acheter du crack en ligne - Vente de crack","isPartOf":{"@id":"https:\/\/poudresdenarco.com\/#website"},"primaryImageOfPage":{"@id":"https:\/\/poudresdenarco.com\/produit\/crack-de-cocaine\/#primaryimage"},"image":{"@id":"https:\/\/poudresdenarco.com\/produit\/crack-de-cocaine\/#primaryimage"},"thumbnailUrl":"https:\/\/poudresdenarco.com\/wp-content\/uploads\/2023\/12\/Crack-Cocaine.jpg","datePublished":"2023-12-25T08:20:02+00:00","dateModified":"2025-06-04T03:27:10+00:00","description":"Notre magasin propose \u00e0 la vente du crack de qualit\u00e9 sup\u00e9rieure. Vous ne pourrez jamais vous passer de la qualit\u00e9 de nos produits. Si vous en avez besoin, achetez du crack en ligne tout de suite. Commandez maintenant !","breadcrumb":{"@id":"https:\/\/poudresdenarco.com\/produit\/crack-de-cocaine\/#breadcrumb"},"inLanguage":"el","potentialAction":[{"@type":"ReadAction","target":["https:\/\/poudresdenarco.com\/produit\/crack-de-cocaine\/"]}]},{"@type":"ImageObject","inLanguage":"el","@id":"https:\/\/poudresdenarco.com\/produit\/crack-de-cocaine\/#primaryimage","url":"https:\/\/poudresdenarco.com\/wp-content\/uploads\/2023\/12\/Crack-Cocaine.jpg","contentUrl":"https:\/\/poudresdenarco.com\/wp-content\/uploads\/2023\/12\/Crack-Cocaine.jpg","width":600,"height":600,"caption":"Acheter Crack-Cocaine en ligne"},{"@type":"BreadcrumbList","@id":"https:\/\/poudresdenarco.com\/produit\/crack-de-cocaine\/#breadcrumb","itemListElement":[{"@type":"ListItem","position":1,"name":"Home","item":"https:\/\/poudresdenarco.com\/"},{"@type":"ListItem","position":2,"name":"Boutique","item":"https:\/\/poudresdenarco.com\/boutique\/"},{"@type":"ListItem","position":3,"name":"Crack de coca\u00efne"}]},{"@type":"WebSite","@id":"https:\/\/poudresdenarco.com\/#website","url":"https:\/\/poudresdenarco.com\/","name":"Poudresde Narco","description":"Acheter de la coca\u00efne et de l&#039;h\u00e9ro\u00efne en ligne","potentialAction":[{"@type":"SearchAction","target":{"@type":"EntryPoint","urlTemplate":"https:\/\/poudresdenarco.com\/?s={search_term_string}"},"query-input":{"@type":"PropertyValueSpecification","valueRequired":true,"valueName":"search_term_string"}}],"inLanguage":"el"}]}},"_links":{"self":[{"href":"https:\/\/poudresdenarco.com\/el\/wp-json\/wp\/v2\/product\/37","targetHints":{"allow":["GET"]}}],"collection":[{"href":"https:\/\/poudresdenarco.com\/el\/wp-json\/wp\/v2\/product"}],"about":[{"href":"https:\/\/poudresdenarco.com\/el\/wp-json\/wp\/v2\/types\/product"}],"replies":[{"embeddable":true,"href":"https:\/\/poudresdenarco.com\/el\/wp-json\/wp\/v2\/comments?post=37"}],"wp:featuredmedia":[{"embeddable":true,"href":"https:\/\/poudresdenarco.com\/el\/wp-json\/wp\/v2\/media\/275"}],"wp:attachment":[{"href":"https:\/\/poudresdenarco.com\/el\/wp-json\/wp\/v2\/media?parent=37"}],"wp:term":[{"taxonomy":"product_cat","embeddable":true,"href":"https:\/\/poudresdenarco.com\/el\/wp-json\/wp\/v2\/product_cat?post=37"},{"taxonomy":"product_tag","embeddable":true,"href":"https:\/\/poudresdenarco.com\/el\/wp-json\/wp\/v2\/product_tag?post=37"}],"curies":[{"name":"wp","href":"https:\/\/api.w.org\/{rel}","templated":true}]}}