{"id":38,"date":"2023-12-25T08:20:02","date_gmt":"2023-12-25T08:20:02","guid":{"rendered":"https:\/\/unkrautmarkt.com\/narco1\/?post_type=product&#038;p=38"},"modified":"2025-06-09T02:36:47","modified_gmt":"2025-06-09T02:36:47","slug":"bolivie-cocaine","status":"publish","type":"product","link":"https:\/\/poudresdenarco.com\/el\/\u03c0\u03c1\u03bf\u03ca\u03cc\u03bd\/\u03b2\u03bf\u03bb\u03b9\u03b2\u03af\u03b1-\u03ba\u03bf\u03ba\u03b1\u0390\u03bd\u03b7\/","title":{"rendered":"\u0392\u03bf\u03bb\u03b9\u03b2\u03af\u03b1 \u039a\u03bf\u03ba\u03b1\u0390\u03bd\u03b7"},"content":{"rendered":"<h2><span style=\"vertical-align: inherit;\"><span style=\"vertical-align: inherit;\">Buy Bolivian Cocaine Online<\/span><\/span><\/h2>\n<p><a href=\"https:\/\/poudresdenarco.com\/el\/\u03c0\u03c1\u03bf\u03ca\u03cc\u03bd\/\u03b2\u03bf\u03bb\u03b9\u03b2\u03af\u03b1-\u03ba\u03bf\u03ba\u03b1\u0390\u03bd\u03b7\/\"><span style=\"vertical-align: inherit;\"><span style=\"vertical-align: inherit;\">Buy Cocaine from Bolivia Online<\/span><\/span><\/a><span style=\"vertical-align: inherit;\"><span style=\"vertical-align: inherit;\"> . Customers looking to buy cocaine, crystal meth for sale online or crack online frequently use the terms \u201cbuy Bolivian cocaine online\u201d, \u201cbuy crack online\u201d or \u201cbuy meth online\u201d. Bolivian Cocaine Online Store is one of the best and leading suppliers of high quality cocaine products from Bolivia. One of the best and purest types of cocaine available is Bolivian cocaine, which can have a purity of up to 98% if processed properly. However, it is quite restricted in most countries, making it difficult for its customers to access. So, we made the decision to start selling supplies online.<\/span><\/span><\/p>\n<p><span style=\"vertical-align: inherit;\"><span style=\"vertical-align: inherit;\">We are here to make things easy for you. You can easily, secretly and quickly buy a small amount of <\/span><\/span><a href=\"https:\/\/en.wikipedia.org\/wiki\/Agwa_de_Bolivia\"><span style=\"vertical-align: inherit;\"><span style=\"vertical-align: inherit;\">Bolivian cocaine<\/span><\/span><\/a><span style=\"vertical-align: inherit;\"><span style=\"vertical-align: inherit;\"> , crack, coca paste or pure cocaine powder at reasonable prices. We can even arrange discreet delivery of cocaine directly to your door or mailbox in homes.<\/span><\/span><\/p>\n<p><span style=\"vertical-align: inherit;\"><span style=\"vertical-align: inherit;\">To access our services, simply place an order through our online store and pay in bitcoins. We will be there for you whenever you need us. We offer 24-hour customer support to help you solve any problem you encounter while using our website example.com.<\/span><\/span><\/p>\n<p><span style=\"vertical-align: inherit;\"><span style=\"vertical-align: inherit;\">We have chosen to only accept discreet payment methods (cryptocurrencies such as bitcoins) due to the difficulty of delivering cocaine to most countries. Bitcoin is fast, discreet, reliable and secure. This makes it the ideal payment method for internet transactions. Before placing an order, please ensure that you have bitcoins in your wallet account. If you are unable to obtain bitcoins, please contact us through our support system and we will provide you with other payment options.<\/span><\/span><\/p>\n<p><span style=\"vertical-align: inherit;\"><span style=\"vertical-align: inherit;\">In other situations, we take Apple Pay, Cash App, E-Transfer and ChimeP2PChime. Customers who manage to pay with bitcoins will benefit from discounts; in concrete terms, they will receive an additional gram of the product of their choice.<\/span><\/span><\/p>\n<h3><span style=\"vertical-align: inherit;\"><span style=\"vertical-align: inherit;\">Where can I buy crystal meth or Bolivian cocaine online?<\/span><\/span><\/h3>\n<p><span style=\"vertical-align: inherit;\"><span style=\"vertical-align: inherit;\">In South American countries where cocaine consumption is legal, Bolivian cocaine, crack, and other cocaine-related products are widely available. Although it is strictly prohibited to consume or import this product in other countries like the United States, Australia, Canada, etc., you can still buy crack online safely from various distributors and dealers in Bolivia. The most important thing to remember is that you can buy any of these things from this site at your convenience and without having to worry about losing money or getting into trouble. All you have to do is go to the shop page, select the desired item, and add it to your cart.<\/span><\/span><\/p>","protected":false},"excerpt":{"rendered":"<p>Buy Bolivian Cocaine Online Buy Cocaine from Bolivia Online . Customers looking to buy cocaine, crystal meth for sale online or crack online frequently use the terms \u201cbuy Bolivian cocaine online\u201d, \u201cbuy crack online\u201d or \u201cbuy meth online\u201d. Bolivian Cocaine Online Store is one of the best and leading suppliers of high quality cocaine products&hellip;<\/p>","protected":false},"featured_media":274,"comment_status":"open","ping_status":"closed","template":"","meta":{"_joinchat":[]},"product_cat":[66],"product_tag":[339,341,340,338,333,342,345,335,337,344,343,334,348,347,336,346],"class_list":{"0":"post-38","1":"product","2":"type-product","3":"status-publish","4":"has-post-thumbnail","6":"product_cat-de-la-cocaine","7":"product_tag-acheter-de-la-cocaine-de-bolivie-en-ligne","8":"product_tag-acheter-de-la-cocaine-de-bolivie-en-ligne-aux-etats-unis","9":"product_tag-acheter-de-la-cocaine-de-bolivie-en-ligne-pres-de-chez-moi","10":"product_tag-acheter-de-la-cocaine-de-bolivie-legalement","11":"product_tag-avantages-de-la-cocaine-de-bolivie","12":"product_tag-bolivie-pas-cher-cocaine","13":"product_tag-cocaine-bolivienne-legitime-en-ligne","14":"product_tag-cocaine-de-bolivie-a-vendre","15":"product_tag-cocaine-de-bolivie-en-gros","16":"product_tag-comment-commander-de-la-cocaine-bolivienne","17":"product_tag-comment-puis-je-obtenir-la-meilleure-cocaine-bolivienne","18":"product_tag-meilleur-endroit-pour-commander-de-la-cocaine-de-bolivie","19":"product_tag-ou-acheter-de-la-cocaine-bolivienne","20":"product_tag-ou-puis-je-acheter-de-la-cocaine-bolivienne","21":"product_tag-prix-de-la-cocaine-de-bolivie","22":"product_tag-quest-ce-que-la-cocaine-bolivienne","24":"first","25":"instock","26":"shipping-taxable","27":"purchasable","28":"product-type-variable","29":"col-xs-6 col-sm-4","30":"col-md-3 col-lg-3","31":"un-4-cols"},"yoast_head":"<!-- This site is optimized with the Yoast SEO plugin v23.8 - https:\/\/yoast.com\/wordpress\/plugins\/seo\/ -->\n<title>Buy Bolivie Coca\u00efne Online - Bolivie Coca\u00efne for Sale Online<\/title>\n<meta name=\"description\" content=\"Vous cherchez de la Coca\u00efne Bolivie en vente en ligne ? PoudresDenarco est un magasin leader o\u00f9 vous pouvez acheter de la Coca\u00efne Bolivie en ligne au meilleur prix. Commandez maintenant avec une exp\u00e9dition discr\u00e8te !\" \/>\n<meta name=\"robots\" content=\"index, follow, max-snippet:-1, max-image-preview:large, max-video-preview:-1\" \/>\n<link rel=\"canonical\" href=\"https:\/\/poudresdenarco.com\/el\/\u03c0\u03c1\u03bf\u03ca\u03cc\u03bd\/\u03b2\u03bf\u03bb\u03b9\u03b2\u03af\u03b1-\u03ba\u03bf\u03ba\u03b1\u0390\u03bd\u03b7\/\" \/>\n<meta property=\"og:locale\" content=\"el_GR\" \/>\n<meta property=\"og:type\" content=\"article\" \/>\n<meta property=\"og:title\" content=\"Buy Bolivie Coca\u00efne Online - Bolivie Coca\u00efne for Sale Online\" \/>\n<meta property=\"og:description\" content=\"Vous cherchez de la Coca\u00efne Bolivie en vente en ligne ? PoudresDenarco est un magasin leader o\u00f9 vous pouvez acheter de la Coca\u00efne Bolivie en ligne au meilleur prix. Commandez maintenant avec une exp\u00e9dition discr\u00e8te !\" \/>\n<meta property=\"og:url\" content=\"https:\/\/poudresdenarco.com\/el\/\u03c0\u03c1\u03bf\u03ca\u03cc\u03bd\/\u03b2\u03bf\u03bb\u03b9\u03b2\u03af\u03b1-\u03ba\u03bf\u03ba\u03b1\u0390\u03bd\u03b7\/\" \/>\n<meta property=\"og:site_name\" content=\"Poudresde Narco\" \/>\n<meta property=\"article:modified_time\" content=\"2025-06-09T02:36:47+00:00\" \/>\n<meta property=\"og:image\" content=\"https:\/\/poudresdenarco.com\/wp-content\/uploads\/2023\/12\/Bolivia-Cocaine.jpg\" \/>\n\t<meta property=\"og:image:width\" content=\"600\" \/>\n\t<meta property=\"og:image:height\" content=\"600\" \/>\n\t<meta property=\"og:image:type\" content=\"image\/jpeg\" \/>\n<meta name=\"twitter:card\" content=\"summary_large_image\" \/>\n<meta name=\"twitter:label1\" content=\"\u0395\u03ba\u03c4\u03b9\u03bc\u03ce\u03bc\u03b5\u03bd\u03bf\u03c2 \u03c7\u03c1\u03cc\u03bd\u03bf\u03c2 \u03b1\u03bd\u03ac\u03b3\u03bd\u03c9\u03c3\u03b7\u03c2\" \/>\n\t<meta name=\"twitter:data1\" content=\"3 \u03bb\u03b5\u03c0\u03c4\u03ac\" \/>\n<script type=\"application\/ld+json\" class=\"yoast-schema-graph\">{\"@context\":\"https:\/\/schema.org\",\"@graph\":[{\"@type\":\"WebPage\",\"@id\":\"https:\/\/poudresdenarco.com\/produit\/bolivie-cocaine\/\",\"url\":\"https:\/\/poudresdenarco.com\/produit\/bolivie-cocaine\/\",\"name\":\"Buy Bolivie Coca\u00efne Online - Bolivie Coca\u00efne for Sale Online\",\"isPartOf\":{\"@id\":\"https:\/\/poudresdenarco.com\/#website\"},\"primaryImageOfPage\":{\"@id\":\"https:\/\/poudresdenarco.com\/produit\/bolivie-cocaine\/#primaryimage\"},\"image\":{\"@id\":\"https:\/\/poudresdenarco.com\/produit\/bolivie-cocaine\/#primaryimage\"},\"thumbnailUrl\":\"https:\/\/poudresdenarco.com\/wp-content\/uploads\/2023\/12\/Bolivia-Cocaine.jpg\",\"datePublished\":\"2023-12-25T08:20:02+00:00\",\"dateModified\":\"2025-06-09T02:36:47+00:00\",\"description\":\"Vous cherchez de la Coca\u00efne Bolivie en vente en ligne ? PoudresDenarco est un magasin leader o\u00f9 vous pouvez acheter de la Coca\u00efne Bolivie en ligne au meilleur prix. Commandez maintenant avec une exp\u00e9dition discr\u00e8te !\",\"breadcrumb\":{\"@id\":\"https:\/\/poudresdenarco.com\/produit\/bolivie-cocaine\/#breadcrumb\"},\"inLanguage\":\"el\",\"potentialAction\":[{\"@type\":\"ReadAction\",\"target\":[\"https:\/\/poudresdenarco.com\/produit\/bolivie-cocaine\/\"]}]},{\"@type\":\"ImageObject\",\"inLanguage\":\"el\",\"@id\":\"https:\/\/poudresdenarco.com\/produit\/bolivie-cocaine\/#primaryimage\",\"url\":\"https:\/\/poudresdenarco.com\/wp-content\/uploads\/2023\/12\/Bolivia-Cocaine.jpg\",\"contentUrl\":\"https:\/\/poudresdenarco.com\/wp-content\/uploads\/2023\/12\/Bolivia-Cocaine.jpg\",\"width\":600,\"height\":600,\"caption\":\"Acheter Bolivia Cocaine en ligne\"},{\"@type\":\"BreadcrumbList\",\"@id\":\"https:\/\/poudresdenarco.com\/produit\/bolivie-cocaine\/#breadcrumb\",\"itemListElement\":[{\"@type\":\"ListItem\",\"position\":1,\"name\":\"Home\",\"item\":\"https:\/\/poudresdenarco.com\/\"},{\"@type\":\"ListItem\",\"position\":2,\"name\":\"Boutique\",\"item\":\"https:\/\/poudresdenarco.com\/boutique\/\"},{\"@type\":\"ListItem\",\"position\":3,\"name\":\"Bolivie Coca\u00efne\"}]},{\"@type\":\"WebSite\",\"@id\":\"https:\/\/poudresdenarco.com\/#website\",\"url\":\"https:\/\/poudresdenarco.com\/\",\"name\":\"Poudresde Narco\",\"description\":\"Acheter de la coca\u00efne et de l&#039;h\u00e9ro\u00efne en ligne\",\"potentialAction\":[{\"@type\":\"SearchAction\",\"target\":{\"@type\":\"EntryPoint\",\"urlTemplate\":\"https:\/\/poudresdenarco.com\/?s={search_term_string}\"},\"query-input\":{\"@type\":\"PropertyValueSpecification\",\"valueRequired\":true,\"valueName\":\"search_term_string\"}}],\"inLanguage\":\"el\"}]}<\/script>\n<!-- \/ Yoast SEO plugin. -->","yoast_head_json":{"title":"Buy Bolivie Coca\u00efne Online - Bolivie Coca\u00efne for Sale Online","description":"Vous cherchez de la Coca\u00efne Bolivie en vente en ligne ? PoudresDenarco est un magasin leader o\u00f9 vous pouvez acheter de la Coca\u00efne Bolivie en ligne au meilleur prix. Commandez maintenant avec une exp\u00e9dition discr\u00e8te !","robots":{"index":"index","follow":"follow","max-snippet":"max-snippet:-1","max-image-preview":"max-image-preview:large","max-video-preview":"max-video-preview:-1"},"canonical":"https:\/\/poudresdenarco.com\/el\/\u03c0\u03c1\u03bf\u03ca\u03cc\u03bd\/\u03b2\u03bf\u03bb\u03b9\u03b2\u03af\u03b1-\u03ba\u03bf\u03ba\u03b1\u0390\u03bd\u03b7\/","og_locale":"el_GR","og_type":"article","og_title":"Buy Bolivie Coca\u00efne Online - Bolivie Coca\u00efne for Sale Online","og_description":"Vous cherchez de la Coca\u00efne Bolivie en vente en ligne ? PoudresDenarco est un magasin leader o\u00f9 vous pouvez acheter de la Coca\u00efne Bolivie en ligne au meilleur prix. Commandez maintenant avec une exp\u00e9dition discr\u00e8te !","og_url":"https:\/\/poudresdenarco.com\/el\/\u03c0\u03c1\u03bf\u03ca\u03cc\u03bd\/\u03b2\u03bf\u03bb\u03b9\u03b2\u03af\u03b1-\u03ba\u03bf\u03ba\u03b1\u0390\u03bd\u03b7\/","og_site_name":"Poudresde Narco","article_modified_time":"2025-06-09T02:36:47+00:00","og_image":[{"width":600,"height":600,"url":"https:\/\/poudresdenarco.com\/wp-content\/uploads\/2023\/12\/Bolivia-Cocaine.jpg","type":"image\/jpeg"}],"twitter_card":"summary_large_image","twitter_misc":{"\u0395\u03ba\u03c4\u03b9\u03bc\u03ce\u03bc\u03b5\u03bd\u03bf\u03c2 \u03c7\u03c1\u03cc\u03bd\u03bf\u03c2 \u03b1\u03bd\u03ac\u03b3\u03bd\u03c9\u03c3\u03b7\u03c2":"3 \u03bb\u03b5\u03c0\u03c4\u03ac"},"schema":{"@context":"https:\/\/schema.org","@graph":[{"@type":"WebPage","@id":"https:\/\/poudresdenarco.com\/produit\/bolivie-cocaine\/","url":"https:\/\/poudresdenarco.com\/produit\/bolivie-cocaine\/","name":"Buy Bolivie Coca\u00efne Online - Bolivie Coca\u00efne for Sale Online","isPartOf":{"@id":"https:\/\/poudresdenarco.com\/#website"},"primaryImageOfPage":{"@id":"https:\/\/poudresdenarco.com\/produit\/bolivie-cocaine\/#primaryimage"},"image":{"@id":"https:\/\/poudresdenarco.com\/produit\/bolivie-cocaine\/#primaryimage"},"thumbnailUrl":"https:\/\/poudresdenarco.com\/wp-content\/uploads\/2023\/12\/Bolivia-Cocaine.jpg","datePublished":"2023-12-25T08:20:02+00:00","dateModified":"2025-06-09T02:36:47+00:00","description":"Vous cherchez de la Coca\u00efne Bolivie en vente en ligne ? PoudresDenarco est un magasin leader o\u00f9 vous pouvez acheter de la Coca\u00efne Bolivie en ligne au meilleur prix. Commandez maintenant avec une exp\u00e9dition discr\u00e8te !","breadcrumb":{"@id":"https:\/\/poudresdenarco.com\/produit\/bolivie-cocaine\/#breadcrumb"},"inLanguage":"el","potentialAction":[{"@type":"ReadAction","target":["https:\/\/poudresdenarco.com\/produit\/bolivie-cocaine\/"]}]},{"@type":"ImageObject","inLanguage":"el","@id":"https:\/\/poudresdenarco.com\/produit\/bolivie-cocaine\/#primaryimage","url":"https:\/\/poudresdenarco.com\/wp-content\/uploads\/2023\/12\/Bolivia-Cocaine.jpg","contentUrl":"https:\/\/poudresdenarco.com\/wp-content\/uploads\/2023\/12\/Bolivia-Cocaine.jpg","width":600,"height":600,"caption":"Acheter Bolivia Cocaine en ligne"},{"@type":"BreadcrumbList","@id":"https:\/\/poudresdenarco.com\/produit\/bolivie-cocaine\/#breadcrumb","itemListElement":[{"@type":"ListItem","position":1,"name":"Home","item":"https:\/\/poudresdenarco.com\/"},{"@type":"ListItem","position":2,"name":"Boutique","item":"https:\/\/poudresdenarco.com\/boutique\/"},{"@type":"ListItem","position":3,"name":"Bolivie Coca\u00efne"}]},{"@type":"WebSite","@id":"https:\/\/poudresdenarco.com\/#website","url":"https:\/\/poudresdenarco.com\/","name":"Poudresde Narco","description":"Acheter de la coca\u00efne et de l&#039;h\u00e9ro\u00efne en ligne","potentialAction":[{"@type":"SearchAction","target":{"@type":"EntryPoint","urlTemplate":"https:\/\/poudresdenarco.com\/?s={search_term_string}"},"query-input":{"@type":"PropertyValueSpecification","valueRequired":true,"valueName":"search_term_string"}}],"inLanguage":"el"}]}},"_links":{"self":[{"href":"https:\/\/poudresdenarco.com\/el\/wp-json\/wp\/v2\/product\/38","targetHints":{"allow":["GET"]}}],"collection":[{"href":"https:\/\/poudresdenarco.com\/el\/wp-json\/wp\/v2\/product"}],"about":[{"href":"https:\/\/poudresdenarco.com\/el\/wp-json\/wp\/v2\/types\/product"}],"replies":[{"embeddable":true,"href":"https:\/\/poudresdenarco.com\/el\/wp-json\/wp\/v2\/comments?post=38"}],"wp:featuredmedia":[{"embeddable":true,"href":"https:\/\/poudresdenarco.com\/el\/wp-json\/wp\/v2\/media\/274"}],"wp:attachment":[{"href":"https:\/\/poudresdenarco.com\/el\/wp-json\/wp\/v2\/media?parent=38"}],"wp:term":[{"taxonomy":"product_cat","embeddable":true,"href":"https:\/\/poudresdenarco.com\/el\/wp-json\/wp\/v2\/product_cat?post=38"},{"taxonomy":"product_tag","embeddable":true,"href":"https:\/\/poudresdenarco.com\/el\/wp-json\/wp\/v2\/product_tag?post=38"}],"curies":[{"name":"wp","href":"https:\/\/api.w.org\/{rel}","templated":true}]}}