{"id":4392,"date":"2024-01-02T09:01:23","date_gmt":"2024-01-02T09:01:23","guid":{"rendered":"https:\/\/unkrautmarkt.com\/narco1\/?post_type=product&#038;p=4392"},"modified":"2025-06-09T02:28:16","modified_gmt":"2025-06-09T02:28:16","slug":"grand-papa-violet","status":"publish","type":"product","link":"https:\/\/poudresdenarco.com\/el\/\u03c0\u03c1\u03bf\u03ca\u03cc\u03bd\/\u03bc\u03b5\u03b3\u03ac\u03bb\u03bf\u03c2-\u03bc\u03c9\u03b2-\u03bc\u03c0\u03b1\u03bc\u03c0\u03ac\u03c2\/","title":{"rendered":"\u03a0\u03b1\u03c0\u03c0\u03bf\u03cd\u03c2 Violet"},"content":{"rendered":"<h2><strong>\u0391\u03b3\u03bf\u03c1\u03ac\u03c3\u03c4\u03b5 \u03c4\u03bf Grand Daddy Purple online<\/strong><\/h2>\n<h3><strong>\u03a3\u03c7\u03b5\u03c4\u03b9\u03ba\u03ac \u03bc\u03b5 \u03b1\u03c5\u03c4\u03ae \u03c4\u03b7\u03bd \u03c5\u03b2\u03c1\u03b9\u03b4\u03b9\u03ba\u03ae \u03c0\u03bf\u03b9\u03ba\u03b9\u03bb\u03af\u03b1<\/strong><\/h3>\n<p>\u03a4\u03bf Granddaddy Purple, \u03c3\u03c5\u03c7\u03bd\u03ac \u03b3\u03bd\u03c9\u03c3\u03c4\u03cc \u03c9\u03c2 Grand Daddy Purps, \u03b5\u03af\u03bd\u03b1\u03b9 \u03bc\u03b9\u03b1 \u03b9\u03bd\u03b4\u03b9\u03ba\u03ae \u03c0\u03bf\u03b9\u03ba\u03b9\u03bb\u03af\u03b1 \u03ba\u03ac\u03bd\u03bd\u03b1\u03b2\u03b7\u03c2 \u03bc\u03b5 \u03b5\u03c5\u03c7\u03ac\u03c1\u03b9\u03c3\u03c4\u03bf \u03ac\u03c1\u03c9\u03bc\u03b1 \u03bc\u03bf\u03cd\u03c1\u03c9\u03bd \u03ba\u03b1\u03b9 \u03b5\u03c0\u03af\u03b3\u03b5\u03c5\u03c3\u03b7 \u03c0\u03bf\u03c5 \u03bc\u03bf\u03b9\u03ac\u03b6\u03b5\u03b9 \u03bc\u03b5 \u03c3\u03c4\u03b1\u03c6\u03cd\u03bb\u03b9 \u03b3\u03b9\u03b1 \u03c4\u03bf\u03c5\u03c2 \u03c7\u03c1\u03ae\u03c3\u03c4\u03b5\u03c2. \u0391\u03c5\u03c4\u03ae \u03b7 \u03c0\u03bf\u03b9\u03ba\u03b9\u03bb\u03af\u03b1 \u03b5\u03af\u03bd\u03b1\u03b9 \u03c0\u03bf\u03bb\u03cd \u03b5\u03bd\u03c4\u03c5\u03c0\u03c9\u03c3\u03b9\u03b1\u03ba\u03ae, \u03bc\u03b5 \u03c0\u03bf\u03bb\u03bb\u03ac \u03bb\u03b5\u03c5\u03ba\u03ac \u03c4\u03c1\u03b9\u03c7\u03ce\u03bc\u03b1\u03c4\u03b1 \u03ba\u03b1\u03b9 \u03c6\u03c9\u03c4\u03b5\u03b9\u03bd\u03ad\u03c2 \u03c0\u03bf\u03c1\u03c4\u03bf\u03ba\u03b1\u03bb\u03af \u03c4\u03c1\u03af\u03c7\u03b5\u03c2 \u03c0\u03bf\u03c5 \u03c0\u03b5\u03c1\u03b9\u03b2\u03ac\u03bb\u03bb\u03bf\u03c5\u03bd \u03c3\u03ba\u03bf\u03cd\u03c1\u03b1 \u03bc\u03bf\u03b2 \u03bc\u03c0\u03bf\u03c5\u03bc\u03c0\u03bf\u03cd\u03ba\u03b9\u03b1.<\/p>\n<p>\u03a4\u03bf Big Bud \u03ba\u03b1\u03b9 \u03c4\u03bf Purple Urkle \u03b5\u03af\u03bd\u03b1\u03b9 \u03c4\u03b1 \u03b4\u03cd\u03bf indica \u03c3\u03c4\u03b5\u03bb\u03ad\u03c7\u03b7 \u03c0\u03bf\u03c5 \u03b1\u03c0\u03bf\u03c4\u03b5\u03bb\u03bf\u03cd\u03bd \u03c4\u03bf\u03c5\u03c2 \u03b3\u03bf\u03bd\u03b5\u03af\u03c2 \u03c4\u03bf\u03c5. \u03a3\u03cd\u03bc\u03c6\u03c9\u03bd\u03b1 \u03bc\u03b5 \u03c4\u03b7 \u03bc\u03c5\u03b8\u03bf\u03bb\u03bf\u03b3\u03af\u03b1, \u03b1\u03c5\u03c4\u03ae \u03b7 \u03c0\u03bf\u03b9\u03ba\u03b9\u03bb\u03af\u03b1 \u03ba\u03b1\u03b9 \u03c4\u03bf Grape Ape \u03b8\u03b1 \u03bc\u03c0\u03bf\u03c1\u03bf\u03cd\u03c3\u03b1\u03bd \u03bd\u03b1 \u03b5\u03af\u03bd\u03b1\u03b9 \u03c0\u03b1\u03bd\u03bf\u03bc\u03bf\u03b9\u03cc\u03c4\u03c5\u03c0\u03b5\u03c2. \u0395\u03af\u03bd\u03b1\u03b9 \u03b5\u03bd\u03c4\u03c5\u03c0\u03c9\u03c3\u03b9\u03b1\u03ba\u03ac \u03c0\u03b1\u03c1\u03cc\u03bc\u03bf\u03b9\u03b5\u03c2. \u0391\u03bb\u03bb\u03ac \u03bf Ken Estes \u03c4\u03b7\u03bd \u03b1\u03bd\u03ad\u03c0\u03c4\u03c5\u03be\u03b5 \u03b1\u03c1\u03c7\u03b9\u03ba\u03ac \u03c4\u03bf 2003 \u03c3\u03c4\u03b7\u03bd \u039a\u03b1\u03bb\u03b9\u03c6\u03cc\u03c1\u03bd\u03b9\u03b1, \u03b1\u03c6\u03bf\u03cd \u03b1\u03c0\u03bf\u03c6\u03ac\u03c3\u03b9\u03c3\u03b5 \u03bd\u03b1 \u03c3\u03c5\u03bd\u03b4\u03c5\u03ac\u03c3\u03b5\u03b9 \u03b4\u03cd\u03bf \u03c0\u03bf\u03b9\u03ba\u03b9\u03bb\u03af\u03b5\u03c2 \u03c0\u03bf\u03c5 \u03ae\u03c4\u03b1\u03bd \u03ae\u03b4\u03b7 \u03b3\u03bd\u03c9\u03c3\u03c4\u03ad\u03c2 \u03b3\u03b9\u03b1 \u03c4\u03b9\u03c2 \u03b5\u03c0\u03b9\u03b4\u03c1\u03ac\u03c3\u03b5\u03b9\u03c2 \u03c4\u03bf\u03c5\u03c2, \u03b3\u03b9\u03b1 \u03bd\u03b1 \u03b4\u03b7\u03bc\u03b9\u03bf\u03c5\u03c1\u03b3\u03ae\u03c3\u03b5\u03b9 \u03bc\u03b9\u03b1 \u03bd\u03ad\u03b1 \u03ba\u03b1\u03b9 \u03b5\u03be\u03b1\u03b9\u03c1\u03b5\u03c4\u03b9\u03ba\u03ae indica.<\/p>\n<p>\u0393\u03b5\u03bd\u03b9\u03ba\u03ac, \u03b7 \u03c0\u03b5\u03c1\u03b9\u03b5\u03ba\u03c4\u03b9\u03ba\u03cc\u03c4\u03b7\u03c4\u03ac \u03c4\u03bf\u03c5 \u03c3\u03b5 THC \u03b5\u03af\u03bd\u03b1\u03b9 17 %, \u03b5\u03bd\u03ce \u03bf\u03c1\u03b9\u03c3\u03bc\u03ad\u03bd\u03b5\u03c2 \u03c0\u03bf\u03b9\u03ba\u03b9\u03bb\u03af\u03b5\u03c2 \u03ad\u03c7\u03bf\u03c5\u03bd \u03ad\u03c9\u03c2 \u03ba\u03b1\u03b9 23 %. \u03a4\u03bf Grand Daddy Purple \u03c0\u03b1\u03c1\u03ac\u03b3\u03b5\u03b9 \u03ad\u03bd\u03b1 \u03c5\u03c0\u03bd\u03c9\u03c4\u03b9\u03ba\u03cc \u03ba\u03b1\u03b9 \u03b1\u03c0\u03af\u03c3\u03c4\u03b5\u03c5\u03c4\u03b1 \u03ba\u03b1\u03c4\u03b1\u03c0\u03c1\u03b1\u03cb\u03bd\u03c4\u03b9\u03ba\u03cc body buzz \u03c0\u03bf\u03c5 \u03b1\u03bd\u03c5\u03c8\u03ce\u03bd\u03b5\u03b9 \u03c4\u03bf \u03c0\u03bd\u03b5\u03cd\u03bc\u03b1. \u0395\u03af\u03bd\u03b1\u03b9 \u03b9\u03b4\u03b1\u03bd\u03b9\u03ba\u03cc \u03bd\u03b1 \u03c7\u03c1\u03b7\u03c3\u03b9\u03bc\u03bf\u03c0\u03bf\u03b9\u03b5\u03af\u03c4\u03b5 \u03b1\u03c5\u03c4\u03ae \u03c4\u03b7 \u03c0\u03bf\u03b9\u03ba\u03b9\u03bb\u03af\u03b1 \u03c4\u03b7 \u03bd\u03cd\u03c7\u03c4\u03b1, \u03ba\u03b1\u03b8\u03ce\u03c2 \u03b5\u03af\u03bd\u03b1\u03b9 \u03ad\u03bd\u03b1\u03c2 \u03b5\u03be\u03b1\u03b9\u03c1\u03b5\u03c4\u03b9\u03ba\u03cc\u03c2 \u03c4\u03c1\u03cc\u03c0\u03bf\u03c2 \u03b3\u03b9\u03b1 \u03bd\u03b1 \u03b1\u03bd\u03b1\u03ba\u03bf\u03c5\u03c6\u03b9\u03c3\u03c4\u03b5\u03af\u03c4\u03b5 \u03b1\u03c0\u03cc \u03c4\u03b7\u03bd \u03ad\u03bd\u03c4\u03b1\u03c3\u03b7 \u03ba\u03b1\u03b9 \u03bd\u03b1 \u03c0\u03c1\u03bf\u03c9\u03b8\u03ae\u03c3\u03b5\u03c4\u03b5 \u03c4\u03bf\u03bd \u03cd\u03c0\u03bd\u03bf.<\/p>\n<p>\u0391\u03c5\u03c4\u03ae \u03b7 \u03c0\u03bf\u03b9\u03ba\u03b9\u03bb\u03af\u03b1 \u03b1\u03c5\u03be\u03ac\u03bd\u03b5\u03b9 \u03c4\u03b7\u03bd \u03cc\u03c1\u03b5\u03be\u03b7 \u03ba\u03b1\u03b9 \u03b1\u03bd\u03b1\u03ba\u03bf\u03c5\u03c6\u03af\u03b6\u03b5\u03b9 \u03c4\u03b1 \u03c3\u03c5\u03bc\u03c0\u03c4\u03ce\u03bc\u03b1\u03c4\u03b1 \u03c4\u03bf\u03c5 \u03c3\u03c5\u03bd\u03b4\u03c1\u03cc\u03bc\u03bf\u03c5 \u03b1\u03bd\u03ae\u03c3\u03c5\u03c7\u03c9\u03bd \u03c0\u03bf\u03b4\u03b9\u03ce\u03bd, \u03b5\u03c0\u03b9\u03c4\u03c1\u03ad\u03c0\u03bf\u03bd\u03c4\u03ac\u03c2 \u03c3\u03b1\u03c2 \u03bd\u03b1 \u03ad\u03c7\u03b5\u03c4\u03b5 \u03ad\u03bd\u03b1\u03bd \u03ba\u03b1\u03bb\u03cc \u03cd\u03c0\u03bd\u03bf.<\/p>\n<p>\u03a4\u03bf Grand Daddy Purple \u03b1\u03bd\u03b8\u03af\u03b6\u03b5\u03b9 \u03c3\u03b5 \u03c0\u03b5\u03c1\u03af\u03c0\u03bf\u03c5 10-11 \u03b5\u03b2\u03b4\u03bf\u03bc\u03ac\u03b4\u03b5\u03c2 \u03ba\u03b1\u03b9 \u03c6\u03c5\u03c4\u03b5\u03cd\u03b5\u03c4\u03b1\u03b9 \u03ba\u03b1\u03bb\u03cd\u03c4\u03b5\u03c1\u03b1 \u03c3\u03b5 \u03b5\u03c3\u03c9\u03c4\u03b5\u03c1\u03b9\u03ba\u03bf\u03cd\u03c2 \u03c7\u03ce\u03c1\u03bf\u03c5\u03c2. \u03a4\u03b1 \u03c6\u03c5\u03c4\u03ac \u03b8\u03b1 \u03c7\u03c1\u03b5\u03b9\u03b1\u03c3\u03c4\u03bf\u03cd\u03bd \u03b5\u03c0\u03b9\u03c0\u03bb\u03ad\u03bf\u03bd \u03c3\u03c4\u03ae\u03c1\u03b9\u03be\u03b7 \u03bb\u03cc\u03b3\u03c9 \u03c4\u03c9\u03bd \u03bc\u03b5\u03b3\u03ac\u03bb\u03c9\u03bd \u03bf\u03c6\u03b8\u03b1\u03bb\u03bc\u03ce\u03bd \u03c4\u03bf\u03c5\u03c2, \u03bf\u03b9 \u03bf\u03c0\u03bf\u03af\u03bf\u03b9 \u03b8\u03b1 \u03b5\u03c0\u03b9\u03b2\u03b1\u03c1\u03cd\u03bd\u03bf\u03c5\u03bd \u03c4\u03b7 \u03b4\u03bf\u03bc\u03ae \u03c4\u03bf\u03c5 \u03c6\u03c5\u03c4\u03bf\u03cd. \u0391\u03bd\u03ac\u03bb\u03bf\u03b3\u03b1 \u03bc\u03b5 \u03c4\u03b7\u03bd \u03ba\u03b1\u03bb\u03bb\u03b9\u03ad\u03c1\u03b3\u03b5\u03b9\u03b1 \u03ba\u03b1\u03b9 \u03c4\u03b7\u03bd \u03c0\u03bf\u03b9\u03cc\u03c4\u03b7\u03c4\u03b1, \u03bf\u03b9 \u03b1\u03c0\u03bf\u03b4\u03cc\u03c3\u03b5\u03b9\u03c2 \u03b1\u03bd\u03ac \u03c6\u03c5\u03c4\u03cc \u03bc\u03c0\u03bf\u03c1\u03b5\u03af \u03bd\u03b1 \u03ba\u03c5\u03bc\u03b1\u03af\u03bd\u03bf\u03bd\u03c4\u03b1\u03b9 \u03b1\u03c0\u03cc \u03c4\u03ad\u03c3\u03c3\u03b5\u03c1\u03b9\u03c2 \u03bf\u03c5\u03b3\u03b3\u03b9\u03ad\u03c2 \u03ad\u03c9\u03c2 \u03c4\u03c1\u03af\u03b1 \u03ba\u03b9\u03bb\u03ac.<\/p>\n<h3><strong>\u0399\u03c3\u03c4\u03bf\u03c1\u03af\u03b1 \u03ba\u03b1\u03b9 \u03b3\u03b5\u03bd\u03b5\u03c4\u03b9\u03ba\u03ae \u03c4\u03bf\u03c5 Granddaddy Purple<\/strong><\/h3>\n<p>\u0393\u03b5\u03bd\u03b9\u03ba\u03ac, \u03b7 \u03c0\u03b5\u03c1\u03b9\u03b5\u03ba\u03c4\u03b9\u03ba\u03cc\u03c4\u03b7\u03c4\u03ac \u03c4\u03bf\u03c5 \u03c3\u03b5 THC \u03b5\u03af\u03bd\u03b1\u03b9 17 %, \u03b5\u03bd\u03ce \u03bf\u03c1\u03b9\u03c3\u03bc\u03ad\u03bd\u03b5\u03c2 \u03c0\u03bf\u03b9\u03ba\u03b9\u03bb\u03af\u03b5\u03c2 \u03ad\u03c7\u03bf\u03c5\u03bd \u03ad\u03c9\u03c2 \u03ba\u03b1\u03b9 23 %. \u03a4\u03bf Grand Daddy Purple \u03c0\u03b1\u03c1\u03ac\u03b3\u03b5\u03b9 \u03ad\u03bd\u03b1 \u03c5\u03c0\u03bd\u03c9\u03c4\u03b9\u03ba\u03cc \u03ba\u03b1\u03b9 \u03b1\u03c0\u03af\u03c3\u03c4\u03b5\u03c5\u03c4\u03b1 \u03ba\u03b1\u03c4\u03b1\u03c0\u03c1\u03b1\u03cb\u03bd\u03c4\u03b9\u03ba\u03cc body buzz \u03c0\u03bf\u03c5 \u03b1\u03bd\u03c5\u03c8\u03ce\u03bd\u03b5\u03b9 \u03c4\u03bf \u03c0\u03bd\u03b5\u03cd\u03bc\u03b1. \u0395\u03af\u03bd\u03b1\u03b9 \u03b9\u03b4\u03b1\u03bd\u03b9\u03ba\u03cc \u03bd\u03b1 \u03c7\u03c1\u03b7\u03c3\u03b9\u03bc\u03bf\u03c0\u03bf\u03b9\u03b5\u03af\u03c4\u03b5 \u03b1\u03c5\u03c4\u03ae \u03c4\u03b7 \u03c0\u03bf\u03b9\u03ba\u03b9\u03bb\u03af\u03b1 \u03c4\u03b7 \u03bd\u03cd\u03c7\u03c4\u03b1, \u03ba\u03b1\u03b8\u03ce\u03c2 \u03b5\u03af\u03bd\u03b1\u03b9 \u03ad\u03bd\u03b1\u03c2 \u03b5\u03be\u03b1\u03b9\u03c1\u03b5\u03c4\u03b9\u03ba\u03cc\u03c2 \u03c4\u03c1\u03cc\u03c0\u03bf\u03c2 \u03b3\u03b9\u03b1 \u03bd\u03b1 \u03b1\u03bd\u03b1\u03ba\u03bf\u03c5\u03c6\u03b9\u03c3\u03c4\u03b5\u03af\u03c4\u03b5 \u03b1\u03c0\u03cc \u03c4\u03b7\u03bd \u03ad\u03bd\u03c4\u03b1\u03c3\u03b7 \u03ba\u03b1\u03b9 \u03bd\u03b1 \u03c0\u03c1\u03bf\u03c9\u03b8\u03ae\u03c3\u03b5\u03c4\u03b5 \u03c4\u03bf\u03bd \u03cd\u03c0\u03bd\u03bf.<\/p>\n<p>\u0391\u03c5\u03c4\u03ae \u03b7 \u03c0\u03bf\u03b9\u03ba\u03b9\u03bb\u03af\u03b1 \u03b1\u03c5\u03be\u03ac\u03bd\u03b5\u03b9 \u03c4\u03b7\u03bd \u03cc\u03c1\u03b5\u03be\u03b7 \u03ba\u03b1\u03b9 \u03b1\u03bd\u03b1\u03ba\u03bf\u03c5\u03c6\u03af\u03b6\u03b5\u03b9 \u03c4\u03b1 \u03c3\u03c5\u03bc\u03c0\u03c4\u03ce\u03bc\u03b1\u03c4\u03b1 \u03c4\u03bf\u03c5 \u03c3\u03c5\u03bd\u03b4\u03c1\u03cc\u03bc\u03bf\u03c5 \u03b1\u03bd\u03ae\u03c3\u03c5\u03c7\u03c9\u03bd \u03c0\u03bf\u03b4\u03b9\u03ce\u03bd, \u03b5\u03c0\u03b9\u03c4\u03c1\u03ad\u03c0\u03bf\u03bd\u03c4\u03ac\u03c2 \u03c3\u03b1\u03c2 \u03bd\u03b1 \u03ad\u03c7\u03b5\u03c4\u03b5 \u03ad\u03bd\u03b1\u03bd \u03ba\u03b1\u03bb\u03cc \u03cd\u03c0\u03bd\u03bf.<\/p>\n<p>\u03a4\u03bf Grand Daddy Purple \u03b1\u03bd\u03b8\u03af\u03b6\u03b5\u03b9 \u03c3\u03b5 \u03c0\u03b5\u03c1\u03af\u03c0\u03bf\u03c5 10-11 \u03b5\u03b2\u03b4\u03bf\u03bc\u03ac\u03b4\u03b5\u03c2 \u03ba\u03b1\u03b9 \u03c6\u03c5\u03c4\u03b5\u03cd\u03b5\u03c4\u03b1\u03b9 \u03ba\u03b1\u03bb\u03cd\u03c4\u03b5\u03c1\u03b1 \u03c3\u03b5 \u03b5\u03c3\u03c9\u03c4\u03b5\u03c1\u03b9\u03ba\u03bf\u03cd\u03c2 \u03c7\u03ce\u03c1\u03bf\u03c5\u03c2. \u03a4\u03b1 \u03c6\u03c5\u03c4\u03ac \u03b8\u03b1 \u03c7\u03c1\u03b5\u03b9\u03b1\u03c3\u03c4\u03bf\u03cd\u03bd \u03b5\u03c0\u03b9\u03c0\u03bb\u03ad\u03bf\u03bd \u03c3\u03c4\u03ae\u03c1\u03b9\u03be\u03b7 \u03bb\u03cc\u03b3\u03c9 \u03c4\u03c9\u03bd \u03bc\u03b5\u03b3\u03ac\u03bb\u03c9\u03bd \u03bf\u03c6\u03b8\u03b1\u03bb\u03bc\u03ce\u03bd \u03c4\u03bf\u03c5\u03c2, \u03bf\u03b9 \u03bf\u03c0\u03bf\u03af\u03bf\u03b9 \u03b8\u03b1 \u03b5\u03c0\u03b9\u03b2\u03b1\u03c1\u03cd\u03bd\u03bf\u03c5\u03bd \u03c4\u03b7 \u03b4\u03bf\u03bc\u03ae \u03c4\u03bf\u03c5 \u03c6\u03c5\u03c4\u03bf\u03cd. \u0391\u03bd\u03ac\u03bb\u03bf\u03b3\u03b1 \u03bc\u03b5 \u03c4\u03b7\u03bd \u03ba\u03b1\u03bb\u03bb\u03b9\u03ad\u03c1\u03b3\u03b5\u03b9\u03b1 \u03ba\u03b1\u03b9 \u03c4\u03b7\u03bd \u03c0\u03bf\u03b9\u03cc\u03c4\u03b7\u03c4\u03b1, \u03bf\u03b9 \u03b1\u03c0\u03bf\u03b4\u03cc\u03c3\u03b5\u03b9\u03c2 \u03b1\u03bd\u03ac \u03c6\u03c5\u03c4\u03cc \u03bc\u03c0\u03bf\u03c1\u03b5\u03af \u03bd\u03b1 \u03ba\u03c5\u03bc\u03b1\u03af\u03bd\u03bf\u03bd\u03c4\u03b1\u03b9 \u03b1\u03c0\u03cc \u03c4\u03ad\u03c3\u03c3\u03b5\u03c1\u03b9\u03c2 \u03bf\u03c5\u03b3\u03b3\u03b9\u03ad\u03c2 \u03ad\u03c9\u03c2 \u03c4\u03c1\u03af\u03b1 \u03ba\u03b9\u03bb\u03ac.<\/p>","protected":false},"excerpt":{"rendered":"<p>Acheter Grand Daddy Purple en ligne \u00c0 propos de cette vari\u00e9t\u00e9 hybride Granddaddy Purple, souvent connue sous le nom de Grand Daddy Purps, est une vari\u00e9t\u00e9 de cannabis indica avec un agr\u00e9able ar\u00f4me de baies et un arri\u00e8re-go\u00fbt de raisin pour les utilisateurs. Cette vari\u00e9t\u00e9 est tr\u00e8s saisissante, avec beaucoup de trichomes blancs et de&hellip;<\/p>","protected":false},"featured_media":4511,"comment_status":"open","ping_status":"closed","template":"","meta":{"_joinchat":[]},"product_cat":[473],"product_tag":[],"class_list":{"0":"post-4392","1":"product","2":"type-product","3":"status-publish","4":"has-post-thumbnail","6":"product_cat-herbe","8":"first","9":"instock","10":"shipping-taxable","11":"purchasable","12":"product-type-variable","13":"col-xs-6 col-sm-4","14":"col-md-3 col-lg-3","15":"un-4-cols"},"yoast_head":"<!-- This site is optimized with the Yoast SEO plugin v23.8 - https:\/\/yoast.com\/wordpress\/plugins\/seo\/ -->\n<title>Achetez Grandpa Violet en ligne - Grandpa Violet \u00e0 vendre<\/title>\n<meta name=\"description\" content=\"Ne manquez aucune opportunit\u00e9 d&#039;acheter Grandpa Violet en ligne dans notre boutique. Nous vendons exclusivement Grandpa Violet \u00e0 des prix avantageux. Nous sommes l\u00e0 pour vous aider. Commandez maintenant !\" \/>\n<meta name=\"robots\" content=\"index, follow, max-snippet:-1, max-image-preview:large, max-video-preview:-1\" \/>\n<link rel=\"canonical\" href=\"https:\/\/poudresdenarco.com\/el\/\u03c0\u03c1\u03bf\u03ca\u03cc\u03bd\/\u03bc\u03b5\u03b3\u03ac\u03bb\u03bf\u03c2-\u03bc\u03c9\u03b2-\u03bc\u03c0\u03b1\u03bc\u03c0\u03ac\u03c2\/\" \/>\n<meta property=\"og:locale\" content=\"el_GR\" \/>\n<meta property=\"og:type\" content=\"article\" \/>\n<meta property=\"og:title\" content=\"Achetez Grandpa Violet en ligne - Grandpa Violet \u00e0 vendre\" \/>\n<meta property=\"og:description\" content=\"Ne manquez aucune opportunit\u00e9 d&#039;acheter Grandpa Violet en ligne dans notre boutique. Nous vendons exclusivement Grandpa Violet \u00e0 des prix avantageux. Nous sommes l\u00e0 pour vous aider. Commandez maintenant !\" \/>\n<meta property=\"og:url\" content=\"https:\/\/poudresdenarco.com\/el\/\u03c0\u03c1\u03bf\u03ca\u03cc\u03bd\/\u03bc\u03b5\u03b3\u03ac\u03bb\u03bf\u03c2-\u03bc\u03c9\u03b2-\u03bc\u03c0\u03b1\u03bc\u03c0\u03ac\u03c2\/\" \/>\n<meta property=\"og:site_name\" content=\"Poudresde Narco\" \/>\n<meta property=\"article:modified_time\" content=\"2025-06-09T02:28:16+00:00\" \/>\n<meta property=\"og:image\" content=\"https:\/\/poudresdenarco.com\/wp-content\/uploads\/2024\/01\/GRAND-DADDY-PURPLE.jpg\" \/>\n\t<meta property=\"og:image:width\" content=\"600\" \/>\n\t<meta property=\"og:image:height\" content=\"600\" \/>\n\t<meta property=\"og:image:type\" content=\"image\/jpeg\" \/>\n<meta name=\"twitter:card\" content=\"summary_large_image\" \/>\n<meta name=\"twitter:label1\" content=\"\u0395\u03ba\u03c4\u03b9\u03bc\u03ce\u03bc\u03b5\u03bd\u03bf\u03c2 \u03c7\u03c1\u03cc\u03bd\u03bf\u03c2 \u03b1\u03bd\u03ac\u03b3\u03bd\u03c9\u03c3\u03b7\u03c2\" \/>\n\t<meta name=\"twitter:data1\" content=\"2 \u03bb\u03b5\u03c0\u03c4\u03ac\" \/>\n<script type=\"application\/ld+json\" class=\"yoast-schema-graph\">{\"@context\":\"https:\/\/schema.org\",\"@graph\":[{\"@type\":\"WebPage\",\"@id\":\"https:\/\/poudresdenarco.com\/produit\/grand-papa-violet\/\",\"url\":\"https:\/\/poudresdenarco.com\/produit\/grand-papa-violet\/\",\"name\":\"Achetez Grandpa Violet en ligne - Grandpa Violet \u00e0 vendre\",\"isPartOf\":{\"@id\":\"https:\/\/poudresdenarco.com\/#website\"},\"primaryImageOfPage\":{\"@id\":\"https:\/\/poudresdenarco.com\/produit\/grand-papa-violet\/#primaryimage\"},\"image\":{\"@id\":\"https:\/\/poudresdenarco.com\/produit\/grand-papa-violet\/#primaryimage\"},\"thumbnailUrl\":\"https:\/\/poudresdenarco.com\/wp-content\/uploads\/2024\/01\/GRAND-DADDY-PURPLE.jpg\",\"datePublished\":\"2024-01-02T09:01:23+00:00\",\"dateModified\":\"2025-06-09T02:28:16+00:00\",\"description\":\"Ne manquez aucune opportunit\u00e9 d'acheter Grandpa Violet en ligne dans notre boutique. Nous vendons exclusivement Grandpa Violet \u00e0 des prix avantageux. Nous sommes l\u00e0 pour vous aider. Commandez maintenant !\",\"breadcrumb\":{\"@id\":\"https:\/\/poudresdenarco.com\/produit\/grand-papa-violet\/#breadcrumb\"},\"inLanguage\":\"el\",\"potentialAction\":[{\"@type\":\"ReadAction\",\"target\":[\"https:\/\/poudresdenarco.com\/produit\/grand-papa-violet\/\"]}]},{\"@type\":\"ImageObject\",\"inLanguage\":\"el\",\"@id\":\"https:\/\/poudresdenarco.com\/produit\/grand-papa-violet\/#primaryimage\",\"url\":\"https:\/\/poudresdenarco.com\/wp-content\/uploads\/2024\/01\/GRAND-DADDY-PURPLE.jpg\",\"contentUrl\":\"https:\/\/poudresdenarco.com\/wp-content\/uploads\/2024\/01\/GRAND-DADDY-PURPLE.jpg\",\"width\":600,\"height\":600,\"caption\":\"Acheter Grand-Papa Violet en ligne\"},{\"@type\":\"BreadcrumbList\",\"@id\":\"https:\/\/poudresdenarco.com\/produit\/grand-papa-violet\/#breadcrumb\",\"itemListElement\":[{\"@type\":\"ListItem\",\"position\":1,\"name\":\"Home\",\"item\":\"https:\/\/poudresdenarco.com\/\"},{\"@type\":\"ListItem\",\"position\":2,\"name\":\"Boutique\",\"item\":\"https:\/\/poudresdenarco.com\/boutique\/\"},{\"@type\":\"ListItem\",\"position\":3,\"name\":\"Grand-Papa Violet\"}]},{\"@type\":\"WebSite\",\"@id\":\"https:\/\/poudresdenarco.com\/#website\",\"url\":\"https:\/\/poudresdenarco.com\/\",\"name\":\"Poudresde Narco\",\"description\":\"Acheter de la coca\u00efne et de l&#039;h\u00e9ro\u00efne en ligne\",\"potentialAction\":[{\"@type\":\"SearchAction\",\"target\":{\"@type\":\"EntryPoint\",\"urlTemplate\":\"https:\/\/poudresdenarco.com\/?s={search_term_string}\"},\"query-input\":{\"@type\":\"PropertyValueSpecification\",\"valueRequired\":true,\"valueName\":\"search_term_string\"}}],\"inLanguage\":\"el\"}]}<\/script>\n<!-- \/ Yoast SEO plugin. -->","yoast_head_json":{"title":"Achetez Grandpa Violet en ligne - Grandpa Violet \u00e0 vendre","description":"Ne manquez aucune opportunit\u00e9 d'acheter Grandpa Violet en ligne dans notre boutique. Nous vendons exclusivement Grandpa Violet \u00e0 des prix avantageux. Nous sommes l\u00e0 pour vous aider. Commandez maintenant !","robots":{"index":"index","follow":"follow","max-snippet":"max-snippet:-1","max-image-preview":"max-image-preview:large","max-video-preview":"max-video-preview:-1"},"canonical":"https:\/\/poudresdenarco.com\/el\/\u03c0\u03c1\u03bf\u03ca\u03cc\u03bd\/\u03bc\u03b5\u03b3\u03ac\u03bb\u03bf\u03c2-\u03bc\u03c9\u03b2-\u03bc\u03c0\u03b1\u03bc\u03c0\u03ac\u03c2\/","og_locale":"el_GR","og_type":"article","og_title":"Achetez Grandpa Violet en ligne - Grandpa Violet \u00e0 vendre","og_description":"Ne manquez aucune opportunit\u00e9 d'acheter Grandpa Violet en ligne dans notre boutique. Nous vendons exclusivement Grandpa Violet \u00e0 des prix avantageux. Nous sommes l\u00e0 pour vous aider. Commandez maintenant !","og_url":"https:\/\/poudresdenarco.com\/el\/\u03c0\u03c1\u03bf\u03ca\u03cc\u03bd\/\u03bc\u03b5\u03b3\u03ac\u03bb\u03bf\u03c2-\u03bc\u03c9\u03b2-\u03bc\u03c0\u03b1\u03bc\u03c0\u03ac\u03c2\/","og_site_name":"Poudresde Narco","article_modified_time":"2025-06-09T02:28:16+00:00","og_image":[{"width":600,"height":600,"url":"https:\/\/poudresdenarco.com\/wp-content\/uploads\/2024\/01\/GRAND-DADDY-PURPLE.jpg","type":"image\/jpeg"}],"twitter_card":"summary_large_image","twitter_misc":{"\u0395\u03ba\u03c4\u03b9\u03bc\u03ce\u03bc\u03b5\u03bd\u03bf\u03c2 \u03c7\u03c1\u03cc\u03bd\u03bf\u03c2 \u03b1\u03bd\u03ac\u03b3\u03bd\u03c9\u03c3\u03b7\u03c2":"2 \u03bb\u03b5\u03c0\u03c4\u03ac"},"schema":{"@context":"https:\/\/schema.org","@graph":[{"@type":"WebPage","@id":"https:\/\/poudresdenarco.com\/produit\/grand-papa-violet\/","url":"https:\/\/poudresdenarco.com\/produit\/grand-papa-violet\/","name":"Achetez Grandpa Violet en ligne - Grandpa Violet \u00e0 vendre","isPartOf":{"@id":"https:\/\/poudresdenarco.com\/#website"},"primaryImageOfPage":{"@id":"https:\/\/poudresdenarco.com\/produit\/grand-papa-violet\/#primaryimage"},"image":{"@id":"https:\/\/poudresdenarco.com\/produit\/grand-papa-violet\/#primaryimage"},"thumbnailUrl":"https:\/\/poudresdenarco.com\/wp-content\/uploads\/2024\/01\/GRAND-DADDY-PURPLE.jpg","datePublished":"2024-01-02T09:01:23+00:00","dateModified":"2025-06-09T02:28:16+00:00","description":"Ne manquez aucune opportunit\u00e9 d'acheter Grandpa Violet en ligne dans notre boutique. Nous vendons exclusivement Grandpa Violet \u00e0 des prix avantageux. Nous sommes l\u00e0 pour vous aider. Commandez maintenant !","breadcrumb":{"@id":"https:\/\/poudresdenarco.com\/produit\/grand-papa-violet\/#breadcrumb"},"inLanguage":"el","potentialAction":[{"@type":"ReadAction","target":["https:\/\/poudresdenarco.com\/produit\/grand-papa-violet\/"]}]},{"@type":"ImageObject","inLanguage":"el","@id":"https:\/\/poudresdenarco.com\/produit\/grand-papa-violet\/#primaryimage","url":"https:\/\/poudresdenarco.com\/wp-content\/uploads\/2024\/01\/GRAND-DADDY-PURPLE.jpg","contentUrl":"https:\/\/poudresdenarco.com\/wp-content\/uploads\/2024\/01\/GRAND-DADDY-PURPLE.jpg","width":600,"height":600,"caption":"Acheter Grand-Papa Violet en ligne"},{"@type":"BreadcrumbList","@id":"https:\/\/poudresdenarco.com\/produit\/grand-papa-violet\/#breadcrumb","itemListElement":[{"@type":"ListItem","position":1,"name":"Home","item":"https:\/\/poudresdenarco.com\/"},{"@type":"ListItem","position":2,"name":"Boutique","item":"https:\/\/poudresdenarco.com\/boutique\/"},{"@type":"ListItem","position":3,"name":"Grand-Papa Violet"}]},{"@type":"WebSite","@id":"https:\/\/poudresdenarco.com\/#website","url":"https:\/\/poudresdenarco.com\/","name":"Poudresde Narco","description":"Acheter de la coca\u00efne et de l&#039;h\u00e9ro\u00efne en ligne","potentialAction":[{"@type":"SearchAction","target":{"@type":"EntryPoint","urlTemplate":"https:\/\/poudresdenarco.com\/?s={search_term_string}"},"query-input":{"@type":"PropertyValueSpecification","valueRequired":true,"valueName":"search_term_string"}}],"inLanguage":"el"}]}},"_links":{"self":[{"href":"https:\/\/poudresdenarco.com\/el\/wp-json\/wp\/v2\/product\/4392","targetHints":{"allow":["GET"]}}],"collection":[{"href":"https:\/\/poudresdenarco.com\/el\/wp-json\/wp\/v2\/product"}],"about":[{"href":"https:\/\/poudresdenarco.com\/el\/wp-json\/wp\/v2\/types\/product"}],"replies":[{"embeddable":true,"href":"https:\/\/poudresdenarco.com\/el\/wp-json\/wp\/v2\/comments?post=4392"}],"wp:featuredmedia":[{"embeddable":true,"href":"https:\/\/poudresdenarco.com\/el\/wp-json\/wp\/v2\/media\/4511"}],"wp:attachment":[{"href":"https:\/\/poudresdenarco.com\/el\/wp-json\/wp\/v2\/media?parent=4392"}],"wp:term":[{"taxonomy":"product_cat","embeddable":true,"href":"https:\/\/poudresdenarco.com\/el\/wp-json\/wp\/v2\/product_cat?post=4392"},{"taxonomy":"product_tag","embeddable":true,"href":"https:\/\/poudresdenarco.com\/el\/wp-json\/wp\/v2\/product_tag?post=4392"}],"curies":[{"name":"wp","href":"https:\/\/api.w.org\/{rel}","templated":true}]}}