{"id":4483,"date":"2024-01-02T11:19:47","date_gmt":"2024-01-02T11:19:47","guid":{"rendered":"https:\/\/unkrautmarkt.com\/narco1\/?post_type=product&#038;p=4483"},"modified":"2025-06-10T06:38:28","modified_gmt":"2025-06-10T06:38:28","slug":"tangie-hash","status":"publish","type":"product","link":"https:\/\/poudresdenarco.com\/el\/\u03c0\u03c1\u03bf\u03ca\u03cc\u03bd\/\u03c7\u03b1\u03c3\u03af\u03c2-\u03bc\u03b5-\u03c4\u03b1\u03b3\u03ba\u03af\/","title":{"rendered":"Tangie Hash"},"content":{"rendered":"<h2><strong><span style=\"vertical-align: inherit;\"><span style=\"vertical-align: inherit;\">\u0391\u03b3\u03bf\u03c1\u03ac\u03c3\u03c4\u03b5 Tangie Hash Online<\/span><\/span><\/strong><\/h2>\n<h3><strong><span style=\"vertical-align: inherit;\"><span style=\"vertical-align: inherit;\">\u039c\u03b1\u03c4\u03b9\u03ac<\/span><\/span><\/strong><\/h3>\n<p><span style=\"vertical-align: inherit;\"><span style=\"vertical-align: inherit;\">This sample had a brown hue and a dark gold color, which is usually an indication of some plant material remaining in the hash. This batch appears to have been sieved for drying purposes; it had the consistency of large sand pellets (as opposed to microplaned or freeze-dried sand). For optimal drying, we suggest smaller pellet sizes. The absence of trichome heads and\/or terpenes was indicated by the dryness of the resin and lack of fat when stored at room temperature. Using a jeweler&rsquo;s loupe to examine the sample reveals that it contains plant heads and debris as well as a significant amount of trichome stems. This indicates the existence of plant material. Most likely, this content is either from a second or third wash, or it was simply heavily stirred throughout the extraction process. The sample had a chalky, brown appearance once expelled, revealing visible plant material. <a href=\"https:\/\/poudresdenarco.com\/el\/\u03c0\u03c1\u03bf\u03ca\u03cc\u03bd\/\u03c7\u03b1\u03c3\u03af\u03c2-\u03bc\u03b5-\u03c4\u03b1\u03b3\u03ba\u03af\/\">buy tangie hash online<\/a><\/span><\/span><\/p>\n<h3><strong><span style=\"vertical-align: inherit;\"><span style=\"vertical-align: inherit;\">\u039c\u03c5\u03c1\u03c9\u03b4\u03b9\u03ac<\/span><\/span><\/strong><\/h3>\n<p><span style=\"vertical-align: inherit;\"><span style=\"vertical-align: inherit;\">\u0397 \u03b1\u03c1\u03c7\u03b9\u03ba\u03ae \u03bf\u03c3\u03bc\u03ae \u03c4\u03bf\u03c5 \u03c0\u03c1\u03bf\u03ca\u03cc\u03bd\u03c4\u03bf\u03c2 \u03b4\u03b5\u03bd \u03ae\u03c4\u03b1\u03bd \u03b9\u03b4\u03b9\u03b1\u03af\u03c4\u03b5\u03c1\u03b1 \u03ad\u03bd\u03c4\u03bf\u03bd\u03b7. \u03a4\u03bf \u03b4\u03b5\u03af\u03b3\u03bc\u03b1 \u03bc\u03cd\u03c1\u03b9\u03b6\u03b5 \u03ba\u03c5\u03c1\u03af\u03c9\u03c2 \u03b5\u03c3\u03c0\u03b5\u03c1\u03b9\u03b4\u03bf\u03b5\u03b9\u03b4\u03ae \u03bc\u03b5 \u03b4\u03b9\u03b1\u03ba\u03c1\u03b9\u03c4\u03b9\u03ba\u03cc \u03c0\u03bf\u03c1\u03c4\u03bf\u03ba\u03b1\u03bb\u03af \u03c4\u03cc\u03bd\u03bf. \u03a4\u03bf \u03ac\u03c1\u03c9\u03bc\u03b1 \u03c0\u03c1\u03b9\u03bd \u03c4\u03bf \u03c0\u03ac\u03c4\u03b7\u03bc\u03b1 \u03bc\u03c0\u03bf\u03c1\u03b5\u03af \u03bd\u03b1 \u03c7\u03b1\u03c1\u03b1\u03ba\u03c4\u03b7\u03c1\u03b9\u03c3\u03c4\u03b5\u03af \u03c9\u03c2 \u03c0\u03bf\u03c1\u03c4\u03bf\u03ba\u03ac\u03bb\u03b9, \u03bb\u03b5\u03bc\u03bf\u03bd\u03ac\u03c4\u03bf \u03ba\u03b1\u03b9 \u03b3\u03bb\u03c5\u03ba\u03cc. \u03a4\u03bf \u03ac\u03c1\u03c9\u03bc\u03b1 \u03b8\u03b1 \u03bc\u03c0\u03bf\u03c1\u03bf\u03cd\u03c3\u03b5 \u03bd\u03b1 \u03c3\u03c5\u03b3\u03ba\u03c1\u03b9\u03b8\u03b5\u03af \u03bc\u03b5 \u03ad\u03bd\u03b1 \u03b1\u03bd\u03bf\u03b9\u03c7\u03c4\u03cc \u03c0\u03bf\u03c1\u03c4\u03bf\u03ba\u03b1\u03bb\u03af \u03b1\u03b9\u03b8\u03ad\u03c1\u03b9\u03bf \u03ad\u03bb\u03b1\u03b9\u03bf. \u039f\u03b9 \u03c5\u03c0\u03bf\u03ba\u03b5\u03af\u03bc\u03b5\u03bd\u03b5\u03c2 \u03bc\u03bf\u03c5\u03bd\u03c4\u03ad\u03c2 \u03bc\u03c5\u03c1\u03c9\u03b4\u03b9\u03ad\u03c2 \u03bc\u03b5 \u03c0\u03b1\u03c1\u03b1\u03b4\u03bf\u03c3\u03b9\u03b1\u03ba\u03bf\u03cd\u03c2 \u03bc\u03bf\u03c3\u03c7\u03bf\u03bc\u03c5\u03c1\u03b9\u03c3\u03c4\u03b9\u03ba\u03bf\u03cd\u03c2 \u03ba\u03b1\u03b9 \u03b3\u03bb\u03c5\u03ba\u03bf\u03cd\u03c2 \u03c4\u03cc\u03bd\u03bf\u03c5\u03c2 \u03ae\u03c4\u03b1\u03bd \u03c0\u03b1\u03c1\u03cc\u03bd\u03c4\u03b5\u03c2. \u039c\u03c0\u03bf\u03c1\u03b5\u03af \u03bd\u03b1 \u03c6\u03b1\u03bd\u03b5\u03af \u03cc\u03c4\u03b9 \u03bc\u03b5\u03c4\u03ac \u03c4\u03bf \u03c0\u03ac\u03c4\u03b7\u03bc\u03b1, \u03c4\u03bf \u03ac\u03c1\u03c9\u03bc\u03b1 \u03b4\u03b5\u03bd \u03ad\u03b3\u03b9\u03bd\u03b5 \u03b1\u03b9\u03c3\u03b8\u03b7\u03c4\u03ac \u03b9\u03c3\u03c7\u03c5\u03c1\u03cc\u03c4\u03b5\u03c1\u03bf.<\/span><\/span><\/p>\n<h3><strong><span style=\"vertical-align: inherit;\"><span style=\"vertical-align: inherit;\">\u0393\u03b5\u03cd\u03c3\u03b7<\/span><\/span><\/strong><\/h3>\n<p><span style=\"vertical-align: inherit;\"><span style=\"vertical-align: inherit;\">\u03a5\u03c0\u03ae\u03c1\u03c7\u03b1\u03bd \u03bd\u03cc\u03c4\u03b5\u03c2 \u03b5\u03c3\u03c0\u03b5\u03c1\u03b9\u03b4\u03bf\u03b5\u03b9\u03b4\u03ce\u03bd \u03c3\u03c4\u03b7 \u03b3\u03b5\u03cd\u03c3\u03b7 \u03ba\u03b1\u03b9 \u03c4\u03bf \u03ac\u03c1\u03c9\u03bc\u03b1, \u03c5\u03c0\u03bf\u03b4\u03b7\u03bb\u03ce\u03bd\u03bf\u03bd\u03c4\u03b1\u03c2 \u03c4\u03b7\u03bd \u03c0\u03b1\u03c1\u03bf\u03c5\u03c3\u03af\u03b1 \u03c4\u03b5\u03c1\u03c0\u03b5\u03bd\u03af\u03c9\u03bd \u03bb\u03b9\u03bc\u03bf\u03bd\u03b5\u03bd\u03af\u03bf\u03c5. \u0394\u03b5\u03bd \u03c0\u03c1\u03bf\u03ba\u03b1\u03bb\u03b5\u03af \u03ad\u03ba\u03c0\u03bb\u03b7\u03be\u03b7 \u03c4\u03bf \u03b3\u03b5\u03b3\u03bf\u03bd\u03cc\u03c2 \u03cc\u03c4\u03b9 \u03c4\u03bf \u03b4\u03b5\u03af\u03b3\u03bc\u03b1 \u03b5\u03af\u03c7\u03b5 \u03b1\u03b4\u03cd\u03bd\u03b1\u03bc\u03b7 \u03b3\u03b5\u03cd\u03c3\u03b7, \u03ba\u03b1\u03b8\u03ce\u03c2 \u03bf\u03b9 \u03ba\u03b5\u03c6\u03b1\u03bb\u03ad\u03c2 \u03c4\u03c1\u03b9\u03c7\u03ce\u03bc\u03b1\u03c4\u03bf\u03c2 \u03b1\u03c0\u03bf\u03b8\u03b7\u03ba\u03b5\u03cd\u03bf\u03c5\u03bd \u03c4\u03b5\u03c1\u03c0\u03ad\u03bd\u03b9\u03b1 \u03ba\u03b1\u03b9 \u03c4\u03bf \u03b4\u03b5\u03af\u03b3\u03bc\u03b1 \u03c0\u03b5\u03c1\u03b9\u03b5\u03af\u03c7\u03b5 \u03bb\u03b9\u03b3\u03cc\u03c4\u03b5\u03c1\u03b5\u03c2 \u03ba\u03b5\u03c6\u03b1\u03bb\u03ad\u03c2 \u03c4\u03c1\u03b9\u03c7\u03ce\u03bc\u03b1\u03c4\u03bf\u03c2 \u03b1\u03c0\u03cc \u03cc,\u03c4\u03b9 \u03c3\u03c4\u03b5\u03bb\u03ad\u03c7\u03b7 \u03ba\u03b1\u03b9 \u03ac\u03bb\u03bb\u03bf \u03c6\u03c5\u03c4\u03b9\u03ba\u03cc \u03c5\u03bb\u03b9\u03ba\u03cc. \u039c\u03cd\u03c1\u03b9\u03b6\u03b5 \u03c3\u03b1\u03bd \u03c0\u03bf\u03c1\u03c4\u03bf\u03ba\u03ac\u03bb\u03b9 \u03ba\u03b1\u03b9 \u03bc\u03b1\u03bd\u03c4\u03b1\u03c1\u03af\u03bd\u03b9, \u03b1\u03bb\u03bb\u03ac \u03b7 \u03b3\u03b5\u03cd\u03c3\u03b7 \u03ae\u03c4\u03b1\u03bd \u03b1\u03c1\u03ba\u03b5\u03c4\u03ac \u03b1\u03bd\u03b1\u03b6\u03c9\u03bf\u03b3\u03bf\u03bd\u03b7\u03c4\u03b9\u03ba\u03ae \u03bc\u03b5 \u03bc\u03b9\u03b1 \u03b1\u03c0\u03cc\u03c7\u03c1\u03c9\u03c3\u03b7 \u03b5\u03c3\u03c0\u03b5\u03c1\u03b9\u03b4\u03bf\u03b5\u03b9\u03b4\u03ce\u03bd. \u0391\u03bd\u03b1\u03bc\u03b5\u03bd\u03cc\u03c4\u03b1\u03bd \u03cc\u03c4\u03b9 \u03bc\u03b5\u03c4\u03ac \u03c4\u03bf \u03c4\u03c1\u03af\u03c8\u03b9\u03bc\u03bf \u03b5\u03bd\u03cc\u03c2 \u03bd\u03c5\u03c7\u03b9\u03bf\u03cd, \u03b7 \u03ac\u03ba\u03c1\u03b7 \u03c4\u03bf\u03c5 \u03c4\u03b1\u03bc\u03c0\u03bf\u03bd\u03b1\u03c1\u03af\u03c3\u03bc\u03b1\u03c4\u03bf\u03c2 \u03b8\u03b1 \u03b5\u03af\u03c7\u03b5 \u03b3\u03b5\u03cd\u03c3\u03b7 \u03ba\u03b1\u03bc\u03ad\u03bd\u03bf\u03c5 \u03c6\u03c5\u03c4\u03b9\u03ba\u03bf\u03cd \u03c5\u03bb\u03b9\u03ba\u03bf\u03cd \u03bb\u03cc\u03b3\u03c9 \u03c4\u03b7\u03c2 \u03c5\u03c8\u03b7\u03bb\u03ae\u03c2 \u03c3\u03c5\u03b3\u03ba\u03ad\u03bd\u03c4\u03c1\u03c9\u03c3\u03b7\u03c2 \u03c6\u03c5\u03c4\u03b9\u03ba\u03bf\u03cd \u03c5\u03bb\u03b9\u03ba\u03bf\u03cd \u03c3\u03c4\u03bf \u03b4\u03b5\u03af\u03b3\u03bc\u03b1.<\/span><\/span><\/p>\n<p><span style=\"vertical-align: inherit;\"><span style=\"vertical-align: inherit;\">\u0391\u03c5\u03c4\u03cc \u03c4\u03bf \u03b4\u03b5\u03af\u03b3\u03bc\u03b1 \u03b5\u03c0\u03b9\u03ba\u03bf\u03bb\u03bb\u03ae\u03b8\u03b7\u03ba\u03b5 \u03c3\u03b5 \u03ba\u03b1\u03c1\u03c6\u03af \u03c4\u03b9\u03c4\u03b1\u03bd\u03af\u03bf\u03c5 \u03b1\u03c6\u03bf\u03cd \u03b1\u03c0\u03bf\u03b2\u03bb\u03ae\u03b8\u03b7\u03ba\u03b5. \u039f \u03b1\u03c0\u03b1\u03bb\u03cc\u03c2 \u03ba\u03b1\u03c0\u03bd\u03cc\u03c2 \u03ad\u03b4\u03b5\u03b9\u03be\u03b5 \u03cc\u03c4\u03b9 \u03bf \u03ba\u03b1\u03c4\u03b1\u03ba\u03b5\u03c1\u03bc\u03b1\u03c4\u03b9\u03c3\u03bc\u03cc\u03c2 \u03b5\u03af\u03c7\u03b5 \u03b4\u03bf\u03b8\u03b5\u03af \u03b1\u03c1\u03ba\u03b5\u03c4\u03cc\u03c2 \u03c7\u03c1\u03cc\u03bd\u03bf\u03c2 \u03b3\u03b9\u03b1 \u03bd\u03b1 \u03c3\u03c4\u03b5\u03b3\u03bd\u03ce\u03c3\u03b5\u03b9 \u03c0\u03c1\u03b9\u03bd \u03c0\u03bf\u03c5\u03bb\u03b7\u03b8\u03b5\u03af. \u03a4\u03bf \u03c7\u03b1\u03c3\u03af\u03c2 \u03bc\u03cc\u03bb\u03b9\u03c2 \u03ad\u03b2\u03b3\u03b1\u03b6\u03b5 \u03c6\u03c5\u03c3\u03b1\u03bb\u03af\u03b4\u03b5\u03c2 \u03bc\u03b5\u03c1\u03b9\u03ba\u03ad\u03c2 \u03c6\u03bf\u03c1\u03ad\u03c2 \u03ba\u03b1\u03b9 \u03c3\u03c4\u03b7 \u03c3\u03c5\u03bd\u03ad\u03c7\u03b5\u03b9\u03b1 \u03ad\u03ba\u03b1\u03c8\u03b5 \u03c4\u03bf \u03bd\u03cd\u03c7\u03b9 \u03bc\u03b1\u03cd\u03c1\u03bf \u03ba\u03b1\u03b9 \u03ba\u03b1\u03c6\u03ad, \u03c5\u03c0\u03bf\u03b4\u03b5\u03b9\u03ba\u03bd\u03cd\u03bf\u03bd\u03c4\u03b1\u03c2 \u03cc\u03c4\u03b9 \u03b4\u03b5\u03bd \u03ae\u03c4\u03b1\u03bd \u03b9\u03b4\u03b9\u03b1\u03af\u03c4\u03b5\u03c1\u03b1 \u03bb\u03b9\u03c9\u03bc\u03ad\u03bd\u03bf. \u0391\u03bd\u03c4\u03af \u03bd\u03b1 \u03c4\u03b1\u03bc\u03c0\u03bf\u03bd\u03ac\u03c1\u03b5\u03c4\u03b5, \u03c0\u03c1\u03bf\u03c4\u03b5\u03af\u03bd\u03bf\u03c5\u03bc\u03b5 \u03bd\u03b1 \u03c7\u03c1\u03b7\u03c3\u03b9\u03bc\u03bf\u03c0\u03bf\u03b9\u03ae\u03c3\u03b5\u03c4\u03b5 \u03b1\u03c5\u03c4\u03cc \u03c4\u03bf \u03b4\u03b5\u03af\u03b3\u03bc\u03b1 \u03c9\u03c2 \u03c5\u03bb\u03b9\u03ba\u03cc \u03ba\u03bf\u03bb\u03bf\u03c6\u03ce\u03bd\u03b9\u03bf\u03c5 \u03ae \u03c3\u03b5 \u03bc\u03c0\u03bf\u03bb \u03ae \u03ba\u03c5\u03bb\u03af\u03bd\u03b4\u03c1\u03bf\u03c5\u03c2, \u03bb\u03cc\u03b3\u03c9 \u03c4\u03b7\u03c2 \u03c0\u03bf\u03c3\u03cc\u03c4\u03b7\u03c4\u03b1\u03c2 \u03c6\u03c5\u03c4\u03b9\u03ba\u03bf\u03cd \u03c5\u03bb\u03b9\u03ba\u03bf\u03cd \u03c0\u03bf\u03c5 \u03bc\u03ad\u03bd\u03b5\u03b9 \u03c3\u03c4\u03bf \u03bd\u03cd\u03c7\u03b9 \u03bc\u03b5\u03c4\u03ac \u03c4\u03bf \u03c4\u03b1\u03bc\u03c0\u03bf\u03bd\u03ac\u03c1\u03b9\u03c3\u03bc\u03b1.<\/span><\/span><\/p>\n<h3><strong><span style=\"vertical-align: inherit;\"><span style=\"vertical-align: inherit;\">\u0395\u03c0\u03b9\u03c0\u03c4\u03ce\u03c3\u03b5\u03b9\u03c2<\/span><\/span><\/strong><\/h3>\n<p><span style=\"vertical-align: inherit;\"><span style=\"vertical-align: inherit;\">\u038c\u03c3\u03bf\u03bd \u03b1\u03c6\u03bf\u03c1\u03ac \u03c4\u03bf bubble hash, \u03bf\u03b9 \u03c3\u03c5\u03bd\u03ad\u03c0\u03b5\u03b9\u03b5\u03c2 \u03ae\u03c4\u03b1\u03bd \u03c0\u03c1\u03b1\u03b3\u03bc\u03b1\u03c4\u03b9\u03ba\u03ac \u03b5\u03bb\u03ac\u03c7\u03b9\u03c3\u03c4\u03b5\u03c2. \u03a4\u03bf \u03b4\u03b5\u03af\u03b3\u03bc\u03b1 \u03b4\u03b5\u03bd \u03ba\u03b1\u03b8\u03cc\u03c1\u03b9\u03b6\u03b5 \u03c4\u03b7\u03bd \u03c0\u03c1\u03ce\u03c4\u03b7 \u03cd\u03bb\u03b7, \u03b1\u03bb\u03bb\u03ac \u03bb\u03cc\u03b3\u03c9 \u03c4\u03b7\u03c2 \u03c0\u03b9\u03bf \u03ae\u03c0\u03b9\u03b1\u03c2 \u03b3\u03b5\u03cd\u03c3\u03b7\u03c2 \u03ba\u03b1\u03b9 \u03c4\u03b7\u03c2 \u03b1\u03bd\u03c4\u03bf\u03c7\u03ae\u03c2 \u03c4\u03bf\u03c5, \u03c0\u03b9\u03b8\u03b1\u03bd\u03cc\u03c4\u03b1\u03c4\u03b1 \u03ba\u03b1\u03c4\u03b1\u03c3\u03ba\u03b5\u03c5\u03ac\u03c3\u03c4\u03b7\u03ba\u03b5 \u03b1\u03c0\u03cc \u03b1\u03c0\u03bf\u03be\u03b7\u03c1\u03b1\u03bc\u03ad\u03bd\u03b1 \u03b1\u03c0\u03cc\u03b2\u03bb\u03b7\u03c4\u03b1. \u03a4\u03bf \u03c4\u03c5\u03c0\u03b9\u03ba\u03cc \u03b2\u03bf\u03c5\u03b7\u03c4\u03cc \u03c4\u03b7\u03c2 sativa \u03c0\u03af\u03c3\u03c9 \u03b1\u03c0\u03cc \u03c4\u03b1 \u03bc\u03ac\u03c4\u03b9\u03b1 \u03b3\u03af\u03bd\u03b5\u03c4\u03b1\u03b9 \u03b1\u03b9\u03c3\u03b8\u03b7\u03c4\u03cc \u03b1\u03bc\u03ad\u03c3\u03c9\u03c2 \u03ba\u03b1\u03b8\u03ce\u03c2 \u03c4\u03b1 \u03b1\u03c0\u03bf\u03c4\u03b5\u03bb\u03ad\u03c3\u03bc\u03b1\u03c4\u03b1 \u03b5\u03c0\u03b9\u03ba\u03c1\u03b1\u03c4\u03bf\u03cd\u03bd \u03c3\u03c4\u03bf \u03ba\u03b5\u03c6\u03ac\u03bb\u03b9. \u03a4\u03bf \u03ba\u03cc\u03c8\u03b9\u03bc\u03bf \u03c4\u03bf\u03c5 Tangie \u03ae\u03c4\u03b1\u03bd \u03ad\u03bd\u03b1 \u03c5\u03b2\u03c1\u03af\u03b4\u03b9\u03bf sativa \u03c0\u03bf\u03c5 \u03ad\u03b4\u03b9\u03bd\u03b5 \u03c3\u03c4\u03bf\u03c5\u03c2 \u03c7\u03c1\u03ae\u03c3\u03c4\u03b5\u03c2 \u03bc\u03b9\u03b1 \u03b5\u03bb\u03b1\u03c6\u03c1\u03b9\u03ac \u03b1\u03af\u03c3\u03b8\u03b7\u03c3\u03b7 \u03bc\u03c5\u03c1\u03bc\u03b7\u03b3\u03ba\u03b9\u03ac\u03c3\u03bc\u03b1\u03c4\u03bf\u03c2 \u03c3\u03b5 \u03cc\u03bb\u03bf \u03c4\u03bf \u03c3\u03ce\u03bc\u03b1. \u03c0\u03c1\u03b9\u03bd \u03c0\u03bf\u03c5\u03bb\u03b7\u03b8\u03b5\u03af. \u039f \u03ba\u03b1\u03c4\u03b1\u03ba\u03b5\u03c1\u03bc\u03b1\u03c4\u03b9\u03c3\u03bc\u03cc\u03c2 \u03c6\u03c5\u03c3\u03b1\u03bb\u03af\u03b4\u03b5\u03c2 \u03bc\u03cc\u03bd\u03bf \u03bc\u03b5\u03c1\u03b9\u03ba\u03ad\u03c2 \u03c6\u03bf\u03c1\u03ad\u03c2 \u03ba\u03b1\u03b9 \u03c3\u03c4\u03b7 \u03c3\u03c5\u03bd\u03ad\u03c7\u03b5\u03b9\u03b1 \u03ad\u03ba\u03b1\u03c8\u03b5 \u03c4\u03bf \u03bd\u03cd\u03c7\u03b9 \u03bc\u03b1\u03cd\u03c1\u03bf \u03ba\u03b1\u03b9 \u03ba\u03b1\u03c6\u03ad, \u03c5\u03c0\u03bf\u03b4\u03b5\u03b9\u03ba\u03bd\u03cd\u03bf\u03bd\u03c4\u03b1\u03c2 \u03cc\u03c4\u03b9 \u03b4\u03b5\u03bd \u03ae\u03c4\u03b1\u03bd \u03b9\u03b4\u03b9\u03b1\u03af\u03c4\u03b5\u03c1\u03b1 \u03bb\u03b9\u03c9\u03bc\u03ad\u03bd\u03bf. \u03a3\u03c5\u03bd\u03b9\u03c3\u03c4\u03bf\u03cd\u03bc\u03b5 \u03bd\u03b1 \u03b5\u03c6\u03b1\u03c1\u03bc\u03cc\u03c3\u03b5\u03c4\u03b5 \u03b1\u03c5\u03c4\u03ae\u03bd \u03c4\u03b7\u03bd \u03c0\u03c1\u03bf\u03c3\u03b8\u03ae\u03ba\u03b7 \u03c3\u03c4\u03bf \u03ba\u03b5\u03c6\u03ac\u03bb\u03b9 \u03bb\u03cc\u03b3\u03c9 \u03c4\u03b7\u03c2 \u03c0\u03bf\u03c3\u03cc\u03c4\u03b7\u03c4\u03b1\u03c2 \u03c6\u03c5\u03c4\u03b9\u03ba\u03bf\u03cd \u03c5\u03bb\u03b9\u03ba\u03bf\u03cd \u03c0\u03bf\u03c5 \u03c0\u03b1\u03c1\u03b1\u03bc\u03ad\u03bd\u03b5\u03b9 \u03b1\u03ba\u03cc\u03bc\u03b1 \u03c3\u03c4\u03bf \u03bd\u03cd\u03c7\u03b9 \u03bc\u03b5\u03c4\u03ac \u03c4\u03bf \u03c4\u03b1\u03bc\u03c0\u03bf\u03bd\u03ac\u03c1\u03b9\u03c3\u03bc\u03b1. \u03a4\u03bf \u03b4\u03b5\u03af\u03b3\u03bc\u03b1 \u03c0\u03b1\u03c1\u03ae\u03b3\u03b1\u03b3\u03b5 \u03ad\u03bd\u03b1 \u03b5\u03be\u03b1\u03b9\u03c1\u03b5\u03c4\u03b9\u03ba\u03ac \u03c7\u03c1\u03ae\u03c3\u03b9\u03bc\u03bf \u03b1\u03c0\u03bf\u03c4\u03ad\u03bb\u03b5\u03c3\u03bc\u03b1, \u03b5\u03be\u03b1\u03b9\u03c1\u03b5\u03c4\u03b9\u03ba\u03cc \u03b3\u03b9\u03b1 \u03bd\u03b1 \u03c3\u03c5\u03bd\u03b5\u03c7\u03af\u03c3\u03b5\u03b9 \u03bd\u03b1 \u03b5\u03af\u03bd\u03b1\u03b9 \u03c0\u03b1\u03c1\u03b1\u03b3\u03c9\u03b3\u03b9\u03ba\u03cc \u03ba\u03b1\u03b9 \u03b1\u03c1\u03ba\u03b5\u03c4\u03ac \u03be\u03b5\u03ba\u03ac\u03b8\u03b1\u03c1\u03bf. \u03a0\u03b9\u03c3\u03c4\u03b5\u03cd\u03bf\u03c5\u03bc\u03b5 \u03cc\u03c4\u03b9 \u03b1\u03c5\u03c4\u03cc \u03c4\u03bf \u03c0\u03c1\u03bf\u03ca\u03cc\u03bd \u03b8\u03b1 \u03ae\u03c4\u03b1\u03bd \u03c6\u03b1\u03bd\u03c4\u03b1\u03c3\u03c4\u03b9\u03ba\u03cc \u03b3\u03b9\u03b1 \u03cc\u03c3\u03bf\u03c5\u03c2 \u03b8\u03ad\u03bb\u03bf\u03c5\u03bd \u03bd\u03b1 \u03b5\u03bc\u03c0\u03bd\u03ad\u03bf\u03bd\u03c4\u03b1\u03b9 \u03ba\u03b1\u03b8' \u03cc\u03bb\u03b7 \u03c4\u03b7 \u03b4\u03b9\u03ac\u03c1\u03ba\u03b5\u03b9\u03b1 \u03c4\u03b7\u03c2 \u03b7\u03bc\u03ad\u03c1\u03b1\u03c2 \u03b3\u03b9\u03b1 \u03bd\u03b1 \u03c0\u03b1\u03c1\u03b1\u03bc\u03b5\u03af\u03bd\u03bf\u03c5\u03bd \u03c0\u03b1\u03c1\u03b1\u03b3\u03c9\u03b3\u03b9\u03ba\u03bf\u03af \u03ba\u03b1\u03b9 \u03b8\u03b5\u03c4\u03b9\u03ba\u03bf\u03af, \u03b1\u03bd \u03ba\u03b1\u03b9 \u03b4\u03b5\u03bd \u03b5\u03af\u03bc\u03b1\u03c3\u03c4\u03b5 \u03b5\u03b9\u03b4\u03b9\u03ba\u03bf\u03af \u03b3\u03b9\u03b1\u03c4\u03c1\u03bf\u03af.<\/span><\/span><\/p>","protected":false},"excerpt":{"rendered":"<p>Buy Tangie Hash Online Look This sample had a brown hue and a dark gold color, which is usually an indication of some plant material remaining in the hash. This batch appears to have been sieved for drying purposes; it had the consistency of large sand pellets (as opposed to microplaned or freeze-dried sand). For&hellip;<\/p>","protected":false},"featured_media":4539,"comment_status":"open","ping_status":"closed","template":"","meta":{"_joinchat":[]},"product_cat":[474],"product_tag":[],"class_list":{"0":"post-4483","1":"product","2":"type-product","3":"status-publish","4":"has-post-thumbnail","6":"product_cat-haschisch","8":"first","9":"instock","10":"shipping-taxable","11":"purchasable","12":"product-type-variable","13":"col-xs-6 col-sm-4","14":"col-md-3 col-lg-3","15":"un-4-cols"},"yoast_head":"<!-- This site is optimized with the Yoast SEO plugin v23.8 - https:\/\/yoast.com\/wordpress\/plugins\/seo\/ -->\n<title>Tangie Hash \u00e0 vendre - Achetez Tangie Hash en ligne<\/title>\n<meta name=\"description\" content=\"D\u00e9couvrez notre boutique en ligne de haschisch Tangie \u00e0 vendre, proposant du haschisch Tangie de haute qualit\u00e9. Achetez du haschisch Tangie en ligne en toute s\u00e9curit\u00e9 et lancez-vous dans votre recherche en toute confiance.\" \/>\n<meta name=\"robots\" content=\"index, follow, max-snippet:-1, max-image-preview:large, max-video-preview:-1\" \/>\n<link rel=\"canonical\" href=\"https:\/\/poudresdenarco.com\/el\/\u03c0\u03c1\u03bf\u03ca\u03cc\u03bd\/\u03c7\u03b1\u03c3\u03af\u03c2-\u03bc\u03b5-\u03c4\u03b1\u03b3\u03ba\u03af\/\" \/>\n<meta property=\"og:locale\" content=\"el_GR\" \/>\n<meta property=\"og:type\" content=\"article\" \/>\n<meta property=\"og:title\" content=\"Tangie Hash \u00e0 vendre - Achetez Tangie Hash en ligne\" \/>\n<meta property=\"og:description\" content=\"D\u00e9couvrez notre boutique en ligne de haschisch Tangie \u00e0 vendre, proposant du haschisch Tangie de haute qualit\u00e9. Achetez du haschisch Tangie en ligne en toute s\u00e9curit\u00e9 et lancez-vous dans votre recherche en toute confiance.\" \/>\n<meta property=\"og:url\" content=\"https:\/\/poudresdenarco.com\/el\/\u03c0\u03c1\u03bf\u03ca\u03cc\u03bd\/\u03c7\u03b1\u03c3\u03af\u03c2-\u03bc\u03b5-\u03c4\u03b1\u03b3\u03ba\u03af\/\" \/>\n<meta property=\"og:site_name\" content=\"Poudresde Narco\" \/>\n<meta property=\"article:modified_time\" content=\"2025-06-10T06:38:28+00:00\" \/>\n<meta property=\"og:image\" content=\"https:\/\/poudresdenarco.com\/wp-content\/uploads\/2024\/01\/TANGIE-HASH.jpg\" \/>\n\t<meta property=\"og:image:width\" content=\"600\" \/>\n\t<meta property=\"og:image:height\" content=\"600\" \/>\n\t<meta property=\"og:image:type\" content=\"image\/jpeg\" \/>\n<meta name=\"twitter:card\" content=\"summary_large_image\" \/>\n<meta name=\"twitter:label1\" content=\"\u0395\u03ba\u03c4\u03b9\u03bc\u03ce\u03bc\u03b5\u03bd\u03bf\u03c2 \u03c7\u03c1\u03cc\u03bd\u03bf\u03c2 \u03b1\u03bd\u03ac\u03b3\u03bd\u03c9\u03c3\u03b7\u03c2\" \/>\n\t<meta name=\"twitter:data1\" content=\"3 \u03bb\u03b5\u03c0\u03c4\u03ac\" \/>\n<script type=\"application\/ld+json\" class=\"yoast-schema-graph\">{\"@context\":\"https:\/\/schema.org\",\"@graph\":[{\"@type\":\"WebPage\",\"@id\":\"https:\/\/poudresdenarco.com\/produit\/tangie-hash\/\",\"url\":\"https:\/\/poudresdenarco.com\/produit\/tangie-hash\/\",\"name\":\"Tangie Hash \u00e0 vendre - Achetez Tangie Hash en ligne\",\"isPartOf\":{\"@id\":\"https:\/\/poudresdenarco.com\/#website\"},\"primaryImageOfPage\":{\"@id\":\"https:\/\/poudresdenarco.com\/produit\/tangie-hash\/#primaryimage\"},\"image\":{\"@id\":\"https:\/\/poudresdenarco.com\/produit\/tangie-hash\/#primaryimage\"},\"thumbnailUrl\":\"https:\/\/poudresdenarco.com\/wp-content\/uploads\/2024\/01\/TANGIE-HASH.jpg\",\"datePublished\":\"2024-01-02T11:19:47+00:00\",\"dateModified\":\"2025-06-10T06:38:28+00:00\",\"description\":\"D\u00e9couvrez notre boutique en ligne de haschisch Tangie \u00e0 vendre, proposant du haschisch Tangie de haute qualit\u00e9. Achetez du haschisch Tangie en ligne en toute s\u00e9curit\u00e9 et lancez-vous dans votre recherche en toute confiance.\",\"breadcrumb\":{\"@id\":\"https:\/\/poudresdenarco.com\/produit\/tangie-hash\/#breadcrumb\"},\"inLanguage\":\"el\",\"potentialAction\":[{\"@type\":\"ReadAction\",\"target\":[\"https:\/\/poudresdenarco.com\/produit\/tangie-hash\/\"]}]},{\"@type\":\"ImageObject\",\"inLanguage\":\"el\",\"@id\":\"https:\/\/poudresdenarco.com\/produit\/tangie-hash\/#primaryimage\",\"url\":\"https:\/\/poudresdenarco.com\/wp-content\/uploads\/2024\/01\/TANGIE-HASH.jpg\",\"contentUrl\":\"https:\/\/poudresdenarco.com\/wp-content\/uploads\/2024\/01\/TANGIE-HASH.jpg\",\"width\":600,\"height\":600,\"caption\":\"Achetez TANGIE-HASH en ligne\"},{\"@type\":\"BreadcrumbList\",\"@id\":\"https:\/\/poudresdenarco.com\/produit\/tangie-hash\/#breadcrumb\",\"itemListElement\":[{\"@type\":\"ListItem\",\"position\":1,\"name\":\"Home\",\"item\":\"https:\/\/poudresdenarco.com\/\"},{\"@type\":\"ListItem\",\"position\":2,\"name\":\"Boutique\",\"item\":\"https:\/\/poudresdenarco.com\/boutique\/\"},{\"@type\":\"ListItem\",\"position\":3,\"name\":\"Tangie Hash\"}]},{\"@type\":\"WebSite\",\"@id\":\"https:\/\/poudresdenarco.com\/#website\",\"url\":\"https:\/\/poudresdenarco.com\/\",\"name\":\"Poudresde Narco\",\"description\":\"Acheter de la coca\u00efne et de l&#039;h\u00e9ro\u00efne en ligne\",\"potentialAction\":[{\"@type\":\"SearchAction\",\"target\":{\"@type\":\"EntryPoint\",\"urlTemplate\":\"https:\/\/poudresdenarco.com\/?s={search_term_string}\"},\"query-input\":{\"@type\":\"PropertyValueSpecification\",\"valueRequired\":true,\"valueName\":\"search_term_string\"}}],\"inLanguage\":\"el\"}]}<\/script>\n<!-- \/ Yoast SEO plugin. -->","yoast_head_json":{"title":"Tangie Hash \u00e0 vendre - Achetez Tangie Hash en ligne","description":"D\u00e9couvrez notre boutique en ligne de haschisch Tangie \u00e0 vendre, proposant du haschisch Tangie de haute qualit\u00e9. Achetez du haschisch Tangie en ligne en toute s\u00e9curit\u00e9 et lancez-vous dans votre recherche en toute confiance.","robots":{"index":"index","follow":"follow","max-snippet":"max-snippet:-1","max-image-preview":"max-image-preview:large","max-video-preview":"max-video-preview:-1"},"canonical":"https:\/\/poudresdenarco.com\/el\/\u03c0\u03c1\u03bf\u03ca\u03cc\u03bd\/\u03c7\u03b1\u03c3\u03af\u03c2-\u03bc\u03b5-\u03c4\u03b1\u03b3\u03ba\u03af\/","og_locale":"el_GR","og_type":"article","og_title":"Tangie Hash \u00e0 vendre - Achetez Tangie Hash en ligne","og_description":"D\u00e9couvrez notre boutique en ligne de haschisch Tangie \u00e0 vendre, proposant du haschisch Tangie de haute qualit\u00e9. Achetez du haschisch Tangie en ligne en toute s\u00e9curit\u00e9 et lancez-vous dans votre recherche en toute confiance.","og_url":"https:\/\/poudresdenarco.com\/el\/\u03c0\u03c1\u03bf\u03ca\u03cc\u03bd\/\u03c7\u03b1\u03c3\u03af\u03c2-\u03bc\u03b5-\u03c4\u03b1\u03b3\u03ba\u03af\/","og_site_name":"Poudresde Narco","article_modified_time":"2025-06-10T06:38:28+00:00","og_image":[{"width":600,"height":600,"url":"https:\/\/poudresdenarco.com\/wp-content\/uploads\/2024\/01\/TANGIE-HASH.jpg","type":"image\/jpeg"}],"twitter_card":"summary_large_image","twitter_misc":{"\u0395\u03ba\u03c4\u03b9\u03bc\u03ce\u03bc\u03b5\u03bd\u03bf\u03c2 \u03c7\u03c1\u03cc\u03bd\u03bf\u03c2 \u03b1\u03bd\u03ac\u03b3\u03bd\u03c9\u03c3\u03b7\u03c2":"3 \u03bb\u03b5\u03c0\u03c4\u03ac"},"schema":{"@context":"https:\/\/schema.org","@graph":[{"@type":"WebPage","@id":"https:\/\/poudresdenarco.com\/produit\/tangie-hash\/","url":"https:\/\/poudresdenarco.com\/produit\/tangie-hash\/","name":"Tangie Hash \u00e0 vendre - Achetez Tangie Hash en ligne","isPartOf":{"@id":"https:\/\/poudresdenarco.com\/#website"},"primaryImageOfPage":{"@id":"https:\/\/poudresdenarco.com\/produit\/tangie-hash\/#primaryimage"},"image":{"@id":"https:\/\/poudresdenarco.com\/produit\/tangie-hash\/#primaryimage"},"thumbnailUrl":"https:\/\/poudresdenarco.com\/wp-content\/uploads\/2024\/01\/TANGIE-HASH.jpg","datePublished":"2024-01-02T11:19:47+00:00","dateModified":"2025-06-10T06:38:28+00:00","description":"D\u00e9couvrez notre boutique en ligne de haschisch Tangie \u00e0 vendre, proposant du haschisch Tangie de haute qualit\u00e9. Achetez du haschisch Tangie en ligne en toute s\u00e9curit\u00e9 et lancez-vous dans votre recherche en toute confiance.","breadcrumb":{"@id":"https:\/\/poudresdenarco.com\/produit\/tangie-hash\/#breadcrumb"},"inLanguage":"el","potentialAction":[{"@type":"ReadAction","target":["https:\/\/poudresdenarco.com\/produit\/tangie-hash\/"]}]},{"@type":"ImageObject","inLanguage":"el","@id":"https:\/\/poudresdenarco.com\/produit\/tangie-hash\/#primaryimage","url":"https:\/\/poudresdenarco.com\/wp-content\/uploads\/2024\/01\/TANGIE-HASH.jpg","contentUrl":"https:\/\/poudresdenarco.com\/wp-content\/uploads\/2024\/01\/TANGIE-HASH.jpg","width":600,"height":600,"caption":"Achetez TANGIE-HASH en ligne"},{"@type":"BreadcrumbList","@id":"https:\/\/poudresdenarco.com\/produit\/tangie-hash\/#breadcrumb","itemListElement":[{"@type":"ListItem","position":1,"name":"Home","item":"https:\/\/poudresdenarco.com\/"},{"@type":"ListItem","position":2,"name":"Boutique","item":"https:\/\/poudresdenarco.com\/boutique\/"},{"@type":"ListItem","position":3,"name":"Tangie Hash"}]},{"@type":"WebSite","@id":"https:\/\/poudresdenarco.com\/#website","url":"https:\/\/poudresdenarco.com\/","name":"Poudresde Narco","description":"Acheter de la coca\u00efne et de l&#039;h\u00e9ro\u00efne en ligne","potentialAction":[{"@type":"SearchAction","target":{"@type":"EntryPoint","urlTemplate":"https:\/\/poudresdenarco.com\/?s={search_term_string}"},"query-input":{"@type":"PropertyValueSpecification","valueRequired":true,"valueName":"search_term_string"}}],"inLanguage":"el"}]}},"_links":{"self":[{"href":"https:\/\/poudresdenarco.com\/el\/wp-json\/wp\/v2\/product\/4483","targetHints":{"allow":["GET"]}}],"collection":[{"href":"https:\/\/poudresdenarco.com\/el\/wp-json\/wp\/v2\/product"}],"about":[{"href":"https:\/\/poudresdenarco.com\/el\/wp-json\/wp\/v2\/types\/product"}],"replies":[{"embeddable":true,"href":"https:\/\/poudresdenarco.com\/el\/wp-json\/wp\/v2\/comments?post=4483"}],"wp:featuredmedia":[{"embeddable":true,"href":"https:\/\/poudresdenarco.com\/el\/wp-json\/wp\/v2\/media\/4539"}],"wp:attachment":[{"href":"https:\/\/poudresdenarco.com\/el\/wp-json\/wp\/v2\/media?parent=4483"}],"wp:term":[{"taxonomy":"product_cat","embeddable":true,"href":"https:\/\/poudresdenarco.com\/el\/wp-json\/wp\/v2\/product_cat?post=4483"},{"taxonomy":"product_tag","embeddable":true,"href":"https:\/\/poudresdenarco.com\/el\/wp-json\/wp\/v2\/product_tag?post=4483"}],"curies":[{"name":"wp","href":"https:\/\/api.w.org\/{rel}","templated":true}]}}