{"id":4946,"date":"2024-10-16T11:22:27","date_gmt":"2024-10-16T11:22:27","guid":{"rendered":"https:\/\/poudresdenarco.com\/?post_type=product&#038;p=4946"},"modified":"2024-12-23T09:59:24","modified_gmt":"2024-12-23T09:59:24","slug":"4cmc","status":"publish","type":"product","link":"https:\/\/poudresdenarco.com\/el\/\u03c0\u03c1\u03bf\u03ca\u03cc\u03bd\/4cmc\/","title":{"rendered":"4cmc"},"content":{"rendered":"<h2>Acheter 4 cristaux CMC en ligne<\/h2>\n<p><a href=\"https:\/\/poudresdenarco.com\/el\/\u03c0\u03c1\u03bf\u03ca\u03cc\u03bd\/4cmc\/\">4- Les cristaux CMC<\/a> sont \u00e9galement vendus sous le nom de cl\u00e9ph\u00e9drone, cette nouvelle poudre est facilement disponible<br \/>\nDe nombreuses demandes ont \u00e9t\u00e9 formul\u00e9es pour ce produit, et nous sommes heureux de pouvoir enfin proposer \u00e0 nos clients cet excellent produit Acheter 4-CMC<a href=\"https:\/\/k2spices.com\/fr\/categorie-de-produits-2\/poudre-dencens-k2\/\">.<\/a><\/p>\n<p>4-Il est pr\u00e9vu que les cristaux CMC auront des effets similaires \u00e0 ceux de la m\u00e9ph\u00e9drone et d&rsquo;autres compos\u00e9s de recherche appartenant \u00e0 la classe des ph\u00e9nones.<\/p>\n<p>Les consommateurs qui ach\u00e8tent ce nouveau produit passionnant recevront des cristaux de riz du plus haut calibre<\/p>\n<p>Comme d&rsquo;habitude, lorsque vous faites vos achats, vous pouvez compter sur le fait d&rsquo;obtenir uniquement les meilleurs produits et le meilleur service client du secteur.<\/p>\n<h3>Informations chimiques<\/h3>\n<p>Cristaux de 4-CMC 1-(4-chloroph\u00e9nyl)-2-(m\u00e9thylamino)propan-1-one<\/p>\n<p>Num\u00e9ro CAS\u00a0: 842212-02-1<\/p>\n<p>Masse en mol\u00e9cules\u00a0: 197,661\u00a0g\/mol<\/p>\n<p>La formule chimique est C10H12ClNO.<\/p>\n<p>Notez que l&rsquo;exp\u00e9dition par courrier express est disponible pour ce produit dans tous les pays.<\/p>\n<p><strong>cheter du 4-CMC de Haute Puret\u00e9 pour la Recherche &#8211; Poudres de Narco<\/strong><\/p>\n<p>\u0397 Poudres de Narco \u03b5\u03af\u03bd\u03b1\u03b9 \u03b1\u03be\u03b9\u03cc\u03c0\u03b9\u03c3\u03c4\u03bf\u03c2 \u03c0\u03c1\u03bf\u03bc\u03b7\u03b8\u03b5\u03c5\u03c4\u03ae\u03c2 \u03b3\u03b9\u03b1 \u03c4\u03b7\u03bd <strong>4-CMC de qualit\u00e9 recherche<\/strong>\u03c3\u03c7\u03b5\u03b4\u03b9\u03b1\u03c3\u03bc\u03ad\u03bd\u03bf \u03b1\u03c0\u03bf\u03ba\u03bb\u03b5\u03b9\u03c3\u03c4\u03b9\u03ba\u03ac \u03b3\u03b9\u03b1 <strong>\u03b5\u03c0\u03b9\u03c3\u03c4\u03b7\u03bc\u03bf\u03bd\u03b9\u03ba\u03ad\u03c2 \u03b5\u03c1\u03b3\u03b1\u03c3\u03c4\u03b7\u03c1\u03b9\u03b1\u03ba\u03ad\u03c2 \u03b5\u03c6\u03b1\u03c1\u03bc\u03bf\u03b3\u03ad\u03c2<\/strong>. Notre 4-CMC est produit selon des normes strictes de puret\u00e9, garantissant des r\u00e9sultats fiables pour les chercheurs en chimie et en pharmacologie.<\/p>\n<h3>Pourquoi Choisir le 4-CMC de Poudres de Narco ?<\/h3>\n<p>\u03a9\u03c2 <strong>fournisseur de 4-CMC pour la recherche<\/strong>, nous assurons des standards \u00e9lev\u00e9s de qualit\u00e9 et de s\u00e9curit\u00e9\u202f:<\/p>\n<ul>\n<li><strong>4-CMC de Haute Puret\u00e9<\/strong> : Chaque lot est test\u00e9 rigoureusement pour garantir une puret\u00e9 optimale, essentielle pour des recherches pr\u00e9cises.<\/li>\n<li><strong>\u03a3\u03c4\u03b1\u03b8\u03b5\u03c1\u03ae \u03c0\u03bf\u03b9\u03cc\u03c4\u03b7\u03c4\u03b1<\/strong> : Notre 4-CMC est formul\u00e9 pour offrir des performances stables et fiables en laboratoire.<\/li>\n<li><strong>\u0391\u03c3\u03c6\u03b1\u03bb\u03ae\u03c2 \u03c0\u03b1\u03c1\u03b1\u03b3\u03b3\u03b5\u03bb\u03af\u03b1<\/strong> : \u0394\u03b9\u03b5\u03c5\u03ba\u03bf\u03bb\u03cd\u03bd\u03bf\u03c5\u03bc\u03b5 \u03c4\u03b7\u03bd<strong>achat de 4-CMC pour applications de laboratoire<\/strong> \u03bc\u03b5 \u03bc\u03b9\u03b1 \u03b1\u03c3\u03c6\u03b1\u03bb\u03ae \u03ba\u03b1\u03b9 \u03b5\u03bc\u03c0\u03b9\u03c3\u03c4\u03b5\u03c5\u03c4\u03b9\u03ba\u03ae \u03b4\u03b9\u03b1\u03b4\u03b9\u03ba\u03b1\u03c3\u03af\u03b1 \u03c0\u03b1\u03c1\u03b1\u03b3\u03b3\u03b5\u03bb\u03af\u03b1\u03c2.<\/li>\n<\/ul>\n<h3>\u0395\u03c6\u03b1\u03c1\u03bc\u03bf\u03b3\u03ad\u03c2 \u03ba\u03b1\u03b9 \u03bf\u03b4\u03b7\u03b3\u03af\u03b5\u03c2 \u03b1\u03c3\u03c6\u03b1\u03bb\u03b5\u03af\u03b1\u03c2<\/h3>\n<p>Le <strong>4-CMC<\/strong> de Poudres de Narco \u03c0\u03c1\u03bf\u03bf\u03c1\u03af\u03b6\u03b5\u03c4\u03b1\u03b9 \u03b3\u03b9\u03b1 <strong>\u03b5\u03c6\u03b1\u03c1\u03bc\u03bf\u03b3\u03ad\u03c2 \u03b5\u03c1\u03b3\u03b1\u03c3\u03c4\u03b7\u03c1\u03b9\u03b1\u03ba\u03ae\u03c2 \u03ad\u03c1\u03b5\u03c5\u03bd\u03b1\u03c2<\/strong>. Pour garantir un usage s\u00fbr et conforme, nous fournissons des consignes d\u00e9taill\u00e9es\u202f:<\/p>\n<ul>\n<li><strong>\u0391\u03c3\u03c6\u03b1\u03bb\u03ae\u03c2 \u03b1\u03c0\u03bf\u03b8\u03ae\u03ba\u03b5\u03c5\u03c3\u03b7<\/strong> : Conservez le 4-CMC dans un endroit frais, sec, et \u00e0 l\u2019abri de la lumi\u00e8re.<\/li>\n<li><strong>\u03a7\u03b5\u03b9\u03c1\u03b9\u03c3\u03bc\u03cc\u03c2 \u03bc\u03b5 \u03c0\u03c1\u03bf\u03c6\u03c5\u03bb\u03ac\u03be\u03b5\u03b9\u03c2<\/strong> : Portez des \u00e9quipements de protection individuelle (EPI) et travaillez dans des espaces bien ventil\u00e9s.<\/li>\n<li><strong>\u03a7\u03c1\u03ae\u03c3\u03b7 \u03b1\u03c0\u03bf\u03ba\u03bb\u03b5\u03b9\u03c3\u03c4\u03b9\u03ba\u03ac \u03b3\u03b9\u03b1 \u03ad\u03c1\u03b5\u03c5\u03bd\u03b1<\/strong> : Ce produit est destin\u00e9 exclusivement aux laboratoires et aux chercheurs qualifi\u00e9s.<\/li>\n<\/ul>\n<h3>Commandez du 4-CMC pour Vos \u00c9tudes Scientifiques<\/h3>\n<p>\u039c\u03b5 \u03c4\u03bf Poudres de Narco, \u03b5\u03c0\u03c9\u03c6\u03b5\u03bb\u03b7\u03b8\u03b5\u03af\u03c4\u03b5 \u03b1\u03c0\u03cc \u03ad\u03bd\u03b1 <strong>approvisionnement fiable en 4-CMC de haute puret\u00e9<\/strong> pour toutes vos applications de recherche. <strong>\u0395\u03c0\u03b9\u03ba\u03bf\u03b9\u03bd\u03c9\u03bd\u03ae\u03c3\u03c4\u03b5 \u03bc\u03b1\u03b6\u03af \u03bc\u03b1\u03c2<\/strong> pour obtenir un devis ou pour en savoir plus sur notre gamme de produits pour laboratoires.<\/p>","protected":false},"excerpt":{"rendered":"<p>Acheter 4 cristaux CMC en ligne 4- Les cristaux CMC sont \u00e9galement vendus sous le nom de cl\u00e9ph\u00e9drone, cette nouvelle poudre est facilement disponible De nombreuses demandes ont \u00e9t\u00e9 formul\u00e9es pour ce produit, et nous sommes heureux de pouvoir enfin proposer \u00e0 nos clients cet excellent produit Acheter 4-CMC. 4-Il est pr\u00e9vu que les cristaux&hellip;<\/p>","protected":false},"featured_media":6157,"comment_status":"closed","ping_status":"closed","template":"","meta":{"_joinchat":[]},"product_cat":[558,751],"product_tag":[],"class_list":{"0":"post-4946","1":"product","2":"type-product","3":"status-publish","4":"has-post-thumbnail","6":"product_cat-chimiques-de-recherche","7":"product_cat-stimulants","9":"first","10":"instock","11":"shipping-taxable","12":"purchasable","13":"product-type-variable","14":"col-xs-6 col-sm-4","15":"col-md-3 col-lg-3","16":"un-4-cols"},"yoast_head":"<!-- This site is optimized with the Yoast SEO plugin v23.8 - https:\/\/yoast.com\/wordpress\/plugins\/seo\/ -->\n<title>&quot;Acheter 4-CMC de Puret\u00e9 pour la Recherche | Poudres de Narco&quot;<\/title>\n<meta name=\"description\" content=\"Fournisseur de 4-CMC pour recherche en laboratoire. Puret\u00e9 et s\u00e9curit\u00e9 garanties pour applications scientifiques chez Poudres de Narco.\" \/>\n<meta name=\"robots\" content=\"index, follow, max-snippet:-1, max-image-preview:large, max-video-preview:-1\" \/>\n<link rel=\"canonical\" href=\"https:\/\/poudresdenarco.com\/el\/\u03c0\u03c1\u03bf\u03ca\u03cc\u03bd\/4cmc\/\" \/>\n<meta property=\"og:locale\" content=\"el_GR\" \/>\n<meta property=\"og:type\" content=\"article\" \/>\n<meta property=\"og:title\" content=\"&quot;Acheter 4-CMC de Puret\u00e9 pour la Recherche | Poudres de Narco&quot;\" \/>\n<meta property=\"og:description\" content=\"Fournisseur de 4-CMC pour recherche en laboratoire. Puret\u00e9 et s\u00e9curit\u00e9 garanties pour applications scientifiques chez Poudres de Narco.\" \/>\n<meta property=\"og:url\" content=\"https:\/\/poudresdenarco.com\/el\/\u03c0\u03c1\u03bf\u03ca\u03cc\u03bd\/4cmc\/\" \/>\n<meta property=\"og:site_name\" content=\"Poudresde Narco\" \/>\n<meta property=\"article:modified_time\" content=\"2024-12-23T09:59:24+00:00\" \/>\n<meta property=\"og:image\" content=\"https:\/\/poudresdenarco.com\/wp-content\/uploads\/2024\/10\/4cmc.gif\" \/>\n\t<meta property=\"og:image:width\" content=\"600\" \/>\n\t<meta property=\"og:image:height\" content=\"600\" \/>\n\t<meta property=\"og:image:type\" content=\"image\/gif\" \/>\n<meta name=\"twitter:card\" content=\"summary_large_image\" \/>\n<meta name=\"twitter:label1\" content=\"\u0395\u03ba\u03c4\u03b9\u03bc\u03ce\u03bc\u03b5\u03bd\u03bf\u03c2 \u03c7\u03c1\u03cc\u03bd\u03bf\u03c2 \u03b1\u03bd\u03ac\u03b3\u03bd\u03c9\u03c3\u03b7\u03c2\" \/>\n\t<meta name=\"twitter:data1\" content=\"3 \u03bb\u03b5\u03c0\u03c4\u03ac\" \/>\n<script type=\"application\/ld+json\" class=\"yoast-schema-graph\">{\"@context\":\"https:\/\/schema.org\",\"@graph\":[{\"@type\":\"WebPage\",\"@id\":\"https:\/\/poudresdenarco.com\/produit\/4cmc\/\",\"url\":\"https:\/\/poudresdenarco.com\/produit\/4cmc\/\",\"name\":\"\\\"Acheter 4-CMC de Puret\u00e9 pour la Recherche | Poudres de Narco\\\"\",\"isPartOf\":{\"@id\":\"https:\/\/poudresdenarco.com\/#website\"},\"primaryImageOfPage\":{\"@id\":\"https:\/\/poudresdenarco.com\/produit\/4cmc\/#primaryimage\"},\"image\":{\"@id\":\"https:\/\/poudresdenarco.com\/produit\/4cmc\/#primaryimage\"},\"thumbnailUrl\":\"https:\/\/poudresdenarco.com\/wp-content\/uploads\/2024\/10\/4cmc.gif\",\"datePublished\":\"2024-10-16T11:22:27+00:00\",\"dateModified\":\"2024-12-23T09:59:24+00:00\",\"description\":\"Fournisseur de 4-CMC pour recherche en laboratoire. Puret\u00e9 et s\u00e9curit\u00e9 garanties pour applications scientifiques chez Poudres de Narco.\",\"breadcrumb\":{\"@id\":\"https:\/\/poudresdenarco.com\/produit\/4cmc\/#breadcrumb\"},\"inLanguage\":\"el\",\"potentialAction\":[{\"@type\":\"ReadAction\",\"target\":[\"https:\/\/poudresdenarco.com\/produit\/4cmc\/\"]}]},{\"@type\":\"ImageObject\",\"inLanguage\":\"el\",\"@id\":\"https:\/\/poudresdenarco.com\/produit\/4cmc\/#primaryimage\",\"url\":\"https:\/\/poudresdenarco.com\/wp-content\/uploads\/2024\/10\/4cmc.gif\",\"contentUrl\":\"https:\/\/poudresdenarco.com\/wp-content\/uploads\/2024\/10\/4cmc.gif\",\"width\":600,\"height\":600,\"caption\":\"4cmc\"},{\"@type\":\"BreadcrumbList\",\"@id\":\"https:\/\/poudresdenarco.com\/produit\/4cmc\/#breadcrumb\",\"itemListElement\":[{\"@type\":\"ListItem\",\"position\":1,\"name\":\"Home\",\"item\":\"https:\/\/poudresdenarco.com\/\"},{\"@type\":\"ListItem\",\"position\":2,\"name\":\"Boutique\",\"item\":\"https:\/\/poudresdenarco.com\/boutique\/\"},{\"@type\":\"ListItem\",\"position\":3,\"name\":\"4cmc\"}]},{\"@type\":\"WebSite\",\"@id\":\"https:\/\/poudresdenarco.com\/#website\",\"url\":\"https:\/\/poudresdenarco.com\/\",\"name\":\"Poudresde Narco\",\"description\":\"Acheter de la coca\u00efne et de l&#039;h\u00e9ro\u00efne en ligne\",\"potentialAction\":[{\"@type\":\"SearchAction\",\"target\":{\"@type\":\"EntryPoint\",\"urlTemplate\":\"https:\/\/poudresdenarco.com\/?s={search_term_string}\"},\"query-input\":{\"@type\":\"PropertyValueSpecification\",\"valueRequired\":true,\"valueName\":\"search_term_string\"}}],\"inLanguage\":\"el\"}]}<\/script>\n<!-- \/ Yoast SEO plugin. -->","yoast_head_json":{"title":"\"Acheter 4-CMC de Puret\u00e9 pour la Recherche | Poudres de Narco\"","description":"Fournisseur de 4-CMC pour recherche en laboratoire. Puret\u00e9 et s\u00e9curit\u00e9 garanties pour applications scientifiques chez Poudres de Narco.","robots":{"index":"index","follow":"follow","max-snippet":"max-snippet:-1","max-image-preview":"max-image-preview:large","max-video-preview":"max-video-preview:-1"},"canonical":"https:\/\/poudresdenarco.com\/el\/\u03c0\u03c1\u03bf\u03ca\u03cc\u03bd\/4cmc\/","og_locale":"el_GR","og_type":"article","og_title":"\"Acheter 4-CMC de Puret\u00e9 pour la Recherche | Poudres de Narco\"","og_description":"Fournisseur de 4-CMC pour recherche en laboratoire. Puret\u00e9 et s\u00e9curit\u00e9 garanties pour applications scientifiques chez Poudres de Narco.","og_url":"https:\/\/poudresdenarco.com\/el\/\u03c0\u03c1\u03bf\u03ca\u03cc\u03bd\/4cmc\/","og_site_name":"Poudresde Narco","article_modified_time":"2024-12-23T09:59:24+00:00","og_image":[{"width":600,"height":600,"url":"https:\/\/poudresdenarco.com\/wp-content\/uploads\/2024\/10\/4cmc.gif","type":"image\/gif"}],"twitter_card":"summary_large_image","twitter_misc":{"\u0395\u03ba\u03c4\u03b9\u03bc\u03ce\u03bc\u03b5\u03bd\u03bf\u03c2 \u03c7\u03c1\u03cc\u03bd\u03bf\u03c2 \u03b1\u03bd\u03ac\u03b3\u03bd\u03c9\u03c3\u03b7\u03c2":"3 \u03bb\u03b5\u03c0\u03c4\u03ac"},"schema":{"@context":"https:\/\/schema.org","@graph":[{"@type":"WebPage","@id":"https:\/\/poudresdenarco.com\/produit\/4cmc\/","url":"https:\/\/poudresdenarco.com\/produit\/4cmc\/","name":"\"Acheter 4-CMC de Puret\u00e9 pour la Recherche | Poudres de Narco\"","isPartOf":{"@id":"https:\/\/poudresdenarco.com\/#website"},"primaryImageOfPage":{"@id":"https:\/\/poudresdenarco.com\/produit\/4cmc\/#primaryimage"},"image":{"@id":"https:\/\/poudresdenarco.com\/produit\/4cmc\/#primaryimage"},"thumbnailUrl":"https:\/\/poudresdenarco.com\/wp-content\/uploads\/2024\/10\/4cmc.gif","datePublished":"2024-10-16T11:22:27+00:00","dateModified":"2024-12-23T09:59:24+00:00","description":"Fournisseur de 4-CMC pour recherche en laboratoire. Puret\u00e9 et s\u00e9curit\u00e9 garanties pour applications scientifiques chez Poudres de Narco.","breadcrumb":{"@id":"https:\/\/poudresdenarco.com\/produit\/4cmc\/#breadcrumb"},"inLanguage":"el","potentialAction":[{"@type":"ReadAction","target":["https:\/\/poudresdenarco.com\/produit\/4cmc\/"]}]},{"@type":"ImageObject","inLanguage":"el","@id":"https:\/\/poudresdenarco.com\/produit\/4cmc\/#primaryimage","url":"https:\/\/poudresdenarco.com\/wp-content\/uploads\/2024\/10\/4cmc.gif","contentUrl":"https:\/\/poudresdenarco.com\/wp-content\/uploads\/2024\/10\/4cmc.gif","width":600,"height":600,"caption":"4cmc"},{"@type":"BreadcrumbList","@id":"https:\/\/poudresdenarco.com\/produit\/4cmc\/#breadcrumb","itemListElement":[{"@type":"ListItem","position":1,"name":"Home","item":"https:\/\/poudresdenarco.com\/"},{"@type":"ListItem","position":2,"name":"Boutique","item":"https:\/\/poudresdenarco.com\/boutique\/"},{"@type":"ListItem","position":3,"name":"4cmc"}]},{"@type":"WebSite","@id":"https:\/\/poudresdenarco.com\/#website","url":"https:\/\/poudresdenarco.com\/","name":"Poudresde Narco","description":"Acheter de la coca\u00efne et de l&#039;h\u00e9ro\u00efne en ligne","potentialAction":[{"@type":"SearchAction","target":{"@type":"EntryPoint","urlTemplate":"https:\/\/poudresdenarco.com\/?s={search_term_string}"},"query-input":{"@type":"PropertyValueSpecification","valueRequired":true,"valueName":"search_term_string"}}],"inLanguage":"el"}]}},"_links":{"self":[{"href":"https:\/\/poudresdenarco.com\/el\/wp-json\/wp\/v2\/product\/4946","targetHints":{"allow":["GET"]}}],"collection":[{"href":"https:\/\/poudresdenarco.com\/el\/wp-json\/wp\/v2\/product"}],"about":[{"href":"https:\/\/poudresdenarco.com\/el\/wp-json\/wp\/v2\/types\/product"}],"replies":[{"embeddable":true,"href":"https:\/\/poudresdenarco.com\/el\/wp-json\/wp\/v2\/comments?post=4946"}],"wp:featuredmedia":[{"embeddable":true,"href":"https:\/\/poudresdenarco.com\/el\/wp-json\/wp\/v2\/media\/6157"}],"wp:attachment":[{"href":"https:\/\/poudresdenarco.com\/el\/wp-json\/wp\/v2\/media?parent=4946"}],"wp:term":[{"taxonomy":"product_cat","embeddable":true,"href":"https:\/\/poudresdenarco.com\/el\/wp-json\/wp\/v2\/product_cat?post=4946"},{"taxonomy":"product_tag","embeddable":true,"href":"https:\/\/poudresdenarco.com\/el\/wp-json\/wp\/v2\/product_tag?post=4946"}],"curies":[{"name":"wp","href":"https:\/\/api.w.org\/{rel}","templated":true}]}}