{"id":4949,"date":"2024-10-16T11:22:27","date_gmt":"2024-10-16T11:22:27","guid":{"rendered":"https:\/\/poudresdenarco.com\/?post_type=product&#038;p=4949"},"modified":"2024-11-02T13:07:39","modified_gmt":"2024-11-02T13:07:39","slug":"2fdck","status":"publish","type":"product","link":"https:\/\/poudresdenarco.com\/el\/\u03c0\u03c1\u03bf\u03ca\u03cc\u03bd\/2fdck\/","title":{"rendered":"2fdck"},"content":{"rendered":"<h2>Achetez 2FDCK en ligne.<\/h2>\n<p>La 2-Fluorodeschloroketamine, parfois appel\u00e9e 2-Fl-2\u2032-Oxo-PCM, Fluoroketamine et <a href=\"https:\/\/poudresdenarco.com\/el\/\u03c0\u03c1\u03bf\u03ca\u03cc\u03bd\/2fdck\/\">2-FDCK<\/a>, est un anesth\u00e9sique dissociatif qui peut \u00eatre achet\u00e9 en ligne. Il s&rsquo;agit d&rsquo;une k\u00e9tamine simple dans laquelle le fluor a remplac\u00e9 le groupe chlore. Le MXPP et le 2-fdck, souvent appel\u00e9s fluoroketamine, sont essentiellement interchangeables. Des applications dans la mesure et la recherche sont sugg\u00e9r\u00e9es pour cet article. 2fdck pas cher \u00e0 vendre<\/p>\n<p>Un narcotique dissociatif, la poudre 2-FDCK La 2-Fluorodeschloroketamine est \u00e9galement connue sous le nom de <a href=\"https:\/\/en.wikipedia.org\/wiki\/2-Fluorodeschloroketamine\">2-Fl-2\u2032-Oxo-PCM<\/a>, Fluoroketamine et 2-FDCK. Il s&rsquo;agit simplement de k\u00e9tamine dans laquelle le fluor a remplac\u00e9 le groupe chlore.<\/p>\n<p>2-Fl-2\u2032-Oxo-PCM, \u00e9galement connu sous le nom de 2-Fluorodeschloroketamine, 2-FDCK, et \u00e0 tort sous le nom de 2-Fluroketamine, Fluoroketamine et 2-FK, est un nouvel agent dissociatif relativement inconnu appartenant \u00e0 la classe des arylcyclohexylamines qui, lorsqu&rsquo;il est contr\u00f4l\u00e9, pr\u00e9sente des propri\u00e9t\u00e9s calmantes, dissociatives et hallucinog\u00e8nes. Fondamentalement, il est associ\u00e9 aux arylcyclohexylamines.<\/p>\n<p>comme la deschloroketamine et la k\u00e9tamine et aurait des effets similaires. Achetez 2FDCK en ligne. <a href=\"https:\/\/poudresdenarco.com\/el\/\">poudresdenarco<\/a><\/p>\n<h4><strong>Acheter du 2-FDCK de Haute Puret\u00e9 pour la Recherche &#8211; Poudres de Narco<\/strong><\/h4>\n<p>\u0397 Poudres de Narco \u03b5\u03af\u03bd\u03b1\u03b9 \u03b1\u03be\u03b9\u03cc\u03c0\u03b9\u03c3\u03c4\u03bf\u03c2 \u03c0\u03c1\u03bf\u03bc\u03b7\u03b8\u03b5\u03c5\u03c4\u03ae\u03c2 \u03b3\u03b9\u03b1 \u03c4\u03b7\u03bd <strong>2-FDCK de qualit\u00e9 recherche<\/strong>, destin\u00e9 uniquement aux <strong>applications en laboratoire et \u00e9tudes scientifiques<\/strong>. Notre 2-FDCK est produit avec une puret\u00e9 rigoureusement contr\u00f4l\u00e9e, id\u00e9al pour les chercheurs en chimie et pharmacologie qui recherchent des produits s\u00fbrs et constants.<\/p>\n<h3>Pourquoi Choisir le 2-FDCK de Poudres de Narco ?<\/h3>\n<p>\u03a9\u03c2 <strong>fournisseur de 2-FDCK fiable<\/strong>, Poudres de Narco garantit des normes \u00e9lev\u00e9es de puret\u00e9 et de s\u00e9curit\u00e9 pour r\u00e9pondre aux besoins des chercheurs :<\/p>\n<ul>\n<li><strong>2-FDCK Haute Puret\u00e9<\/strong> : Test\u00e9 rigoureusement, chaque lot de 2-FDCK garantit une puret\u00e9 optimale, cruciale pour des r\u00e9sultats pr\u00e9cis et fiables.<\/li>\n<li><strong>Qualit\u00e9 Constante et S\u00e9curis\u00e9e<\/strong> : Notre 2-FDCK est con\u00e7u pour des performances constantes en laboratoire, r\u00e9pondant aux attentes des \u00e9tudes analytiques et scientifiques.<\/li>\n<li><strong>\u0391\u03c3\u03c6\u03b1\u03bb\u03ae\u03c2 online \u03c0\u03b1\u03c1\u03b1\u03b3\u03b3\u03b5\u03bb\u03af\u03b1<\/strong> : \u0394\u03b9\u03b5\u03c5\u03ba\u03bf\u03bb\u03cd\u03bd\u03bf\u03c5\u03bc\u03b5 \u03c4\u03b7\u03bd<strong>achat de 2-FDCK pour laboratoires<\/strong>, avec un processus de commande confidentiel et conforme.<\/li>\n<\/ul>\n<h3>Applications du 2-FDCK et Consignes de S\u00e9curit\u00e9<\/h3>\n<p>Le <strong>2-FDCK pour la recherche<\/strong> est con\u00e7u pour des applications analytiques et scientifiques en laboratoire. Poudres de Narco fournit des consignes strictes pour garantir un usage conforme et s\u00e9curis\u00e9\u202f:<\/p>\n<ul>\n<li><strong>Stockage et Conservation<\/strong> : Conservez le 2-FDCK dans un endroit frais et sec, prot\u00e9g\u00e9 de la lumi\u00e8re directe.<\/li>\n<li><strong>\u03a7\u03b5\u03b9\u03c1\u03b9\u03c3\u03bc\u03cc\u03c2 \u03bc\u03b5 \u03c0\u03c1\u03bf\u03c6\u03c5\u03bb\u03ac\u03be\u03b5\u03b9\u03c2<\/strong> : Portez des \u00e9quipements de protection (EPI) et travaillez dans un environnement bien ventil\u00e9.<\/li>\n<li><strong>\u03a7\u03c1\u03ae\u03c3\u03b7 \u03b1\u03c0\u03bf\u03ba\u03bb\u03b5\u03b9\u03c3\u03c4\u03b9\u03ba\u03ac \u03b3\u03b9\u03b1 \u03ad\u03c1\u03b5\u03c5\u03bd\u03b1<\/strong> : Ce produit est destin\u00e9 aux laboratoires autoris\u00e9s et aux chercheurs en environnement contr\u00f4l\u00e9.<\/li>\n<\/ul>\n<h3>Pr\u00eat \u00e0 Commander votre 2-FDCK de Qualit\u00e9\u202f?<\/h3>\n<p>\u0393\u03b9\u03b1 \u03c4\u03bf <strong>acheter du 2-FDCK de haute puret\u00e9<\/strong> et b\u00e9n\u00e9ficier d\u2019un service s\u00e9curis\u00e9 et fiable, contactez Poudres de Narco. <strong>\u0395\u03c0\u03b9\u03ba\u03bf\u03b9\u03bd\u03c9\u03bd\u03ae\u03c3\u03c4\u03b5 \u03bc\u03b1\u03b6\u03af \u03bc\u03b1\u03c2<\/strong> pour un devis ou pour plus d\u2019informations sur notre gamme de produits de recherche.<\/p>\n<p>&nbsp;<\/p>","protected":false},"excerpt":{"rendered":"<p>Achetez 2FDCK en ligne. La 2-Fluorodeschloroketamine, parfois appel\u00e9e 2-Fl-2\u2032-Oxo-PCM, Fluoroketamine et 2-FDCK, est un anesth\u00e9sique dissociatif qui peut \u00eatre achet\u00e9 en ligne. Il s&rsquo;agit d&rsquo;une k\u00e9tamine simple dans laquelle le fluor a remplac\u00e9 le groupe chlore. Le MXPP et le 2-fdck, souvent appel\u00e9s fluoroketamine, sont essentiellement interchangeables. Des applications dans la mesure et la recherche&hellip;<\/p>","protected":false},"featured_media":6154,"comment_status":"closed","ping_status":"closed","template":"","meta":{"_joinchat":[]},"product_cat":[558],"product_tag":[],"class_list":{"0":"post-4949","1":"product","2":"type-product","3":"status-publish","4":"has-post-thumbnail","6":"product_cat-chimiques-de-recherche","8":"first","9":"instock","10":"shipping-taxable","11":"purchasable","12":"product-type-variable","13":"col-xs-6 col-sm-4","14":"col-md-3 col-lg-3","15":"un-4-cols"},"yoast_head":"<!-- This site is optimized with the Yoast SEO plugin v23.8 - https:\/\/yoast.com\/wordpress\/plugins\/seo\/ -->\n<title>Acheter 2-FDCK de Qualit\u00e9 |Poudres de Narco<\/title>\n<meta name=\"description\" content=\"Fournisseur de 2-FDCK de haute puret\u00e9 pour applications de recherche. Qualit\u00e9 fiable pour laboratoires et \u00e9tudes scientifiques chez Poudres de Narco.\" \/>\n<meta name=\"robots\" content=\"index, follow, max-snippet:-1, max-image-preview:large, max-video-preview:-1\" \/>\n<link rel=\"canonical\" href=\"https:\/\/poudresdenarco.com\/el\/\u03c0\u03c1\u03bf\u03ca\u03cc\u03bd\/2fdck\/\" \/>\n<meta property=\"og:locale\" content=\"el_GR\" \/>\n<meta property=\"og:type\" content=\"article\" \/>\n<meta property=\"og:title\" content=\"Acheter 2-FDCK de Qualit\u00e9 |Poudres de Narco\" \/>\n<meta property=\"og:description\" content=\"Fournisseur de 2-FDCK de haute puret\u00e9 pour applications de recherche. Qualit\u00e9 fiable pour laboratoires et \u00e9tudes scientifiques chez Poudres de Narco.\" \/>\n<meta property=\"og:url\" content=\"https:\/\/poudresdenarco.com\/el\/\u03c0\u03c1\u03bf\u03ca\u03cc\u03bd\/2fdck\/\" \/>\n<meta property=\"og:site_name\" content=\"Poudresde Narco\" \/>\n<meta property=\"article:modified_time\" content=\"2024-11-02T13:07:39+00:00\" \/>\n<meta property=\"og:image\" content=\"https:\/\/poudresdenarco.com\/wp-content\/uploads\/2024\/10\/2fdck.gif\" \/>\n\t<meta property=\"og:image:width\" content=\"600\" \/>\n\t<meta property=\"og:image:height\" content=\"600\" \/>\n\t<meta property=\"og:image:type\" content=\"image\/gif\" \/>\n<meta name=\"twitter:card\" content=\"summary_large_image\" \/>\n<meta name=\"twitter:label1\" content=\"\u0395\u03ba\u03c4\u03b9\u03bc\u03ce\u03bc\u03b5\u03bd\u03bf\u03c2 \u03c7\u03c1\u03cc\u03bd\u03bf\u03c2 \u03b1\u03bd\u03ac\u03b3\u03bd\u03c9\u03c3\u03b7\u03c2\" \/>\n\t<meta name=\"twitter:data1\" content=\"3 \u03bb\u03b5\u03c0\u03c4\u03ac\" \/>\n<script type=\"application\/ld+json\" class=\"yoast-schema-graph\">{\"@context\":\"https:\/\/schema.org\",\"@graph\":[{\"@type\":\"WebPage\",\"@id\":\"https:\/\/poudresdenarco.com\/produit\/2fdck\/\",\"url\":\"https:\/\/poudresdenarco.com\/produit\/2fdck\/\",\"name\":\"Acheter 2-FDCK de Qualit\u00e9 |Poudres de Narco\",\"isPartOf\":{\"@id\":\"https:\/\/poudresdenarco.com\/#website\"},\"primaryImageOfPage\":{\"@id\":\"https:\/\/poudresdenarco.com\/produit\/2fdck\/#primaryimage\"},\"image\":{\"@id\":\"https:\/\/poudresdenarco.com\/produit\/2fdck\/#primaryimage\"},\"thumbnailUrl\":\"https:\/\/poudresdenarco.com\/wp-content\/uploads\/2024\/10\/2fdck.gif\",\"datePublished\":\"2024-10-16T11:22:27+00:00\",\"dateModified\":\"2024-11-02T13:07:39+00:00\",\"description\":\"Fournisseur de 2-FDCK de haute puret\u00e9 pour applications de recherche. Qualit\u00e9 fiable pour laboratoires et \u00e9tudes scientifiques chez Poudres de Narco.\",\"breadcrumb\":{\"@id\":\"https:\/\/poudresdenarco.com\/produit\/2fdck\/#breadcrumb\"},\"inLanguage\":\"el\",\"potentialAction\":[{\"@type\":\"ReadAction\",\"target\":[\"https:\/\/poudresdenarco.com\/produit\/2fdck\/\"]}]},{\"@type\":\"ImageObject\",\"inLanguage\":\"el\",\"@id\":\"https:\/\/poudresdenarco.com\/produit\/2fdck\/#primaryimage\",\"url\":\"https:\/\/poudresdenarco.com\/wp-content\/uploads\/2024\/10\/2fdck.gif\",\"contentUrl\":\"https:\/\/poudresdenarco.com\/wp-content\/uploads\/2024\/10\/2fdck.gif\",\"width\":600,\"height\":600,\"caption\":\"2fdck\"},{\"@type\":\"BreadcrumbList\",\"@id\":\"https:\/\/poudresdenarco.com\/produit\/2fdck\/#breadcrumb\",\"itemListElement\":[{\"@type\":\"ListItem\",\"position\":1,\"name\":\"Home\",\"item\":\"https:\/\/poudresdenarco.com\/\"},{\"@type\":\"ListItem\",\"position\":2,\"name\":\"Boutique\",\"item\":\"https:\/\/poudresdenarco.com\/boutique\/\"},{\"@type\":\"ListItem\",\"position\":3,\"name\":\"2fdck\"}]},{\"@type\":\"WebSite\",\"@id\":\"https:\/\/poudresdenarco.com\/#website\",\"url\":\"https:\/\/poudresdenarco.com\/\",\"name\":\"Poudresde Narco\",\"description\":\"Acheter de la coca\u00efne et de l&#039;h\u00e9ro\u00efne en ligne\",\"potentialAction\":[{\"@type\":\"SearchAction\",\"target\":{\"@type\":\"EntryPoint\",\"urlTemplate\":\"https:\/\/poudresdenarco.com\/?s={search_term_string}\"},\"query-input\":{\"@type\":\"PropertyValueSpecification\",\"valueRequired\":true,\"valueName\":\"search_term_string\"}}],\"inLanguage\":\"el\"}]}<\/script>\n<!-- \/ Yoast SEO plugin. -->","yoast_head_json":{"title":"Acheter 2-FDCK de Qualit\u00e9 |Poudres de Narco","description":"Fournisseur de 2-FDCK de haute puret\u00e9 pour applications de recherche. Qualit\u00e9 fiable pour laboratoires et \u00e9tudes scientifiques chez Poudres de Narco.","robots":{"index":"index","follow":"follow","max-snippet":"max-snippet:-1","max-image-preview":"max-image-preview:large","max-video-preview":"max-video-preview:-1"},"canonical":"https:\/\/poudresdenarco.com\/el\/\u03c0\u03c1\u03bf\u03ca\u03cc\u03bd\/2fdck\/","og_locale":"el_GR","og_type":"article","og_title":"Acheter 2-FDCK de Qualit\u00e9 |Poudres de Narco","og_description":"Fournisseur de 2-FDCK de haute puret\u00e9 pour applications de recherche. Qualit\u00e9 fiable pour laboratoires et \u00e9tudes scientifiques chez Poudres de Narco.","og_url":"https:\/\/poudresdenarco.com\/el\/\u03c0\u03c1\u03bf\u03ca\u03cc\u03bd\/2fdck\/","og_site_name":"Poudresde Narco","article_modified_time":"2024-11-02T13:07:39+00:00","og_image":[{"width":600,"height":600,"url":"https:\/\/poudresdenarco.com\/wp-content\/uploads\/2024\/10\/2fdck.gif","type":"image\/gif"}],"twitter_card":"summary_large_image","twitter_misc":{"\u0395\u03ba\u03c4\u03b9\u03bc\u03ce\u03bc\u03b5\u03bd\u03bf\u03c2 \u03c7\u03c1\u03cc\u03bd\u03bf\u03c2 \u03b1\u03bd\u03ac\u03b3\u03bd\u03c9\u03c3\u03b7\u03c2":"3 \u03bb\u03b5\u03c0\u03c4\u03ac"},"schema":{"@context":"https:\/\/schema.org","@graph":[{"@type":"WebPage","@id":"https:\/\/poudresdenarco.com\/produit\/2fdck\/","url":"https:\/\/poudresdenarco.com\/produit\/2fdck\/","name":"Acheter 2-FDCK de Qualit\u00e9 |Poudres de Narco","isPartOf":{"@id":"https:\/\/poudresdenarco.com\/#website"},"primaryImageOfPage":{"@id":"https:\/\/poudresdenarco.com\/produit\/2fdck\/#primaryimage"},"image":{"@id":"https:\/\/poudresdenarco.com\/produit\/2fdck\/#primaryimage"},"thumbnailUrl":"https:\/\/poudresdenarco.com\/wp-content\/uploads\/2024\/10\/2fdck.gif","datePublished":"2024-10-16T11:22:27+00:00","dateModified":"2024-11-02T13:07:39+00:00","description":"Fournisseur de 2-FDCK de haute puret\u00e9 pour applications de recherche. Qualit\u00e9 fiable pour laboratoires et \u00e9tudes scientifiques chez Poudres de Narco.","breadcrumb":{"@id":"https:\/\/poudresdenarco.com\/produit\/2fdck\/#breadcrumb"},"inLanguage":"el","potentialAction":[{"@type":"ReadAction","target":["https:\/\/poudresdenarco.com\/produit\/2fdck\/"]}]},{"@type":"ImageObject","inLanguage":"el","@id":"https:\/\/poudresdenarco.com\/produit\/2fdck\/#primaryimage","url":"https:\/\/poudresdenarco.com\/wp-content\/uploads\/2024\/10\/2fdck.gif","contentUrl":"https:\/\/poudresdenarco.com\/wp-content\/uploads\/2024\/10\/2fdck.gif","width":600,"height":600,"caption":"2fdck"},{"@type":"BreadcrumbList","@id":"https:\/\/poudresdenarco.com\/produit\/2fdck\/#breadcrumb","itemListElement":[{"@type":"ListItem","position":1,"name":"Home","item":"https:\/\/poudresdenarco.com\/"},{"@type":"ListItem","position":2,"name":"Boutique","item":"https:\/\/poudresdenarco.com\/boutique\/"},{"@type":"ListItem","position":3,"name":"2fdck"}]},{"@type":"WebSite","@id":"https:\/\/poudresdenarco.com\/#website","url":"https:\/\/poudresdenarco.com\/","name":"Poudresde Narco","description":"Acheter de la coca\u00efne et de l&#039;h\u00e9ro\u00efne en ligne","potentialAction":[{"@type":"SearchAction","target":{"@type":"EntryPoint","urlTemplate":"https:\/\/poudresdenarco.com\/?s={search_term_string}"},"query-input":{"@type":"PropertyValueSpecification","valueRequired":true,"valueName":"search_term_string"}}],"inLanguage":"el"}]}},"_links":{"self":[{"href":"https:\/\/poudresdenarco.com\/el\/wp-json\/wp\/v2\/product\/4949","targetHints":{"allow":["GET"]}}],"collection":[{"href":"https:\/\/poudresdenarco.com\/el\/wp-json\/wp\/v2\/product"}],"about":[{"href":"https:\/\/poudresdenarco.com\/el\/wp-json\/wp\/v2\/types\/product"}],"replies":[{"embeddable":true,"href":"https:\/\/poudresdenarco.com\/el\/wp-json\/wp\/v2\/comments?post=4949"}],"wp:featuredmedia":[{"embeddable":true,"href":"https:\/\/poudresdenarco.com\/el\/wp-json\/wp\/v2\/media\/6154"}],"wp:attachment":[{"href":"https:\/\/poudresdenarco.com\/el\/wp-json\/wp\/v2\/media?parent=4949"}],"wp:term":[{"taxonomy":"product_cat","embeddable":true,"href":"https:\/\/poudresdenarco.com\/el\/wp-json\/wp\/v2\/product_cat?post=4949"},{"taxonomy":"product_tag","embeddable":true,"href":"https:\/\/poudresdenarco.com\/el\/wp-json\/wp\/v2\/product_tag?post=4949"}],"curies":[{"name":"wp","href":"https:\/\/api.w.org\/{rel}","templated":true}]}}