{"id":5369,"date":"2024-10-16T11:26:58","date_gmt":"2024-10-16T11:26:58","guid":{"rendered":"https:\/\/poudresdenarco.com\/?post_type=product&#038;p=5369"},"modified":"2024-12-23T10:06:49","modified_gmt":"2024-12-23T10:06:49","slug":"a-ppp","status":"publish","type":"product","link":"https:\/\/poudresdenarco.com\/el\/\u03c0\u03c1\u03bf\u03ca\u03cc\u03bd\/a-ppp\/","title":{"rendered":"A-PPP"},"content":{"rendered":"<h2><strong>\u0391\u03b3\u03bf\u03c1\u03ac\u03c3\u03c4\u03b5 A-PPP \u03c5\u03c8\u03b7\u03bb\u03ae\u03c2 \u03ba\u03b1\u03b8\u03b1\u03c1\u03cc\u03c4\u03b7\u03c4\u03b1\u03c2 \u03b3\u03b9\u03b1 \u03ad\u03c1\u03b5\u03c5\u03bd\u03b1 <a href=\"https:\/\/poudresdenarco.com\/el\/\u03c0\u03c1\u03bf\u03ca\u03cc\u03bd\/\u03b1\u03b3\u03bf\u03c1\u03ac\u03b6\u03bf\u03c5\u03bd-calypsol-\u03ba\u03b5\u03c4\u03b1\u03bc\u03af\u03bd\u03b7-500mg-10ml\/\">&#8211;<\/a> \u039d\u03b1\u03c1\u03ba\u03c9\u03c4\u03b9\u03ba\u03ad\u03c2 \u03c3\u03ba\u03cc\u03bd\u03b5\u03c2<\/strong><\/h2>\n<p><strong>\u039d\u03b1\u03c1\u03ba\u03c9\u03c4\u03b9\u03ba\u03ad\u03c2 \u03c3\u03ba\u03cc\u03bd\u03b5\u03c2<\/strong> \u03b5\u03af\u03bd\u03b1\u03b9 \u03ad\u03bd\u03b1\u03c2 \u03b1\u03be\u03b9\u03cc\u03c0\u03b9\u03c3\u03c4\u03bf\u03c2 \u03c0\u03c1\u03bf\u03bc\u03b7\u03b8\u03b5\u03c5\u03c4\u03ae\u03c2 \u03b3\u03b9\u03b1 <strong>\u03a0\u03bf\u03b9\u03cc\u03c4\u03b7\u03c4\u03b1 \u03c4\u03b7\u03c2 \u03ad\u03c1\u03b5\u03c5\u03bd\u03b1\u03c2 A-PPP<\/strong>\u03c3\u03c7\u03b5\u03b4\u03b9\u03b1\u03c3\u03bc\u03ad\u03bd\u03bf \u03b1\u03c0\u03bf\u03ba\u03bb\u03b5\u03b9\u03c3\u03c4\u03b9\u03ba\u03ac \u03b3\u03b9\u03b1 <strong>\u03b5\u03c0\u03b9\u03c3\u03c4\u03b7\u03bc\u03bf\u03bd\u03b9\u03ba\u03ad\u03c2 \u03b5\u03c1\u03b3\u03b1\u03c3\u03c4\u03b7\u03c1\u03b9\u03b1\u03ba\u03ad\u03c2 \u03b5\u03c6\u03b1\u03c1\u03bc\u03bf\u03b3\u03ad\u03c2<\/strong>. \u03a4\u03bf A-PPP \u03bc\u03b1\u03c2 \u03c0\u03b1\u03c1\u03ac\u03b3\u03b5\u03c4\u03b1\u03b9 \u03c3\u03cd\u03bc\u03c6\u03c9\u03bd\u03b1 \u03bc\u03b5 \u03b1\u03c5\u03c3\u03c4\u03b7\u03c1\u03ac \u03c0\u03c1\u03cc\u03c4\u03c5\u03c0\u03b1 \u03ba\u03b1\u03b8\u03b1\u03c1\u03cc\u03c4\u03b7\u03c4\u03b1\u03c2 \u03ba\u03b1\u03b9 \u03c0\u03bf\u03b9\u03cc\u03c4\u03b7\u03c4\u03b1\u03c2, \u03b5\u03be\u03b1\u03c3\u03c6\u03b1\u03bb\u03af\u03b6\u03bf\u03bd\u03c4\u03b1\u03c2 \u03c3\u03c5\u03bd\u03b5\u03c0\u03ae \u03b1\u03c0\u03bf\u03c4\u03b5\u03bb\u03ad\u03c3\u03bc\u03b1\u03c4\u03b1 \u03b3\u03b9\u03b1 \u03c4\u03bf\u03c5\u03c2 \u03b5\u03c1\u03b5\u03c5\u03bd\u03b7\u03c4\u03ad\u03c2 \u03c4\u03b7\u03c2 \u03c7\u03b7\u03bc\u03b5\u03af\u03b1\u03c2 \u03ba\u03b1\u03b9 \u03c4\u03b7\u03c2 \u03c6\u03b1\u03c1\u03bc\u03b1\u03ba\u03bf\u03bb\u03bf\u03b3\u03af\u03b1\u03c2.<a href=\"https:\/\/cokebricks.com\/product-category\/buy-cocaine-online\/\">.<\/a><\/p>\n<h3>\u0393\u03b9\u03b1\u03c4\u03af \u03bd\u03b1 \u03b5\u03c0\u03b9\u03bb\u03ad\u03be\u03b5\u03c4\u03b5 \u03c4\u03b7\u03bd A-PPP \u03b1\u03c0\u03cc \u03c4\u03b7\u03bd Poudres de Narco;<\/h3>\n<p>\u03a9\u03c2 <strong>\u03b1\u03be\u03b9\u03cc\u03c0\u03b9\u03c3\u03c4\u03bf\u03c2 \u03c0\u03c1\u03bf\u03bc\u03b7\u03b8\u03b5\u03c5\u03c4\u03ae\u03c2 A-PPP<\/strong>, <strong>\u039d\u03b1\u03c1\u03ba\u03c9\u03c4\u03b9\u03ba\u03ad\u03c2 \u03c3\u03ba\u03cc\u03bd\u03b5\u03c2<\/strong> \u03c0\u03bb\u03b7\u03c1\u03bf\u03af \u03c5\u03c8\u03b7\u03bb\u03ac \u03c0\u03c1\u03cc\u03c4\u03c5\u03c0\u03b1 \u03c0\u03bf\u03b9\u03cc\u03c4\u03b7\u03c4\u03b1\u03c2 \u03ba\u03b1\u03b9 \u03b1\u03c3\u03c6\u03ac\u03bb\u03b5\u03b9\u03b1\u03c2, \u03c0\u03c1\u03bf\u03c3\u03b1\u03c1\u03bc\u03bf\u03c3\u03bc\u03ad\u03bd\u03b1 \u03c3\u03c4\u03b9\u03c2 \u03b1\u03bd\u03ac\u03b3\u03ba\u03b5\u03c2 \u03c4\u03c9\u03bd <strong>\u03c0\u03b9\u03c3\u03c4\u03bf\u03c0\u03bf\u03b9\u03b7\u03bc\u03ad\u03bd\u03b1 \u03b5\u03c1\u03b3\u03b1\u03c3\u03c4\u03ae\u03c1\u03b9\u03b1<\/strong> :<\/p>\n<ul>\n<li><strong>A-PPP \u03c5\u03c8\u03b7\u03bb\u03ae\u03c2 \u03ba\u03b1\u03b8\u03b1\u03c1\u03cc\u03c4\u03b7\u03c4\u03b1\u03c2 \u03b3\u03b9\u03b1 \u03b5\u03c1\u03b3\u03b1\u03c3\u03c4\u03ae\u03c1\u03b9\u03b1<\/strong> \u039a\u03ac\u03b8\u03b5 \u03c0\u03b1\u03c1\u03c4\u03af\u03b4\u03b1 \u03b5\u03bb\u03ad\u03b3\u03c7\u03b5\u03c4\u03b1\u03b9 \u03b3\u03b9\u03b1 \u03bd\u03b1 \u03b4\u03b9\u03b1\u03c3\u03c6\u03b1\u03bb\u03b9\u03c3\u03c4\u03b5\u03af \u03b7 \u03b2\u03ad\u03bb\u03c4\u03b9\u03c3\u03c4\u03b7 \u03ba\u03b1\u03b8\u03b1\u03c1\u03cc\u03c4\u03b7\u03c4\u03b1, \u03b7 \u03bf\u03c0\u03bf\u03af\u03b1 \u03b5\u03af\u03bd\u03b1\u03b9 \u03b6\u03c9\u03c4\u03b9\u03ba\u03ae\u03c2 \u03c3\u03b7\u03bc\u03b1\u03c3\u03af\u03b1\u03c2 \u03b3\u03b9\u03b1 \u03b5\u03c0\u03b9\u03c3\u03c4\u03b7\u03bc\u03bf\u03bd\u03b9\u03ba\u03ad\u03c2 \u03b5\u03c6\u03b1\u03c1\u03bc\u03bf\u03b3\u03ad\u03c2 \u03c5\u03c8\u03b7\u03bb\u03ae\u03c2 \u03b1\u03ba\u03c1\u03af\u03b2\u03b5\u03b9\u03b1\u03c2.<\/li>\n<li><strong>\u03a3\u03c4\u03b1\u03b8\u03b5\u03c1\u03ae, \u03b1\u03be\u03b9\u03cc\u03c0\u03b9\u03c3\u03c4\u03b7 \u03c0\u03bf\u03b9\u03cc\u03c4\u03b7\u03c4\u03b1<\/strong> : \u03a4\u03bf A-PPP \u03bc\u03b1\u03c2 \u03b5\u03af\u03bd\u03b1\u03b9 \u03c3\u03c7\u03b5\u03b4\u03b9\u03b1\u03c3\u03bc\u03ad\u03bd\u03bf \u03b3\u03b9\u03b1 \u03c3\u03c4\u03b1\u03b8\u03b5\u03c1\u03ae \u03ba\u03b1\u03b9 \u03b1\u03be\u03b9\u03cc\u03c0\u03b9\u03c3\u03c4\u03b7 \u03b1\u03c0\u03cc\u03b4\u03bf\u03c3\u03b7, \u03b9\u03ba\u03b1\u03bd\u03bf\u03c0\u03bf\u03b9\u03ce\u03bd\u03c4\u03b1\u03c2 \u03c4\u03b9\u03c2 \u03b1\u03c0\u03b1\u03b9\u03c4\u03ae\u03c3\u03b5\u03b9\u03c2 \u03c4\u03c9\u03bd <strong>\u03b1\u03bd\u03b1\u03bb\u03c5\u03c4\u03b9\u03ba\u03ad\u03c2 \u03b5\u03c1\u03b3\u03b1\u03c3\u03c4\u03b7\u03c1\u03b9\u03b1\u03ba\u03ad\u03c2 \u03bc\u03b5\u03bb\u03ad\u03c4\u03b5\u03c2<\/strong>.<\/li>\n<li><strong>\u0391\u03c3\u03c6\u03b1\u03bb\u03ae\u03c2 online \u03c0\u03b1\u03c1\u03b1\u03b3\u03b3\u03b5\u03bb\u03af\u03b1<\/strong> : <strong>\u039d\u03b1\u03c1\u03ba\u03c9\u03c4\u03b9\u03ba\u03ad\u03c2 \u03c3\u03ba\u03cc\u03bd\u03b5\u03c2<\/strong> \u03b1\u03c0\u03bb\u03bf\u03c0\u03bf\u03b9\u03b5\u03af \u03c4\u03bf<strong>\u0391\u03b3\u03bf\u03c1\u03ac\u03c3\u03c4\u03b5 A-PPP online<\/strong> \u03bc\u03b5 \u03bc\u03b9\u03b1 \u03b1\u03c3\u03c6\u03b1\u03bb\u03ae \u03b4\u03b9\u03b1\u03b4\u03b9\u03ba\u03b1\u03c3\u03af\u03b1 \u03c0\u03bf\u03c5 \u03c3\u03c5\u03bc\u03bc\u03bf\u03c1\u03c6\u03ce\u03bd\u03b5\u03c4\u03b1\u03b9 \u03bc\u03b5 \u03c4\u03b1 \u03b5\u03c1\u03b5\u03c5\u03bd\u03b7\u03c4\u03b9\u03ba\u03ac \u03c0\u03c1\u03cc\u03c4\u03c5\u03c0\u03b1.<\/li>\n<\/ul>\n<h3>\u0395\u03c6\u03b1\u03c1\u03bc\u03bf\u03b3\u03ad\u03c2 \u03ba\u03b1\u03b9 \u03bf\u03b4\u03b7\u03b3\u03af\u03b5\u03c2 \u03b1\u03c3\u03c6\u03b1\u03bb\u03b5\u03af\u03b1\u03c2<\/h3>\n<p>Le <strong>A-PPP \u03b3\u03b9\u03b1 \u03c4\u03b7\u03bd \u03ad\u03c1\u03b5\u03c5\u03bd\u03b1<\/strong> \u03b1\u03c0\u03cc \u03c4\u03bf <strong>\u039d\u03b1\u03c1\u03ba\u03c9\u03c4\u03b9\u03ba\u03ad\u03c2 \u03c3\u03ba\u03cc\u03bd\u03b5\u03c2<\/strong> \u03c0\u03c1\u03bf\u03bf\u03c1\u03af\u03b6\u03b5\u03c4\u03b1\u03b9 \u03b3\u03b9\u03b1 <strong>\u03b1\u03bd\u03b1\u03bb\u03c5\u03c4\u03b9\u03ba\u03ad\u03c2 \u03b5\u03c6\u03b1\u03c1\u03bc\u03bf\u03b3\u03ad\u03c2 \u03ba\u03b1\u03b9 \u03b5\u03c0\u03b9\u03c3\u03c4\u03b7\u03bc\u03bf\u03bd\u03b9\u03ba\u03ad\u03c2 \u03bc\u03b5\u03bb\u03ad\u03c4\u03b5\u03c2<\/strong>. \u03a0\u03b1\u03c1\u03ad\u03c7\u03bf\u03c5\u03bc\u03b5 \u03c0\u03c1\u03c9\u03c4\u03cc\u03ba\u03bf\u03bb\u03bb\u03b1 \u03b1\u03c3\u03c6\u03b1\u03bb\u03b5\u03af\u03b1\u03c2 \u03b3\u03b9\u03b1 \u03bd\u03b1 \u03b4\u03b9\u03b1\u03c3\u03c6\u03b1\u03bb\u03af\u03c3\u03bf\u03c5\u03bc\u03b5 \u03c4\u03b7\u03bd \u03b1\u03c3\u03c6\u03b1\u03bb\u03ae \u03ba\u03b1\u03b9 \u03c3\u03c5\u03bc\u03b2\u03b1\u03c4\u03ae \u03c7\u03c1\u03ae\u03c3\u03b7 :<\/p>\n<ul>\n<li><strong>\u0391\u03c3\u03c6\u03b1\u03bb\u03ae\u03c2 \u03b1\u03c0\u03bf\u03b8\u03ae\u03ba\u03b5\u03c5\u03c3\u03b7<\/strong> \u03a6\u03c5\u03bb\u03ac\u03c3\u03c3\u03b5\u03c4\u03b5 \u03c4\u03bf A-PPP \u03c3\u03b5 \u03b4\u03c1\u03bf\u03c3\u03b5\u03c1\u03cc, \u03be\u03b7\u03c1\u03cc \u03bc\u03ad\u03c1\u03bf\u03c2 \u03bc\u03b1\u03ba\u03c1\u03b9\u03ac \u03b1\u03c0\u03cc \u03c4\u03bf \u03c6\u03c9\u03c2.<\/li>\n<li><strong>\u03a7\u03b5\u03b9\u03c1\u03b9\u03c3\u03bc\u03cc\u03c2 \u03bc\u03b5 \u03c0\u03c1\u03bf\u03c6\u03c5\u03bb\u03ac\u03be\u03b5\u03b9\u03c2<\/strong> \u03a7\u03c1\u03b7\u03c3\u03b9\u03bc\u03bf\u03c0\u03bf\u03b9\u03ae\u03c3\u03c4\u03b5 \u03b5\u03be\u03bf\u03c0\u03bb\u03b9\u03c3\u03bc\u03cc \u03b1\u03c4\u03bf\u03bc\u03b9\u03ba\u03ae\u03c2 \u03c0\u03c1\u03bf\u03c3\u03c4\u03b1\u03c3\u03af\u03b1\u03c2 (\u039c\u0391\u03a0) \u03ba\u03b1\u03b9 \u03b5\u03c1\u03b3\u03b1\u03c3\u03c4\u03b5\u03af\u03c4\u03b5 \u03c3\u03b5 \u03ba\u03b1\u03bb\u03ac \u03b1\u03b5\u03c1\u03b9\u03b6\u03cc\u03bc\u03b5\u03bd\u03bf \u03c7\u03ce\u03c1\u03bf.<\/li>\n<li><strong>\u03a7\u03c1\u03ae\u03c3\u03b7 \u03b1\u03c0\u03bf\u03ba\u03bb\u03b5\u03b9\u03c3\u03c4\u03b9\u03ba\u03ac \u03b3\u03b9\u03b1 \u03ad\u03c1\u03b5\u03c5\u03bd\u03b1<\/strong> \u0391\u03c5\u03c4\u03cc \u03c4\u03bf \u03c0\u03c1\u03bf\u03ca\u03cc\u03bd \u03ad\u03c7\u03b5\u03b9 \u03c3\u03c7\u03b5\u03b4\u03b9\u03b1\u03c3\u03c4\u03b5\u03af \u03b3\u03b9\u03b1 \u03b5\u03c1\u03b3\u03b1\u03c3\u03c4\u03ae\u03c1\u03b9\u03b1 \u03ba\u03b1\u03b9 \u03b5\u03be\u03b5\u03b9\u03b4\u03b9\u03ba\u03b5\u03c5\u03bc\u03ad\u03bd\u03bf\u03c5\u03c2 \u03b5\u03c1\u03b5\u03c5\u03bd\u03b7\u03c4\u03ad\u03c2 \u03c0\u03bf\u03c5 \u03b5\u03c1\u03b3\u03ac\u03b6\u03bf\u03bd\u03c4\u03b1\u03b9 \u03c3\u03b5 \u03b5\u03bb\u03b5\u03b3\u03c7\u03cc\u03bc\u03b5\u03bd\u03b1 \u03c0\u03b5\u03c1\u03b9\u03b2\u03ac\u03bb\u03bb\u03bf\u03bd\u03c4\u03b1.<\/li>\n<\/ul>\n<h3>\u03a0\u03b1\u03c1\u03b1\u03b3\u03b3\u03b5\u03af\u03bb\u03c4\u03b5 \u03c5\u03c8\u03b7\u03bb\u03ae\u03c2 \u03ba\u03b1\u03b8\u03b1\u03c1\u03cc\u03c4\u03b7\u03c4\u03b1\u03c2 A-PPP \u03b3\u03b9\u03b1 \u03c4\u03b9\u03c2 \u03b5\u03c0\u03b9\u03c3\u03c4\u03b7\u03bc\u03bf\u03bd\u03b9\u03ba\u03ad\u03c2 \u03c3\u03b1\u03c2 \u03bc\u03b5\u03bb\u03ad\u03c4\u03b5\u03c2<\/h3>\n<p>\u039c\u03b5 <strong>\u039d\u03b1\u03c1\u03ba\u03c9\u03c4\u03b9\u03ba\u03ad\u03c2 \u03c3\u03ba\u03cc\u03bd\u03b5\u03c2<\/strong>\u03b5\u03c0\u03c9\u03c6\u03b5\u03bb\u03b7\u03b8\u03b5\u03af\u03c4\u03b5 \u03b1\u03c0\u03cc <strong>\u03b1\u03be\u03b9\u03cc\u03c0\u03b9\u03c3\u03c4\u03b7 \u03c0\u03c1\u03bf\u03bc\u03ae\u03b8\u03b5\u03b9\u03b1 A-PPP \u03b3\u03b9\u03b1 \u03b5\u03c1\u03b3\u03b1\u03c3\u03c4\u03b7\u03c1\u03b9\u03b1\u03ba\u03ad\u03c2 \u03b5\u03c6\u03b1\u03c1\u03bc\u03bf\u03b3\u03ad\u03c2<\/strong>. <strong>\u0395\u03c0\u03b9\u03ba\u03bf\u03b9\u03bd\u03c9\u03bd\u03ae\u03c3\u03c4\u03b5 \u03bc\u03b1\u03b6\u03af \u03bc\u03b1\u03c2<\/strong> \u03b3\u03b9\u03b1 \u03c0\u03c1\u03bf\u03c3\u03c6\u03bf\u03c1\u03ac \u03ae \u03b3\u03b9\u03b1 \u03bd\u03b1 \u03bc\u03ac\u03b8\u03b5\u03c4\u03b5 \u03c0\u03b5\u03c1\u03b9\u03c3\u03c3\u03cc\u03c4\u03b5\u03c1\u03b1 \u03c3\u03c7\u03b5\u03c4\u03b9\u03ba\u03ac \u03bc\u03b5 \u03c4\u03b7 \u03c3\u03b5\u03b9\u03c1\u03ac \u03c0\u03c1\u03bf\u03ca\u03cc\u03bd\u03c4\u03c9\u03bd \u03bc\u03b1\u03c2 \u03b3\u03b9\u03b1 \u03c4\u03b7\u03bd \u03b5\u03c0\u03b9\u03c3\u03c4\u03b7\u03bc\u03bf\u03bd\u03b9\u03ba\u03ae \u03ad\u03c1\u03b5\u03c5\u03bd\u03b1 Buy A-PPP.<\/p>\n<hr \/>","protected":false},"excerpt":{"rendered":"<p>Acheter du A-PPP de Haute Puret\u00e9 pour la Recherche &#8211; Poudres de Narco Poudres de Narco est un fournisseur fiable pour le A-PPP de qualit\u00e9 recherche, con\u00e7u exclusivement pour des applications scientifiques en laboratoire. Notre A-PPP est produit selon des normes strictes de puret\u00e9 et de qualit\u00e9, garantissant des r\u00e9sultats constants pour les chercheurs en&hellip;<\/p>","protected":false},"featured_media":5380,"comment_status":"open","ping_status":"closed","template":"","meta":{"_joinchat":[]},"product_cat":[558,751],"product_tag":[],"class_list":{"0":"post-5369","1":"product","2":"type-product","3":"status-publish","4":"has-post-thumbnail","6":"product_cat-chimiques-de-recherche","7":"product_cat-stimulants","9":"first","10":"instock","11":"shipping-taxable","12":"purchasable","13":"product-type-variable","14":"col-xs-6 col-sm-4","15":"col-md-3 col-lg-3","16":"un-4-cols"},"yoast_head":"<!-- This site is optimized with the Yoast SEO plugin v23.8 - https:\/\/yoast.com\/wordpress\/plugins\/seo\/ -->\n<title>Acheter A-PPP en ligne - A-PPP \u00e0 vendre - Commander A-PPP<\/title>\n<meta name=\"description\" content=\"Votre demande d&#039;achat d&#039;A-PPP en ligne peut \u00eatre satisfaite dans notre boutique en ligne car nous avons A-PPP \u00e0 vendre ici. Passez votre commande et obtenez des offres abordables tous les jours. Acheter A-PPP.\" \/>\n<meta name=\"robots\" content=\"index, follow, max-snippet:-1, max-image-preview:large, max-video-preview:-1\" \/>\n<link rel=\"canonical\" href=\"https:\/\/poudresdenarco.com\/el\/\u03c0\u03c1\u03bf\u03ca\u03cc\u03bd\/a-ppp\/\" \/>\n<meta property=\"og:locale\" content=\"el_GR\" \/>\n<meta property=\"og:type\" content=\"article\" \/>\n<meta property=\"og:title\" content=\"Acheter A-PPP en ligne - A-PPP \u00e0 vendre - Commander A-PPP\" \/>\n<meta property=\"og:description\" content=\"Votre demande d&#039;achat d&#039;A-PPP en ligne peut \u00eatre satisfaite dans notre boutique en ligne car nous avons A-PPP \u00e0 vendre ici. Passez votre commande et obtenez des offres abordables tous les jours. Acheter A-PPP.\" \/>\n<meta property=\"og:url\" content=\"https:\/\/poudresdenarco.com\/el\/\u03c0\u03c1\u03bf\u03ca\u03cc\u03bd\/a-ppp\/\" \/>\n<meta property=\"og:site_name\" content=\"Poudresde Narco\" \/>\n<meta property=\"article:modified_time\" content=\"2024-12-23T10:06:49+00:00\" \/>\n<meta property=\"og:image\" content=\"https:\/\/poudresdenarco.com\/wp-content\/uploads\/2024\/10\/A-PPP.gif\" \/>\n\t<meta property=\"og:image:width\" content=\"600\" \/>\n\t<meta property=\"og:image:height\" content=\"600\" \/>\n\t<meta property=\"og:image:type\" content=\"image\/gif\" \/>\n<meta name=\"twitter:card\" content=\"summary_large_image\" \/>\n<meta name=\"twitter:label1\" content=\"\u0395\u03ba\u03c4\u03b9\u03bc\u03ce\u03bc\u03b5\u03bd\u03bf\u03c2 \u03c7\u03c1\u03cc\u03bd\u03bf\u03c2 \u03b1\u03bd\u03ac\u03b3\u03bd\u03c9\u03c3\u03b7\u03c2\" \/>\n\t<meta name=\"twitter:data1\" content=\"2 \u03bb\u03b5\u03c0\u03c4\u03ac\" \/>\n<script type=\"application\/ld+json\" class=\"yoast-schema-graph\">{\"@context\":\"https:\/\/schema.org\",\"@graph\":[{\"@type\":\"WebPage\",\"@id\":\"https:\/\/poudresdenarco.com\/produit\/a-ppp\/\",\"url\":\"https:\/\/poudresdenarco.com\/produit\/a-ppp\/\",\"name\":\"Acheter A-PPP en ligne - A-PPP \u00e0 vendre - Commander A-PPP\",\"isPartOf\":{\"@id\":\"https:\/\/poudresdenarco.com\/#website\"},\"primaryImageOfPage\":{\"@id\":\"https:\/\/poudresdenarco.com\/produit\/a-ppp\/#primaryimage\"},\"image\":{\"@id\":\"https:\/\/poudresdenarco.com\/produit\/a-ppp\/#primaryimage\"},\"thumbnailUrl\":\"https:\/\/poudresdenarco.com\/wp-content\/uploads\/2024\/10\/A-PPP.gif\",\"datePublished\":\"2024-10-16T11:26:58+00:00\",\"dateModified\":\"2024-12-23T10:06:49+00:00\",\"description\":\"Votre demande d'achat d'A-PPP en ligne peut \u00eatre satisfaite dans notre boutique en ligne car nous avons A-PPP \u00e0 vendre ici. Passez votre commande et obtenez des offres abordables tous les jours. Acheter A-PPP.\",\"breadcrumb\":{\"@id\":\"https:\/\/poudresdenarco.com\/produit\/a-ppp\/#breadcrumb\"},\"inLanguage\":\"el\",\"potentialAction\":[{\"@type\":\"ReadAction\",\"target\":[\"https:\/\/poudresdenarco.com\/produit\/a-ppp\/\"]}]},{\"@type\":\"ImageObject\",\"inLanguage\":\"el\",\"@id\":\"https:\/\/poudresdenarco.com\/produit\/a-ppp\/#primaryimage\",\"url\":\"https:\/\/poudresdenarco.com\/wp-content\/uploads\/2024\/10\/A-PPP.gif\",\"contentUrl\":\"https:\/\/poudresdenarco.com\/wp-content\/uploads\/2024\/10\/A-PPP.gif\",\"width\":600,\"height\":600},{\"@type\":\"BreadcrumbList\",\"@id\":\"https:\/\/poudresdenarco.com\/produit\/a-ppp\/#breadcrumb\",\"itemListElement\":[{\"@type\":\"ListItem\",\"position\":1,\"name\":\"Home\",\"item\":\"https:\/\/poudresdenarco.com\/\"},{\"@type\":\"ListItem\",\"position\":2,\"name\":\"Boutique\",\"item\":\"https:\/\/poudresdenarco.com\/boutique\/\"},{\"@type\":\"ListItem\",\"position\":3,\"name\":\"A-PPP\"}]},{\"@type\":\"WebSite\",\"@id\":\"https:\/\/poudresdenarco.com\/#website\",\"url\":\"https:\/\/poudresdenarco.com\/\",\"name\":\"Poudresde Narco\",\"description\":\"Acheter de la coca\u00efne et de l&#039;h\u00e9ro\u00efne en ligne\",\"potentialAction\":[{\"@type\":\"SearchAction\",\"target\":{\"@type\":\"EntryPoint\",\"urlTemplate\":\"https:\/\/poudresdenarco.com\/?s={search_term_string}\"},\"query-input\":{\"@type\":\"PropertyValueSpecification\",\"valueRequired\":true,\"valueName\":\"search_term_string\"}}],\"inLanguage\":\"el\"}]}<\/script>\n<!-- \/ Yoast SEO plugin. -->","yoast_head_json":{"title":"Acheter A-PPP en ligne - A-PPP \u00e0 vendre - Commander A-PPP","description":"Votre demande d'achat d'A-PPP en ligne peut \u00eatre satisfaite dans notre boutique en ligne car nous avons A-PPP \u00e0 vendre ici. Passez votre commande et obtenez des offres abordables tous les jours. Acheter A-PPP.","robots":{"index":"index","follow":"follow","max-snippet":"max-snippet:-1","max-image-preview":"max-image-preview:large","max-video-preview":"max-video-preview:-1"},"canonical":"https:\/\/poudresdenarco.com\/el\/\u03c0\u03c1\u03bf\u03ca\u03cc\u03bd\/a-ppp\/","og_locale":"el_GR","og_type":"article","og_title":"Acheter A-PPP en ligne - A-PPP \u00e0 vendre - Commander A-PPP","og_description":"Votre demande d'achat d'A-PPP en ligne peut \u00eatre satisfaite dans notre boutique en ligne car nous avons A-PPP \u00e0 vendre ici. Passez votre commande et obtenez des offres abordables tous les jours. Acheter A-PPP.","og_url":"https:\/\/poudresdenarco.com\/el\/\u03c0\u03c1\u03bf\u03ca\u03cc\u03bd\/a-ppp\/","og_site_name":"Poudresde Narco","article_modified_time":"2024-12-23T10:06:49+00:00","og_image":[{"width":600,"height":600,"url":"https:\/\/poudresdenarco.com\/wp-content\/uploads\/2024\/10\/A-PPP.gif","type":"image\/gif"}],"twitter_card":"summary_large_image","twitter_misc":{"\u0395\u03ba\u03c4\u03b9\u03bc\u03ce\u03bc\u03b5\u03bd\u03bf\u03c2 \u03c7\u03c1\u03cc\u03bd\u03bf\u03c2 \u03b1\u03bd\u03ac\u03b3\u03bd\u03c9\u03c3\u03b7\u03c2":"2 \u03bb\u03b5\u03c0\u03c4\u03ac"},"schema":{"@context":"https:\/\/schema.org","@graph":[{"@type":"WebPage","@id":"https:\/\/poudresdenarco.com\/produit\/a-ppp\/","url":"https:\/\/poudresdenarco.com\/produit\/a-ppp\/","name":"Acheter A-PPP en ligne - A-PPP \u00e0 vendre - Commander A-PPP","isPartOf":{"@id":"https:\/\/poudresdenarco.com\/#website"},"primaryImageOfPage":{"@id":"https:\/\/poudresdenarco.com\/produit\/a-ppp\/#primaryimage"},"image":{"@id":"https:\/\/poudresdenarco.com\/produit\/a-ppp\/#primaryimage"},"thumbnailUrl":"https:\/\/poudresdenarco.com\/wp-content\/uploads\/2024\/10\/A-PPP.gif","datePublished":"2024-10-16T11:26:58+00:00","dateModified":"2024-12-23T10:06:49+00:00","description":"Votre demande d'achat d'A-PPP en ligne peut \u00eatre satisfaite dans notre boutique en ligne car nous avons A-PPP \u00e0 vendre ici. Passez votre commande et obtenez des offres abordables tous les jours. Acheter A-PPP.","breadcrumb":{"@id":"https:\/\/poudresdenarco.com\/produit\/a-ppp\/#breadcrumb"},"inLanguage":"el","potentialAction":[{"@type":"ReadAction","target":["https:\/\/poudresdenarco.com\/produit\/a-ppp\/"]}]},{"@type":"ImageObject","inLanguage":"el","@id":"https:\/\/poudresdenarco.com\/produit\/a-ppp\/#primaryimage","url":"https:\/\/poudresdenarco.com\/wp-content\/uploads\/2024\/10\/A-PPP.gif","contentUrl":"https:\/\/poudresdenarco.com\/wp-content\/uploads\/2024\/10\/A-PPP.gif","width":600,"height":600},{"@type":"BreadcrumbList","@id":"https:\/\/poudresdenarco.com\/produit\/a-ppp\/#breadcrumb","itemListElement":[{"@type":"ListItem","position":1,"name":"Home","item":"https:\/\/poudresdenarco.com\/"},{"@type":"ListItem","position":2,"name":"Boutique","item":"https:\/\/poudresdenarco.com\/boutique\/"},{"@type":"ListItem","position":3,"name":"A-PPP"}]},{"@type":"WebSite","@id":"https:\/\/poudresdenarco.com\/#website","url":"https:\/\/poudresdenarco.com\/","name":"Poudresde Narco","description":"Acheter de la coca\u00efne et de l&#039;h\u00e9ro\u00efne en ligne","potentialAction":[{"@type":"SearchAction","target":{"@type":"EntryPoint","urlTemplate":"https:\/\/poudresdenarco.com\/?s={search_term_string}"},"query-input":{"@type":"PropertyValueSpecification","valueRequired":true,"valueName":"search_term_string"}}],"inLanguage":"el"}]}},"_links":{"self":[{"href":"https:\/\/poudresdenarco.com\/el\/wp-json\/wp\/v2\/product\/5369","targetHints":{"allow":["GET"]}}],"collection":[{"href":"https:\/\/poudresdenarco.com\/el\/wp-json\/wp\/v2\/product"}],"about":[{"href":"https:\/\/poudresdenarco.com\/el\/wp-json\/wp\/v2\/types\/product"}],"replies":[{"embeddable":true,"href":"https:\/\/poudresdenarco.com\/el\/wp-json\/wp\/v2\/comments?post=5369"}],"wp:featuredmedia":[{"embeddable":true,"href":"https:\/\/poudresdenarco.com\/el\/wp-json\/wp\/v2\/media\/5380"}],"wp:attachment":[{"href":"https:\/\/poudresdenarco.com\/el\/wp-json\/wp\/v2\/media?parent=5369"}],"wp:term":[{"taxonomy":"product_cat","embeddable":true,"href":"https:\/\/poudresdenarco.com\/el\/wp-json\/wp\/v2\/product_cat?post=5369"},{"taxonomy":"product_tag","embeddable":true,"href":"https:\/\/poudresdenarco.com\/el\/wp-json\/wp\/v2\/product_tag?post=5369"}],"curies":[{"name":"wp","href":"https:\/\/api.w.org\/{rel}","templated":true}]}}