{"id":5371,"date":"2024-10-16T11:26:59","date_gmt":"2024-10-16T11:26:59","guid":{"rendered":"https:\/\/poudresdenarco.com\/?post_type=product&#038;p=5371"},"modified":"2025-04-04T12:46:20","modified_gmt":"2025-04-04T12:46:20","slug":"alpha-pvp","status":"publish","type":"product","link":"https:\/\/poudresdenarco.com\/el\/\u03c0\u03c1\u03bf\u03ca\u03cc\u03bd\/alpha-pvp\/","title":{"rendered":"Alpha PVP"},"content":{"rendered":"<h2><strong>\u0391\u03b3\u03bf\u03c1\u03ac\u03c3\u03c4\u03b5 Alpha-PVP \u03c5\u03c8\u03b7\u03bb\u03ae\u03c2 \u03ba\u03b1\u03b8\u03b1\u03c1\u03cc\u03c4\u03b7\u03c4\u03b1\u03c2 \u03b3\u03b9\u03b1 \u03ad\u03c1\u03b5\u03c5\u03bd\u03b1 <a href=\"https:\/\/poudresdenarco.com\/el\/\u03c0\u03c1\u03bf\u03ca\u03cc\u03bd\/4\u03c6\u03b8\u03bf\u03c1\u03bf\u03ba\u03b1\u0390\u03bd\u03b7\/\">&#8211;<\/a> \u039d\u03b1\u03c1\u03ba\u03c9\u03c4\u03b9\u03ba\u03ad\u03c2 \u03c3\u03ba\u03cc\u03bd\u03b5\u03c2<\/strong><\/h2>\n<p><strong>\u039d\u03b1\u03c1\u03ba\u03c9\u03c4\u03b9\u03ba\u03ad\u03c2 \u03c3\u03ba\u03cc\u03bd\u03b5\u03c2<\/strong> \u03b5\u03af\u03bd\u03b1\u03b9 \u03bf \u03b1\u03be\u03b9\u03cc\u03c0\u03b9\u03c3\u03c4\u03bf\u03c2 \u03c0\u03c1\u03bf\u03bc\u03b7\u03b8\u03b5\u03c5\u03c4\u03ae\u03c2 \u03c3\u03b1\u03c2 \u03b3\u03b9\u03b1 <strong>\u0386\u03bb\u03c6\u03b1-PVP \u03c5\u03c8\u03b7\u03bb\u03ae\u03c2 \u03ba\u03b1\u03b8\u03b1\u03c1\u03cc\u03c4\u03b7\u03c4\u03b1\u03c2<\/strong>\u03c3\u03c7\u03b5\u03b4\u03b9\u03b1\u03c3\u03bc\u03ad\u03bd\u03bf \u03b1\u03c0\u03bf\u03ba\u03bb\u03b5\u03b9\u03c3\u03c4\u03b9\u03ba\u03ac \u03b3\u03b9\u03b1 <strong>\u03b5\u03c0\u03b9\u03c3\u03c4\u03b7\u03bc\u03bf\u03bd\u03b9\u03ba\u03ad\u03c2 \u03ba\u03b1\u03b9 \u03b1\u03bd\u03b1\u03bb\u03c5\u03c4\u03b9\u03ba\u03ad\u03c2 \u03b5\u03c1\u03b3\u03b1\u03c3\u03c4\u03b7\u03c1\u03b9\u03b1\u03ba\u03ad\u03c2 \u03b5\u03c6\u03b1\u03c1\u03bc\u03bf\u03b3\u03ad\u03c2<\/strong>. \u03a3\u03c7\u03b5\u03b4\u03b9\u03b1\u03c3\u03bc\u03ad\u03bd\u03bf \u03b3\u03b9\u03b1 \u03bd\u03b1 \u03ba\u03b1\u03bb\u03cd\u03c0\u03c4\u03b5\u03b9 \u03c4\u03b9\u03c2 \u03b1\u03bd\u03ac\u03b3\u03ba\u03b5\u03c2 \u03c4\u03c9\u03bd \u03b5\u03c1\u03b5\u03c5\u03bd\u03b7\u03c4\u03ce\u03bd \u03c3\u03c4\u03b7 \u03c7\u03b7\u03bc\u03b5\u03af\u03b1 \u03ba\u03b1\u03b9 \u03c4\u03b7 \u03c6\u03b1\u03c1\u03bc\u03b1\u03ba\u03bf\u03bb\u03bf\u03b3\u03af\u03b1, \u03c4\u03bf Alpha-PVP \u03c0\u03b1\u03c1\u03ac\u03b3\u03b5\u03c4\u03b1\u03b9 \u03bc\u03b5 \u03b1\u03c5\u03c3\u03c4\u03b7\u03c1\u03ac \u03c0\u03c1\u03cc\u03c4\u03c5\u03c0\u03b1 \u03c0\u03bf\u03b9\u03cc\u03c4\u03b7\u03c4\u03b1\u03c2, \u03b5\u03be\u03b1\u03c3\u03c6\u03b1\u03bb\u03af\u03b6\u03bf\u03bd\u03c4\u03b1\u03c2 \u03c3\u03c5\u03bd\u03b5\u03c0\u03ae \u03ba\u03b1\u03b9 \u03b1\u03be\u03b9\u03cc\u03c0\u03b9\u03c3\u03c4\u03b1 \u03b1\u03c0\u03bf\u03c4\u03b5\u03bb\u03ad\u03c3\u03bc\u03b1\u03c4\u03b1.<a href=\"https:\/\/cokebricks.com\/it\/\">.<\/a><\/p>\n<h3>\u0393\u03b9\u03b1\u03c4\u03af \u03bd\u03b1 \u03b5\u03c0\u03b9\u03bb\u03ad\u03be\u03b5\u03c4\u03b5 \u03c4\u03b7\u03bd Alpha-PVP de Poudres de Narco;<\/h3>\n<p>\u03a9\u03c2 <strong>\u03a0\u03c1\u03bf\u03bc\u03b7\u03b8\u03b5\u03c5\u03c4\u03ae\u03c2 Alpha-PVP \u03b3\u03b9\u03b1 \u03ad\u03c1\u03b5\u03c5\u03bd\u03b1<\/strong>, <strong>\u039d\u03b1\u03c1\u03ba\u03c9\u03c4\u03b9\u03ba\u03ad\u03c2 \u03c3\u03ba\u03cc\u03bd\u03b5\u03c2<\/strong> \u03b5\u03b3\u03b3\u03c5\u03ac\u03c4\u03b1\u03b9 \u03c4\u03b7\u03bd \u03b1\u03c3\u03c6\u03ac\u03bb\u03b5\u03b9\u03b1 \u03ba\u03b1\u03b9 \u03c4\u03b7\u03bd \u03ba\u03b1\u03b8\u03b1\u03c1\u03cc\u03c4\u03b7\u03c4\u03b1 \u03ba\u03ac\u03b8\u03b5 \u03c0\u03b1\u03c1\u03c4\u03af\u03b4\u03b1\u03c2, \u03b7 \u03bf\u03c0\u03bf\u03af\u03b1 \u03b5\u03af\u03bd\u03b1\u03b9 \u03b1\u03c0\u03b1\u03c1\u03b1\u03af\u03c4\u03b7\u03c4\u03b7 \u03b3\u03b9\u03b1 \u03c4\u03b7\u03bd <strong>\u03c0\u03b9\u03c3\u03c4\u03bf\u03c0\u03bf\u03b9\u03b7\u03bc\u03ad\u03bd\u03b5\u03c2 \u03b5\u03c1\u03b3\u03b1\u03c3\u03c4\u03b7\u03c1\u03b9\u03b1\u03ba\u03ad\u03c2 \u03b5\u03c6\u03b1\u03c1\u03bc\u03bf\u03b3\u03ad\u03c2<\/strong> :<\/p>\n<ul>\n<li><strong>Alpha-PVP \u03c5\u03c8\u03b7\u03bb\u03ae\u03c2 \u03ba\u03b1\u03b8\u03b1\u03c1\u03cc\u03c4\u03b7\u03c4\u03b1\u03c2 \u03b3\u03b9\u03b1 \u03b5\u03c1\u03b3\u03b1\u03c3\u03c4\u03ae\u03c1\u03b9\u03b1<\/strong> \u039a\u03ac\u03b8\u03b5 \u03c0\u03b1\u03c1\u03c4\u03af\u03b4\u03b1 Alpha-PVP \u03b5\u03bb\u03ad\u03b3\u03c7\u03b5\u03c4\u03b1\u03b9 \u03b1\u03c5\u03c3\u03c4\u03b7\u03c1\u03ac \u03b3\u03b9\u03b1 \u03bd\u03b1 \u03b4\u03b9\u03b1\u03c3\u03c6\u03b1\u03bb\u03b9\u03c3\u03c4\u03b5\u03af \u03b7 \u03b2\u03ad\u03bb\u03c4\u03b9\u03c3\u03c4\u03b7 \u03ba\u03b1\u03b8\u03b1\u03c1\u03cc\u03c4\u03b7\u03c4\u03b1, \u03b7 \u03bf\u03c0\u03bf\u03af\u03b1 \u03b5\u03af\u03bd\u03b1\u03b9 \u03b1\u03c0\u03b1\u03c1\u03b1\u03af\u03c4\u03b7\u03c4\u03b7 \u03b3\u03b9\u03b1 <strong>\u03b1\u03bd\u03b1\u03bb\u03c5\u03c4\u03b9\u03ba\u03ad\u03c2 \u03b5\u03c6\u03b1\u03c1\u03bc\u03bf\u03b3\u03ad\u03c2<\/strong> \u03ba\u03b1\u03b9 \u03bc\u03b5\u03bb\u03ad\u03c4\u03b5\u03c2 \u03b1\u03ba\u03c1\u03b9\u03b2\u03b5\u03af\u03b1\u03c2.<\/li>\n<li><strong>\u03a3\u03c4\u03b1\u03b8\u03b5\u03c1\u03ae \u03c0\u03bf\u03b9\u03cc\u03c4\u03b7\u03c4\u03b1 \u03ba\u03b1\u03b9 \u03b1\u03be\u03b9\u03bf\u03c0\u03b9\u03c3\u03c4\u03af\u03b1<\/strong> : \u03a4\u03bf Alpha-PVP \u03bc\u03b1\u03c2 \u03b5\u03af\u03bd\u03b1\u03b9 \u03c3\u03c7\u03b5\u03b4\u03b9\u03b1\u03c3\u03bc\u03ad\u03bd\u03bf \u03b3\u03b9\u03b1 \u03bd\u03b1 \u03c0\u03b1\u03c1\u03ad\u03c7\u03b5\u03b9 \u03c3\u03c4\u03b1\u03b8\u03b5\u03c1\u03ae \u03b1\u03c0\u03cc\u03b4\u03bf\u03c3\u03b7, \u03c0\u03c1\u03bf\u03c3\u03b1\u03c1\u03bc\u03bf\u03c3\u03bc\u03ad\u03bd\u03b7 \u03c3\u03c4\u03b9\u03c2 \u03b1\u03c0\u03b1\u03b9\u03c4\u03ae\u03c3\u03b5\u03b9\u03c2 \u03c4\u03c9\u03bd <strong>\u03c0\u03c1\u03bf\u03b7\u03b3\u03bc\u03ad\u03bd\u03b7 \u03b5\u03c1\u03b3\u03b1\u03c3\u03c4\u03b7\u03c1\u03b9\u03b1\u03ba\u03ae \u03ad\u03c1\u03b5\u03c5\u03bd\u03b1<\/strong>.<\/li>\n<li><strong>\u0391\u03c3\u03c6\u03b1\u03bb\u03ae\u03c2 online \u03c0\u03b1\u03c1\u03b1\u03b3\u03b3\u03b5\u03bb\u03af\u03b1<\/strong> : <strong>\u039d\u03b1\u03c1\u03ba\u03c9\u03c4\u03b9\u03ba\u03ad\u03c2 \u03c3\u03ba\u03cc\u03bd\u03b5\u03c2<\/strong> \u03b4\u03b9\u03b5\u03c5\u03ba\u03bf\u03bb\u03cd\u03bd\u03b5\u03b9 \u03c4\u03b7\u03bd<strong>\u03b1\u03b3\u03bf\u03c1\u03ac\u03b6\u03bf\u03bd\u03c4\u03b1\u03c2 Alpha-PVP online<\/strong> \u03bc\u03b5 \u03bc\u03b9\u03b1 \u03b1\u03c3\u03c6\u03b1\u03bb\u03ae, \u03c3\u03c5\u03bc\u03b2\u03b1\u03c4\u03ae \u03b4\u03b9\u03b1\u03b4\u03b9\u03ba\u03b1\u03c3\u03af\u03b1 \u03c0\u03c1\u03bf\u03c3\u03b1\u03c1\u03bc\u03bf\u03c3\u03bc\u03ad\u03bd\u03b7 \u03c3\u03c4\u03bf\u03c5\u03c2 \u03b5\u03c0\u03b1\u03b3\u03b3\u03b5\u03bb\u03bc\u03b1\u03c4\u03af\u03b5\u03c2 \u03c4\u03b7\u03c2 \u03ad\u03c1\u03b5\u03c5\u03bd\u03b1\u03c2.<\/li>\n<\/ul>\n<h3>\u0395\u03c6\u03b1\u03c1\u03bc\u03bf\u03b3\u03ad\u03c2 \u03ba\u03b1\u03b9 \u03bf\u03b4\u03b7\u03b3\u03af\u03b5\u03c2 \u03b1\u03c3\u03c6\u03b1\u03bb\u03b5\u03af\u03b1\u03c2<\/h3>\n<p>Le <strong>Alpha-PVP \u03b5\u03c1\u03b3\u03b1\u03c3\u03c4\u03b7\u03c1\u03b9\u03b1\u03ba\u03ae\u03c2 \u03c0\u03bf\u03b9\u03cc\u03c4\u03b7\u03c4\u03b1\u03c2<\/strong> \u03b1\u03c0\u03cc \u03c4\u03bf <strong>\u039d\u03b1\u03c1\u03ba\u03c9\u03c4\u03b9\u03ba\u03ad\u03c2 \u03c3\u03ba\u03cc\u03bd\u03b5\u03c2<\/strong> \u03ad\u03c7\u03b5\u03b9 \u03c3\u03c7\u03b5\u03b4\u03b9\u03b1\u03c3\u03c4\u03b5\u03af \u03b5\u03b9\u03b4\u03b9\u03ba\u03ac \u03b3\u03b9\u03b1 <strong>\u03b5\u03c0\u03b9\u03c3\u03c4\u03b7\u03bc\u03bf\u03bd\u03b9\u03ba\u03ad\u03c2 \u03b5\u03c6\u03b1\u03c1\u03bc\u03bf\u03b3\u03ad\u03c2<\/strong>. \u0393\u03b9\u03b1 \u03bd\u03b1 \u03b4\u03b9\u03b1\u03c3\u03c6\u03b1\u03bb\u03b9\u03c3\u03c4\u03b5\u03af \u03b7 \u03c3\u03c9\u03c3\u03c4\u03ae \u03ba\u03b1\u03b9 \u03b1\u03c3\u03c6\u03b1\u03bb\u03ae\u03c2 \u03c7\u03c1\u03ae\u03c3\u03b7, \u03c0\u03b1\u03c1\u03ad\u03c7\u03bf\u03c5\u03bc\u03b5 \u03b1\u03ba\u03c1\u03b9\u03b2\u03b5\u03af\u03c2 \u03bf\u03b4\u03b7\u03b3\u03af\u03b5\u03c2:<\/p>\n<ul>\n<li><strong>\u0391\u03c3\u03c6\u03b1\u03bb\u03ae\u03c2 \u03b1\u03c0\u03bf\u03b8\u03ae\u03ba\u03b5\u03c5\u03c3\u03b7<\/strong> \u03a6\u03c5\u03bb\u03ac\u03be\u03c4\u03b5 \u03c4\u03bf Alpha-PVP \u03c3\u03b5 \u03b4\u03c1\u03bf\u03c3\u03b5\u03c1\u03cc, \u03be\u03b7\u03c1\u03cc \u03bc\u03ad\u03c1\u03bf\u03c2 \u03bc\u03b1\u03ba\u03c1\u03b9\u03ac \u03b1\u03c0\u03cc \u03c4\u03bf \u03c6\u03c9\u03c2 \u03b3\u03b9\u03b1 \u03bd\u03b1 \u03b4\u03b9\u03b1\u03c4\u03b7\u03c1\u03ae\u03c3\u03b5\u03c4\u03b5 \u03c4\u03b7\u03bd \u03c0\u03bf\u03b9\u03cc\u03c4\u03b7\u03c4\u03ac \u03c4\u03bf\u03c5.<\/li>\n<li><strong>\u03a7\u03b5\u03b9\u03c1\u03b9\u03c3\u03bc\u03cc\u03c2 \u03bc\u03b5 \u03c0\u03c1\u03bf\u03c3\u03bf\u03c7\u03ae<\/strong> \u039d\u03b1 \u03c7\u03c1\u03b7\u03c3\u03b9\u03bc\u03bf\u03c0\u03bf\u03b9\u03b5\u03af\u03c4\u03b5 \u03b5\u03be\u03bf\u03c0\u03bb\u03b9\u03c3\u03bc\u03cc \u03b1\u03c4\u03bf\u03bc\u03b9\u03ba\u03ae\u03c2 \u03c0\u03c1\u03bf\u03c3\u03c4\u03b1\u03c3\u03af\u03b1\u03c2 (\u039c\u0391\u03a0) \u03ba\u03b1\u03b9 \u03bd\u03b1 \u03b5\u03c1\u03b3\u03ac\u03b6\u03b5\u03c3\u03c4\u03b5 \u03c3\u03b5 \u03ba\u03b1\u03bb\u03ac \u03b1\u03b5\u03c1\u03b9\u03b6\u03cc\u03bc\u03b5\u03bd\u03bf \u03c0\u03b5\u03c1\u03b9\u03b2\u03ac\u03bb\u03bb\u03bf\u03bd \u03b3\u03b9\u03b1 \u03bd\u03b1 \u03b4\u03b9\u03b1\u03c3\u03c6\u03b1\u03bb\u03af\u03b6\u03b5\u03c4\u03b1\u03b9 \u03b7 \u03b1\u03c3\u03c6\u03ac\u03bb\u03b5\u03b9\u03b1.<\/li>\n<li><strong>\u03a7\u03c1\u03ae\u03c3\u03b7 \u03b1\u03c0\u03bf\u03ba\u03bb\u03b5\u03b9\u03c3\u03c4\u03b9\u03ba\u03ac \u03b3\u03b9\u03b1 \u03ad\u03c1\u03b5\u03c5\u03bd\u03b1<\/strong> \u03a4\u03bf \u03c0\u03c1\u03bf\u03ca\u03cc\u03bd \u03b1\u03c5\u03c4\u03cc \u03c0\u03c1\u03bf\u03bf\u03c1\u03af\u03b6\u03b5\u03c4\u03b1\u03b9 \u03b1\u03c0\u03bf\u03ba\u03bb\u03b5\u03b9\u03c3\u03c4\u03b9\u03ba\u03ac \u03b3\u03b9\u03b1 \u03b5\u03b9\u03b4\u03b9\u03ba\u03b5\u03c5\u03bc\u03ad\u03bd\u03bf\u03c5\u03c2 \u03b5\u03c1\u03b5\u03c5\u03bd\u03b7\u03c4\u03ad\u03c2 \u03ba\u03b1\u03b9 \u03b5\u03c1\u03b3\u03b1\u03c3\u03c4\u03ae\u03c1\u03b9\u03b1 \u03c0\u03b9\u03c3\u03c4\u03bf\u03c0\u03bf\u03b9\u03b7\u03bc\u03ad\u03bd\u03b1 \u03b3\u03b9\u03b1 <strong>\u03c0\u03c1\u03bf\u03b7\u03b3\u03bc\u03ad\u03bd\u03b5\u03c2 \u03b5\u03c0\u03b9\u03c3\u03c4\u03b7\u03bc\u03bf\u03bd\u03b9\u03ba\u03ad\u03c2 \u03bc\u03b5\u03bb\u03ad\u03c4\u03b5\u03c2<\/strong>.<\/li>\n<\/ul>\n<h3>\u03a0\u03b1\u03c1\u03b1\u03b3\u03b3\u03b5\u03af\u03bb\u03b5\u03c4\u03b5 Alpha-PVP \u03c5\u03c8\u03b7\u03bb\u03ae\u03c2 \u03ba\u03b1\u03b8\u03b1\u03c1\u03cc\u03c4\u03b7\u03c4\u03b1\u03c2 \u03b3\u03b9\u03b1 \u03c4\u03b9\u03c2 \u03b5\u03c0\u03b9\u03c3\u03c4\u03b7\u03bc\u03bf\u03bd\u03b9\u03ba\u03ad\u03c2 \u03c3\u03b1\u03c2 \u03bc\u03b5\u03bb\u03ad\u03c4\u03b5\u03c2<\/h3>\n<p>\u039c\u03b5 <strong>\u039d\u03b1\u03c1\u03ba\u03c9\u03c4\u03b9\u03ba\u03ad\u03c2 \u03c3\u03ba\u03cc\u03bd\u03b5\u03c2<\/strong>\u03b5\u03c0\u03c9\u03c6\u03b5\u03bb\u03b7\u03b8\u03b5\u03af\u03c4\u03b5 \u03b1\u03c0\u03cc <strong>\u03b1\u03be\u03b9\u03cc\u03c0\u03b9\u03c3\u03c4\u03b7 \u03c0\u03c1\u03bf\u03bc\u03ae\u03b8\u03b5\u03b9\u03b1 Alpha-PVP \u03b3\u03b9\u03b1 \u03b5\u03c1\u03b3\u03b1\u03c3\u03c4\u03b7\u03c1\u03b9\u03b1\u03ba\u03ad\u03c2 \u03b5\u03c6\u03b1\u03c1\u03bc\u03bf\u03b3\u03ad\u03c2<\/strong>. \u0397 \u03b4\u03ad\u03c3\u03bc\u03b5\u03c5\u03c3\u03ae \u03bc\u03b1\u03c2 \u03b3\u03b9\u03b1 \u03c0\u03bf\u03b9\u03cc\u03c4\u03b7\u03c4\u03b1 \u03ba\u03b1\u03b9 \u03b1\u03c3\u03c6\u03ac\u03bb\u03b5\u03b9\u03b1 \u03c3\u03b7\u03bc\u03b1\u03af\u03bd\u03b5\u03b9 \u03cc\u03c4\u03b9 <strong>\u039d\u03b1\u03c1\u03ba\u03c9\u03c4\u03b9\u03ba\u03ad\u03c2 \u03c3\u03ba\u03cc\u03bd\u03b5\u03c2<\/strong> \u03b7 \u03b1\u03be\u03b9\u03cc\u03c0\u03b9\u03c3\u03c4\u03b7 \u03b5\u03c0\u03b9\u03bb\u03bf\u03b3\u03ae \u03b3\u03b9\u03b1 \u03c4\u03bf\u03c5\u03c2 \u03b5\u03c1\u03b5\u03c5\u03bd\u03b7\u03c4\u03ad\u03c2. <strong>\u0395\u03c0\u03b9\u03ba\u03bf\u03b9\u03bd\u03c9\u03bd\u03ae\u03c3\u03c4\u03b5 \u03bc\u03b1\u03b6\u03af \u03bc\u03b1\u03c2<\/strong> \u03b3\u03b9\u03b1 \u03c0\u03c1\u03bf\u03c3\u03c6\u03bf\u03c1\u03ac \u03ae \u03b3\u03b9\u03b1 \u03bd\u03b1 \u03bc\u03ac\u03b8\u03b5\u03c4\u03b5 \u03c0\u03b5\u03c1\u03b9\u03c3\u03c3\u03cc\u03c4\u03b5\u03c1\u03b1 \u03b3\u03b9\u03b1 \u03c4\u03b7 \u03c3\u03b5\u03b9\u03c1\u03ac \u03c0\u03c1\u03bf\u03ca\u03cc\u03bd\u03c4\u03c9\u03bd \u03c5\u03c8\u03b7\u03bb\u03ae\u03c2 \u03ba\u03b1\u03b8\u03b1\u03c1\u03cc\u03c4\u03b7\u03c4\u03b1\u03c2 \u03b3\u03b9\u03b1 \u03c4\u03b7\u03bd \u03b5\u03c0\u03b9\u03c3\u03c4\u03b7\u03bc\u03bf\u03bd\u03b9\u03ba\u03ae \u03ad\u03c1\u03b5\u03c5\u03bd\u03b1.<\/p>","protected":false},"excerpt":{"rendered":"<p>Acheter du Alpha-PVP de Haute Puret\u00e9 pour la Recherche &#8211; Poudres de Narco Poudres de Narco est votre fournisseur fiable pour le Alpha-PVP de haute puret\u00e9, destin\u00e9 exclusivement aux applications scientifiques et analytiques en laboratoire. Con\u00e7u pour r\u00e9pondre aux besoins des chercheurs en chimie et en pharmacologie, notre Alpha-PVP est produit selon des normes de&hellip;<\/p>","protected":false},"featured_media":5381,"comment_status":"open","ping_status":"closed","template":"","meta":{"_joinchat":[]},"product_cat":[558],"product_tag":[],"class_list":{"0":"post-5371","1":"product","2":"type-product","3":"status-publish","4":"has-post-thumbnail","6":"product_cat-chimiques-de-recherche","8":"first","9":"instock","10":"shipping-taxable","11":"purchasable","12":"product-type-variable","13":"col-xs-6 col-sm-4","14":"col-md-3 col-lg-3","15":"un-4-cols"},"yoast_head":"<!-- This site is optimized with the Yoast SEO plugin v23.8 - https:\/\/yoast.com\/wordpress\/plugins\/seo\/ -->\n<title>Acheter Alpha-PVP Recherche en Laboratoire | Poudres de Narco<\/title>\n<meta name=\"description\" content=\"Fournisseur de confiance pour Alpha-PVP de qualit\u00e9 laboratoire. Puret\u00e9 et s\u00e9curit\u00e9 garanties pour applications scientifiques chez Poudres de Narco\" \/>\n<meta name=\"robots\" content=\"index, follow, max-snippet:-1, max-image-preview:large, max-video-preview:-1\" \/>\n<link rel=\"canonical\" href=\"https:\/\/poudresdenarco.com\/el\/\u03c0\u03c1\u03bf\u03ca\u03cc\u03bd\/alpha-pvp\/\" \/>\n<meta property=\"og:locale\" content=\"el_GR\" \/>\n<meta property=\"og:type\" content=\"article\" \/>\n<meta property=\"og:title\" content=\"Acheter Alpha-PVP Recherche en Laboratoire | Poudres de Narco\" \/>\n<meta property=\"og:description\" content=\"Fournisseur de confiance pour Alpha-PVP de qualit\u00e9 laboratoire. Puret\u00e9 et s\u00e9curit\u00e9 garanties pour applications scientifiques chez Poudres de Narco\" \/>\n<meta property=\"og:url\" content=\"https:\/\/poudresdenarco.com\/el\/\u03c0\u03c1\u03bf\u03ca\u03cc\u03bd\/alpha-pvp\/\" \/>\n<meta property=\"og:site_name\" content=\"Poudresde Narco\" \/>\n<meta property=\"article:modified_time\" content=\"2025-04-04T12:46:20+00:00\" \/>\n<meta property=\"og:image\" content=\"https:\/\/poudresdenarco.com\/wp-content\/uploads\/2024\/10\/Alpha-pvp-1.gif\" \/>\n\t<meta property=\"og:image:width\" content=\"600\" \/>\n\t<meta property=\"og:image:height\" content=\"600\" \/>\n\t<meta property=\"og:image:type\" content=\"image\/gif\" \/>\n<meta name=\"twitter:card\" content=\"summary_large_image\" \/>\n<meta name=\"twitter:label1\" content=\"\u0395\u03ba\u03c4\u03b9\u03bc\u03ce\u03bc\u03b5\u03bd\u03bf\u03c2 \u03c7\u03c1\u03cc\u03bd\u03bf\u03c2 \u03b1\u03bd\u03ac\u03b3\u03bd\u03c9\u03c3\u03b7\u03c2\" \/>\n\t<meta name=\"twitter:data1\" content=\"2 \u03bb\u03b5\u03c0\u03c4\u03ac\" \/>\n<script type=\"application\/ld+json\" class=\"yoast-schema-graph\">{\"@context\":\"https:\/\/schema.org\",\"@graph\":[{\"@type\":\"WebPage\",\"@id\":\"https:\/\/poudresdenarco.com\/produit\/alpha-pvp\/\",\"url\":\"https:\/\/poudresdenarco.com\/produit\/alpha-pvp\/\",\"name\":\"Acheter Alpha-PVP Recherche en Laboratoire | Poudres de Narco\",\"isPartOf\":{\"@id\":\"https:\/\/poudresdenarco.com\/#website\"},\"primaryImageOfPage\":{\"@id\":\"https:\/\/poudresdenarco.com\/produit\/alpha-pvp\/#primaryimage\"},\"image\":{\"@id\":\"https:\/\/poudresdenarco.com\/produit\/alpha-pvp\/#primaryimage\"},\"thumbnailUrl\":\"https:\/\/poudresdenarco.com\/wp-content\/uploads\/2024\/10\/Alpha-pvp-1.gif\",\"datePublished\":\"2024-10-16T11:26:59+00:00\",\"dateModified\":\"2025-04-04T12:46:20+00:00\",\"description\":\"Fournisseur de confiance pour Alpha-PVP de qualit\u00e9 laboratoire. Puret\u00e9 et s\u00e9curit\u00e9 garanties pour applications scientifiques chez Poudres de Narco\",\"breadcrumb\":{\"@id\":\"https:\/\/poudresdenarco.com\/produit\/alpha-pvp\/#breadcrumb\"},\"inLanguage\":\"el\",\"potentialAction\":[{\"@type\":\"ReadAction\",\"target\":[\"https:\/\/poudresdenarco.com\/produit\/alpha-pvp\/\"]}]},{\"@type\":\"ImageObject\",\"inLanguage\":\"el\",\"@id\":\"https:\/\/poudresdenarco.com\/produit\/alpha-pvp\/#primaryimage\",\"url\":\"https:\/\/poudresdenarco.com\/wp-content\/uploads\/2024\/10\/Alpha-pvp-1.gif\",\"contentUrl\":\"https:\/\/poudresdenarco.com\/wp-content\/uploads\/2024\/10\/Alpha-pvp-1.gif\",\"width\":600,\"height\":600},{\"@type\":\"BreadcrumbList\",\"@id\":\"https:\/\/poudresdenarco.com\/produit\/alpha-pvp\/#breadcrumb\",\"itemListElement\":[{\"@type\":\"ListItem\",\"position\":1,\"name\":\"Home\",\"item\":\"https:\/\/poudresdenarco.com\/\"},{\"@type\":\"ListItem\",\"position\":2,\"name\":\"Boutique\",\"item\":\"https:\/\/poudresdenarco.com\/boutique\/\"},{\"@type\":\"ListItem\",\"position\":3,\"name\":\"Alpha PVP\"}]},{\"@type\":\"WebSite\",\"@id\":\"https:\/\/poudresdenarco.com\/#website\",\"url\":\"https:\/\/poudresdenarco.com\/\",\"name\":\"Poudresde Narco\",\"description\":\"Acheter de la coca\u00efne et de l&#039;h\u00e9ro\u00efne en ligne\",\"potentialAction\":[{\"@type\":\"SearchAction\",\"target\":{\"@type\":\"EntryPoint\",\"urlTemplate\":\"https:\/\/poudresdenarco.com\/?s={search_term_string}\"},\"query-input\":{\"@type\":\"PropertyValueSpecification\",\"valueRequired\":true,\"valueName\":\"search_term_string\"}}],\"inLanguage\":\"el\"}]}<\/script>\n<!-- \/ Yoast SEO plugin. -->","yoast_head_json":{"title":"Acheter Alpha-PVP Recherche en Laboratoire | Poudres de Narco","description":"Fournisseur de confiance pour Alpha-PVP de qualit\u00e9 laboratoire. Puret\u00e9 et s\u00e9curit\u00e9 garanties pour applications scientifiques chez Poudres de Narco","robots":{"index":"index","follow":"follow","max-snippet":"max-snippet:-1","max-image-preview":"max-image-preview:large","max-video-preview":"max-video-preview:-1"},"canonical":"https:\/\/poudresdenarco.com\/el\/\u03c0\u03c1\u03bf\u03ca\u03cc\u03bd\/alpha-pvp\/","og_locale":"el_GR","og_type":"article","og_title":"Acheter Alpha-PVP Recherche en Laboratoire | Poudres de Narco","og_description":"Fournisseur de confiance pour Alpha-PVP de qualit\u00e9 laboratoire. Puret\u00e9 et s\u00e9curit\u00e9 garanties pour applications scientifiques chez Poudres de Narco","og_url":"https:\/\/poudresdenarco.com\/el\/\u03c0\u03c1\u03bf\u03ca\u03cc\u03bd\/alpha-pvp\/","og_site_name":"Poudresde Narco","article_modified_time":"2025-04-04T12:46:20+00:00","og_image":[{"width":600,"height":600,"url":"https:\/\/poudresdenarco.com\/wp-content\/uploads\/2024\/10\/Alpha-pvp-1.gif","type":"image\/gif"}],"twitter_card":"summary_large_image","twitter_misc":{"\u0395\u03ba\u03c4\u03b9\u03bc\u03ce\u03bc\u03b5\u03bd\u03bf\u03c2 \u03c7\u03c1\u03cc\u03bd\u03bf\u03c2 \u03b1\u03bd\u03ac\u03b3\u03bd\u03c9\u03c3\u03b7\u03c2":"2 \u03bb\u03b5\u03c0\u03c4\u03ac"},"schema":{"@context":"https:\/\/schema.org","@graph":[{"@type":"WebPage","@id":"https:\/\/poudresdenarco.com\/produit\/alpha-pvp\/","url":"https:\/\/poudresdenarco.com\/produit\/alpha-pvp\/","name":"Acheter Alpha-PVP Recherche en Laboratoire | Poudres de Narco","isPartOf":{"@id":"https:\/\/poudresdenarco.com\/#website"},"primaryImageOfPage":{"@id":"https:\/\/poudresdenarco.com\/produit\/alpha-pvp\/#primaryimage"},"image":{"@id":"https:\/\/poudresdenarco.com\/produit\/alpha-pvp\/#primaryimage"},"thumbnailUrl":"https:\/\/poudresdenarco.com\/wp-content\/uploads\/2024\/10\/Alpha-pvp-1.gif","datePublished":"2024-10-16T11:26:59+00:00","dateModified":"2025-04-04T12:46:20+00:00","description":"Fournisseur de confiance pour Alpha-PVP de qualit\u00e9 laboratoire. Puret\u00e9 et s\u00e9curit\u00e9 garanties pour applications scientifiques chez Poudres de Narco","breadcrumb":{"@id":"https:\/\/poudresdenarco.com\/produit\/alpha-pvp\/#breadcrumb"},"inLanguage":"el","potentialAction":[{"@type":"ReadAction","target":["https:\/\/poudresdenarco.com\/produit\/alpha-pvp\/"]}]},{"@type":"ImageObject","inLanguage":"el","@id":"https:\/\/poudresdenarco.com\/produit\/alpha-pvp\/#primaryimage","url":"https:\/\/poudresdenarco.com\/wp-content\/uploads\/2024\/10\/Alpha-pvp-1.gif","contentUrl":"https:\/\/poudresdenarco.com\/wp-content\/uploads\/2024\/10\/Alpha-pvp-1.gif","width":600,"height":600},{"@type":"BreadcrumbList","@id":"https:\/\/poudresdenarco.com\/produit\/alpha-pvp\/#breadcrumb","itemListElement":[{"@type":"ListItem","position":1,"name":"Home","item":"https:\/\/poudresdenarco.com\/"},{"@type":"ListItem","position":2,"name":"Boutique","item":"https:\/\/poudresdenarco.com\/boutique\/"},{"@type":"ListItem","position":3,"name":"Alpha PVP"}]},{"@type":"WebSite","@id":"https:\/\/poudresdenarco.com\/#website","url":"https:\/\/poudresdenarco.com\/","name":"Poudresde Narco","description":"Acheter de la coca\u00efne et de l&#039;h\u00e9ro\u00efne en ligne","potentialAction":[{"@type":"SearchAction","target":{"@type":"EntryPoint","urlTemplate":"https:\/\/poudresdenarco.com\/?s={search_term_string}"},"query-input":{"@type":"PropertyValueSpecification","valueRequired":true,"valueName":"search_term_string"}}],"inLanguage":"el"}]}},"_links":{"self":[{"href":"https:\/\/poudresdenarco.com\/el\/wp-json\/wp\/v2\/product\/5371","targetHints":{"allow":["GET"]}}],"collection":[{"href":"https:\/\/poudresdenarco.com\/el\/wp-json\/wp\/v2\/product"}],"about":[{"href":"https:\/\/poudresdenarco.com\/el\/wp-json\/wp\/v2\/types\/product"}],"replies":[{"embeddable":true,"href":"https:\/\/poudresdenarco.com\/el\/wp-json\/wp\/v2\/comments?post=5371"}],"wp:featuredmedia":[{"embeddable":true,"href":"https:\/\/poudresdenarco.com\/el\/wp-json\/wp\/v2\/media\/5381"}],"wp:attachment":[{"href":"https:\/\/poudresdenarco.com\/el\/wp-json\/wp\/v2\/media?parent=5371"}],"wp:term":[{"taxonomy":"product_cat","embeddable":true,"href":"https:\/\/poudresdenarco.com\/el\/wp-json\/wp\/v2\/product_cat?post=5371"},{"taxonomy":"product_tag","embeddable":true,"href":"https:\/\/poudresdenarco.com\/el\/wp-json\/wp\/v2\/product_tag?post=5371"}],"curies":[{"name":"wp","href":"https:\/\/api.w.org\/{rel}","templated":true}]}}