{"id":6043,"date":"2024-10-16T11:32:31","date_gmt":"2024-10-16T11:32:31","guid":{"rendered":"https:\/\/poudresdenarco.com\/?post_type=product&#038;p=6043"},"modified":"2024-12-23T09:34:13","modified_gmt":"2024-12-23T09:34:13","slug":"mdma","status":"publish","type":"product","link":"https:\/\/poudresdenarco.com\/el\/\u03c0\u03c1\u03bf\u03ca\u03cc\u03bd\/mdma\/","title":{"rendered":"MDMA"},"content":{"rendered":"<h2>Acheter MDMA en ligne.<\/h2>\n<p>Les cristaux de poudre <a href=\"https:\/\/poudresdenarco.com\/el\/\u03c0\u03c1\u03bf\u03ca\u03cc\u03bd\/mdma\/\">MDMA<\/a> sont une combinaison stimulante et psych\u00e9d\u00e9lique qui provoque des distorsions \u00e9nerg\u00e9tiques, une perception alt\u00e9r\u00e9e du temps et un plaisir accru des stimuli tactile Acheter MDMA.<br \/>\n1, 2 Les effets de la MDMA, qui signifie 3,4-m\u00e9thyl\u00e8nedioxym\u00e9thamph\u00e9tamine, sont g\u00e9n\u00e9ralement ressentis trois \u00e0 six heures apr\u00e8s une administration orale, g\u00e9n\u00e9ralement sous forme de comprim\u00e9 ou de capsule.<\/p>\n<p>Une \u00e0 deux pilules, contenant chacune entre 60 et 120 milligrammes de MDMA, est la dose habituellement rapport\u00e9e.<\/p>\n<p>Lorsque les effets de la premi\u00e8re dose commencent \u00e0 s&rsquo;estomper, il est habituel que les utilisateurs prennent une deuxi\u00e8me dose du m\u00e9dicament.<\/p>\n<p>La 3,4-m\u00e9thyl\u00e8nedioxym\u00e9thamph\u00e9tamine, ou cristaux de poudre MDMA, est une substance synth\u00e9tique qui affecte l&rsquo;humeur et la perception (conscience de l&rsquo;environnement). <a href=\"https:\/\/poudresdenarco.com\/el\/\">\u03a3\u03ba\u03cc\u03bd\u03b7Denarco<\/a><\/p>\n<p>Elle produit des sentiments d&rsquo;\u00e9nergie accrue, de plaisir, de chaleur \u00e9motionnelle et de perception sensorielle et temporelle biais\u00e9e. Chimiquement, elle est comparable \u00e0 la fois aux stimulants et aux hallucinog\u00e8nes.<\/p>\n<p>Les cristaux de poudre de <a href=\"https:\/\/en.wikipedia.org\/wiki\/MDMA\">MDMA<\/a> ont gagn\u00e9 en popularit\u00e9 dans l\u2019industrie des bo\u00eetes de nuit et lors des soir\u00e9es dansantes, ou \u00ab raves \u00bb, mais les consommateurs actuels de cette substance sont plus diversifi\u00e9s et plus susceptibles de l\u2019appeler Molly ou Ecstasy.<\/p>\n<h3><strong>Acheter du MDMA de Haute Puret\u00e9 pour la Recherche &#8211; Poudres de Narco<\/strong><\/h3>\n<p><strong>\u039d\u03b1\u03c1\u03ba\u03c9\u03c4\u03b9\u03ba\u03ad\u03c2 \u03c3\u03ba\u03cc\u03bd\u03b5\u03c2<\/strong> \u03b5\u03af\u03bd\u03b1\u03b9 \u03b7 \u03b1\u03be\u03b9\u03cc\u03c0\u03b9\u03c3\u03c4\u03b7 \u03c0\u03b7\u03b3\u03ae \u03c3\u03b1\u03c2 \u03b3\u03b9\u03b1 <strong>MDMA de qualit\u00e9 recherche<\/strong>\u03c3\u03c7\u03b5\u03b4\u03b9\u03b1\u03c3\u03bc\u03ad\u03bd\u03bf \u03b1\u03c0\u03bf\u03ba\u03bb\u03b5\u03b9\u03c3\u03c4\u03b9\u03ba\u03ac \u03b3\u03b9\u03b1 <strong>\u03b5\u03c0\u03b9\u03c3\u03c4\u03b7\u03bc\u03bf\u03bd\u03b9\u03ba\u03ad\u03c2 \u03b5\u03c1\u03b3\u03b1\u03c3\u03c4\u03b7\u03c1\u03b9\u03b1\u03ba\u03ad\u03c2 \u03b5\u03c6\u03b1\u03c1\u03bc\u03bf\u03b3\u03ad\u03c2<\/strong>. Notre MDMA est produit selon des normes rigoureuses de puret\u00e9 et de qualit\u00e9, garantissant des r\u00e9sultats fiables pour les chercheurs en chimie et pharmacologie.<\/p>\n<h3>Pourquoi Choisir le MDMA de Poudres de Narco ?<\/h3>\n<p>\u03a9\u03c2 <strong>fournisseur de MDMA pour la recherche<\/strong>, <strong>\u039d\u03b1\u03c1\u03ba\u03c9\u03c4\u03b9\u03ba\u03ad\u03c2 \u03c3\u03ba\u03cc\u03bd\u03b5\u03c2<\/strong> \u03b1\u03bd\u03b1\u03bb\u03b1\u03bc\u03b2\u03ac\u03bd\u03b5\u03b9 \u03c4\u03b7\u03bd \u03c5\u03c0\u03bf\u03c7\u03c1\u03ad\u03c9\u03c3\u03b7 \u03bd\u03b1 \u03c0\u03c1\u03bf\u03bc\u03b7\u03b8\u03b5\u03cd\u03b5\u03b9 \u03c0\u03c1\u03bf\u03ca\u03cc\u03bd\u03c4\u03b1 \u03c0\u03bf\u03c5 \u03c0\u03bb\u03b7\u03c1\u03bf\u03cd\u03bd \u03c4\u03b9\u03c2 \u03b1\u03c0\u03b1\u03b9\u03c4\u03ae\u03c3\u03b5\u03b9\u03c2 \u03c4\u03b7\u03c2 <strong>\u03c0\u03b9\u03c3\u03c4\u03bf\u03c0\u03bf\u03b9\u03b7\u03bc\u03ad\u03bd\u03b1 \u03b5\u03c1\u03b3\u03b1\u03c3\u03c4\u03ae\u03c1\u03b9\u03b1<\/strong> :<\/p>\n<ul>\n<li><strong>MDMA de Haute Puret\u00e9 pour Laboratoires<\/strong> : \u039a\u03ac\u03b8\u03b5 \u03c0\u03b1\u03c1\u03c4\u03af\u03b4\u03b1 \u03b5\u03bb\u03ad\u03b3\u03c7\u03b5\u03c4\u03b1\u03b9 \u03b1\u03c5\u03c3\u03c4\u03b7\u03c1\u03ac \u03b3\u03b9\u03b1 \u03bd\u03b1 \u03b5\u03be\u03b1\u03c3\u03c6\u03b1\u03bb\u03b9\u03c3\u03c4\u03b5\u03af \u03b7 \u03b2\u03ad\u03bb\u03c4\u03b9\u03c3\u03c4\u03b7 \u03ba\u03b1\u03b8\u03b1\u03c1\u03cc\u03c4\u03b7\u03c4\u03b1, \u03b7 \u03bf\u03c0\u03bf\u03af\u03b1 \u03b5\u03af\u03bd\u03b1\u03b9 \u03b1\u03c0\u03b1\u03c1\u03b1\u03af\u03c4\u03b7\u03c4\u03b7 \u03b3\u03b9\u03b1 <strong>\u03b5\u03c0\u03b9\u03c3\u03c4\u03b7\u03bc\u03bf\u03bd\u03b9\u03ba\u03ad\u03c2 \u03b5\u03c6\u03b1\u03c1\u03bc\u03bf\u03b3\u03ad\u03c2 \u03b1\u03ba\u03c1\u03b9\u03b2\u03b5\u03af\u03b1\u03c2<\/strong>.<\/li>\n<li><strong>\u03a3\u03c4\u03b1\u03b8\u03b5\u03c1\u03ae, \u03b1\u03be\u03b9\u03cc\u03c0\u03b9\u03c3\u03c4\u03b7 \u03c0\u03bf\u03b9\u03cc\u03c4\u03b7\u03c4\u03b1<\/strong> : Notre MDMA est formul\u00e9 pour des performances stables et fiables, adapt\u00e9es aux <strong>\u03b1\u03bd\u03b1\u03bb\u03c5\u03c4\u03b9\u03ba\u03ad\u03c2 \u03b5\u03c1\u03b3\u03b1\u03c3\u03c4\u03b7\u03c1\u03b9\u03b1\u03ba\u03ad\u03c2 \u03bc\u03b5\u03bb\u03ad\u03c4\u03b5\u03c2<\/strong>.<\/li>\n<li><strong>\u0391\u03c3\u03c6\u03b1\u03bb\u03ae\u03c2 online \u03c0\u03b1\u03c1\u03b1\u03b3\u03b3\u03b5\u03bb\u03af\u03b1<\/strong> : <strong>\u039d\u03b1\u03c1\u03ba\u03c9\u03c4\u03b9\u03ba\u03ad\u03c2 \u03c3\u03ba\u03cc\u03bd\u03b5\u03c2<\/strong> propose un processus simplifi\u00e9 et s\u00e9curis\u00e9 pour l\u2019<strong>achat de MDMA en ligne<\/strong>\u03b4\u03b9\u03b1\u03c3\u03c6\u03ac\u03bb\u03b9\u03c3\u03b7 \u03c4\u03b7\u03c2 \u03b1\u03c3\u03c6\u03ac\u03bb\u03b5\u03b9\u03b1\u03c2 \u03ba\u03b1\u03b9 \u03c4\u03b7\u03c2 \u03c3\u03c5\u03bc\u03bc\u03cc\u03c1\u03c6\u03c9\u03c3\u03b7\u03c2 \u03b3\u03b9\u03b1 \u03c4\u03bf\u03c5\u03c2 \u03b5\u03c0\u03b1\u03b3\u03b3\u03b5\u03bb\u03bc\u03b1\u03c4\u03af\u03b5\u03c2 \u03c4\u03b7\u03c2 \u03ad\u03c1\u03b5\u03c5\u03bd\u03b1\u03c2.<\/li>\n<\/ul>\n<h3>\u0395\u03c6\u03b1\u03c1\u03bc\u03bf\u03b3\u03ad\u03c2 \u03ba\u03b1\u03b9 \u03bf\u03b4\u03b7\u03b3\u03af\u03b5\u03c2 \u03b1\u03c3\u03c6\u03b1\u03bb\u03b5\u03af\u03b1\u03c2<\/h3>\n<p>Le <strong>MDMA pour recherche<\/strong> \u03b1\u03c0\u03cc \u03c4\u03bf <strong>\u039d\u03b1\u03c1\u03ba\u03c9\u03c4\u03b9\u03ba\u03ad\u03c2 \u03c3\u03ba\u03cc\u03bd\u03b5\u03c2<\/strong> \u03c0\u03c1\u03bf\u03bf\u03c1\u03af\u03b6\u03b5\u03c4\u03b1\u03b9 \u03b3\u03b9\u03b1 <strong>\u03b1\u03bd\u03b1\u03bb\u03c5\u03c4\u03b9\u03ba\u03ad\u03c2 \u03b5\u03c6\u03b1\u03c1\u03bc\u03bf\u03b3\u03ad\u03c2 \u03ba\u03b1\u03b9 \u03b5\u03c0\u03b9\u03c3\u03c4\u03b7\u03bc\u03bf\u03bd\u03b9\u03ba\u03ad\u03c2 \u03bc\u03b5\u03bb\u03ad\u03c4\u03b5\u03c2<\/strong>. \u0393\u03b9\u03b1 \u03bd\u03b1 \u03b4\u03b9\u03b1\u03c3\u03c6\u03b1\u03bb\u03b9\u03c3\u03c4\u03b5\u03af \u03b7 \u03b1\u03c3\u03c6\u03b1\u03bb\u03ae\u03c2 \u03ba\u03b1\u03b9 \u03c3\u03c9\u03c3\u03c4\u03ae \u03c7\u03c1\u03ae\u03c3\u03b7, \u03c0\u03b1\u03c1\u03ad\u03c7\u03bf\u03c5\u03bc\u03b5 \u03bb\u03b5\u03c0\u03c4\u03bf\u03bc\u03b5\u03c1\u03b5\u03af\u03c2 \u03bf\u03b4\u03b7\u03b3\u03af\u03b5\u03c2 \u03b1\u03c3\u03c6\u03b1\u03bb\u03b5\u03af\u03b1\u03c2:<\/p>\n<ul>\n<li><strong>\u0391\u03c3\u03c6\u03b1\u03bb\u03ae\u03c2 \u03b1\u03c0\u03bf\u03b8\u03ae\u03ba\u03b5\u03c5\u03c3\u03b7<\/strong> : Conservez le MDMA dans un endroit frais, sec, et \u00e0 l\u2019abri de la lumi\u00e8re pour maintenir sa qualit\u00e9.<\/li>\n<li><strong>\u03a7\u03b5\u03b9\u03c1\u03b9\u03c3\u03bc\u03cc\u03c2 \u03bc\u03b5 \u03c0\u03c1\u03bf\u03c6\u03c5\u03bb\u03ac\u03be\u03b5\u03b9\u03c2<\/strong> \u039d\u03b1 \u03c7\u03c1\u03b7\u03c3\u03b9\u03bc\u03bf\u03c0\u03bf\u03b9\u03b5\u03af\u03c4\u03b5 \u03b5\u03be\u03bf\u03c0\u03bb\u03b9\u03c3\u03bc\u03cc \u03b1\u03c4\u03bf\u03bc\u03b9\u03ba\u03ae\u03c2 \u03c0\u03c1\u03bf\u03c3\u03c4\u03b1\u03c3\u03af\u03b1\u03c2 (\u039c\u0391\u03a0) \u03ba\u03b1\u03b9 \u03bd\u03b1 \u03b5\u03c1\u03b3\u03ac\u03b6\u03b5\u03c3\u03c4\u03b5 \u03c3\u03b5 \u03ba\u03b1\u03bb\u03ac \u03b1\u03b5\u03c1\u03b9\u03b6\u03cc\u03bc\u03b5\u03bd\u03bf \u03c0\u03b5\u03c1\u03b9\u03b2\u03ac\u03bb\u03bb\u03bf\u03bd \u03b3\u03b9\u03b1 \u03bd\u03b1 \u03b4\u03b9\u03b1\u03c3\u03c6\u03b1\u03bb\u03af\u03b6\u03b5\u03c4\u03b1\u03b9 \u03b7 \u03b1\u03c3\u03c6\u03ac\u03bb\u03b5\u03b9\u03b1.<\/li>\n<li><strong>\u03a7\u03c1\u03ae\u03c3\u03b7 \u03b1\u03c0\u03bf\u03ba\u03bb\u03b5\u03b9\u03c3\u03c4\u03b9\u03ba\u03ac \u03b3\u03b9\u03b1 \u03ad\u03c1\u03b5\u03c5\u03bd\u03b1<\/strong> \u03a4\u03bf \u03c0\u03c1\u03bf\u03ca\u03cc\u03bd \u03b1\u03c5\u03c4\u03cc \u03c0\u03c1\u03bf\u03bf\u03c1\u03af\u03b6\u03b5\u03c4\u03b1\u03b9 \u03b1\u03c0\u03bf\u03ba\u03bb\u03b5\u03b9\u03c3\u03c4\u03b9\u03ba\u03ac \u03b3\u03b9\u03b1 \u03b5\u03be\u03b5\u03b9\u03b4\u03b9\u03ba\u03b5\u03c5\u03bc\u03ad\u03bd\u03bf\u03c5\u03c2 \u03b5\u03c1\u03b5\u03c5\u03bd\u03b7\u03c4\u03ad\u03c2 \u03ba\u03b1\u03b9 \u03c0\u03b9\u03c3\u03c4\u03bf\u03c0\u03bf\u03b9\u03b7\u03bc\u03ad\u03bd\u03b1 \u03b5\u03c1\u03b3\u03b1\u03c3\u03c4\u03ae\u03c1\u03b9\u03b1.<\/li>\n<\/ul>\n<h3>Commandez du MDMA de Haute Puret\u00e9 pour vos \u00c9tudes Scientifiques<\/h3>\n<p>\u039c\u03b5 <strong>\u039d\u03b1\u03c1\u03ba\u03c9\u03c4\u03b9\u03ba\u03ad\u03c2 \u03c3\u03ba\u03cc\u03bd\u03b5\u03c2<\/strong>\u03b5\u03c0\u03c9\u03c6\u03b5\u03bb\u03b7\u03b8\u03b5\u03af\u03c4\u03b5 \u03b1\u03c0\u03cc <strong>approvisionnement fiable en MDMA pour applications de laboratoire<\/strong>. \u03a4\u03b1 \u03c5\u03c8\u03b7\u03bb\u03ac \u03bc\u03b1\u03c2 \u03c0\u03c1\u03cc\u03c4\u03c5\u03c0\u03b1 \u03c0\u03bf\u03b9\u03cc\u03c4\u03b7\u03c4\u03b1\u03c2 \u03ba\u03b1\u03b9 \u03b1\u03c3\u03c6\u03ac\u03bb\u03b5\u03b9\u03b1\u03c2 \u03c3\u03b7\u03bc\u03b1\u03af\u03bd\u03bf\u03c5\u03bd \u03cc\u03c4\u03b9 <strong>\u039d\u03b1\u03c1\u03ba\u03c9\u03c4\u03b9\u03ba\u03ad\u03c2 \u03c3\u03ba\u03cc\u03bd\u03b5\u03c2<\/strong> \u03b7 \u03b9\u03b4\u03b1\u03bd\u03b9\u03ba\u03ae \u03b5\u03c0\u03b9\u03bb\u03bf\u03b3\u03ae \u03b3\u03b9\u03b1 \u03c4\u03bf\u03c5\u03c2 \u03b5\u03c0\u03b1\u03b3\u03b3\u03b5\u03bb\u03bc\u03b1\u03c4\u03af\u03b5\u03c2 \u03c4\u03b7\u03c2 \u03ad\u03c1\u03b5\u03c5\u03bd\u03b1\u03c2. <strong>\u0395\u03c0\u03b9\u03ba\u03bf\u03b9\u03bd\u03c9\u03bd\u03ae\u03c3\u03c4\u03b5 \u03bc\u03b1\u03b6\u03af \u03bc\u03b1\u03c2<\/strong> \u03b3\u03b9\u03b1 \u03c0\u03c1\u03bf\u03c3\u03c6\u03bf\u03c1\u03ac \u03ae \u03b3\u03b9\u03b1 \u03bd\u03b1 \u03bc\u03ac\u03b8\u03b5\u03c4\u03b5 \u03c0\u03b5\u03c1\u03b9\u03c3\u03c3\u03cc\u03c4\u03b5\u03c1\u03b1 \u03b3\u03b9\u03b1 \u03c4\u03b7 \u03c3\u03b5\u03b9\u03c1\u03ac \u03c0\u03c1\u03bf\u03ca\u03cc\u03bd\u03c4\u03c9\u03bd \u03c5\u03c8\u03b7\u03bb\u03ae\u03c2 \u03ba\u03b1\u03b8\u03b1\u03c1\u03cc\u03c4\u03b7\u03c4\u03b1\u03c2 \u03b3\u03b9\u03b1 \u03c4\u03b7\u03bd \u03b5\u03c0\u03b9\u03c3\u03c4\u03b7\u03bc\u03bf\u03bd\u03b9\u03ba\u03ae \u03ad\u03c1\u03b5\u03c5\u03bd\u03b1.<\/p>\n<p>&nbsp;<\/p>","protected":false},"excerpt":{"rendered":"<p>Acheter MDMA en ligne. Les cristaux de poudre MDMA sont une combinaison stimulante et psych\u00e9d\u00e9lique qui provoque des distorsions \u00e9nerg\u00e9tiques, une perception alt\u00e9r\u00e9e du temps et un plaisir accru des stimuli tactile Acheter MDMA. 1, 2 Les effets de la MDMA, qui signifie 3,4-m\u00e9thyl\u00e8nedioxym\u00e9thamph\u00e9tamine, sont g\u00e9n\u00e9ralement ressentis trois \u00e0 six heures apr\u00e8s une administration orale,&hellip;<\/p>","protected":false},"featured_media":6196,"comment_status":"open","ping_status":"closed","template":"","meta":{"_joinchat":[]},"product_cat":[558,751],"product_tag":[],"class_list":{"0":"post-6043","1":"product","2":"type-product","3":"status-publish","4":"has-post-thumbnail","6":"product_cat-chimiques-de-recherche","7":"product_cat-stimulants","9":"first","10":"instock","11":"shipping-taxable","12":"purchasable","13":"product-type-variable","14":"col-xs-6 col-sm-4","15":"col-md-3 col-lg-3","16":"un-4-cols"},"yoast_head":"<!-- This site is optimized with the Yoast SEO plugin v23.8 - https:\/\/yoast.com\/wordpress\/plugins\/seo\/ -->\n<title>Acheter MDMA de Haute la Recherche | Poudres de Narco<\/title>\n<meta name=\"description\" content=\"Fournisseur de MDMA pour applications scientifiques en laboratoire. Puret\u00e9 et s\u00e9curit\u00e9 garanties pour recherches avanc\u00e9es chez Poudres de Narco.\" \/>\n<meta name=\"robots\" content=\"index, follow, max-snippet:-1, max-image-preview:large, max-video-preview:-1\" \/>\n<link rel=\"canonical\" href=\"https:\/\/poudresdenarco.com\/el\/\u03c0\u03c1\u03bf\u03ca\u03cc\u03bd\/mdma\/\" \/>\n<meta property=\"og:locale\" content=\"el_GR\" \/>\n<meta property=\"og:type\" content=\"article\" \/>\n<meta property=\"og:title\" content=\"Acheter MDMA de Haute la Recherche | Poudres de Narco\" \/>\n<meta property=\"og:description\" content=\"Fournisseur de MDMA pour applications scientifiques en laboratoire. Puret\u00e9 et s\u00e9curit\u00e9 garanties pour recherches avanc\u00e9es chez Poudres de Narco.\" \/>\n<meta property=\"og:url\" content=\"https:\/\/poudresdenarco.com\/el\/\u03c0\u03c1\u03bf\u03ca\u03cc\u03bd\/mdma\/\" \/>\n<meta property=\"og:site_name\" content=\"Poudresde Narco\" \/>\n<meta property=\"article:modified_time\" content=\"2024-12-23T09:34:13+00:00\" \/>\n<meta property=\"og:image\" content=\"https:\/\/poudresdenarco.com\/wp-content\/uploads\/2024\/10\/MDMA-1.gif\" \/>\n\t<meta property=\"og:image:width\" content=\"600\" \/>\n\t<meta property=\"og:image:height\" content=\"600\" \/>\n\t<meta property=\"og:image:type\" content=\"image\/gif\" \/>\n<meta name=\"twitter:card\" content=\"summary_large_image\" \/>\n<meta name=\"twitter:label1\" content=\"\u0395\u03ba\u03c4\u03b9\u03bc\u03ce\u03bc\u03b5\u03bd\u03bf\u03c2 \u03c7\u03c1\u03cc\u03bd\u03bf\u03c2 \u03b1\u03bd\u03ac\u03b3\u03bd\u03c9\u03c3\u03b7\u03c2\" \/>\n\t<meta name=\"twitter:data1\" content=\"3 \u03bb\u03b5\u03c0\u03c4\u03ac\" \/>\n<script type=\"application\/ld+json\" class=\"yoast-schema-graph\">{\"@context\":\"https:\/\/schema.org\",\"@graph\":[{\"@type\":\"WebPage\",\"@id\":\"https:\/\/poudresdenarco.com\/produit\/mdma\/\",\"url\":\"https:\/\/poudresdenarco.com\/produit\/mdma\/\",\"name\":\"Acheter MDMA de Haute la Recherche | Poudres de Narco\",\"isPartOf\":{\"@id\":\"https:\/\/poudresdenarco.com\/#website\"},\"primaryImageOfPage\":{\"@id\":\"https:\/\/poudresdenarco.com\/produit\/mdma\/#primaryimage\"},\"image\":{\"@id\":\"https:\/\/poudresdenarco.com\/produit\/mdma\/#primaryimage\"},\"thumbnailUrl\":\"https:\/\/poudresdenarco.com\/wp-content\/uploads\/2024\/10\/MDMA-1.gif\",\"datePublished\":\"2024-10-16T11:32:31+00:00\",\"dateModified\":\"2024-12-23T09:34:13+00:00\",\"description\":\"Fournisseur de MDMA pour applications scientifiques en laboratoire. Puret\u00e9 et s\u00e9curit\u00e9 garanties pour recherches avanc\u00e9es chez Poudres de Narco.\",\"breadcrumb\":{\"@id\":\"https:\/\/poudresdenarco.com\/produit\/mdma\/#breadcrumb\"},\"inLanguage\":\"el\",\"potentialAction\":[{\"@type\":\"ReadAction\",\"target\":[\"https:\/\/poudresdenarco.com\/produit\/mdma\/\"]}]},{\"@type\":\"ImageObject\",\"inLanguage\":\"el\",\"@id\":\"https:\/\/poudresdenarco.com\/produit\/mdma\/#primaryimage\",\"url\":\"https:\/\/poudresdenarco.com\/wp-content\/uploads\/2024\/10\/MDMA-1.gif\",\"contentUrl\":\"https:\/\/poudresdenarco.com\/wp-content\/uploads\/2024\/10\/MDMA-1.gif\",\"width\":600,\"height\":600,\"caption\":\"MDMA\"},{\"@type\":\"BreadcrumbList\",\"@id\":\"https:\/\/poudresdenarco.com\/produit\/mdma\/#breadcrumb\",\"itemListElement\":[{\"@type\":\"ListItem\",\"position\":1,\"name\":\"Home\",\"item\":\"https:\/\/poudresdenarco.com\/\"},{\"@type\":\"ListItem\",\"position\":2,\"name\":\"Boutique\",\"item\":\"https:\/\/poudresdenarco.com\/boutique\/\"},{\"@type\":\"ListItem\",\"position\":3,\"name\":\"MDMA\"}]},{\"@type\":\"WebSite\",\"@id\":\"https:\/\/poudresdenarco.com\/#website\",\"url\":\"https:\/\/poudresdenarco.com\/\",\"name\":\"Poudresde Narco\",\"description\":\"Acheter de la coca\u00efne et de l&#039;h\u00e9ro\u00efne en ligne\",\"potentialAction\":[{\"@type\":\"SearchAction\",\"target\":{\"@type\":\"EntryPoint\",\"urlTemplate\":\"https:\/\/poudresdenarco.com\/?s={search_term_string}\"},\"query-input\":{\"@type\":\"PropertyValueSpecification\",\"valueRequired\":true,\"valueName\":\"search_term_string\"}}],\"inLanguage\":\"el\"}]}<\/script>\n<!-- \/ Yoast SEO plugin. -->","yoast_head_json":{"title":"Acheter MDMA de Haute la Recherche | Poudres de Narco","description":"Fournisseur de MDMA pour applications scientifiques en laboratoire. Puret\u00e9 et s\u00e9curit\u00e9 garanties pour recherches avanc\u00e9es chez Poudres de Narco.","robots":{"index":"index","follow":"follow","max-snippet":"max-snippet:-1","max-image-preview":"max-image-preview:large","max-video-preview":"max-video-preview:-1"},"canonical":"https:\/\/poudresdenarco.com\/el\/\u03c0\u03c1\u03bf\u03ca\u03cc\u03bd\/mdma\/","og_locale":"el_GR","og_type":"article","og_title":"Acheter MDMA de Haute la Recherche | Poudres de Narco","og_description":"Fournisseur de MDMA pour applications scientifiques en laboratoire. Puret\u00e9 et s\u00e9curit\u00e9 garanties pour recherches avanc\u00e9es chez Poudres de Narco.","og_url":"https:\/\/poudresdenarco.com\/el\/\u03c0\u03c1\u03bf\u03ca\u03cc\u03bd\/mdma\/","og_site_name":"Poudresde Narco","article_modified_time":"2024-12-23T09:34:13+00:00","og_image":[{"width":600,"height":600,"url":"https:\/\/poudresdenarco.com\/wp-content\/uploads\/2024\/10\/MDMA-1.gif","type":"image\/gif"}],"twitter_card":"summary_large_image","twitter_misc":{"\u0395\u03ba\u03c4\u03b9\u03bc\u03ce\u03bc\u03b5\u03bd\u03bf\u03c2 \u03c7\u03c1\u03cc\u03bd\u03bf\u03c2 \u03b1\u03bd\u03ac\u03b3\u03bd\u03c9\u03c3\u03b7\u03c2":"3 \u03bb\u03b5\u03c0\u03c4\u03ac"},"schema":{"@context":"https:\/\/schema.org","@graph":[{"@type":"WebPage","@id":"https:\/\/poudresdenarco.com\/produit\/mdma\/","url":"https:\/\/poudresdenarco.com\/produit\/mdma\/","name":"Acheter MDMA de Haute la Recherche | Poudres de Narco","isPartOf":{"@id":"https:\/\/poudresdenarco.com\/#website"},"primaryImageOfPage":{"@id":"https:\/\/poudresdenarco.com\/produit\/mdma\/#primaryimage"},"image":{"@id":"https:\/\/poudresdenarco.com\/produit\/mdma\/#primaryimage"},"thumbnailUrl":"https:\/\/poudresdenarco.com\/wp-content\/uploads\/2024\/10\/MDMA-1.gif","datePublished":"2024-10-16T11:32:31+00:00","dateModified":"2024-12-23T09:34:13+00:00","description":"Fournisseur de MDMA pour applications scientifiques en laboratoire. Puret\u00e9 et s\u00e9curit\u00e9 garanties pour recherches avanc\u00e9es chez Poudres de Narco.","breadcrumb":{"@id":"https:\/\/poudresdenarco.com\/produit\/mdma\/#breadcrumb"},"inLanguage":"el","potentialAction":[{"@type":"ReadAction","target":["https:\/\/poudresdenarco.com\/produit\/mdma\/"]}]},{"@type":"ImageObject","inLanguage":"el","@id":"https:\/\/poudresdenarco.com\/produit\/mdma\/#primaryimage","url":"https:\/\/poudresdenarco.com\/wp-content\/uploads\/2024\/10\/MDMA-1.gif","contentUrl":"https:\/\/poudresdenarco.com\/wp-content\/uploads\/2024\/10\/MDMA-1.gif","width":600,"height":600,"caption":"MDMA"},{"@type":"BreadcrumbList","@id":"https:\/\/poudresdenarco.com\/produit\/mdma\/#breadcrumb","itemListElement":[{"@type":"ListItem","position":1,"name":"Home","item":"https:\/\/poudresdenarco.com\/"},{"@type":"ListItem","position":2,"name":"Boutique","item":"https:\/\/poudresdenarco.com\/boutique\/"},{"@type":"ListItem","position":3,"name":"MDMA"}]},{"@type":"WebSite","@id":"https:\/\/poudresdenarco.com\/#website","url":"https:\/\/poudresdenarco.com\/","name":"Poudresde Narco","description":"Acheter de la coca\u00efne et de l&#039;h\u00e9ro\u00efne en ligne","potentialAction":[{"@type":"SearchAction","target":{"@type":"EntryPoint","urlTemplate":"https:\/\/poudresdenarco.com\/?s={search_term_string}"},"query-input":{"@type":"PropertyValueSpecification","valueRequired":true,"valueName":"search_term_string"}}],"inLanguage":"el"}]}},"_links":{"self":[{"href":"https:\/\/poudresdenarco.com\/el\/wp-json\/wp\/v2\/product\/6043","targetHints":{"allow":["GET"]}}],"collection":[{"href":"https:\/\/poudresdenarco.com\/el\/wp-json\/wp\/v2\/product"}],"about":[{"href":"https:\/\/poudresdenarco.com\/el\/wp-json\/wp\/v2\/types\/product"}],"replies":[{"embeddable":true,"href":"https:\/\/poudresdenarco.com\/el\/wp-json\/wp\/v2\/comments?post=6043"}],"wp:featuredmedia":[{"embeddable":true,"href":"https:\/\/poudresdenarco.com\/el\/wp-json\/wp\/v2\/media\/6196"}],"wp:attachment":[{"href":"https:\/\/poudresdenarco.com\/el\/wp-json\/wp\/v2\/media?parent=6043"}],"wp:term":[{"taxonomy":"product_cat","embeddable":true,"href":"https:\/\/poudresdenarco.com\/el\/wp-json\/wp\/v2\/product_cat?post=6043"},{"taxonomy":"product_tag","embeddable":true,"href":"https:\/\/poudresdenarco.com\/el\/wp-json\/wp\/v2\/product_tag?post=6043"}],"curies":[{"name":"wp","href":"https:\/\/api.w.org\/{rel}","templated":true}]}}