{"id":6090,"date":"2024-10-16T11:32:47","date_gmt":"2024-10-16T11:32:47","guid":{"rendered":"https:\/\/poudresdenarco.com\/?post_type=product&#038;p=6090"},"modified":"2024-11-02T12:36:24","modified_gmt":"2024-11-02T12:36:24","slug":"2ci","status":"publish","type":"product","link":"https:\/\/poudresdenarco.com\/el\/\u03c0\u03c1\u03bf\u03ca\u03cc\u03bd\/2ci\/","title":{"rendered":"2CI"},"content":{"rendered":"<h2>Acheter 2CI en ligne<\/h2>\n<p>Description du <a href=\"https:\/\/poudresdenarco.com\/el\/\u03c0\u03c1\u03bf\u03ca\u03cc\u03bd\/2ci\/\">2CI<\/a> (2-aminoindane) : En raison du manque d&rsquo;\u00e9tudes sur la substance, toutes les discussions concernant sa pharmacologie se sont limit\u00e9es \u00e0 sa structure et \u00e0 son fonctionnement subjectif par rapport \u00e0 d&rsquo;autres stimulants tels que l&rsquo;amph\u00e9tamine, la m\u00e9thamph\u00e9tamine et le Acheter 2C-I <a href=\"https:\/\/k2spices.com\/nl\/\">.<\/a><\/p>\n<p>Il est probable que le 2CI lib\u00e8re simultan\u00e9ment de la dopamine et de la noradr\u00e9naline.<\/p>\n<p>Le 2CI augmente les niveaux de noradr\u00e9naline et de dopamine dans le cerveau en se liant aux prot\u00e9ines de transport qui \u00e9liminent normalement ces neurotransmetteurs de la fente synaptique et en les bloquant partiellement.<\/p>\n<p>La dopamine et la noradr\u00e9naline s&rsquo;accumulent en cons\u00e9quence, donnant lieu \u00e0 des sentiments euphoriques et stimulants dans le cerveau.<\/p>\n<h3><strong>Acheter du 2C-I de Haute Puret\u00e9 pour la Recherche &#8211; Poudres de Narco<\/strong><\/h3>\n<p>\u0397 Poudres de Narco \u03b5\u03af\u03bd\u03b1\u03b9 \u03b7 \u03b1\u03be\u03b9\u03cc\u03c0\u03b9\u03c3\u03c4\u03b7 \u03c0\u03b7\u03b3\u03ae \u03c3\u03b1\u03c2 \u03b3\u03b9\u03b1 <strong>2C-I de qualit\u00e9 recherche<\/strong>\u03c3\u03c7\u03b5\u03b4\u03b9\u03b1\u03c3\u03bc\u03ad\u03bd\u03bf \u03b1\u03c0\u03bf\u03ba\u03bb\u03b5\u03b9\u03c3\u03c4\u03b9\u03ba\u03ac \u03b3\u03b9\u03b1 <strong>applications en laboratoire et \u00e9tudes scientifiques<\/strong>. Notre 2C-I est produit selon des normes de puret\u00e9 et de qualit\u00e9 strictes, assurant des r\u00e9sultats fiables pour les chercheurs en chimie et pharmacologie qui ont besoin de produits constants et s\u00e9curis\u00e9s.<\/p>\n<h3>Pourquoi Choisir le 2C-I de Poudres de Narco ?<\/h3>\n<p>\u03a9\u03c2 <strong>fournisseur de 2C-I pour la recherche<\/strong>, Poudres de Narco s&rsquo;engage \u00e0 fournir un produit rigoureusement test\u00e9, conforme aux normes les plus \u00e9lev\u00e9es pour la recherche en laboratoire :<\/p>\n<ul>\n<li><strong>\u03a5\u03c8\u03b7\u03bb\u03ae\u03c2 \u03ba\u03b1\u03b8\u03b1\u03c1\u03cc\u03c4\u03b7\u03c4\u03b1\u03c2<\/strong> : Chaque lot de 2C-I est soumis \u00e0 des tests rigoureux pour assurer un haut niveau de puret\u00e9, crucial pour des r\u00e9sultats de recherche pr\u00e9cis.<\/li>\n<li><strong>\u0391\u03be\u03b9\u03cc\u03c0\u03b9\u03c3\u03c4\u03b7 \u03c0\u03bf\u03b9\u03cc\u03c4\u03b7\u03c4\u03b1<\/strong> : Notre 2C-I est con\u00e7u pour offrir des performances constantes, adapt\u00e9es aux besoins des laboratoires scientifiques.<\/li>\n<li><strong>\u0391\u03c3\u03c6\u03b1\u03bb\u03ae\u03c2 \u03c0\u03b1\u03c1\u03b1\u03b3\u03b3\u03b5\u03bb\u03af\u03b1<\/strong> : \u0394\u03b9\u03b5\u03c5\u03ba\u03bf\u03bb\u03cd\u03bd\u03bf\u03c5\u03bc\u03b5 \u03c4\u03b7\u03bd<strong>achat de 2C-I pour applications scientifiques<\/strong> \u03bc\u03b5 \u03bc\u03b9\u03b1 \u03b1\u03c3\u03c6\u03b1\u03bb\u03ae \u03ba\u03b1\u03b9 \u03b5\u03bc\u03c0\u03b9\u03c3\u03c4\u03b5\u03c5\u03c4\u03b9\u03ba\u03ae \u03b4\u03b9\u03b1\u03b4\u03b9\u03ba\u03b1\u03c3\u03af\u03b1 \u03c0\u03b1\u03c1\u03b1\u03b3\u03b3\u03b5\u03bb\u03af\u03b1\u03c2.<\/li>\n<\/ul>\n<h3>\u0395\u03c6\u03b1\u03c1\u03bc\u03bf\u03b3\u03ad\u03c2 \u03ba\u03b1\u03b9 \u03bf\u03b4\u03b7\u03b3\u03af\u03b5\u03c2 \u03b1\u03c3\u03c6\u03b1\u03bb\u03b5\u03af\u03b1\u03c2<\/h3>\n<p>Le <strong>2C-I<\/strong> de Poudres de Narco est utilis\u00e9 dans divers contextes de recherche en laboratoire. Nous fournissons des protocoles de manipulation et de stockage pour garantir un usage conforme :<\/p>\n<ul>\n<li><strong>\u0391\u03c3\u03c6\u03b1\u03bb\u03ae\u03c2 \u03b1\u03c0\u03bf\u03b8\u03ae\u03ba\u03b5\u03c5\u03c3\u03b7<\/strong> : Conservez le 2C-I dans un endroit frais, sec et \u00e0 l&rsquo;abri de la lumi\u00e8re.<\/li>\n<li><strong>\u03a7\u03b5\u03b9\u03c1\u03b9\u03c3\u03bc\u03cc\u03c2 \u03bc\u03b5 \u03c0\u03c1\u03bf\u03c3\u03bf\u03c7\u03ae<\/strong> \u03a7\u03c1\u03b7\u03c3\u03b9\u03bc\u03bf\u03c0\u03bf\u03b9\u03b5\u03af\u03c4\u03b5 \u03b5\u03be\u03bf\u03c0\u03bb\u03b9\u03c3\u03bc\u03cc \u03b1\u03c4\u03bf\u03bc\u03b9\u03ba\u03ae\u03c2 \u03c0\u03c1\u03bf\u03c3\u03c4\u03b1\u03c3\u03af\u03b1\u03c2 (\u039c\u0391\u03a0) \u03ba\u03b1\u03b9 \u03b5\u03c1\u03b3\u03ac\u03b6\u03b5\u03c3\u03c4\u03b5 \u03c3\u03b5 \u03ba\u03b1\u03bb\u03ac \u03b1\u03b5\u03c1\u03b9\u03b6\u03cc\u03bc\u03b5\u03bd\u03bf\u03c5\u03c2 \u03c7\u03ce\u03c1\u03bf\u03c5\u03c2.<\/li>\n<li><strong>\u03a7\u03c1\u03ae\u03c3\u03b7 \u03b1\u03c0\u03bf\u03ba\u03bb\u03b5\u03b9\u03c3\u03c4\u03b9\u03ba\u03ac \u03b3\u03b9\u03b1 \u03ad\u03c1\u03b5\u03c5\u03bd\u03b1<\/strong> : Ce produit est destin\u00e9 aux laboratoires et aux chercheurs en environnement contr\u00f4l\u00e9.<\/li>\n<\/ul>\n<h4>Commandez du 2C-I de Haute Puret\u00e9 pour la Recherche<\/h4>\n<p>Avec Poudres de Narco, b\u00e9n\u00e9ficiez d&rsquo;un approvisionnement fiable en <strong>2C-I de qualit\u00e9 sup\u00e9rieure<\/strong> pour vos \u00e9tudes scientifiques. <strong>\u0395\u03c0\u03b9\u03ba\u03bf\u03b9\u03bd\u03c9\u03bd\u03ae\u03c3\u03c4\u03b5 \u03bc\u03b1\u03b6\u03af \u03bc\u03b1\u03c2<\/strong> pour un devis ou pour plus d&rsquo;informations sur notre gamme de produits destin\u00e9s aux applications de laboratoire.<\/p>\n<p>&nbsp;<\/p>","protected":false},"excerpt":{"rendered":"<p>Acheter 2CI en ligne Description du 2CI (2-aminoindane) : En raison du manque d&rsquo;\u00e9tudes sur la substance, toutes les discussions concernant sa pharmacologie se sont limit\u00e9es \u00e0 sa structure et \u00e0 son fonctionnement subjectif par rapport \u00e0 d&rsquo;autres stimulants tels que l&rsquo;amph\u00e9tamine, la m\u00e9thamph\u00e9tamine et le Acheter 2C-I . Il est probable que le 2CI&hellip;<\/p>","protected":false},"featured_media":6208,"comment_status":"open","ping_status":"closed","template":"","meta":{"_joinchat":[]},"product_cat":[558],"product_tag":[],"class_list":{"0":"post-6090","1":"product","2":"type-product","3":"status-publish","4":"has-post-thumbnail","6":"product_cat-chimiques-de-recherche","8":"first","9":"instock","10":"shipping-taxable","11":"purchasable","12":"product-type-variable","13":"col-xs-6 col-sm-4","14":"col-md-3 col-lg-3","15":"un-4-cols"},"yoast_head":"<!-- This site is optimized with the Yoast SEO plugin v23.8 - https:\/\/yoast.com\/wordpress\/plugins\/seo\/ -->\n<title>Acheter 2C-I de Qualit\u00e9 pour la Recherche | Poudres de Narco<\/title>\n<meta name=\"description\" content=\"Fournisseur de 2C-I pour la recherche scientifique. Puret\u00e9 garantie pour applications en laboratoire chez Poudres de Narco. Acheter 2C-I .\" \/>\n<meta name=\"robots\" content=\"index, follow, max-snippet:-1, max-image-preview:large, max-video-preview:-1\" \/>\n<link rel=\"canonical\" href=\"https:\/\/poudresdenarco.com\/el\/\u03c0\u03c1\u03bf\u03ca\u03cc\u03bd\/2ci\/\" \/>\n<meta property=\"og:locale\" content=\"el_GR\" \/>\n<meta property=\"og:type\" content=\"article\" \/>\n<meta property=\"og:title\" content=\"Acheter 2C-I de Qualit\u00e9 pour la Recherche | Poudres de Narco\" \/>\n<meta property=\"og:description\" content=\"Fournisseur de 2C-I pour la recherche scientifique. Puret\u00e9 garantie pour applications en laboratoire chez Poudres de Narco. Acheter 2C-I .\" \/>\n<meta property=\"og:url\" content=\"https:\/\/poudresdenarco.com\/el\/\u03c0\u03c1\u03bf\u03ca\u03cc\u03bd\/2ci\/\" \/>\n<meta property=\"og:site_name\" content=\"Poudresde Narco\" \/>\n<meta property=\"article:modified_time\" content=\"2024-11-02T12:36:24+00:00\" \/>\n<meta property=\"og:image\" content=\"https:\/\/poudresdenarco.com\/wp-content\/uploads\/2024\/10\/2CI.gif\" \/>\n\t<meta property=\"og:image:width\" content=\"600\" \/>\n\t<meta property=\"og:image:height\" content=\"600\" \/>\n\t<meta property=\"og:image:type\" content=\"image\/gif\" \/>\n<meta name=\"twitter:card\" content=\"summary_large_image\" \/>\n<meta name=\"twitter:label1\" content=\"\u0395\u03ba\u03c4\u03b9\u03bc\u03ce\u03bc\u03b5\u03bd\u03bf\u03c2 \u03c7\u03c1\u03cc\u03bd\u03bf\u03c2 \u03b1\u03bd\u03ac\u03b3\u03bd\u03c9\u03c3\u03b7\u03c2\" \/>\n\t<meta name=\"twitter:data1\" content=\"3 \u03bb\u03b5\u03c0\u03c4\u03ac\" \/>\n<script type=\"application\/ld+json\" class=\"yoast-schema-graph\">{\"@context\":\"https:\/\/schema.org\",\"@graph\":[{\"@type\":\"WebPage\",\"@id\":\"https:\/\/poudresdenarco.com\/produit\/2ci\/\",\"url\":\"https:\/\/poudresdenarco.com\/produit\/2ci\/\",\"name\":\"Acheter 2C-I de Qualit\u00e9 pour la Recherche | Poudres de Narco\",\"isPartOf\":{\"@id\":\"https:\/\/poudresdenarco.com\/#website\"},\"primaryImageOfPage\":{\"@id\":\"https:\/\/poudresdenarco.com\/produit\/2ci\/#primaryimage\"},\"image\":{\"@id\":\"https:\/\/poudresdenarco.com\/produit\/2ci\/#primaryimage\"},\"thumbnailUrl\":\"https:\/\/poudresdenarco.com\/wp-content\/uploads\/2024\/10\/2CI.gif\",\"datePublished\":\"2024-10-16T11:32:47+00:00\",\"dateModified\":\"2024-11-02T12:36:24+00:00\",\"description\":\"Fournisseur de 2C-I pour la recherche scientifique. Puret\u00e9 garantie pour applications en laboratoire chez Poudres de Narco. Acheter 2C-I .\",\"breadcrumb\":{\"@id\":\"https:\/\/poudresdenarco.com\/produit\/2ci\/#breadcrumb\"},\"inLanguage\":\"el\",\"potentialAction\":[{\"@type\":\"ReadAction\",\"target\":[\"https:\/\/poudresdenarco.com\/produit\/2ci\/\"]}]},{\"@type\":\"ImageObject\",\"inLanguage\":\"el\",\"@id\":\"https:\/\/poudresdenarco.com\/produit\/2ci\/#primaryimage\",\"url\":\"https:\/\/poudresdenarco.com\/wp-content\/uploads\/2024\/10\/2CI.gif\",\"contentUrl\":\"https:\/\/poudresdenarco.com\/wp-content\/uploads\/2024\/10\/2CI.gif\",\"width\":600,\"height\":600,\"caption\":\"2CI\"},{\"@type\":\"BreadcrumbList\",\"@id\":\"https:\/\/poudresdenarco.com\/produit\/2ci\/#breadcrumb\",\"itemListElement\":[{\"@type\":\"ListItem\",\"position\":1,\"name\":\"Home\",\"item\":\"https:\/\/poudresdenarco.com\/\"},{\"@type\":\"ListItem\",\"position\":2,\"name\":\"Boutique\",\"item\":\"https:\/\/poudresdenarco.com\/boutique\/\"},{\"@type\":\"ListItem\",\"position\":3,\"name\":\"2CI\"}]},{\"@type\":\"WebSite\",\"@id\":\"https:\/\/poudresdenarco.com\/#website\",\"url\":\"https:\/\/poudresdenarco.com\/\",\"name\":\"Poudresde Narco\",\"description\":\"Acheter de la coca\u00efne et de l&#039;h\u00e9ro\u00efne en ligne\",\"potentialAction\":[{\"@type\":\"SearchAction\",\"target\":{\"@type\":\"EntryPoint\",\"urlTemplate\":\"https:\/\/poudresdenarco.com\/?s={search_term_string}\"},\"query-input\":{\"@type\":\"PropertyValueSpecification\",\"valueRequired\":true,\"valueName\":\"search_term_string\"}}],\"inLanguage\":\"el\"}]}<\/script>\n<!-- \/ Yoast SEO plugin. -->","yoast_head_json":{"title":"Acheter 2C-I de Qualit\u00e9 pour la Recherche | Poudres de Narco","description":"Fournisseur de 2C-I pour la recherche scientifique. Puret\u00e9 garantie pour applications en laboratoire chez Poudres de Narco. Acheter 2C-I .","robots":{"index":"index","follow":"follow","max-snippet":"max-snippet:-1","max-image-preview":"max-image-preview:large","max-video-preview":"max-video-preview:-1"},"canonical":"https:\/\/poudresdenarco.com\/el\/\u03c0\u03c1\u03bf\u03ca\u03cc\u03bd\/2ci\/","og_locale":"el_GR","og_type":"article","og_title":"Acheter 2C-I de Qualit\u00e9 pour la Recherche | Poudres de Narco","og_description":"Fournisseur de 2C-I pour la recherche scientifique. Puret\u00e9 garantie pour applications en laboratoire chez Poudres de Narco. Acheter 2C-I .","og_url":"https:\/\/poudresdenarco.com\/el\/\u03c0\u03c1\u03bf\u03ca\u03cc\u03bd\/2ci\/","og_site_name":"Poudresde Narco","article_modified_time":"2024-11-02T12:36:24+00:00","og_image":[{"width":600,"height":600,"url":"https:\/\/poudresdenarco.com\/wp-content\/uploads\/2024\/10\/2CI.gif","type":"image\/gif"}],"twitter_card":"summary_large_image","twitter_misc":{"\u0395\u03ba\u03c4\u03b9\u03bc\u03ce\u03bc\u03b5\u03bd\u03bf\u03c2 \u03c7\u03c1\u03cc\u03bd\u03bf\u03c2 \u03b1\u03bd\u03ac\u03b3\u03bd\u03c9\u03c3\u03b7\u03c2":"3 \u03bb\u03b5\u03c0\u03c4\u03ac"},"schema":{"@context":"https:\/\/schema.org","@graph":[{"@type":"WebPage","@id":"https:\/\/poudresdenarco.com\/produit\/2ci\/","url":"https:\/\/poudresdenarco.com\/produit\/2ci\/","name":"Acheter 2C-I de Qualit\u00e9 pour la Recherche | Poudres de Narco","isPartOf":{"@id":"https:\/\/poudresdenarco.com\/#website"},"primaryImageOfPage":{"@id":"https:\/\/poudresdenarco.com\/produit\/2ci\/#primaryimage"},"image":{"@id":"https:\/\/poudresdenarco.com\/produit\/2ci\/#primaryimage"},"thumbnailUrl":"https:\/\/poudresdenarco.com\/wp-content\/uploads\/2024\/10\/2CI.gif","datePublished":"2024-10-16T11:32:47+00:00","dateModified":"2024-11-02T12:36:24+00:00","description":"Fournisseur de 2C-I pour la recherche scientifique. Puret\u00e9 garantie pour applications en laboratoire chez Poudres de Narco. Acheter 2C-I .","breadcrumb":{"@id":"https:\/\/poudresdenarco.com\/produit\/2ci\/#breadcrumb"},"inLanguage":"el","potentialAction":[{"@type":"ReadAction","target":["https:\/\/poudresdenarco.com\/produit\/2ci\/"]}]},{"@type":"ImageObject","inLanguage":"el","@id":"https:\/\/poudresdenarco.com\/produit\/2ci\/#primaryimage","url":"https:\/\/poudresdenarco.com\/wp-content\/uploads\/2024\/10\/2CI.gif","contentUrl":"https:\/\/poudresdenarco.com\/wp-content\/uploads\/2024\/10\/2CI.gif","width":600,"height":600,"caption":"2CI"},{"@type":"BreadcrumbList","@id":"https:\/\/poudresdenarco.com\/produit\/2ci\/#breadcrumb","itemListElement":[{"@type":"ListItem","position":1,"name":"Home","item":"https:\/\/poudresdenarco.com\/"},{"@type":"ListItem","position":2,"name":"Boutique","item":"https:\/\/poudresdenarco.com\/boutique\/"},{"@type":"ListItem","position":3,"name":"2CI"}]},{"@type":"WebSite","@id":"https:\/\/poudresdenarco.com\/#website","url":"https:\/\/poudresdenarco.com\/","name":"Poudresde Narco","description":"Acheter de la coca\u00efne et de l&#039;h\u00e9ro\u00efne en ligne","potentialAction":[{"@type":"SearchAction","target":{"@type":"EntryPoint","urlTemplate":"https:\/\/poudresdenarco.com\/?s={search_term_string}"},"query-input":{"@type":"PropertyValueSpecification","valueRequired":true,"valueName":"search_term_string"}}],"inLanguage":"el"}]}},"_links":{"self":[{"href":"https:\/\/poudresdenarco.com\/el\/wp-json\/wp\/v2\/product\/6090","targetHints":{"allow":["GET"]}}],"collection":[{"href":"https:\/\/poudresdenarco.com\/el\/wp-json\/wp\/v2\/product"}],"about":[{"href":"https:\/\/poudresdenarco.com\/el\/wp-json\/wp\/v2\/types\/product"}],"replies":[{"embeddable":true,"href":"https:\/\/poudresdenarco.com\/el\/wp-json\/wp\/v2\/comments?post=6090"}],"wp:featuredmedia":[{"embeddable":true,"href":"https:\/\/poudresdenarco.com\/el\/wp-json\/wp\/v2\/media\/6208"}],"wp:attachment":[{"href":"https:\/\/poudresdenarco.com\/el\/wp-json\/wp\/v2\/media?parent=6090"}],"wp:term":[{"taxonomy":"product_cat","embeddable":true,"href":"https:\/\/poudresdenarco.com\/el\/wp-json\/wp\/v2\/product_cat?post=6090"},{"taxonomy":"product_tag","embeddable":true,"href":"https:\/\/poudresdenarco.com\/el\/wp-json\/wp\/v2\/product_tag?post=6090"}],"curies":[{"name":"wp","href":"https:\/\/api.w.org\/{rel}","templated":true}]}}