{"id":6129,"date":"2024-10-16T11:32:57","date_gmt":"2024-10-16T11:32:57","guid":{"rendered":"https:\/\/poudresdenarco.com\/?post_type=product&#038;p=6129"},"modified":"2026-01-17T02:58:58","modified_gmt":"2026-01-17T02:58:58","slug":"5-meo-dalt","status":"publish","type":"product","link":"https:\/\/poudresdenarco.com\/el\/\u03c0\u03c1\u03bf\u03ca\u03cc\u03bd\/5-meo-dalt\/","title":{"rendered":"5-MEO-DALT"},"content":{"rendered":"<h2><strong>\u0391\u03b3\u03bf\u03c1\u03ac\u03b6\u03bf\u03bd\u03c4\u03b1\u03c2 5-MeO-DALT \u03b3\u03b9\u03b1 \u03ad\u03c1\u03b5\u03c5\u03bd\u03b1 <a href=\"https:\/\/poudresdenarco.com\/el\/\u03c0\u03c1\u03bf\u03ca\u03cc\u03bd\/3cl\/\">&#8211;<\/a> \u039d\u03b1\u03c1\u03ba\u03c9\u03c4\u03b9\u03ba\u03ad\u03c2 \u03c3\u03ba\u03cc\u03bd\u03b5\u03c2<\/strong><\/h2>\n<p>\u0397 Poudres de Narco \u03b5\u03af\u03bd\u03b1\u03b9 \u03bf \u03b1\u03be\u03b9\u03cc\u03c0\u03b9\u03c3\u03c4\u03bf\u03c2 \u03c0\u03c1\u03bf\u03bc\u03b7\u03b8\u03b5\u03c5\u03c4\u03ae\u03c2 \u03c3\u03b1\u03c2 \u03b3\u03b9\u03b1 <strong>5-MeO-DALT \u03c5\u03c8\u03b7\u03bb\u03ae\u03c2 \u03ba\u03b1\u03b8\u03b1\u03c1\u03cc\u03c4\u03b7\u03c4\u03b1\u03c2<\/strong>. \u03a0\u03c1\u03bf\u03bf\u03c1\u03af\u03b6\u03b5\u03c4\u03b1\u03b9 \u03b1\u03c0\u03bf\u03ba\u03bb\u03b5\u03b9\u03c3\u03c4\u03b9\u03ba\u03ac \u03b3\u03b9\u03b1 <strong>\u03b5\u03c0\u03b9\u03c3\u03c4\u03b7\u03bc\u03bf\u03bd\u03b9\u03ba\u03ad\u03c2 \u03ba\u03b1\u03b9 \u03b5\u03c1\u03b3\u03b1\u03c3\u03c4\u03b7\u03c1\u03b9\u03b1\u03ba\u03ad\u03c2 \u03b5\u03c6\u03b1\u03c1\u03bc\u03bf\u03b3\u03ad\u03c2<\/strong>\u03a4\u03bf 5-MeO-DALT \u03bc\u03b1\u03c2 \u03c0\u03bb\u03b7\u03c1\u03bf\u03af \u03c4\u03b1 \u03b1\u03c5\u03c3\u03c4\u03b7\u03c1\u03ac \u03c0\u03c1\u03cc\u03c4\u03c5\u03c0\u03b1 \u03c0\u03bf\u03c5 \u03b1\u03c0\u03b1\u03b9\u03c4\u03bf\u03cd\u03bd\u03c4\u03b1\u03b9 \u03b3\u03b9\u03b1 \u03b5\u03bc\u03c0\u03b5\u03c1\u03b9\u03c3\u03c4\u03b1\u03c4\u03c9\u03bc\u03ad\u03bd\u03b5\u03c2 \u03c7\u03b7\u03bc\u03b9\u03ba\u03ad\u03c2 \u03bc\u03b5\u03bb\u03ad\u03c4\u03b5\u03c2 \u03ba\u03b1\u03b9 \u03b1\u03bd\u03b1\u03bb\u03cd\u03c3\u03b5\u03b9\u03c2. \u0395\u03c0\u03b9\u03bb\u03ad\u03b3\u03bf\u03bd\u03c4\u03b1\u03c2 \u03c4\u03bf \u03c0\u03c1\u03bf\u03ca\u03cc\u03bd \u03bc\u03b1\u03c2, \u03b1\u03c0\u03bf\u03ba\u03c4\u03ac\u03c4\u03b5 \u03c0\u03c1\u03cc\u03c3\u03b2\u03b1\u03c3\u03b7 \u03c3\u03b5 \u03ad\u03bd\u03b1 <strong>\u03c0\u03c1\u03bf\u03bc\u03b7\u03b8\u03b5\u03c5\u03c4\u03ae\u03c2 5-MeO-DALT \u03b3\u03b9\u03b1 \u03c4\u03b7\u03bd \u03ad\u03c1\u03b5\u03c5\u03bd\u03b1<\/strong> \u03c3\u03cd\u03bc\u03c6\u03c9\u03bd\u03b1 \u03bc\u03b5 \u03c4\u03b1 \u03c0\u03c1\u03cc\u03c4\u03c5\u03c0\u03b1 \u03c0\u03bf\u03b9\u03cc\u03c4\u03b7\u03c4\u03b1\u03c2 \u03ba\u03b1\u03b9 \u03b1\u03c3\u03c6\u03ac\u03bb\u03b5\u03b9\u03b1\u03c2, \u0391\u03b3\u03bf\u03c1\u03ac\u03c3\u03c4\u03b5 5-MeO-DALT\u00a0<a href=\"https:\/\/k2spices.com\/nl\/\">.<\/a><\/p>\n<h3>\u0393\u03b9\u03b1\u03c4\u03af \u03bd\u03b1 \u03b5\u03c0\u03b9\u03bb\u03ad\u03be\u03b5\u03c4\u03b5 \u03c4\u03bf 5-MeO-DALT \u03b1\u03c0\u03cc \u03c4\u03b7\u03bd Poudres de Narco;<\/h3>\n<p>\u03a9\u03c2 <strong>\u0394\u03b9\u03b1\u03bd\u03bf\u03bc\u03ad\u03b1\u03c2 5-MeO-DALT \u03b3\u03b9\u03b1 \u03b5\u03c0\u03b9\u03c3\u03c4\u03b7\u03bc\u03bf\u03bd\u03b9\u03ba\u03ad\u03c2 \u03b5\u03c6\u03b1\u03c1\u03bc\u03bf\u03b3\u03ad\u03c2<\/strong>\u0397 Poudres de Narco \u03b4\u03b9\u03b1\u03c3\u03c6\u03b1\u03bb\u03af\u03b6\u03b5\u03b9 \u03cc\u03c4\u03b9 \u03ba\u03ac\u03b8\u03b5 \u03c0\u03b1\u03c1\u03c4\u03af\u03b4\u03b1 \u03c0\u03bb\u03b7\u03c1\u03bf\u03af \u03c4\u03b1 \u03c5\u03c8\u03b7\u03bb\u03ac \u03c0\u03c1\u03cc\u03c4\u03c5\u03c0\u03b1 \u03c0\u03bf\u03b9\u03cc\u03c4\u03b7\u03c4\u03b1\u03c2 \u03ba\u03b1\u03b9 \u03ba\u03b1\u03b8\u03b1\u03c1\u03cc\u03c4\u03b7\u03c4\u03b1\u03c2 \u03c0\u03bf\u03c5 \u03b1\u03c0\u03b1\u03b9\u03c4\u03bf\u03cd\u03bd\u03c4\u03b1\u03b9 \u03b3\u03b9\u03b1 \u03b5\u03c1\u03b3\u03b1\u03c3\u03c4\u03b7\u03c1\u03b9\u03b1\u03ba\u03ad\u03c2 \u03bc\u03b5\u03bb\u03ad\u03c4\u03b5\u03c2:<\/p>\n<ul>\n<li><strong>\u03a5\u03c8\u03b7\u03bb\u03ae\u03c2 \u03ba\u03b1\u03b8\u03b1\u03c1\u03cc\u03c4\u03b7\u03c4\u03b1\u03c2<\/strong> \u03a4\u03bf 5-MeO-DALT \u03bc\u03b1\u03c2 \u03b5\u03bb\u03ad\u03b3\u03c7\u03b5\u03c4\u03b1\u03b9 \u03b3\u03b9\u03b1 \u03bd\u03b1 \u03b5\u03b3\u03b3\u03c5\u03b7\u03b8\u03b5\u03af \u03c4\u03b7 \u03b2\u03ad\u03bb\u03c4\u03b9\u03c3\u03c4\u03b7 \u03ba\u03b1\u03b8\u03b1\u03c1\u03cc\u03c4\u03b7\u03c4\u03b1, \u03b7 \u03bf\u03c0\u03bf\u03af\u03b1 \u03b5\u03af\u03bd\u03b1\u03b9 \u03b1\u03c0\u03b1\u03c1\u03b1\u03af\u03c4\u03b7\u03c4\u03b7 \u03b3\u03b9\u03b1 \u03b1\u03be\u03b9\u03cc\u03c0\u03b9\u03c3\u03c4\u03b1 \u03b5\u03c1\u03b5\u03c5\u03bd\u03b7\u03c4\u03b9\u03ba\u03ac \u03b1\u03c0\u03bf\u03c4\u03b5\u03bb\u03ad\u03c3\u03bc\u03b1\u03c4\u03b1.<\/li>\n<li><strong>\u03a3\u03c5\u03bc\u03bc\u03cc\u03c1\u03c6\u03c9\u03c3\u03b7 \u03ba\u03b1\u03b9 \u03b1\u03c3\u03c6\u03ac\u03bb\u03b5\u03b9\u03b1<\/strong> : \u0395\u03b9\u03b4\u03b9\u03ba\u03ac \u03c3\u03c7\u03b5\u03b4\u03b9\u03b1\u03c3\u03bc\u03ad\u03bd\u03bf \u03b3\u03b9\u03b1 <strong>\u03b5\u03b3\u03ba\u03b5\u03ba\u03c1\u03b9\u03bc\u03ad\u03bd\u03b1 \u03b5\u03c1\u03b3\u03b1\u03c3\u03c4\u03ae\u03c1\u03b9\u03b1<\/strong>\u03c4\u03bf \u03c0\u03c1\u03bf\u03ca\u03cc\u03bd \u03bc\u03b1\u03c2 \u03b5\u03af\u03bd\u03b1\u03b9 \u03b1\u03c5\u03c3\u03c4\u03b7\u03c1\u03ac \u03b3\u03b9\u03b1 <strong>\u03c7\u03c1\u03ae\u03c3\u03b7 \u03b1\u03bd\u03b1\u03b6\u03ae\u03c4\u03b7\u03c3\u03b7\u03c2<\/strong>.<\/li>\n<li><strong>\u0391\u03c3\u03c6\u03b1\u03bb\u03ae\u03c2 online \u03c0\u03b1\u03c1\u03b1\u03b3\u03b3\u03b5\u03bb\u03af\u03b1<\/strong> : \u0394\u03b9\u03b5\u03c5\u03ba\u03bf\u03bb\u03cd\u03bd\u03bf\u03c5\u03bc\u03b5 \u03c4\u03b7\u03bd<strong>\u03b1\u03b3\u03bf\u03c1\u03ac 5-MeO-DALT \u03b3\u03b9\u03b1 \u03b5\u03c1\u03b5\u03c5\u03bd\u03b7\u03c4\u03b9\u03ba\u03ad\u03c2 \u03b5\u03c6\u03b1\u03c1\u03bc\u03bf\u03b3\u03ad\u03c2<\/strong>\u03bc\u03b5 \u03bc\u03b9\u03b1 \u03b5\u03bc\u03c0\u03b9\u03c3\u03c4\u03b5\u03c5\u03c4\u03b9\u03ba\u03ae \u03ba\u03b1\u03b9 \u03b1\u03c3\u03c6\u03b1\u03bb\u03ae \u03b4\u03b9\u03b1\u03b4\u03b9\u03ba\u03b1\u03c3\u03af\u03b1 \u03c0\u03b1\u03c1\u03b1\u03b3\u03b3\u03b5\u03bb\u03af\u03b1\u03c2.<\/li>\n<\/ul>\n<h3>\u0395\u03c1\u03b5\u03c5\u03bd\u03b7\u03c4\u03b9\u03ba\u03ad\u03c2 \u03b5\u03c6\u03b1\u03c1\u03bc\u03bf\u03b3\u03ad\u03c2 \u03c4\u03bf\u03c5 5-MeO-DALT<\/h3>\n<p>Le <strong>5-MeO-DALT<\/strong> de Poudres de Narco \u03c7\u03c1\u03b7\u03c3\u03b9\u03bc\u03bf\u03c0\u03bf\u03b9\u03b5\u03af\u03c4\u03b1\u03b9 \u03c3\u03b5 \u03b4\u03b9\u03ac\u03c6\u03bf\u03c1\u03b5\u03c2 <strong>\u03c7\u03b7\u03bc\u03b9\u03ba\u03ad\u03c2 \u03bc\u03b5\u03bb\u03ad\u03c4\u03b5\u03c2 \u03ba\u03b1\u03b9 \u03b5\u03c1\u03b3\u03b1\u03c3\u03c4\u03b7\u03c1\u03b9\u03b1\u03ba\u03ad\u03c2 \u03b1\u03bd\u03b1\u03bb\u03cd\u03c3\u03b5\u03b9\u03c2<\/strong>. \u039f\u03b9 \u03b5\u03c1\u03b5\u03c5\u03bd\u03b7\u03c4\u03ad\u03c2 \u03bc\u03c0\u03bf\u03c1\u03bf\u03cd\u03bd \u03bd\u03b1 \u03b2\u03b1\u03c3\u03b9\u03c3\u03c4\u03bf\u03cd\u03bd \u03c3\u03c4\u03bf \u03c0\u03c1\u03bf\u03ca\u03cc\u03bd \u03bc\u03b1\u03c2 \u03b3\u03b9\u03b1 \u03b5\u03c6\u03b1\u03c1\u03bc\u03bf\u03b3\u03ad\u03c2 \u03cc\u03c0\u03c9\u03c2 :<\/p>\n<ul>\n<li><strong>\u03a7\u03b7\u03bc\u03b9\u03ba\u03ae \u03b1\u03bd\u03ac\u03bb\u03c5\u03c3\u03b7<\/strong> \u0393\u03b9\u03b1 \u03b5\u03bb\u03b5\u03b3\u03c7\u03cc\u03bc\u03b5\u03bd\u03b1 \u03b5\u03c1\u03b3\u03b1\u03c3\u03c4\u03b7\u03c1\u03b9\u03b1\u03ba\u03ac \u03c0\u03b5\u03b9\u03c1\u03ac\u03bc\u03b1\u03c4\u03b1.<\/li>\n<li><strong>\u039c\u03b5\u03bb\u03ad\u03c4\u03b5\u03c2 \u03b5\u03bd\u03ce\u03c3\u03b5\u03c9\u03bd<\/strong> \u0393\u03b9\u03b1 \u03b5\u03c1\u03b5\u03c5\u03bd\u03b7\u03c4\u03ad\u03c2 \u03c3\u03c4\u03b7 \u03c7\u03b7\u03bc\u03b5\u03af\u03b1 \u03ba\u03b1\u03b9 \u03c4\u03b7 \u03c6\u03b1\u03c1\u03bc\u03b1\u03ba\u03bf\u03bb\u03bf\u03b3\u03af\u03b1.<\/li>\n<li><strong>\u0394\u03bf\u03ba\u03b9\u03bc\u03ad\u03c2 \u03ba\u03b1\u03b9 \u03c0\u03bf\u03b9\u03bf\u03c4\u03b9\u03ba\u03bf\u03af \u03ad\u03bb\u03b5\u03b3\u03c7\u03bf\u03b9<\/strong> \u0393\u03b9\u03b1 \u03b5\u03c0\u03b1\u03b3\u03b3\u03b5\u03bb\u03bc\u03b1\u03c4\u03af\u03b5\u03c2 \u03c0\u03bf\u03c5 \u03c7\u03c1\u03b5\u03b9\u03ac\u03b6\u03bf\u03bd\u03c4\u03b1\u03b9 \u03b1\u03ba\u03c1\u03af\u03b2\u03b5\u03b9\u03b1 \u03c3\u03c4\u03b7\u03bd \u03b5\u03c0\u03b9\u03c3\u03c4\u03b7\u03bc\u03bf\u03bd\u03b9\u03ba\u03ae \u03c4\u03bf\u03c5\u03c2 \u03b5\u03c1\u03b3\u03b1\u03c3\u03af\u03b1.<\/li>\n<\/ul>\n<p><strong>\u0388\u03c4\u03bf\u03b9\u03bc\u03bf\u03b9 \u03bd\u03b1 \u03c0\u03b1\u03c1\u03b1\u03b3\u03b3\u03b5\u03af\u03bb\u03b5\u03c4\u03b5 \u03c4\u03bf \u03c0\u03bf\u03b9\u03bf\u03c4\u03b9\u03ba\u03cc 5-MeO-DALT;<\/strong> \u0395\u03bc\u03c0\u03b9\u03c3\u03c4\u03b5\u03c5\u03c4\u03b5\u03af\u03c4\u03b5 \u03c4\u03b7\u03bd Poudres de Narco \u03b3\u03b9\u03b1 \u03bc\u03b9\u03b1 \u03b1\u03be\u03b9\u03cc\u03c0\u03b9\u03c3\u03c4\u03b7 \u03ba\u03b1\u03b9 \u03c3\u03c5\u03bc\u03b2\u03b1\u03c4\u03ae \u03c0\u03c1\u03bf\u03bc\u03ae\u03b8\u03b5\u03b9\u03b1. <strong>\u0395\u03c0\u03b9\u03ba\u03bf\u03b9\u03bd\u03c9\u03bd\u03ae\u03c3\u03c4\u03b5 \u03bc\u03b1\u03b6\u03af \u03bc\u03b1\u03c2<\/strong> \u03b3\u03b9\u03b1 \u03c0\u03b5\u03c1\u03b9\u03c3\u03c3\u03cc\u03c4\u03b5\u03c1\u03b5\u03c2 \u03c0\u03bb\u03b7\u03c1\u03bf\u03c6\u03bf\u03c1\u03af\u03b5\u03c2 \u03ae \u03b3\u03b9\u03b1 \u03bd\u03b1 \u03ba\u03ac\u03bd\u03b5\u03c4\u03b5 \u03bc\u03b9\u03b1 \u03b1\u03c3\u03c6\u03b1\u03bb\u03ae \u03c0\u03b1\u03c1\u03b1\u03b3\u03b3\u03b5\u03bb\u03af\u03b1.<\/p>","protected":false},"excerpt":{"rendered":"<p>Acheter du 5-MeO-DALT pour la Recherche &#8211; Poudres de Narco Poudres de Narco est votre fournisseur de confiance pour le 5-MeO-DALT de haute puret\u00e9. Destin\u00e9 exclusivement \u00e0 des applications scientifiques et de laboratoire, notre 5-MeO-DALT r\u00e9pond aux normes rigoureuses requises pour des \u00e9tudes et analyses chimiques approfondies. En choisissant notre produit, vous acc\u00e9dez \u00e0 un&hellip;<\/p>","protected":false},"featured_media":6211,"comment_status":"open","ping_status":"closed","template":"","meta":{"_joinchat":[]},"product_cat":[558],"product_tag":[],"class_list":{"0":"post-6129","1":"product","2":"type-product","3":"status-publish","4":"has-post-thumbnail","6":"product_cat-chimiques-de-recherche","8":"first","9":"instock","10":"shipping-taxable","11":"purchasable","12":"product-type-variable","13":"col-xs-6 col-sm-4","14":"col-md-3 col-lg-3","15":"un-4-cols"},"yoast_head":"<!-- This site is optimized with the Yoast SEO plugin v23.8 - https:\/\/yoast.com\/wordpress\/plugins\/seo\/ -->\n<title>Acheter 5-MeO-DALT de Qualit\u00e9 | Poudres de Narco<\/title>\n<meta name=\"description\" content=\"de 5-MeO-DALT pour la recherche scientifique. Achetez du 5-MeO-DALT de haute puret\u00e9 chez Poudres de Narco pour des applications de laboratoire.\" \/>\n<meta name=\"robots\" content=\"index, follow, max-snippet:-1, max-image-preview:large, max-video-preview:-1\" \/>\n<link rel=\"canonical\" href=\"https:\/\/poudresdenarco.com\/el\/\u03c0\u03c1\u03bf\u03ca\u03cc\u03bd\/5-meo-dalt\/\" \/>\n<meta property=\"og:locale\" content=\"el_GR\" \/>\n<meta property=\"og:type\" content=\"article\" \/>\n<meta property=\"og:title\" content=\"Acheter 5-MeO-DALT de Qualit\u00e9 | Poudres de Narco\" \/>\n<meta property=\"og:description\" content=\"de 5-MeO-DALT pour la recherche scientifique. Achetez du 5-MeO-DALT de haute puret\u00e9 chez Poudres de Narco pour des applications de laboratoire.\" \/>\n<meta property=\"og:url\" content=\"https:\/\/poudresdenarco.com\/el\/\u03c0\u03c1\u03bf\u03ca\u03cc\u03bd\/5-meo-dalt\/\" \/>\n<meta property=\"og:site_name\" content=\"Poudresde Narco\" \/>\n<meta property=\"article:modified_time\" content=\"2026-01-17T02:58:58+00:00\" \/>\n<meta property=\"og:image\" content=\"https:\/\/poudresdenarco.com\/wp-content\/uploads\/2024\/10\/5-MEO-DALT-1.gif\" \/>\n\t<meta property=\"og:image:width\" content=\"600\" \/>\n\t<meta property=\"og:image:height\" content=\"600\" \/>\n\t<meta property=\"og:image:type\" content=\"image\/gif\" \/>\n<meta name=\"twitter:card\" content=\"summary_large_image\" \/>\n<meta name=\"twitter:label1\" content=\"\u0395\u03ba\u03c4\u03b9\u03bc\u03ce\u03bc\u03b5\u03bd\u03bf\u03c2 \u03c7\u03c1\u03cc\u03bd\u03bf\u03c2 \u03b1\u03bd\u03ac\u03b3\u03bd\u03c9\u03c3\u03b7\u03c2\" \/>\n\t<meta name=\"twitter:data1\" content=\"2 \u03bb\u03b5\u03c0\u03c4\u03ac\" \/>\n<script type=\"application\/ld+json\" class=\"yoast-schema-graph\">{\"@context\":\"https:\/\/schema.org\",\"@graph\":[{\"@type\":\"WebPage\",\"@id\":\"https:\/\/poudresdenarco.com\/produit\/5-meo-dalt\/\",\"url\":\"https:\/\/poudresdenarco.com\/produit\/5-meo-dalt\/\",\"name\":\"Acheter 5-MeO-DALT de Qualit\u00e9 | Poudres de Narco\",\"isPartOf\":{\"@id\":\"https:\/\/poudresdenarco.com\/#website\"},\"primaryImageOfPage\":{\"@id\":\"https:\/\/poudresdenarco.com\/produit\/5-meo-dalt\/#primaryimage\"},\"image\":{\"@id\":\"https:\/\/poudresdenarco.com\/produit\/5-meo-dalt\/#primaryimage\"},\"thumbnailUrl\":\"https:\/\/poudresdenarco.com\/wp-content\/uploads\/2024\/10\/5-MEO-DALT-1.gif\",\"datePublished\":\"2024-10-16T11:32:57+00:00\",\"dateModified\":\"2026-01-17T02:58:58+00:00\",\"description\":\"de 5-MeO-DALT pour la recherche scientifique. Achetez du 5-MeO-DALT de haute puret\u00e9 chez Poudres de Narco pour des applications de laboratoire.\",\"breadcrumb\":{\"@id\":\"https:\/\/poudresdenarco.com\/produit\/5-meo-dalt\/#breadcrumb\"},\"inLanguage\":\"el\",\"potentialAction\":[{\"@type\":\"ReadAction\",\"target\":[\"https:\/\/poudresdenarco.com\/produit\/5-meo-dalt\/\"]}]},{\"@type\":\"ImageObject\",\"inLanguage\":\"el\",\"@id\":\"https:\/\/poudresdenarco.com\/produit\/5-meo-dalt\/#primaryimage\",\"url\":\"https:\/\/poudresdenarco.com\/wp-content\/uploads\/2024\/10\/5-MEO-DALT-1.gif\",\"contentUrl\":\"https:\/\/poudresdenarco.com\/wp-content\/uploads\/2024\/10\/5-MEO-DALT-1.gif\",\"width\":600,\"height\":600,\"caption\":\"5-MEO-DALT\"},{\"@type\":\"BreadcrumbList\",\"@id\":\"https:\/\/poudresdenarco.com\/produit\/5-meo-dalt\/#breadcrumb\",\"itemListElement\":[{\"@type\":\"ListItem\",\"position\":1,\"name\":\"Home\",\"item\":\"https:\/\/poudresdenarco.com\/\"},{\"@type\":\"ListItem\",\"position\":2,\"name\":\"Boutique\",\"item\":\"https:\/\/poudresdenarco.com\/boutique\/\"},{\"@type\":\"ListItem\",\"position\":3,\"name\":\"5-MEO-DALT\"}]},{\"@type\":\"WebSite\",\"@id\":\"https:\/\/poudresdenarco.com\/#website\",\"url\":\"https:\/\/poudresdenarco.com\/\",\"name\":\"Poudresde Narco\",\"description\":\"Acheter de la coca\u00efne et de l&#039;h\u00e9ro\u00efne en ligne\",\"potentialAction\":[{\"@type\":\"SearchAction\",\"target\":{\"@type\":\"EntryPoint\",\"urlTemplate\":\"https:\/\/poudresdenarco.com\/?s={search_term_string}\"},\"query-input\":{\"@type\":\"PropertyValueSpecification\",\"valueRequired\":true,\"valueName\":\"search_term_string\"}}],\"inLanguage\":\"el\"}]}<\/script>\n<!-- \/ Yoast SEO plugin. -->","yoast_head_json":{"title":"Acheter 5-MeO-DALT de Qualit\u00e9 | Poudres de Narco","description":"de 5-MeO-DALT pour la recherche scientifique. Achetez du 5-MeO-DALT de haute puret\u00e9 chez Poudres de Narco pour des applications de laboratoire.","robots":{"index":"index","follow":"follow","max-snippet":"max-snippet:-1","max-image-preview":"max-image-preview:large","max-video-preview":"max-video-preview:-1"},"canonical":"https:\/\/poudresdenarco.com\/el\/\u03c0\u03c1\u03bf\u03ca\u03cc\u03bd\/5-meo-dalt\/","og_locale":"el_GR","og_type":"article","og_title":"Acheter 5-MeO-DALT de Qualit\u00e9 | Poudres de Narco","og_description":"de 5-MeO-DALT pour la recherche scientifique. Achetez du 5-MeO-DALT de haute puret\u00e9 chez Poudres de Narco pour des applications de laboratoire.","og_url":"https:\/\/poudresdenarco.com\/el\/\u03c0\u03c1\u03bf\u03ca\u03cc\u03bd\/5-meo-dalt\/","og_site_name":"Poudresde Narco","article_modified_time":"2026-01-17T02:58:58+00:00","og_image":[{"width":600,"height":600,"url":"https:\/\/poudresdenarco.com\/wp-content\/uploads\/2024\/10\/5-MEO-DALT-1.gif","type":"image\/gif"}],"twitter_card":"summary_large_image","twitter_misc":{"\u0395\u03ba\u03c4\u03b9\u03bc\u03ce\u03bc\u03b5\u03bd\u03bf\u03c2 \u03c7\u03c1\u03cc\u03bd\u03bf\u03c2 \u03b1\u03bd\u03ac\u03b3\u03bd\u03c9\u03c3\u03b7\u03c2":"2 \u03bb\u03b5\u03c0\u03c4\u03ac"},"schema":{"@context":"https:\/\/schema.org","@graph":[{"@type":"WebPage","@id":"https:\/\/poudresdenarco.com\/produit\/5-meo-dalt\/","url":"https:\/\/poudresdenarco.com\/produit\/5-meo-dalt\/","name":"Acheter 5-MeO-DALT de Qualit\u00e9 | Poudres de Narco","isPartOf":{"@id":"https:\/\/poudresdenarco.com\/#website"},"primaryImageOfPage":{"@id":"https:\/\/poudresdenarco.com\/produit\/5-meo-dalt\/#primaryimage"},"image":{"@id":"https:\/\/poudresdenarco.com\/produit\/5-meo-dalt\/#primaryimage"},"thumbnailUrl":"https:\/\/poudresdenarco.com\/wp-content\/uploads\/2024\/10\/5-MEO-DALT-1.gif","datePublished":"2024-10-16T11:32:57+00:00","dateModified":"2026-01-17T02:58:58+00:00","description":"de 5-MeO-DALT pour la recherche scientifique. Achetez du 5-MeO-DALT de haute puret\u00e9 chez Poudres de Narco pour des applications de laboratoire.","breadcrumb":{"@id":"https:\/\/poudresdenarco.com\/produit\/5-meo-dalt\/#breadcrumb"},"inLanguage":"el","potentialAction":[{"@type":"ReadAction","target":["https:\/\/poudresdenarco.com\/produit\/5-meo-dalt\/"]}]},{"@type":"ImageObject","inLanguage":"el","@id":"https:\/\/poudresdenarco.com\/produit\/5-meo-dalt\/#primaryimage","url":"https:\/\/poudresdenarco.com\/wp-content\/uploads\/2024\/10\/5-MEO-DALT-1.gif","contentUrl":"https:\/\/poudresdenarco.com\/wp-content\/uploads\/2024\/10\/5-MEO-DALT-1.gif","width":600,"height":600,"caption":"5-MEO-DALT"},{"@type":"BreadcrumbList","@id":"https:\/\/poudresdenarco.com\/produit\/5-meo-dalt\/#breadcrumb","itemListElement":[{"@type":"ListItem","position":1,"name":"Home","item":"https:\/\/poudresdenarco.com\/"},{"@type":"ListItem","position":2,"name":"Boutique","item":"https:\/\/poudresdenarco.com\/boutique\/"},{"@type":"ListItem","position":3,"name":"5-MEO-DALT"}]},{"@type":"WebSite","@id":"https:\/\/poudresdenarco.com\/#website","url":"https:\/\/poudresdenarco.com\/","name":"Poudresde Narco","description":"Acheter de la coca\u00efne et de l&#039;h\u00e9ro\u00efne en ligne","potentialAction":[{"@type":"SearchAction","target":{"@type":"EntryPoint","urlTemplate":"https:\/\/poudresdenarco.com\/?s={search_term_string}"},"query-input":{"@type":"PropertyValueSpecification","valueRequired":true,"valueName":"search_term_string"}}],"inLanguage":"el"}]}},"_links":{"self":[{"href":"https:\/\/poudresdenarco.com\/el\/wp-json\/wp\/v2\/product\/6129","targetHints":{"allow":["GET"]}}],"collection":[{"href":"https:\/\/poudresdenarco.com\/el\/wp-json\/wp\/v2\/product"}],"about":[{"href":"https:\/\/poudresdenarco.com\/el\/wp-json\/wp\/v2\/types\/product"}],"replies":[{"embeddable":true,"href":"https:\/\/poudresdenarco.com\/el\/wp-json\/wp\/v2\/comments?post=6129"}],"wp:featuredmedia":[{"embeddable":true,"href":"https:\/\/poudresdenarco.com\/el\/wp-json\/wp\/v2\/media\/6211"}],"wp:attachment":[{"href":"https:\/\/poudresdenarco.com\/el\/wp-json\/wp\/v2\/media?parent=6129"}],"wp:term":[{"taxonomy":"product_cat","embeddable":true,"href":"https:\/\/poudresdenarco.com\/el\/wp-json\/wp\/v2\/product_cat?post=6129"},{"taxonomy":"product_tag","embeddable":true,"href":"https:\/\/poudresdenarco.com\/el\/wp-json\/wp\/v2\/product_tag?post=6129"}],"curies":[{"name":"wp","href":"https:\/\/api.w.org\/{rel}","templated":true}]}}