{"id":4140,"date":"2017-11-28T08:26:45","date_gmt":"2017-11-28T08:26:45","guid":{"rendered":"http:\/\/demo2.drfuri.com\/martfury13\/?page_id=129"},"modified":"2023-12-29T10:04:30","modified_gmt":"2023-12-29T10:04:30","slug":"a-propos","status":"publish","type":"page","link":"https:\/\/poudresdenarco.com\/en\/a-propos\/","title":{"rendered":"About us"},"content":{"rendered":"<div data-elementor-type=\"wp-post\" data-elementor-id=\"4140\" class=\"elementor elementor-4140\">\n\t\t\t\t\t\t<section class=\"elementor-section elementor-top-section elementor-element elementor-element-3ff6745a elementor-section-full_width elementor-section-height-default elementor-section-height-default\" data-id=\"3ff6745a\" data-element_type=\"section\">\n\t\t\t\t\t\t<div class=\"elementor-container elementor-column-gap-extended\">\n\t\t\t\t\t<div class=\"elementor-column elementor-col-100 elementor-top-column elementor-element elementor-element-31cd9c6a\" data-id=\"31cd9c6a\" data-element_type=\"column\">\n\t\t\t<div class=\"elementor-widget-wrap elementor-element-populated\">\n\t\t\t\t\t\t<div class=\"elementor-element elementor-element-54251667 elementor-widget elementor-widget-image\" data-id=\"54251667\" data-element_type=\"widget\" data-widget_type=\"image.default\">\n\t\t\t\t<div class=\"elementor-widget-container\">\n\t\t\t\t\t\t\t\t\t\t\t\t\t<img fetchpriority=\"high\" decoding=\"async\" width=\"1920\" height=\"652\" src=\"https:\/\/poudresdenarco.com\/wp-content\/uploads\/2023\/12\/about-banner.jpg\" class=\"attachment-full size-full wp-image-4350\" alt=\"about-banner\" srcset=\"https:\/\/poudresdenarco.com\/wp-content\/uploads\/2023\/12\/about-banner.jpg 1920w, https:\/\/poudresdenarco.com\/wp-content\/uploads\/2023\/12\/about-banner-300x102.jpg 300w, https:\/\/poudresdenarco.com\/wp-content\/uploads\/2023\/12\/about-banner-1024x348.jpg 1024w, https:\/\/poudresdenarco.com\/wp-content\/uploads\/2023\/12\/about-banner-768x261.jpg 768w, https:\/\/poudresdenarco.com\/wp-content\/uploads\/2023\/12\/about-banner-1536x522.jpg 1536w, https:\/\/poudresdenarco.com\/wp-content\/uploads\/2023\/12\/about-banner-370x126.jpg 370w, https:\/\/poudresdenarco.com\/wp-content\/uploads\/2023\/12\/about-banner-600x204.jpg 600w\" sizes=\"(max-width: 1920px) 100vw, 1920px\" \/>\t\t\t\t\t\t\t\t\t\t\t\t\t<\/div>\n\t\t\t\t<\/div>\n\t\t\t\t<div class=\"elementor-element elementor-element-4596bb93 elementor-widget elementor-widget-heading\" data-id=\"4596bb93\" data-element_type=\"widget\" data-widget_type=\"heading.default\">\n\t\t\t\t<div class=\"elementor-widget-container\">\n\t\t\t<h1 class=\"elementor-heading-title elementor-size-default\">Welcome to Poudre De Narco<\/h1>\t\t<\/div>\n\t\t\t\t<\/div>\n\t\t\t\t<div class=\"elementor-element elementor-element-24950485 elementor-widget elementor-widget-spacer\" data-id=\"24950485\" data-element_type=\"widget\" data-widget_type=\"spacer.default\">\n\t\t\t\t<div class=\"elementor-widget-container\">\n\t\t\t\t\t<div class=\"elementor-spacer\">\n\t\t\t<div class=\"elementor-spacer-inner\"><\/div>\n\t\t<\/div>\n\t\t\t\t<\/div>\n\t\t\t\t<\/div>\n\t\t\t\t<div class=\"elementor-element elementor-element-ac8375b elementor-widget elementor-widget-heading\" data-id=\"ac8375b\" data-element_type=\"widget\" data-widget_type=\"heading.default\">\n\t\t\t\t<div class=\"elementor-widget-container\">\n\t\t\t<h2 class=\"elementor-heading-title elementor-size-default\">Poudre De Narco is a leading pharmacy where we offer a vast collection of cocaine, heroin, ketamine and crystal meth products at very reasonable prices as well as a fast and secure delivery service in France.<\/h2>\t\t<\/div>\n\t\t\t\t<\/div>\n\t\t\t\t<div class=\"elementor-element elementor-element-2362e4d6 elementor-widget elementor-widget-spacer\" data-id=\"2362e4d6\" data-element_type=\"widget\" data-widget_type=\"spacer.default\">\n\t\t\t\t<div class=\"elementor-widget-container\">\n\t\t\t\t\t<div class=\"elementor-spacer\">\n\t\t\t<div class=\"elementor-spacer-inner\"><\/div>\n\t\t<\/div>\n\t\t\t\t<\/div>\n\t\t\t\t<\/div>\n\t\t\t\t<div class=\"elementor-element elementor-element-d352fa4 elementor-widget elementor-widget-text-editor\" data-id=\"d352fa4\" data-element_type=\"widget\" data-widget_type=\"text-editor.default\">\n\t\t\t\t<div class=\"elementor-widget-container\">\n\t\t\t\t\t\t\t<p>We are poudredenarco.com and we strive to give you the best shopping experience possible. All products are of the highest purity and come direct from the manufacturers. We supply the highest quality medicines at the most competitive prices. Please remember to contact us first if you have any problems before spreading negative information about our company; we are here to help and resolve any issues.<\/p>\t\t\t\t\t\t<\/div>\n\t\t\t\t<\/div>\n\t\t\t\t<div class=\"elementor-element elementor-element-a1fd898 elementor-align-center elementor-widget elementor-widget-button\" data-id=\"a1fd898\" data-element_type=\"widget\" data-widget_type=\"button.default\">\n\t\t\t\t<div class=\"elementor-widget-container\">\n\t\t\t\t\t\t\t<div class=\"elementor-button-wrapper\">\n\t\t\t\t\t<a class=\"elementor-button elementor-button-link elementor-size-md\" href=\"#\">\n\t\t\t\t\t\t<span class=\"elementor-button-content-wrapper\">\n\t\t\t\t\t\t\t\t\t<span class=\"elementor-button-text\">SHOP NOW<\/span>\n\t\t\t\t\t<\/span>\n\t\t\t\t\t<\/a>\n\t\t\t\t<\/div>\n\t\t\t\t\t\t<\/div>\n\t\t\t\t<\/div>\n\t\t\t\t<div class=\"elementor-element elementor-element-5873c051 elementor-widget elementor-widget-spacer\" data-id=\"5873c051\" data-element_type=\"widget\" data-widget_type=\"spacer.default\">\n\t\t\t\t<div class=\"elementor-widget-container\">\n\t\t\t\t\t<div class=\"elementor-spacer\">\n\t\t\t<div class=\"elementor-spacer-inner\"><\/div>\n\t\t<\/div>\n\t\t\t\t<\/div>\n\t\t\t\t<\/div>\n\t\t\t\t\t<\/div>\n\t\t<\/div>\n\t\t\t\t\t<\/div>\n\t\t<\/section>\n\t\t<div class=\"elementor-element elementor-element-b895598 e-flex e-con-boxed e-con e-parent\" data-id=\"b895598\" data-element_type=\"container\">\n\t\t\t\t\t<div class=\"e-con-inner\">\n\t\t<div class=\"elementor-element elementor-element-4a5f037 e-con-full e-flex e-con e-child\" data-id=\"4a5f037\" data-element_type=\"container\">\n\t\t\t\t<div class=\"elementor-element elementor-element-c702882 elementor-position-top elementor-widget elementor-widget-image-box\" data-id=\"c702882\" data-element_type=\"widget\" data-widget_type=\"image-box.default\">\n\t\t\t\t<div class=\"elementor-widget-container\">\n\t\t\t<div class=\"elementor-image-box-wrapper\"><figure class=\"elementor-image-box-img\"><img decoding=\"async\" width=\"250\" height=\"250\" src=\"https:\/\/poudresdenarco.com\/wp-content\/uploads\/2023\/12\/home_trusted.png\" class=\"attachment-full size-full wp-image-4341\" alt=\"\" srcset=\"https:\/\/poudresdenarco.com\/wp-content\/uploads\/2023\/12\/home_trusted.png 250w, https:\/\/poudresdenarco.com\/wp-content\/uploads\/2023\/12\/home_trusted-150x150.png 150w, https:\/\/poudresdenarco.com\/wp-content\/uploads\/2023\/12\/home_trusted-100x100.png 100w\" sizes=\"(max-width: 250px) 100vw, 250px\" \/><\/figure><div class=\"elementor-image-box-content\"><h3 class=\"elementor-image-box-title\">Always Reliable<\/h3><p class=\"elementor-image-box-description\">All products ordered from us are guaranteed to arrive on time. If your mail order is lost or stolen, we will replace it at no cost to you. More information can be found in the shipping FAQ.<\/p><\/div><\/div>\t\t<\/div>\n\t\t\t\t<\/div>\n\t\t\t\t<\/div>\n\t\t<div class=\"elementor-element elementor-element-abd4475 e-con-full e-flex e-con e-child\" data-id=\"abd4475\" data-element_type=\"container\">\n\t\t\t\t<div class=\"elementor-element elementor-element-a1e793c elementor-position-top elementor-widget elementor-widget-image-box\" data-id=\"a1e793c\" data-element_type=\"widget\" data-widget_type=\"image-box.default\">\n\t\t\t\t<div class=\"elementor-widget-container\">\n\t\t\t<div class=\"elementor-image-box-wrapper\"><figure class=\"elementor-image-box-img\"><img decoding=\"async\" width=\"250\" height=\"250\" src=\"https:\/\/poudresdenarco.com\/wp-content\/uploads\/2023\/12\/home_safe.png\" class=\"attachment-full size-full wp-image-4343\" alt=\"home_safe\" srcset=\"https:\/\/poudresdenarco.com\/wp-content\/uploads\/2023\/12\/home_safe.png 250w, https:\/\/poudresdenarco.com\/wp-content\/uploads\/2023\/12\/home_safe-150x150.png 150w, https:\/\/poudresdenarco.com\/wp-content\/uploads\/2023\/12\/home_safe-100x100.png 100w\" sizes=\"(max-width: 250px) 100vw, 250px\" \/><\/figure><div class=\"elementor-image-box-content\"><h3 class=\"elementor-image-box-title\">Safe and Secure<\/h3><p class=\"elementor-image-box-description\">We're the safest and easiest online shopping site in the world! Quality products can be delivered straight to your door if you're over 20.<\/p><\/div><\/div>\t\t<\/div>\n\t\t\t\t<\/div>\n\t\t\t\t<\/div>\n\t\t<div class=\"elementor-element elementor-element-fecd12b e-con-full e-flex e-con e-child\" data-id=\"fecd12b\" data-element_type=\"container\">\n\t\t\t\t<div class=\"elementor-element elementor-element-beae278 elementor-position-top elementor-widget elementor-widget-image-box\" data-id=\"beae278\" data-element_type=\"widget\" data-widget_type=\"image-box.default\">\n\t\t\t\t<div class=\"elementor-widget-container\">\n\t\t\t<div class=\"elementor-image-box-wrapper\"><figure class=\"elementor-image-box-img\"><img loading=\"lazy\" decoding=\"async\" width=\"250\" height=\"250\" src=\"https:\/\/poudresdenarco.com\/wp-content\/uploads\/2023\/12\/home_quality.png\" class=\"attachment-full size-full wp-image-4342\" alt=\"home_quality\" srcset=\"https:\/\/poudresdenarco.com\/wp-content\/uploads\/2023\/12\/home_quality.png 250w, https:\/\/poudresdenarco.com\/wp-content\/uploads\/2023\/12\/home_quality-150x150.png 150w, https:\/\/poudresdenarco.com\/wp-content\/uploads\/2023\/12\/home_quality-100x100.png 100w\" sizes=\"(max-width: 250px) 100vw, 250px\" \/><\/figure><div class=\"elementor-image-box-content\"><h3 class=\"elementor-image-box-title\">High quality<\/h3><p class=\"elementor-image-box-description\">We only source our products directly from the manufacturers and from the NO MIDDLE MAN laboratory! For worry-free quality control, we rigorously test all our products. You can be sure that you will receive only the best!<\/p><\/div><\/div>\t\t<\/div>\n\t\t\t\t<\/div>\n\t\t\t\t<\/div>\n\t\t\t\t\t<\/div>\n\t\t\t\t<\/div>\n\t\t\t\t<\/div>","protected":false},"excerpt":{"rendered":"<p>Welcome to Poudre De Narco Poudre De Narco est une pharmacie leader o\u00f9 nous proposons une vaste collection de produits \u00e0 base de coca\u00efne, d&rsquo;h\u00e9ro\u00efne, de k\u00e9tamine et de crystal meth \u00e0 un prix tr\u00e8s raisonnable ainsi qu&rsquo;un service de livraison rapide et s\u00e9curis\u00e9 en France. Nous sommes poudredenarco.com et nous nous effor\u00e7ons de vous&hellip;<\/p>","protected":false},"author":1,"featured_media":0,"parent":0,"menu_order":0,"comment_status":"closed","ping_status":"closed","template":"template-full-width.php","meta":{"_joinchat":[],"footnotes":""},"class_list":["post-4140","page","type-page","status-publish","hentry"],"yoast_head":"<!-- This site is optimized with the Yoast SEO plugin v23.8 - https:\/\/yoast.com\/wordpress\/plugins\/seo\/ -->\n<title>\u00c0 propos - Poudresde Narco<\/title>\n<meta name=\"robots\" content=\"index, follow, max-snippet:-1, max-image-preview:large, max-video-preview:-1\" \/>\n<link rel=\"canonical\" href=\"https:\/\/poudresdenarco.com\/en\/a-propos\/\" \/>\n<meta property=\"og:locale\" content=\"en_US\" \/>\n<meta property=\"og:type\" content=\"article\" \/>\n<meta property=\"og:title\" content=\"\u00c0 propos - Poudresde Narco\" \/>\n<meta property=\"og:description\" content=\"Welcome to Poudre De Narco Poudre De Narco est une pharmacie leader o\u00f9 nous proposons une vaste collection de produits \u00e0 base de coca\u00efne, d&rsquo;h\u00e9ro\u00efne, de k\u00e9tamine et de crystal meth \u00e0 un prix tr\u00e8s raisonnable ainsi qu&rsquo;un service de livraison rapide et s\u00e9curis\u00e9 en France. Nous sommes poudredenarco.com et nous nous effor\u00e7ons de vous&hellip;\" \/>\n<meta property=\"og:url\" content=\"https:\/\/poudresdenarco.com\/en\/a-propos\/\" \/>\n<meta property=\"og:site_name\" content=\"Poudresde Narco\" \/>\n<meta property=\"article:modified_time\" content=\"2023-12-29T10:04:30+00:00\" \/>\n<meta property=\"og:image\" content=\"https:\/\/poudresdenarco.com\/wp-content\/uploads\/2023\/12\/about-banner.jpg\" \/>\n<meta name=\"twitter:card\" content=\"summary_large_image\" \/>\n<meta name=\"twitter:label1\" content=\"Est. reading time\" \/>\n\t<meta name=\"twitter:data1\" content=\"1 minute\" \/>\n<script type=\"application\/ld+json\" class=\"yoast-schema-graph\">{\"@context\":\"https:\/\/schema.org\",\"@graph\":[{\"@type\":\"WebPage\",\"@id\":\"https:\/\/poudresdenarco.com\/a-propos\/\",\"url\":\"https:\/\/poudresdenarco.com\/a-propos\/\",\"name\":\"\u00c0 propos - Poudresde Narco\",\"isPartOf\":{\"@id\":\"https:\/\/poudresdenarco.com\/#website\"},\"primaryImageOfPage\":{\"@id\":\"https:\/\/poudresdenarco.com\/a-propos\/#primaryimage\"},\"image\":{\"@id\":\"https:\/\/poudresdenarco.com\/a-propos\/#primaryimage\"},\"thumbnailUrl\":\"https:\/\/poudresdenarco.com\/wp-content\/uploads\/2023\/12\/about-banner.jpg\",\"datePublished\":\"2017-11-28T08:26:45+00:00\",\"dateModified\":\"2023-12-29T10:04:30+00:00\",\"breadcrumb\":{\"@id\":\"https:\/\/poudresdenarco.com\/a-propos\/#breadcrumb\"},\"inLanguage\":\"en-AU\",\"potentialAction\":[{\"@type\":\"ReadAction\",\"target\":[\"https:\/\/poudresdenarco.com\/a-propos\/\"]}]},{\"@type\":\"ImageObject\",\"inLanguage\":\"en-AU\",\"@id\":\"https:\/\/poudresdenarco.com\/a-propos\/#primaryimage\",\"url\":\"https:\/\/poudresdenarco.com\/wp-content\/uploads\/2023\/12\/about-banner.jpg\",\"contentUrl\":\"https:\/\/poudresdenarco.com\/wp-content\/uploads\/2023\/12\/about-banner.jpg\"},{\"@type\":\"BreadcrumbList\",\"@id\":\"https:\/\/poudresdenarco.com\/a-propos\/#breadcrumb\",\"itemListElement\":[{\"@type\":\"ListItem\",\"position\":1,\"name\":\"Home\",\"item\":\"https:\/\/poudresdenarco.com\/\"},{\"@type\":\"ListItem\",\"position\":2,\"name\":\"\u00c0 propos\"}]},{\"@type\":\"WebSite\",\"@id\":\"https:\/\/poudresdenarco.com\/#website\",\"url\":\"https:\/\/poudresdenarco.com\/\",\"name\":\"Poudresde Narco\",\"description\":\"Acheter de la coca\u00efne et de l&#039;h\u00e9ro\u00efne en ligne\",\"potentialAction\":[{\"@type\":\"SearchAction\",\"target\":{\"@type\":\"EntryPoint\",\"urlTemplate\":\"https:\/\/poudresdenarco.com\/?s={search_term_string}\"},\"query-input\":{\"@type\":\"PropertyValueSpecification\",\"valueRequired\":true,\"valueName\":\"search_term_string\"}}],\"inLanguage\":\"en-AU\"}]}<\/script>\n<!-- \/ Yoast SEO plugin. -->","yoast_head_json":{"title":"\u00c0 propos - Poudresde Narco","robots":{"index":"index","follow":"follow","max-snippet":"max-snippet:-1","max-image-preview":"max-image-preview:large","max-video-preview":"max-video-preview:-1"},"canonical":"https:\/\/poudresdenarco.com\/en\/a-propos\/","og_locale":"en_US","og_type":"article","og_title":"\u00c0 propos - Poudresde Narco","og_description":"Welcome to Poudre De Narco Poudre De Narco est une pharmacie leader o\u00f9 nous proposons une vaste collection de produits \u00e0 base de coca\u00efne, d&rsquo;h\u00e9ro\u00efne, de k\u00e9tamine et de crystal meth \u00e0 un prix tr\u00e8s raisonnable ainsi qu&rsquo;un service de livraison rapide et s\u00e9curis\u00e9 en France. Nous sommes poudredenarco.com et nous nous effor\u00e7ons de vous&hellip;","og_url":"https:\/\/poudresdenarco.com\/en\/a-propos\/","og_site_name":"Poudresde Narco","article_modified_time":"2023-12-29T10:04:30+00:00","og_image":[{"url":"https:\/\/poudresdenarco.com\/wp-content\/uploads\/2023\/12\/about-banner.jpg"}],"twitter_card":"summary_large_image","twitter_misc":{"Est. reading time":"1 minute"},"schema":{"@context":"https:\/\/schema.org","@graph":[{"@type":"WebPage","@id":"https:\/\/poudresdenarco.com\/a-propos\/","url":"https:\/\/poudresdenarco.com\/a-propos\/","name":"\u00c0 propos - Poudresde Narco","isPartOf":{"@id":"https:\/\/poudresdenarco.com\/#website"},"primaryImageOfPage":{"@id":"https:\/\/poudresdenarco.com\/a-propos\/#primaryimage"},"image":{"@id":"https:\/\/poudresdenarco.com\/a-propos\/#primaryimage"},"thumbnailUrl":"https:\/\/poudresdenarco.com\/wp-content\/uploads\/2023\/12\/about-banner.jpg","datePublished":"2017-11-28T08:26:45+00:00","dateModified":"2023-12-29T10:04:30+00:00","breadcrumb":{"@id":"https:\/\/poudresdenarco.com\/a-propos\/#breadcrumb"},"inLanguage":"en-AU","potentialAction":[{"@type":"ReadAction","target":["https:\/\/poudresdenarco.com\/a-propos\/"]}]},{"@type":"ImageObject","inLanguage":"en-AU","@id":"https:\/\/poudresdenarco.com\/a-propos\/#primaryimage","url":"https:\/\/poudresdenarco.com\/wp-content\/uploads\/2023\/12\/about-banner.jpg","contentUrl":"https:\/\/poudresdenarco.com\/wp-content\/uploads\/2023\/12\/about-banner.jpg"},{"@type":"BreadcrumbList","@id":"https:\/\/poudresdenarco.com\/a-propos\/#breadcrumb","itemListElement":[{"@type":"ListItem","position":1,"name":"Home","item":"https:\/\/poudresdenarco.com\/"},{"@type":"ListItem","position":2,"name":"\u00c0 propos"}]},{"@type":"WebSite","@id":"https:\/\/poudresdenarco.com\/#website","url":"https:\/\/poudresdenarco.com\/","name":"Poudresde Narco","description":"Acheter de la coca\u00efne et de l&#039;h\u00e9ro\u00efne en ligne","potentialAction":[{"@type":"SearchAction","target":{"@type":"EntryPoint","urlTemplate":"https:\/\/poudresdenarco.com\/?s={search_term_string}"},"query-input":{"@type":"PropertyValueSpecification","valueRequired":true,"valueName":"search_term_string"}}],"inLanguage":"en-AU"}]}},"_links":{"self":[{"href":"https:\/\/poudresdenarco.com\/en\/wp-json\/wp\/v2\/pages\/4140","targetHints":{"allow":["GET"]}}],"collection":[{"href":"https:\/\/poudresdenarco.com\/en\/wp-json\/wp\/v2\/pages"}],"about":[{"href":"https:\/\/poudresdenarco.com\/en\/wp-json\/wp\/v2\/types\/page"}],"author":[{"embeddable":true,"href":"https:\/\/poudresdenarco.com\/en\/wp-json\/wp\/v2\/users\/1"}],"replies":[{"embeddable":true,"href":"https:\/\/poudresdenarco.com\/en\/wp-json\/wp\/v2\/comments?post=4140"}],"version-history":[{"count":16,"href":"https:\/\/poudresdenarco.com\/en\/wp-json\/wp\/v2\/pages\/4140\/revisions"}],"predecessor-version":[{"id":4356,"href":"https:\/\/poudresdenarco.com\/en\/wp-json\/wp\/v2\/pages\/4140\/revisions\/4356"}],"wp:attachment":[{"href":"https:\/\/poudresdenarco.com\/en\/wp-json\/wp\/v2\/media?parent=4140"}],"curies":[{"name":"wp","href":"https:\/\/api.w.org\/{rel}","templated":true}]}}