{"id":127,"date":"2023-12-25T08:20:20","date_gmt":"2023-12-25T08:20:20","guid":{"rendered":"https:\/\/unkrautmarkt.com\/narco1\/?post_type=product&#038;p=127"},"modified":"2025-09-01T19:58:05","modified_gmt":"2025-09-01T19:58:05","slug":"acheter-de-la-methamphetamine-crystal-meth-en-ligne","status":"publish","type":"product","link":"https:\/\/poudresdenarco.com\/en\/product-2\/buy-methamphetamine-crystal-meth-online\/","title":{"rendered":"Buy methamphetamine (Crystal meth) online"},"content":{"rendered":"<h2><span style=\"vertical-align: inherit;\"><span style=\"vertical-align: inherit;\">Buy Methamphetamine (Crystal Meth) Online<\/span><\/span><\/h2>\n<h3><span style=\"vertical-align: inherit;\"><span style=\"vertical-align: inherit;\">What is methamphetamine?<\/span><\/span><\/h3>\n<p><span style=\"vertical-align: inherit;\"><span style=\"vertical-align: inherit;\">Stimulants like <a href=\"https:\/\/en.wikipedia.org\/wiki\/Methamphetamine\">methamphetamine<\/a> allow users to stay awake and engage in continuous activity while reducing the need for sleep.<\/span><\/span><\/p>\n<p><span style=\"vertical-align: inherit;\"><span style=\"vertical-align: inherit;\">These drugs are produced in the form of large crystals called ice, pills or powders. Ice, often known as crystal meth, is a common substance, especially among young adults and party-goers who frequent clubs and dance floors.<\/span><\/span><\/p>\n<h3><span style=\"vertical-align: inherit;\"><span style=\"vertical-align: inherit;\">What other name is there for methamphetamine (Meth)?<\/span><\/span><\/h3>\n<p><span style=\"vertical-align: inherit;\"><span style=\"vertical-align: inherit;\">crank (especially when injected), speed, rods, methamphetamine, crystal meth, chalk, ice, glass and Christmas tree<\/span><\/span><\/p>\n<h3><span style=\"vertical-align: inherit;\"><span style=\"vertical-align: inherit;\">Methamphetamine, or \u201cMeth,\u201d How is it Used?<\/span><\/span><\/h3>\n<p><span style=\"vertical-align: inherit;\"><span style=\"vertical-align: inherit;\">Methamphetamines can be smoked, ingested, inhaled, or injected intravenously.<\/span><\/span><\/p>\n<h3><span style=\"vertical-align: inherit;\"><span style=\"vertical-align: inherit;\">What other name is there for methamphetamine (Meth)?<\/span><\/span><\/h3>\n<p><span style=\"vertical-align: inherit;\"><span style=\"vertical-align: inherit;\">The effects of ingesting or snorting methamphetamine \u2013 also called \u201cbumpin\u2019\u201d \u2013 are extremely powerful. A rush or flash is the short-lived but powerful and potent effect produced by injections.<\/span><\/span><\/p>\n<p><span style=\"vertical-align: inherit;\"><span style=\"vertical-align: inherit;\">Methamphetamine users get a strong and energetic high. They believe that the drug will keep their body functioning constantly. However, methamphetamine causes serious damage to the body and brain, especially when used frequently.<\/span><\/span><\/p>\n<p><span style=\"vertical-align: inherit;\"><span style=\"vertical-align: inherit;\">Increased blood pressure, irregular heartbeat, and rapid breathing are side effects. Additionally, users report headache, dry mouth, flushing, altered vision, sweating, and dizziness. People looking to lose weight quickly use this drug as a risky diet approach because it frequently reduces or even eliminates appetite.<\/span><\/span><\/p>\n<p><span style=\"vertical-align: inherit;\"><span style=\"vertical-align: inherit;\">Another concern is \"\u00a0<a href=\"https:\/\/poudresdenarco.com\/en\/product-2\/buy-methamphetamine-crystal-meth-online\/\">meth<\/a>.\u00a0\u00bb Teeth frequently break or fall out due to chronic gum disease and tooth decay.<\/span><\/span><\/p>\n<p>&nbsp;<\/p>","protected":false},"excerpt":{"rendered":"<p>Buy Methamphetamine (Crystal Meth) Online What is methamphetamine? Stimulants like methamphetamine allow users to stay awake and engage in continuous activity while reducing the need for sleep. These drugs are produced in the form of large crystals called ice, pills or powders. Ice, often known as crystal meth, is a common substance, especially among young&hellip;<\/p>","protected":false},"featured_media":266,"comment_status":"open","ping_status":"closed","template":"","meta":{"_joinchat":[]},"product_cat":[161],"product_tag":[],"class_list":{"0":"post-127","1":"product","2":"type-product","3":"status-publish","4":"has-post-thumbnail","6":"product_cat-du-crystal-meth","8":"first","9":"instock","10":"shipping-taxable","11":"purchasable","12":"product-type-variable","13":"col-xs-6 col-sm-4","14":"col-md-3 col-lg-3","15":"un-4-cols"},"yoast_head":"<!-- This site is optimized with the Yoast SEO plugin v23.8 - https:\/\/yoast.com\/wordpress\/plugins\/seo\/ -->\n<title>Acheter de la m\u00e9thamph\u00e9tamine en ligne \u2013 Vente de m\u00e9thamph\u00e9tamine<\/title>\n<meta name=\"description\" content=\"Achetez de la m\u00e9thamph\u00e9tamine \u00e0 des prix abordables dans notre magasin PoudresDenarco. Nous vous aiderons \u00e0 acheter de la m\u00e9thamph\u00e9tamine en ligne. Acceptez votre commande et livrez-la chez vous sous peu !\" \/>\n<meta name=\"robots\" content=\"index, follow, max-snippet:-1, max-image-preview:large, max-video-preview:-1\" \/>\n<link rel=\"canonical\" href=\"https:\/\/poudresdenarco.com\/en\/product-2\/buy-methamphetamine-crystal-meth-online\/\" \/>\n<meta property=\"og:locale\" content=\"en_US\" \/>\n<meta property=\"og:type\" content=\"article\" \/>\n<meta property=\"og:title\" content=\"Acheter de la m\u00e9thamph\u00e9tamine en ligne \u2013 Vente de m\u00e9thamph\u00e9tamine\" \/>\n<meta property=\"og:description\" content=\"Achetez de la m\u00e9thamph\u00e9tamine \u00e0 des prix abordables dans notre magasin PoudresDenarco. Nous vous aiderons \u00e0 acheter de la m\u00e9thamph\u00e9tamine en ligne. Acceptez votre commande et livrez-la chez vous sous peu !\" \/>\n<meta property=\"og:url\" content=\"https:\/\/poudresdenarco.com\/en\/product-2\/buy-methamphetamine-crystal-meth-online\/\" \/>\n<meta property=\"og:site_name\" content=\"Poudresde Narco\" \/>\n<meta property=\"article:modified_time\" content=\"2025-09-01T19:58:05+00:00\" \/>\n<meta property=\"og:image\" content=\"https:\/\/poudresdenarco.com\/wp-content\/uploads\/2023\/12\/Buy-Methamphetamine-online.jpg\" \/>\n\t<meta property=\"og:image:width\" content=\"600\" \/>\n\t<meta property=\"og:image:height\" content=\"600\" \/>\n\t<meta property=\"og:image:type\" content=\"image\/jpeg\" \/>\n<meta name=\"twitter:card\" content=\"summary_large_image\" \/>\n<meta name=\"twitter:label1\" content=\"Est. reading time\" \/>\n\t<meta name=\"twitter:data1\" content=\"2 minutes\" \/>\n<script type=\"application\/ld+json\" class=\"yoast-schema-graph\">{\"@context\":\"https:\/\/schema.org\",\"@graph\":[{\"@type\":\"WebPage\",\"@id\":\"https:\/\/poudresdenarco.com\/produit\/acheter-de-la-methamphetamine-crystal-meth-en-ligne\/\",\"url\":\"https:\/\/poudresdenarco.com\/produit\/acheter-de-la-methamphetamine-crystal-meth-en-ligne\/\",\"name\":\"Acheter de la m\u00e9thamph\u00e9tamine en ligne \u2013 Vente de m\u00e9thamph\u00e9tamine\",\"isPartOf\":{\"@id\":\"https:\/\/poudresdenarco.com\/#website\"},\"primaryImageOfPage\":{\"@id\":\"https:\/\/poudresdenarco.com\/produit\/acheter-de-la-methamphetamine-crystal-meth-en-ligne\/#primaryimage\"},\"image\":{\"@id\":\"https:\/\/poudresdenarco.com\/produit\/acheter-de-la-methamphetamine-crystal-meth-en-ligne\/#primaryimage\"},\"thumbnailUrl\":\"https:\/\/poudresdenarco.com\/wp-content\/uploads\/2023\/12\/Buy-Methamphetamine-online.jpg\",\"datePublished\":\"2023-12-25T08:20:20+00:00\",\"dateModified\":\"2025-09-01T19:58:05+00:00\",\"description\":\"Achetez de la m\u00e9thamph\u00e9tamine \u00e0 des prix abordables dans notre magasin PoudresDenarco. Nous vous aiderons \u00e0 acheter de la m\u00e9thamph\u00e9tamine en ligne. Acceptez votre commande et livrez-la chez vous sous peu !\",\"breadcrumb\":{\"@id\":\"https:\/\/poudresdenarco.com\/produit\/acheter-de-la-methamphetamine-crystal-meth-en-ligne\/#breadcrumb\"},\"inLanguage\":\"en-AU\",\"potentialAction\":[{\"@type\":\"ReadAction\",\"target\":[\"https:\/\/poudresdenarco.com\/produit\/acheter-de-la-methamphetamine-crystal-meth-en-ligne\/\"]}]},{\"@type\":\"ImageObject\",\"inLanguage\":\"en-AU\",\"@id\":\"https:\/\/poudresdenarco.com\/produit\/acheter-de-la-methamphetamine-crystal-meth-en-ligne\/#primaryimage\",\"url\":\"https:\/\/poudresdenarco.com\/wp-content\/uploads\/2023\/12\/Buy-Methamphetamine-online.jpg\",\"contentUrl\":\"https:\/\/poudresdenarco.com\/wp-content\/uploads\/2023\/12\/Buy-Methamphetamine-online.jpg\",\"width\":600,\"height\":600,\"caption\":\"Buy-Methamphetamine-online\"},{\"@type\":\"BreadcrumbList\",\"@id\":\"https:\/\/poudresdenarco.com\/produit\/acheter-de-la-methamphetamine-crystal-meth-en-ligne\/#breadcrumb\",\"itemListElement\":[{\"@type\":\"ListItem\",\"position\":1,\"name\":\"Home\",\"item\":\"https:\/\/poudresdenarco.com\/\"},{\"@type\":\"ListItem\",\"position\":2,\"name\":\"Boutique\",\"item\":\"https:\/\/poudresdenarco.com\/boutique\/\"},{\"@type\":\"ListItem\",\"position\":3,\"name\":\"Acheter de la m\u00e9thamph\u00e9tamine (Crystal meth) en ligne\"}]},{\"@type\":\"WebSite\",\"@id\":\"https:\/\/poudresdenarco.com\/#website\",\"url\":\"https:\/\/poudresdenarco.com\/\",\"name\":\"Poudresde Narco\",\"description\":\"Acheter de la coca\u00efne et de l&#039;h\u00e9ro\u00efne en ligne\",\"potentialAction\":[{\"@type\":\"SearchAction\",\"target\":{\"@type\":\"EntryPoint\",\"urlTemplate\":\"https:\/\/poudresdenarco.com\/?s={search_term_string}\"},\"query-input\":{\"@type\":\"PropertyValueSpecification\",\"valueRequired\":true,\"valueName\":\"search_term_string\"}}],\"inLanguage\":\"en-AU\"}]}<\/script>\n<!-- \/ Yoast SEO plugin. -->","yoast_head_json":{"title":"Acheter de la m\u00e9thamph\u00e9tamine en ligne \u2013 Vente de m\u00e9thamph\u00e9tamine","description":"Achetez de la m\u00e9thamph\u00e9tamine \u00e0 des prix abordables dans notre magasin PoudresDenarco. Nous vous aiderons \u00e0 acheter de la m\u00e9thamph\u00e9tamine en ligne. Acceptez votre commande et livrez-la chez vous sous peu !","robots":{"index":"index","follow":"follow","max-snippet":"max-snippet:-1","max-image-preview":"max-image-preview:large","max-video-preview":"max-video-preview:-1"},"canonical":"https:\/\/poudresdenarco.com\/en\/product-2\/buy-methamphetamine-crystal-meth-online\/","og_locale":"en_US","og_type":"article","og_title":"Acheter de la m\u00e9thamph\u00e9tamine en ligne \u2013 Vente de m\u00e9thamph\u00e9tamine","og_description":"Achetez de la m\u00e9thamph\u00e9tamine \u00e0 des prix abordables dans notre magasin PoudresDenarco. Nous vous aiderons \u00e0 acheter de la m\u00e9thamph\u00e9tamine en ligne. Acceptez votre commande et livrez-la chez vous sous peu !","og_url":"https:\/\/poudresdenarco.com\/en\/product-2\/buy-methamphetamine-crystal-meth-online\/","og_site_name":"Poudresde Narco","article_modified_time":"2025-09-01T19:58:05+00:00","og_image":[{"width":600,"height":600,"url":"https:\/\/poudresdenarco.com\/wp-content\/uploads\/2023\/12\/Buy-Methamphetamine-online.jpg","type":"image\/jpeg"}],"twitter_card":"summary_large_image","twitter_misc":{"Est. reading time":"2 minutes"},"schema":{"@context":"https:\/\/schema.org","@graph":[{"@type":"WebPage","@id":"https:\/\/poudresdenarco.com\/produit\/acheter-de-la-methamphetamine-crystal-meth-en-ligne\/","url":"https:\/\/poudresdenarco.com\/produit\/acheter-de-la-methamphetamine-crystal-meth-en-ligne\/","name":"Acheter de la m\u00e9thamph\u00e9tamine en ligne \u2013 Vente de m\u00e9thamph\u00e9tamine","isPartOf":{"@id":"https:\/\/poudresdenarco.com\/#website"},"primaryImageOfPage":{"@id":"https:\/\/poudresdenarco.com\/produit\/acheter-de-la-methamphetamine-crystal-meth-en-ligne\/#primaryimage"},"image":{"@id":"https:\/\/poudresdenarco.com\/produit\/acheter-de-la-methamphetamine-crystal-meth-en-ligne\/#primaryimage"},"thumbnailUrl":"https:\/\/poudresdenarco.com\/wp-content\/uploads\/2023\/12\/Buy-Methamphetamine-online.jpg","datePublished":"2023-12-25T08:20:20+00:00","dateModified":"2025-09-01T19:58:05+00:00","description":"Achetez de la m\u00e9thamph\u00e9tamine \u00e0 des prix abordables dans notre magasin PoudresDenarco. Nous vous aiderons \u00e0 acheter de la m\u00e9thamph\u00e9tamine en ligne. Acceptez votre commande et livrez-la chez vous sous peu !","breadcrumb":{"@id":"https:\/\/poudresdenarco.com\/produit\/acheter-de-la-methamphetamine-crystal-meth-en-ligne\/#breadcrumb"},"inLanguage":"en-AU","potentialAction":[{"@type":"ReadAction","target":["https:\/\/poudresdenarco.com\/produit\/acheter-de-la-methamphetamine-crystal-meth-en-ligne\/"]}]},{"@type":"ImageObject","inLanguage":"en-AU","@id":"https:\/\/poudresdenarco.com\/produit\/acheter-de-la-methamphetamine-crystal-meth-en-ligne\/#primaryimage","url":"https:\/\/poudresdenarco.com\/wp-content\/uploads\/2023\/12\/Buy-Methamphetamine-online.jpg","contentUrl":"https:\/\/poudresdenarco.com\/wp-content\/uploads\/2023\/12\/Buy-Methamphetamine-online.jpg","width":600,"height":600,"caption":"Buy-Methamphetamine-online"},{"@type":"BreadcrumbList","@id":"https:\/\/poudresdenarco.com\/produit\/acheter-de-la-methamphetamine-crystal-meth-en-ligne\/#breadcrumb","itemListElement":[{"@type":"ListItem","position":1,"name":"Home","item":"https:\/\/poudresdenarco.com\/"},{"@type":"ListItem","position":2,"name":"Boutique","item":"https:\/\/poudresdenarco.com\/boutique\/"},{"@type":"ListItem","position":3,"name":"Acheter de la m\u00e9thamph\u00e9tamine (Crystal meth) en ligne"}]},{"@type":"WebSite","@id":"https:\/\/poudresdenarco.com\/#website","url":"https:\/\/poudresdenarco.com\/","name":"Poudresde Narco","description":"Acheter de la coca\u00efne et de l&#039;h\u00e9ro\u00efne en ligne","potentialAction":[{"@type":"SearchAction","target":{"@type":"EntryPoint","urlTemplate":"https:\/\/poudresdenarco.com\/?s={search_term_string}"},"query-input":{"@type":"PropertyValueSpecification","valueRequired":true,"valueName":"search_term_string"}}],"inLanguage":"en-AU"}]}},"_links":{"self":[{"href":"https:\/\/poudresdenarco.com\/en\/wp-json\/wp\/v2\/product\/127","targetHints":{"allow":["GET"]}}],"collection":[{"href":"https:\/\/poudresdenarco.com\/en\/wp-json\/wp\/v2\/product"}],"about":[{"href":"https:\/\/poudresdenarco.com\/en\/wp-json\/wp\/v2\/types\/product"}],"replies":[{"embeddable":true,"href":"https:\/\/poudresdenarco.com\/en\/wp-json\/wp\/v2\/comments?post=127"}],"wp:featuredmedia":[{"embeddable":true,"href":"https:\/\/poudresdenarco.com\/en\/wp-json\/wp\/v2\/media\/266"}],"wp:attachment":[{"href":"https:\/\/poudresdenarco.com\/en\/wp-json\/wp\/v2\/media?parent=127"}],"wp:term":[{"taxonomy":"product_cat","embeddable":true,"href":"https:\/\/poudresdenarco.com\/en\/wp-json\/wp\/v2\/product_cat?post=127"},{"taxonomy":"product_tag","embeddable":true,"href":"https:\/\/poudresdenarco.com\/en\/wp-json\/wp\/v2\/product_tag?post=127"}],"curies":[{"name":"wp","href":"https:\/\/api.w.org\/{rel}","templated":true}]}}