{"id":136,"date":"2023-12-25T08:20:25","date_gmt":"2023-12-25T08:20:25","guid":{"rendered":"https:\/\/unkrautmarkt.com\/narco1\/?post_type=product&#038;p=136"},"modified":"2025-06-10T00:57:58","modified_gmt":"2025-06-10T00:57:58","slug":"acheter-calypsol-ketamine-500mg-10ml","status":"publish","type":"product","link":"https:\/\/poudresdenarco.com\/en\/product-2\/buy-calypsol-ketamine-500mg-10ml\/","title":{"rendered":"Buy Calypsol Ketamine 500mg\/10ml"},"content":{"rendered":"<h2><span style=\"vertical-align: inherit;\"><span style=\"vertical-align: inherit;\">Buy Calypsol Ketamine 500mg\/10ml online<\/span><\/span><\/h2>\n<h3><span style=\"vertical-align: inherit;\"><span style=\"vertical-align: inherit;\">Buy Calypsol Ketamine 500mg\/10ml online.<\/span><\/span><\/h3>\n<p><span style=\"vertical-align: inherit;\"><span style=\"vertical-align: inherit;\"><a href=\"https:\/\/en.wikipedia.org\/wiki\/Ketamine\">Ketamine HCL<\/a> is a medication primarily used in anaesthesia. Additional uses include intensive care sedation and persistent pain, Buy Calypsol Ketamine .<\/span><\/span><\/p>\n<p><span style=\"vertical-align: inherit;\"><span style=\"vertical-align: inherit;\">The high caused by ketamine lasts about an hour. It begins two to five minutes after smoking or ingesting the dose. When injected, it occurs about 30 seconds after injection.<\/span><\/span><\/p>\n<p><span style=\"vertical-align: inherit;\"><span style=\"vertical-align: inherit;\">The overwhelming feeling of relaxation that the user initially experiences during the effect is often referred to as a \u00ab\u00a0full-body buzz.\u00a0\u00bb Some users even describe it as feeling like they are floating out of their body. Many people experience hallucinations that last longer than the effects of the anesthesia.<\/span><\/span><\/p>\n<p><span style=\"vertical-align: inherit;\"><span style=\"vertical-align: inherit;\">Higher doses can lead to more powerful effects; individuals have described complete and total dissociation from their bodies. People who have had near-death experiences have described similar feelings, resembling those of a \u00ab\u00a0K-hole.\u00a0\u00bb<\/span><\/span><\/p>\n<p><span style=\"vertical-align: inherit;\"><span style=\"vertical-align: inherit;\">Online, <a href=\"https:\/\/poudresdenarco.com\/en\/product-2\/buy-calypsol-ketamine-500mg-10ml\/\">Calypsol Ketamine 500 mg\/10 ml<\/a> is reasonably priced.<\/span><\/span><\/p>\n<h4><strong>Buy High Purity Calypsol Ketamine for Research - Narcotic Powders<\/strong><\/h4>\n<p><strong>Narcotic powders<\/strong> is your trusted source for <strong>Calypsol Ketamine research quality<\/strong>designed exclusively for <strong>scientific laboratory applications<\/strong>. Our Calypsol Ketamine is produced to strict purity and quality standards, ensuring reliable results for pharmacological and chemical researchers.<\/p>\n<h3>Why choose Calypsol Ketamine from Poudres de Narco?<\/h3>\n<p>As a <strong>supplier of Calypsol Ketamine for research<\/strong>, <strong>Narcotic powders<\/strong> undertakes to supply products that meet the requirements of the <strong>certified laboratories<\/strong> :<\/p>\n<ul>\n<li><strong>Calypsol High Purity Ketamine for Laboratories<\/strong> : Each batch is rigorously tested to ensure optimum purity, which is essential for <strong>precision scientific applications<\/strong>.<\/li>\n<li><strong>Consistent, Reliable Quality<\/strong> Our Calypsol Ketamine is formulated for stable, reliable performance, ideal for <strong>analytical studies and laboratory research<\/strong>.<\/li>\n<li><strong>Secure Online Ordering<\/strong> : <strong>Narcotic powders<\/strong> offers a simplified process for<strong>buy Calypsol Ketamine online<\/strong>ensuring security and compliance for research professionals.<\/li>\n<\/ul>\n<h3>Applications and Safety Instructions<\/h3>\n<p>Le <strong>Calypsol Ketamine for research<\/strong> from <strong>Narcotic powders<\/strong> is intended for <strong>analytical applications and scientific studies<\/strong>. We provide security protocols to ensure safe and compliant use:<\/p>\n<ul>\n<li><strong>Secure storage<\/strong> Keep Calypsol Ketamine in a cool, dry place away from light to preserve its quality.<\/li>\n<li><strong>Handling with Precautions<\/strong> Use personal protective equipment (PPE) and work in a well-ventilated environment to ensure safety.<\/li>\n<li><strong>Use Strictly Reserved for Research<\/strong> This product is intended exclusively for qualified researchers and certified laboratories.<\/li>\n<\/ul>\n<h3>Order high-purity Calypsol Ketamine for your scientific studies<\/h3>\n<p>With <strong>Narcotic powders<\/strong>you benefit from <strong>reliable supply of Calypsol Ketamine for laboratory applications<\/strong>. Our high standards of quality and safety make <strong>Narcotic powders<\/strong> the trusted choice for research professionals. <strong>Contact us<\/strong> for a quote or to find out more about our range of high purity products for scientific research Buy Calypsol Ketamine .<\/p>","protected":false},"excerpt":{"rendered":"<p>Acheter Calypsol Ketamine 500mg\/10ml en ligne Acheter Calypsol Ketamine 500mg\/10ml en ligne. Ketamine HCL is a medication primarily used in anesthesia. Additional uses include intensive care sedation and persistent pain, Acheter Calypsol K\u00e9tamine . The high caused by ketamine lasts about an hour. It begins two to five minutes after smoking or ingesting the dose.&hellip;<\/p>","protected":false},"featured_media":263,"comment_status":"open","ping_status":"closed","template":"","meta":{"_joinchat":[]},"product_cat":[174],"product_tag":[],"class_list":{"0":"post-136","1":"product","2":"type-product","3":"status-publish","4":"has-post-thumbnail","6":"product_cat-la-ketamine","8":"first","9":"instock","10":"shipping-taxable","11":"purchasable","12":"product-type-variable","13":"col-xs-6 col-sm-4","14":"col-md-3 col-lg-3","15":"un-4-cols"},"yoast_head":"<!-- This site is optimized with the Yoast SEO plugin v23.8 - https:\/\/yoast.com\/wordpress\/plugins\/seo\/ -->\n<title>Acheter Calypsol Ketamine 500mg\/10ml en ligne - Poudresdenarco<\/title>\n<meta name=\"description\" content=\"Vous pouvez entrer en contact avec notre boutique en ligne PoudresDenarco et acheter Calypsol Ketamine 500mg\/10ml en ligne. Vous pouvez obtenir Calypsol Ketamine 500mg\/10ml en vente \u00e0 des prix bon march\u00e9. Passez commande tout de suite !\" \/>\n<meta name=\"robots\" content=\"index, follow, max-snippet:-1, max-image-preview:large, max-video-preview:-1\" \/>\n<link rel=\"canonical\" href=\"https:\/\/poudresdenarco.com\/en\/product-2\/buy-calypsol-ketamine-500mg-10ml\/\" \/>\n<meta property=\"og:locale\" content=\"en_US\" \/>\n<meta property=\"og:type\" content=\"article\" \/>\n<meta property=\"og:title\" content=\"Acheter Calypsol Ketamine 500mg\/10ml en ligne - Poudresdenarco\" \/>\n<meta property=\"og:description\" content=\"Vous pouvez entrer en contact avec notre boutique en ligne PoudresDenarco et acheter Calypsol Ketamine 500mg\/10ml en ligne. Vous pouvez obtenir Calypsol Ketamine 500mg\/10ml en vente \u00e0 des prix bon march\u00e9. Passez commande tout de suite !\" \/>\n<meta property=\"og:url\" content=\"https:\/\/poudresdenarco.com\/en\/product-2\/buy-calypsol-ketamine-500mg-10ml\/\" \/>\n<meta property=\"og:site_name\" content=\"Poudresde Narco\" \/>\n<meta property=\"article:modified_time\" content=\"2025-06-10T00:57:58+00:00\" \/>\n<meta property=\"og:image\" content=\"https:\/\/poudresdenarco.com\/wp-content\/uploads\/2023\/12\/Buy-Calypsol-Ketamine-500mg-10ml.jpg\" \/>\n\t<meta property=\"og:image:width\" content=\"600\" \/>\n\t<meta property=\"og:image:height\" content=\"600\" \/>\n\t<meta property=\"og:image:type\" content=\"image\/jpeg\" \/>\n<meta name=\"twitter:card\" content=\"summary_large_image\" \/>\n<meta name=\"twitter:label1\" content=\"Est. reading time\" \/>\n\t<meta name=\"twitter:data1\" content=\"3 minutes\" \/>\n<script type=\"application\/ld+json\" class=\"yoast-schema-graph\">{\"@context\":\"https:\/\/schema.org\",\"@graph\":[{\"@type\":\"WebPage\",\"@id\":\"https:\/\/poudresdenarco.com\/produit\/acheter-calypsol-ketamine-500mg-10ml\/\",\"url\":\"https:\/\/poudresdenarco.com\/produit\/acheter-calypsol-ketamine-500mg-10ml\/\",\"name\":\"Acheter Calypsol Ketamine 500mg\/10ml en ligne - Poudresdenarco\",\"isPartOf\":{\"@id\":\"https:\/\/poudresdenarco.com\/#website\"},\"primaryImageOfPage\":{\"@id\":\"https:\/\/poudresdenarco.com\/produit\/acheter-calypsol-ketamine-500mg-10ml\/#primaryimage\"},\"image\":{\"@id\":\"https:\/\/poudresdenarco.com\/produit\/acheter-calypsol-ketamine-500mg-10ml\/#primaryimage\"},\"thumbnailUrl\":\"https:\/\/poudresdenarco.com\/wp-content\/uploads\/2023\/12\/Buy-Calypsol-Ketamine-500mg-10ml.jpg\",\"datePublished\":\"2023-12-25T08:20:25+00:00\",\"dateModified\":\"2025-06-10T00:57:58+00:00\",\"description\":\"Vous pouvez entrer en contact avec notre boutique en ligne PoudresDenarco et acheter Calypsol Ketamine 500mg\/10ml en ligne. Vous pouvez obtenir Calypsol Ketamine 500mg\/10ml en vente \u00e0 des prix bon march\u00e9. Passez commande tout de suite !\",\"breadcrumb\":{\"@id\":\"https:\/\/poudresdenarco.com\/produit\/acheter-calypsol-ketamine-500mg-10ml\/#breadcrumb\"},\"inLanguage\":\"en-AU\",\"potentialAction\":[{\"@type\":\"ReadAction\",\"target\":[\"https:\/\/poudresdenarco.com\/produit\/acheter-calypsol-ketamine-500mg-10ml\/\"]}]},{\"@type\":\"ImageObject\",\"inLanguage\":\"en-AU\",\"@id\":\"https:\/\/poudresdenarco.com\/produit\/acheter-calypsol-ketamine-500mg-10ml\/#primaryimage\",\"url\":\"https:\/\/poudresdenarco.com\/wp-content\/uploads\/2023\/12\/Buy-Calypsol-Ketamine-500mg-10ml.jpg\",\"contentUrl\":\"https:\/\/poudresdenarco.com\/wp-content\/uploads\/2023\/12\/Buy-Calypsol-Ketamine-500mg-10ml.jpg\",\"width\":600,\"height\":600,\"caption\":\"Buy-Calypsol-Ketamine-500mg-10ml\"},{\"@type\":\"BreadcrumbList\",\"@id\":\"https:\/\/poudresdenarco.com\/produit\/acheter-calypsol-ketamine-500mg-10ml\/#breadcrumb\",\"itemListElement\":[{\"@type\":\"ListItem\",\"position\":1,\"name\":\"Home\",\"item\":\"https:\/\/poudresdenarco.com\/\"},{\"@type\":\"ListItem\",\"position\":2,\"name\":\"Boutique\",\"item\":\"https:\/\/poudresdenarco.com\/boutique\/\"},{\"@type\":\"ListItem\",\"position\":3,\"name\":\"Acheter Calypsol K\u00e9tamine 500mg\/10ml\"}]},{\"@type\":\"WebSite\",\"@id\":\"https:\/\/poudresdenarco.com\/#website\",\"url\":\"https:\/\/poudresdenarco.com\/\",\"name\":\"Poudresde Narco\",\"description\":\"Acheter de la coca\u00efne et de l&#039;h\u00e9ro\u00efne en ligne\",\"potentialAction\":[{\"@type\":\"SearchAction\",\"target\":{\"@type\":\"EntryPoint\",\"urlTemplate\":\"https:\/\/poudresdenarco.com\/?s={search_term_string}\"},\"query-input\":{\"@type\":\"PropertyValueSpecification\",\"valueRequired\":true,\"valueName\":\"search_term_string\"}}],\"inLanguage\":\"en-AU\"}]}<\/script>\n<!-- \/ Yoast SEO plugin. -->","yoast_head_json":{"title":"Acheter Calypsol Ketamine 500mg\/10ml en ligne - Poudresdenarco","description":"Vous pouvez entrer en contact avec notre boutique en ligne PoudresDenarco et acheter Calypsol Ketamine 500mg\/10ml en ligne. Vous pouvez obtenir Calypsol Ketamine 500mg\/10ml en vente \u00e0 des prix bon march\u00e9. Passez commande tout de suite !","robots":{"index":"index","follow":"follow","max-snippet":"max-snippet:-1","max-image-preview":"max-image-preview:large","max-video-preview":"max-video-preview:-1"},"canonical":"https:\/\/poudresdenarco.com\/en\/product-2\/buy-calypsol-ketamine-500mg-10ml\/","og_locale":"en_US","og_type":"article","og_title":"Acheter Calypsol Ketamine 500mg\/10ml en ligne - Poudresdenarco","og_description":"Vous pouvez entrer en contact avec notre boutique en ligne PoudresDenarco et acheter Calypsol Ketamine 500mg\/10ml en ligne. Vous pouvez obtenir Calypsol Ketamine 500mg\/10ml en vente \u00e0 des prix bon march\u00e9. Passez commande tout de suite !","og_url":"https:\/\/poudresdenarco.com\/en\/product-2\/buy-calypsol-ketamine-500mg-10ml\/","og_site_name":"Poudresde Narco","article_modified_time":"2025-06-10T00:57:58+00:00","og_image":[{"width":600,"height":600,"url":"https:\/\/poudresdenarco.com\/wp-content\/uploads\/2023\/12\/Buy-Calypsol-Ketamine-500mg-10ml.jpg","type":"image\/jpeg"}],"twitter_card":"summary_large_image","twitter_misc":{"Est. reading time":"3 minutes"},"schema":{"@context":"https:\/\/schema.org","@graph":[{"@type":"WebPage","@id":"https:\/\/poudresdenarco.com\/produit\/acheter-calypsol-ketamine-500mg-10ml\/","url":"https:\/\/poudresdenarco.com\/produit\/acheter-calypsol-ketamine-500mg-10ml\/","name":"Acheter Calypsol Ketamine 500mg\/10ml en ligne - Poudresdenarco","isPartOf":{"@id":"https:\/\/poudresdenarco.com\/#website"},"primaryImageOfPage":{"@id":"https:\/\/poudresdenarco.com\/produit\/acheter-calypsol-ketamine-500mg-10ml\/#primaryimage"},"image":{"@id":"https:\/\/poudresdenarco.com\/produit\/acheter-calypsol-ketamine-500mg-10ml\/#primaryimage"},"thumbnailUrl":"https:\/\/poudresdenarco.com\/wp-content\/uploads\/2023\/12\/Buy-Calypsol-Ketamine-500mg-10ml.jpg","datePublished":"2023-12-25T08:20:25+00:00","dateModified":"2025-06-10T00:57:58+00:00","description":"Vous pouvez entrer en contact avec notre boutique en ligne PoudresDenarco et acheter Calypsol Ketamine 500mg\/10ml en ligne. Vous pouvez obtenir Calypsol Ketamine 500mg\/10ml en vente \u00e0 des prix bon march\u00e9. Passez commande tout de suite !","breadcrumb":{"@id":"https:\/\/poudresdenarco.com\/produit\/acheter-calypsol-ketamine-500mg-10ml\/#breadcrumb"},"inLanguage":"en-AU","potentialAction":[{"@type":"ReadAction","target":["https:\/\/poudresdenarco.com\/produit\/acheter-calypsol-ketamine-500mg-10ml\/"]}]},{"@type":"ImageObject","inLanguage":"en-AU","@id":"https:\/\/poudresdenarco.com\/produit\/acheter-calypsol-ketamine-500mg-10ml\/#primaryimage","url":"https:\/\/poudresdenarco.com\/wp-content\/uploads\/2023\/12\/Buy-Calypsol-Ketamine-500mg-10ml.jpg","contentUrl":"https:\/\/poudresdenarco.com\/wp-content\/uploads\/2023\/12\/Buy-Calypsol-Ketamine-500mg-10ml.jpg","width":600,"height":600,"caption":"Buy-Calypsol-Ketamine-500mg-10ml"},{"@type":"BreadcrumbList","@id":"https:\/\/poudresdenarco.com\/produit\/acheter-calypsol-ketamine-500mg-10ml\/#breadcrumb","itemListElement":[{"@type":"ListItem","position":1,"name":"Home","item":"https:\/\/poudresdenarco.com\/"},{"@type":"ListItem","position":2,"name":"Boutique","item":"https:\/\/poudresdenarco.com\/boutique\/"},{"@type":"ListItem","position":3,"name":"Acheter Calypsol K\u00e9tamine 500mg\/10ml"}]},{"@type":"WebSite","@id":"https:\/\/poudresdenarco.com\/#website","url":"https:\/\/poudresdenarco.com\/","name":"Poudresde Narco","description":"Acheter de la coca\u00efne et de l&#039;h\u00e9ro\u00efne en ligne","potentialAction":[{"@type":"SearchAction","target":{"@type":"EntryPoint","urlTemplate":"https:\/\/poudresdenarco.com\/?s={search_term_string}"},"query-input":{"@type":"PropertyValueSpecification","valueRequired":true,"valueName":"search_term_string"}}],"inLanguage":"en-AU"}]}},"_links":{"self":[{"href":"https:\/\/poudresdenarco.com\/en\/wp-json\/wp\/v2\/product\/136","targetHints":{"allow":["GET"]}}],"collection":[{"href":"https:\/\/poudresdenarco.com\/en\/wp-json\/wp\/v2\/product"}],"about":[{"href":"https:\/\/poudresdenarco.com\/en\/wp-json\/wp\/v2\/types\/product"}],"replies":[{"embeddable":true,"href":"https:\/\/poudresdenarco.com\/en\/wp-json\/wp\/v2\/comments?post=136"}],"wp:featuredmedia":[{"embeddable":true,"href":"https:\/\/poudresdenarco.com\/en\/wp-json\/wp\/v2\/media\/263"}],"wp:attachment":[{"href":"https:\/\/poudresdenarco.com\/en\/wp-json\/wp\/v2\/media?parent=136"}],"wp:term":[{"taxonomy":"product_cat","embeddable":true,"href":"https:\/\/poudresdenarco.com\/en\/wp-json\/wp\/v2\/product_cat?post=136"},{"taxonomy":"product_tag","embeddable":true,"href":"https:\/\/poudresdenarco.com\/en\/wp-json\/wp\/v2\/product_tag?post=136"}],"curies":[{"name":"wp","href":"https:\/\/api.w.org\/{rel}","templated":true}]}}