{"id":201,"date":"2023-12-25T08:20:39","date_gmt":"2023-12-25T08:20:39","guid":{"rendered":"https:\/\/unkrautmarkt.com\/narco1\/?post_type=product&#038;p=201"},"modified":"2025-04-04T03:11:41","modified_gmt":"2025-04-04T03:11:41","slug":"acheter-de-la-poudre-de-ketamine","status":"publish","type":"product","link":"https:\/\/poudresdenarco.com\/en\/product-2\/buy-ketamine-powder\/","title":{"rendered":"Buy ketamine powder"},"content":{"rendered":"<h2><span style=\"vertical-align: inherit;\"><span style=\"vertical-align: inherit;\">Buy Ketamine Powder Online<\/span><\/span><\/h2>\n<h3><span style=\"vertical-align: inherit;\"><span style=\"vertical-align: inherit;\">Buy Ketamine Powder Online<\/span><\/span><\/h3>\n<p><span style=\"vertical-align: inherit;\"><span style=\"vertical-align: inherit;\"><a href=\"https:\/\/en.wikipedia.org\/wiki\/Ketamine\">Ketamine powder<\/a> is a medication primarily used in anesthesia. Additional uses include intensive care sedation and persistent pain.<\/span><\/span><\/p>\n<p><span style=\"vertical-align: inherit;\"><span style=\"vertical-align: inherit;\">Ketamine HCL powder produces a sudden onset of effect that lasts about an hour. It begins about 2 to 5 minutes after the dose is smoked or swallowed. With injection, this occurs about 30 seconds after injection.<\/span><\/span><\/p>\n<p><span style=\"vertical-align: inherit;\"><span style=\"vertical-align: inherit;\">The overwhelming feeling of relaxation that the user initially experiences during the effect is often referred to as a \u00ab\u00a0full-body buzz.\u00a0\u00bb Some users even describe it as feeling like they are floating out of their body. Many people experience hallucinations that last longer than the effects of the anesthesia.<\/span><\/span><\/p>\n<p><span style=\"vertical-align: inherit;\"><span style=\"vertical-align: inherit;\">Higher doses can produce more intense effects, with users reporting a complete and total detachment from their body. The effects are similar to those described by people who have had near-death experiences, and are described as being in the \u00ab\u00a0K-hole.\u00a0\u00bb<\/span><\/span><\/p>\n<p><span style=\"vertical-align: inherit;\"><span style=\"vertical-align: inherit;\">You can <a href=\"https:\/\/poudresdenarco.com\/en\/product-2\/buy-ketamine-powder\/\">buy ketamine powder online<\/a> at low prices.<\/span><\/span><\/p>","protected":false},"excerpt":{"rendered":"<p>Buy Ketamine Powder Online Buy Ketamine HCL Powder Online Ketamine powder is a drug used primarily in anesthesia. Other applications include chronic pain and intensive care sedation. Ketamine HCL powder produces a sudden onset of effect that lasts about an hour. It begins about 2 to 5 minutes after the dose is smoked or swallowed.&hellip;<\/p>","protected":false},"featured_media":256,"comment_status":"open","ping_status":"closed","template":"","meta":{"_joinchat":[]},"product_cat":[174],"product_tag":[],"class_list":{"0":"post-201","1":"product","2":"type-product","3":"status-publish","4":"has-post-thumbnail","6":"product_cat-la-ketamine","8":"first","9":"instock","10":"shipping-taxable","11":"purchasable","12":"product-type-variable","13":"col-xs-6 col-sm-4","14":"col-md-3 col-lg-3","15":"un-4-cols"},"yoast_head":"<!-- This site is optimized with the Yoast SEO plugin v23.8 - https:\/\/yoast.com\/wordpress\/plugins\/seo\/ -->\n<title>Acheter de la poudre de k\u00e9tamine en ligne - Poudre de k\u00e9tamine \u00e0 vendre<\/title>\n<meta name=\"description\" content=\"Vous pouvez entrer en contact avec notre boutique en ligne et acheter de la poudre de k\u00e9tamine en ligne. Nous avons de la poudre de k\u00e9tamine en vente \u00e0 des prix bon march\u00e9. Procurez-vous la v\u00f4tre chez vous tout de suite !\" \/>\n<meta name=\"robots\" content=\"index, follow, max-snippet:-1, max-image-preview:large, max-video-preview:-1\" \/>\n<link rel=\"canonical\" href=\"https:\/\/poudresdenarco.com\/en\/product-2\/buy-ketamine-powder\/\" \/>\n<meta property=\"og:locale\" content=\"en_US\" \/>\n<meta property=\"og:type\" content=\"article\" \/>\n<meta property=\"og:title\" content=\"Acheter de la poudre de k\u00e9tamine en ligne - Poudre de k\u00e9tamine \u00e0 vendre\" \/>\n<meta property=\"og:description\" content=\"Vous pouvez entrer en contact avec notre boutique en ligne et acheter de la poudre de k\u00e9tamine en ligne. Nous avons de la poudre de k\u00e9tamine en vente \u00e0 des prix bon march\u00e9. Procurez-vous la v\u00f4tre chez vous tout de suite !\" \/>\n<meta property=\"og:url\" content=\"https:\/\/poudresdenarco.com\/en\/product-2\/buy-ketamine-powder\/\" \/>\n<meta property=\"og:site_name\" content=\"Poudresde Narco\" \/>\n<meta property=\"article:modified_time\" content=\"2025-04-04T03:11:41+00:00\" \/>\n<meta property=\"og:image\" content=\"https:\/\/poudresdenarco.com\/wp-content\/uploads\/2023\/12\/Buy-Ketamine-Powder.jpg\" \/>\n\t<meta property=\"og:image:width\" content=\"600\" \/>\n\t<meta property=\"og:image:height\" content=\"600\" \/>\n\t<meta property=\"og:image:type\" content=\"image\/jpeg\" \/>\n<meta name=\"twitter:card\" content=\"summary_large_image\" \/>\n<meta name=\"twitter:label1\" content=\"Est. reading time\" \/>\n\t<meta name=\"twitter:data1\" content=\"1 minute\" \/>\n<script type=\"application\/ld+json\" class=\"yoast-schema-graph\">{\"@context\":\"https:\/\/schema.org\",\"@graph\":[{\"@type\":\"WebPage\",\"@id\":\"https:\/\/poudresdenarco.com\/produit\/acheter-de-la-poudre-de-ketamine\/\",\"url\":\"https:\/\/poudresdenarco.com\/produit\/acheter-de-la-poudre-de-ketamine\/\",\"name\":\"Acheter de la poudre de k\u00e9tamine en ligne - Poudre de k\u00e9tamine \u00e0 vendre\",\"isPartOf\":{\"@id\":\"https:\/\/poudresdenarco.com\/#website\"},\"primaryImageOfPage\":{\"@id\":\"https:\/\/poudresdenarco.com\/produit\/acheter-de-la-poudre-de-ketamine\/#primaryimage\"},\"image\":{\"@id\":\"https:\/\/poudresdenarco.com\/produit\/acheter-de-la-poudre-de-ketamine\/#primaryimage\"},\"thumbnailUrl\":\"https:\/\/poudresdenarco.com\/wp-content\/uploads\/2023\/12\/Buy-Ketamine-Powder.jpg\",\"datePublished\":\"2023-12-25T08:20:39+00:00\",\"dateModified\":\"2025-04-04T03:11:41+00:00\",\"description\":\"Vous pouvez entrer en contact avec notre boutique en ligne et acheter de la poudre de k\u00e9tamine en ligne. Nous avons de la poudre de k\u00e9tamine en vente \u00e0 des prix bon march\u00e9. Procurez-vous la v\u00f4tre chez vous tout de suite !\",\"breadcrumb\":{\"@id\":\"https:\/\/poudresdenarco.com\/produit\/acheter-de-la-poudre-de-ketamine\/#breadcrumb\"},\"inLanguage\":\"en-AU\",\"potentialAction\":[{\"@type\":\"ReadAction\",\"target\":[\"https:\/\/poudresdenarco.com\/produit\/acheter-de-la-poudre-de-ketamine\/\"]}]},{\"@type\":\"ImageObject\",\"inLanguage\":\"en-AU\",\"@id\":\"https:\/\/poudresdenarco.com\/produit\/acheter-de-la-poudre-de-ketamine\/#primaryimage\",\"url\":\"https:\/\/poudresdenarco.com\/wp-content\/uploads\/2023\/12\/Buy-Ketamine-Powder.jpg\",\"contentUrl\":\"https:\/\/poudresdenarco.com\/wp-content\/uploads\/2023\/12\/Buy-Ketamine-Powder.jpg\",\"width\":600,\"height\":600,\"caption\":\"Acheter de la poudre de k\u00e9tamine\"},{\"@type\":\"BreadcrumbList\",\"@id\":\"https:\/\/poudresdenarco.com\/produit\/acheter-de-la-poudre-de-ketamine\/#breadcrumb\",\"itemListElement\":[{\"@type\":\"ListItem\",\"position\":1,\"name\":\"Home\",\"item\":\"https:\/\/poudresdenarco.com\/\"},{\"@type\":\"ListItem\",\"position\":2,\"name\":\"Boutique\",\"item\":\"https:\/\/poudresdenarco.com\/boutique\/\"},{\"@type\":\"ListItem\",\"position\":3,\"name\":\"Acheter de la poudre de k\u00e9tamine\"}]},{\"@type\":\"WebSite\",\"@id\":\"https:\/\/poudresdenarco.com\/#website\",\"url\":\"https:\/\/poudresdenarco.com\/\",\"name\":\"Poudresde Narco\",\"description\":\"Acheter de la coca\u00efne et de l&#039;h\u00e9ro\u00efne en ligne\",\"potentialAction\":[{\"@type\":\"SearchAction\",\"target\":{\"@type\":\"EntryPoint\",\"urlTemplate\":\"https:\/\/poudresdenarco.com\/?s={search_term_string}\"},\"query-input\":{\"@type\":\"PropertyValueSpecification\",\"valueRequired\":true,\"valueName\":\"search_term_string\"}}],\"inLanguage\":\"en-AU\"}]}<\/script>\n<!-- \/ Yoast SEO plugin. -->","yoast_head_json":{"title":"Acheter de la poudre de k\u00e9tamine en ligne - Poudre de k\u00e9tamine \u00e0 vendre","description":"Vous pouvez entrer en contact avec notre boutique en ligne et acheter de la poudre de k\u00e9tamine en ligne. Nous avons de la poudre de k\u00e9tamine en vente \u00e0 des prix bon march\u00e9. Procurez-vous la v\u00f4tre chez vous tout de suite !","robots":{"index":"index","follow":"follow","max-snippet":"max-snippet:-1","max-image-preview":"max-image-preview:large","max-video-preview":"max-video-preview:-1"},"canonical":"https:\/\/poudresdenarco.com\/en\/product-2\/buy-ketamine-powder\/","og_locale":"en_US","og_type":"article","og_title":"Acheter de la poudre de k\u00e9tamine en ligne - Poudre de k\u00e9tamine \u00e0 vendre","og_description":"Vous pouvez entrer en contact avec notre boutique en ligne et acheter de la poudre de k\u00e9tamine en ligne. Nous avons de la poudre de k\u00e9tamine en vente \u00e0 des prix bon march\u00e9. Procurez-vous la v\u00f4tre chez vous tout de suite !","og_url":"https:\/\/poudresdenarco.com\/en\/product-2\/buy-ketamine-powder\/","og_site_name":"Poudresde Narco","article_modified_time":"2025-04-04T03:11:41+00:00","og_image":[{"width":600,"height":600,"url":"https:\/\/poudresdenarco.com\/wp-content\/uploads\/2023\/12\/Buy-Ketamine-Powder.jpg","type":"image\/jpeg"}],"twitter_card":"summary_large_image","twitter_misc":{"Est. reading time":"1 minute"},"schema":{"@context":"https:\/\/schema.org","@graph":[{"@type":"WebPage","@id":"https:\/\/poudresdenarco.com\/produit\/acheter-de-la-poudre-de-ketamine\/","url":"https:\/\/poudresdenarco.com\/produit\/acheter-de-la-poudre-de-ketamine\/","name":"Acheter de la poudre de k\u00e9tamine en ligne - Poudre de k\u00e9tamine \u00e0 vendre","isPartOf":{"@id":"https:\/\/poudresdenarco.com\/#website"},"primaryImageOfPage":{"@id":"https:\/\/poudresdenarco.com\/produit\/acheter-de-la-poudre-de-ketamine\/#primaryimage"},"image":{"@id":"https:\/\/poudresdenarco.com\/produit\/acheter-de-la-poudre-de-ketamine\/#primaryimage"},"thumbnailUrl":"https:\/\/poudresdenarco.com\/wp-content\/uploads\/2023\/12\/Buy-Ketamine-Powder.jpg","datePublished":"2023-12-25T08:20:39+00:00","dateModified":"2025-04-04T03:11:41+00:00","description":"Vous pouvez entrer en contact avec notre boutique en ligne et acheter de la poudre de k\u00e9tamine en ligne. Nous avons de la poudre de k\u00e9tamine en vente \u00e0 des prix bon march\u00e9. Procurez-vous la v\u00f4tre chez vous tout de suite !","breadcrumb":{"@id":"https:\/\/poudresdenarco.com\/produit\/acheter-de-la-poudre-de-ketamine\/#breadcrumb"},"inLanguage":"en-AU","potentialAction":[{"@type":"ReadAction","target":["https:\/\/poudresdenarco.com\/produit\/acheter-de-la-poudre-de-ketamine\/"]}]},{"@type":"ImageObject","inLanguage":"en-AU","@id":"https:\/\/poudresdenarco.com\/produit\/acheter-de-la-poudre-de-ketamine\/#primaryimage","url":"https:\/\/poudresdenarco.com\/wp-content\/uploads\/2023\/12\/Buy-Ketamine-Powder.jpg","contentUrl":"https:\/\/poudresdenarco.com\/wp-content\/uploads\/2023\/12\/Buy-Ketamine-Powder.jpg","width":600,"height":600,"caption":"Acheter de la poudre de k\u00e9tamine"},{"@type":"BreadcrumbList","@id":"https:\/\/poudresdenarco.com\/produit\/acheter-de-la-poudre-de-ketamine\/#breadcrumb","itemListElement":[{"@type":"ListItem","position":1,"name":"Home","item":"https:\/\/poudresdenarco.com\/"},{"@type":"ListItem","position":2,"name":"Boutique","item":"https:\/\/poudresdenarco.com\/boutique\/"},{"@type":"ListItem","position":3,"name":"Acheter de la poudre de k\u00e9tamine"}]},{"@type":"WebSite","@id":"https:\/\/poudresdenarco.com\/#website","url":"https:\/\/poudresdenarco.com\/","name":"Poudresde Narco","description":"Acheter de la coca\u00efne et de l&#039;h\u00e9ro\u00efne en ligne","potentialAction":[{"@type":"SearchAction","target":{"@type":"EntryPoint","urlTemplate":"https:\/\/poudresdenarco.com\/?s={search_term_string}"},"query-input":{"@type":"PropertyValueSpecification","valueRequired":true,"valueName":"search_term_string"}}],"inLanguage":"en-AU"}]}},"_links":{"self":[{"href":"https:\/\/poudresdenarco.com\/en\/wp-json\/wp\/v2\/product\/201","targetHints":{"allow":["GET"]}}],"collection":[{"href":"https:\/\/poudresdenarco.com\/en\/wp-json\/wp\/v2\/product"}],"about":[{"href":"https:\/\/poudresdenarco.com\/en\/wp-json\/wp\/v2\/types\/product"}],"replies":[{"embeddable":true,"href":"https:\/\/poudresdenarco.com\/en\/wp-json\/wp\/v2\/comments?post=201"}],"wp:featuredmedia":[{"embeddable":true,"href":"https:\/\/poudresdenarco.com\/en\/wp-json\/wp\/v2\/media\/256"}],"wp:attachment":[{"href":"https:\/\/poudresdenarco.com\/en\/wp-json\/wp\/v2\/media?parent=201"}],"wp:term":[{"taxonomy":"product_cat","embeddable":true,"href":"https:\/\/poudresdenarco.com\/en\/wp-json\/wp\/v2\/product_cat?post=201"},{"taxonomy":"product_tag","embeddable":true,"href":"https:\/\/poudresdenarco.com\/en\/wp-json\/wp\/v2\/product_tag?post=201"}],"curies":[{"name":"wp","href":"https:\/\/api.w.org\/{rel}","templated":true}]}}