{"id":4391,"date":"2024-01-02T08:56:10","date_gmt":"2024-01-02T08:56:10","guid":{"rendered":"https:\/\/unkrautmarkt.com\/narco1\/?post_type=product&#038;p=4391"},"modified":"2025-04-12T16:14:58","modified_gmt":"2025-04-12T16:14:58","slug":"glace-41","status":"publish","type":"product","link":"https:\/\/poudresdenarco.com\/en\/product-2\/ice-cream-41\/","title":{"rendered":"Ice 41"},"content":{"rendered":"<h2><strong><span style=\"vertical-align: inherit;\"><span style=\"vertical-align: inherit;\">Buy Gelato 41 online<\/span><\/span><\/strong><\/h2>\n<h3><strong><span style=\"vertical-align: inherit;\"><span style=\"vertical-align: inherit;\">About this hybrid strain<\/span><\/span><\/strong><\/h3>\n<p><span style=\"vertical-align: inherit;\"><span style=\"vertical-align: inherit;\">Growers Choice Seeds, located in the famed Humboldt County region of Northern California, is credited with creating Gelato 41. Progenitor strains include Sunset Sherbet, Thin Mint GSC, and the ever-popular Cookies Fam.<\/span><\/span><\/p>\n<p><span style=\"vertical-align: inherit;\"><span style=\"vertical-align: inherit;\">Olive green and purple curled leaves form an even mix within Gelato 41&rsquo;s dense buds. A significant amount of bright orange pistils are arranged in bushy bundles and the buds are held together by a gel of white trichomes and crystals.<\/span><\/span><\/p>\n<p><span style=\"vertical-align: inherit;\"><span style=\"vertical-align: inherit;\">The aroma is strong, with notes of orange-citrus, pine and even mint. The flavor is considerably fruitier, with an orange flavor and a pleasant mint and chocolate finish.<\/span><\/span><\/p>\n<p><span style=\"vertical-align: inherit;\"><span style=\"vertical-align: inherit;\">The fact that this strain rarely, if ever, tests below 20% THC contributes to its popularity. This kind of stability is truly comforting, especially in light of the large number of farmers who grow Gelato 41. Many users find that this slightly indica-dominant blend works best after just two hits. Our very satisfied reviewers claim that it takes two more to soar into a blissful cerebral pleasure. Due to its ability to relieve pain and reduce tension, this potent combination is in high demand. It\u2019s no surprise that limonene and humulene, which have been linked to reducing anti-inflammatory effects, pain, and stress\/anxiety, are the most prevalent terpenes. extremely high user score. One of the few indica-dominant strains with positive reviews for pain and anxiety relief, this tasty hybrid is also said to reduce users\u2019 hunger. For users who are managing their caloric intake, this strain is a great option. The ability to focus with a hazy euphoria is another reported benefit of its potency, which was fantastic news for reviewers with attention deficit disorder! Gelato 41, a potent hybrid that appears to be sativa dominant, has recently become very popular due to excellent reviews of its benefits on pain and mood. These days, a large number of growers are growing marijuana and dispensaries all over the country are selling it.<\/span><\/span><\/p>","protected":false},"excerpt":{"rendered":"<p>Buy Gelato 41 online About this hybrid strain Growers Choice Seeds, located in the famed Humboldt County region of Northern California, is credited with creating Gelato 41. Progenitor strains include Sunset Sherbet, Thin Mint GSC, and the ever-popular Cookies Fam. Olive green and purple curled leaves form an even mix within Gelato 41&rsquo;s dense buds.&hellip;<\/p>","protected":false},"featured_media":4509,"comment_status":"open","ping_status":"closed","template":"","meta":{"_joinchat":[]},"product_cat":[473],"product_tag":[],"class_list":{"0":"post-4391","1":"product","2":"type-product","3":"status-publish","4":"has-post-thumbnail","6":"product_cat-herbe","8":"first","9":"instock","10":"shipping-taxable","11":"purchasable","12":"product-type-variable","13":"col-xs-6 col-sm-4","14":"col-md-3 col-lg-3","15":"un-4-cols"},"yoast_head":"<!-- This site is optimized with the Yoast SEO plugin v23.8 - https:\/\/yoast.com\/wordpress\/plugins\/seo\/ -->\n<title>Glace 41 \u00e0 vendre - Achetez Glace 41 en ligne - Commandez Glace 41 en ligne<\/title>\n<meta name=\"description\" content=\"Vous pouvez obtenir Glace 41 en vente aux meilleurs prix dans notre boutique en ligne. Nous sommes l\u00e0 pour vous aider \u00e0 acheter Glace 41 en ligne. Connectez-vous au meilleur magasin de la ville d\u00e8s aujourd&#039;hui !\" \/>\n<meta name=\"robots\" content=\"index, follow, max-snippet:-1, max-image-preview:large, max-video-preview:-1\" \/>\n<link rel=\"canonical\" href=\"https:\/\/poudresdenarco.com\/en\/product-2\/ice-cream-41\/\" \/>\n<meta property=\"og:locale\" content=\"en_US\" \/>\n<meta property=\"og:type\" content=\"article\" \/>\n<meta property=\"og:title\" content=\"Glace 41 \u00e0 vendre - Achetez Glace 41 en ligne - Commandez Glace 41 en ligne\" \/>\n<meta property=\"og:description\" content=\"Vous pouvez obtenir Glace 41 en vente aux meilleurs prix dans notre boutique en ligne. Nous sommes l\u00e0 pour vous aider \u00e0 acheter Glace 41 en ligne. Connectez-vous au meilleur magasin de la ville d\u00e8s aujourd&#039;hui !\" \/>\n<meta property=\"og:url\" content=\"https:\/\/poudresdenarco.com\/en\/product-2\/ice-cream-41\/\" \/>\n<meta property=\"og:site_name\" content=\"Poudresde Narco\" \/>\n<meta property=\"article:modified_time\" content=\"2025-04-12T16:14:58+00:00\" \/>\n<meta property=\"og:image\" content=\"https:\/\/poudresdenarco.com\/wp-content\/uploads\/2024\/01\/GELATO-41.jpg\" \/>\n\t<meta property=\"og:image:width\" content=\"600\" \/>\n\t<meta property=\"og:image:height\" content=\"600\" \/>\n\t<meta property=\"og:image:type\" content=\"image\/jpeg\" \/>\n<meta name=\"twitter:card\" content=\"summary_large_image\" \/>\n<meta name=\"twitter:label1\" content=\"Est. reading time\" \/>\n\t<meta name=\"twitter:data1\" content=\"2 minutes\" \/>\n<script type=\"application\/ld+json\" class=\"yoast-schema-graph\">{\"@context\":\"https:\/\/schema.org\",\"@graph\":[{\"@type\":\"WebPage\",\"@id\":\"https:\/\/poudresdenarco.com\/produit\/glace-41\/\",\"url\":\"https:\/\/poudresdenarco.com\/produit\/glace-41\/\",\"name\":\"Glace 41 \u00e0 vendre - Achetez Glace 41 en ligne - Commandez Glace 41 en ligne\",\"isPartOf\":{\"@id\":\"https:\/\/poudresdenarco.com\/#website\"},\"primaryImageOfPage\":{\"@id\":\"https:\/\/poudresdenarco.com\/produit\/glace-41\/#primaryimage\"},\"image\":{\"@id\":\"https:\/\/poudresdenarco.com\/produit\/glace-41\/#primaryimage\"},\"thumbnailUrl\":\"https:\/\/poudresdenarco.com\/wp-content\/uploads\/2024\/01\/GELATO-41.jpg\",\"datePublished\":\"2024-01-02T08:56:10+00:00\",\"dateModified\":\"2025-04-12T16:14:58+00:00\",\"description\":\"Vous pouvez obtenir Glace 41 en vente aux meilleurs prix dans notre boutique en ligne. Nous sommes l\u00e0 pour vous aider \u00e0 acheter Glace 41 en ligne. Connectez-vous au meilleur magasin de la ville d\u00e8s aujourd'hui !\",\"breadcrumb\":{\"@id\":\"https:\/\/poudresdenarco.com\/produit\/glace-41\/#breadcrumb\"},\"inLanguage\":\"en-AU\",\"potentialAction\":[{\"@type\":\"ReadAction\",\"target\":[\"https:\/\/poudresdenarco.com\/produit\/glace-41\/\"]}]},{\"@type\":\"ImageObject\",\"inLanguage\":\"en-AU\",\"@id\":\"https:\/\/poudresdenarco.com\/produit\/glace-41\/#primaryimage\",\"url\":\"https:\/\/poudresdenarco.com\/wp-content\/uploads\/2024\/01\/GELATO-41.jpg\",\"contentUrl\":\"https:\/\/poudresdenarco.com\/wp-content\/uploads\/2024\/01\/GELATO-41.jpg\",\"width\":600,\"height\":600,\"caption\":\"GELATO-41\"},{\"@type\":\"BreadcrumbList\",\"@id\":\"https:\/\/poudresdenarco.com\/produit\/glace-41\/#breadcrumb\",\"itemListElement\":[{\"@type\":\"ListItem\",\"position\":1,\"name\":\"Home\",\"item\":\"https:\/\/poudresdenarco.com\/\"},{\"@type\":\"ListItem\",\"position\":2,\"name\":\"Boutique\",\"item\":\"https:\/\/poudresdenarco.com\/boutique\/\"},{\"@type\":\"ListItem\",\"position\":3,\"name\":\"Glace 41\"}]},{\"@type\":\"WebSite\",\"@id\":\"https:\/\/poudresdenarco.com\/#website\",\"url\":\"https:\/\/poudresdenarco.com\/\",\"name\":\"Poudresde Narco\",\"description\":\"Acheter de la coca\u00efne et de l&#039;h\u00e9ro\u00efne en ligne\",\"potentialAction\":[{\"@type\":\"SearchAction\",\"target\":{\"@type\":\"EntryPoint\",\"urlTemplate\":\"https:\/\/poudresdenarco.com\/?s={search_term_string}\"},\"query-input\":{\"@type\":\"PropertyValueSpecification\",\"valueRequired\":true,\"valueName\":\"search_term_string\"}}],\"inLanguage\":\"en-AU\"}]}<\/script>\n<!-- \/ Yoast SEO plugin. -->","yoast_head_json":{"title":"Glace 41 \u00e0 vendre - Achetez Glace 41 en ligne - Commandez Glace 41 en ligne","description":"Vous pouvez obtenir Glace 41 en vente aux meilleurs prix dans notre boutique en ligne. Nous sommes l\u00e0 pour vous aider \u00e0 acheter Glace 41 en ligne. Connectez-vous au meilleur magasin de la ville d\u00e8s aujourd'hui !","robots":{"index":"index","follow":"follow","max-snippet":"max-snippet:-1","max-image-preview":"max-image-preview:large","max-video-preview":"max-video-preview:-1"},"canonical":"https:\/\/poudresdenarco.com\/en\/product-2\/ice-cream-41\/","og_locale":"en_US","og_type":"article","og_title":"Glace 41 \u00e0 vendre - Achetez Glace 41 en ligne - Commandez Glace 41 en ligne","og_description":"Vous pouvez obtenir Glace 41 en vente aux meilleurs prix dans notre boutique en ligne. Nous sommes l\u00e0 pour vous aider \u00e0 acheter Glace 41 en ligne. Connectez-vous au meilleur magasin de la ville d\u00e8s aujourd'hui !","og_url":"https:\/\/poudresdenarco.com\/en\/product-2\/ice-cream-41\/","og_site_name":"Poudresde Narco","article_modified_time":"2025-04-12T16:14:58+00:00","og_image":[{"width":600,"height":600,"url":"https:\/\/poudresdenarco.com\/wp-content\/uploads\/2024\/01\/GELATO-41.jpg","type":"image\/jpeg"}],"twitter_card":"summary_large_image","twitter_misc":{"Est. reading time":"2 minutes"},"schema":{"@context":"https:\/\/schema.org","@graph":[{"@type":"WebPage","@id":"https:\/\/poudresdenarco.com\/produit\/glace-41\/","url":"https:\/\/poudresdenarco.com\/produit\/glace-41\/","name":"Glace 41 \u00e0 vendre - Achetez Glace 41 en ligne - Commandez Glace 41 en ligne","isPartOf":{"@id":"https:\/\/poudresdenarco.com\/#website"},"primaryImageOfPage":{"@id":"https:\/\/poudresdenarco.com\/produit\/glace-41\/#primaryimage"},"image":{"@id":"https:\/\/poudresdenarco.com\/produit\/glace-41\/#primaryimage"},"thumbnailUrl":"https:\/\/poudresdenarco.com\/wp-content\/uploads\/2024\/01\/GELATO-41.jpg","datePublished":"2024-01-02T08:56:10+00:00","dateModified":"2025-04-12T16:14:58+00:00","description":"Vous pouvez obtenir Glace 41 en vente aux meilleurs prix dans notre boutique en ligne. Nous sommes l\u00e0 pour vous aider \u00e0 acheter Glace 41 en ligne. Connectez-vous au meilleur magasin de la ville d\u00e8s aujourd'hui !","breadcrumb":{"@id":"https:\/\/poudresdenarco.com\/produit\/glace-41\/#breadcrumb"},"inLanguage":"en-AU","potentialAction":[{"@type":"ReadAction","target":["https:\/\/poudresdenarco.com\/produit\/glace-41\/"]}]},{"@type":"ImageObject","inLanguage":"en-AU","@id":"https:\/\/poudresdenarco.com\/produit\/glace-41\/#primaryimage","url":"https:\/\/poudresdenarco.com\/wp-content\/uploads\/2024\/01\/GELATO-41.jpg","contentUrl":"https:\/\/poudresdenarco.com\/wp-content\/uploads\/2024\/01\/GELATO-41.jpg","width":600,"height":600,"caption":"GELATO-41"},{"@type":"BreadcrumbList","@id":"https:\/\/poudresdenarco.com\/produit\/glace-41\/#breadcrumb","itemListElement":[{"@type":"ListItem","position":1,"name":"Home","item":"https:\/\/poudresdenarco.com\/"},{"@type":"ListItem","position":2,"name":"Boutique","item":"https:\/\/poudresdenarco.com\/boutique\/"},{"@type":"ListItem","position":3,"name":"Glace 41"}]},{"@type":"WebSite","@id":"https:\/\/poudresdenarco.com\/#website","url":"https:\/\/poudresdenarco.com\/","name":"Poudresde Narco","description":"Acheter de la coca\u00efne et de l&#039;h\u00e9ro\u00efne en ligne","potentialAction":[{"@type":"SearchAction","target":{"@type":"EntryPoint","urlTemplate":"https:\/\/poudresdenarco.com\/?s={search_term_string}"},"query-input":{"@type":"PropertyValueSpecification","valueRequired":true,"valueName":"search_term_string"}}],"inLanguage":"en-AU"}]}},"_links":{"self":[{"href":"https:\/\/poudresdenarco.com\/en\/wp-json\/wp\/v2\/product\/4391","targetHints":{"allow":["GET"]}}],"collection":[{"href":"https:\/\/poudresdenarco.com\/en\/wp-json\/wp\/v2\/product"}],"about":[{"href":"https:\/\/poudresdenarco.com\/en\/wp-json\/wp\/v2\/types\/product"}],"replies":[{"embeddable":true,"href":"https:\/\/poudresdenarco.com\/en\/wp-json\/wp\/v2\/comments?post=4391"}],"wp:featuredmedia":[{"embeddable":true,"href":"https:\/\/poudresdenarco.com\/en\/wp-json\/wp\/v2\/media\/4509"}],"wp:attachment":[{"href":"https:\/\/poudresdenarco.com\/en\/wp-json\/wp\/v2\/media?parent=4391"}],"wp:term":[{"taxonomy":"product_cat","embeddable":true,"href":"https:\/\/poudresdenarco.com\/en\/wp-json\/wp\/v2\/product_cat?post=4391"},{"taxonomy":"product_tag","embeddable":true,"href":"https:\/\/poudresdenarco.com\/en\/wp-json\/wp\/v2\/product_tag?post=4391"}],"curies":[{"name":"wp","href":"https:\/\/api.w.org\/{rel}","templated":true}]}}