{"id":4460,"date":"2024-01-03T07:31:47","date_gmt":"2024-01-03T07:31:47","guid":{"rendered":"https:\/\/unkrautmarkt.com\/narco1\/?post_type=product&#038;p=4460"},"modified":"2025-06-10T08:09:30","modified_gmt":"2025-06-10T08:09:30","slug":"hachage-420","status":"publish","type":"product","link":"https:\/\/poudresdenarco.com\/en\/product-2\/hash-420\/","title":{"rendered":"Chopping 420"},"content":{"rendered":"<h2>Acheter du haschisch 420 en ligne<\/h2>\n<p>Nous sommes ravis de comm\u00e9morer l&rsquo;ann\u00e9e 420, notre p\u00e9riode pr\u00e9f\u00e9r\u00e9e de l&rsquo;ann\u00e9e, en lan\u00e7ant cette \u00e9dition sp\u00e9ciale pour une tr\u00e8s courte p\u00e9riode\u00a0!<\/p>\n<p>Nous avons nomm\u00e9 nos solides de chanvre d&rsquo;apr\u00e8s des vari\u00e9t\u00e9s de cannabis bien connues qui ont des profils terp\u00e9niques comparables. Ils n&rsquo;ont aucun rapport avec les vari\u00e9t\u00e9s de THC ; tout notre chanvre est cultiv\u00e9 de mani\u00e8re responsable \u00e0 Carmagnola. <a href=\"https:\/\/poudresdenarco.com\/en\/product-2\/hash-420\/\">Acheter Hash 420 en ligne<\/a><\/p>\n<h3>Comment puis-je l&rsquo;utiliser\u00a0?<\/h3>\n<p>L&rsquo;utilisation de nos produits \u00e0 base de chanvre en feuilles est assez similaire \u00e0 la pr\u00e9paration de th\u00e9 avec notre haschisch CBD. Nous vous recommandons de commencer par infuser une portion de 0,2\u00a0g dans de l&rsquo;eau chaude. Une excellente fa\u00e7on de commencer est de combiner 0,2\u00a0g de haschisch CBD avec 500\u00a0ml d&rsquo;eau chaude. Pour augmenter la biodisponibilit\u00e9, retirez la mati\u00e8re infus\u00e9e apr\u00e8s trois minutes et incorporez du lait nutritif riche en mati\u00e8res grasses. C&rsquo;est aussi simple que cela\u00a0! Consultez notre guide complet sur l&rsquo;utilisation de notre haschisch CBD ici.<\/p>\n<h3>*\u00a0Comme le produit est biologique, la couleur et la texture varient d&rsquo;un lot \u00e0 l&rsquo;autre.<\/h3>\n<p>Nous avons am\u00e9lior\u00e9 notre hachage de pollen \u00e0 partir du 13 mars pour offrir une exp\u00e9rience encore meilleure. \u00c9tant donn\u00e9 que seul du pollen brut est utilis\u00e9 dans son processus de production sans solvant, notre nouveau lot est d\u00e9sormais plus r\u00e9sistant et s&rsquo;effrite moins. Essayez d\u00e8s maintenant notre hachage de pollen mis \u00e0 jour pour am\u00e9liorer votre exp\u00e9rience !<\/p>","protected":false},"excerpt":{"rendered":"<p>Acheter du haschisch 420 en ligne Nous sommes ravis de comm\u00e9morer l&rsquo;ann\u00e9e 420, notre p\u00e9riode pr\u00e9f\u00e9r\u00e9e de l&rsquo;ann\u00e9e, en lan\u00e7ant cette \u00e9dition sp\u00e9ciale pour une tr\u00e8s courte p\u00e9riode\u00a0! Nous avons nomm\u00e9 nos solides de chanvre d&rsquo;apr\u00e8s des vari\u00e9t\u00e9s de cannabis bien connues qui ont des profils terp\u00e9niques comparables. Ils n&rsquo;ont aucun rapport avec les vari\u00e9t\u00e9s&hellip;<\/p>","protected":false},"featured_media":4532,"comment_status":"open","ping_status":"closed","template":"","meta":{"_joinchat":[]},"product_cat":[474],"product_tag":[],"class_list":{"0":"post-4460","1":"product","2":"type-product","3":"status-publish","4":"has-post-thumbnail","6":"product_cat-haschisch","8":"first","9":"instock","10":"shipping-taxable","11":"purchasable","12":"product-type-variable","13":"col-xs-6 col-sm-4","14":"col-md-3 col-lg-3","15":"un-4-cols"},"yoast_head":"<!-- This site is optimized with the Yoast SEO plugin v23.8 - https:\/\/yoast.com\/wordpress\/plugins\/seo\/ -->\n<title>Achetez du Hash 420 en ligne - Hash 420 \u00e0 vendre<\/title>\n<meta name=\"description\" content=\"Si vous souhaitez acheter du hash 420 en ligne et recherchez une boutique en ligne fiable, achetez ici. Nous proposons uniquement du hash 420 de haute qualit\u00e9 \u00e0 la vente \u00e0 un prix abordable. Commandez du hash 420 maintenant !\" \/>\n<meta name=\"robots\" content=\"index, follow, max-snippet:-1, max-image-preview:large, max-video-preview:-1\" \/>\n<link rel=\"canonical\" href=\"https:\/\/poudresdenarco.com\/en\/product-2\/hash-420\/\" \/>\n<meta property=\"og:locale\" content=\"en_US\" \/>\n<meta property=\"og:type\" content=\"article\" \/>\n<meta property=\"og:title\" content=\"Achetez du Hash 420 en ligne - Hash 420 \u00e0 vendre\" \/>\n<meta property=\"og:description\" content=\"Si vous souhaitez acheter du hash 420 en ligne et recherchez une boutique en ligne fiable, achetez ici. Nous proposons uniquement du hash 420 de haute qualit\u00e9 \u00e0 la vente \u00e0 un prix abordable. Commandez du hash 420 maintenant !\" \/>\n<meta property=\"og:url\" content=\"https:\/\/poudresdenarco.com\/en\/product-2\/hash-420\/\" \/>\n<meta property=\"og:site_name\" content=\"Poudresde Narco\" \/>\n<meta property=\"article:modified_time\" content=\"2025-06-10T08:09:30+00:00\" \/>\n<meta property=\"og:image\" content=\"https:\/\/poudresdenarco.com\/wp-content\/uploads\/2024\/01\/HASH-420.jpg\" \/>\n\t<meta property=\"og:image:width\" content=\"600\" \/>\n\t<meta property=\"og:image:height\" content=\"600\" \/>\n\t<meta property=\"og:image:type\" content=\"image\/jpeg\" \/>\n<meta name=\"twitter:card\" content=\"summary_large_image\" \/>\n<meta name=\"twitter:label1\" content=\"Est. reading time\" \/>\n\t<meta name=\"twitter:data1\" content=\"2 minutes\" \/>\n<script type=\"application\/ld+json\" class=\"yoast-schema-graph\">{\"@context\":\"https:\/\/schema.org\",\"@graph\":[{\"@type\":\"WebPage\",\"@id\":\"https:\/\/poudresdenarco.com\/produit\/hachage-420\/\",\"url\":\"https:\/\/poudresdenarco.com\/produit\/hachage-420\/\",\"name\":\"Achetez du Hash 420 en ligne - Hash 420 \u00e0 vendre\",\"isPartOf\":{\"@id\":\"https:\/\/poudresdenarco.com\/#website\"},\"primaryImageOfPage\":{\"@id\":\"https:\/\/poudresdenarco.com\/produit\/hachage-420\/#primaryimage\"},\"image\":{\"@id\":\"https:\/\/poudresdenarco.com\/produit\/hachage-420\/#primaryimage\"},\"thumbnailUrl\":\"https:\/\/poudresdenarco.com\/wp-content\/uploads\/2024\/01\/HASH-420.jpg\",\"datePublished\":\"2024-01-03T07:31:47+00:00\",\"dateModified\":\"2025-06-10T08:09:30+00:00\",\"description\":\"Si vous souhaitez acheter du hash 420 en ligne et recherchez une boutique en ligne fiable, achetez ici. Nous proposons uniquement du hash 420 de haute qualit\u00e9 \u00e0 la vente \u00e0 un prix abordable. Commandez du hash 420 maintenant !\",\"breadcrumb\":{\"@id\":\"https:\/\/poudresdenarco.com\/produit\/hachage-420\/#breadcrumb\"},\"inLanguage\":\"en-AU\",\"potentialAction\":[{\"@type\":\"ReadAction\",\"target\":[\"https:\/\/poudresdenarco.com\/produit\/hachage-420\/\"]}]},{\"@type\":\"ImageObject\",\"inLanguage\":\"en-AU\",\"@id\":\"https:\/\/poudresdenarco.com\/produit\/hachage-420\/#primaryimage\",\"url\":\"https:\/\/poudresdenarco.com\/wp-content\/uploads\/2024\/01\/HASH-420.jpg\",\"contentUrl\":\"https:\/\/poudresdenarco.com\/wp-content\/uploads\/2024\/01\/HASH-420.jpg\",\"width\":600,\"height\":600,\"caption\":\"Achetez HASH-420 en ligne\"},{\"@type\":\"BreadcrumbList\",\"@id\":\"https:\/\/poudresdenarco.com\/produit\/hachage-420\/#breadcrumb\",\"itemListElement\":[{\"@type\":\"ListItem\",\"position\":1,\"name\":\"Home\",\"item\":\"https:\/\/poudresdenarco.com\/\"},{\"@type\":\"ListItem\",\"position\":2,\"name\":\"Boutique\",\"item\":\"https:\/\/poudresdenarco.com\/boutique\/\"},{\"@type\":\"ListItem\",\"position\":3,\"name\":\"Hachage 420\"}]},{\"@type\":\"WebSite\",\"@id\":\"https:\/\/poudresdenarco.com\/#website\",\"url\":\"https:\/\/poudresdenarco.com\/\",\"name\":\"Poudresde Narco\",\"description\":\"Acheter de la coca\u00efne et de l&#039;h\u00e9ro\u00efne en ligne\",\"potentialAction\":[{\"@type\":\"SearchAction\",\"target\":{\"@type\":\"EntryPoint\",\"urlTemplate\":\"https:\/\/poudresdenarco.com\/?s={search_term_string}\"},\"query-input\":{\"@type\":\"PropertyValueSpecification\",\"valueRequired\":true,\"valueName\":\"search_term_string\"}}],\"inLanguage\":\"en-AU\"}]}<\/script>\n<!-- \/ Yoast SEO plugin. -->","yoast_head_json":{"title":"Achetez du Hash 420 en ligne - Hash 420 \u00e0 vendre","description":"Si vous souhaitez acheter du hash 420 en ligne et recherchez une boutique en ligne fiable, achetez ici. Nous proposons uniquement du hash 420 de haute qualit\u00e9 \u00e0 la vente \u00e0 un prix abordable. Commandez du hash 420 maintenant !","robots":{"index":"index","follow":"follow","max-snippet":"max-snippet:-1","max-image-preview":"max-image-preview:large","max-video-preview":"max-video-preview:-1"},"canonical":"https:\/\/poudresdenarco.com\/en\/product-2\/hash-420\/","og_locale":"en_US","og_type":"article","og_title":"Achetez du Hash 420 en ligne - Hash 420 \u00e0 vendre","og_description":"Si vous souhaitez acheter du hash 420 en ligne et recherchez une boutique en ligne fiable, achetez ici. Nous proposons uniquement du hash 420 de haute qualit\u00e9 \u00e0 la vente \u00e0 un prix abordable. Commandez du hash 420 maintenant !","og_url":"https:\/\/poudresdenarco.com\/en\/product-2\/hash-420\/","og_site_name":"Poudresde Narco","article_modified_time":"2025-06-10T08:09:30+00:00","og_image":[{"width":600,"height":600,"url":"https:\/\/poudresdenarco.com\/wp-content\/uploads\/2024\/01\/HASH-420.jpg","type":"image\/jpeg"}],"twitter_card":"summary_large_image","twitter_misc":{"Est. reading time":"2 minutes"},"schema":{"@context":"https:\/\/schema.org","@graph":[{"@type":"WebPage","@id":"https:\/\/poudresdenarco.com\/produit\/hachage-420\/","url":"https:\/\/poudresdenarco.com\/produit\/hachage-420\/","name":"Achetez du Hash 420 en ligne - Hash 420 \u00e0 vendre","isPartOf":{"@id":"https:\/\/poudresdenarco.com\/#website"},"primaryImageOfPage":{"@id":"https:\/\/poudresdenarco.com\/produit\/hachage-420\/#primaryimage"},"image":{"@id":"https:\/\/poudresdenarco.com\/produit\/hachage-420\/#primaryimage"},"thumbnailUrl":"https:\/\/poudresdenarco.com\/wp-content\/uploads\/2024\/01\/HASH-420.jpg","datePublished":"2024-01-03T07:31:47+00:00","dateModified":"2025-06-10T08:09:30+00:00","description":"Si vous souhaitez acheter du hash 420 en ligne et recherchez une boutique en ligne fiable, achetez ici. Nous proposons uniquement du hash 420 de haute qualit\u00e9 \u00e0 la vente \u00e0 un prix abordable. Commandez du hash 420 maintenant !","breadcrumb":{"@id":"https:\/\/poudresdenarco.com\/produit\/hachage-420\/#breadcrumb"},"inLanguage":"en-AU","potentialAction":[{"@type":"ReadAction","target":["https:\/\/poudresdenarco.com\/produit\/hachage-420\/"]}]},{"@type":"ImageObject","inLanguage":"en-AU","@id":"https:\/\/poudresdenarco.com\/produit\/hachage-420\/#primaryimage","url":"https:\/\/poudresdenarco.com\/wp-content\/uploads\/2024\/01\/HASH-420.jpg","contentUrl":"https:\/\/poudresdenarco.com\/wp-content\/uploads\/2024\/01\/HASH-420.jpg","width":600,"height":600,"caption":"Achetez HASH-420 en ligne"},{"@type":"BreadcrumbList","@id":"https:\/\/poudresdenarco.com\/produit\/hachage-420\/#breadcrumb","itemListElement":[{"@type":"ListItem","position":1,"name":"Home","item":"https:\/\/poudresdenarco.com\/"},{"@type":"ListItem","position":2,"name":"Boutique","item":"https:\/\/poudresdenarco.com\/boutique\/"},{"@type":"ListItem","position":3,"name":"Hachage 420"}]},{"@type":"WebSite","@id":"https:\/\/poudresdenarco.com\/#website","url":"https:\/\/poudresdenarco.com\/","name":"Poudresde Narco","description":"Acheter de la coca\u00efne et de l&#039;h\u00e9ro\u00efne en ligne","potentialAction":[{"@type":"SearchAction","target":{"@type":"EntryPoint","urlTemplate":"https:\/\/poudresdenarco.com\/?s={search_term_string}"},"query-input":{"@type":"PropertyValueSpecification","valueRequired":true,"valueName":"search_term_string"}}],"inLanguage":"en-AU"}]}},"_links":{"self":[{"href":"https:\/\/poudresdenarco.com\/en\/wp-json\/wp\/v2\/product\/4460","targetHints":{"allow":["GET"]}}],"collection":[{"href":"https:\/\/poudresdenarco.com\/en\/wp-json\/wp\/v2\/product"}],"about":[{"href":"https:\/\/poudresdenarco.com\/en\/wp-json\/wp\/v2\/types\/product"}],"replies":[{"embeddable":true,"href":"https:\/\/poudresdenarco.com\/en\/wp-json\/wp\/v2\/comments?post=4460"}],"wp:featuredmedia":[{"embeddable":true,"href":"https:\/\/poudresdenarco.com\/en\/wp-json\/wp\/v2\/media\/4532"}],"wp:attachment":[{"href":"https:\/\/poudresdenarco.com\/en\/wp-json\/wp\/v2\/media?parent=4460"}],"wp:term":[{"taxonomy":"product_cat","embeddable":true,"href":"https:\/\/poudresdenarco.com\/en\/wp-json\/wp\/v2\/product_cat?post=4460"},{"taxonomy":"product_tag","embeddable":true,"href":"https:\/\/poudresdenarco.com\/en\/wp-json\/wp\/v2\/product_tag?post=4460"}],"curies":[{"name":"wp","href":"https:\/\/api.w.org\/{rel}","templated":true}]}}