{"id":4481,"date":"2024-01-02T11:16:09","date_gmt":"2024-01-02T11:16:09","guid":{"rendered":"https:\/\/unkrautmarkt.com\/narco1\/?post_type=product&#038;p=4481"},"modified":"2025-06-04T01:22:54","modified_gmt":"2025-06-04T01:22:54","slug":"hachis-marocain","status":"publish","type":"product","link":"https:\/\/poudresdenarco.com\/en\/product-2\/moroccan-hash\/","title":{"rendered":"Moroccan minced meat"},"content":{"rendered":"<h2><strong><span style=\"vertical-align: inherit;\"><span style=\"vertical-align: inherit;\">Buy Moroccan Hashish Online<\/span><\/span><\/strong><\/h2>\n<h3><strong><span style=\"vertical-align: inherit;\"><span style=\"vertical-align: inherit;\">Moroccan hash<\/span><\/span><\/strong><\/h3>\n<h3><span style=\"vertical-align: inherit;\"><span style=\"vertical-align: inherit;\">The Eternal Remedies of North Africa<\/span><\/span><\/h3>\n<p><span style=\"vertical-align: inherit;\"><span style=\"vertical-align: inherit;\">Moroccan hash is a secret treasure cherished by cannabis enthusiasts around the world, hidden deep within the mysterious borders of North Africa. This historic cannabis concentrate has captivated aficionados for generations due to its potency, rich history, and traditional production processes. We delve into the fascinating world of Moroccan hash in this blog post, examining its history, production method, cultural significance, and role in contemporary culture.<\/span><\/span><\/p>\n<h3><strong><span style=\"vertical-align: inherit;\"><span style=\"vertical-align: inherit;\">The origins of Moroccan hash<\/span><\/span><\/strong><\/h3>\n<p><span style=\"vertical-align: inherit;\"><span style=\"vertical-align: inherit;\">Moroccan hash has a rich and long history that dates back thousands of years. For thousands of years, the cannabis plant, or Cannabis sativa, has grown wild throughout the region. It is believed that the use of this plant as a recreational and medical drug originated in the Maghreb region, which includes present-day Morocco. <a href=\"https:\/\/poudresdenarco.com\/en\/product-2\/moroccan-hash\/\">Hachis marocain for sale<\/a><\/span><\/span><\/p>\n<p><span style=\"vertical-align: inherit;\"><span style=\"vertical-align: inherit;\">Early cannabis growers who scraped the leaves and flowers of the plant to retrieve their sticky trichomes are likely the ones who invented the method of making hash. These procedures developed over time, resulting in the meticulous hand-rolling techniques still used by skilled artisans today.<\/span><\/span><\/p>\n<h3><span style=\"vertical-align: inherit;\"><span style=\"vertical-align: inherit;\">Moroccan Hash Making Techniques<\/span><\/span><\/h3>\n<p><span style=\"vertical-align: inherit;\"><span style=\"vertical-align: inherit;\">Making real Moroccan hash is an art form in itself. The first step is to carefully select premium cannabis plants, which are usually high-resin varieties. Before harvest, the plants are given enough time to reach their full potential.<\/span><\/span><\/p>\n<p><span style=\"vertical-align: inherit;\"><span style=\"vertical-align: inherit;\">\u201cDry sieving\u201d is a labor-intensive process that occurs after harvest. To separate the resinous trichomes from the plant material, farmers gently sift the plant material through fine-mesh sieves. After that, these trichomes are meticulously compressed to create the recognizable bricks or balls of hash.<\/span><\/span><\/p>\n<h3><strong><span style=\"vertical-align: inherit;\"><span style=\"vertical-align: inherit;\">Differences and qualities<\/span><\/span><\/strong><\/h3>\n<p><span style=\"vertical-align: inherit;\"><span style=\"vertical-align: inherit;\">There are different classes of Moroccan hash, and each has a distinct flavor, aroma, and intensity.<\/span><\/span><\/p>","protected":false},"excerpt":{"rendered":"<p>Buy Moroccan Hashish Online Moroccan hash The Eternal Remedies of North Africa Moroccan hash is a secret treasure cherished by cannabis enthusiasts around the world, hidden deep within the mysterious borders of North Africa. This historic cannabis concentrate has captivated aficionados for generations due to its potency, rich history, and traditional production processes. We delve&hellip;<\/p>","protected":false},"featured_media":4534,"comment_status":"open","ping_status":"closed","template":"","meta":{"_joinchat":[]},"product_cat":[474],"product_tag":[],"class_list":{"0":"post-4481","1":"product","2":"type-product","3":"status-publish","4":"has-post-thumbnail","6":"product_cat-haschisch","8":"first","9":"instock","10":"shipping-taxable","11":"purchasable","12":"product-type-variable","13":"col-xs-6 col-sm-4","14":"col-md-3 col-lg-3","15":"un-4-cols"},"yoast_head":"<!-- This site is optimized with the Yoast SEO plugin v23.8 - https:\/\/yoast.com\/wordpress\/plugins\/seo\/ -->\n<title>Hash Morocain \u00e0 vendre - Achetez du Hash Morocain en ligne<\/title>\n<meta name=\"description\" content=\"Vous recherchez une source fiable pour acheter du Hash Morocain en ligne ? Votre recherche s&#039;arr\u00eate ici. Commandez du Hash Morocain en ligne dans notre boutique de confiance et profitez d&#039;un processus d&#039;achat transparent adapt\u00e9 \u00e0 vos besoins de recherche.\" \/>\n<meta name=\"robots\" content=\"index, follow, max-snippet:-1, max-image-preview:large, max-video-preview:-1\" \/>\n<link rel=\"canonical\" href=\"https:\/\/poudresdenarco.com\/en\/product-2\/moroccan-hash\/\" \/>\n<meta property=\"og:locale\" content=\"en_US\" \/>\n<meta property=\"og:type\" content=\"article\" \/>\n<meta property=\"og:title\" content=\"Hash Morocain \u00e0 vendre - Achetez du Hash Morocain en ligne\" \/>\n<meta property=\"og:description\" content=\"Vous recherchez une source fiable pour acheter du Hash Morocain en ligne ? Votre recherche s&#039;arr\u00eate ici. Commandez du Hash Morocain en ligne dans notre boutique de confiance et profitez d&#039;un processus d&#039;achat transparent adapt\u00e9 \u00e0 vos besoins de recherche.\" \/>\n<meta property=\"og:url\" content=\"https:\/\/poudresdenarco.com\/en\/product-2\/moroccan-hash\/\" \/>\n<meta property=\"og:site_name\" content=\"Poudresde Narco\" \/>\n<meta property=\"article:modified_time\" content=\"2025-06-04T01:22:54+00:00\" \/>\n<meta property=\"og:image\" content=\"https:\/\/poudresdenarco.com\/wp-content\/uploads\/2024\/01\/MORACCAN-HASH.jpg\" \/>\n\t<meta property=\"og:image:width\" content=\"600\" \/>\n\t<meta property=\"og:image:height\" content=\"600\" \/>\n\t<meta property=\"og:image:type\" content=\"image\/jpeg\" \/>\n<meta name=\"twitter:card\" content=\"summary_large_image\" \/>\n<meta name=\"twitter:label1\" content=\"Est. reading time\" \/>\n\t<meta name=\"twitter:data1\" content=\"2 minutes\" \/>\n<script type=\"application\/ld+json\" class=\"yoast-schema-graph\">{\"@context\":\"https:\/\/schema.org\",\"@graph\":[{\"@type\":\"WebPage\",\"@id\":\"https:\/\/poudresdenarco.com\/produit\/hachis-marocain\/\",\"url\":\"https:\/\/poudresdenarco.com\/produit\/hachis-marocain\/\",\"name\":\"Hash Morocain \u00e0 vendre - Achetez du Hash Morocain en ligne\",\"isPartOf\":{\"@id\":\"https:\/\/poudresdenarco.com\/#website\"},\"primaryImageOfPage\":{\"@id\":\"https:\/\/poudresdenarco.com\/produit\/hachis-marocain\/#primaryimage\"},\"image\":{\"@id\":\"https:\/\/poudresdenarco.com\/produit\/hachis-marocain\/#primaryimage\"},\"thumbnailUrl\":\"https:\/\/poudresdenarco.com\/wp-content\/uploads\/2024\/01\/MORACCAN-HASH.jpg\",\"datePublished\":\"2024-01-02T11:16:09+00:00\",\"dateModified\":\"2025-06-04T01:22:54+00:00\",\"description\":\"Vous recherchez une source fiable pour acheter du Hash Morocain en ligne ? Votre recherche s'arr\u00eate ici. Commandez du Hash Morocain en ligne dans notre boutique de confiance et profitez d'un processus d'achat transparent adapt\u00e9 \u00e0 vos besoins de recherche.\",\"breadcrumb\":{\"@id\":\"https:\/\/poudresdenarco.com\/produit\/hachis-marocain\/#breadcrumb\"},\"inLanguage\":\"en-AU\",\"potentialAction\":[{\"@type\":\"ReadAction\",\"target\":[\"https:\/\/poudresdenarco.com\/produit\/hachis-marocain\/\"]}]},{\"@type\":\"ImageObject\",\"inLanguage\":\"en-AU\",\"@id\":\"https:\/\/poudresdenarco.com\/produit\/hachis-marocain\/#primaryimage\",\"url\":\"https:\/\/poudresdenarco.com\/wp-content\/uploads\/2024\/01\/MORACCAN-HASH.jpg\",\"contentUrl\":\"https:\/\/poudresdenarco.com\/wp-content\/uploads\/2024\/01\/MORACCAN-HASH.jpg\",\"width\":600,\"height\":600,\"caption\":\"Achetez du haschisch marocain en ligne\"},{\"@type\":\"BreadcrumbList\",\"@id\":\"https:\/\/poudresdenarco.com\/produit\/hachis-marocain\/#breadcrumb\",\"itemListElement\":[{\"@type\":\"ListItem\",\"position\":1,\"name\":\"Home\",\"item\":\"https:\/\/poudresdenarco.com\/\"},{\"@type\":\"ListItem\",\"position\":2,\"name\":\"Boutique\",\"item\":\"https:\/\/poudresdenarco.com\/boutique\/\"},{\"@type\":\"ListItem\",\"position\":3,\"name\":\"Hachis marocain\"}]},{\"@type\":\"WebSite\",\"@id\":\"https:\/\/poudresdenarco.com\/#website\",\"url\":\"https:\/\/poudresdenarco.com\/\",\"name\":\"Poudresde Narco\",\"description\":\"Acheter de la coca\u00efne et de l&#039;h\u00e9ro\u00efne en ligne\",\"potentialAction\":[{\"@type\":\"SearchAction\",\"target\":{\"@type\":\"EntryPoint\",\"urlTemplate\":\"https:\/\/poudresdenarco.com\/?s={search_term_string}\"},\"query-input\":{\"@type\":\"PropertyValueSpecification\",\"valueRequired\":true,\"valueName\":\"search_term_string\"}}],\"inLanguage\":\"en-AU\"}]}<\/script>\n<!-- \/ Yoast SEO plugin. -->","yoast_head_json":{"title":"Hash Morocain \u00e0 vendre - Achetez du Hash Morocain en ligne","description":"Vous recherchez une source fiable pour acheter du Hash Morocain en ligne ? Votre recherche s'arr\u00eate ici. Commandez du Hash Morocain en ligne dans notre boutique de confiance et profitez d'un processus d'achat transparent adapt\u00e9 \u00e0 vos besoins de recherche.","robots":{"index":"index","follow":"follow","max-snippet":"max-snippet:-1","max-image-preview":"max-image-preview:large","max-video-preview":"max-video-preview:-1"},"canonical":"https:\/\/poudresdenarco.com\/en\/product-2\/moroccan-hash\/","og_locale":"en_US","og_type":"article","og_title":"Hash Morocain \u00e0 vendre - Achetez du Hash Morocain en ligne","og_description":"Vous recherchez une source fiable pour acheter du Hash Morocain en ligne ? Votre recherche s'arr\u00eate ici. Commandez du Hash Morocain en ligne dans notre boutique de confiance et profitez d'un processus d'achat transparent adapt\u00e9 \u00e0 vos besoins de recherche.","og_url":"https:\/\/poudresdenarco.com\/en\/product-2\/moroccan-hash\/","og_site_name":"Poudresde Narco","article_modified_time":"2025-06-04T01:22:54+00:00","og_image":[{"width":600,"height":600,"url":"https:\/\/poudresdenarco.com\/wp-content\/uploads\/2024\/01\/MORACCAN-HASH.jpg","type":"image\/jpeg"}],"twitter_card":"summary_large_image","twitter_misc":{"Est. reading time":"2 minutes"},"schema":{"@context":"https:\/\/schema.org","@graph":[{"@type":"WebPage","@id":"https:\/\/poudresdenarco.com\/produit\/hachis-marocain\/","url":"https:\/\/poudresdenarco.com\/produit\/hachis-marocain\/","name":"Hash Morocain \u00e0 vendre - Achetez du Hash Morocain en ligne","isPartOf":{"@id":"https:\/\/poudresdenarco.com\/#website"},"primaryImageOfPage":{"@id":"https:\/\/poudresdenarco.com\/produit\/hachis-marocain\/#primaryimage"},"image":{"@id":"https:\/\/poudresdenarco.com\/produit\/hachis-marocain\/#primaryimage"},"thumbnailUrl":"https:\/\/poudresdenarco.com\/wp-content\/uploads\/2024\/01\/MORACCAN-HASH.jpg","datePublished":"2024-01-02T11:16:09+00:00","dateModified":"2025-06-04T01:22:54+00:00","description":"Vous recherchez une source fiable pour acheter du Hash Morocain en ligne ? Votre recherche s'arr\u00eate ici. Commandez du Hash Morocain en ligne dans notre boutique de confiance et profitez d'un processus d'achat transparent adapt\u00e9 \u00e0 vos besoins de recherche.","breadcrumb":{"@id":"https:\/\/poudresdenarco.com\/produit\/hachis-marocain\/#breadcrumb"},"inLanguage":"en-AU","potentialAction":[{"@type":"ReadAction","target":["https:\/\/poudresdenarco.com\/produit\/hachis-marocain\/"]}]},{"@type":"ImageObject","inLanguage":"en-AU","@id":"https:\/\/poudresdenarco.com\/produit\/hachis-marocain\/#primaryimage","url":"https:\/\/poudresdenarco.com\/wp-content\/uploads\/2024\/01\/MORACCAN-HASH.jpg","contentUrl":"https:\/\/poudresdenarco.com\/wp-content\/uploads\/2024\/01\/MORACCAN-HASH.jpg","width":600,"height":600,"caption":"Achetez du haschisch marocain en ligne"},{"@type":"BreadcrumbList","@id":"https:\/\/poudresdenarco.com\/produit\/hachis-marocain\/#breadcrumb","itemListElement":[{"@type":"ListItem","position":1,"name":"Home","item":"https:\/\/poudresdenarco.com\/"},{"@type":"ListItem","position":2,"name":"Boutique","item":"https:\/\/poudresdenarco.com\/boutique\/"},{"@type":"ListItem","position":3,"name":"Hachis marocain"}]},{"@type":"WebSite","@id":"https:\/\/poudresdenarco.com\/#website","url":"https:\/\/poudresdenarco.com\/","name":"Poudresde Narco","description":"Acheter de la coca\u00efne et de l&#039;h\u00e9ro\u00efne en ligne","potentialAction":[{"@type":"SearchAction","target":{"@type":"EntryPoint","urlTemplate":"https:\/\/poudresdenarco.com\/?s={search_term_string}"},"query-input":{"@type":"PropertyValueSpecification","valueRequired":true,"valueName":"search_term_string"}}],"inLanguage":"en-AU"}]}},"_links":{"self":[{"href":"https:\/\/poudresdenarco.com\/en\/wp-json\/wp\/v2\/product\/4481","targetHints":{"allow":["GET"]}}],"collection":[{"href":"https:\/\/poudresdenarco.com\/en\/wp-json\/wp\/v2\/product"}],"about":[{"href":"https:\/\/poudresdenarco.com\/en\/wp-json\/wp\/v2\/types\/product"}],"replies":[{"embeddable":true,"href":"https:\/\/poudresdenarco.com\/en\/wp-json\/wp\/v2\/comments?post=4481"}],"wp:featuredmedia":[{"embeddable":true,"href":"https:\/\/poudresdenarco.com\/en\/wp-json\/wp\/v2\/media\/4534"}],"wp:attachment":[{"href":"https:\/\/poudresdenarco.com\/en\/wp-json\/wp\/v2\/media?parent=4481"}],"wp:term":[{"taxonomy":"product_cat","embeddable":true,"href":"https:\/\/poudresdenarco.com\/en\/wp-json\/wp\/v2\/product_cat?post=4481"},{"taxonomy":"product_tag","embeddable":true,"href":"https:\/\/poudresdenarco.com\/en\/wp-json\/wp\/v2\/product_tag?post=4481"}],"curies":[{"name":"wp","href":"https:\/\/api.w.org\/{rel}","templated":true}]}}