{"id":4483,"date":"2024-01-02T11:19:47","date_gmt":"2024-01-02T11:19:47","guid":{"rendered":"https:\/\/unkrautmarkt.com\/narco1\/?post_type=product&#038;p=4483"},"modified":"2025-06-10T06:38:28","modified_gmt":"2025-06-10T06:38:28","slug":"tangie-hash","status":"publish","type":"product","link":"https:\/\/poudresdenarco.com\/en\/product-2\/tangie-hash\/","title":{"rendered":"Tangie Hash"},"content":{"rendered":"<h2><strong><span style=\"vertical-align: inherit;\"><span style=\"vertical-align: inherit;\">Buy Tangie Hash Online<\/span><\/span><\/strong><\/h2>\n<h3><strong><span style=\"vertical-align: inherit;\"><span style=\"vertical-align: inherit;\">look<\/span><\/span><\/strong><\/h3>\n<p><span style=\"vertical-align: inherit;\"><span style=\"vertical-align: inherit;\">This sample had a brown hue and a dark gold color, which is usually an indication of some plant material remaining in the hash. This batch appears to have been sieved for drying purposes; it had the consistency of large sand pellets (as opposed to microplaned or freeze-dried sand). For optimal drying, we suggest smaller pellet sizes. The absence of trichome heads and\/or terpenes was indicated by the dryness of the resin and lack of fat when stored at room temperature. Using a jeweler&rsquo;s loupe to examine the sample reveals that it contains plant heads and debris as well as a significant amount of trichome stems. This indicates the existence of plant material. Most likely, this content is either from a second or third wash, or it was simply heavily stirred throughout the extraction process. The sample had a chalky, brown appearance once expelled, revealing visible plant material. <a href=\"https:\/\/poudresdenarco.com\/en\/product-2\/tangie-hash\/\">buy tangie hash online<\/a><\/span><\/span><\/p>\n<h3><strong><span style=\"vertical-align: inherit;\"><span style=\"vertical-align: inherit;\">Scent<\/span><\/span><\/strong><\/h3>\n<p><span style=\"vertical-align: inherit;\"><span style=\"vertical-align: inherit;\">The initial odor of the product was not particularly strong. The sample smelled mainly of citrus fruits with a subtle orange undertone. The aroma before pressing can be characterized as orange, lemony and sweet. The scent could be compared to a light orange essential oil. Underlying hazy scents with traditional musky and sweet undertones were present. It can be seen that after pressing, the scent did not become noticeably stronger.<\/span><\/span><\/p>\n<h3><strong><span style=\"vertical-align: inherit;\"><span style=\"vertical-align: inherit;\">Taste<\/span><\/span><\/strong><\/h3>\n<p><span style=\"vertical-align: inherit;\"><span style=\"vertical-align: inherit;\">There were citrus notes in the taste and scent, suggesting the presence of limonene terpenes. It is not surprising that the sample had a weak flavor, as trichome heads store terpenes and the sample contained fewer trichome heads than stems and other plant material. It smelled like orange and tangerine, but the flavor was quite refreshing with a citrus tinge. It was expected that after dabbing a nail, the tip of the dab would taste like burnt plant material due to the high concentration of plant material in the sample.<\/span><\/span><\/p>\n<p><span style=\"vertical-align: inherit;\"><span style=\"vertical-align: inherit;\">This sample was dabbed onto a titanium nail after it was expelled. The smooth smoke indicated that the hash had been given enough time to dry before being sold. The hash just bubbled a few times and then burned the nail black and brown, indicating that it was not particularly melty. Instead of dabbing, we suggest using this sample as a rosin material or to top bowls or rollers due to the amount of plant material left on the nail after dabbing.<\/span><\/span><\/p>\n<h3><strong><span style=\"vertical-align: inherit;\"><span style=\"vertical-align: inherit;\">Impact<\/span><\/span><\/strong><\/h3>\n<p><span style=\"vertical-align: inherit;\"><span style=\"vertical-align: inherit;\">In terms of bubble hash, the consequences were really minimal. The sample didn\u2019t specify the raw material, but given its milder flavor and strength, it was likely made from dried waste. The typical sativa buzz behind the eyes is felt immediately as the effects take hold in the head. Tangie\u2019s cut was a sativa hybrid that gave users a slight tingling sensation all over the body. before being sold. The hash only bubbled a few times and then burned the nail black and brown, indicating that it wasn\u2019t particularly melty. We recommend applying this addition to the head due to the amount of plant material still left on the nail after dabbing. The sample produced an extremely useful effect, great for continuing to be productive and reasonably clear-headed. We think this product would be fantastic for those who want to inspire themselves throughout the day to stay productive and positive, although we\u2019re not medical specialists.<\/span><\/span><\/p>","protected":false},"excerpt":{"rendered":"<p>Buy Tangie Hash Online Look This sample had a brown hue and a dark gold color, which is usually an indication of some plant material remaining in the hash. This batch appears to have been sieved for drying purposes; it had the consistency of large sand pellets (as opposed to microplaned or freeze-dried sand). For&hellip;<\/p>","protected":false},"featured_media":4539,"comment_status":"open","ping_status":"closed","template":"","meta":{"_joinchat":[]},"product_cat":[474],"product_tag":[],"class_list":{"0":"post-4483","1":"product","2":"type-product","3":"status-publish","4":"has-post-thumbnail","6":"product_cat-haschisch","8":"first","9":"instock","10":"shipping-taxable","11":"purchasable","12":"product-type-variable","13":"col-xs-6 col-sm-4","14":"col-md-3 col-lg-3","15":"un-4-cols"},"yoast_head":"<!-- This site is optimized with the Yoast SEO plugin v23.8 - https:\/\/yoast.com\/wordpress\/plugins\/seo\/ -->\n<title>Tangie Hash \u00e0 vendre - Achetez Tangie Hash en ligne<\/title>\n<meta name=\"description\" content=\"D\u00e9couvrez notre boutique en ligne de haschisch Tangie \u00e0 vendre, proposant du haschisch Tangie de haute qualit\u00e9. Achetez du haschisch Tangie en ligne en toute s\u00e9curit\u00e9 et lancez-vous dans votre recherche en toute confiance.\" \/>\n<meta name=\"robots\" content=\"index, follow, max-snippet:-1, max-image-preview:large, max-video-preview:-1\" \/>\n<link rel=\"canonical\" href=\"https:\/\/poudresdenarco.com\/en\/product-2\/tangie-hash\/\" \/>\n<meta property=\"og:locale\" content=\"en_US\" \/>\n<meta property=\"og:type\" content=\"article\" \/>\n<meta property=\"og:title\" content=\"Tangie Hash \u00e0 vendre - Achetez Tangie Hash en ligne\" \/>\n<meta property=\"og:description\" content=\"D\u00e9couvrez notre boutique en ligne de haschisch Tangie \u00e0 vendre, proposant du haschisch Tangie de haute qualit\u00e9. Achetez du haschisch Tangie en ligne en toute s\u00e9curit\u00e9 et lancez-vous dans votre recherche en toute confiance.\" \/>\n<meta property=\"og:url\" content=\"https:\/\/poudresdenarco.com\/en\/product-2\/tangie-hash\/\" \/>\n<meta property=\"og:site_name\" content=\"Poudresde Narco\" \/>\n<meta property=\"article:modified_time\" content=\"2025-06-10T06:38:28+00:00\" \/>\n<meta property=\"og:image\" content=\"https:\/\/poudresdenarco.com\/wp-content\/uploads\/2024\/01\/TANGIE-HASH.jpg\" \/>\n\t<meta property=\"og:image:width\" content=\"600\" \/>\n\t<meta property=\"og:image:height\" content=\"600\" \/>\n\t<meta property=\"og:image:type\" content=\"image\/jpeg\" \/>\n<meta name=\"twitter:card\" content=\"summary_large_image\" \/>\n<meta name=\"twitter:label1\" content=\"Est. reading time\" \/>\n\t<meta name=\"twitter:data1\" content=\"3 minutes\" \/>\n<script type=\"application\/ld+json\" class=\"yoast-schema-graph\">{\"@context\":\"https:\/\/schema.org\",\"@graph\":[{\"@type\":\"WebPage\",\"@id\":\"https:\/\/poudresdenarco.com\/produit\/tangie-hash\/\",\"url\":\"https:\/\/poudresdenarco.com\/produit\/tangie-hash\/\",\"name\":\"Tangie Hash \u00e0 vendre - Achetez Tangie Hash en ligne\",\"isPartOf\":{\"@id\":\"https:\/\/poudresdenarco.com\/#website\"},\"primaryImageOfPage\":{\"@id\":\"https:\/\/poudresdenarco.com\/produit\/tangie-hash\/#primaryimage\"},\"image\":{\"@id\":\"https:\/\/poudresdenarco.com\/produit\/tangie-hash\/#primaryimage\"},\"thumbnailUrl\":\"https:\/\/poudresdenarco.com\/wp-content\/uploads\/2024\/01\/TANGIE-HASH.jpg\",\"datePublished\":\"2024-01-02T11:19:47+00:00\",\"dateModified\":\"2025-06-10T06:38:28+00:00\",\"description\":\"D\u00e9couvrez notre boutique en ligne de haschisch Tangie \u00e0 vendre, proposant du haschisch Tangie de haute qualit\u00e9. Achetez du haschisch Tangie en ligne en toute s\u00e9curit\u00e9 et lancez-vous dans votre recherche en toute confiance.\",\"breadcrumb\":{\"@id\":\"https:\/\/poudresdenarco.com\/produit\/tangie-hash\/#breadcrumb\"},\"inLanguage\":\"en-AU\",\"potentialAction\":[{\"@type\":\"ReadAction\",\"target\":[\"https:\/\/poudresdenarco.com\/produit\/tangie-hash\/\"]}]},{\"@type\":\"ImageObject\",\"inLanguage\":\"en-AU\",\"@id\":\"https:\/\/poudresdenarco.com\/produit\/tangie-hash\/#primaryimage\",\"url\":\"https:\/\/poudresdenarco.com\/wp-content\/uploads\/2024\/01\/TANGIE-HASH.jpg\",\"contentUrl\":\"https:\/\/poudresdenarco.com\/wp-content\/uploads\/2024\/01\/TANGIE-HASH.jpg\",\"width\":600,\"height\":600,\"caption\":\"Achetez TANGIE-HASH en ligne\"},{\"@type\":\"BreadcrumbList\",\"@id\":\"https:\/\/poudresdenarco.com\/produit\/tangie-hash\/#breadcrumb\",\"itemListElement\":[{\"@type\":\"ListItem\",\"position\":1,\"name\":\"Home\",\"item\":\"https:\/\/poudresdenarco.com\/\"},{\"@type\":\"ListItem\",\"position\":2,\"name\":\"Boutique\",\"item\":\"https:\/\/poudresdenarco.com\/boutique\/\"},{\"@type\":\"ListItem\",\"position\":3,\"name\":\"Tangie Hash\"}]},{\"@type\":\"WebSite\",\"@id\":\"https:\/\/poudresdenarco.com\/#website\",\"url\":\"https:\/\/poudresdenarco.com\/\",\"name\":\"Poudresde Narco\",\"description\":\"Acheter de la coca\u00efne et de l&#039;h\u00e9ro\u00efne en ligne\",\"potentialAction\":[{\"@type\":\"SearchAction\",\"target\":{\"@type\":\"EntryPoint\",\"urlTemplate\":\"https:\/\/poudresdenarco.com\/?s={search_term_string}\"},\"query-input\":{\"@type\":\"PropertyValueSpecification\",\"valueRequired\":true,\"valueName\":\"search_term_string\"}}],\"inLanguage\":\"en-AU\"}]}<\/script>\n<!-- \/ Yoast SEO plugin. -->","yoast_head_json":{"title":"Tangie Hash \u00e0 vendre - Achetez Tangie Hash en ligne","description":"D\u00e9couvrez notre boutique en ligne de haschisch Tangie \u00e0 vendre, proposant du haschisch Tangie de haute qualit\u00e9. Achetez du haschisch Tangie en ligne en toute s\u00e9curit\u00e9 et lancez-vous dans votre recherche en toute confiance.","robots":{"index":"index","follow":"follow","max-snippet":"max-snippet:-1","max-image-preview":"max-image-preview:large","max-video-preview":"max-video-preview:-1"},"canonical":"https:\/\/poudresdenarco.com\/en\/product-2\/tangie-hash\/","og_locale":"en_US","og_type":"article","og_title":"Tangie Hash \u00e0 vendre - Achetez Tangie Hash en ligne","og_description":"D\u00e9couvrez notre boutique en ligne de haschisch Tangie \u00e0 vendre, proposant du haschisch Tangie de haute qualit\u00e9. Achetez du haschisch Tangie en ligne en toute s\u00e9curit\u00e9 et lancez-vous dans votre recherche en toute confiance.","og_url":"https:\/\/poudresdenarco.com\/en\/product-2\/tangie-hash\/","og_site_name":"Poudresde Narco","article_modified_time":"2025-06-10T06:38:28+00:00","og_image":[{"width":600,"height":600,"url":"https:\/\/poudresdenarco.com\/wp-content\/uploads\/2024\/01\/TANGIE-HASH.jpg","type":"image\/jpeg"}],"twitter_card":"summary_large_image","twitter_misc":{"Est. reading time":"3 minutes"},"schema":{"@context":"https:\/\/schema.org","@graph":[{"@type":"WebPage","@id":"https:\/\/poudresdenarco.com\/produit\/tangie-hash\/","url":"https:\/\/poudresdenarco.com\/produit\/tangie-hash\/","name":"Tangie Hash \u00e0 vendre - Achetez Tangie Hash en ligne","isPartOf":{"@id":"https:\/\/poudresdenarco.com\/#website"},"primaryImageOfPage":{"@id":"https:\/\/poudresdenarco.com\/produit\/tangie-hash\/#primaryimage"},"image":{"@id":"https:\/\/poudresdenarco.com\/produit\/tangie-hash\/#primaryimage"},"thumbnailUrl":"https:\/\/poudresdenarco.com\/wp-content\/uploads\/2024\/01\/TANGIE-HASH.jpg","datePublished":"2024-01-02T11:19:47+00:00","dateModified":"2025-06-10T06:38:28+00:00","description":"D\u00e9couvrez notre boutique en ligne de haschisch Tangie \u00e0 vendre, proposant du haschisch Tangie de haute qualit\u00e9. Achetez du haschisch Tangie en ligne en toute s\u00e9curit\u00e9 et lancez-vous dans votre recherche en toute confiance.","breadcrumb":{"@id":"https:\/\/poudresdenarco.com\/produit\/tangie-hash\/#breadcrumb"},"inLanguage":"en-AU","potentialAction":[{"@type":"ReadAction","target":["https:\/\/poudresdenarco.com\/produit\/tangie-hash\/"]}]},{"@type":"ImageObject","inLanguage":"en-AU","@id":"https:\/\/poudresdenarco.com\/produit\/tangie-hash\/#primaryimage","url":"https:\/\/poudresdenarco.com\/wp-content\/uploads\/2024\/01\/TANGIE-HASH.jpg","contentUrl":"https:\/\/poudresdenarco.com\/wp-content\/uploads\/2024\/01\/TANGIE-HASH.jpg","width":600,"height":600,"caption":"Achetez TANGIE-HASH en ligne"},{"@type":"BreadcrumbList","@id":"https:\/\/poudresdenarco.com\/produit\/tangie-hash\/#breadcrumb","itemListElement":[{"@type":"ListItem","position":1,"name":"Home","item":"https:\/\/poudresdenarco.com\/"},{"@type":"ListItem","position":2,"name":"Boutique","item":"https:\/\/poudresdenarco.com\/boutique\/"},{"@type":"ListItem","position":3,"name":"Tangie Hash"}]},{"@type":"WebSite","@id":"https:\/\/poudresdenarco.com\/#website","url":"https:\/\/poudresdenarco.com\/","name":"Poudresde Narco","description":"Acheter de la coca\u00efne et de l&#039;h\u00e9ro\u00efne en ligne","potentialAction":[{"@type":"SearchAction","target":{"@type":"EntryPoint","urlTemplate":"https:\/\/poudresdenarco.com\/?s={search_term_string}"},"query-input":{"@type":"PropertyValueSpecification","valueRequired":true,"valueName":"search_term_string"}}],"inLanguage":"en-AU"}]}},"_links":{"self":[{"href":"https:\/\/poudresdenarco.com\/en\/wp-json\/wp\/v2\/product\/4483","targetHints":{"allow":["GET"]}}],"collection":[{"href":"https:\/\/poudresdenarco.com\/en\/wp-json\/wp\/v2\/product"}],"about":[{"href":"https:\/\/poudresdenarco.com\/en\/wp-json\/wp\/v2\/types\/product"}],"replies":[{"embeddable":true,"href":"https:\/\/poudresdenarco.com\/en\/wp-json\/wp\/v2\/comments?post=4483"}],"wp:featuredmedia":[{"embeddable":true,"href":"https:\/\/poudresdenarco.com\/en\/wp-json\/wp\/v2\/media\/4539"}],"wp:attachment":[{"href":"https:\/\/poudresdenarco.com\/en\/wp-json\/wp\/v2\/media?parent=4483"}],"wp:term":[{"taxonomy":"product_cat","embeddable":true,"href":"https:\/\/poudresdenarco.com\/en\/wp-json\/wp\/v2\/product_cat?post=4483"},{"taxonomy":"product_tag","embeddable":true,"href":"https:\/\/poudresdenarco.com\/en\/wp-json\/wp\/v2\/product_tag?post=4483"}],"curies":[{"name":"wp","href":"https:\/\/api.w.org\/{rel}","templated":true}]}}