{"id":4754,"date":"2024-10-16T11:01:47","date_gmt":"2024-10-16T11:01:47","guid":{"rendered":"https:\/\/poudresdenarco.com\/?post_type=product&#038;p=4754"},"modified":"2024-12-23T10:09:24","modified_gmt":"2024-12-23T10:09:24","slug":"2-fa","status":"publish","type":"product","link":"https:\/\/poudresdenarco.com\/en\/product-2\/2-fa\/","title":{"rendered":"2-FA"},"content":{"rendered":"<h2>Buy 2-FA hydrochloride online<\/h2>\n<p>Welcome to poudresdenarco, your reliable source for buying hydrochloride. <a href=\"https:\/\/poudresdenarco.com\/en\/product-2\/2-fa\/\">2-FA<\/a> online. As the owners of poudresdenarco, we pride ourselves on offering researchers the highest quality products and exceptional customer service. In this article, we will share the compelling reasons why you should choose poudresdenarco to buy 2-FA hydrochloride, as well as the assurance that we offer worldwide shipping to meet the needs of researchers worldwide.<\/p>\n<h3>Top quality products :<\/h3>\n<p>At <a href=\"https:\/\/poudresdenarco.com\/en\/\">poudresdenarco<\/a>As a manufacturer of research chemicals, we place the highest priority on the quality of our products. Our 2-FA hydrochloride undergoes rigorous quality control measures to ensure purity, consistency and accurate dosing. We work with reputable manufacturers and suppliers to source only the highest quality chemicals, allowing researchers to conduct their experiments with confidence. When you buy 2-FA hydrochloride from poudresdenarco, you can be sure you're getting a top-quality product.<a href=\"https:\/\/poudresdenarco.com\/en\/product-2\/1p-lsd\/\">.<\/a><\/p>\n<h3>Extensive selection of research chemicals :<\/h3>\n<p>poudresdenarco offers a wide selection of research chemicals to meet the diverse needs of researchers. Our online shop offers a wide range of high-quality substances, including <a href=\"https:\/\/en.wikipedia.org\/wiki\/Multi-factor_authentication\">2-FA<\/a>. Whether you're studying pharmaceuticals, chemistry or other scientific fields, we aim to be your one-stop shop for all your research chemical needs. Explore our collection and discover exciting possibilities for your research.<\/p>\n<h4><strong>Buy High Purity 2-FA for Research - Narco Powders<\/strong><\/h4>\n<p>Poudres de Narco is your trusted supplier for <strong>2-FA research quality<\/strong>designed exclusively for <strong>laboratory and scientific applications<\/strong>. Our 2-FA is manufactured to rigorous standards of purity and quality, ensuring reliable results for chemistry and pharmacology professionals.<\/p>\n<h3>Why choose 2-FA de Poudres de Narco?<\/h3>\n<p>As a <strong>supplier of 2-FA for research<\/strong>Poudres de Narco is committed to providing a product that meets the highest standards of quality and safety:<\/p>\n<ul>\n<li><strong>Certified Purity<\/strong> Every batch of 2-FA is rigorously tested to guarantee maximum purity, which is essential for scientific experiments.<\/li>\n<li><strong>Constant Quality<\/strong> Our 2-FA is manufactured to provide stable, accurate results that meet laboratory requirements.<\/li>\n<li><strong>Secure Online Ordering<\/strong> : We make it easier to<strong>purchase of 2-FA for scientific applications<\/strong>with a secure, compliant ordering platform.<\/li>\n<\/ul>\n<h3>Applications and Safety Instructions<\/h3>\n<p>Le <strong>2-FA<\/strong> de Poudres de Narco is used in a variety of laboratory research contexts. To ensure safe and compliant use, we provide handling and storage protocols:<\/p>\n<ul>\n<li><strong>Secure storage<\/strong> Store 2-FA in a cool, dry place away from direct light.<\/li>\n<li><strong>Handling<\/strong> Use personal protective equipment (PPE) and work in a well-ventilated environment.<\/li>\n<li><strong>Use Strictly Reserved for Research<\/strong> This product is designed for research professionals working in controlled environments.<\/li>\n<\/ul>\n<h3>Order Quality 2-FA for Your Research Studies<\/h3>\n<p>Poudres de Narco is the ideal choice for a <strong>supply of high-quality 2-FA<\/strong> for research. <strong>Contact us<\/strong> for a quotation or for more information about our products and services for scientific applications.<\/p>\n<p>&nbsp;<\/p>","protected":false},"excerpt":{"rendered":"<p>Acheter du chlorhydrate de 2-FA en ligne Bienvenue chez poudresdenarco, votre source fiable pour acheter du chlorhydrate de 2-FA en ligne. En tant que propri\u00e9taire de poudresdenarco, nous sommes fiers d&rsquo;offrir aux chercheurs des produits de la plus haute qualit\u00e9 et un service client exceptionnel. Dans cet article, nous partagerons les raisons convaincantes pour lesquelles&hellip;<\/p>","protected":false},"featured_media":6151,"comment_status":"open","ping_status":"closed","template":"","meta":{"_joinchat":[]},"product_cat":[558,751],"product_tag":[],"class_list":{"0":"post-4754","1":"product","2":"type-product","3":"status-publish","4":"has-post-thumbnail","6":"product_cat-chimiques-de-recherche","7":"product_cat-stimulants","9":"first","10":"instock","11":"shipping-taxable","12":"purchasable","13":"product-type-variable","14":"col-xs-6 col-sm-4","15":"col-md-3 col-lg-3","16":"un-4-cols"},"yoast_head":"<!-- This site is optimized with the Yoast SEO plugin v23.8 - https:\/\/yoast.com\/wordpress\/plugins\/seo\/ -->\n<title>Acheter 2-FA de Qualit\u00e9 pour la Recherche | Poudres de Narco<\/title>\n<meta name=\"description\" content=\"Fournisseur de 2-FA pour applications scientifiques. Puret\u00e9 garantie pour la recherche en laboratoire chez Poudres de Narco.\" \/>\n<meta name=\"robots\" content=\"index, follow, max-snippet:-1, max-image-preview:large, max-video-preview:-1\" \/>\n<link rel=\"canonical\" href=\"https:\/\/poudresdenarco.com\/en\/product-2\/2-fa\/\" \/>\n<meta property=\"og:locale\" content=\"en_US\" \/>\n<meta property=\"og:type\" content=\"article\" \/>\n<meta property=\"og:title\" content=\"Acheter 2-FA de Qualit\u00e9 pour la Recherche | Poudres de Narco\" \/>\n<meta property=\"og:description\" content=\"Fournisseur de 2-FA pour applications scientifiques. Puret\u00e9 garantie pour la recherche en laboratoire chez Poudres de Narco.\" \/>\n<meta property=\"og:url\" content=\"https:\/\/poudresdenarco.com\/en\/product-2\/2-fa\/\" \/>\n<meta property=\"og:site_name\" content=\"Poudresde Narco\" \/>\n<meta property=\"article:modified_time\" content=\"2024-12-23T10:09:24+00:00\" \/>\n<meta property=\"og:image\" content=\"https:\/\/poudresdenarco.com\/wp-content\/uploads\/2024\/10\/2-FA.gif\" \/>\n\t<meta property=\"og:image:width\" content=\"600\" \/>\n\t<meta property=\"og:image:height\" content=\"600\" \/>\n\t<meta property=\"og:image:type\" content=\"image\/gif\" \/>\n<meta name=\"twitter:card\" content=\"summary_large_image\" \/>\n<meta name=\"twitter:label1\" content=\"Est. reading time\" \/>\n\t<meta name=\"twitter:data1\" content=\"3 minutes\" \/>\n<script type=\"application\/ld+json\" class=\"yoast-schema-graph\">{\"@context\":\"https:\/\/schema.org\",\"@graph\":[{\"@type\":\"WebPage\",\"@id\":\"https:\/\/poudresdenarco.com\/produit\/2-fa\/\",\"url\":\"https:\/\/poudresdenarco.com\/produit\/2-fa\/\",\"name\":\"Acheter 2-FA de Qualit\u00e9 pour la Recherche | Poudres de Narco\",\"isPartOf\":{\"@id\":\"https:\/\/poudresdenarco.com\/#website\"},\"primaryImageOfPage\":{\"@id\":\"https:\/\/poudresdenarco.com\/produit\/2-fa\/#primaryimage\"},\"image\":{\"@id\":\"https:\/\/poudresdenarco.com\/produit\/2-fa\/#primaryimage\"},\"thumbnailUrl\":\"https:\/\/poudresdenarco.com\/wp-content\/uploads\/2024\/10\/2-FA.gif\",\"datePublished\":\"2024-10-16T11:01:47+00:00\",\"dateModified\":\"2024-12-23T10:09:24+00:00\",\"description\":\"Fournisseur de 2-FA pour applications scientifiques. Puret\u00e9 garantie pour la recherche en laboratoire chez Poudres de Narco.\",\"breadcrumb\":{\"@id\":\"https:\/\/poudresdenarco.com\/produit\/2-fa\/#breadcrumb\"},\"inLanguage\":\"en-AU\",\"potentialAction\":[{\"@type\":\"ReadAction\",\"target\":[\"https:\/\/poudresdenarco.com\/produit\/2-fa\/\"]}]},{\"@type\":\"ImageObject\",\"inLanguage\":\"en-AU\",\"@id\":\"https:\/\/poudresdenarco.com\/produit\/2-fa\/#primaryimage\",\"url\":\"https:\/\/poudresdenarco.com\/wp-content\/uploads\/2024\/10\/2-FA.gif\",\"contentUrl\":\"https:\/\/poudresdenarco.com\/wp-content\/uploads\/2024\/10\/2-FA.gif\",\"width\":600,\"height\":600,\"caption\":\"2-FA\"},{\"@type\":\"BreadcrumbList\",\"@id\":\"https:\/\/poudresdenarco.com\/produit\/2-fa\/#breadcrumb\",\"itemListElement\":[{\"@type\":\"ListItem\",\"position\":1,\"name\":\"Home\",\"item\":\"https:\/\/poudresdenarco.com\/\"},{\"@type\":\"ListItem\",\"position\":2,\"name\":\"Boutique\",\"item\":\"https:\/\/poudresdenarco.com\/boutique\/\"},{\"@type\":\"ListItem\",\"position\":3,\"name\":\"2-FA\"}]},{\"@type\":\"WebSite\",\"@id\":\"https:\/\/poudresdenarco.com\/#website\",\"url\":\"https:\/\/poudresdenarco.com\/\",\"name\":\"Poudresde Narco\",\"description\":\"Acheter de la coca\u00efne et de l&#039;h\u00e9ro\u00efne en ligne\",\"potentialAction\":[{\"@type\":\"SearchAction\",\"target\":{\"@type\":\"EntryPoint\",\"urlTemplate\":\"https:\/\/poudresdenarco.com\/?s={search_term_string}\"},\"query-input\":{\"@type\":\"PropertyValueSpecification\",\"valueRequired\":true,\"valueName\":\"search_term_string\"}}],\"inLanguage\":\"en-AU\"}]}<\/script>\n<!-- \/ Yoast SEO plugin. -->","yoast_head_json":{"title":"Acheter 2-FA de Qualit\u00e9 pour la Recherche | Poudres de Narco","description":"Fournisseur de 2-FA pour applications scientifiques. Puret\u00e9 garantie pour la recherche en laboratoire chez Poudres de Narco.","robots":{"index":"index","follow":"follow","max-snippet":"max-snippet:-1","max-image-preview":"max-image-preview:large","max-video-preview":"max-video-preview:-1"},"canonical":"https:\/\/poudresdenarco.com\/en\/product-2\/2-fa\/","og_locale":"en_US","og_type":"article","og_title":"Acheter 2-FA de Qualit\u00e9 pour la Recherche | Poudres de Narco","og_description":"Fournisseur de 2-FA pour applications scientifiques. Puret\u00e9 garantie pour la recherche en laboratoire chez Poudres de Narco.","og_url":"https:\/\/poudresdenarco.com\/en\/product-2\/2-fa\/","og_site_name":"Poudresde Narco","article_modified_time":"2024-12-23T10:09:24+00:00","og_image":[{"width":600,"height":600,"url":"https:\/\/poudresdenarco.com\/wp-content\/uploads\/2024\/10\/2-FA.gif","type":"image\/gif"}],"twitter_card":"summary_large_image","twitter_misc":{"Est. reading time":"3 minutes"},"schema":{"@context":"https:\/\/schema.org","@graph":[{"@type":"WebPage","@id":"https:\/\/poudresdenarco.com\/produit\/2-fa\/","url":"https:\/\/poudresdenarco.com\/produit\/2-fa\/","name":"Acheter 2-FA de Qualit\u00e9 pour la Recherche | Poudres de Narco","isPartOf":{"@id":"https:\/\/poudresdenarco.com\/#website"},"primaryImageOfPage":{"@id":"https:\/\/poudresdenarco.com\/produit\/2-fa\/#primaryimage"},"image":{"@id":"https:\/\/poudresdenarco.com\/produit\/2-fa\/#primaryimage"},"thumbnailUrl":"https:\/\/poudresdenarco.com\/wp-content\/uploads\/2024\/10\/2-FA.gif","datePublished":"2024-10-16T11:01:47+00:00","dateModified":"2024-12-23T10:09:24+00:00","description":"Fournisseur de 2-FA pour applications scientifiques. Puret\u00e9 garantie pour la recherche en laboratoire chez Poudres de Narco.","breadcrumb":{"@id":"https:\/\/poudresdenarco.com\/produit\/2-fa\/#breadcrumb"},"inLanguage":"en-AU","potentialAction":[{"@type":"ReadAction","target":["https:\/\/poudresdenarco.com\/produit\/2-fa\/"]}]},{"@type":"ImageObject","inLanguage":"en-AU","@id":"https:\/\/poudresdenarco.com\/produit\/2-fa\/#primaryimage","url":"https:\/\/poudresdenarco.com\/wp-content\/uploads\/2024\/10\/2-FA.gif","contentUrl":"https:\/\/poudresdenarco.com\/wp-content\/uploads\/2024\/10\/2-FA.gif","width":600,"height":600,"caption":"2-FA"},{"@type":"BreadcrumbList","@id":"https:\/\/poudresdenarco.com\/produit\/2-fa\/#breadcrumb","itemListElement":[{"@type":"ListItem","position":1,"name":"Home","item":"https:\/\/poudresdenarco.com\/"},{"@type":"ListItem","position":2,"name":"Boutique","item":"https:\/\/poudresdenarco.com\/boutique\/"},{"@type":"ListItem","position":3,"name":"2-FA"}]},{"@type":"WebSite","@id":"https:\/\/poudresdenarco.com\/#website","url":"https:\/\/poudresdenarco.com\/","name":"Poudresde Narco","description":"Acheter de la coca\u00efne et de l&#039;h\u00e9ro\u00efne en ligne","potentialAction":[{"@type":"SearchAction","target":{"@type":"EntryPoint","urlTemplate":"https:\/\/poudresdenarco.com\/?s={search_term_string}"},"query-input":{"@type":"PropertyValueSpecification","valueRequired":true,"valueName":"search_term_string"}}],"inLanguage":"en-AU"}]}},"_links":{"self":[{"href":"https:\/\/poudresdenarco.com\/en\/wp-json\/wp\/v2\/product\/4754","targetHints":{"allow":["GET"]}}],"collection":[{"href":"https:\/\/poudresdenarco.com\/en\/wp-json\/wp\/v2\/product"}],"about":[{"href":"https:\/\/poudresdenarco.com\/en\/wp-json\/wp\/v2\/types\/product"}],"replies":[{"embeddable":true,"href":"https:\/\/poudresdenarco.com\/en\/wp-json\/wp\/v2\/comments?post=4754"}],"wp:featuredmedia":[{"embeddable":true,"href":"https:\/\/poudresdenarco.com\/en\/wp-json\/wp\/v2\/media\/6151"}],"wp:attachment":[{"href":"https:\/\/poudresdenarco.com\/en\/wp-json\/wp\/v2\/media?parent=4754"}],"wp:term":[{"taxonomy":"product_cat","embeddable":true,"href":"https:\/\/poudresdenarco.com\/en\/wp-json\/wp\/v2\/product_cat?post=4754"},{"taxonomy":"product_tag","embeddable":true,"href":"https:\/\/poudresdenarco.com\/en\/wp-json\/wp\/v2\/product_tag?post=4754"}],"curies":[{"name":"wp","href":"https:\/\/api.w.org\/{rel}","templated":true}]}}