{"id":4755,"date":"2024-10-16T11:03:16","date_gmt":"2024-10-16T11:03:16","guid":{"rendered":"https:\/\/poudresdenarco.com\/?post_type=product&#038;p=4755"},"modified":"2024-12-23T10:05:08","modified_gmt":"2024-12-23T10:05:08","slug":"2-fma","status":"publish","type":"product","link":"https:\/\/poudresdenarco.com\/en\/product-2\/2-fma\/","title":{"rendered":"2-FMA"},"content":{"rendered":"<h2>Buy 2-FMA hydrochloride online<\/h2>\n<p>Greetings from poudresdenarco, your reliable online retailer of <a href=\"https:\/\/poudresdenarco.com\/en\/product-2\/2-fma\/\">2-FMA<\/a>. As the owners of poudresdenarco, we take great pride in providing researchers with the best supplies and support. In this article we will discuss the strong arguments why you should buy 2-FA Hydrochloride from poudresdenarco and guarantee that we offer international delivery to meet the needs of academics worldwide.<\/p>\n<h3>Top-quality products:<\/h3>\n<p>The quality of our research chemicals is our top priority at <a href=\"https:\/\/poudresdenarco.com\/en\/\">poudresdenarco<\/a>. Strict quality control procedures are used on our 2-FMA hydrochloride to ensure its purity, consistency and proper dosage. We obtain only the highest quality chemicals through our partnerships with reliable manufacturers and suppliers, giving researchers the confidence to carry out their tests. Buy 2-FA hydrochloride from<\/p>\n<h3>You can be sure that poudresdenarco will send you a high-quality product.<\/h3>\n<h3>Complete selection of research chemicals:<\/h3>\n<p>To meet the different needs of researchers, poudresdenarco offers a wide range of research chemicals. We offer a wide selection of top-of-the-range products in our online shop, including <a href=\"https:\/\/en.wikipedia.org\/wiki\/2-Fluoromethamphetamine\">2-FMA<\/a>. We want to be your one-stop shop for all your research chemical needs, whether you're studying chemistry, pharmaceuticals or other scientific subjects. Explore our collection to find fascinating study opportunities.<\/p>\n<p><strong>Buy High Purity 2-FMA for Research - Narco Powders<\/strong><\/p>\n<p>Poudres de Narco offers <strong>High-quality 2-FMA<\/strong>reserved for <strong>laboratory research applications<\/strong>. Designed to meet the requirements of researchers in chemistry and pharmacology, our 2-FMA offers consistent purity and quality, guaranteeing reliable results in a variety of scientific study contexts.<\/p>\n<h3>Why choose 2-FMA from Poudres de Narco?<\/h3>\n<p>As a <strong>supplier of 2-FMA for research<\/strong>Poudres de Narco is committed to offering a quality product that meets the highest standards of scientific research:<\/p>\n<ul>\n<li><strong>Certified Purity<\/strong> Each batch of 2-FMA is tested to ensure optimum purity, essential for accurate research results.<\/li>\n<li><strong>Reliable quality<\/strong> Our 2-FMA is designed to offer consistent performance in the laboratory.<\/li>\n<li><strong>Secure ordering<\/strong> : We make it easier to<strong>purchase of 2-FMA for scientific applications<\/strong> with a secure platform that complies with confidentiality standards.<\/li>\n<\/ul>\n<h3>Applications and Safety Instructions<\/h3>\n<p>Le <strong>2-FMA<\/strong> de Poudres de Narco is used in a variety of scientific studies and laboratory applications. To ensure safe and proper use, we provide strict handling guidelines:<\/p>\n<ul>\n<li><strong>Secure storage<\/strong> Store 2-FMA in a cool, dry place away from light.<\/li>\n<li><strong>Handling<\/strong> Use personal protective equipment (PPE) and work in well-ventilated areas.<\/li>\n<li><strong>For Research Use Only<\/strong> This product is designed for professionals working in a controlled research environment.<\/li>\n<\/ul>\n<h3>Order Quality 2-FMA for Your Scientific Studies<\/h3>\n<p>With Poudres de Narco, you can count on a reliable supply of <strong>High-purity 2-FMA<\/strong> for research. <strong>Contact us<\/strong> for a quote or for more information about our products for laboratory applications.<\/p>\n<p>&nbsp;<\/p>","protected":false},"excerpt":{"rendered":"<p>Achats en ligne de chlorhydrate de 2-FMA Salutations de poudresdenarco, votre d\u00e9taillant en ligne fiable de chlorhydrate de 2-FMA. En tant que propri\u00e9taires de poudresdenarco, nous sommes tr\u00e8s fiers de fournir aux chercheurs les meilleures fournitures et le meilleur soutien. Dans cet article, nous discuterons des arguments solides pour lesquels vous devriez acheter du chlorhydrate&hellip;<\/p>","protected":false},"featured_media":6152,"comment_status":"open","ping_status":"closed","template":"","meta":{"_joinchat":[]},"product_cat":[558,751],"product_tag":[],"class_list":{"0":"post-4755","1":"product","2":"type-product","3":"status-publish","4":"has-post-thumbnail","6":"product_cat-chimiques-de-recherche","7":"product_cat-stimulants","9":"first","10":"instock","11":"shipping-taxable","12":"purchasable","13":"product-type-variable","14":"col-xs-6 col-sm-4","15":"col-md-3 col-lg-3","16":"un-4-cols"},"yoast_head":"<!-- This site is optimized with the Yoast SEO plugin v23.8 - https:\/\/yoast.com\/wordpress\/plugins\/seo\/ -->\n<title>Acheter 2-FMA de Qualit\u00e9 pour la Recherche | Poudres de Narco<\/title>\n<meta name=\"description\" content=\"Fournisseur de 2-FMA pour la recherche scientifique. Puret\u00e9 garantie pour applications en laboratoire chez Poudres de Narco.\" \/>\n<meta name=\"robots\" content=\"index, follow, max-snippet:-1, max-image-preview:large, max-video-preview:-1\" \/>\n<link rel=\"canonical\" href=\"https:\/\/poudresdenarco.com\/en\/product-2\/2-fma\/\" \/>\n<meta property=\"og:locale\" content=\"en_US\" \/>\n<meta property=\"og:type\" content=\"article\" \/>\n<meta property=\"og:title\" content=\"Acheter 2-FMA de Qualit\u00e9 pour la Recherche | Poudres de Narco\" \/>\n<meta property=\"og:description\" content=\"Fournisseur de 2-FMA pour la recherche scientifique. Puret\u00e9 garantie pour applications en laboratoire chez Poudres de Narco.\" \/>\n<meta property=\"og:url\" content=\"https:\/\/poudresdenarco.com\/en\/product-2\/2-fma\/\" \/>\n<meta property=\"og:site_name\" content=\"Poudresde Narco\" \/>\n<meta property=\"article:modified_time\" content=\"2024-12-23T10:05:08+00:00\" \/>\n<meta property=\"og:image\" content=\"https:\/\/poudresdenarco.com\/wp-content\/uploads\/2024\/10\/2-FMA.gif\" \/>\n\t<meta property=\"og:image:width\" content=\"600\" \/>\n\t<meta property=\"og:image:height\" content=\"600\" \/>\n\t<meta property=\"og:image:type\" content=\"image\/gif\" \/>\n<meta name=\"twitter:card\" content=\"summary_large_image\" \/>\n<meta name=\"twitter:label1\" content=\"Est. reading time\" \/>\n\t<meta name=\"twitter:data1\" content=\"3 minutes\" \/>\n<script type=\"application\/ld+json\" class=\"yoast-schema-graph\">{\"@context\":\"https:\/\/schema.org\",\"@graph\":[{\"@type\":\"WebPage\",\"@id\":\"https:\/\/poudresdenarco.com\/produit\/2-fma\/\",\"url\":\"https:\/\/poudresdenarco.com\/produit\/2-fma\/\",\"name\":\"Acheter 2-FMA de Qualit\u00e9 pour la Recherche | Poudres de Narco\",\"isPartOf\":{\"@id\":\"https:\/\/poudresdenarco.com\/#website\"},\"primaryImageOfPage\":{\"@id\":\"https:\/\/poudresdenarco.com\/produit\/2-fma\/#primaryimage\"},\"image\":{\"@id\":\"https:\/\/poudresdenarco.com\/produit\/2-fma\/#primaryimage\"},\"thumbnailUrl\":\"https:\/\/poudresdenarco.com\/wp-content\/uploads\/2024\/10\/2-FMA.gif\",\"datePublished\":\"2024-10-16T11:03:16+00:00\",\"dateModified\":\"2024-12-23T10:05:08+00:00\",\"description\":\"Fournisseur de 2-FMA pour la recherche scientifique. Puret\u00e9 garantie pour applications en laboratoire chez Poudres de Narco.\",\"breadcrumb\":{\"@id\":\"https:\/\/poudresdenarco.com\/produit\/2-fma\/#breadcrumb\"},\"inLanguage\":\"en-AU\",\"potentialAction\":[{\"@type\":\"ReadAction\",\"target\":[\"https:\/\/poudresdenarco.com\/produit\/2-fma\/\"]}]},{\"@type\":\"ImageObject\",\"inLanguage\":\"en-AU\",\"@id\":\"https:\/\/poudresdenarco.com\/produit\/2-fma\/#primaryimage\",\"url\":\"https:\/\/poudresdenarco.com\/wp-content\/uploads\/2024\/10\/2-FMA.gif\",\"contentUrl\":\"https:\/\/poudresdenarco.com\/wp-content\/uploads\/2024\/10\/2-FMA.gif\",\"width\":600,\"height\":600,\"caption\":\"2-FMA\"},{\"@type\":\"BreadcrumbList\",\"@id\":\"https:\/\/poudresdenarco.com\/produit\/2-fma\/#breadcrumb\",\"itemListElement\":[{\"@type\":\"ListItem\",\"position\":1,\"name\":\"Home\",\"item\":\"https:\/\/poudresdenarco.com\/\"},{\"@type\":\"ListItem\",\"position\":2,\"name\":\"Boutique\",\"item\":\"https:\/\/poudresdenarco.com\/boutique\/\"},{\"@type\":\"ListItem\",\"position\":3,\"name\":\"2-FMA\"}]},{\"@type\":\"WebSite\",\"@id\":\"https:\/\/poudresdenarco.com\/#website\",\"url\":\"https:\/\/poudresdenarco.com\/\",\"name\":\"Poudresde Narco\",\"description\":\"Acheter de la coca\u00efne et de l&#039;h\u00e9ro\u00efne en ligne\",\"potentialAction\":[{\"@type\":\"SearchAction\",\"target\":{\"@type\":\"EntryPoint\",\"urlTemplate\":\"https:\/\/poudresdenarco.com\/?s={search_term_string}\"},\"query-input\":{\"@type\":\"PropertyValueSpecification\",\"valueRequired\":true,\"valueName\":\"search_term_string\"}}],\"inLanguage\":\"en-AU\"}]}<\/script>\n<!-- \/ Yoast SEO plugin. -->","yoast_head_json":{"title":"Acheter 2-FMA de Qualit\u00e9 pour la Recherche | Poudres de Narco","description":"Fournisseur de 2-FMA pour la recherche scientifique. Puret\u00e9 garantie pour applications en laboratoire chez Poudres de Narco.","robots":{"index":"index","follow":"follow","max-snippet":"max-snippet:-1","max-image-preview":"max-image-preview:large","max-video-preview":"max-video-preview:-1"},"canonical":"https:\/\/poudresdenarco.com\/en\/product-2\/2-fma\/","og_locale":"en_US","og_type":"article","og_title":"Acheter 2-FMA de Qualit\u00e9 pour la Recherche | Poudres de Narco","og_description":"Fournisseur de 2-FMA pour la recherche scientifique. Puret\u00e9 garantie pour applications en laboratoire chez Poudres de Narco.","og_url":"https:\/\/poudresdenarco.com\/en\/product-2\/2-fma\/","og_site_name":"Poudresde Narco","article_modified_time":"2024-12-23T10:05:08+00:00","og_image":[{"width":600,"height":600,"url":"https:\/\/poudresdenarco.com\/wp-content\/uploads\/2024\/10\/2-FMA.gif","type":"image\/gif"}],"twitter_card":"summary_large_image","twitter_misc":{"Est. reading time":"3 minutes"},"schema":{"@context":"https:\/\/schema.org","@graph":[{"@type":"WebPage","@id":"https:\/\/poudresdenarco.com\/produit\/2-fma\/","url":"https:\/\/poudresdenarco.com\/produit\/2-fma\/","name":"Acheter 2-FMA de Qualit\u00e9 pour la Recherche | Poudres de Narco","isPartOf":{"@id":"https:\/\/poudresdenarco.com\/#website"},"primaryImageOfPage":{"@id":"https:\/\/poudresdenarco.com\/produit\/2-fma\/#primaryimage"},"image":{"@id":"https:\/\/poudresdenarco.com\/produit\/2-fma\/#primaryimage"},"thumbnailUrl":"https:\/\/poudresdenarco.com\/wp-content\/uploads\/2024\/10\/2-FMA.gif","datePublished":"2024-10-16T11:03:16+00:00","dateModified":"2024-12-23T10:05:08+00:00","description":"Fournisseur de 2-FMA pour la recherche scientifique. Puret\u00e9 garantie pour applications en laboratoire chez Poudres de Narco.","breadcrumb":{"@id":"https:\/\/poudresdenarco.com\/produit\/2-fma\/#breadcrumb"},"inLanguage":"en-AU","potentialAction":[{"@type":"ReadAction","target":["https:\/\/poudresdenarco.com\/produit\/2-fma\/"]}]},{"@type":"ImageObject","inLanguage":"en-AU","@id":"https:\/\/poudresdenarco.com\/produit\/2-fma\/#primaryimage","url":"https:\/\/poudresdenarco.com\/wp-content\/uploads\/2024\/10\/2-FMA.gif","contentUrl":"https:\/\/poudresdenarco.com\/wp-content\/uploads\/2024\/10\/2-FMA.gif","width":600,"height":600,"caption":"2-FMA"},{"@type":"BreadcrumbList","@id":"https:\/\/poudresdenarco.com\/produit\/2-fma\/#breadcrumb","itemListElement":[{"@type":"ListItem","position":1,"name":"Home","item":"https:\/\/poudresdenarco.com\/"},{"@type":"ListItem","position":2,"name":"Boutique","item":"https:\/\/poudresdenarco.com\/boutique\/"},{"@type":"ListItem","position":3,"name":"2-FMA"}]},{"@type":"WebSite","@id":"https:\/\/poudresdenarco.com\/#website","url":"https:\/\/poudresdenarco.com\/","name":"Poudresde Narco","description":"Acheter de la coca\u00efne et de l&#039;h\u00e9ro\u00efne en ligne","potentialAction":[{"@type":"SearchAction","target":{"@type":"EntryPoint","urlTemplate":"https:\/\/poudresdenarco.com\/?s={search_term_string}"},"query-input":{"@type":"PropertyValueSpecification","valueRequired":true,"valueName":"search_term_string"}}],"inLanguage":"en-AU"}]}},"_links":{"self":[{"href":"https:\/\/poudresdenarco.com\/en\/wp-json\/wp\/v2\/product\/4755","targetHints":{"allow":["GET"]}}],"collection":[{"href":"https:\/\/poudresdenarco.com\/en\/wp-json\/wp\/v2\/product"}],"about":[{"href":"https:\/\/poudresdenarco.com\/en\/wp-json\/wp\/v2\/types\/product"}],"replies":[{"embeddable":true,"href":"https:\/\/poudresdenarco.com\/en\/wp-json\/wp\/v2\/comments?post=4755"}],"wp:featuredmedia":[{"embeddable":true,"href":"https:\/\/poudresdenarco.com\/en\/wp-json\/wp\/v2\/media\/6152"}],"wp:attachment":[{"href":"https:\/\/poudresdenarco.com\/en\/wp-json\/wp\/v2\/media?parent=4755"}],"wp:term":[{"taxonomy":"product_cat","embeddable":true,"href":"https:\/\/poudresdenarco.com\/en\/wp-json\/wp\/v2\/product_cat?post=4755"},{"taxonomy":"product_tag","embeddable":true,"href":"https:\/\/poudresdenarco.com\/en\/wp-json\/wp\/v2\/product_tag?post=4755"}],"curies":[{"name":"wp","href":"https:\/\/api.w.org\/{rel}","templated":true}]}}